{"id":202385,"date":"2024-06-15T05:10:04","date_gmt":"2024-06-15T02:10:04","guid":{"rendered":"https:\/\/espak.ee\/epood\/?post_type=product&#038;p=202385"},"modified":"2024-08-27T00:00:32","modified_gmt":"2024-08-26T21:00:32","slug":"silikoonkrohv-capatect-fassadenputz-k15-25kg-labipaistev-uus-ainult-toonimiseks","status":"publish","type":"product","link":"https:\/\/espak.ee\/epood\/toode\/silikoonkrohv-capatect-fassadenputz-k15-25kg-labipaistev-uus-ainult-toonimiseks\/","title":{"rendered":"SILIKOONKROHV CAPATECT FASSADENPUTZ K15 25KG L\u00c4BIPAISTEV UUS &#8211; AINULT TOONIMISEKS!"},"content":{"rendered":"<div class=\"row\"  id=\"row-51635508\">\n\n\t<div id=\"col-916051637\" class=\"col medium-9 small-12 large-9\"  >\n\t\t\t\t<div class=\"col-inner\"  >\n\t\t\t\n\t\t\t\n<h2>Kasutusvalmis struktureeritav silikoonkrohv Capatect Fassadenputz K15 25kg l\u00e4bipaistev &#8211; AINULT TOONIMISEKS!<\/h2>\n<p>Kasutusvalmis struktureeritav orgaaniliselt seotud struktuurkrohv.<\/p>\n<p>Kasutatav viimistluskihina:<br \/>\n&#8211; Capatect SILS \u201eB&#8221; s\u00fcsteemis;<br \/>\n&#8211; Capatect-VHF-s\u00fcsteemis, variant B;<br \/>\n&#8211; viimistlemata betoonil;<br \/>\n&#8211; aluskrohvidel ehitussegude r\u00fchmadest P II ja P III, vastavalt standardile DIN 18 550;<br \/>\n&#8211; mattidel hea kandev\u00f5imega dispersioonv\u00e4rvidega pinnakatetel;<br \/>\n&#8211; hea kandev\u00f5imega mineraalsetel pinnakatetel.<\/p>\n<p>Ei sobi kasutamiseks soolaeraldistega aluspindadel ega plastist v\u00f5i puidust aluspindadel. <\/p>\n<div class=\"message-box relative\" style=\"padding-top:15px;padding-bottom:15px;\"><div class=\"message-box-bg-image bg-fill fill\" ><\/div><div class=\"message-box-bg-overlay bg-fill fill\" ><\/div><div class=\"container relative\"><div class=\"inner last-reset\">\n<div class=\"row align-middle align-center\"  id=\"row-175661291\">\n\n\t<div id=\"col-111584685\" class=\"col small-12 large-12\"  >\n\t\t\t\t<div class=\"col-inner text-left\"  >\n\t\t\t\n\t\t\t\n<h4>Omadused<\/h4>\n<div class=\"row\"  id=\"row-45393029\">\n\n\t<div id=\"col-1358065385\" class=\"col medium-6 small-12 large-6\"  >\n\t\t\t\t<div class=\"col-inner\"  >\n\t\t\t\n\t\t\t\n<p><i class=\"fa fa-check fa-2x\"><\/i> <strong> V\u00e4ga h\u00e4sti veeauru l\u00e4bilaskev<\/strong><\/p>\n<p><i class=\"fa fa-check fa-2x\"><\/i> <strong> Ilmastikukindel, vett t\u00f5rjuv<\/strong><\/p>\n<p><i class=\"fa fa-check fa-2x\"><\/i> <strong> Lihtsalt pinnale kantav<\/strong><\/p>\n\t\t<\/div>\n\t\t\t\t\n<style>\n#col-1358065385 > .col-inner {\n  margin: 0px 0px 15px 0px;\n}\n<\/style>\n\t<\/div>\n\n\t\n\n\t<div id=\"col-1518897862\" class=\"col medium-6 small-12 large-6\"  >\n\t\t\t\t<div class=\"col-inner\"  >\n\t\t\t\n\t\t\t\n<p><i class=\"fa fa-check fa-2x\"><\/i> <strong> Keskkonnas\u00e4\u00e4stlik, v\u00e4hese l\u00f5hnaga<\/strong><\/p>\n<p><i class=\"fa fa-check fa-2x\"><\/i> <strong> Vastupidav leelistele, seet\u00f5ttu mitteseebistuv<\/strong><\/p>\n<p><i class=\"fa fa-check fa-2x\"><\/i> <strong> Veega lahjendatav<\/strong><\/p>\n\t\t<\/div>\n\t\t\t\t\n<style>\n#col-1518897862 > .col-inner {\n  margin: 0px 0px 15px 0px;\n}\n<\/style>\n\t<\/div>\n\n\t\n<\/div>\n\t\t<\/div>\n\t\t\t\t\t<\/div>\n\n\t\n<\/div>\n<\/div><\/div><\/div>\n\t<div id=\"gap-1978907097\" class=\"gap-element clearfix\" style=\"display:block; height:auto;\">\n\t\t\n<style>\n#gap-1978907097 {\n  padding-top: 30px;\n}\n<\/style>\n\t<\/div>\n\t\n<p><strong>Aluspind:<\/strong> Aluspind peab olema \u00fchtlane, puhas, kuiv, tugev, kandev ja vaba nakkumist takistavatest ainetest. Kinni tuleb pidada ehitusteenuste t\u00f6\u00f6v\u00f5tu m\u00e4\u00e4rusest (VOB), C-osa, standard DIN 18 363, l\u00f5ik 3. Halva kandev\u00f5imega email-, dispersioonv\u00e4rv- v\u00f5i kunstvaikkrohv-pinnakatted ning halva kandev\u00f5imega mineraalv\u00e4rvkatted tuleb t\u00e4ielikult eemaldada. Kinniolevad v\u00e4rvkatted puhastada kuivalt v\u00f5i m\u00e4rjalt. Hallituse, sambla v\u00f5i vetikatega kaetud pinnad puhastada survepesuga seadusega kehtestatud eeskirju j\u00e4rgides. Pinnad pesta mikrobiotsiidlahusega Capatox ja lasta seej\u00e4rel h\u00e4sti kuivada. T\u00f6\u00f6stuslike heitgaaside ja tahmaga m\u00e4\u00e4rdunud pinnad puhastada survepesuga sobivaid puhastusvahendeid kasutades ja seadusega kehtestatud eeskirju j\u00e4rgides.<\/p>\n<p>Pakendi sisu aeglaselt p\u00f6\u00f6rleva seguriga p\u00f5hjalikult l\u00e4bi segada. Konsistentsi reguleerimiseks v\u00f5ib segu vajaduse korral veega lahjendada; k\u00e4sitsi pealekandmise puhul kuni 1%, pritsiga pealekandmise puhul kuni 2%.<\/p>\n\t\t<\/div>\n\t\t\t\t\t<\/div>\n\n\t\n\n\t<div id=\"col-170271892\" class=\"col medium-3 small-12 large-3\"  >\n\t\t\t\t<div class=\"col-inner\"  >\n\t\t\t\n\t\t\t\n\t<div id=\"gap-456442356\" class=\"gap-element clearfix\" style=\"display:block; height:auto;\">\n\t\t\n<style>\n#gap-456442356 {\n  padding-top: 30px;\n}\n<\/style>\n\t<\/div>\n\t\n<h3>Tehniline informatsioon<\/h3>\n<p><a href=\"https:\/\/espak.ee\/epood\/wp-content\/uploads\/2024\/06\/TI_Capatect-Fassadenputze_R_ja_K_EE.pdf\"target=\"_blank\" rel=\"noopener noreferrer\"><i class=\"far fa-file-pdf\"><\/i> Tehniline info (PDF)<\/a><\/p>\n<div class=\"is-divider divider clearfix\" ><\/div>\n<p><strong>\u00dcksikasjalikuma n\u00f5u saamiseks v\u00f5tke \u00fchendust:<br \/><\/strong>SIA DAW Baltica Eesti filiaal<br \/>L\u00e4ike tee 2\/1<br \/>75312<br \/>Peetri alevik, Rae vald<br \/>+372 6000690<\/p>\n<div class=\"is-divider divider clearfix\" ><\/div>\n\t\t<\/div>\n\t\t\t\t\t<\/div>\n\n\t\n<\/div>\n","protected":false},"excerpt":{"rendered":"","protected":false},"featured_media":202486,"comment_status":"closed","ping_status":"closed","template":"","meta":[],"product_brand":[],"product_cat":[3234,2711,2891,2697],"product_tag":[],"class_list":{"0":"post-202385","1":"product","2":"type-product","3":"status-publish","4":"has-post-thumbnail","6":"product_cat-capatect-fassaadisusteemid","7":"product_cat-fassaadimaterjalid","8":"product_cat-fassaadisusteemid","9":"product_cat-uldehitus","10":"pa_kaubamark-daw-baltica-sia","12":"first","13":"instock","14":"sale","15":"taxable","16":"shipping-taxable","17":"purchasable","18":"product-type-simple"},"yoast_head":"<!-- This site is optimized with the Yoast SEO plugin v26.9 - https:\/\/yoast.com\/product\/yoast-seo-wordpress\/ -->\n<title>SILIKOONKROHV CAPATECT FASSADENPUTZ K15 25KG L\u00c4BIPAISTEV UUS - AINULT TOONIMISEKS! - Espak E-pood<\/title>\n<meta name=\"robots\" content=\"index, follow, max-snippet:-1, max-image-preview:large, max-video-preview:-1\" \/>\n<link rel=\"canonical\" href=\"https:\/\/espak.ee\/epood\/toode\/silikoonkrohv-capatect-fassadenputz-k15-25kg-labipaistev-uus-ainult-toonimiseks\/\" \/>\n<meta property=\"og:locale\" content=\"et_EE\" \/>\n<meta property=\"og:type\" content=\"article\" \/>\n<meta property=\"og:title\" content=\"SILIKOONKROHV CAPATECT FASSADENPUTZ K15 25KG L\u00c4BIPAISTEV UUS - AINULT TOONIMISEKS! - Espak E-pood\" \/>\n<meta property=\"og:url\" content=\"https:\/\/espak.ee\/epood\/toode\/silikoonkrohv-capatect-fassadenputz-k15-25kg-labipaistev-uus-ainult-toonimiseks\/\" \/>\n<meta property=\"og:site_name\" content=\"Espak E-pood\" \/>\n<meta property=\"article:modified_time\" content=\"2024-08-26T21:00:32+00:00\" \/>\n<meta property=\"og:image\" content=\"https:\/\/espak.ee\/epood\/wp-content\/uploads\/2024\/06\/066032_Capatect-Fassadenputz_K15_LT.jpg\" \/>\n\t<meta property=\"og:image:width\" content=\"1000\" \/>\n\t<meta property=\"og:image:height\" content=\"1000\" \/>\n\t<meta property=\"og:image:type\" content=\"image\/jpeg\" \/>\n<meta name=\"twitter:card\" content=\"summary_large_image\" \/>\n<meta name=\"twitter:label1\" content=\"Est. reading time\" \/>\n\t<meta name=\"twitter:data1\" content=\"2 minutit\" \/>\n<script type=\"application\/ld+json\" class=\"yoast-schema-graph\">{\"@context\":\"https:\/\/schema.org\",\"@graph\":[{\"@type\":\"WebPage\",\"@id\":\"https:\/\/espak.ee\/epood\/toode\/silikoonkrohv-capatect-fassadenputz-k15-25kg-labipaistev-uus-ainult-toonimiseks\/\",\"url\":\"https:\/\/espak.ee\/epood\/toode\/silikoonkrohv-capatect-fassadenputz-k15-25kg-labipaistev-uus-ainult-toonimiseks\/\",\"name\":\"SILIKOONKROHV CAPATECT FASSADENPUTZ K15 25KG L\u00c4BIPAISTEV UUS - AINULT TOONIMISEKS! - Espak E-pood\",\"isPartOf\":{\"@id\":\"https:\/\/espak.ee\/epood\/#website\"},\"primaryImageOfPage\":{\"@id\":\"https:\/\/espak.ee\/epood\/toode\/silikoonkrohv-capatect-fassadenputz-k15-25kg-labipaistev-uus-ainult-toonimiseks\/#primaryimage\"},\"image\":{\"@id\":\"https:\/\/espak.ee\/epood\/toode\/silikoonkrohv-capatect-fassadenputz-k15-25kg-labipaistev-uus-ainult-toonimiseks\/#primaryimage\"},\"thumbnailUrl\":\"https:\/\/espak.ee\/epood\/wp-content\/uploads\/2024\/06\/066032_Capatect-Fassadenputz_K15_LT.jpg\",\"datePublished\":\"2024-06-15T02:10:04+00:00\",\"dateModified\":\"2024-08-26T21:00:32+00:00\",\"breadcrumb\":{\"@id\":\"https:\/\/espak.ee\/epood\/toode\/silikoonkrohv-capatect-fassadenputz-k15-25kg-labipaistev-uus-ainult-toonimiseks\/#breadcrumb\"},\"inLanguage\":\"et\",\"potentialAction\":[{\"@type\":\"ReadAction\",\"target\":[\"https:\/\/espak.ee\/epood\/toode\/silikoonkrohv-capatect-fassadenputz-k15-25kg-labipaistev-uus-ainult-toonimiseks\/\"]}]},{\"@type\":\"ImageObject\",\"inLanguage\":\"et\",\"@id\":\"https:\/\/espak.ee\/epood\/toode\/silikoonkrohv-capatect-fassadenputz-k15-25kg-labipaistev-uus-ainult-toonimiseks\/#primaryimage\",\"url\":\"https:\/\/espak.ee\/epood\/wp-content\/uploads\/2024\/06\/066032_Capatect-Fassadenputz_K15_LT.jpg\",\"contentUrl\":\"https:\/\/espak.ee\/epood\/wp-content\/uploads\/2024\/06\/066032_Capatect-Fassadenputz_K15_LT.jpg\",\"width\":1000,\"height\":1000},{\"@type\":\"BreadcrumbList\",\"@id\":\"https:\/\/espak.ee\/epood\/toode\/silikoonkrohv-capatect-fassadenputz-k15-25kg-labipaistev-uus-ainult-toonimiseks\/#breadcrumb\",\"itemListElement\":[{\"@type\":\"ListItem\",\"position\":1,\"name\":\"Home\",\"item\":\"https:\/\/espak.ee\/epood\/\"},{\"@type\":\"ListItem\",\"position\":2,\"name\":\"Tootevalik\",\"item\":\"https:\/\/espak.ee\/epood\/tootevalik\/\"},{\"@type\":\"ListItem\",\"position\":3,\"name\":\"SILIKOONKROHV CAPATECT FASSADENPUTZ K15 25KG L\u00c4BIPAISTEV UUS &#8211; AINULT TOONIMISEKS!\"}]},{\"@type\":\"WebSite\",\"@id\":\"https:\/\/espak.ee\/epood\/#website\",\"url\":\"https:\/\/espak.ee\/epood\/\",\"name\":\"Espak E-pood\",\"description\":\"\",\"potentialAction\":[{\"@type\":\"SearchAction\",\"target\":{\"@type\":\"EntryPoint\",\"urlTemplate\":\"https:\/\/espak.ee\/epood\/?s={search_term_string}\"},\"query-input\":{\"@type\":\"PropertyValueSpecification\",\"valueRequired\":true,\"valueName\":\"search_term_string\"}}],\"inLanguage\":\"et\"}]}<\/script>\n<!-- \/ Yoast SEO plugin. -->","yoast_head_json":{"title":"SILIKOONKROHV CAPATECT FASSADENPUTZ K15 25KG L\u00c4BIPAISTEV UUS - AINULT TOONIMISEKS! - Espak E-pood","robots":{"index":"index","follow":"follow","max-snippet":"max-snippet:-1","max-image-preview":"max-image-preview:large","max-video-preview":"max-video-preview:-1"},"canonical":"https:\/\/espak.ee\/epood\/toode\/silikoonkrohv-capatect-fassadenputz-k15-25kg-labipaistev-uus-ainult-toonimiseks\/","og_locale":"et_EE","og_type":"article","og_title":"SILIKOONKROHV CAPATECT FASSADENPUTZ K15 25KG L\u00c4BIPAISTEV UUS - AINULT TOONIMISEKS! - Espak E-pood","og_url":"https:\/\/espak.ee\/epood\/toode\/silikoonkrohv-capatect-fassadenputz-k15-25kg-labipaistev-uus-ainult-toonimiseks\/","og_site_name":"Espak E-pood","article_modified_time":"2024-08-26T21:00:32+00:00","og_image":[{"width":1000,"height":1000,"url":"https:\/\/espak.ee\/epood\/wp-content\/uploads\/2024\/06\/066032_Capatect-Fassadenputz_K15_LT.jpg","type":"image\/jpeg"}],"twitter_card":"summary_large_image","twitter_misc":{"Est. reading time":"2 minutit"},"schema":{"@context":"https:\/\/schema.org","@graph":[{"@type":"WebPage","@id":"https:\/\/espak.ee\/epood\/toode\/silikoonkrohv-capatect-fassadenputz-k15-25kg-labipaistev-uus-ainult-toonimiseks\/","url":"https:\/\/espak.ee\/epood\/toode\/silikoonkrohv-capatect-fassadenputz-k15-25kg-labipaistev-uus-ainult-toonimiseks\/","name":"SILIKOONKROHV CAPATECT FASSADENPUTZ K15 25KG L\u00c4BIPAISTEV UUS - AINULT TOONIMISEKS! - Espak E-pood","isPartOf":{"@id":"https:\/\/espak.ee\/epood\/#website"},"primaryImageOfPage":{"@id":"https:\/\/espak.ee\/epood\/toode\/silikoonkrohv-capatect-fassadenputz-k15-25kg-labipaistev-uus-ainult-toonimiseks\/#primaryimage"},"image":{"@id":"https:\/\/espak.ee\/epood\/toode\/silikoonkrohv-capatect-fassadenputz-k15-25kg-labipaistev-uus-ainult-toonimiseks\/#primaryimage"},"thumbnailUrl":"https:\/\/espak.ee\/epood\/wp-content\/uploads\/2024\/06\/066032_Capatect-Fassadenputz_K15_LT.jpg","datePublished":"2024-06-15T02:10:04+00:00","dateModified":"2024-08-26T21:00:32+00:00","breadcrumb":{"@id":"https:\/\/espak.ee\/epood\/toode\/silikoonkrohv-capatect-fassadenputz-k15-25kg-labipaistev-uus-ainult-toonimiseks\/#breadcrumb"},"inLanguage":"et","potentialAction":[{"@type":"ReadAction","target":["https:\/\/espak.ee\/epood\/toode\/silikoonkrohv-capatect-fassadenputz-k15-25kg-labipaistev-uus-ainult-toonimiseks\/"]}]},{"@type":"ImageObject","inLanguage":"et","@id":"https:\/\/espak.ee\/epood\/toode\/silikoonkrohv-capatect-fassadenputz-k15-25kg-labipaistev-uus-ainult-toonimiseks\/#primaryimage","url":"https:\/\/espak.ee\/epood\/wp-content\/uploads\/2024\/06\/066032_Capatect-Fassadenputz_K15_LT.jpg","contentUrl":"https:\/\/espak.ee\/epood\/wp-content\/uploads\/2024\/06\/066032_Capatect-Fassadenputz_K15_LT.jpg","width":1000,"height":1000},{"@type":"BreadcrumbList","@id":"https:\/\/espak.ee\/epood\/toode\/silikoonkrohv-capatect-fassadenputz-k15-25kg-labipaistev-uus-ainult-toonimiseks\/#breadcrumb","itemListElement":[{"@type":"ListItem","position":1,"name":"Home","item":"https:\/\/espak.ee\/epood\/"},{"@type":"ListItem","position":2,"name":"Tootevalik","item":"https:\/\/espak.ee\/epood\/tootevalik\/"},{"@type":"ListItem","position":3,"name":"SILIKOONKROHV CAPATECT FASSADENPUTZ K15 25KG L\u00c4BIPAISTEV UUS &#8211; AINULT TOONIMISEKS!"}]},{"@type":"WebSite","@id":"https:\/\/espak.ee\/epood\/#website","url":"https:\/\/espak.ee\/epood\/","name":"Espak E-pood","description":"","potentialAction":[{"@type":"SearchAction","target":{"@type":"EntryPoint","urlTemplate":"https:\/\/espak.ee\/epood\/?s={search_term_string}"},"query-input":{"@type":"PropertyValueSpecification","valueRequired":true,"valueName":"search_term_string"}}],"inLanguage":"et"}]}},"_links":{"self":[{"href":"https:\/\/espak.ee\/epood\/wp-json\/wp\/v2\/product\/202385","targetHints":{"allow":["GET"]}}],"collection":[{"href":"https:\/\/espak.ee\/epood\/wp-json\/wp\/v2\/product"}],"about":[{"href":"https:\/\/espak.ee\/epood\/wp-json\/wp\/v2\/types\/product"}],"replies":[{"embeddable":true,"href":"https:\/\/espak.ee\/epood\/wp-json\/wp\/v2\/comments?post=202385"}],"wp:featuredmedia":[{"embeddable":true,"href":"https:\/\/espak.ee\/epood\/wp-json\/wp\/v2\/media\/202486"}],"wp:attachment":[{"href":"https:\/\/espak.ee\/epood\/wp-json\/wp\/v2\/media?parent=202385"}],"wp:term":[{"taxonomy":"product_brand","embeddable":true,"href":"https:\/\/espak.ee\/epood\/wp-json\/wp\/v2\/product_brand?post=202385"},{"taxonomy":"product_cat","embeddable":true,"href":"https:\/\/espak.ee\/epood\/wp-json\/wp\/v2\/product_cat?post=202385"},{"taxonomy":"product_tag","embeddable":true,"href":"https:\/\/espak.ee\/epood\/wp-json\/wp\/v2\/product_tag?post=202385"}],"curies":[{"name":"wp","href":"https:\/\/api.w.org\/{rel}","templated":true}]}}