{"id":202382,"date":"2024-06-15T05:10:04","date_gmt":"2024-06-15T02:10:04","guid":{"rendered":"https:\/\/espak.ee\/epood\/?post_type=product&#038;p=202382"},"modified":"2025-04-15T17:56:08","modified_gmt":"2025-04-15T14:56:08","slug":"valistingimustes-kasutatav-liim-penosil-speedfix-all-exterior-777-290ml-hall","status":"publish","type":"product","link":"https:\/\/espak.ee\/epood\/toode\/valistingimustes-kasutatav-liim-penosil-speedfix-all-exterior-777-290ml-hall\/","title":{"rendered":"V\u00c4LISTINGIMUSTES KASUTATAV LIIM PENOSIL SPEEDFIX ALL EXTERIOR 777 290ML HALL"},"content":{"rendered":"<div class=\"row\"  id=\"row-203422631\">\n\n\t<div id=\"col-327343945\" class=\"col medium-9 small-12 large-9\"  >\n\t\t\t\t<div class=\"col-inner\"  >\n\t\t\t\n\t\t\t\n<h3>PENOSIL SpeedFix All Exterior 777 v\u00e4listingimustes kasutatav liim 290ml hall<\/h3>\n<p>PENOSIL SpeedFix All Exterior 777 on h\u00fcbriidpol\u00fcmeeril p\u00f5hinev \u00fcldotstarbeline tugeva nakkega liimhermeetik v\u00e4listingimustes kasutamiseks. Sobib paljudele aluspindadele ja saab kasutada m\u00e4rjal pinnal.<\/p>\n<div class=\"message-box relative\" style=\"padding-top:15px;padding-bottom:15px;\"><div class=\"message-box-bg-image bg-fill fill\" ><\/div><div class=\"message-box-bg-overlay bg-fill fill\" ><\/div><div class=\"container relative\"><div class=\"inner last-reset\">\n<div class=\"row align-middle align-center\"  id=\"row-1336647601\">\n\n\t<div id=\"col-730405659\" class=\"col small-12 large-12\"  >\n\t\t\t\t<div class=\"col-inner text-left\"  >\n\t\t\t\n\t\t\t\n<h4>Omadused<\/h4>\n<div class=\"row\"  id=\"row-744707855\">\n\n\t<div id=\"col-885546162\" class=\"col medium-6 small-12 large-6\"  >\n\t\t\t\t<div class=\"col-inner\"  >\n\t\t\t\n\t\t\t\n<p><i class=\"fa fa-check fa-2x\"><\/i> <strong> Ei p\u00f5hjusta metallide korrosiooni<\/strong><\/p>\n<p><i class=\"fa fa-check fa-2x\"><\/i> <strong> Ei kahane kuivamise jooksul<\/strong><\/p>\n<p><i class=\"fa fa-check fa-2x\"><\/i> <strong> Head vibratsiooni- ja m\u00fcrasummutavad omadused<\/strong><\/p>\n<p><i class=\"fa fa-check fa-2x\"><\/i> <strong> UV- ja ilmastikukindel<\/strong><\/p>\n\t\t<\/div>\n\t\t\t\t\n<style>\n#col-885546162 > .col-inner {\n  margin: 0px 0px 15px 0px;\n}\n<\/style>\n\t<\/div>\n\n\t\n\n\t<div id=\"col-1984850782\" class=\"col medium-6 small-12 large-6\"  >\n\t\t\t\t<div class=\"col-inner\"  >\n\t\t\t\n\t\t\t\n<p><i class=\"fa fa-check fa-2x\"><\/i> <strong> V\u00e4rvitav<\/strong><\/p>\n<p><i class=\"fa fa-check fa-2x\"><\/i> <strong> Ei sisalda kahjulikke \u00fchendeid<\/strong><\/p>\n<p><i class=\"fa fa-check fa-2x\"><\/i> <strong> \u00dcldehitust\u00f6\u00f6deks, kus on vaja eriti kiiret esmast naket ja tugevat \u00fchendust<\/strong><\/p>\n\t\t<\/div>\n\t\t\t\t\n<style>\n#col-1984850782 > .col-inner {\n  margin: 0px 0px 15px 0px;\n}\n<\/style>\n\t<\/div>\n\n\t\n<\/div>\n\t\t<\/div>\n\t\t\t\t\t<\/div>\n\n\t\n<\/div>\n<\/div><\/div><\/div>\n\t<div id=\"gap-1772121678\" class=\"gap-element clearfix\" style=\"display:block; height:auto;\">\n\t\t\n<style>\n#gap-1772121678 {\n  padding-top: 30px;\n}\n<\/style>\n\t<\/div>\n\t\n<h3>Kasutamise \u00fcksikasjad<\/h3>\n<p><strong>Kasutusalad:<\/strong><br \/>\n> Metallist, kivist ja puidust elementide liimimiseks<br \/>\n> \u00dcldehitust\u00f6\u00f6deks, kus on vaja eriti kiiret esmast naket ja tugevat \u00fchendust<br \/>\n> Suitsul\u00f5\u00f5ri raami ja aiaposti valgustite tihendamiseks<br \/>\n> Katuse ja aknalaudade tihendamiseks<br \/>\n> Veejuhtmete tihendamiseks<br \/>\n> Majanumbrite ja postkastide seinale kinnitamiseks<br \/>\n> Liimimist\u00f6\u00f6deks, kus peale tugeva nakke on oluline ka liimi vibratsiooni- ja m\u00fcrasummutavaid omadused<\/p>\n<p>Nakkuvus:<br \/>\n> Metall<br \/>\n> Kumm<br \/>\n> Keraamika<br \/>\n> Puit<br \/>\n> Klaas<br \/>\n> Betoon ja m\u00fc\u00fcritis<\/p>\n<p><strong>Kasutusjuhend:<\/strong><br \/>\nL\u00f5igake padruni keermestatud ots lahti ja keerake sellele liimivoolu juhtimiseks paigaldusotsik. L\u00f5igake otsik nii, et ava oleks piisavalt suur vajaliku koguse liimi pealekandmiseks. Pange padrun koos otsikuga p\u00fcstolisse ja pumbake liimimass otsikusse, vajutades korduvalt p\u00fcstoli p\u00e4\u00e4stikut.<\/p>\n<p>Katke \u00fchendatavad pinnad liimiga ja suruge omavahel kokku. Kinnitatud osad vajavad toestamist v\u00e4hemalt 2 tundi, tundlikud osad kuni l\u00f5pliku tardumiseni (tardumiskiirus 3 mm \/ 24 h).<\/p>\n<p><strong>N\u00e4pun\u00e4ited:<\/strong><br \/>\nPaigaldustemperatuuri vahemik alates +5\u00b0C kuni +40\u00b0C.<br \/>\nLiimitavad pinnad peavad olema rasva-, \u00f5li-, tolmu- ja prahivabad.<br \/>\nEnne kasutamist katsetage liimi nakkuvust aluspinnaga, et veenduda toote sobivuses antud rakenduse jaoks.<br \/>\nVeel tardumata liimi eemaldamiseks v\u00f5ite kasutada puhastuslappe PENOSIL Premium Cleaning Wipes v\u00f5i orgaanilisi lahusteid, n\u00e4iteks lakibensiini (White Spirit) v\u00f5i atsetooni. Tardunud liimi v\u00f5ib eemaldada mehaaniliselt.<\/p>\n<p><strong>Kitsendused:<\/strong><br \/>\n> \u00c4rge kasutage akvaariumite ja veealuste vuukide tihendamiseks.<br \/>\n> Mitte kasutada kontaktis looduskiviga.<\/p>\n\t\t<\/div>\n\t\t\t\t\t<\/div>\n\n\t\n\n\t<div id=\"col-1107005929\" class=\"col medium-3 small-12 large-3\"  >\n\t\t\t\t<div class=\"col-inner\"  >\n\t\t\t\n\t\t\t\n<h3>Tehniline informatsioon<\/h3>\n<p><a href=\"https:\/\/espak.ee\/epood\/wp-content\/uploads\/2024\/06\/777_PENOSIL_SpeedFix_All_Exterior_777_TDS_est.pdf\"target=\"_blank\" rel=\"noopener noreferrer\"><i class=\"far fa-file-pdf\"><\/i> Tehniline info (PDF)<\/a><\/p>\n<h3>Ohutuskaart<\/h3>\n<p><a href=\"https:\/\/espak.ee\/epood\/wp-content\/uploads\/2024\/06\/777_Penosil_SpeedFix_All_Exterior_777_SDS_et-EE.pdf\"target=\"_blank\" rel=\"noopener noreferrer\"><i class=\"far fa-file-pdf\"><\/i> Ohutuskaart (PDF)<\/a><\/p>\n<div class=\"is-divider divider clearfix\" ><\/div>\n<p><strong>\u00dcksikasjalikuma n\u00f5u saamiseks v\u00f5tke \u00fchendust:<br \/><\/strong>Wolf Group O\u00dc<br \/>Suur-Paala 6<br \/>13619<br \/>Tallinn<br \/>+372 605 9301<\/p>\n\t\t<\/div>\n\t\t\t\t\t<\/div>\n\n\t\n<\/div>\n","protected":false},"excerpt":{"rendered":"","protected":false},"featured_media":202522,"comment_status":"closed","ping_status":"closed","template":"","meta":[],"product_brand":[],"product_cat":[2703,2708,4846,2683],"product_tag":[],"class_list":{"0":"post-202382","1":"product","2":"type-product","3":"status-publish","4":"has-post-thumbnail","6":"product_cat-ehituskeemia","7":"product_cat-hermeetikud","8":"product_cat-tihendusmassid-vuugitaited","9":"product_cat-viimistluskaubad","11":"first","12":"instock","13":"sale","14":"taxable","15":"shipping-taxable","16":"purchasable","17":"product-type-simple"},"yoast_head":"<!-- This site is optimized with the Yoast SEO plugin v26.9 - https:\/\/yoast.com\/product\/yoast-seo-wordpress\/ -->\n<title>V\u00c4LISTINGIMUSTES KASUTATAV LIIM PENOSIL SPEEDFIX ALL EXTERIOR 777 290ML HALL - Espak E-pood<\/title>\n<meta name=\"robots\" content=\"index, follow, max-snippet:-1, max-image-preview:large, max-video-preview:-1\" \/>\n<link rel=\"canonical\" href=\"https:\/\/espak.ee\/epood\/toode\/valistingimustes-kasutatav-liim-penosil-speedfix-all-exterior-777-290ml-hall\/\" \/>\n<meta property=\"og:locale\" content=\"et_EE\" \/>\n<meta property=\"og:type\" content=\"article\" \/>\n<meta property=\"og:title\" content=\"V\u00c4LISTINGIMUSTES KASUTATAV LIIM PENOSIL SPEEDFIX ALL EXTERIOR 777 290ML HALL - Espak E-pood\" \/>\n<meta property=\"og:url\" content=\"https:\/\/espak.ee\/epood\/toode\/valistingimustes-kasutatav-liim-penosil-speedfix-all-exterior-777-290ml-hall\/\" \/>\n<meta property=\"og:site_name\" content=\"Espak E-pood\" \/>\n<meta property=\"article:modified_time\" content=\"2025-04-15T14:56:08+00:00\" \/>\n<meta property=\"og:image\" content=\"https:\/\/espak.ee\/epood\/wp-content\/uploads\/2024\/06\/777_SpeedFix_All_Exterior_777-EE-FI.png.jpg\" \/>\n\t<meta property=\"og:image:width\" content=\"1000\" \/>\n\t<meta property=\"og:image:height\" content=\"1000\" \/>\n\t<meta property=\"og:image:type\" content=\"image\/jpeg\" \/>\n<meta name=\"twitter:card\" content=\"summary_large_image\" \/>\n<meta name=\"twitter:label1\" content=\"Est. reading time\" \/>\n\t<meta name=\"twitter:data1\" content=\"2 minutit\" \/>\n<script type=\"application\/ld+json\" class=\"yoast-schema-graph\">{\"@context\":\"https:\/\/schema.org\",\"@graph\":[{\"@type\":\"WebPage\",\"@id\":\"https:\/\/espak.ee\/epood\/toode\/valistingimustes-kasutatav-liim-penosil-speedfix-all-exterior-777-290ml-hall\/\",\"url\":\"https:\/\/espak.ee\/epood\/toode\/valistingimustes-kasutatav-liim-penosil-speedfix-all-exterior-777-290ml-hall\/\",\"name\":\"V\u00c4LISTINGIMUSTES KASUTATAV LIIM PENOSIL SPEEDFIX ALL EXTERIOR 777 290ML HALL - Espak E-pood\",\"isPartOf\":{\"@id\":\"https:\/\/espak.ee\/epood\/#website\"},\"primaryImageOfPage\":{\"@id\":\"https:\/\/espak.ee\/epood\/toode\/valistingimustes-kasutatav-liim-penosil-speedfix-all-exterior-777-290ml-hall\/#primaryimage\"},\"image\":{\"@id\":\"https:\/\/espak.ee\/epood\/toode\/valistingimustes-kasutatav-liim-penosil-speedfix-all-exterior-777-290ml-hall\/#primaryimage\"},\"thumbnailUrl\":\"https:\/\/espak.ee\/epood\/wp-content\/uploads\/2024\/06\/777_SpeedFix_All_Exterior_777-EE-FI.png.jpg\",\"datePublished\":\"2024-06-15T02:10:04+00:00\",\"dateModified\":\"2025-04-15T14:56:08+00:00\",\"breadcrumb\":{\"@id\":\"https:\/\/espak.ee\/epood\/toode\/valistingimustes-kasutatav-liim-penosil-speedfix-all-exterior-777-290ml-hall\/#breadcrumb\"},\"inLanguage\":\"et\",\"potentialAction\":[{\"@type\":\"ReadAction\",\"target\":[\"https:\/\/espak.ee\/epood\/toode\/valistingimustes-kasutatav-liim-penosil-speedfix-all-exterior-777-290ml-hall\/\"]}]},{\"@type\":\"ImageObject\",\"inLanguage\":\"et\",\"@id\":\"https:\/\/espak.ee\/epood\/toode\/valistingimustes-kasutatav-liim-penosil-speedfix-all-exterior-777-290ml-hall\/#primaryimage\",\"url\":\"https:\/\/espak.ee\/epood\/wp-content\/uploads\/2024\/06\/777_SpeedFix_All_Exterior_777-EE-FI.png.jpg\",\"contentUrl\":\"https:\/\/espak.ee\/epood\/wp-content\/uploads\/2024\/06\/777_SpeedFix_All_Exterior_777-EE-FI.png.jpg\",\"width\":1000,\"height\":1000},{\"@type\":\"BreadcrumbList\",\"@id\":\"https:\/\/espak.ee\/epood\/toode\/valistingimustes-kasutatav-liim-penosil-speedfix-all-exterior-777-290ml-hall\/#breadcrumb\",\"itemListElement\":[{\"@type\":\"ListItem\",\"position\":1,\"name\":\"Home\",\"item\":\"https:\/\/espak.ee\/epood\/\"},{\"@type\":\"ListItem\",\"position\":2,\"name\":\"Tootevalik\",\"item\":\"https:\/\/espak.ee\/epood\/tootevalik\/\"},{\"@type\":\"ListItem\",\"position\":3,\"name\":\"V\u00c4LISTINGIMUSTES KASUTATAV LIIM PENOSIL SPEEDFIX ALL EXTERIOR 777 290ML HALL\"}]},{\"@type\":\"WebSite\",\"@id\":\"https:\/\/espak.ee\/epood\/#website\",\"url\":\"https:\/\/espak.ee\/epood\/\",\"name\":\"Espak E-pood\",\"description\":\"\",\"potentialAction\":[{\"@type\":\"SearchAction\",\"target\":{\"@type\":\"EntryPoint\",\"urlTemplate\":\"https:\/\/espak.ee\/epood\/?s={search_term_string}\"},\"query-input\":{\"@type\":\"PropertyValueSpecification\",\"valueRequired\":true,\"valueName\":\"search_term_string\"}}],\"inLanguage\":\"et\"}]}<\/script>\n<!-- \/ Yoast SEO plugin. -->","yoast_head_json":{"title":"V\u00c4LISTINGIMUSTES KASUTATAV LIIM PENOSIL SPEEDFIX ALL EXTERIOR 777 290ML HALL - Espak E-pood","robots":{"index":"index","follow":"follow","max-snippet":"max-snippet:-1","max-image-preview":"max-image-preview:large","max-video-preview":"max-video-preview:-1"},"canonical":"https:\/\/espak.ee\/epood\/toode\/valistingimustes-kasutatav-liim-penosil-speedfix-all-exterior-777-290ml-hall\/","og_locale":"et_EE","og_type":"article","og_title":"V\u00c4LISTINGIMUSTES KASUTATAV LIIM PENOSIL SPEEDFIX ALL EXTERIOR 777 290ML HALL - Espak E-pood","og_url":"https:\/\/espak.ee\/epood\/toode\/valistingimustes-kasutatav-liim-penosil-speedfix-all-exterior-777-290ml-hall\/","og_site_name":"Espak E-pood","article_modified_time":"2025-04-15T14:56:08+00:00","og_image":[{"width":1000,"height":1000,"url":"https:\/\/espak.ee\/epood\/wp-content\/uploads\/2024\/06\/777_SpeedFix_All_Exterior_777-EE-FI.png.jpg","type":"image\/jpeg"}],"twitter_card":"summary_large_image","twitter_misc":{"Est. reading time":"2 minutit"},"schema":{"@context":"https:\/\/schema.org","@graph":[{"@type":"WebPage","@id":"https:\/\/espak.ee\/epood\/toode\/valistingimustes-kasutatav-liim-penosil-speedfix-all-exterior-777-290ml-hall\/","url":"https:\/\/espak.ee\/epood\/toode\/valistingimustes-kasutatav-liim-penosil-speedfix-all-exterior-777-290ml-hall\/","name":"V\u00c4LISTINGIMUSTES KASUTATAV LIIM PENOSIL SPEEDFIX ALL EXTERIOR 777 290ML HALL - Espak E-pood","isPartOf":{"@id":"https:\/\/espak.ee\/epood\/#website"},"primaryImageOfPage":{"@id":"https:\/\/espak.ee\/epood\/toode\/valistingimustes-kasutatav-liim-penosil-speedfix-all-exterior-777-290ml-hall\/#primaryimage"},"image":{"@id":"https:\/\/espak.ee\/epood\/toode\/valistingimustes-kasutatav-liim-penosil-speedfix-all-exterior-777-290ml-hall\/#primaryimage"},"thumbnailUrl":"https:\/\/espak.ee\/epood\/wp-content\/uploads\/2024\/06\/777_SpeedFix_All_Exterior_777-EE-FI.png.jpg","datePublished":"2024-06-15T02:10:04+00:00","dateModified":"2025-04-15T14:56:08+00:00","breadcrumb":{"@id":"https:\/\/espak.ee\/epood\/toode\/valistingimustes-kasutatav-liim-penosil-speedfix-all-exterior-777-290ml-hall\/#breadcrumb"},"inLanguage":"et","potentialAction":[{"@type":"ReadAction","target":["https:\/\/espak.ee\/epood\/toode\/valistingimustes-kasutatav-liim-penosil-speedfix-all-exterior-777-290ml-hall\/"]}]},{"@type":"ImageObject","inLanguage":"et","@id":"https:\/\/espak.ee\/epood\/toode\/valistingimustes-kasutatav-liim-penosil-speedfix-all-exterior-777-290ml-hall\/#primaryimage","url":"https:\/\/espak.ee\/epood\/wp-content\/uploads\/2024\/06\/777_SpeedFix_All_Exterior_777-EE-FI.png.jpg","contentUrl":"https:\/\/espak.ee\/epood\/wp-content\/uploads\/2024\/06\/777_SpeedFix_All_Exterior_777-EE-FI.png.jpg","width":1000,"height":1000},{"@type":"BreadcrumbList","@id":"https:\/\/espak.ee\/epood\/toode\/valistingimustes-kasutatav-liim-penosil-speedfix-all-exterior-777-290ml-hall\/#breadcrumb","itemListElement":[{"@type":"ListItem","position":1,"name":"Home","item":"https:\/\/espak.ee\/epood\/"},{"@type":"ListItem","position":2,"name":"Tootevalik","item":"https:\/\/espak.ee\/epood\/tootevalik\/"},{"@type":"ListItem","position":3,"name":"V\u00c4LISTINGIMUSTES KASUTATAV LIIM PENOSIL SPEEDFIX ALL EXTERIOR 777 290ML HALL"}]},{"@type":"WebSite","@id":"https:\/\/espak.ee\/epood\/#website","url":"https:\/\/espak.ee\/epood\/","name":"Espak E-pood","description":"","potentialAction":[{"@type":"SearchAction","target":{"@type":"EntryPoint","urlTemplate":"https:\/\/espak.ee\/epood\/?s={search_term_string}"},"query-input":{"@type":"PropertyValueSpecification","valueRequired":true,"valueName":"search_term_string"}}],"inLanguage":"et"}]}},"_links":{"self":[{"href":"https:\/\/espak.ee\/epood\/wp-json\/wp\/v2\/product\/202382","targetHints":{"allow":["GET"]}}],"collection":[{"href":"https:\/\/espak.ee\/epood\/wp-json\/wp\/v2\/product"}],"about":[{"href":"https:\/\/espak.ee\/epood\/wp-json\/wp\/v2\/types\/product"}],"replies":[{"embeddable":true,"href":"https:\/\/espak.ee\/epood\/wp-json\/wp\/v2\/comments?post=202382"}],"wp:featuredmedia":[{"embeddable":true,"href":"https:\/\/espak.ee\/epood\/wp-json\/wp\/v2\/media\/202522"}],"wp:attachment":[{"href":"https:\/\/espak.ee\/epood\/wp-json\/wp\/v2\/media?parent=202382"}],"wp:term":[{"taxonomy":"product_brand","embeddable":true,"href":"https:\/\/espak.ee\/epood\/wp-json\/wp\/v2\/product_brand?post=202382"},{"taxonomy":"product_cat","embeddable":true,"href":"https:\/\/espak.ee\/epood\/wp-json\/wp\/v2\/product_cat?post=202382"},{"taxonomy":"product_tag","embeddable":true,"href":"https:\/\/espak.ee\/epood\/wp-json\/wp\/v2\/product_tag?post=202382"}],"curies":[{"name":"wp","href":"https:\/\/api.w.org\/{rel}","templated":true}]}}