{"id":202275,"date":"2024-06-14T05:10:03","date_gmt":"2024-06-14T02:10:03","guid":{"rendered":"https:\/\/espak.ee\/epood\/?post_type=product&#038;p=202275"},"modified":"2026-03-21T09:25:15","modified_gmt":"2026-03-21T07:25:15","slug":"kruntvarv-villa-akva-primer-ap-09l","status":"publish","type":"product","link":"https:\/\/espak.ee\/epood\/toode\/kruntvarv-villa-akva-primer-ap-09l\/","title":{"rendered":"KRUNTV\u00c4RV VILLA AKVA PRIMER AP 0,9L"},"content":{"rendered":"<div class=\"row\"  id=\"row-1500028676\">\n\n\t<div id=\"col-2022406488\" class=\"col medium-9 small-12 large-9\"  >\n\t\t\t\t<div class=\"col-inner\"  >\n\t\t\t\n\t\t\t\n<h2>Kruntv\u00e4rv Villa Akva Primer AP 0,9L<\/h2>\n<p>Villa Akva Primer on veep\u00f5hine pol\u00fcakr\u00fclaat kruntv\u00e4rv t\u00f6\u00f6tlemata v\u00f5i t\u00f6\u00f6stuslikult krunditud v\u00f5i varem v\u00e4lisv\u00e4rviga t\u00f6\u00f6deldud puitpindadele enne pinnav\u00e4rvimist Villa Akva puitmajav\u00e4rviga.<\/p>\n<div class=\"message-box relative\" style=\"padding-top:15px;padding-bottom:15px;\"><div class=\"message-box-bg-image bg-fill fill\" ><\/div><div class=\"message-box-bg-overlay bg-fill fill\" ><\/div><div class=\"container relative\"><div class=\"inner last-reset\">\n<div class=\"row align-middle align-center\"  id=\"row-1198152401\">\n\n\t<div id=\"col-616035652\" class=\"col small-12 large-12\"  >\n\t\t\t\t<div class=\"col-inner text-left\"  >\n\t\t\t\n\t\t\t\n<h4>Omadused<\/h4>\n<div class=\"row\"  id=\"row-694988388\">\n\n\t<div id=\"col-685410276\" class=\"col medium-6 small-12 large-6\"  >\n\t\t\t\t<div class=\"col-inner\"  >\n\t\t\t\n\t\t\t\n<p><i class=\"fa fa-check fa-2x\"><\/i> <strong> Kruntv\u00e4rv + pinnav\u00e4rv tagab parema vastupidavuse<\/strong><\/p>\n<p><i class=\"fa fa-check fa-2x\"><\/i> <strong> Aeglustab puidu ekstraktiivainete l\u00e4bi imbumist<\/strong><\/p>\n\t\t<\/div>\n\t\t\t\t\n<style>\n#col-685410276 > .col-inner {\n  margin: 10px 0px 15px 0px;\n}\n<\/style>\n\t<\/div>\n\n\t\n\n\t<div id=\"col-1863449290\" class=\"col medium-6 small-12 large-6\"  >\n\t\t\t\t<div class=\"col-inner\"  >\n\t\t\t\n\t\t\t\n<p><i class=\"fa fa-check fa-2x\"><\/i> <strong> Moodustab viimistlusv\u00e4rviga h\u00e4sti nakkuva pinna<\/strong><\/p>\n\t\t<\/div>\n\t\t\t\t\n<style>\n#col-1863449290 > .col-inner {\n  margin: 0px 0px 15px 0px;\n}\n<\/style>\n\t<\/div>\n\n\t\n<\/div>\n\t\t<\/div>\n\t\t\t\t\t<\/div>\n\n\t\n<\/div>\n<\/div><\/div><\/div>\n\t<div id=\"gap-1454619633\" class=\"gap-element clearfix\" style=\"display:block; height:auto;\">\n\t\t\n<style>\n#gap-1454619633 {\n  padding-top: 30px;\n}\n<\/style>\n\t<\/div>\n\t\n<p><strong>Pinna ettevalmistamine:<\/strong><br \/>\n V\u00e4rvimata pinnad: Puhasta pind tolmust ja mustusest. Pese rasvased ja m\u00e4\u00e4rdunud pinnad puhastusvahendiga Vivacolor Special Clean vastavalt kasutusjuhendile. Hallitanud pinnad pese Tikkurila Homeenpoisto pesuvahendiga vastavalt kasutusjuhendile. Krundi uued puitpinnad juba v\u00f5imalikult varajases ehitusfaasis Villa Protekt puiduimmutusainega. Naelapead ja muud metallosad krundi sobiva korrosioonivastase kruntv\u00e4rviga. Eemalda lahtine vaik oksakohtadest.<br \/>\n Varem v\u00e4rvitud pinnad: Eemalda lahtine v\u00e4rv kaaprauaga ja harja pind terasharjaga puhtaks. Pese rasvased ja m\u00e4\u00e4rdunud pinnad puhastusvahendiga Special Clean vastavalt kasutusjuhendile. Hallitanud pinnad pese Tikkurila Homeenpoisto pesuvahendiga vastavalt kasutusjuhendile. Krundi pind Villa Protekt puiduimmutusainega. Naelapead ja muud metallosad krundi sobiva korrosioonivastase kruntv\u00e4rviga. Eemalda lahtine vaik oksakohtadest.<\/p>\n<p><strong>Viimistlemine: <\/strong>Sega Villa Akva Primer kruntv\u00e4rv enne kasutamist hoolikalt l\u00e4bi ja kanna puhtale puitpinnale 1 kiht. Eriti hoolikalt t\u00f6\u00f6tle puitmaterjali servad ja otsmised pinnad. Pinnav\u00e4rvimine teha 1-2-korda Villa Akva v\u00e4rviga s\u00f5ltuvalt aluspinna l\u00e4bikumavusest ja seisukorrast. NB! Enne t\u00f6\u00f6 alustamist kata kinni pinnad mida ei kavatse v\u00e4rvida ning ka \u00fcmbritsevad taimed ja p\u00f5\u00f5sad, et kaitsta neid v\u00e4rvi pritsmete eest. Viimistlusv\u00e4rvimine tuleks teha v\u00f5imalikult kiiresti peale kruntimist, hiljemalt 10 kuu m\u00f6\u00f6dudes. Puit sisaldab vaiku, eriti oksakohtade \u00fcmber, mis v\u00f5ib temperatuuri ja niiskuse k\u00f5ikumise t\u00f5ttu p\u00f5hjustada v\u00e4rvitud pinnal v\u00e4rvimuutusi. Krundi kasutamine v\u00e4hendab v\u00e4rvimuutusi.<\/p>\n\t\t<\/div>\n\t\t\t\t\t<\/div>\n\n\t\n\n\t<div id=\"col-2016045984\" class=\"col medium-3 small-12 large-3\"  >\n\t\t\t\t<div class=\"col-inner\"  >\n\t\t\t\n\t\t\t\n\t<div id=\"gap-1573792363\" class=\"gap-element clearfix\" style=\"display:block; height:auto;\">\n\t\t\n<style>\n#gap-1573792363 {\n  padding-top: 30px;\n}\n<\/style>\n\t<\/div>\n\t\n<h3>Tehniline informatsioon<\/h3>\n<p><a href=\"https:\/\/espak.ee\/epood\/wp-content\/uploads\/2024\/06\/Villa_Akva_Primer_ET_PDS_Vivacolor.pdf\"target=\"_blank\" rel=\"noopener noreferrer\"><i class=\"far fa-file-pdf\"><\/i> Tehniline info (PDF)<\/a><\/p>\n<h3>Ohutuskaart<\/h3>\n<p><a href=\"https:\/\/espak.ee\/epood\/wp-content\/uploads\/2024\/06\/VILLA-AKVA-OK.pdf\"target=\"_blank\" rel=\"noopener noreferrer\"><i class=\"far fa-file-pdf\"><\/i> Ohutuskaart (PDF)<\/a><\/p>\n<div class=\"is-divider divider clearfix\" ><\/div>\n<h3>K\u00fcsi v\u00e4rvimisalast n\u00f5u:<\/h3>\n<p><a href=\"https:\/\/www.vivacolor.ee\/varviliin\" target=\"_blank\" rel=\"noopener noreferrer\"><img decoding=\"async\" class=\"alignnone size-full\" src=\"https:\/\/espak.ee\/epood\/wp-content\/uploads\/2023\/05\/TIK_Color_Line_EST2022_vert_BG_turqoise.jpg\" alt=\"\" width=\"158\" height=\"234\" \/><\/a><\/p>\n\t\t<\/div>\n\t\t\t\t\t<\/div>\n\n\t\n<\/div>\n","protected":false},"excerpt":{"rendered":"","protected":false},"featured_media":202294,"comment_status":"closed","ping_status":"closed","template":"","meta":[],"product_brand":[],"product_cat":[2690,2685,2684,2683],"product_tag":[],"class_list":{"0":"post-202275","1":"product","2":"type-product","3":"status-publish","4":"has-post-thumbnail","6":"product_cat-puiduvarvid","7":"product_cat-varvid","8":"product_cat-varvid-lakid-lahustid-puidukaitsed-olid","9":"product_cat-viimistluskaubad","11":"first","12":"instock","13":"sale","14":"taxable","15":"shipping-taxable","16":"purchasable","17":"product-type-simple"},"yoast_head":"<!-- This site is optimized with the Yoast SEO plugin v26.9 - https:\/\/yoast.com\/product\/yoast-seo-wordpress\/ -->\n<title>KRUNTV\u00c4RV VILLA AKVA PRIMER AP 0,9L - Espak E-pood<\/title>\n<meta name=\"robots\" content=\"index, follow, max-snippet:-1, max-image-preview:large, max-video-preview:-1\" \/>\n<link rel=\"canonical\" href=\"https:\/\/espak.ee\/epood\/toode\/kruntvarv-villa-akva-primer-ap-09l\/\" \/>\n<meta property=\"og:locale\" content=\"et_EE\" \/>\n<meta property=\"og:type\" content=\"article\" \/>\n<meta property=\"og:title\" content=\"KRUNTV\u00c4RV VILLA AKVA PRIMER AP 0,9L - Espak E-pood\" \/>\n<meta property=\"og:url\" content=\"https:\/\/espak.ee\/epood\/toode\/kruntvarv-villa-akva-primer-ap-09l\/\" \/>\n<meta property=\"og:site_name\" content=\"Espak E-pood\" \/>\n<meta property=\"article:modified_time\" content=\"2026-03-21T07:25:15+00:00\" \/>\n<meta property=\"og:image\" content=\"https:\/\/espak.ee\/epood\/wp-content\/uploads\/2024\/06\/Vivacolor_Villa-AkvaPrimer_09L.jpg\" \/>\n\t<meta property=\"og:image:width\" content=\"1000\" \/>\n\t<meta property=\"og:image:height\" content=\"1000\" \/>\n\t<meta property=\"og:image:type\" content=\"image\/jpeg\" \/>\n<meta name=\"twitter:card\" content=\"summary_large_image\" \/>\n<meta name=\"twitter:label1\" content=\"Est. reading time\" \/>\n\t<meta name=\"twitter:data1\" content=\"2 minutit\" \/>\n<script type=\"application\/ld+json\" class=\"yoast-schema-graph\">{\"@context\":\"https:\/\/schema.org\",\"@graph\":[{\"@type\":\"WebPage\",\"@id\":\"https:\/\/espak.ee\/epood\/toode\/kruntvarv-villa-akva-primer-ap-09l\/\",\"url\":\"https:\/\/espak.ee\/epood\/toode\/kruntvarv-villa-akva-primer-ap-09l\/\",\"name\":\"KRUNTV\u00c4RV VILLA AKVA PRIMER AP 0,9L - Espak E-pood\",\"isPartOf\":{\"@id\":\"https:\/\/espak.ee\/epood\/#website\"},\"primaryImageOfPage\":{\"@id\":\"https:\/\/espak.ee\/epood\/toode\/kruntvarv-villa-akva-primer-ap-09l\/#primaryimage\"},\"image\":{\"@id\":\"https:\/\/espak.ee\/epood\/toode\/kruntvarv-villa-akva-primer-ap-09l\/#primaryimage\"},\"thumbnailUrl\":\"https:\/\/espak.ee\/epood\/wp-content\/uploads\/2024\/06\/Vivacolor_Villa-AkvaPrimer_09L.jpg\",\"datePublished\":\"2024-06-14T02:10:03+00:00\",\"dateModified\":\"2026-03-21T07:25:15+00:00\",\"breadcrumb\":{\"@id\":\"https:\/\/espak.ee\/epood\/toode\/kruntvarv-villa-akva-primer-ap-09l\/#breadcrumb\"},\"inLanguage\":\"et\",\"potentialAction\":[{\"@type\":\"ReadAction\",\"target\":[\"https:\/\/espak.ee\/epood\/toode\/kruntvarv-villa-akva-primer-ap-09l\/\"]}]},{\"@type\":\"ImageObject\",\"inLanguage\":\"et\",\"@id\":\"https:\/\/espak.ee\/epood\/toode\/kruntvarv-villa-akva-primer-ap-09l\/#primaryimage\",\"url\":\"https:\/\/espak.ee\/epood\/wp-content\/uploads\/2024\/06\/Vivacolor_Villa-AkvaPrimer_09L.jpg\",\"contentUrl\":\"https:\/\/espak.ee\/epood\/wp-content\/uploads\/2024\/06\/Vivacolor_Villa-AkvaPrimer_09L.jpg\",\"width\":1000,\"height\":1000},{\"@type\":\"BreadcrumbList\",\"@id\":\"https:\/\/espak.ee\/epood\/toode\/kruntvarv-villa-akva-primer-ap-09l\/#breadcrumb\",\"itemListElement\":[{\"@type\":\"ListItem\",\"position\":1,\"name\":\"Home\",\"item\":\"https:\/\/espak.ee\/epood\/\"},{\"@type\":\"ListItem\",\"position\":2,\"name\":\"Tootevalik\",\"item\":\"https:\/\/espak.ee\/epood\/tootevalik\/\"},{\"@type\":\"ListItem\",\"position\":3,\"name\":\"KRUNTV\u00c4RV VILLA AKVA PRIMER AP 0,9L\"}]},{\"@type\":\"WebSite\",\"@id\":\"https:\/\/espak.ee\/epood\/#website\",\"url\":\"https:\/\/espak.ee\/epood\/\",\"name\":\"Espak E-pood\",\"description\":\"\",\"potentialAction\":[{\"@type\":\"SearchAction\",\"target\":{\"@type\":\"EntryPoint\",\"urlTemplate\":\"https:\/\/espak.ee\/epood\/?s={search_term_string}\"},\"query-input\":{\"@type\":\"PropertyValueSpecification\",\"valueRequired\":true,\"valueName\":\"search_term_string\"}}],\"inLanguage\":\"et\"}]}<\/script>\n<!-- \/ Yoast SEO plugin. -->","yoast_head_json":{"title":"KRUNTV\u00c4RV VILLA AKVA PRIMER AP 0,9L - Espak E-pood","robots":{"index":"index","follow":"follow","max-snippet":"max-snippet:-1","max-image-preview":"max-image-preview:large","max-video-preview":"max-video-preview:-1"},"canonical":"https:\/\/espak.ee\/epood\/toode\/kruntvarv-villa-akva-primer-ap-09l\/","og_locale":"et_EE","og_type":"article","og_title":"KRUNTV\u00c4RV VILLA AKVA PRIMER AP 0,9L - Espak E-pood","og_url":"https:\/\/espak.ee\/epood\/toode\/kruntvarv-villa-akva-primer-ap-09l\/","og_site_name":"Espak E-pood","article_modified_time":"2026-03-21T07:25:15+00:00","og_image":[{"width":1000,"height":1000,"url":"https:\/\/espak.ee\/epood\/wp-content\/uploads\/2024\/06\/Vivacolor_Villa-AkvaPrimer_09L.jpg","type":"image\/jpeg"}],"twitter_card":"summary_large_image","twitter_misc":{"Est. reading time":"2 minutit"},"schema":{"@context":"https:\/\/schema.org","@graph":[{"@type":"WebPage","@id":"https:\/\/espak.ee\/epood\/toode\/kruntvarv-villa-akva-primer-ap-09l\/","url":"https:\/\/espak.ee\/epood\/toode\/kruntvarv-villa-akva-primer-ap-09l\/","name":"KRUNTV\u00c4RV VILLA AKVA PRIMER AP 0,9L - Espak E-pood","isPartOf":{"@id":"https:\/\/espak.ee\/epood\/#website"},"primaryImageOfPage":{"@id":"https:\/\/espak.ee\/epood\/toode\/kruntvarv-villa-akva-primer-ap-09l\/#primaryimage"},"image":{"@id":"https:\/\/espak.ee\/epood\/toode\/kruntvarv-villa-akva-primer-ap-09l\/#primaryimage"},"thumbnailUrl":"https:\/\/espak.ee\/epood\/wp-content\/uploads\/2024\/06\/Vivacolor_Villa-AkvaPrimer_09L.jpg","datePublished":"2024-06-14T02:10:03+00:00","dateModified":"2026-03-21T07:25:15+00:00","breadcrumb":{"@id":"https:\/\/espak.ee\/epood\/toode\/kruntvarv-villa-akva-primer-ap-09l\/#breadcrumb"},"inLanguage":"et","potentialAction":[{"@type":"ReadAction","target":["https:\/\/espak.ee\/epood\/toode\/kruntvarv-villa-akva-primer-ap-09l\/"]}]},{"@type":"ImageObject","inLanguage":"et","@id":"https:\/\/espak.ee\/epood\/toode\/kruntvarv-villa-akva-primer-ap-09l\/#primaryimage","url":"https:\/\/espak.ee\/epood\/wp-content\/uploads\/2024\/06\/Vivacolor_Villa-AkvaPrimer_09L.jpg","contentUrl":"https:\/\/espak.ee\/epood\/wp-content\/uploads\/2024\/06\/Vivacolor_Villa-AkvaPrimer_09L.jpg","width":1000,"height":1000},{"@type":"BreadcrumbList","@id":"https:\/\/espak.ee\/epood\/toode\/kruntvarv-villa-akva-primer-ap-09l\/#breadcrumb","itemListElement":[{"@type":"ListItem","position":1,"name":"Home","item":"https:\/\/espak.ee\/epood\/"},{"@type":"ListItem","position":2,"name":"Tootevalik","item":"https:\/\/espak.ee\/epood\/tootevalik\/"},{"@type":"ListItem","position":3,"name":"KRUNTV\u00c4RV VILLA AKVA PRIMER AP 0,9L"}]},{"@type":"WebSite","@id":"https:\/\/espak.ee\/epood\/#website","url":"https:\/\/espak.ee\/epood\/","name":"Espak E-pood","description":"","potentialAction":[{"@type":"SearchAction","target":{"@type":"EntryPoint","urlTemplate":"https:\/\/espak.ee\/epood\/?s={search_term_string}"},"query-input":{"@type":"PropertyValueSpecification","valueRequired":true,"valueName":"search_term_string"}}],"inLanguage":"et"}]}},"_links":{"self":[{"href":"https:\/\/espak.ee\/epood\/wp-json\/wp\/v2\/product\/202275","targetHints":{"allow":["GET"]}}],"collection":[{"href":"https:\/\/espak.ee\/epood\/wp-json\/wp\/v2\/product"}],"about":[{"href":"https:\/\/espak.ee\/epood\/wp-json\/wp\/v2\/types\/product"}],"replies":[{"embeddable":true,"href":"https:\/\/espak.ee\/epood\/wp-json\/wp\/v2\/comments?post=202275"}],"wp:featuredmedia":[{"embeddable":true,"href":"https:\/\/espak.ee\/epood\/wp-json\/wp\/v2\/media\/202294"}],"wp:attachment":[{"href":"https:\/\/espak.ee\/epood\/wp-json\/wp\/v2\/media?parent=202275"}],"wp:term":[{"taxonomy":"product_brand","embeddable":true,"href":"https:\/\/espak.ee\/epood\/wp-json\/wp\/v2\/product_brand?post=202275"},{"taxonomy":"product_cat","embeddable":true,"href":"https:\/\/espak.ee\/epood\/wp-json\/wp\/v2\/product_cat?post=202275"},{"taxonomy":"product_tag","embeddable":true,"href":"https:\/\/espak.ee\/epood\/wp-json\/wp\/v2\/product_tag?post=202275"}],"curies":[{"name":"wp","href":"https:\/\/api.w.org\/{rel}","templated":true}]}}