{"id":202089,"date":"2024-06-12T05:10:13","date_gmt":"2024-06-12T02:10:13","guid":{"rendered":"https:\/\/espak.ee\/epood\/?post_type=product&#038;p=202089"},"modified":"2026-03-21T09:38:50","modified_gmt":"2026-03-21T07:38:50","slug":"metallivarv-hammerite-ultima-laikiv-antratsiit-22l","status":"publish","type":"product","link":"https:\/\/espak.ee\/epood\/toode\/metallivarv-hammerite-ultima-laikiv-antratsiit-22l\/","title":{"rendered":"METALLIV\u00c4RV HAMMERITE ULTIMA L\u00c4IKIV ANTRATSIIT 2,2L"},"content":{"rendered":"<div class=\"row\"  id=\"row-1912762521\">\n\n\t<div id=\"col-1603682059\" class=\"col medium-9 small-12 large-9\"  >\n\t\t\t\t<div class=\"col-inner\"  >\n\t\t\t\n\t\t\t\n<h2>Metalliv\u00e4rv Hammerite Ultima l\u00e4ikiv antratsiit 2,2L<\/h2>\n<p>Tutvustame uut tippklassi metalliv\u00e4rvi \u2013 HAMMERITE ULTIMA! Tegu on kolm-\u00fches veep\u00f5hise metallikaitsev\u00e4rviga, mis moodustab pinnale kauakestva, kulumis- ja kriimustuskindla kattekihi, tagades aluspinnale kaitse kuni 12. aastaks. Toodet on mugav kasutada, see ei hakka v\u00e4rvides voolama ning moodustab pinnale sileda ja tugeva kaitsekihi.<br \/>\nPole t\u00e4htis, mis t\u00fc\u00fcpi metallist on valmistatud teie aiapostid v\u00f5i trepipiirded, garaa\u017eiuks v\u00f5i vihmaveetorud, aiam\u00f6\u00f6bel v\u00f5i jalgratas \u2013 v\u00e4rvi Hammerite Ultima v\u00f5ib kanda mistahes metallpinnale ilma kruntv\u00e4rvi kasutamatta. V\u00e4rv kuivab kiiresti, mist\u00f5ttu saate t\u00f6\u00f6p\u00e4eva jooksul viimistleda pinna kahes kihis ning olla kindlad, et v\u00e4rvitud pind on h\u00e4sti kaitstud.<\/p>\n<div class=\"message-box relative\" style=\"padding-top:15px;padding-bottom:15px;\"><div class=\"message-box-bg-image bg-fill fill\" ><\/div><div class=\"message-box-bg-overlay bg-fill fill\" ><\/div><div class=\"container relative\"><div class=\"inner last-reset\">\n<div class=\"row\"  id=\"row-1441144099\">\n\n\t<div id=\"col-1447368987\" class=\"col medium-6 small-12 large-6\"  >\n\t\t\t\t<div class=\"col-inner\"  >\n\t\t\t\n\t\t\t\n<p><i class=\"fa fa-check fa-2x\"><\/i> <strong> Krunt-, vahe- ja pinnav\u00e4rv \u00fches tootes<\/strong><\/p>\n<p><i class=\"fa fa-check fa-2x\"><\/i> <strong> T\u00e4nu unikaalsele akr\u00fc\u00fcl-sideainele kaitseb v\u00e4rv metallpinda kuni 12 aastat<\/strong><\/p>\n\t\t<\/div>\n\t\t\t\t\n<style>\n#col-1447368987 > .col-inner {\n  margin: 0px 0px 15px 0px;\n}\n<\/style>\n\t<\/div>\n\n\t\n\n\t<div id=\"col-1652240211\" class=\"col medium-6 small-12 large-6\"  >\n\t\t\t\t<div class=\"col-inner\"  >\n\t\t\t\n\t\t\t\n<p><i class=\"fa fa-check fa-2x\"><\/i> <strong> V\u00e4rvi v\u00f5ib kanda otse roostes pinnale. Piisab vaid lahtise roostekihi eemaldamisest enne v\u00e4rvimist tootega Hammerite Ultima<\/strong><\/p>\n<p><i class=\"fa fa-check fa-2x\"><\/i> <strong> V\u00e4rvi kiire kuivamine v\u00f5imaldab t\u00f6\u00f6p\u00e4eva jooksul viimistleda pinna kahes kihis<\/strong><\/p>\n\t\t<\/div>\n\t\t\t\t\n<style>\n#col-1652240211 > .col-inner {\n  margin: 0px 0px 15px 0px;\n}\n<\/style>\n\t<\/div>\n\n\t\n<\/div>\n<\/div><\/div><\/div>\n\t<div id=\"gap-1497766860\" class=\"gap-element clearfix\" style=\"display:block; height:auto;\">\n\t\t\n<style>\n#gap-1497766860 {\n  padding-top: 30px;\n}\n<\/style>\n\t<\/div>\n\t\n<p><strong>Kasutuskoht: <\/strong><br \/>\n&#8211; Aiam\u00f6\u00f6bel<br \/>\n&#8211; Garaa\u017eiuksed<br \/>\n&#8211; Metalltrepid<br \/>\n&#8211; Metalluksed<br \/>\n&#8211; Piirdeaiad<br \/>\n&#8211; Radiaatorid<\/p>\n\t\t<\/div>\n\t\t\t\t\t<\/div>\n\n\t\n\n\t<div id=\"col-878563208\" class=\"col medium-3 small-12 large-3\"  >\n\t\t\t\t<div class=\"col-inner\"  >\n\t\t\t\n\t\t\t\n\t<div id=\"gap-1404268683\" class=\"gap-element clearfix\" style=\"display:block; height:auto;\">\n\t\t\n<style>\n#gap-1404268683 {\n  padding-top: 30px;\n}\n<\/style>\n\t<\/div>\n\t\n<h3>Tehniline informatsioon<\/h3>\n<p><a href=\"https:\/\/espak.ee\/epood\/wp-content\/uploads\/2024\/06\/hammerite_ultima_smoothgloss_tds_2024_ee.pdf\"target=\"_blank\" rel=\"noopener noreferrer\"><i class=\"far fa-file-pdf\"><\/i> Tehniline info (PDF)<\/a><\/p>\n<h3>Ohutusalane teave<\/h3>\n<p><a href=\"https:\/\/espak.ee\/epood\/wp-content\/uploads\/2024\/06\/hammerite_ultima_smooth_sds_ee_2024.pdf\"target=\"_blank\" rel=\"noopener noreferrer\"><i class=\"far fa-file-pdf\"><\/i> Ohutuskaart (PDF)<\/a><\/p>\n<div class=\"is-divider divider clearfix\" ><\/div>\n<p><strong>\u00dcksikasjalikuma n\u00f5u saamiseks v\u00f5tke \u00fchendust:<br \/><\/strong><br \/>Akzo Nobel Baltics AS,<br \/> R. Tobiase 8,<br \/> 10147 Tallinn,<br \/> Telefon: 6 305 299<\/p>\n<div class=\"is-divider divider clearfix\" ><\/div>\n<h3>Sadolin Visualizer<\/h3>\n<div class=\"video video-fit mb\" style=\"padding-top:56.25%;\"><div style=\"width: 640px;\" class=\"wp-video\"><video class=\"wp-video-shortcode\" id=\"video-202089-1\" width=\"640\" height=\"360\" preload=\"metadata\" controls=\"controls\"><source type=\"video\/mp4\" src=\"https:\/\/espak.ee\/epood\/wp-content\/uploads\/Sadolin-Visualizer.mp4?_=1\" \/><a href=\"https:\/\/espak.ee\/epood\/wp-content\/uploads\/Sadolin-Visualizer.mp4\">https:\/\/espak.ee\/epood\/wp-content\/uploads\/Sadolin-Visualizer.mp4<\/a><\/video><\/div>\n<\/div>\n\t\t<\/div>\n\t\t\t\t\t<\/div>\n\n\t\n<\/div>\n","protected":false},"excerpt":{"rendered":"","protected":false},"featured_media":202113,"comment_status":"closed","ping_status":"closed","template":"","meta":[],"product_brand":[],"product_cat":[3442,2685,2684,2683],"product_tag":[],"class_list":{"0":"post-202089","1":"product","2":"type-product","3":"status-publish","4":"has-post-thumbnail","6":"product_cat-metallivarvid","7":"product_cat-varvid","8":"product_cat-varvid-lakid-lahustid-puidukaitsed-olid","9":"product_cat-viimistluskaubad","10":"pa_kaubamark-akzo-nobel-baltics-as","12":"first","13":"instock","14":"sale","15":"taxable","16":"shipping-taxable","17":"purchasable","18":"product-type-simple"},"yoast_head":"<!-- This site is optimized with the Yoast SEO plugin v26.9 - https:\/\/yoast.com\/product\/yoast-seo-wordpress\/ -->\n<title>METALLIV\u00c4RV HAMMERITE ULTIMA L\u00c4IKIV ANTRATSIIT 2,2L - Espak E-pood<\/title>\n<meta name=\"robots\" content=\"index, follow, max-snippet:-1, max-image-preview:large, max-video-preview:-1\" \/>\n<link rel=\"canonical\" href=\"https:\/\/espak.ee\/epood\/toode\/metallivarv-hammerite-ultima-laikiv-antratsiit-22l\/\" \/>\n<meta property=\"og:locale\" content=\"et_EE\" \/>\n<meta property=\"og:type\" content=\"article\" \/>\n<meta property=\"og:title\" content=\"METALLIV\u00c4RV HAMMERITE ULTIMA L\u00c4IKIV ANTRATSIIT 2,2L - Espak E-pood\" \/>\n<meta property=\"og:url\" content=\"https:\/\/espak.ee\/epood\/toode\/metallivarv-hammerite-ultima-laikiv-antratsiit-22l\/\" \/>\n<meta property=\"og:site_name\" content=\"Espak E-pood\" \/>\n<meta property=\"article:modified_time\" content=\"2026-03-21T07:38:50+00:00\" \/>\n<meta property=\"og:image\" content=\"https:\/\/espak.ee\/epood\/wp-content\/uploads\/2024\/06\/Hammerite_Ultima_SmoothGloss_AnthraciteGrey_2_2L.jpg\" \/>\n\t<meta property=\"og:image:width\" content=\"1000\" \/>\n\t<meta property=\"og:image:height\" content=\"1000\" \/>\n\t<meta property=\"og:image:type\" content=\"image\/jpeg\" \/>\n<meta name=\"twitter:card\" content=\"summary_large_image\" \/>\n<meta name=\"twitter:label1\" content=\"Est. reading time\" \/>\n\t<meta name=\"twitter:data1\" content=\"1 minut\" \/>\n<script type=\"application\/ld+json\" class=\"yoast-schema-graph\">{\"@context\":\"https:\/\/schema.org\",\"@graph\":[{\"@type\":\"WebPage\",\"@id\":\"https:\/\/espak.ee\/epood\/toode\/metallivarv-hammerite-ultima-laikiv-antratsiit-22l\/\",\"url\":\"https:\/\/espak.ee\/epood\/toode\/metallivarv-hammerite-ultima-laikiv-antratsiit-22l\/\",\"name\":\"METALLIV\u00c4RV HAMMERITE ULTIMA L\u00c4IKIV ANTRATSIIT 2,2L - Espak E-pood\",\"isPartOf\":{\"@id\":\"https:\/\/espak.ee\/epood\/#website\"},\"primaryImageOfPage\":{\"@id\":\"https:\/\/espak.ee\/epood\/toode\/metallivarv-hammerite-ultima-laikiv-antratsiit-22l\/#primaryimage\"},\"image\":{\"@id\":\"https:\/\/espak.ee\/epood\/toode\/metallivarv-hammerite-ultima-laikiv-antratsiit-22l\/#primaryimage\"},\"thumbnailUrl\":\"https:\/\/espak.ee\/epood\/wp-content\/uploads\/2024\/06\/Hammerite_Ultima_SmoothGloss_AnthraciteGrey_2_2L.jpg\",\"datePublished\":\"2024-06-12T02:10:13+00:00\",\"dateModified\":\"2026-03-21T07:38:50+00:00\",\"breadcrumb\":{\"@id\":\"https:\/\/espak.ee\/epood\/toode\/metallivarv-hammerite-ultima-laikiv-antratsiit-22l\/#breadcrumb\"},\"inLanguage\":\"et\",\"potentialAction\":[{\"@type\":\"ReadAction\",\"target\":[\"https:\/\/espak.ee\/epood\/toode\/metallivarv-hammerite-ultima-laikiv-antratsiit-22l\/\"]}]},{\"@type\":\"ImageObject\",\"inLanguage\":\"et\",\"@id\":\"https:\/\/espak.ee\/epood\/toode\/metallivarv-hammerite-ultima-laikiv-antratsiit-22l\/#primaryimage\",\"url\":\"https:\/\/espak.ee\/epood\/wp-content\/uploads\/2024\/06\/Hammerite_Ultima_SmoothGloss_AnthraciteGrey_2_2L.jpg\",\"contentUrl\":\"https:\/\/espak.ee\/epood\/wp-content\/uploads\/2024\/06\/Hammerite_Ultima_SmoothGloss_AnthraciteGrey_2_2L.jpg\",\"width\":1000,\"height\":1000},{\"@type\":\"BreadcrumbList\",\"@id\":\"https:\/\/espak.ee\/epood\/toode\/metallivarv-hammerite-ultima-laikiv-antratsiit-22l\/#breadcrumb\",\"itemListElement\":[{\"@type\":\"ListItem\",\"position\":1,\"name\":\"Home\",\"item\":\"https:\/\/espak.ee\/epood\/\"},{\"@type\":\"ListItem\",\"position\":2,\"name\":\"Tootevalik\",\"item\":\"https:\/\/espak.ee\/epood\/tootevalik\/\"},{\"@type\":\"ListItem\",\"position\":3,\"name\":\"METALLIV\u00c4RV HAMMERITE ULTIMA L\u00c4IKIV ANTRATSIIT 2,2L\"}]},{\"@type\":\"WebSite\",\"@id\":\"https:\/\/espak.ee\/epood\/#website\",\"url\":\"https:\/\/espak.ee\/epood\/\",\"name\":\"Espak E-pood\",\"description\":\"\",\"potentialAction\":[{\"@type\":\"SearchAction\",\"target\":{\"@type\":\"EntryPoint\",\"urlTemplate\":\"https:\/\/espak.ee\/epood\/?s={search_term_string}\"},\"query-input\":{\"@type\":\"PropertyValueSpecification\",\"valueRequired\":true,\"valueName\":\"search_term_string\"}}],\"inLanguage\":\"et\"}]}<\/script>\n<!-- \/ Yoast SEO plugin. -->","yoast_head_json":{"title":"METALLIV\u00c4RV HAMMERITE ULTIMA L\u00c4IKIV ANTRATSIIT 2,2L - Espak E-pood","robots":{"index":"index","follow":"follow","max-snippet":"max-snippet:-1","max-image-preview":"max-image-preview:large","max-video-preview":"max-video-preview:-1"},"canonical":"https:\/\/espak.ee\/epood\/toode\/metallivarv-hammerite-ultima-laikiv-antratsiit-22l\/","og_locale":"et_EE","og_type":"article","og_title":"METALLIV\u00c4RV HAMMERITE ULTIMA L\u00c4IKIV ANTRATSIIT 2,2L - Espak E-pood","og_url":"https:\/\/espak.ee\/epood\/toode\/metallivarv-hammerite-ultima-laikiv-antratsiit-22l\/","og_site_name":"Espak E-pood","article_modified_time":"2026-03-21T07:38:50+00:00","og_image":[{"width":1000,"height":1000,"url":"https:\/\/espak.ee\/epood\/wp-content\/uploads\/2024\/06\/Hammerite_Ultima_SmoothGloss_AnthraciteGrey_2_2L.jpg","type":"image\/jpeg"}],"twitter_card":"summary_large_image","twitter_misc":{"Est. reading time":"1 minut"},"schema":{"@context":"https:\/\/schema.org","@graph":[{"@type":"WebPage","@id":"https:\/\/espak.ee\/epood\/toode\/metallivarv-hammerite-ultima-laikiv-antratsiit-22l\/","url":"https:\/\/espak.ee\/epood\/toode\/metallivarv-hammerite-ultima-laikiv-antratsiit-22l\/","name":"METALLIV\u00c4RV HAMMERITE ULTIMA L\u00c4IKIV ANTRATSIIT 2,2L - Espak E-pood","isPartOf":{"@id":"https:\/\/espak.ee\/epood\/#website"},"primaryImageOfPage":{"@id":"https:\/\/espak.ee\/epood\/toode\/metallivarv-hammerite-ultima-laikiv-antratsiit-22l\/#primaryimage"},"image":{"@id":"https:\/\/espak.ee\/epood\/toode\/metallivarv-hammerite-ultima-laikiv-antratsiit-22l\/#primaryimage"},"thumbnailUrl":"https:\/\/espak.ee\/epood\/wp-content\/uploads\/2024\/06\/Hammerite_Ultima_SmoothGloss_AnthraciteGrey_2_2L.jpg","datePublished":"2024-06-12T02:10:13+00:00","dateModified":"2026-03-21T07:38:50+00:00","breadcrumb":{"@id":"https:\/\/espak.ee\/epood\/toode\/metallivarv-hammerite-ultima-laikiv-antratsiit-22l\/#breadcrumb"},"inLanguage":"et","potentialAction":[{"@type":"ReadAction","target":["https:\/\/espak.ee\/epood\/toode\/metallivarv-hammerite-ultima-laikiv-antratsiit-22l\/"]}]},{"@type":"ImageObject","inLanguage":"et","@id":"https:\/\/espak.ee\/epood\/toode\/metallivarv-hammerite-ultima-laikiv-antratsiit-22l\/#primaryimage","url":"https:\/\/espak.ee\/epood\/wp-content\/uploads\/2024\/06\/Hammerite_Ultima_SmoothGloss_AnthraciteGrey_2_2L.jpg","contentUrl":"https:\/\/espak.ee\/epood\/wp-content\/uploads\/2024\/06\/Hammerite_Ultima_SmoothGloss_AnthraciteGrey_2_2L.jpg","width":1000,"height":1000},{"@type":"BreadcrumbList","@id":"https:\/\/espak.ee\/epood\/toode\/metallivarv-hammerite-ultima-laikiv-antratsiit-22l\/#breadcrumb","itemListElement":[{"@type":"ListItem","position":1,"name":"Home","item":"https:\/\/espak.ee\/epood\/"},{"@type":"ListItem","position":2,"name":"Tootevalik","item":"https:\/\/espak.ee\/epood\/tootevalik\/"},{"@type":"ListItem","position":3,"name":"METALLIV\u00c4RV HAMMERITE ULTIMA L\u00c4IKIV ANTRATSIIT 2,2L"}]},{"@type":"WebSite","@id":"https:\/\/espak.ee\/epood\/#website","url":"https:\/\/espak.ee\/epood\/","name":"Espak E-pood","description":"","potentialAction":[{"@type":"SearchAction","target":{"@type":"EntryPoint","urlTemplate":"https:\/\/espak.ee\/epood\/?s={search_term_string}"},"query-input":{"@type":"PropertyValueSpecification","valueRequired":true,"valueName":"search_term_string"}}],"inLanguage":"et"}]}},"_links":{"self":[{"href":"https:\/\/espak.ee\/epood\/wp-json\/wp\/v2\/product\/202089","targetHints":{"allow":["GET"]}}],"collection":[{"href":"https:\/\/espak.ee\/epood\/wp-json\/wp\/v2\/product"}],"about":[{"href":"https:\/\/espak.ee\/epood\/wp-json\/wp\/v2\/types\/product"}],"replies":[{"embeddable":true,"href":"https:\/\/espak.ee\/epood\/wp-json\/wp\/v2\/comments?post=202089"}],"wp:featuredmedia":[{"embeddable":true,"href":"https:\/\/espak.ee\/epood\/wp-json\/wp\/v2\/media\/202113"}],"wp:attachment":[{"href":"https:\/\/espak.ee\/epood\/wp-json\/wp\/v2\/media?parent=202089"}],"wp:term":[{"taxonomy":"product_brand","embeddable":true,"href":"https:\/\/espak.ee\/epood\/wp-json\/wp\/v2\/product_brand?post=202089"},{"taxonomy":"product_cat","embeddable":true,"href":"https:\/\/espak.ee\/epood\/wp-json\/wp\/v2\/product_cat?post=202089"},{"taxonomy":"product_tag","embeddable":true,"href":"https:\/\/espak.ee\/epood\/wp-json\/wp\/v2\/product_tag?post=202089"}],"curies":[{"name":"wp","href":"https:\/\/api.w.org\/{rel}","templated":true}]}}