{"id":201269,"date":"2024-06-06T05:10:14","date_gmt":"2024-06-06T02:10:14","guid":{"rendered":"https:\/\/espak.ee\/epood\/?post_type=product&#038;p=201269"},"modified":"2025-12-21T21:18:43","modified_gmt":"2025-12-21T19:18:43","slug":"kiirvaht-penosil-2k-foam-b2-202-400ml","status":"publish","type":"product","link":"https:\/\/espak.ee\/epood\/toode\/kiirvaht-penosil-2k-foam-b2-202-400ml\/","title":{"rendered":"KIIRVAHT PENOSIL 2K FOAM B2 202 400ML"},"content":{"rendered":"<div class=\"row\"  id=\"row-33767665\">\n\n\t<div id=\"col-2070198032\" class=\"col medium-9 small-12 large-9\"  >\n\t\t\t\t<div class=\"col-inner\"  >\n\t\t\t\n\t\t\t\n<h3>PENOSIL 2K Foam B2 202 kahekomponentne k\u00f5rrevaht 400ml<\/h3>\n<p>PENOSIL 2K Foam B2 202 on kiiresti tarduv kahekomponentne k\u00f5rrevaht, mis sobib eriti h\u00e4sti t\u00e4itet\u00f6\u00f6deks raskesti ligip\u00e4\u00e4setavates v\u00f5i suurt mehhaanilist tugevust n\u00f5udvates kohtades.<\/p>\n<div class=\"message-box relative\" style=\"padding-top:15px;padding-bottom:15px;\"><div class=\"message-box-bg-image bg-fill fill\" ><\/div><div class=\"message-box-bg-overlay bg-fill fill\" ><\/div><div class=\"container relative\"><div class=\"inner last-reset\">\n<div class=\"row align-middle align-center\"  id=\"row-206521571\">\n\n\t<div id=\"col-1744259870\" class=\"col small-12 large-12\"  >\n\t\t\t\t<div class=\"col-inner text-left\"  >\n\t\t\t\n\t\t\t\n<h4>Omadused<\/h4>\n<div class=\"row\"  id=\"row-254040543\">\n\n\t<div id=\"col-1310845640\" class=\"col medium-6 small-12 large-6\"  >\n\t\t\t\t<div class=\"col-inner\"  >\n\t\t\t\n\t\t\t\n<p><i class=\"fa fa-check fa-2x\"><\/i> <strong> Kiire tardumisaeg<\/strong><\/p>\n<p><i class=\"fa fa-check fa-2x\"><\/i> <strong> Hea mehaaniline tugevus ja dimensionaalne stabiilsus<\/strong><\/p>\n<p><i class=\"fa fa-check fa-2x\"><\/i> <strong> V\u00e4ike paisumissurve hoiab \u00e4ra konstruktsioonide deformeerumise<\/strong><\/p>\n\t\t<\/div>\n\t\t\t\t\n<style>\n#col-1310845640 > .col-inner {\n  margin: 0px 0px 15px 0px;\n}\n<\/style>\n\t<\/div>\n\n\t\n\n\t<div id=\"col-600937667\" class=\"col medium-6 small-12 large-6\"  >\n\t\t\t\t<div class=\"col-inner\"  >\n\t\t\t\n\t\t\t\n<p><i class=\"fa fa-check fa-2x\"><\/i> <strong> V\u00e4ga head soojus- ja heliisolatsiooni omadused<\/strong><\/p>\n<p><i class=\"fa fa-check fa-2x\"><\/i> <strong> Ei vaja lisaniisutust<\/strong><\/p>\n<p><i class=\"fa fa-check fa-2x\"><\/i> <strong> V\u00e4ga head liimivad omadused<\/strong><\/p>\n<p><i class=\"fa fa-check fa-2x\"><\/i> <strong> B2 tuleklass<\/strong><\/p>\n\t\t<\/div>\n\t\t\t\t\n<style>\n#col-600937667 > .col-inner {\n  margin: 0px 0px 15px 0px;\n}\n<\/style>\n\t<\/div>\n\n\t\n<\/div>\n\t\t<\/div>\n\t\t\t\t\t<\/div>\n\n\t\n<\/div>\n<\/div><\/div><\/div>\n\t<div id=\"gap-477804249\" class=\"gap-element clearfix\" style=\"display:block; height:auto;\">\n\t\t\n<style>\n#gap-477804249 {\n  padding-top: 30px;\n}\n<\/style>\n\t<\/div>\n\t\n<h3>Kasutamise \u00fcksikasjad<\/h3>\n<p><strong>Kasutusalad:<\/strong><br \/>\n> T\u00e4itet\u00f6\u00f6d raskesti ligip\u00e4\u00e4setavates v\u00f5i mehaanilist tugevust vajavates kohtades<br \/>\n> Vuukide ja l\u00e4biviikude tihendamine<br \/>\n> S\u00f5idukite, mahutite ja seadmete tihendamine<br \/>\n> Aknalaudade kinnitamine<\/p>\n<p>Nakkuvus:<br \/>\n> Puit<br \/>\n> Betoon<br \/>\n> Kivi<br \/>\n> Krohv<br \/>\n> Metall<br \/>\n> PVC<br \/>\n> Pol\u00fcst\u00fcreen<\/p>\n<p><strong>Kasutusjuhend:<\/strong><br \/>\nEnne kasutamist eemaldada kork ja keerata aplikaator ballooni k\u00fclge. Ballooni p\u00f5hja all olevat propellerit keerata v\u00e4hemalt kuus korda noole suunas, et sisemine balloon aktiveeruks. Seej\u00e4rel loksutada ballooni tugevalt v\u00e4hemalt 30 korda, et komponendid A ja B seguneksid korralikult. Kui balloon on k\u00fclm, loksutada<br \/>\nrohkem. Vahu kvaliteet s\u00f5ltub loksutamise tulemusest. Keerata balloon kohe tagurpidi ja alustada vahu paigaldamist, vastasel juhul v\u00f5ib balloonisisene temperatuur t\u00f5usta \u00fcle +50 \u00b0C ja sellega kaasneda ballooni l\u00f5hkemise oht. P\u00e4rast propelleri keeramist on vahu kasutamiseks aega umbes 5 minutit, misj\u00e4rel balloonis<br \/>\nolev vaht k\u00f5veneb. Hoida ballooni tagurpidi ja reguleerida vahu hulka aplikaatori p\u00e4\u00e4stikuga. Kogu vaht peab olema \u00fchtlaselt helerohelist v\u00e4rvi. Kui see nii pole, loksutada ballooni uuesti ja j\u00e4tkata vahu paigaldamist. T\u00fchimik t\u00e4ita vaid osaliselt, sest vaht paisub. T\u00e4ita on v\u00f5imalik igasuguse suurusega t\u00fchimikke, sest vaht ei vaja tardumiseks \u00f5huniiskust. Vuukide ja t\u00fchimike mahule ega l\u00e4bim\u00f5\u00f5dule pole piiranguid. \u00dcleliigne vaht l\u00f5igata \u00e4ra alles peale l\u00f5plikku tardumist.<\/p>\n<p><strong>N\u00e4pun\u00e4ited:<\/strong><br \/>\n\u00d5hutemperatuur kasutamise ajal: +10\u00b0C kuni +30\u00b0C.<br \/>\nKaitske k\u00fclgnevaid pindu paberi, kile v\u00f5i muu sobiva materjaliga.<br \/>\nKuna ehitusmaterjalid on v\u00e4ga erinevad, soovitame eelnevalt l\u00e4bi viia sobivustesti.<br \/>\nMadalatel temperatuuridel t\u00f6\u00f6tades tuleb vahupurk eelnevalt soojendada toatemperatuurini (umbes +20\u00b0C).<br \/>\nT\u00f6\u00f6riistade ja pindade puhastamiseks tardumata vahust kasutage Penosil Foam Cleaner 949.<br \/>\nKasutage Penosil Cleaning Wipes 941, et puhastada k\u00e4ed ja riided tardumata vahust.<br \/>\nPenosil Foam Remover 972 pehmendab tardunud vahtu ja aitab seda lihtsamalt eemaldada.<\/p>\n<p><strong>Kitsendused:<\/strong><br \/>\nEi nakku pol\u00fcet\u00fcleen- (PE), PTFE (Teflon\u00ae) ega silikoonpindadega.<br \/>\nMitte kasutada temperatuuril alla +10\u00b0C.<br \/>\nTardunud vaht tuleb UV-kiirte eest kaitsmiseks katta sobiva materjaliga.<br \/>\n\u00c4rge katke kinni enne, kui vaht on t\u00e4ielikult tardunud.<br \/>\nBallooni temperatuur enne aktiveerimist: +10\u00b0C kuni +25\u00b0C, parimad tulemused +20\u00b0C juures. Kui ballooni temperatuur \u00fcletab +25\u00b0C, tuleb balloon vees maha jahutada.<br \/>\nKui kahekomponendiline tardumiss\u00fcsteem on aktiveeritud, eraldub soojust. Seet\u00f5ttu tuleb ballooni sisu \u00e4ra kasutada 5 minuti jooksul. Kui ballooni ei t\u00fchjendata t\u00e4ielikult v\u00f5i selle temperatuur \u00fcletab enne aktiveerimist +25\u00b0C, tekib plahvatusoht.<\/p>\n\t\t<\/div>\n\t\t\t\t\t<\/div>\n\n\t\n\n\t<div id=\"col-1345662605\" class=\"col medium-3 small-12 large-3\"  >\n\t\t\t\t<div class=\"col-inner\"  >\n\t\t\t\n\t\t\t\n<h3>Tehniline informatsioon<\/h3>\n<p><a href=\"https:\/\/espak.ee\/epood\/wp-content\/uploads\/2024\/06\/202_PENOSIL_2K_Foam_B2_TDS_est.pdf\"target=\"_blank\" rel=\"noopener noreferrer\"><i class=\"far fa-file-pdf\"><\/i> Tehniline info (PDF)<\/a><\/p>\n<h3>Ohutuskaart<\/h3>\n<p><a href=\"https:\/\/espak.ee\/epood\/wp-content\/uploads\/2024\/06\/202_Penosil_2K_Foam_B2_202_SDS_et-EE.pdf\"target=\"_blank\" rel=\"noopener noreferrer\"><i class=\"far fa-file-pdf\"><\/i> Ohutuskaart (PDF)<\/a><\/p>\n<div class=\"is-divider divider clearfix\" ><\/div>\n<p><strong>\u00dcksikasjalikuma n\u00f5u saamiseks v\u00f5tke \u00fchendust:<br \/><\/strong>Wolf Group O\u00dc<br \/>Suur-Paala 6<br \/>13619<br \/>Tallinn<br \/>+372 605 9301<\/p>\n\t\t<\/div>\n\t\t\t\t\t<\/div>\n\n\t\n<\/div>\n","protected":false},"excerpt":{"rendered":"","protected":false},"featured_media":201328,"comment_status":"closed","ping_status":"closed","template":"","meta":[],"product_brand":[],"product_cat":[2703,2708,2710,2683],"product_tag":[],"class_list":{"0":"post-201269","1":"product","2":"type-product","3":"status-publish","4":"has-post-thumbnail","6":"product_cat-ehituskeemia","7":"product_cat-hermeetikud","8":"product_cat-montaazivahud","9":"product_cat-viimistluskaubad","10":"pa_kaubamark-krimelte-ou","12":"first","13":"instock","14":"sale","15":"taxable","16":"shipping-taxable","17":"purchasable","18":"product-type-simple"},"yoast_head":"<!-- This site is optimized with the Yoast SEO plugin v26.9 - https:\/\/yoast.com\/product\/yoast-seo-wordpress\/ -->\n<title>KIIRVAHT PENOSIL 2K FOAM B2 202 400ML - Espak E-pood<\/title>\n<meta name=\"robots\" content=\"index, follow, max-snippet:-1, max-image-preview:large, max-video-preview:-1\" \/>\n<link rel=\"canonical\" href=\"https:\/\/espak.ee\/epood\/toode\/kiirvaht-penosil-2k-foam-b2-202-400ml\/\" \/>\n<meta property=\"og:locale\" content=\"et_EE\" \/>\n<meta property=\"og:type\" content=\"article\" \/>\n<meta property=\"og:title\" content=\"KIIRVAHT PENOSIL 2K FOAM B2 202 400ML - Espak E-pood\" \/>\n<meta property=\"og:url\" content=\"https:\/\/espak.ee\/epood\/toode\/kiirvaht-penosil-2k-foam-b2-202-400ml\/\" \/>\n<meta property=\"og:site_name\" content=\"Espak E-pood\" \/>\n<meta property=\"article:modified_time\" content=\"2025-12-21T19:18:43+00:00\" \/>\n<meta property=\"og:image\" content=\"https:\/\/espak.ee\/epood\/wp-content\/uploads\/2024\/06\/202_2K_Foam_B2_202_EE_RU.png.jpg\" \/>\n\t<meta property=\"og:image:width\" content=\"1000\" \/>\n\t<meta property=\"og:image:height\" content=\"1000\" \/>\n\t<meta property=\"og:image:type\" content=\"image\/jpeg\" \/>\n<meta name=\"twitter:card\" content=\"summary_large_image\" \/>\n<meta name=\"twitter:label1\" content=\"Est. reading time\" \/>\n\t<meta name=\"twitter:data1\" content=\"3 minutit\" \/>\n<script type=\"application\/ld+json\" class=\"yoast-schema-graph\">{\"@context\":\"https:\/\/schema.org\",\"@graph\":[{\"@type\":\"WebPage\",\"@id\":\"https:\/\/espak.ee\/epood\/toode\/kiirvaht-penosil-2k-foam-b2-202-400ml\/\",\"url\":\"https:\/\/espak.ee\/epood\/toode\/kiirvaht-penosil-2k-foam-b2-202-400ml\/\",\"name\":\"KIIRVAHT PENOSIL 2K FOAM B2 202 400ML - Espak E-pood\",\"isPartOf\":{\"@id\":\"https:\/\/espak.ee\/epood\/#website\"},\"primaryImageOfPage\":{\"@id\":\"https:\/\/espak.ee\/epood\/toode\/kiirvaht-penosil-2k-foam-b2-202-400ml\/#primaryimage\"},\"image\":{\"@id\":\"https:\/\/espak.ee\/epood\/toode\/kiirvaht-penosil-2k-foam-b2-202-400ml\/#primaryimage\"},\"thumbnailUrl\":\"https:\/\/espak.ee\/epood\/wp-content\/uploads\/2024\/06\/202_2K_Foam_B2_202_EE_RU.png.jpg\",\"datePublished\":\"2024-06-06T02:10:14+00:00\",\"dateModified\":\"2025-12-21T19:18:43+00:00\",\"breadcrumb\":{\"@id\":\"https:\/\/espak.ee\/epood\/toode\/kiirvaht-penosil-2k-foam-b2-202-400ml\/#breadcrumb\"},\"inLanguage\":\"et\",\"potentialAction\":[{\"@type\":\"ReadAction\",\"target\":[\"https:\/\/espak.ee\/epood\/toode\/kiirvaht-penosil-2k-foam-b2-202-400ml\/\"]}]},{\"@type\":\"ImageObject\",\"inLanguage\":\"et\",\"@id\":\"https:\/\/espak.ee\/epood\/toode\/kiirvaht-penosil-2k-foam-b2-202-400ml\/#primaryimage\",\"url\":\"https:\/\/espak.ee\/epood\/wp-content\/uploads\/2024\/06\/202_2K_Foam_B2_202_EE_RU.png.jpg\",\"contentUrl\":\"https:\/\/espak.ee\/epood\/wp-content\/uploads\/2024\/06\/202_2K_Foam_B2_202_EE_RU.png.jpg\",\"width\":1000,\"height\":1000},{\"@type\":\"BreadcrumbList\",\"@id\":\"https:\/\/espak.ee\/epood\/toode\/kiirvaht-penosil-2k-foam-b2-202-400ml\/#breadcrumb\",\"itemListElement\":[{\"@type\":\"ListItem\",\"position\":1,\"name\":\"Home\",\"item\":\"https:\/\/espak.ee\/epood\/\"},{\"@type\":\"ListItem\",\"position\":2,\"name\":\"Tootevalik\",\"item\":\"https:\/\/espak.ee\/epood\/tootevalik\/\"},{\"@type\":\"ListItem\",\"position\":3,\"name\":\"KIIRVAHT PENOSIL 2K FOAM B2 202 400ML\"}]},{\"@type\":\"WebSite\",\"@id\":\"https:\/\/espak.ee\/epood\/#website\",\"url\":\"https:\/\/espak.ee\/epood\/\",\"name\":\"Espak E-pood\",\"description\":\"\",\"potentialAction\":[{\"@type\":\"SearchAction\",\"target\":{\"@type\":\"EntryPoint\",\"urlTemplate\":\"https:\/\/espak.ee\/epood\/?s={search_term_string}\"},\"query-input\":{\"@type\":\"PropertyValueSpecification\",\"valueRequired\":true,\"valueName\":\"search_term_string\"}}],\"inLanguage\":\"et\"}]}<\/script>\n<!-- \/ Yoast SEO plugin. -->","yoast_head_json":{"title":"KIIRVAHT PENOSIL 2K FOAM B2 202 400ML - Espak E-pood","robots":{"index":"index","follow":"follow","max-snippet":"max-snippet:-1","max-image-preview":"max-image-preview:large","max-video-preview":"max-video-preview:-1"},"canonical":"https:\/\/espak.ee\/epood\/toode\/kiirvaht-penosil-2k-foam-b2-202-400ml\/","og_locale":"et_EE","og_type":"article","og_title":"KIIRVAHT PENOSIL 2K FOAM B2 202 400ML - Espak E-pood","og_url":"https:\/\/espak.ee\/epood\/toode\/kiirvaht-penosil-2k-foam-b2-202-400ml\/","og_site_name":"Espak E-pood","article_modified_time":"2025-12-21T19:18:43+00:00","og_image":[{"width":1000,"height":1000,"url":"https:\/\/espak.ee\/epood\/wp-content\/uploads\/2024\/06\/202_2K_Foam_B2_202_EE_RU.png.jpg","type":"image\/jpeg"}],"twitter_card":"summary_large_image","twitter_misc":{"Est. reading time":"3 minutit"},"schema":{"@context":"https:\/\/schema.org","@graph":[{"@type":"WebPage","@id":"https:\/\/espak.ee\/epood\/toode\/kiirvaht-penosil-2k-foam-b2-202-400ml\/","url":"https:\/\/espak.ee\/epood\/toode\/kiirvaht-penosil-2k-foam-b2-202-400ml\/","name":"KIIRVAHT PENOSIL 2K FOAM B2 202 400ML - Espak E-pood","isPartOf":{"@id":"https:\/\/espak.ee\/epood\/#website"},"primaryImageOfPage":{"@id":"https:\/\/espak.ee\/epood\/toode\/kiirvaht-penosil-2k-foam-b2-202-400ml\/#primaryimage"},"image":{"@id":"https:\/\/espak.ee\/epood\/toode\/kiirvaht-penosil-2k-foam-b2-202-400ml\/#primaryimage"},"thumbnailUrl":"https:\/\/espak.ee\/epood\/wp-content\/uploads\/2024\/06\/202_2K_Foam_B2_202_EE_RU.png.jpg","datePublished":"2024-06-06T02:10:14+00:00","dateModified":"2025-12-21T19:18:43+00:00","breadcrumb":{"@id":"https:\/\/espak.ee\/epood\/toode\/kiirvaht-penosil-2k-foam-b2-202-400ml\/#breadcrumb"},"inLanguage":"et","potentialAction":[{"@type":"ReadAction","target":["https:\/\/espak.ee\/epood\/toode\/kiirvaht-penosil-2k-foam-b2-202-400ml\/"]}]},{"@type":"ImageObject","inLanguage":"et","@id":"https:\/\/espak.ee\/epood\/toode\/kiirvaht-penosil-2k-foam-b2-202-400ml\/#primaryimage","url":"https:\/\/espak.ee\/epood\/wp-content\/uploads\/2024\/06\/202_2K_Foam_B2_202_EE_RU.png.jpg","contentUrl":"https:\/\/espak.ee\/epood\/wp-content\/uploads\/2024\/06\/202_2K_Foam_B2_202_EE_RU.png.jpg","width":1000,"height":1000},{"@type":"BreadcrumbList","@id":"https:\/\/espak.ee\/epood\/toode\/kiirvaht-penosil-2k-foam-b2-202-400ml\/#breadcrumb","itemListElement":[{"@type":"ListItem","position":1,"name":"Home","item":"https:\/\/espak.ee\/epood\/"},{"@type":"ListItem","position":2,"name":"Tootevalik","item":"https:\/\/espak.ee\/epood\/tootevalik\/"},{"@type":"ListItem","position":3,"name":"KIIRVAHT PENOSIL 2K FOAM B2 202 400ML"}]},{"@type":"WebSite","@id":"https:\/\/espak.ee\/epood\/#website","url":"https:\/\/espak.ee\/epood\/","name":"Espak E-pood","description":"","potentialAction":[{"@type":"SearchAction","target":{"@type":"EntryPoint","urlTemplate":"https:\/\/espak.ee\/epood\/?s={search_term_string}"},"query-input":{"@type":"PropertyValueSpecification","valueRequired":true,"valueName":"search_term_string"}}],"inLanguage":"et"}]}},"_links":{"self":[{"href":"https:\/\/espak.ee\/epood\/wp-json\/wp\/v2\/product\/201269","targetHints":{"allow":["GET"]}}],"collection":[{"href":"https:\/\/espak.ee\/epood\/wp-json\/wp\/v2\/product"}],"about":[{"href":"https:\/\/espak.ee\/epood\/wp-json\/wp\/v2\/types\/product"}],"replies":[{"embeddable":true,"href":"https:\/\/espak.ee\/epood\/wp-json\/wp\/v2\/comments?post=201269"}],"wp:featuredmedia":[{"embeddable":true,"href":"https:\/\/espak.ee\/epood\/wp-json\/wp\/v2\/media\/201328"}],"wp:attachment":[{"href":"https:\/\/espak.ee\/epood\/wp-json\/wp\/v2\/media?parent=201269"}],"wp:term":[{"taxonomy":"product_brand","embeddable":true,"href":"https:\/\/espak.ee\/epood\/wp-json\/wp\/v2\/product_brand?post=201269"},{"taxonomy":"product_cat","embeddable":true,"href":"https:\/\/espak.ee\/epood\/wp-json\/wp\/v2\/product_cat?post=201269"},{"taxonomy":"product_tag","embeddable":true,"href":"https:\/\/espak.ee\/epood\/wp-json\/wp\/v2\/product_tag?post=201269"}],"curies":[{"name":"wp","href":"https:\/\/api.w.org\/{rel}","templated":true}]}}