{"id":20124,"date":"2020-04-15T03:51:50","date_gmt":"2020-04-15T00:51:50","guid":{"rendered":"https:\/\/espak.ee\/hinnakiri\/?post_type=product&#038;p=20124"},"modified":"2024-03-22T23:45:45","modified_gmt":"2024-03-22T21:45:45","slug":"treppredel-stabilo-7-astet-roll-stop","status":"publish","type":"product","link":"https:\/\/espak.ee\/epood\/toode\/treppredel-stabilo-7-astet-roll-stop\/","title":{"rendered":"TREPPREDEL STABILO 7 ASTET ROLL\/STOP"},"content":{"rendered":"<div class=\"row\"  id=\"row-1364605884\">\n\n\t<div id=\"col-1407803579\" class=\"col medium-9 small-12 large-9\"  >\n\t\t\t\t<div class=\"col-inner\"  >\n\t\t\t\n\t\t\t\n<h3>Treppredel STABILO 7 astet ROLL\/STOP<\/h3>\n<p>Alumiiniumist treppredel. Redel on sobiv kasutamiseks professionaalsel eesm\u00e4rgil ja ka koduses majapidamises.<br \/>\nRedel on varustatud \u00fclemise t\u00f6\u00f6tasapinna\/reelinguga, millele on v\u00f5imalik ladustada vajalikud t\u00f6\u00f6riistad.<br \/>\nOhutuse tagamiseks on redeli pooled omavahel seotud j\u00e4iga \u00fchendusega ja ilmastikukindlate rihmadega.<br \/>\nRedeli astmed ja platvorm on libisemisvastase pinnaga. Toote otsakorgid on kahetoimelised, koosnedes k\u00f5vemast ja pehmemast osast. Sellega tagatakse maksimaalne haakumine pinnaga, millele redel on toetatud.<br \/>\nRedeli jalgade k\u00fcljes on transpordirattad nn. ROLL\/STOP s\u00fcsteem, mis redelile astudes t\u00f5usevad \u00f5hku. See muudab redeli liigutamise eriti kergeks ja lihtsaks. <\/p>\n<div class=\"message-box relative\" style=\"padding-top:15px;padding-bottom:15px;\"><div class=\"message-box-bg-image bg-fill fill\" ><\/div><div class=\"message-box-bg-overlay bg-fill fill\" ><\/div><div class=\"container relative\"><div class=\"inner last-reset\">\n<div class=\"row align-middle align-center\"  id=\"row-1250260334\">\n\n\t<div id=\"col-1234353119\" class=\"col small-12 large-12\"  >\n\t\t\t\t<div class=\"col-inner text-left\"  >\n\t\t\t\n\t\t\t\n<h4>Omadused<\/h4>\n<div class=\"row\"  id=\"row-2129806708\">\n\n\t<div id=\"col-1245137630\" class=\"col medium-6 small-12 large-6\"  >\n\t\t\t\t<div class=\"col-inner\"  >\n\t\t\t\n\t\t\t\n<p><i class=\"fa fa-check fa-2x\"><\/i> <strong>Rattad muudavad liigutamise kergeks ja lihtsaks<\/strong><\/p>\n<p><i class=\"fa fa-check fa-2x\"><\/i> <strong>T\u00f6\u00f6tasapind tarvikute jaoks<\/strong><\/p>\n\t\t<\/div>\n\t\t\t\t\n<style>\n#col-1245137630 > .col-inner {\n  margin: 0px 0px 15px 0px;\n}\n<\/style>\n\t<\/div>\n\n\t\n\n\t<div id=\"col-1178894453\" class=\"col medium-6 small-12 large-6\"  >\n\t\t\t\t<div class=\"col-inner\"  >\n\t\t\t\n\t\t\t\n<p><i class=\"fa fa-check fa-2x\"><\/i> <strong>Kerge kaalu ja tugeva konstruktsiooniga<\/strong><\/p>\n\t\t<\/div>\n\t\t\t\t\n<style>\n#col-1178894453 > .col-inner {\n  margin: 0px 0px 15px 0px;\n}\n<\/style>\n\t<\/div>\n\n\t\n<\/div>\n\t\t<\/div>\n\t\t\t\t\t<\/div>\n\n\t\n<\/div>\n<\/div><\/div><\/div>\n\t<div id=\"gap-1314550264\" class=\"gap-element clearfix\" style=\"display:block; height:auto;\">\n\t\t\n<style>\n#gap-1314550264 {\n  padding-top: 30px;\n}\n<\/style>\n\t<\/div>\n\t\n<p><strong>T\u00f6\u00f6k\u00f5rgus:<\/strong> ca. 3,65 m <\/p>\n<p>Redel on toodetud vastavalt standardile <strong> DIN EN-131<\/strong>.<\/p>\n\t\t<\/div>\n\t\t\t\t\t<\/div>\n\n\t\n\n\t<div id=\"col-1364008818\" class=\"col medium-3 small-12 large-3\"  >\n\t\t\t\t<div class=\"col-inner\"  >\n\t\t\t\n\t\t\t\n\t<div id=\"gap-1340961706\" class=\"gap-element clearfix\" style=\"display:block; height:auto;\">\n\t\t\n<style>\n#gap-1340961706 {\n  padding-top: 30px;\n}\n<\/style>\n\t<\/div>\n\t\n<img decoding=\"async\" src=\"https:\/\/espak.ee\/epood\/wp-content\/uploads\/KRAUSE_logo_oryginal_04062009-150x75.jpg\" alt=\"\" width=\"150\" height=\"75\" class=\"alignnone size-thumbnail wp-image-33864\" srcset=\"https:\/\/espak.ee\/epood\/wp-content\/uploads\/KRAUSE_logo_oryginal_04062009-150x75.jpg 150w, https:\/\/espak.ee\/epood\/wp-content\/uploads\/KRAUSE_logo_oryginal_04062009-500x251.jpg 500w, https:\/\/espak.ee\/epood\/wp-content\/uploads\/KRAUSE_logo_oryginal_04062009-769x386.jpg 769w, https:\/\/espak.ee\/epood\/wp-content\/uploads\/KRAUSE_logo_oryginal_04062009-300x151.jpg 300w, https:\/\/espak.ee\/epood\/wp-content\/uploads\/KRAUSE_logo_oryginal_04062009-768x386.jpg 768w, https:\/\/espak.ee\/epood\/wp-content\/uploads\/KRAUSE_logo_oryginal_04062009-1024x515.jpg 1024w, https:\/\/espak.ee\/epood\/wp-content\/uploads\/KRAUSE_logo_oryginal_04062009.jpg 2048w\" sizes=\"(max-width: 150px) 100vw, 150px\" \/><\/p>\n\t\t<\/div>\n\t\t\t\t\t<\/div>\n\n\t\n<\/div>\n","protected":false},"excerpt":{"rendered":"","protected":false},"featured_media":34358,"comment_status":"closed","ping_status":"closed","template":"","meta":[],"product_brand":[],"product_cat":[2893,3068,3063,3062],"product_tag":[],"class_list":{"0":"post-20124","1":"product","2":"type-product","3":"status-publish","4":"has-post-thumbnail","6":"product_cat-rauakaubad","7":"product_cat-redel-trepid","8":"product_cat-redelid","9":"product_cat-redelid-ja-tellingud","10":"pa_kaubamark-krause-systems","12":"first","13":"instock","14":"sale","15":"taxable","16":"shipping-taxable","17":"purchasable","18":"product-type-simple"},"yoast_head":"<!-- This site is optimized with the Yoast SEO plugin v26.9 - https:\/\/yoast.com\/product\/yoast-seo-wordpress\/ -->\n<title>TREPPREDEL STABILO 7 ASTET ROLL\/STOP - Espak E-pood<\/title>\n<meta name=\"robots\" content=\"index, follow, max-snippet:-1, max-image-preview:large, max-video-preview:-1\" \/>\n<link rel=\"canonical\" href=\"https:\/\/espak.ee\/epood\/toode\/treppredel-stabilo-7-astet-roll-stop\/\" \/>\n<meta property=\"og:locale\" content=\"et_EE\" \/>\n<meta property=\"og:type\" content=\"article\" \/>\n<meta property=\"og:title\" content=\"TREPPREDEL STABILO 7 ASTET ROLL\/STOP - Espak E-pood\" \/>\n<meta property=\"og:url\" content=\"https:\/\/espak.ee\/epood\/toode\/treppredel-stabilo-7-astet-roll-stop\/\" \/>\n<meta property=\"og:site_name\" content=\"Espak E-pood\" \/>\n<meta property=\"article:modified_time\" content=\"2024-03-22T21:45:45+00:00\" \/>\n<meta property=\"og:image\" content=\"https:\/\/espak.ee\/epood\/wp-content\/uploads\/124647.jpg\" \/>\n\t<meta property=\"og:image:width\" content=\"1000\" \/>\n\t<meta property=\"og:image:height\" content=\"1000\" \/>\n\t<meta property=\"og:image:type\" content=\"image\/jpeg\" \/>\n<meta name=\"twitter:card\" content=\"summary_large_image\" \/>\n<meta name=\"twitter:label1\" content=\"Est. reading time\" \/>\n\t<meta name=\"twitter:data1\" content=\"1 minut\" \/>\n<script type=\"application\/ld+json\" class=\"yoast-schema-graph\">{\"@context\":\"https:\/\/schema.org\",\"@graph\":[{\"@type\":\"WebPage\",\"@id\":\"https:\/\/espak.ee\/epood\/toode\/treppredel-stabilo-7-astet-roll-stop\/\",\"url\":\"https:\/\/espak.ee\/epood\/toode\/treppredel-stabilo-7-astet-roll-stop\/\",\"name\":\"TREPPREDEL STABILO 7 ASTET ROLL\/STOP - Espak E-pood\",\"isPartOf\":{\"@id\":\"https:\/\/espak.ee\/epood\/#website\"},\"primaryImageOfPage\":{\"@id\":\"https:\/\/espak.ee\/epood\/toode\/treppredel-stabilo-7-astet-roll-stop\/#primaryimage\"},\"image\":{\"@id\":\"https:\/\/espak.ee\/epood\/toode\/treppredel-stabilo-7-astet-roll-stop\/#primaryimage\"},\"thumbnailUrl\":\"https:\/\/espak.ee\/epood\/wp-content\/uploads\/124647.jpg\",\"datePublished\":\"2020-04-15T00:51:50+00:00\",\"dateModified\":\"2024-03-22T21:45:45+00:00\",\"breadcrumb\":{\"@id\":\"https:\/\/espak.ee\/epood\/toode\/treppredel-stabilo-7-astet-roll-stop\/#breadcrumb\"},\"inLanguage\":\"et\",\"potentialAction\":[{\"@type\":\"ReadAction\",\"target\":[\"https:\/\/espak.ee\/epood\/toode\/treppredel-stabilo-7-astet-roll-stop\/\"]}]},{\"@type\":\"ImageObject\",\"inLanguage\":\"et\",\"@id\":\"https:\/\/espak.ee\/epood\/toode\/treppredel-stabilo-7-astet-roll-stop\/#primaryimage\",\"url\":\"https:\/\/espak.ee\/epood\/wp-content\/uploads\/124647.jpg\",\"contentUrl\":\"https:\/\/espak.ee\/epood\/wp-content\/uploads\/124647.jpg\",\"width\":1000,\"height\":1000},{\"@type\":\"BreadcrumbList\",\"@id\":\"https:\/\/espak.ee\/epood\/toode\/treppredel-stabilo-7-astet-roll-stop\/#breadcrumb\",\"itemListElement\":[{\"@type\":\"ListItem\",\"position\":1,\"name\":\"Home\",\"item\":\"https:\/\/espak.ee\/epood\/\"},{\"@type\":\"ListItem\",\"position\":2,\"name\":\"Tootevalik\",\"item\":\"https:\/\/espak.ee\/epood\/tootevalik\/\"},{\"@type\":\"ListItem\",\"position\":3,\"name\":\"TREPPREDEL STABILO 7 ASTET ROLL\/STOP\"}]},{\"@type\":\"WebSite\",\"@id\":\"https:\/\/espak.ee\/epood\/#website\",\"url\":\"https:\/\/espak.ee\/epood\/\",\"name\":\"Espak E-pood\",\"description\":\"\",\"potentialAction\":[{\"@type\":\"SearchAction\",\"target\":{\"@type\":\"EntryPoint\",\"urlTemplate\":\"https:\/\/espak.ee\/epood\/?s={search_term_string}\"},\"query-input\":{\"@type\":\"PropertyValueSpecification\",\"valueRequired\":true,\"valueName\":\"search_term_string\"}}],\"inLanguage\":\"et\"}]}<\/script>\n<!-- \/ Yoast SEO plugin. -->","yoast_head_json":{"title":"TREPPREDEL STABILO 7 ASTET ROLL\/STOP - Espak E-pood","robots":{"index":"index","follow":"follow","max-snippet":"max-snippet:-1","max-image-preview":"max-image-preview:large","max-video-preview":"max-video-preview:-1"},"canonical":"https:\/\/espak.ee\/epood\/toode\/treppredel-stabilo-7-astet-roll-stop\/","og_locale":"et_EE","og_type":"article","og_title":"TREPPREDEL STABILO 7 ASTET ROLL\/STOP - Espak E-pood","og_url":"https:\/\/espak.ee\/epood\/toode\/treppredel-stabilo-7-astet-roll-stop\/","og_site_name":"Espak E-pood","article_modified_time":"2024-03-22T21:45:45+00:00","og_image":[{"width":1000,"height":1000,"url":"https:\/\/espak.ee\/epood\/wp-content\/uploads\/124647.jpg","type":"image\/jpeg"}],"twitter_card":"summary_large_image","twitter_misc":{"Est. reading time":"1 minut"},"schema":{"@context":"https:\/\/schema.org","@graph":[{"@type":"WebPage","@id":"https:\/\/espak.ee\/epood\/toode\/treppredel-stabilo-7-astet-roll-stop\/","url":"https:\/\/espak.ee\/epood\/toode\/treppredel-stabilo-7-astet-roll-stop\/","name":"TREPPREDEL STABILO 7 ASTET ROLL\/STOP - Espak E-pood","isPartOf":{"@id":"https:\/\/espak.ee\/epood\/#website"},"primaryImageOfPage":{"@id":"https:\/\/espak.ee\/epood\/toode\/treppredel-stabilo-7-astet-roll-stop\/#primaryimage"},"image":{"@id":"https:\/\/espak.ee\/epood\/toode\/treppredel-stabilo-7-astet-roll-stop\/#primaryimage"},"thumbnailUrl":"https:\/\/espak.ee\/epood\/wp-content\/uploads\/124647.jpg","datePublished":"2020-04-15T00:51:50+00:00","dateModified":"2024-03-22T21:45:45+00:00","breadcrumb":{"@id":"https:\/\/espak.ee\/epood\/toode\/treppredel-stabilo-7-astet-roll-stop\/#breadcrumb"},"inLanguage":"et","potentialAction":[{"@type":"ReadAction","target":["https:\/\/espak.ee\/epood\/toode\/treppredel-stabilo-7-astet-roll-stop\/"]}]},{"@type":"ImageObject","inLanguage":"et","@id":"https:\/\/espak.ee\/epood\/toode\/treppredel-stabilo-7-astet-roll-stop\/#primaryimage","url":"https:\/\/espak.ee\/epood\/wp-content\/uploads\/124647.jpg","contentUrl":"https:\/\/espak.ee\/epood\/wp-content\/uploads\/124647.jpg","width":1000,"height":1000},{"@type":"BreadcrumbList","@id":"https:\/\/espak.ee\/epood\/toode\/treppredel-stabilo-7-astet-roll-stop\/#breadcrumb","itemListElement":[{"@type":"ListItem","position":1,"name":"Home","item":"https:\/\/espak.ee\/epood\/"},{"@type":"ListItem","position":2,"name":"Tootevalik","item":"https:\/\/espak.ee\/epood\/tootevalik\/"},{"@type":"ListItem","position":3,"name":"TREPPREDEL STABILO 7 ASTET ROLL\/STOP"}]},{"@type":"WebSite","@id":"https:\/\/espak.ee\/epood\/#website","url":"https:\/\/espak.ee\/epood\/","name":"Espak E-pood","description":"","potentialAction":[{"@type":"SearchAction","target":{"@type":"EntryPoint","urlTemplate":"https:\/\/espak.ee\/epood\/?s={search_term_string}"},"query-input":{"@type":"PropertyValueSpecification","valueRequired":true,"valueName":"search_term_string"}}],"inLanguage":"et"}]}},"_links":{"self":[{"href":"https:\/\/espak.ee\/epood\/wp-json\/wp\/v2\/product\/20124","targetHints":{"allow":["GET"]}}],"collection":[{"href":"https:\/\/espak.ee\/epood\/wp-json\/wp\/v2\/product"}],"about":[{"href":"https:\/\/espak.ee\/epood\/wp-json\/wp\/v2\/types\/product"}],"replies":[{"embeddable":true,"href":"https:\/\/espak.ee\/epood\/wp-json\/wp\/v2\/comments?post=20124"}],"wp:featuredmedia":[{"embeddable":true,"href":"https:\/\/espak.ee\/epood\/wp-json\/wp\/v2\/media\/34358"}],"wp:attachment":[{"href":"https:\/\/espak.ee\/epood\/wp-json\/wp\/v2\/media?parent=20124"}],"wp:term":[{"taxonomy":"product_brand","embeddable":true,"href":"https:\/\/espak.ee\/epood\/wp-json\/wp\/v2\/product_brand?post=20124"},{"taxonomy":"product_cat","embeddable":true,"href":"https:\/\/espak.ee\/epood\/wp-json\/wp\/v2\/product_cat?post=20124"},{"taxonomy":"product_tag","embeddable":true,"href":"https:\/\/espak.ee\/epood\/wp-json\/wp\/v2\/product_tag?post=20124"}],"curies":[{"name":"wp","href":"https:\/\/api.w.org\/{rel}","templated":true}]}}