{"id":201232,"date":"2024-06-06T05:10:03","date_gmt":"2024-06-06T02:10:03","guid":{"rendered":"https:\/\/espak.ee\/epood\/?post_type=product&#038;p=201232"},"modified":"2024-08-27T00:00:00","modified_gmt":"2024-08-26T21:00:00","slug":"silikoonvarv-ceresit-ct-48-toonitav-15l-labipaistev","status":"publish","type":"product","link":"https:\/\/espak.ee\/epood\/toode\/silikoonvarv-ceresit-ct-48-toonitav-15l-labipaistev\/","title":{"rendered":"SILIKOONV\u00c4RV CERESIT CT-48 TOONITAV 15L L\u00c4BIPAISTEV"},"content":{"rendered":"<div class=\"row\"  id=\"row-1767380348\">\n\n\t<div id=\"col-672098259\" class=\"col medium-9 small-12 large-9\"  >\n\t\t\t\t<div class=\"col-inner\"  >\n\t\t\t\n\t\t\t\n<h3>Silikoonv\u00e4rv Ceresit CT-48 15L l\u00e4bipaistev &#8211; toonitav!<\/h3>\n<p>H\u00fcdrofoobne, veeauru l\u00e4bilaskev v\u00e4rv fassaadi- ja siset\u00f6\u00f6deks.<\/p>\n<div class=\"message-box relative\" style=\"padding-top:15px;padding-bottom:15px;\"><div class=\"message-box-bg-image bg-fill fill\" ><\/div><div class=\"message-box-bg-overlay bg-fill fill\" ><\/div><div class=\"container relative\"><div class=\"inner last-reset\">\n<div class=\"row align-middle align-center\"  id=\"row-1860282735\">\n\n\t<div id=\"col-966192031\" class=\"col small-12 large-12\"  >\n\t\t\t\t<div class=\"col-inner text-left\"  >\n\t\t\t\n\t\t\t\n<h4>Omadused<\/h4>\n<div class=\"row\"  id=\"row-1994766102\">\n\n\t<div id=\"col-1063048159\" class=\"col medium-6 small-12 large-6\"  >\n\t\t\t\t<div class=\"col-inner\"  >\n\t\t\t\n\t\t\t\n<p><i class=\"fa fa-check fa-2x\"><\/i> <strong>V\u00e4heimav<\/strong><\/p>\n<p><i class=\"fa fa-check fa-2x\"><\/i> <strong>Hingav<\/strong><\/p>\n\t\t<\/div>\n\t\t\t\t\n<style>\n#col-1063048159 > .col-inner {\n  margin: 0px 0px 15px 0px;\n}\n<\/style>\n\t<\/div>\n\n\t\n\n\t<div id=\"col-1108994809\" class=\"col medium-6 small-12 large-6\"  >\n\t\t\t\t<div class=\"col-inner\"  >\n\t\t\t\n\t\t\t\n<p><i class=\"fa fa-check fa-2x\"><\/i> <strong>M\u00e4\u00e4rdumiskindel<\/strong><\/p>\n<p><i class=\"fa fa-check fa-2x\"><\/i> <strong>Vastupidav<\/strong><\/p>\n\t\t<\/div>\n\t\t\t\t\n<style>\n#col-1108994809 > .col-inner {\n  margin: 0px 0px 15px 0px;\n}\n<\/style>\n\t<\/div>\n\n\t\n<\/div>\n\t\t<\/div>\n\t\t\t\t\t<\/div>\n\n\t\n<\/div>\n<\/div><\/div><\/div>\n\t<div id=\"gap-703650348\" class=\"gap-element clearfix\" style=\"display:block; height:auto;\">\n\t\t\n<style>\n#gap-703650348 {\n  padding-top: 30px;\n}\n<\/style>\n\t<\/div>\n\t\n<h3>Kasutamise \u00fcksikasjad<\/h3>\n<p><strong>Kasutusala:<\/strong> CT 48 kasutatakse fassaadide, betoonkonstruktsioonide ja siseruumide v\u00e4rvimiseks. Kasutatav mineraalsetel pindadel (betoon, tsement-, lubi-tsement- ja lubikrohvid). V\u00e4rvi v\u00f5ib kasutada mineraalkrohvide CT 34, CT 35 ja CT 137, akr\u00fc\u00fclkrohvide CT 60, CT 63 ja CT 64 ning Ceresit ETICS (krohvitud v\u00e4liste soojusisolatsiooni liits\u00fcsteemide) puhul EPS-plaatide (vahtpol\u00fcst\u00fcroolplaatide) kasutamisel. V\u00e4rvi struktuur tagab niiskuse kiire aurumise pinnast, tagades \u00fchtlasi t\u00f5husa kaitse pinnaniiskuse eest. V\u00e4rvis kasutatava sideaine t\u00f5ttu voolab vesi m\u00e4rgunud pinnalt piiskadena maha. CT 48 soovitatakse eriti ajaloom\u00e4lestiste renoveerimiseks ning \u00f5huliste krohvide, samuti k\u00f5igi vastupidavust ja kena v\u00e4limust n\u00f5udvate pindade jaoks.  CT 48-ga kaetud fassaade v\u00f5ib pesta madala survega pesuseadmetega.<br \/>\nFassaadi kokkupuude p\u00e4ikesega p\u00f5hjustab ohtlikke pingeid, mist\u00f5ttu tumedaid toone v\u00f5ib kasutada vaid v\u00e4ikestel pindadel (n\u00e4it. arhitektoonsed detailid). BioProtect-koostis tagab fassaadi t\u00f5husa ja vastupidava kaitse bioloogiliste m\u00f5jurite (seened, hallitus ja vetikad) eest.<\/p>\n<p><strong>Aluspinna ettevalmistus:<\/strong> Silikoonv\u00e4rvi CT 48 v\u00f5ib kanda j\u00e4rgmistele kandvatele, tasastele, kuivadele ja nakkuvust halvendavatest ainetest (rasvast, bituumenist ja tolmust) puhastele pindadele:<br \/>\n&#8211; betoon (v\u00e4hemalt 28 p\u00e4eva vana);<br \/>\n&#8211; harilik tsementkrohv, lubi-tsementkrohv ja lubikrohv (v\u00e4hemalt 14 p\u00e4eva vanune);<br \/>\n&#8211; \u00f5hukesekihiline mineraal- ja mineraal-pol\u00fcmeerkrohv (v\u00e4hemalt 7 p\u00e4eva vanune);<br \/>\n&#8211; \u00f5hukesekihiline akr\u00fc\u00fcl- ja silikoonkrohv (v\u00e4hemalt 3 p\u00e4eva vanune);<br \/>\n&#8211; \u00f5hukesekihiline silikaatkrohv (v\u00e4hemalt 5 p\u00e4eva vanune);<br \/>\n&#8211; alla 1%-lise niiskusesisaldusega ja vahendiga Ceresit CT 17 krunditud kipspinnad (ainult sisetingimustes);<br \/>\n&#8211; plaaditootja juhiste kohaselt kinnitatud ja vahendiga Ceresit CT 17 krunditud kipsplaadid (ainult sisetingimustes);<br \/>\n&#8211; aluspinnaga h\u00e4sti nakkuvad tugevad v\u00e4rvkatted.<br \/>\nK\u00f5igepealt parandage ebatasased ja kahjustatud aluspinnad. Selleks v\u00f5ib kasutada pahtlit Ceresit CT 29. Soovitame kontrollida vanade mineraalkatete vastupidavust. M\u00e4\u00e4rdunud kohad, n\u00f5rgad kihid, lubi- ja liimv\u00e4rvidega kaetud pinnad ning tapeedi- ja liimij\u00e4\u00e4gid tuleb t\u00e4ielikult eemaldada. Puhastamiseks soovitatakse kasutada survepesu puhastusvahendiga CT 98. Laske pestud pindadel \u00e4ra kuivada.<\/p>\n<p><strong>T\u00f6\u00f6de k\u00e4ik:<\/strong> Enne pealekandmist segage v\u00e4rvi segumikseriga korralikult umbes 2 minutit. Tavaliselt piisab 2 v\u00e4rvikihist. Kihtide pealekandmise vahele peab j\u00e4\u00e4ma v\u00e4hemalt 12 \u2013 24 tundi. CT 48 v\u00f5ib peale kanda pintsli, rulli v\u00f5i pritsiga. P\u00f6\u00f6rake t\u00e4helepanu \u00fchtlase pinnakihi moodustamisele. Vajadusel v\u00f5ib v\u00e4rvile lisada kuni 5% vett (sel juhul tuleb toodet hoolikalt segada). \u00c4rge kasutage roostes anumaid ega t\u00f6\u00f6riistu. Tehke \u00fcks pind teha korraga valmis, kasutades pakendil m\u00e4rgitud sama numbriga tootepartiid v\u00f5i segades eri partiide sisu kokku. V\u00e4rvi v\u00f5ib peale kanda pritsiga (n\u00e4iteks Wagner PS 22 v\u00f5i PS 30, otsik 517, r\u00f5hk 160\u2013200 baari, masina j\u00f5udlus 12 l\/min). Katke v\u00e4rvimata j\u00e4\u00e4vad pinnad nagu aknad ja uksed tuleb kinni (nt kilega). Katke kinni katta ka p\u00f5\u00f5sad, taimed jne. V\u00e4rsked plekid saab kohe maha veega. Ka t\u00f6\u00f6riistad tuleb vahetult p\u00e4rast kasuta-mist hoolikalt veega puhtaks pesta.<\/p>\n<p><strong>T\u00e4helepanu:<\/strong> V\u00e4rvimise ajal peab \u00f5hu ja pinna temperatuur olema + 5\u00b0 kuni + 25\u00b0C ja suhteline \u00f5huniiskus alla 80%. Kuna v\u00e4rv v\u00f5ib klaaskeraamikal, puidul, metallil ja kivil p\u00f5hjustada p\u00fcsivat toonimuutust, tuleb k\u00f5ik CT 48-ga kokkupuutuvad esemed kinni katta. Kaitske nahka ja silmi. Kandke kaitsekindaid ja &#8211; prille. Peske plekid hoolikalt veega maha. V\u00e4rvi silma sattumisel loputage veega ja p\u00f6\u00f6rduge arsti poole. Hoidke lastele k\u00e4ttesaamatult! Tekstis esitatud toimivusomadusi on kirjeldatud toote toimivusdeklaratsioonis.<\/p>\n\t\t<\/div>\n\t\t\t\t\t<\/div>\n\n\t\n\n\t<div id=\"col-975657461\" class=\"col medium-3 small-12 large-3\"  >\n\t\t\t\t<div class=\"col-inner\"  >\n\t\t\t\n\t\t\t\n\t<div id=\"gap-920003118\" class=\"gap-element clearfix\" style=\"display:block; height:auto;\">\n\t\t\n<style>\n#gap-920003118 {\n  padding-top: 30px;\n}\n<\/style>\n\t<\/div>\n\t\n<h3>Tehniline informatsioon<\/h3>\n<p><a href=\"https:\/\/espak.ee\/epood\/wp-content\/uploads\/CT48-tooeleht.pdf\" target=\"_blank\" rel=\"noopener noreferrer\"><i class=\"fa fa-file-pdf-o\"><\/i> Tehniline info (PDF)<\/a><\/p>\n<h3>Ohutusalane teave<\/h3>\n<p><a href=\"https:\/\/espak.ee\/epood\/wp-content\/uploads\/CT48-ohutuskaart.pdf\" target=\"_blank\" rel=\"noopener noreferrer\"><i class=\"fa fa-file-pdf-o\"><\/i> Ohutusalane teave (PDF)<\/a><\/p>\n<div class=\"is-divider divider clearfix\" ><\/div>\n<p><strong>\u00dcksikasjalikuma n\u00f5u saamiseks v\u00f5tke \u00fchendust:<br \/><\/strong>Henkel Balti<br \/>S\u00f5bra 56 B<br \/>51013<br \/>Tartu<br \/>+ 372 7305800<\/p>\n<div class=\"is-divider divider clearfix\" ><\/div>\n\t\t<\/div>\n\t\t\t\t\t<\/div>\n\n\t\n<\/div>\n","protected":false},"excerpt":{"rendered":"","protected":false},"featured_media":201333,"comment_status":"closed","ping_status":"closed","template":"","meta":[],"product_brand":[],"product_cat":[2688,2685,2684,2683],"product_tag":[],"class_list":{"0":"post-201232","1":"product","2":"type-product","3":"status-publish","4":"has-post-thumbnail","6":"product_cat-kivipindade-varvid","7":"product_cat-varvid","8":"product_cat-varvid-lakid-lahustid-puidukaitsed-olid","9":"product_cat-viimistluskaubad","10":"product_shipping_class-dpd-cold","11":"pa_kaubamark-henkel-balti-ou","13":"first","14":"outofstock","15":"sale","16":"taxable","17":"shipping-taxable","18":"purchasable","19":"product-type-simple"},"yoast_head":"<!-- This site is optimized with the Yoast SEO plugin v26.9 - https:\/\/yoast.com\/product\/yoast-seo-wordpress\/ -->\n<title>SILIKOONV\u00c4RV CERESIT CT-48 TOONITAV 15L L\u00c4BIPAISTEV - Espak E-pood<\/title>\n<meta name=\"robots\" content=\"index, follow, max-snippet:-1, max-image-preview:large, max-video-preview:-1\" \/>\n<link rel=\"canonical\" href=\"https:\/\/espak.ee\/epood\/toode\/silikoonvarv-ceresit-ct-48-toonitav-15l-labipaistev\/\" \/>\n<meta property=\"og:locale\" content=\"et_EE\" \/>\n<meta property=\"og:type\" content=\"article\" \/>\n<meta property=\"og:title\" content=\"SILIKOONV\u00c4RV CERESIT CT-48 TOONITAV 15L L\u00c4BIPAISTEV - Espak E-pood\" \/>\n<meta property=\"og:url\" content=\"https:\/\/espak.ee\/epood\/toode\/silikoonvarv-ceresit-ct-48-toonitav-15l-labipaistev\/\" \/>\n<meta property=\"og:site_name\" content=\"Espak E-pood\" \/>\n<meta property=\"article:modified_time\" content=\"2024-08-26T21:00:00+00:00\" \/>\n<meta property=\"og:image\" content=\"https:\/\/espak.ee\/epood\/wp-content\/uploads\/2024\/06\/bal-ceresit-packshot-front-ct48.jpg\" \/>\n\t<meta property=\"og:image:width\" content=\"1000\" \/>\n\t<meta property=\"og:image:height\" content=\"1000\" \/>\n\t<meta property=\"og:image:type\" content=\"image\/jpeg\" \/>\n<meta name=\"twitter:card\" content=\"summary_large_image\" \/>\n<meta name=\"twitter:label1\" content=\"Est. reading time\" \/>\n\t<meta name=\"twitter:data1\" content=\"3 minutit\" \/>\n<script type=\"application\/ld+json\" class=\"yoast-schema-graph\">{\"@context\":\"https:\/\/schema.org\",\"@graph\":[{\"@type\":\"WebPage\",\"@id\":\"https:\/\/espak.ee\/epood\/toode\/silikoonvarv-ceresit-ct-48-toonitav-15l-labipaistev\/\",\"url\":\"https:\/\/espak.ee\/epood\/toode\/silikoonvarv-ceresit-ct-48-toonitav-15l-labipaistev\/\",\"name\":\"SILIKOONV\u00c4RV CERESIT CT-48 TOONITAV 15L L\u00c4BIPAISTEV - Espak E-pood\",\"isPartOf\":{\"@id\":\"https:\/\/espak.ee\/epood\/#website\"},\"primaryImageOfPage\":{\"@id\":\"https:\/\/espak.ee\/epood\/toode\/silikoonvarv-ceresit-ct-48-toonitav-15l-labipaistev\/#primaryimage\"},\"image\":{\"@id\":\"https:\/\/espak.ee\/epood\/toode\/silikoonvarv-ceresit-ct-48-toonitav-15l-labipaistev\/#primaryimage\"},\"thumbnailUrl\":\"https:\/\/espak.ee\/epood\/wp-content\/uploads\/2024\/06\/bal-ceresit-packshot-front-ct48.jpg\",\"datePublished\":\"2024-06-06T02:10:03+00:00\",\"dateModified\":\"2024-08-26T21:00:00+00:00\",\"breadcrumb\":{\"@id\":\"https:\/\/espak.ee\/epood\/toode\/silikoonvarv-ceresit-ct-48-toonitav-15l-labipaistev\/#breadcrumb\"},\"inLanguage\":\"et\",\"potentialAction\":[{\"@type\":\"ReadAction\",\"target\":[\"https:\/\/espak.ee\/epood\/toode\/silikoonvarv-ceresit-ct-48-toonitav-15l-labipaistev\/\"]}]},{\"@type\":\"ImageObject\",\"inLanguage\":\"et\",\"@id\":\"https:\/\/espak.ee\/epood\/toode\/silikoonvarv-ceresit-ct-48-toonitav-15l-labipaistev\/#primaryimage\",\"url\":\"https:\/\/espak.ee\/epood\/wp-content\/uploads\/2024\/06\/bal-ceresit-packshot-front-ct48.jpg\",\"contentUrl\":\"https:\/\/espak.ee\/epood\/wp-content\/uploads\/2024\/06\/bal-ceresit-packshot-front-ct48.jpg\",\"width\":1000,\"height\":1000},{\"@type\":\"BreadcrumbList\",\"@id\":\"https:\/\/espak.ee\/epood\/toode\/silikoonvarv-ceresit-ct-48-toonitav-15l-labipaistev\/#breadcrumb\",\"itemListElement\":[{\"@type\":\"ListItem\",\"position\":1,\"name\":\"Home\",\"item\":\"https:\/\/espak.ee\/epood\/\"},{\"@type\":\"ListItem\",\"position\":2,\"name\":\"Tootevalik\",\"item\":\"https:\/\/espak.ee\/epood\/tootevalik\/\"},{\"@type\":\"ListItem\",\"position\":3,\"name\":\"SILIKOONV\u00c4RV CERESIT CT-48 TOONITAV 15L L\u00c4BIPAISTEV\"}]},{\"@type\":\"WebSite\",\"@id\":\"https:\/\/espak.ee\/epood\/#website\",\"url\":\"https:\/\/espak.ee\/epood\/\",\"name\":\"Espak E-pood\",\"description\":\"\",\"potentialAction\":[{\"@type\":\"SearchAction\",\"target\":{\"@type\":\"EntryPoint\",\"urlTemplate\":\"https:\/\/espak.ee\/epood\/?s={search_term_string}\"},\"query-input\":{\"@type\":\"PropertyValueSpecification\",\"valueRequired\":true,\"valueName\":\"search_term_string\"}}],\"inLanguage\":\"et\"}]}<\/script>\n<!-- \/ Yoast SEO plugin. -->","yoast_head_json":{"title":"SILIKOONV\u00c4RV CERESIT CT-48 TOONITAV 15L L\u00c4BIPAISTEV - Espak E-pood","robots":{"index":"index","follow":"follow","max-snippet":"max-snippet:-1","max-image-preview":"max-image-preview:large","max-video-preview":"max-video-preview:-1"},"canonical":"https:\/\/espak.ee\/epood\/toode\/silikoonvarv-ceresit-ct-48-toonitav-15l-labipaistev\/","og_locale":"et_EE","og_type":"article","og_title":"SILIKOONV\u00c4RV CERESIT CT-48 TOONITAV 15L L\u00c4BIPAISTEV - Espak E-pood","og_url":"https:\/\/espak.ee\/epood\/toode\/silikoonvarv-ceresit-ct-48-toonitav-15l-labipaistev\/","og_site_name":"Espak E-pood","article_modified_time":"2024-08-26T21:00:00+00:00","og_image":[{"width":1000,"height":1000,"url":"https:\/\/espak.ee\/epood\/wp-content\/uploads\/2024\/06\/bal-ceresit-packshot-front-ct48.jpg","type":"image\/jpeg"}],"twitter_card":"summary_large_image","twitter_misc":{"Est. reading time":"3 minutit"},"schema":{"@context":"https:\/\/schema.org","@graph":[{"@type":"WebPage","@id":"https:\/\/espak.ee\/epood\/toode\/silikoonvarv-ceresit-ct-48-toonitav-15l-labipaistev\/","url":"https:\/\/espak.ee\/epood\/toode\/silikoonvarv-ceresit-ct-48-toonitav-15l-labipaistev\/","name":"SILIKOONV\u00c4RV CERESIT CT-48 TOONITAV 15L L\u00c4BIPAISTEV - Espak E-pood","isPartOf":{"@id":"https:\/\/espak.ee\/epood\/#website"},"primaryImageOfPage":{"@id":"https:\/\/espak.ee\/epood\/toode\/silikoonvarv-ceresit-ct-48-toonitav-15l-labipaistev\/#primaryimage"},"image":{"@id":"https:\/\/espak.ee\/epood\/toode\/silikoonvarv-ceresit-ct-48-toonitav-15l-labipaistev\/#primaryimage"},"thumbnailUrl":"https:\/\/espak.ee\/epood\/wp-content\/uploads\/2024\/06\/bal-ceresit-packshot-front-ct48.jpg","datePublished":"2024-06-06T02:10:03+00:00","dateModified":"2024-08-26T21:00:00+00:00","breadcrumb":{"@id":"https:\/\/espak.ee\/epood\/toode\/silikoonvarv-ceresit-ct-48-toonitav-15l-labipaistev\/#breadcrumb"},"inLanguage":"et","potentialAction":[{"@type":"ReadAction","target":["https:\/\/espak.ee\/epood\/toode\/silikoonvarv-ceresit-ct-48-toonitav-15l-labipaistev\/"]}]},{"@type":"ImageObject","inLanguage":"et","@id":"https:\/\/espak.ee\/epood\/toode\/silikoonvarv-ceresit-ct-48-toonitav-15l-labipaistev\/#primaryimage","url":"https:\/\/espak.ee\/epood\/wp-content\/uploads\/2024\/06\/bal-ceresit-packshot-front-ct48.jpg","contentUrl":"https:\/\/espak.ee\/epood\/wp-content\/uploads\/2024\/06\/bal-ceresit-packshot-front-ct48.jpg","width":1000,"height":1000},{"@type":"BreadcrumbList","@id":"https:\/\/espak.ee\/epood\/toode\/silikoonvarv-ceresit-ct-48-toonitav-15l-labipaistev\/#breadcrumb","itemListElement":[{"@type":"ListItem","position":1,"name":"Home","item":"https:\/\/espak.ee\/epood\/"},{"@type":"ListItem","position":2,"name":"Tootevalik","item":"https:\/\/espak.ee\/epood\/tootevalik\/"},{"@type":"ListItem","position":3,"name":"SILIKOONV\u00c4RV CERESIT CT-48 TOONITAV 15L L\u00c4BIPAISTEV"}]},{"@type":"WebSite","@id":"https:\/\/espak.ee\/epood\/#website","url":"https:\/\/espak.ee\/epood\/","name":"Espak E-pood","description":"","potentialAction":[{"@type":"SearchAction","target":{"@type":"EntryPoint","urlTemplate":"https:\/\/espak.ee\/epood\/?s={search_term_string}"},"query-input":{"@type":"PropertyValueSpecification","valueRequired":true,"valueName":"search_term_string"}}],"inLanguage":"et"}]}},"_links":{"self":[{"href":"https:\/\/espak.ee\/epood\/wp-json\/wp\/v2\/product\/201232","targetHints":{"allow":["GET"]}}],"collection":[{"href":"https:\/\/espak.ee\/epood\/wp-json\/wp\/v2\/product"}],"about":[{"href":"https:\/\/espak.ee\/epood\/wp-json\/wp\/v2\/types\/product"}],"replies":[{"embeddable":true,"href":"https:\/\/espak.ee\/epood\/wp-json\/wp\/v2\/comments?post=201232"}],"wp:featuredmedia":[{"embeddable":true,"href":"https:\/\/espak.ee\/epood\/wp-json\/wp\/v2\/media\/201333"}],"wp:attachment":[{"href":"https:\/\/espak.ee\/epood\/wp-json\/wp\/v2\/media?parent=201232"}],"wp:term":[{"taxonomy":"product_brand","embeddable":true,"href":"https:\/\/espak.ee\/epood\/wp-json\/wp\/v2\/product_brand?post=201232"},{"taxonomy":"product_cat","embeddable":true,"href":"https:\/\/espak.ee\/epood\/wp-json\/wp\/v2\/product_cat?post=201232"},{"taxonomy":"product_tag","embeddable":true,"href":"https:\/\/espak.ee\/epood\/wp-json\/wp\/v2\/product_tag?post=201232"}],"curies":[{"name":"wp","href":"https:\/\/api.w.org\/{rel}","templated":true}]}}