{"id":201008,"date":"2024-06-04T05:05:03","date_gmt":"2024-06-04T02:05:03","guid":{"rendered":"https:\/\/espak.ee\/epood\/?post_type=product&#038;p=201008"},"modified":"2025-04-08T11:18:09","modified_gmt":"2025-04-08T08:18:09","slug":"tikksaeterad-puidule-100-765mm-parisuunaline-hcs-2tk-626145","status":"publish","type":"product","link":"https:\/\/espak.ee\/epood\/toode\/tikksaeterad-puidule-100-765mm-parisuunaline-hcs-2tk-626145\/","title":{"rendered":"TIKKSAETERAD PUIDULE 100\/76,5MM P\u00c4RISUUNALINE HCS 2TK 626145"},"content":{"rendered":"<div class=\"row\"  id=\"row-1647000194\">\n\n\t<div id=\"col-1923215868\" class=\"col medium-9 small-12 large-9\"  >\n\t\t\t\t<div class=\"col-inner\"  >\n\t\t\t\n\t\t\t\n<h3>Tikksaetera puidule 100\/76,5mm p\u00e4risuunaline KWB 2tk\/pk<\/h3>\n<p>Tikksaetera pehmele ja k\u00f5vale puidule, plastikule ning saepuru- ja puitlaastplaadile.<br \/>\n Tera on valmistatud HCS s\u00fcsinikterasest, mis v\u00e4hendab t\u00f6\u00f6 k\u00e4igus saetera purunemise ohtu.<br \/>\nKarastatud saehambad tagavad kiired ja puhtad l\u00f5iked ning kauakestva teravuse. \u00dcldpikkus: 100 mm.<br \/>\nT\u00f6\u00f6pikkus: 76,5 mm.\n <\/p>\n\t\t<\/div>\n\t\t\t\t\t<\/div>\n\n\t\n\n\t<div id=\"col-1123239640\" class=\"col medium-3 small-12 large-3\"  >\n\t\t\t\t<div class=\"col-inner\"  >\n\t\t\t\n\t\t\t\n\t<div id=\"gap-759969738\" class=\"gap-element clearfix\" style=\"display:block; height:auto;\">\n\t\t\n<style>\n#gap-759969738 {\n  padding-top: 30px;\n}\n<\/style>\n\t<\/div>\n\t\n<p><strong>\u00dcksikasjalikuma n\u00f5u saamiseks v\u00f5tke \u00fchendust:<br \/><\/strong>Espak AS<br \/>Viadukti 42<br \/>11313<br \/>Tallinn<br \/> T\u00f6\u00f6riista osakond +372 6512 335<br \/><a href=\"mailto:tooriist@espak.ee\">tooriist@espak.ee<\/a><\/p>\n\t\t<\/div>\n\t\t\t\t\t<\/div>\n\n\t\n<\/div>\n","protected":false},"excerpt":{"rendered":"","protected":false},"featured_media":209631,"comment_status":"closed","ping_status":"closed","template":"","meta":[],"product_brand":[],"product_cat":[3056,3129,2679,2951],"product_tag":[],"class_list":{"0":"post-201008","1":"product","2":"type-product","3":"status-publish","4":"has-post-thumbnail","6":"product_cat-saeterad","7":"product_cat-tikksaeterad","8":"product_cat-tooriistad","9":"product_cat-tooriistatarvikud","10":"pa_kaubamark-kwb","12":"first","13":"instock","14":"sale","15":"taxable","16":"shipping-taxable","17":"purchasable","18":"product-type-simple"},"yoast_head":"<!-- This site is optimized with the Yoast SEO plugin v26.9 - https:\/\/yoast.com\/product\/yoast-seo-wordpress\/ -->\n<title>TIKKSAETERAD PUIDULE 100\/76,5MM P\u00c4RISUUNALINE HCS 2TK 626145 - Espak E-pood<\/title>\n<meta name=\"robots\" content=\"index, follow, max-snippet:-1, max-image-preview:large, max-video-preview:-1\" \/>\n<link rel=\"canonical\" href=\"https:\/\/espak.ee\/epood\/toode\/tikksaeterad-puidule-100-765mm-parisuunaline-hcs-2tk-626145\/\" \/>\n<meta property=\"og:locale\" content=\"et_EE\" \/>\n<meta property=\"og:type\" content=\"article\" \/>\n<meta property=\"og:title\" content=\"TIKKSAETERAD PUIDULE 100\/76,5MM P\u00c4RISUUNALINE HCS 2TK 626145 - Espak E-pood\" \/>\n<meta property=\"og:url\" content=\"https:\/\/espak.ee\/epood\/toode\/tikksaeterad-puidule-100-765mm-parisuunaline-hcs-2tk-626145\/\" \/>\n<meta property=\"og:site_name\" content=\"Espak E-pood\" \/>\n<meta property=\"article:modified_time\" content=\"2025-04-08T08:18:09+00:00\" \/>\n<meta property=\"og:image\" content=\"https:\/\/espak.ee\/epood\/wp-content\/uploads\/2024\/06\/626145_21013_100.jpg\" \/>\n\t<meta property=\"og:image:width\" content=\"1000\" \/>\n\t<meta property=\"og:image:height\" content=\"1000\" \/>\n\t<meta property=\"og:image:type\" content=\"image\/jpeg\" \/>\n<meta name=\"twitter:card\" content=\"summary_large_image\" \/>\n<script type=\"application\/ld+json\" class=\"yoast-schema-graph\">{\"@context\":\"https:\/\/schema.org\",\"@graph\":[{\"@type\":\"WebPage\",\"@id\":\"https:\/\/espak.ee\/epood\/toode\/tikksaeterad-puidule-100-765mm-parisuunaline-hcs-2tk-626145\/\",\"url\":\"https:\/\/espak.ee\/epood\/toode\/tikksaeterad-puidule-100-765mm-parisuunaline-hcs-2tk-626145\/\",\"name\":\"TIKKSAETERAD PUIDULE 100\/76,5MM P\u00c4RISUUNALINE HCS 2TK 626145 - Espak E-pood\",\"isPartOf\":{\"@id\":\"https:\/\/espak.ee\/epood\/#website\"},\"primaryImageOfPage\":{\"@id\":\"https:\/\/espak.ee\/epood\/toode\/tikksaeterad-puidule-100-765mm-parisuunaline-hcs-2tk-626145\/#primaryimage\"},\"image\":{\"@id\":\"https:\/\/espak.ee\/epood\/toode\/tikksaeterad-puidule-100-765mm-parisuunaline-hcs-2tk-626145\/#primaryimage\"},\"thumbnailUrl\":\"https:\/\/espak.ee\/epood\/wp-content\/uploads\/2024\/06\/626145_21013_100.jpg\",\"datePublished\":\"2024-06-04T02:05:03+00:00\",\"dateModified\":\"2025-04-08T08:18:09+00:00\",\"breadcrumb\":{\"@id\":\"https:\/\/espak.ee\/epood\/toode\/tikksaeterad-puidule-100-765mm-parisuunaline-hcs-2tk-626145\/#breadcrumb\"},\"inLanguage\":\"et\",\"potentialAction\":[{\"@type\":\"ReadAction\",\"target\":[\"https:\/\/espak.ee\/epood\/toode\/tikksaeterad-puidule-100-765mm-parisuunaline-hcs-2tk-626145\/\"]}]},{\"@type\":\"ImageObject\",\"inLanguage\":\"et\",\"@id\":\"https:\/\/espak.ee\/epood\/toode\/tikksaeterad-puidule-100-765mm-parisuunaline-hcs-2tk-626145\/#primaryimage\",\"url\":\"https:\/\/espak.ee\/epood\/wp-content\/uploads\/2024\/06\/626145_21013_100.jpg\",\"contentUrl\":\"https:\/\/espak.ee\/epood\/wp-content\/uploads\/2024\/06\/626145_21013_100.jpg\",\"width\":1000,\"height\":1000},{\"@type\":\"BreadcrumbList\",\"@id\":\"https:\/\/espak.ee\/epood\/toode\/tikksaeterad-puidule-100-765mm-parisuunaline-hcs-2tk-626145\/#breadcrumb\",\"itemListElement\":[{\"@type\":\"ListItem\",\"position\":1,\"name\":\"Home\",\"item\":\"https:\/\/espak.ee\/epood\/\"},{\"@type\":\"ListItem\",\"position\":2,\"name\":\"Tootevalik\",\"item\":\"https:\/\/espak.ee\/epood\/tootevalik\/\"},{\"@type\":\"ListItem\",\"position\":3,\"name\":\"TIKKSAETERAD PUIDULE 100\/76,5MM P\u00c4RISUUNALINE HCS 2TK 626145\"}]},{\"@type\":\"WebSite\",\"@id\":\"https:\/\/espak.ee\/epood\/#website\",\"url\":\"https:\/\/espak.ee\/epood\/\",\"name\":\"Espak E-pood\",\"description\":\"\",\"potentialAction\":[{\"@type\":\"SearchAction\",\"target\":{\"@type\":\"EntryPoint\",\"urlTemplate\":\"https:\/\/espak.ee\/epood\/?s={search_term_string}\"},\"query-input\":{\"@type\":\"PropertyValueSpecification\",\"valueRequired\":true,\"valueName\":\"search_term_string\"}}],\"inLanguage\":\"et\"}]}<\/script>\n<!-- \/ Yoast SEO plugin. -->","yoast_head_json":{"title":"TIKKSAETERAD PUIDULE 100\/76,5MM P\u00c4RISUUNALINE HCS 2TK 626145 - Espak E-pood","robots":{"index":"index","follow":"follow","max-snippet":"max-snippet:-1","max-image-preview":"max-image-preview:large","max-video-preview":"max-video-preview:-1"},"canonical":"https:\/\/espak.ee\/epood\/toode\/tikksaeterad-puidule-100-765mm-parisuunaline-hcs-2tk-626145\/","og_locale":"et_EE","og_type":"article","og_title":"TIKKSAETERAD PUIDULE 100\/76,5MM P\u00c4RISUUNALINE HCS 2TK 626145 - Espak E-pood","og_url":"https:\/\/espak.ee\/epood\/toode\/tikksaeterad-puidule-100-765mm-parisuunaline-hcs-2tk-626145\/","og_site_name":"Espak E-pood","article_modified_time":"2025-04-08T08:18:09+00:00","og_image":[{"width":1000,"height":1000,"url":"https:\/\/espak.ee\/epood\/wp-content\/uploads\/2024\/06\/626145_21013_100.jpg","type":"image\/jpeg"}],"twitter_card":"summary_large_image","schema":{"@context":"https:\/\/schema.org","@graph":[{"@type":"WebPage","@id":"https:\/\/espak.ee\/epood\/toode\/tikksaeterad-puidule-100-765mm-parisuunaline-hcs-2tk-626145\/","url":"https:\/\/espak.ee\/epood\/toode\/tikksaeterad-puidule-100-765mm-parisuunaline-hcs-2tk-626145\/","name":"TIKKSAETERAD PUIDULE 100\/76,5MM P\u00c4RISUUNALINE HCS 2TK 626145 - Espak E-pood","isPartOf":{"@id":"https:\/\/espak.ee\/epood\/#website"},"primaryImageOfPage":{"@id":"https:\/\/espak.ee\/epood\/toode\/tikksaeterad-puidule-100-765mm-parisuunaline-hcs-2tk-626145\/#primaryimage"},"image":{"@id":"https:\/\/espak.ee\/epood\/toode\/tikksaeterad-puidule-100-765mm-parisuunaline-hcs-2tk-626145\/#primaryimage"},"thumbnailUrl":"https:\/\/espak.ee\/epood\/wp-content\/uploads\/2024\/06\/626145_21013_100.jpg","datePublished":"2024-06-04T02:05:03+00:00","dateModified":"2025-04-08T08:18:09+00:00","breadcrumb":{"@id":"https:\/\/espak.ee\/epood\/toode\/tikksaeterad-puidule-100-765mm-parisuunaline-hcs-2tk-626145\/#breadcrumb"},"inLanguage":"et","potentialAction":[{"@type":"ReadAction","target":["https:\/\/espak.ee\/epood\/toode\/tikksaeterad-puidule-100-765mm-parisuunaline-hcs-2tk-626145\/"]}]},{"@type":"ImageObject","inLanguage":"et","@id":"https:\/\/espak.ee\/epood\/toode\/tikksaeterad-puidule-100-765mm-parisuunaline-hcs-2tk-626145\/#primaryimage","url":"https:\/\/espak.ee\/epood\/wp-content\/uploads\/2024\/06\/626145_21013_100.jpg","contentUrl":"https:\/\/espak.ee\/epood\/wp-content\/uploads\/2024\/06\/626145_21013_100.jpg","width":1000,"height":1000},{"@type":"BreadcrumbList","@id":"https:\/\/espak.ee\/epood\/toode\/tikksaeterad-puidule-100-765mm-parisuunaline-hcs-2tk-626145\/#breadcrumb","itemListElement":[{"@type":"ListItem","position":1,"name":"Home","item":"https:\/\/espak.ee\/epood\/"},{"@type":"ListItem","position":2,"name":"Tootevalik","item":"https:\/\/espak.ee\/epood\/tootevalik\/"},{"@type":"ListItem","position":3,"name":"TIKKSAETERAD PUIDULE 100\/76,5MM P\u00c4RISUUNALINE HCS 2TK 626145"}]},{"@type":"WebSite","@id":"https:\/\/espak.ee\/epood\/#website","url":"https:\/\/espak.ee\/epood\/","name":"Espak E-pood","description":"","potentialAction":[{"@type":"SearchAction","target":{"@type":"EntryPoint","urlTemplate":"https:\/\/espak.ee\/epood\/?s={search_term_string}"},"query-input":{"@type":"PropertyValueSpecification","valueRequired":true,"valueName":"search_term_string"}}],"inLanguage":"et"}]}},"_links":{"self":[{"href":"https:\/\/espak.ee\/epood\/wp-json\/wp\/v2\/product\/201008","targetHints":{"allow":["GET"]}}],"collection":[{"href":"https:\/\/espak.ee\/epood\/wp-json\/wp\/v2\/product"}],"about":[{"href":"https:\/\/espak.ee\/epood\/wp-json\/wp\/v2\/types\/product"}],"replies":[{"embeddable":true,"href":"https:\/\/espak.ee\/epood\/wp-json\/wp\/v2\/comments?post=201008"}],"wp:featuredmedia":[{"embeddable":true,"href":"https:\/\/espak.ee\/epood\/wp-json\/wp\/v2\/media\/209631"}],"wp:attachment":[{"href":"https:\/\/espak.ee\/epood\/wp-json\/wp\/v2\/media?parent=201008"}],"wp:term":[{"taxonomy":"product_brand","embeddable":true,"href":"https:\/\/espak.ee\/epood\/wp-json\/wp\/v2\/product_brand?post=201008"},{"taxonomy":"product_cat","embeddable":true,"href":"https:\/\/espak.ee\/epood\/wp-json\/wp\/v2\/product_cat?post=201008"},{"taxonomy":"product_tag","embeddable":true,"href":"https:\/\/espak.ee\/epood\/wp-json\/wp\/v2\/product_tag?post=201008"}],"curies":[{"name":"wp","href":"https:\/\/api.w.org\/{rel}","templated":true}]}}