{"id":200790,"date":"2024-06-01T05:10:11","date_gmt":"2024-06-01T02:10:11","guid":{"rendered":"https:\/\/espak.ee\/epood\/?post_type=product&#038;p=200790"},"modified":"2024-06-03T09:18:01","modified_gmt":"2024-06-03T06:18:01","slug":"aku-4v-25ah-karcher","status":"publish","type":"product","link":"https:\/\/espak.ee\/epood\/toode\/aku-4v-25ah-karcher\/","title":{"rendered":"AKU 4V 2,5Ah K\u00c4RCHER"},"content":{"rendered":"<div class=\"row\"  id=\"row-1854536144\">\n\n\t<div id=\"col-1026412595\" class=\"col medium-9 small-12 large-9\"  >\n\t\t\t\t<div class=\"col-inner\"  >\n\t\t\t\n\t\t\t\n<h3>Aku 4V 2,5Ah K\u00e4rcher<\/h3>\n<p>Mahtuvusega 2,5 Ah vahetatav aku K\u00e4rcher Battery Power sobib kasutamiseks k\u00f5igis 4 V akuga K\u00e4rcher Battery Power t\u00f6\u00f6tavates seadmetes.<\/p>\n<div class=\"message-box relative\" style=\"padding-top:15px;padding-bottom:15px;\"><div class=\"message-box-bg-image bg-fill fill\" ><\/div><div class=\"message-box-bg-overlay bg-fill fill\" ><\/div><div class=\"container relative\"><div class=\"inner last-reset\">\n<div class=\"row align-middle align-center\"  id=\"row-68132492\">\n\n\t<div id=\"col-1422422757\" class=\"col small-12 large-12\"  >\n\t\t\t\t<div class=\"col-inner text-left\"  >\n\t\t\t\n\t\t\t\n<h4>Omadused<\/h4>\n<div class=\"row\"  id=\"row-1254735514\">\n\n\t<div id=\"col-915206870\" class=\"col medium-6 small-12 large-6\"  >\n\t\t\t\t<div class=\"col-inner\"  >\n\t\t\t\n\t\t\t\n<p><i class=\"fa fa-check fa-2x\"><\/i> <strong> V\u00f5imas liitiumioonelement<\/strong><\/p>\n<p><i class=\"fa fa-check fa-2x\"><\/i> <strong> Kaitseklass IPX4 \u2013 kaitstud pihustusvee eest<\/strong><\/p>\n\t\t<\/div>\n\t\t\t\t\n<style>\n#col-915206870 > .col-inner {\n  margin: 0px 0px 15px 0px;\n}\n<\/style>\n\t<\/div>\n\n\t\n\n\t<div id=\"col-142418869\" class=\"col medium-6 small-12 large-6\"  >\n\t\t\t\t<div class=\"col-inner\"  >\n\t\t\t\n\t\t\t\n<p><i class=\"fa fa-check fa-2x\"><\/i> <strong> Tipptasemel j\u00f5udlus t\u00e4nu t\u00f5husale heitsoojuse kontseptile<\/strong><\/p>\n\t\t<\/div>\n\t\t\t\t\n<style>\n#col-142418869 > .col-inner {\n  margin: 0px 0px 15px 0px;\n}\n<\/style>\n\t<\/div>\n\n\t\n<\/div>\n\t\t<\/div>\n\t\t\t\t\t<\/div>\n\n\t\n<\/div>\n<\/div><\/div><\/div>\n\t<div id=\"gap-675800238\" class=\"gap-element clearfix\" style=\"display:block; height:auto;\">\n\t\t\n<style>\n#gap-675800238 {\n  padding-top: 30px;\n}\n<\/style>\n\t<\/div>\n\t\n<p>Erakordselt pikaajaline aku t\u00f6\u00f6aeg ja tipptasemel j\u00f5udlus: mahtuvusega 2,5 Ah vahetatav aku K\u00e4rcher Battery Power on varustatud lihtsa kinnitusmehhanismiga, mis muudab aku sisestamise ja eemaldamise kiireks ja lihtsaks vajaduseta kasutada t\u00f6\u00f6riistu. Seadme t\u00f6\u00f6aega saab lisaakudega pikendada kui tahes kaua, mis tagab kasutamise maksimaalse paindlikkuse. Kontaktide s\u00fcsteem ja kaitseklass IPX4 pihustatud vee eest tagavad isegi suure voolutarbega seadmete ohutu kasutamise. Kvaliteetsed liitiumioonelemendid on muljetavaldavad t\u00e4nu oma j\u00e4rjepidevale toimimisele, v\u00e4ltides iset\u00fchjenemist ja m\u00e4luefekti (sagedasest osalisest t\u00fchjenemisest tingitud v\u00e4henenud mahtuvust). T\u00e4iendav eelis on pehme puutepind optimaalseks k\u00e4sitsemiseks, et v\u00e4ltida vahetamisel aku libisemist. Kauakestvus t\u00e4nu akude universaalsusele: mahtuvusega 2,5 Ah vahetatav aku K\u00e4rcher Battery Power sobib k\u00f5igile seadmetele, mis kasutavad 4 V vahetatavate akude K\u00e4rcher Battery Power s\u00fcsteemi \u2013 isegi kahe akuga seadmetele.<\/p>\n\t\t<\/div>\n\t\t\t\t\t<\/div>\n\n\t\n\n\t<div id=\"col-1626440519\" class=\"col medium-3 small-12 large-3\"  >\n\t\t\t\t<div class=\"col-inner\"  >\n\t\t\t\n\t\t\t\n<h3>Toote informatsioon<\/h3>\n<p><a href=\"https:\/\/espak.ee\/epood\/wp-content\/uploads\/2024\/06\/2.443-002.0_PI_et_EE.pdf\"target=\"_blank\" rel=\"noopener noreferrer\"><i class=\"far fa-file-pdf\"><\/i> Infoleht (PDF)<\/a><\/p>\n<div class=\"is-divider divider clearfix\" ><\/div>\n<p><strong>\u00dcksikasjalikuma n\u00f5u saamiseks v\u00f5tke \u00fchendust:<br \/><\/strong>Espak AS<br \/>Viadukti 42<br \/>11313<br \/>Tallinn<br \/>+372 6 512333<\/p>\n\t\t<\/div>\n\t\t\t\t\t<\/div>\n\n\t\n<\/div>\n","protected":false},"excerpt":{"rendered":"","protected":false},"featured_media":200863,"comment_status":"closed","ping_status":"closed","template":"","meta":[],"product_brand":[],"product_cat":[2734,2733,2680,2679],"product_tag":[],"class_list":{"0":"post-200790","1":"product","2":"type-product","3":"status-publish","4":"has-post-thumbnail","6":"product_cat-akud-ja-laadijad","7":"product_cat-akutooriistad","8":"product_cat-elektritooriistad","9":"product_cat-tooriistad","10":"pa_kaubamark-karcher","12":"first","13":"outofstock","14":"sale","15":"taxable","16":"shipping-taxable","17":"purchasable","18":"product-type-simple"},"yoast_head":"<!-- This site is optimized with the Yoast SEO plugin v26.9 - https:\/\/yoast.com\/product\/yoast-seo-wordpress\/ -->\n<title>AKU 4V 2,5Ah K\u00c4RCHER - Espak E-pood<\/title>\n<meta name=\"robots\" content=\"index, follow, max-snippet:-1, max-image-preview:large, max-video-preview:-1\" \/>\n<link rel=\"canonical\" href=\"https:\/\/espak.ee\/epood\/toode\/aku-4v-25ah-karcher\/\" \/>\n<meta property=\"og:locale\" content=\"et_EE\" \/>\n<meta property=\"og:type\" content=\"article\" \/>\n<meta property=\"og:title\" content=\"AKU 4V 2,5Ah K\u00c4RCHER - Espak E-pood\" \/>\n<meta property=\"og:url\" content=\"https:\/\/espak.ee\/epood\/toode\/aku-4v-25ah-karcher\/\" \/>\n<meta property=\"og:site_name\" content=\"Espak E-pood\" \/>\n<meta property=\"article:modified_time\" content=\"2024-06-03T06:18:01+00:00\" \/>\n<meta property=\"og:image\" content=\"https:\/\/espak.ee\/epood\/wp-content\/uploads\/2024\/06\/d0-220.jpg\" \/>\n\t<meta property=\"og:image:width\" content=\"1000\" \/>\n\t<meta property=\"og:image:height\" content=\"1000\" \/>\n\t<meta property=\"og:image:type\" content=\"image\/jpeg\" \/>\n<meta name=\"twitter:card\" content=\"summary_large_image\" \/>\n<meta name=\"twitter:label1\" content=\"Est. reading time\" \/>\n\t<meta name=\"twitter:data1\" content=\"1 minut\" \/>\n<script type=\"application\/ld+json\" class=\"yoast-schema-graph\">{\"@context\":\"https:\/\/schema.org\",\"@graph\":[{\"@type\":\"WebPage\",\"@id\":\"https:\/\/espak.ee\/epood\/toode\/aku-4v-25ah-karcher\/\",\"url\":\"https:\/\/espak.ee\/epood\/toode\/aku-4v-25ah-karcher\/\",\"name\":\"AKU 4V 2,5Ah K\u00c4RCHER - Espak E-pood\",\"isPartOf\":{\"@id\":\"https:\/\/espak.ee\/epood\/#website\"},\"primaryImageOfPage\":{\"@id\":\"https:\/\/espak.ee\/epood\/toode\/aku-4v-25ah-karcher\/#primaryimage\"},\"image\":{\"@id\":\"https:\/\/espak.ee\/epood\/toode\/aku-4v-25ah-karcher\/#primaryimage\"},\"thumbnailUrl\":\"https:\/\/espak.ee\/epood\/wp-content\/uploads\/2024\/06\/d0-220.jpg\",\"datePublished\":\"2024-06-01T02:10:11+00:00\",\"dateModified\":\"2024-06-03T06:18:01+00:00\",\"breadcrumb\":{\"@id\":\"https:\/\/espak.ee\/epood\/toode\/aku-4v-25ah-karcher\/#breadcrumb\"},\"inLanguage\":\"et\",\"potentialAction\":[{\"@type\":\"ReadAction\",\"target\":[\"https:\/\/espak.ee\/epood\/toode\/aku-4v-25ah-karcher\/\"]}]},{\"@type\":\"ImageObject\",\"inLanguage\":\"et\",\"@id\":\"https:\/\/espak.ee\/epood\/toode\/aku-4v-25ah-karcher\/#primaryimage\",\"url\":\"https:\/\/espak.ee\/epood\/wp-content\/uploads\/2024\/06\/d0-220.jpg\",\"contentUrl\":\"https:\/\/espak.ee\/epood\/wp-content\/uploads\/2024\/06\/d0-220.jpg\",\"width\":1000,\"height\":1000},{\"@type\":\"BreadcrumbList\",\"@id\":\"https:\/\/espak.ee\/epood\/toode\/aku-4v-25ah-karcher\/#breadcrumb\",\"itemListElement\":[{\"@type\":\"ListItem\",\"position\":1,\"name\":\"Home\",\"item\":\"https:\/\/espak.ee\/epood\/\"},{\"@type\":\"ListItem\",\"position\":2,\"name\":\"Tootevalik\",\"item\":\"https:\/\/espak.ee\/epood\/tootevalik\/\"},{\"@type\":\"ListItem\",\"position\":3,\"name\":\"AKU 4V 2,5Ah K\u00c4RCHER\"}]},{\"@type\":\"WebSite\",\"@id\":\"https:\/\/espak.ee\/epood\/#website\",\"url\":\"https:\/\/espak.ee\/epood\/\",\"name\":\"Espak E-pood\",\"description\":\"\",\"potentialAction\":[{\"@type\":\"SearchAction\",\"target\":{\"@type\":\"EntryPoint\",\"urlTemplate\":\"https:\/\/espak.ee\/epood\/?s={search_term_string}\"},\"query-input\":{\"@type\":\"PropertyValueSpecification\",\"valueRequired\":true,\"valueName\":\"search_term_string\"}}],\"inLanguage\":\"et\"}]}<\/script>\n<!-- \/ Yoast SEO plugin. -->","yoast_head_json":{"title":"AKU 4V 2,5Ah K\u00c4RCHER - Espak E-pood","robots":{"index":"index","follow":"follow","max-snippet":"max-snippet:-1","max-image-preview":"max-image-preview:large","max-video-preview":"max-video-preview:-1"},"canonical":"https:\/\/espak.ee\/epood\/toode\/aku-4v-25ah-karcher\/","og_locale":"et_EE","og_type":"article","og_title":"AKU 4V 2,5Ah K\u00c4RCHER - Espak E-pood","og_url":"https:\/\/espak.ee\/epood\/toode\/aku-4v-25ah-karcher\/","og_site_name":"Espak E-pood","article_modified_time":"2024-06-03T06:18:01+00:00","og_image":[{"width":1000,"height":1000,"url":"https:\/\/espak.ee\/epood\/wp-content\/uploads\/2024\/06\/d0-220.jpg","type":"image\/jpeg"}],"twitter_card":"summary_large_image","twitter_misc":{"Est. reading time":"1 minut"},"schema":{"@context":"https:\/\/schema.org","@graph":[{"@type":"WebPage","@id":"https:\/\/espak.ee\/epood\/toode\/aku-4v-25ah-karcher\/","url":"https:\/\/espak.ee\/epood\/toode\/aku-4v-25ah-karcher\/","name":"AKU 4V 2,5Ah K\u00c4RCHER - Espak E-pood","isPartOf":{"@id":"https:\/\/espak.ee\/epood\/#website"},"primaryImageOfPage":{"@id":"https:\/\/espak.ee\/epood\/toode\/aku-4v-25ah-karcher\/#primaryimage"},"image":{"@id":"https:\/\/espak.ee\/epood\/toode\/aku-4v-25ah-karcher\/#primaryimage"},"thumbnailUrl":"https:\/\/espak.ee\/epood\/wp-content\/uploads\/2024\/06\/d0-220.jpg","datePublished":"2024-06-01T02:10:11+00:00","dateModified":"2024-06-03T06:18:01+00:00","breadcrumb":{"@id":"https:\/\/espak.ee\/epood\/toode\/aku-4v-25ah-karcher\/#breadcrumb"},"inLanguage":"et","potentialAction":[{"@type":"ReadAction","target":["https:\/\/espak.ee\/epood\/toode\/aku-4v-25ah-karcher\/"]}]},{"@type":"ImageObject","inLanguage":"et","@id":"https:\/\/espak.ee\/epood\/toode\/aku-4v-25ah-karcher\/#primaryimage","url":"https:\/\/espak.ee\/epood\/wp-content\/uploads\/2024\/06\/d0-220.jpg","contentUrl":"https:\/\/espak.ee\/epood\/wp-content\/uploads\/2024\/06\/d0-220.jpg","width":1000,"height":1000},{"@type":"BreadcrumbList","@id":"https:\/\/espak.ee\/epood\/toode\/aku-4v-25ah-karcher\/#breadcrumb","itemListElement":[{"@type":"ListItem","position":1,"name":"Home","item":"https:\/\/espak.ee\/epood\/"},{"@type":"ListItem","position":2,"name":"Tootevalik","item":"https:\/\/espak.ee\/epood\/tootevalik\/"},{"@type":"ListItem","position":3,"name":"AKU 4V 2,5Ah K\u00c4RCHER"}]},{"@type":"WebSite","@id":"https:\/\/espak.ee\/epood\/#website","url":"https:\/\/espak.ee\/epood\/","name":"Espak E-pood","description":"","potentialAction":[{"@type":"SearchAction","target":{"@type":"EntryPoint","urlTemplate":"https:\/\/espak.ee\/epood\/?s={search_term_string}"},"query-input":{"@type":"PropertyValueSpecification","valueRequired":true,"valueName":"search_term_string"}}],"inLanguage":"et"}]}},"_links":{"self":[{"href":"https:\/\/espak.ee\/epood\/wp-json\/wp\/v2\/product\/200790","targetHints":{"allow":["GET"]}}],"collection":[{"href":"https:\/\/espak.ee\/epood\/wp-json\/wp\/v2\/product"}],"about":[{"href":"https:\/\/espak.ee\/epood\/wp-json\/wp\/v2\/types\/product"}],"replies":[{"embeddable":true,"href":"https:\/\/espak.ee\/epood\/wp-json\/wp\/v2\/comments?post=200790"}],"wp:featuredmedia":[{"embeddable":true,"href":"https:\/\/espak.ee\/epood\/wp-json\/wp\/v2\/media\/200863"}],"wp:attachment":[{"href":"https:\/\/espak.ee\/epood\/wp-json\/wp\/v2\/media?parent=200790"}],"wp:term":[{"taxonomy":"product_brand","embeddable":true,"href":"https:\/\/espak.ee\/epood\/wp-json\/wp\/v2\/product_brand?post=200790"},{"taxonomy":"product_cat","embeddable":true,"href":"https:\/\/espak.ee\/epood\/wp-json\/wp\/v2\/product_cat?post=200790"},{"taxonomy":"product_tag","embeddable":true,"href":"https:\/\/espak.ee\/epood\/wp-json\/wp\/v2\/product_tag?post=200790"}],"curies":[{"name":"wp","href":"https:\/\/api.w.org\/{rel}","templated":true}]}}