{"id":20068,"date":"2020-04-15T03:51:22","date_gmt":"2020-04-15T00:51:22","guid":{"rendered":"https:\/\/espak.ee\/hinnakiri\/?post_type=product&#038;p=20068"},"modified":"2026-03-03T14:49:29","modified_gmt":"2026-03-03T12:49:29","slug":"moodultelling-climtec-1","status":"publish","type":"product","link":"https:\/\/espak.ee\/epood\/toode\/moodultelling-climtec-1\/","title":{"rendered":"MOODULTELLING CLIMTEC 1"},"content":{"rendered":"<div class=\"row\"  id=\"row-1725864998\">\n\n\t<div id=\"col-142233505\" class=\"col medium-9 small-12 large-9\"  >\n\t\t\t\t<div class=\"col-inner\"  >\n\t\t\t\n\t\t\t\n<h3>Moodultelling ClimTec 1<\/h3>\n<p> Universaalne alumiiniumist t\u00f6\u00f6telling kiireks siseruumides ja v\u00e4listingimustes paigaldamiseks.<br \/>\n<strong>NB! ClimTec 1 on kasutatav ainult koos p\u00f5himooduliga ClimTec 0!<\/strong><\/p>\n<div class=\"message-box relative\" style=\"padding-top:15px;padding-bottom:15px;\"><div class=\"message-box-bg-image bg-fill fill\" ><\/div><div class=\"message-box-bg-overlay bg-fill fill\" ><\/div><div class=\"container relative\"><div class=\"inner last-reset\">\n<div class=\"row align-middle align-center\"  id=\"row-1575121598\">\n\n\t<div id=\"col-1851804985\" class=\"col small-12 large-12\"  >\n\t\t\t\t<div class=\"col-inner text-left\"  >\n\t\t\t\n\t\t\t\n<h4>Omadused<\/h4>\n<div class=\"row\"  id=\"row-1038805973\">\n\n\t<div id=\"col-1049564413\" class=\"col medium-6 small-12 large-6\"  >\n\t\t\t\t<div class=\"col-inner\"  >\n\t\t\t\n\t\t\t\n<p><i class=\"fa fa-check fa-2x\"><\/i> <strong>T\u00dcV-i heakskiit, suurim kandev\u00f5ime 200 kg\/m2 standardi DIN 1004-1 kohaselt<\/strong><\/p>\n<p><i class=\"fa fa-check fa-2x\"><\/i> <strong>T\u00e4nu seadistatavatele tugijalgadele saab p\u00f5hitellingut ClimTec\u00ae teisaldada uste kaudu isegi kokkupandud kujul ja seet\u00f5ttu sobib see laitmatult siseehitust\u00f6\u00f6deks<\/strong><\/p>\n\t\t<\/div>\n\t\t\t\t\n<style>\n#col-1049564413 > .col-inner {\n  margin: 0px 0px 15px 0px;\n}\n<\/style>\n\t<\/div>\n\n\t\n\n\t<div id=\"col-888242178\" class=\"col medium-6 small-12 large-6\"  >\n\t\t\t\t<div class=\"col-inner\"  >\n\t\t\t\n\t\t\t\n<p><i class=\"fa fa-check fa-2x\"><\/i> <strong>Tellingute sisemise \u00fcles-allaliikumise ohutuse tagamiseks on p\u00f5iktalad libisemisvastase profiiliga<\/strong><\/p>\n<p><i class=\"fa fa-check fa-2x\"><\/i> <strong>P\u00f5hitelling ClimTec\u00ae koos 1. k\u00f5rgendusega sobib paigaldamiseks trepikodadesse ja n\u00f5lvadele<\/strong><\/p>\n\t\t<\/div>\n\t\t\t\t\n<style>\n#col-888242178 > .col-inner {\n  margin: 0px 0px 15px 0px;\n}\n<\/style>\n\t<\/div>\n\n\t\n<\/div>\n\t\t<\/div>\n\t\t\t\t\t<\/div>\n\n\t\n<\/div>\n<\/div><\/div><\/div>\n\t<div id=\"gap-1572204224\" class=\"gap-element clearfix\" style=\"display:block; height:auto;\">\n\t\t\n<style>\n#gap-1572204224 {\n  padding-top: 30px;\n}\n<\/style>\n\t<\/div>\n\t\n\t\t<\/div>\n\t\t\t\t\t<\/div>\n\n\t\n\n\t<div id=\"col-575516143\" class=\"col medium-3 small-12 large-3\"  >\n\t\t\t\t<div class=\"col-inner\"  >\n\t\t\t\n\t\t\t\n\t<div id=\"gap-1458341243\" class=\"gap-element clearfix\" style=\"display:block; height:auto;\">\n\t\t\n<style>\n#gap-1458341243 {\n  padding-top: 30px;\n}\n<\/style>\n\t<\/div>\n\t\n<img decoding=\"async\" src=\"https:\/\/espak.ee\/epood\/wp-content\/uploads\/KRAUSE_logo_oryginal_04062009-150x75.jpg\" alt=\"\" width=\"150\" height=\"75\" class=\"alignnone size-thumbnail wp-image-33864\" srcset=\"https:\/\/espak.ee\/epood\/wp-content\/uploads\/KRAUSE_logo_oryginal_04062009-150x75.jpg 150w, https:\/\/espak.ee\/epood\/wp-content\/uploads\/KRAUSE_logo_oryginal_04062009-500x251.jpg 500w, https:\/\/espak.ee\/epood\/wp-content\/uploads\/KRAUSE_logo_oryginal_04062009-769x386.jpg 769w, https:\/\/espak.ee\/epood\/wp-content\/uploads\/KRAUSE_logo_oryginal_04062009-300x151.jpg 300w, https:\/\/espak.ee\/epood\/wp-content\/uploads\/KRAUSE_logo_oryginal_04062009-768x386.jpg 768w, https:\/\/espak.ee\/epood\/wp-content\/uploads\/KRAUSE_logo_oryginal_04062009-1024x515.jpg 1024w, https:\/\/espak.ee\/epood\/wp-content\/uploads\/KRAUSE_logo_oryginal_04062009.jpg 2048w\" sizes=\"(max-width: 150px) 100vw, 150px\" \/><\/p>\n<h3>Infoleht<\/h3>\n<p><a href=\"https:\/\/espak.ee\/epood\/wp-content\/uploads\/2020\/04\/ClimTec_System_ENG-NEW_C.pdf\"target=\"_blank\" rel=\"noopener noreferrer\"><i class=\"far fa-file-pdf\"><\/i> Infoleht (PDF)<\/a><\/p>\n<div class=\"is-divider divider clearfix\" ><\/div>\n<p><strong>\u00dcksikasjalikuma n\u00f5u saamiseks v\u00f5tke \u00fchendust:<br \/><\/strong>Espak AS<br \/>Viadukti 42<br \/>11313<br \/>Tallinn<br \/>+372 6 512333<\/p>\n\t\t<\/div>\n\t\t\t\t\t<\/div>\n\n\t\n<\/div>\n","protected":false},"excerpt":{"rendered":"","protected":false},"featured_media":161689,"comment_status":"closed","ping_status":"closed","template":"","meta":[],"product_brand":[],"product_cat":[2893,3062,3066,3065],"product_tag":[],"class_list":{"0":"post-20068","1":"product","2":"type-product","3":"status-publish","4":"has-post-thumbnail","6":"product_cat-rauakaubad","7":"product_cat-redelid-ja-tellingud","8":"product_cat-tellingud","9":"product_cat-tellingud-ja-toopukid","10":"pa_kaubamark-krause-systems","12":"first","13":"instock","14":"sale","15":"taxable","16":"shipping-taxable","17":"purchasable","18":"product-type-simple"},"yoast_head":"<!-- This site is optimized with the Yoast SEO plugin v26.9 - https:\/\/yoast.com\/product\/yoast-seo-wordpress\/ -->\n<title>MOODULTELLING CLIMTEC 1 - Espak E-pood<\/title>\n<meta name=\"robots\" content=\"index, follow, max-snippet:-1, max-image-preview:large, max-video-preview:-1\" \/>\n<link rel=\"canonical\" href=\"https:\/\/espak.ee\/epood\/toode\/moodultelling-climtec-1\/\" \/>\n<meta property=\"og:locale\" content=\"et_EE\" \/>\n<meta property=\"og:type\" content=\"article\" \/>\n<meta property=\"og:title\" content=\"MOODULTELLING CLIMTEC 1 - Espak E-pood\" \/>\n<meta property=\"og:url\" content=\"https:\/\/espak.ee\/epood\/toode\/moodultelling-climtec-1\/\" \/>\n<meta property=\"og:site_name\" content=\"Espak E-pood\" \/>\n<meta property=\"article:modified_time\" content=\"2026-03-03T12:49:29+00:00\" \/>\n<meta property=\"og:image\" content=\"https:\/\/espak.ee\/epood\/wp-content\/uploads\/2020\/04\/G00_A710222_PI_INT_80000000_FG_OP_NZ_GF_01_3_01-EDIT.jpg\" \/>\n\t<meta property=\"og:image:width\" content=\"1000\" \/>\n\t<meta property=\"og:image:height\" content=\"1000\" \/>\n\t<meta property=\"og:image:type\" content=\"image\/jpeg\" \/>\n<meta name=\"twitter:card\" content=\"summary_large_image\" \/>\n<meta name=\"twitter:label1\" content=\"Est. reading time\" \/>\n\t<meta name=\"twitter:data1\" content=\"1 minut\" \/>\n<script type=\"application\/ld+json\" class=\"yoast-schema-graph\">{\"@context\":\"https:\/\/schema.org\",\"@graph\":[{\"@type\":\"WebPage\",\"@id\":\"https:\/\/espak.ee\/epood\/toode\/moodultelling-climtec-1\/\",\"url\":\"https:\/\/espak.ee\/epood\/toode\/moodultelling-climtec-1\/\",\"name\":\"MOODULTELLING CLIMTEC 1 - Espak E-pood\",\"isPartOf\":{\"@id\":\"https:\/\/espak.ee\/epood\/#website\"},\"primaryImageOfPage\":{\"@id\":\"https:\/\/espak.ee\/epood\/toode\/moodultelling-climtec-1\/#primaryimage\"},\"image\":{\"@id\":\"https:\/\/espak.ee\/epood\/toode\/moodultelling-climtec-1\/#primaryimage\"},\"thumbnailUrl\":\"https:\/\/espak.ee\/epood\/wp-content\/uploads\/2020\/04\/G00_A710222_PI_INT_80000000_FG_OP_NZ_GF_01_3_01-EDIT.jpg\",\"datePublished\":\"2020-04-15T00:51:22+00:00\",\"dateModified\":\"2026-03-03T12:49:29+00:00\",\"breadcrumb\":{\"@id\":\"https:\/\/espak.ee\/epood\/toode\/moodultelling-climtec-1\/#breadcrumb\"},\"inLanguage\":\"et\",\"potentialAction\":[{\"@type\":\"ReadAction\",\"target\":[\"https:\/\/espak.ee\/epood\/toode\/moodultelling-climtec-1\/\"]}]},{\"@type\":\"ImageObject\",\"inLanguage\":\"et\",\"@id\":\"https:\/\/espak.ee\/epood\/toode\/moodultelling-climtec-1\/#primaryimage\",\"url\":\"https:\/\/espak.ee\/epood\/wp-content\/uploads\/2020\/04\/G00_A710222_PI_INT_80000000_FG_OP_NZ_GF_01_3_01-EDIT.jpg\",\"contentUrl\":\"https:\/\/espak.ee\/epood\/wp-content\/uploads\/2020\/04\/G00_A710222_PI_INT_80000000_FG_OP_NZ_GF_01_3_01-EDIT.jpg\",\"width\":1000,\"height\":1000},{\"@type\":\"BreadcrumbList\",\"@id\":\"https:\/\/espak.ee\/epood\/toode\/moodultelling-climtec-1\/#breadcrumb\",\"itemListElement\":[{\"@type\":\"ListItem\",\"position\":1,\"name\":\"Home\",\"item\":\"https:\/\/espak.ee\/epood\/\"},{\"@type\":\"ListItem\",\"position\":2,\"name\":\"Tootevalik\",\"item\":\"https:\/\/espak.ee\/epood\/tootevalik\/\"},{\"@type\":\"ListItem\",\"position\":3,\"name\":\"MOODULTELLING CLIMTEC 1\"}]},{\"@type\":\"WebSite\",\"@id\":\"https:\/\/espak.ee\/epood\/#website\",\"url\":\"https:\/\/espak.ee\/epood\/\",\"name\":\"Espak E-pood\",\"description\":\"\",\"potentialAction\":[{\"@type\":\"SearchAction\",\"target\":{\"@type\":\"EntryPoint\",\"urlTemplate\":\"https:\/\/espak.ee\/epood\/?s={search_term_string}\"},\"query-input\":{\"@type\":\"PropertyValueSpecification\",\"valueRequired\":true,\"valueName\":\"search_term_string\"}}],\"inLanguage\":\"et\"}]}<\/script>\n<!-- \/ Yoast SEO plugin. -->","yoast_head_json":{"title":"MOODULTELLING CLIMTEC 1 - Espak E-pood","robots":{"index":"index","follow":"follow","max-snippet":"max-snippet:-1","max-image-preview":"max-image-preview:large","max-video-preview":"max-video-preview:-1"},"canonical":"https:\/\/espak.ee\/epood\/toode\/moodultelling-climtec-1\/","og_locale":"et_EE","og_type":"article","og_title":"MOODULTELLING CLIMTEC 1 - Espak E-pood","og_url":"https:\/\/espak.ee\/epood\/toode\/moodultelling-climtec-1\/","og_site_name":"Espak E-pood","article_modified_time":"2026-03-03T12:49:29+00:00","og_image":[{"width":1000,"height":1000,"url":"https:\/\/espak.ee\/epood\/wp-content\/uploads\/2020\/04\/G00_A710222_PI_INT_80000000_FG_OP_NZ_GF_01_3_01-EDIT.jpg","type":"image\/jpeg"}],"twitter_card":"summary_large_image","twitter_misc":{"Est. reading time":"1 minut"},"schema":{"@context":"https:\/\/schema.org","@graph":[{"@type":"WebPage","@id":"https:\/\/espak.ee\/epood\/toode\/moodultelling-climtec-1\/","url":"https:\/\/espak.ee\/epood\/toode\/moodultelling-climtec-1\/","name":"MOODULTELLING CLIMTEC 1 - Espak E-pood","isPartOf":{"@id":"https:\/\/espak.ee\/epood\/#website"},"primaryImageOfPage":{"@id":"https:\/\/espak.ee\/epood\/toode\/moodultelling-climtec-1\/#primaryimage"},"image":{"@id":"https:\/\/espak.ee\/epood\/toode\/moodultelling-climtec-1\/#primaryimage"},"thumbnailUrl":"https:\/\/espak.ee\/epood\/wp-content\/uploads\/2020\/04\/G00_A710222_PI_INT_80000000_FG_OP_NZ_GF_01_3_01-EDIT.jpg","datePublished":"2020-04-15T00:51:22+00:00","dateModified":"2026-03-03T12:49:29+00:00","breadcrumb":{"@id":"https:\/\/espak.ee\/epood\/toode\/moodultelling-climtec-1\/#breadcrumb"},"inLanguage":"et","potentialAction":[{"@type":"ReadAction","target":["https:\/\/espak.ee\/epood\/toode\/moodultelling-climtec-1\/"]}]},{"@type":"ImageObject","inLanguage":"et","@id":"https:\/\/espak.ee\/epood\/toode\/moodultelling-climtec-1\/#primaryimage","url":"https:\/\/espak.ee\/epood\/wp-content\/uploads\/2020\/04\/G00_A710222_PI_INT_80000000_FG_OP_NZ_GF_01_3_01-EDIT.jpg","contentUrl":"https:\/\/espak.ee\/epood\/wp-content\/uploads\/2020\/04\/G00_A710222_PI_INT_80000000_FG_OP_NZ_GF_01_3_01-EDIT.jpg","width":1000,"height":1000},{"@type":"BreadcrumbList","@id":"https:\/\/espak.ee\/epood\/toode\/moodultelling-climtec-1\/#breadcrumb","itemListElement":[{"@type":"ListItem","position":1,"name":"Home","item":"https:\/\/espak.ee\/epood\/"},{"@type":"ListItem","position":2,"name":"Tootevalik","item":"https:\/\/espak.ee\/epood\/tootevalik\/"},{"@type":"ListItem","position":3,"name":"MOODULTELLING CLIMTEC 1"}]},{"@type":"WebSite","@id":"https:\/\/espak.ee\/epood\/#website","url":"https:\/\/espak.ee\/epood\/","name":"Espak E-pood","description":"","potentialAction":[{"@type":"SearchAction","target":{"@type":"EntryPoint","urlTemplate":"https:\/\/espak.ee\/epood\/?s={search_term_string}"},"query-input":{"@type":"PropertyValueSpecification","valueRequired":true,"valueName":"search_term_string"}}],"inLanguage":"et"}]}},"_links":{"self":[{"href":"https:\/\/espak.ee\/epood\/wp-json\/wp\/v2\/product\/20068","targetHints":{"allow":["GET"]}}],"collection":[{"href":"https:\/\/espak.ee\/epood\/wp-json\/wp\/v2\/product"}],"about":[{"href":"https:\/\/espak.ee\/epood\/wp-json\/wp\/v2\/types\/product"}],"replies":[{"embeddable":true,"href":"https:\/\/espak.ee\/epood\/wp-json\/wp\/v2\/comments?post=20068"}],"wp:featuredmedia":[{"embeddable":true,"href":"https:\/\/espak.ee\/epood\/wp-json\/wp\/v2\/media\/161689"}],"wp:attachment":[{"href":"https:\/\/espak.ee\/epood\/wp-json\/wp\/v2\/media?parent=20068"}],"wp:term":[{"taxonomy":"product_brand","embeddable":true,"href":"https:\/\/espak.ee\/epood\/wp-json\/wp\/v2\/product_brand?post=20068"},{"taxonomy":"product_cat","embeddable":true,"href":"https:\/\/espak.ee\/epood\/wp-json\/wp\/v2\/product_cat?post=20068"},{"taxonomy":"product_tag","embeddable":true,"href":"https:\/\/espak.ee\/epood\/wp-json\/wp\/v2\/product_tag?post=20068"}],"curies":[{"name":"wp","href":"https:\/\/api.w.org\/{rel}","templated":true}]}}