{"id":199010,"date":"2024-05-17T05:05:03","date_gmt":"2024-05-17T02:05:03","guid":{"rendered":"https:\/\/espak.ee\/epood\/?post_type=product&#038;p=199010"},"modified":"2025-09-08T11:06:19","modified_gmt":"2025-09-08T08:06:19","slug":"tolmuimeja-vc2-karcher-erp","status":"publish","type":"product","link":"https:\/\/espak.ee\/epood\/toode\/tolmuimeja-vc2-karcher-erp\/","title":{"rendered":"TOLMUIMEJA VC2 K\u00c4RCHER (ERP)"},"content":{"rendered":"<div class=\"row\"  id=\"row-1258592956\">\n\n\t<div id=\"col-451867648\" class=\"col medium-9 small-12 large-9\"  >\n\t\t\t\t<div class=\"col-inner\"  >\n\t\t\t\n\t\t\t\n<h3>Tolmuimeja VC 2 K\u00e4rcher (ERP)<\/h3>\n<p>Ideaalne korterite ja v\u00e4iksemate majade mugavaks puhastamiseks: kompaktne ja h\u00f5lpsasti kasutatav kotiga tolmuimeja VC 2.<\/p>\n<div class=\"message-box relative\" style=\"padding-top:15px;padding-bottom:15px;\"><div class=\"message-box-bg-image bg-fill fill\" ><\/div><div class=\"message-box-bg-overlay bg-fill fill\" ><\/div><div class=\"container relative\"><div class=\"inner last-reset\">\n<div class=\"row align-middle align-center\"  id=\"row-1824393868\">\n\n\t<div id=\"col-843244437\" class=\"col small-12 large-12\"  >\n\t\t\t\t<div class=\"col-inner text-left\"  >\n\t\t\t\n\t\t\t\n<h4>Omadused<\/h4>\n<div class=\"row\"  id=\"row-60686322\">\n\n\t<div id=\"col-1520884664\" class=\"col medium-6 small-12 large-6\"  >\n\t\t\t\t<div class=\"col-inner\"  >\n\t\t\t\n\t\t\t\n<p><i class=\"fa fa-check fa-2x\"><\/i> <strong> Lihtsalt kasutatav filtrikottide s\u00fcsteem<\/strong><\/p>\n<p><i class=\"fa fa-check fa-2x\"><\/i> <strong> Puhastab usaldusv\u00e4\u00e4rselt ka k\u00f5ige peenema mustuse nagu \u00f5ietolm ja muud allergiat tekitavad osakesed<\/strong><\/p>\n\t\t<\/div>\n\t\t\t\t\n<style>\n#col-1520884664 > .col-inner {\n  margin: 0px 0px 15px 0px;\n}\n<\/style>\n\t<\/div>\n\n\t\n\n\t<div id=\"col-918724713\" class=\"col medium-6 small-12 large-6\"  >\n\t\t\t\t<div class=\"col-inner\"  >\n\t\t\t\n\t\t\t\n<p><i class=\"fa fa-check fa-2x\"><\/i> <strong> Puhas heit\u00f5hk &#8211; tervislikuma elukeskkonna nimel<\/strong><\/p>\n\t\t<\/div>\n\t\t\t\t\n<style>\n#col-918724713 > .col-inner {\n  margin: 0px 0px 15px 0px;\n}\n<\/style>\n\t<\/div>\n\n\t\n<\/div>\n\t\t<\/div>\n\t\t\t\t\t<\/div>\n\n\t\n<\/div>\n<\/div><\/div><\/div>\n\t<div id=\"gap-1798244489\" class=\"gap-element clearfix\" style=\"display:block; height:auto;\">\n\t\t\n<style>\n#gap-1798244489 {\n  padding-top: 30px;\n}\n<\/style>\n\t<\/div>\n\t\n<p>K\u00e4rcheri VC 2 avaldab muljet oma h\u00fcgieenilise ja mugava filtris\u00fcsteemiga: t\u00e4itunud kotti on lihtne eemaldada puutumata kokku prahiga. See kompaktne tolmuimeja sobib eriti h\u00e4sti kasutamiseks korterites v\u00f5i v\u00e4iksemates majades. Ideaalne k\u00f5vap\u00f5randate ja vaipade p\u00f5hjalikuks puhastamiseks ning piluotsik ja m\u00f6\u00f6blihari sobivad ka kitsaste vahede ja \u00f5rnade pindade puhastamiseks. Veel \u00fcks VC 2 eelis on HEPA h\u00fcgieenifilter, mis filtreerib usaldusv\u00e4\u00e4rselt k\u00f5ige peenemat prahti nagu nt \u00f5ietolm v\u00f5i muud allergiat p\u00f5hjustavad osakesed. Integreeritud tarvikusahtel, seadme energiatarbe reguleerimine ja praktiline hoiuasend muudavad tolmuimeja kasutamise veelgi mugavamaks.<\/p>\n\t\t<\/div>\n\t\t\t\t\t<\/div>\n\n\t\n\n\t<div id=\"col-981710645\" class=\"col medium-3 small-12 large-3\"  >\n\t\t\t\t<div class=\"col-inner\"  >\n\t\t\t\n\t\t\t\n<h3>Toote informatsioon<\/h3>\n<p><a href=\"https:\/\/espak.ee\/epood\/wp-content\/uploads\/2024\/05\/1.198-035.0_PI_et_EE.pdf\"target=\"_blank\" rel=\"noopener noreferrer\"><i class=\"far fa-file-pdf\"><\/i> Infoleht (PDF)<\/a><\/p>\n<h3>Kasutusjuhend<\/h3>\n<p><a href=\"https:\/\/espak.ee\/epood\/wp-content\/uploads\/2024\/05\/BTA-5831449-000-01.pdf\"target=\"_blank\" rel=\"noopener noreferrer\"><i class=\"far fa-file-pdf\"><\/i> Kasutusjuhend (PDF)<\/a><\/p>\n<div class=\"is-divider divider clearfix\" ><\/div>\n<p><strong>\u00dcksikasjalikuma n\u00f5u saamiseks v\u00f5tke \u00fchendust:<br \/><\/strong>Espak AS<br \/>Viadukti 42<br \/>11313<br \/>Tallinn<br \/>+372 6 512333<\/p>\n\t\t<\/div>\n\t\t\t\t\t<\/div>\n\n\t\n<\/div>\n","protected":false},"excerpt":{"rendered":"","protected":false},"featured_media":199048,"comment_status":"closed","ping_status":"closed","template":"","meta":[],"product_brand":[],"product_cat":[2680,2785,2679,2787],"product_tag":[],"class_list":{"0":"post-199010","1":"product","2":"type-product","3":"status-publish","4":"has-post-thumbnail","6":"product_cat-elektritooriistad","7":"product_cat-koristusseadmed","8":"product_cat-tooriistad","9":"product_cat-vee-ja-tolmuimejad","10":"pa_kaubamark-karcher","12":"first","13":"instock","14":"sale","15":"taxable","16":"shipping-taxable","17":"purchasable","18":"product-type-simple"},"yoast_head":"<!-- This site is optimized with the Yoast SEO plugin v26.9 - https:\/\/yoast.com\/product\/yoast-seo-wordpress\/ -->\n<title>TOLMUIMEJA VC2 K\u00c4RCHER (ERP) - Espak E-pood<\/title>\n<meta name=\"robots\" content=\"index, follow, max-snippet:-1, max-image-preview:large, max-video-preview:-1\" \/>\n<link rel=\"canonical\" href=\"https:\/\/espak.ee\/epood\/toode\/tolmuimeja-vc2-karcher-erp\/\" \/>\n<meta property=\"og:locale\" content=\"et_EE\" \/>\n<meta property=\"og:type\" content=\"article\" \/>\n<meta property=\"og:title\" content=\"TOLMUIMEJA VC2 K\u00c4RCHER (ERP) - Espak E-pood\" \/>\n<meta property=\"og:url\" content=\"https:\/\/espak.ee\/epood\/toode\/tolmuimeja-vc2-karcher-erp\/\" \/>\n<meta property=\"og:site_name\" content=\"Espak E-pood\" \/>\n<meta property=\"article:modified_time\" content=\"2025-09-08T08:06:19+00:00\" \/>\n<meta property=\"og:image\" content=\"https:\/\/espak.ee\/epood\/wp-content\/uploads\/2024\/05\/d0-218.jpg\" \/>\n\t<meta property=\"og:image:width\" content=\"1000\" \/>\n\t<meta property=\"og:image:height\" content=\"1000\" \/>\n\t<meta property=\"og:image:type\" content=\"image\/jpeg\" \/>\n<meta name=\"twitter:card\" content=\"summary_large_image\" \/>\n<meta name=\"twitter:label1\" content=\"Est. reading time\" \/>\n\t<meta name=\"twitter:data1\" content=\"1 minut\" \/>\n<script type=\"application\/ld+json\" class=\"yoast-schema-graph\">{\"@context\":\"https:\/\/schema.org\",\"@graph\":[{\"@type\":\"WebPage\",\"@id\":\"https:\/\/espak.ee\/epood\/toode\/tolmuimeja-vc2-karcher-erp\/\",\"url\":\"https:\/\/espak.ee\/epood\/toode\/tolmuimeja-vc2-karcher-erp\/\",\"name\":\"TOLMUIMEJA VC2 K\u00c4RCHER (ERP) - Espak E-pood\",\"isPartOf\":{\"@id\":\"https:\/\/espak.ee\/epood\/#website\"},\"primaryImageOfPage\":{\"@id\":\"https:\/\/espak.ee\/epood\/toode\/tolmuimeja-vc2-karcher-erp\/#primaryimage\"},\"image\":{\"@id\":\"https:\/\/espak.ee\/epood\/toode\/tolmuimeja-vc2-karcher-erp\/#primaryimage\"},\"thumbnailUrl\":\"https:\/\/espak.ee\/epood\/wp-content\/uploads\/2024\/05\/d0-218.jpg\",\"datePublished\":\"2024-05-17T02:05:03+00:00\",\"dateModified\":\"2025-09-08T08:06:19+00:00\",\"breadcrumb\":{\"@id\":\"https:\/\/espak.ee\/epood\/toode\/tolmuimeja-vc2-karcher-erp\/#breadcrumb\"},\"inLanguage\":\"et\",\"potentialAction\":[{\"@type\":\"ReadAction\",\"target\":[\"https:\/\/espak.ee\/epood\/toode\/tolmuimeja-vc2-karcher-erp\/\"]}]},{\"@type\":\"ImageObject\",\"inLanguage\":\"et\",\"@id\":\"https:\/\/espak.ee\/epood\/toode\/tolmuimeja-vc2-karcher-erp\/#primaryimage\",\"url\":\"https:\/\/espak.ee\/epood\/wp-content\/uploads\/2024\/05\/d0-218.jpg\",\"contentUrl\":\"https:\/\/espak.ee\/epood\/wp-content\/uploads\/2024\/05\/d0-218.jpg\",\"width\":1000,\"height\":1000},{\"@type\":\"BreadcrumbList\",\"@id\":\"https:\/\/espak.ee\/epood\/toode\/tolmuimeja-vc2-karcher-erp\/#breadcrumb\",\"itemListElement\":[{\"@type\":\"ListItem\",\"position\":1,\"name\":\"Home\",\"item\":\"https:\/\/espak.ee\/epood\/\"},{\"@type\":\"ListItem\",\"position\":2,\"name\":\"Tootevalik\",\"item\":\"https:\/\/espak.ee\/epood\/tootevalik\/\"},{\"@type\":\"ListItem\",\"position\":3,\"name\":\"TOLMUIMEJA VC2 K\u00c4RCHER (ERP)\"}]},{\"@type\":\"WebSite\",\"@id\":\"https:\/\/espak.ee\/epood\/#website\",\"url\":\"https:\/\/espak.ee\/epood\/\",\"name\":\"Espak E-pood\",\"description\":\"\",\"potentialAction\":[{\"@type\":\"SearchAction\",\"target\":{\"@type\":\"EntryPoint\",\"urlTemplate\":\"https:\/\/espak.ee\/epood\/?s={search_term_string}\"},\"query-input\":{\"@type\":\"PropertyValueSpecification\",\"valueRequired\":true,\"valueName\":\"search_term_string\"}}],\"inLanguage\":\"et\"}]}<\/script>\n<!-- \/ Yoast SEO plugin. -->","yoast_head_json":{"title":"TOLMUIMEJA VC2 K\u00c4RCHER (ERP) - Espak E-pood","robots":{"index":"index","follow":"follow","max-snippet":"max-snippet:-1","max-image-preview":"max-image-preview:large","max-video-preview":"max-video-preview:-1"},"canonical":"https:\/\/espak.ee\/epood\/toode\/tolmuimeja-vc2-karcher-erp\/","og_locale":"et_EE","og_type":"article","og_title":"TOLMUIMEJA VC2 K\u00c4RCHER (ERP) - Espak E-pood","og_url":"https:\/\/espak.ee\/epood\/toode\/tolmuimeja-vc2-karcher-erp\/","og_site_name":"Espak E-pood","article_modified_time":"2025-09-08T08:06:19+00:00","og_image":[{"width":1000,"height":1000,"url":"https:\/\/espak.ee\/epood\/wp-content\/uploads\/2024\/05\/d0-218.jpg","type":"image\/jpeg"}],"twitter_card":"summary_large_image","twitter_misc":{"Est. reading time":"1 minut"},"schema":{"@context":"https:\/\/schema.org","@graph":[{"@type":"WebPage","@id":"https:\/\/espak.ee\/epood\/toode\/tolmuimeja-vc2-karcher-erp\/","url":"https:\/\/espak.ee\/epood\/toode\/tolmuimeja-vc2-karcher-erp\/","name":"TOLMUIMEJA VC2 K\u00c4RCHER (ERP) - Espak E-pood","isPartOf":{"@id":"https:\/\/espak.ee\/epood\/#website"},"primaryImageOfPage":{"@id":"https:\/\/espak.ee\/epood\/toode\/tolmuimeja-vc2-karcher-erp\/#primaryimage"},"image":{"@id":"https:\/\/espak.ee\/epood\/toode\/tolmuimeja-vc2-karcher-erp\/#primaryimage"},"thumbnailUrl":"https:\/\/espak.ee\/epood\/wp-content\/uploads\/2024\/05\/d0-218.jpg","datePublished":"2024-05-17T02:05:03+00:00","dateModified":"2025-09-08T08:06:19+00:00","breadcrumb":{"@id":"https:\/\/espak.ee\/epood\/toode\/tolmuimeja-vc2-karcher-erp\/#breadcrumb"},"inLanguage":"et","potentialAction":[{"@type":"ReadAction","target":["https:\/\/espak.ee\/epood\/toode\/tolmuimeja-vc2-karcher-erp\/"]}]},{"@type":"ImageObject","inLanguage":"et","@id":"https:\/\/espak.ee\/epood\/toode\/tolmuimeja-vc2-karcher-erp\/#primaryimage","url":"https:\/\/espak.ee\/epood\/wp-content\/uploads\/2024\/05\/d0-218.jpg","contentUrl":"https:\/\/espak.ee\/epood\/wp-content\/uploads\/2024\/05\/d0-218.jpg","width":1000,"height":1000},{"@type":"BreadcrumbList","@id":"https:\/\/espak.ee\/epood\/toode\/tolmuimeja-vc2-karcher-erp\/#breadcrumb","itemListElement":[{"@type":"ListItem","position":1,"name":"Home","item":"https:\/\/espak.ee\/epood\/"},{"@type":"ListItem","position":2,"name":"Tootevalik","item":"https:\/\/espak.ee\/epood\/tootevalik\/"},{"@type":"ListItem","position":3,"name":"TOLMUIMEJA VC2 K\u00c4RCHER (ERP)"}]},{"@type":"WebSite","@id":"https:\/\/espak.ee\/epood\/#website","url":"https:\/\/espak.ee\/epood\/","name":"Espak E-pood","description":"","potentialAction":[{"@type":"SearchAction","target":{"@type":"EntryPoint","urlTemplate":"https:\/\/espak.ee\/epood\/?s={search_term_string}"},"query-input":{"@type":"PropertyValueSpecification","valueRequired":true,"valueName":"search_term_string"}}],"inLanguage":"et"}]}},"_links":{"self":[{"href":"https:\/\/espak.ee\/epood\/wp-json\/wp\/v2\/product\/199010","targetHints":{"allow":["GET"]}}],"collection":[{"href":"https:\/\/espak.ee\/epood\/wp-json\/wp\/v2\/product"}],"about":[{"href":"https:\/\/espak.ee\/epood\/wp-json\/wp\/v2\/types\/product"}],"replies":[{"embeddable":true,"href":"https:\/\/espak.ee\/epood\/wp-json\/wp\/v2\/comments?post=199010"}],"wp:featuredmedia":[{"embeddable":true,"href":"https:\/\/espak.ee\/epood\/wp-json\/wp\/v2\/media\/199048"}],"wp:attachment":[{"href":"https:\/\/espak.ee\/epood\/wp-json\/wp\/v2\/media?parent=199010"}],"wp:term":[{"taxonomy":"product_brand","embeddable":true,"href":"https:\/\/espak.ee\/epood\/wp-json\/wp\/v2\/product_brand?post=199010"},{"taxonomy":"product_cat","embeddable":true,"href":"https:\/\/espak.ee\/epood\/wp-json\/wp\/v2\/product_cat?post=199010"},{"taxonomy":"product_tag","embeddable":true,"href":"https:\/\/espak.ee\/epood\/wp-json\/wp\/v2\/product_tag?post=199010"}],"curies":[{"name":"wp","href":"https:\/\/api.w.org\/{rel}","templated":true}]}}