{"id":198292,"date":"2024-05-10T05:10:02","date_gmt":"2024-05-10T02:10:02","guid":{"rendered":"https:\/\/espak.ee\/epood\/?post_type=product&#038;p=198292"},"modified":"2026-05-07T14:31:48","modified_gmt":"2026-05-07T11:31:48","slug":"keevitus-easymig130-spartus","status":"publish","type":"product","link":"https:\/\/espak.ee\/epood\/toode\/keevitus-easymig130-spartus\/","title":{"rendered":"KEEVITUS EASYMIG130 SPARTUS"},"content":{"rendered":"<div class=\"row\"  id=\"row-1410734246\">\n\n\t<div id=\"col-2125090044\" class=\"col medium-9 small-12 large-9\"  >\n\t\t\t\t<div class=\"col-inner\"  >\n\t\t\t\n\t\t\t\n<h3>MIG keevitusinverter Spartus EasyMIG130<\/h3>\n<p>SPARTUS\u00ae EasyMIG 130 on kompaktne keevitusaparaat, mis on ehitatud IGBT transistoritele.<br \/>\nSee on ette n\u00e4htud r\u00e4bustiga kaarkeevitamiseks (FCAW) ilma kaitsegaasita.<br \/>\nSobib ideaalselt k\u00f5igile, kes otsivad mugavat keevitusv\u00f5imalust kodus v\u00f5i v\u00e4ikeses t\u00f6\u00f6kojas.<br \/>\nMasina peamised eelised on j\u00e4rgmised:<br \/>\nReguleeritav voolutugevus: Maksimaalne keevitusvool 130A<br \/>\nEasyMIG 130 tagab enamiku koduprojektide ja t\u00f6\u00f6koja\u00fclesannete jaoks piisavalt v\u00f5imsust.<br \/>\nToiteallikas pistikupesast: seade t\u00f6\u00f6tab \u00fchefaasilises 230 V v\u00f5rgus.<br \/>\nLihtne traadietteandemehhanism: kahe rulliga traadietteanne 1 kg\/100 mm poolile muudab selle k\u00e4sitsemise lihtsaks ja tagab sujuva traadi etteandmise.<br \/>\nMIG150 keevitusp\u00f5leti: P\u00f5leti MIG150 p\u00fcsikinnitus t\u00e4hendab, et masin on alati t\u00f6\u00f6valmis, h\u00f5lbustades keevitamise kiiret alustamist.<br \/>\nKeevitusre\u017eiimid: Saadaval on kaks keevitusre\u017eiimi \u2013<br \/>\ns\u00fcnergiline re\u017eiim, mis reguleerib automaatselt keevitusparameetreid,<br \/>\nja k\u00e4sitsi re\u017eiim, mis v\u00f5imaldab kohandada seadistusi vastavalt konkreetsetele projektin\u00f5uetele, suurendades seadme paindlikkust.<br \/>\n2T\/4T funktsioon: tagab mugavuse pikema t\u00f6\u00f6 ajal, minimeerides k\u00e4te v\u00e4simust.<br \/>\nGaasita r\u00e4bustitraadiga traatkeevitus: v\u00f5imalus keevitada ilma kaitsegaasi kasutamata on suur pluss kasutajatele, kes soovivad v\u00e4hendada lisakulusid.<br \/>\nLisaks suurendab v\u00e4liste gaasiballoonide eemaldamine oluliselt seadme liikuvust, h\u00f5lbustades t\u00f6\u00f6d raskesti ligip\u00e4\u00e4setavates kohtades, tuuletingimustes v\u00f5i \u00f5ues.<br \/>\nSPARTUS\u00ae EasyMIG 130 on lihtsalt kasutatav keevitusaparaat, mis sobib suurep\u00e4raselt kodut\u00f6\u00f6deks, remondit\u00f6\u00f6deks v\u00f5i hobiprojektideks. See on ideaalne lahendus neile, kes otsivad praktilist t\u00f6\u00f6riista ilma tarbetute komplikatsioonideta. EasyMIG 130 abil saab ellu viia laia valikut projekte, mis on madalate kasutuskuludega.\n<\/p>\n<p><strong>Komplektsus: <\/strong><br \/>\n&#8211; Keevitusseade EasyMIG130<br \/>\n&#8211; Keevitusp\u00f5leti<br \/>\n&#8211; Maanduskaabel<br \/>\n&#8211; Kaitsekilp<br \/>\n&#8211; R\u00e4buhaamer koos traatharjaga<br \/>\n&#8211; \u00d5larihm<\/p>\n\t<div id=\"gap-1737246165\" class=\"gap-element clearfix\" style=\"display:block; height:auto;\">\n\t\t\n<style>\n#gap-1737246165 {\n  padding-top: 30px;\n}\n<\/style>\n\t<\/div>\n\t\n\t\t<\/div>\n\t\t\t\t\t<\/div>\n\n\t\n\n\t<div id=\"col-1949760031\" class=\"col medium-3 small-12 large-3\"  >\n\t\t\t\t<div class=\"col-inner\"  >\n\t\t\t\n\t\t\t\n<div class=\"is-divider divider clearfix\" ><\/div>\n<p><strong>\u00dcksikasjalikuma n\u00f5u saamiseks v\u00f5tke \u00fchendust:<br \/><\/strong>Pureva O\u00dc<br \/>R\u00f6a k\u00fcla<br \/>79614<br \/>Rapla vald<br \/>+372 48 37 235<\/p>\n<div class=\"is-divider divider clearfix\" ><\/div>\n\t\t<\/div>\n\t\t\t\t\t<\/div>\n\n\t\n<\/div>\n","protected":false},"excerpt":{"rendered":"","protected":false},"featured_media":198595,"comment_status":"closed","ping_status":"closed","template":"","meta":[],"product_brand":[],"product_cat":[2680,3069,2681,2679],"product_tag":[],"class_list":{"0":"post-198292","1":"product","2":"type-product","3":"status-publish","4":"has-post-thumbnail","6":"product_cat-elektritooriistad","7":"product_cat-keevitusseadmed","8":"product_cat-masinad-ja-seadmed","9":"product_cat-tooriistad","10":"pa_kaubamark-spartus","12":"first","13":"instock","14":"sale","15":"taxable","16":"shipping-taxable","17":"purchasable","18":"product-type-simple"},"yoast_head":"<!-- This site is optimized with the Yoast SEO plugin v26.9 - https:\/\/yoast.com\/product\/yoast-seo-wordpress\/ -->\n<title>KEEVITUS EASYMIG130 SPARTUS - Espak E-pood<\/title>\n<meta name=\"robots\" content=\"index, follow, max-snippet:-1, max-image-preview:large, max-video-preview:-1\" \/>\n<link rel=\"canonical\" href=\"https:\/\/espak.ee\/epood\/toode\/keevitus-easymig130-spartus\/\" \/>\n<meta property=\"og:locale\" content=\"et_EE\" \/>\n<meta property=\"og:type\" content=\"article\" \/>\n<meta property=\"og:title\" content=\"KEEVITUS EASYMIG130 SPARTUS - Espak E-pood\" \/>\n<meta property=\"og:url\" content=\"https:\/\/espak.ee\/epood\/toode\/keevitus-easymig130-spartus\/\" \/>\n<meta property=\"og:site_name\" content=\"Espak E-pood\" \/>\n<meta property=\"article:modified_time\" content=\"2026-05-07T11:31:48+00:00\" \/>\n<meta property=\"og:image\" content=\"https:\/\/espak.ee\/epood\/wp-content\/uploads\/2024\/05\/20975.jpeg\" \/>\n\t<meta property=\"og:image:width\" content=\"1000\" \/>\n\t<meta property=\"og:image:height\" content=\"1000\" \/>\n\t<meta property=\"og:image:type\" content=\"image\/jpeg\" \/>\n<meta name=\"twitter:card\" content=\"summary_large_image\" \/>\n<meta name=\"twitter:label1\" content=\"Est. reading time\" \/>\n\t<meta name=\"twitter:data1\" content=\"1 minut\" \/>\n<script type=\"application\/ld+json\" class=\"yoast-schema-graph\">{\"@context\":\"https:\/\/schema.org\",\"@graph\":[{\"@type\":\"WebPage\",\"@id\":\"https:\/\/espak.ee\/epood\/toode\/keevitus-easymig130-spartus\/\",\"url\":\"https:\/\/espak.ee\/epood\/toode\/keevitus-easymig130-spartus\/\",\"name\":\"KEEVITUS EASYMIG130 SPARTUS - Espak E-pood\",\"isPartOf\":{\"@id\":\"https:\/\/espak.ee\/epood\/#website\"},\"primaryImageOfPage\":{\"@id\":\"https:\/\/espak.ee\/epood\/toode\/keevitus-easymig130-spartus\/#primaryimage\"},\"image\":{\"@id\":\"https:\/\/espak.ee\/epood\/toode\/keevitus-easymig130-spartus\/#primaryimage\"},\"thumbnailUrl\":\"https:\/\/espak.ee\/epood\/wp-content\/uploads\/2024\/05\/20975.jpeg\",\"datePublished\":\"2024-05-10T02:10:02+00:00\",\"dateModified\":\"2026-05-07T11:31:48+00:00\",\"breadcrumb\":{\"@id\":\"https:\/\/espak.ee\/epood\/toode\/keevitus-easymig130-spartus\/#breadcrumb\"},\"inLanguage\":\"et\",\"potentialAction\":[{\"@type\":\"ReadAction\",\"target\":[\"https:\/\/espak.ee\/epood\/toode\/keevitus-easymig130-spartus\/\"]}]},{\"@type\":\"ImageObject\",\"inLanguage\":\"et\",\"@id\":\"https:\/\/espak.ee\/epood\/toode\/keevitus-easymig130-spartus\/#primaryimage\",\"url\":\"https:\/\/espak.ee\/epood\/wp-content\/uploads\/2024\/05\/20975.jpeg\",\"contentUrl\":\"https:\/\/espak.ee\/epood\/wp-content\/uploads\/2024\/05\/20975.jpeg\",\"width\":1000,\"height\":1000},{\"@type\":\"BreadcrumbList\",\"@id\":\"https:\/\/espak.ee\/epood\/toode\/keevitus-easymig130-spartus\/#breadcrumb\",\"itemListElement\":[{\"@type\":\"ListItem\",\"position\":1,\"name\":\"Home\",\"item\":\"https:\/\/espak.ee\/epood\/\"},{\"@type\":\"ListItem\",\"position\":2,\"name\":\"Tootevalik\",\"item\":\"https:\/\/espak.ee\/epood\/tootevalik\/\"},{\"@type\":\"ListItem\",\"position\":3,\"name\":\"KEEVITUS EASYMIG130 SPARTUS\"}]},{\"@type\":\"WebSite\",\"@id\":\"https:\/\/espak.ee\/epood\/#website\",\"url\":\"https:\/\/espak.ee\/epood\/\",\"name\":\"Espak E-pood\",\"description\":\"\",\"potentialAction\":[{\"@type\":\"SearchAction\",\"target\":{\"@type\":\"EntryPoint\",\"urlTemplate\":\"https:\/\/espak.ee\/epood\/?s={search_term_string}\"},\"query-input\":{\"@type\":\"PropertyValueSpecification\",\"valueRequired\":true,\"valueName\":\"search_term_string\"}}],\"inLanguage\":\"et\"}]}<\/script>\n<!-- \/ Yoast SEO plugin. -->","yoast_head_json":{"title":"KEEVITUS EASYMIG130 SPARTUS - Espak E-pood","robots":{"index":"index","follow":"follow","max-snippet":"max-snippet:-1","max-image-preview":"max-image-preview:large","max-video-preview":"max-video-preview:-1"},"canonical":"https:\/\/espak.ee\/epood\/toode\/keevitus-easymig130-spartus\/","og_locale":"et_EE","og_type":"article","og_title":"KEEVITUS EASYMIG130 SPARTUS - Espak E-pood","og_url":"https:\/\/espak.ee\/epood\/toode\/keevitus-easymig130-spartus\/","og_site_name":"Espak E-pood","article_modified_time":"2026-05-07T11:31:48+00:00","og_image":[{"width":1000,"height":1000,"url":"https:\/\/espak.ee\/epood\/wp-content\/uploads\/2024\/05\/20975.jpeg","type":"image\/jpeg"}],"twitter_card":"summary_large_image","twitter_misc":{"Est. reading time":"1 minut"},"schema":{"@context":"https:\/\/schema.org","@graph":[{"@type":"WebPage","@id":"https:\/\/espak.ee\/epood\/toode\/keevitus-easymig130-spartus\/","url":"https:\/\/espak.ee\/epood\/toode\/keevitus-easymig130-spartus\/","name":"KEEVITUS EASYMIG130 SPARTUS - Espak E-pood","isPartOf":{"@id":"https:\/\/espak.ee\/epood\/#website"},"primaryImageOfPage":{"@id":"https:\/\/espak.ee\/epood\/toode\/keevitus-easymig130-spartus\/#primaryimage"},"image":{"@id":"https:\/\/espak.ee\/epood\/toode\/keevitus-easymig130-spartus\/#primaryimage"},"thumbnailUrl":"https:\/\/espak.ee\/epood\/wp-content\/uploads\/2024\/05\/20975.jpeg","datePublished":"2024-05-10T02:10:02+00:00","dateModified":"2026-05-07T11:31:48+00:00","breadcrumb":{"@id":"https:\/\/espak.ee\/epood\/toode\/keevitus-easymig130-spartus\/#breadcrumb"},"inLanguage":"et","potentialAction":[{"@type":"ReadAction","target":["https:\/\/espak.ee\/epood\/toode\/keevitus-easymig130-spartus\/"]}]},{"@type":"ImageObject","inLanguage":"et","@id":"https:\/\/espak.ee\/epood\/toode\/keevitus-easymig130-spartus\/#primaryimage","url":"https:\/\/espak.ee\/epood\/wp-content\/uploads\/2024\/05\/20975.jpeg","contentUrl":"https:\/\/espak.ee\/epood\/wp-content\/uploads\/2024\/05\/20975.jpeg","width":1000,"height":1000},{"@type":"BreadcrumbList","@id":"https:\/\/espak.ee\/epood\/toode\/keevitus-easymig130-spartus\/#breadcrumb","itemListElement":[{"@type":"ListItem","position":1,"name":"Home","item":"https:\/\/espak.ee\/epood\/"},{"@type":"ListItem","position":2,"name":"Tootevalik","item":"https:\/\/espak.ee\/epood\/tootevalik\/"},{"@type":"ListItem","position":3,"name":"KEEVITUS EASYMIG130 SPARTUS"}]},{"@type":"WebSite","@id":"https:\/\/espak.ee\/epood\/#website","url":"https:\/\/espak.ee\/epood\/","name":"Espak E-pood","description":"","potentialAction":[{"@type":"SearchAction","target":{"@type":"EntryPoint","urlTemplate":"https:\/\/espak.ee\/epood\/?s={search_term_string}"},"query-input":{"@type":"PropertyValueSpecification","valueRequired":true,"valueName":"search_term_string"}}],"inLanguage":"et"}]}},"_links":{"self":[{"href":"https:\/\/espak.ee\/epood\/wp-json\/wp\/v2\/product\/198292","targetHints":{"allow":["GET"]}}],"collection":[{"href":"https:\/\/espak.ee\/epood\/wp-json\/wp\/v2\/product"}],"about":[{"href":"https:\/\/espak.ee\/epood\/wp-json\/wp\/v2\/types\/product"}],"replies":[{"embeddable":true,"href":"https:\/\/espak.ee\/epood\/wp-json\/wp\/v2\/comments?post=198292"}],"wp:featuredmedia":[{"embeddable":true,"href":"https:\/\/espak.ee\/epood\/wp-json\/wp\/v2\/media\/198595"}],"wp:attachment":[{"href":"https:\/\/espak.ee\/epood\/wp-json\/wp\/v2\/media?parent=198292"}],"wp:term":[{"taxonomy":"product_brand","embeddable":true,"href":"https:\/\/espak.ee\/epood\/wp-json\/wp\/v2\/product_brand?post=198292"},{"taxonomy":"product_cat","embeddable":true,"href":"https:\/\/espak.ee\/epood\/wp-json\/wp\/v2\/product_cat?post=198292"},{"taxonomy":"product_tag","embeddable":true,"href":"https:\/\/espak.ee\/epood\/wp-json\/wp\/v2\/product_tag?post=198292"}],"curies":[{"name":"wp","href":"https:\/\/api.w.org\/{rel}","templated":true}]}}