{"id":198291,"date":"2024-05-10T05:10:02","date_gmt":"2024-05-10T02:10:02","guid":{"rendered":"https:\/\/espak.ee\/epood\/?post_type=product&#038;p=198291"},"modified":"2024-05-21T18:20:56","modified_gmt":"2024-05-21T15:20:56","slug":"keevitus-inverter-easy-arc216-pulse-spartus","status":"publish","type":"product","link":"https:\/\/espak.ee\/epood\/toode\/keevitus-inverter-easy-arc216-pulse-spartus\/","title":{"rendered":"KEEVITUS INVERTER EASY ARC216 PULSE SPARTUS"},"content":{"rendered":"<div class=\"row\"  id=\"row-2076216311\">\n\n\t<div id=\"col-533354449\" class=\"col medium-9 small-12 large-9\"  >\n\t\t\t\t<div class=\"col-inner\"  >\n\t\t\t\n\t\t\t\n<h3>Inverterkeevitus SPARTUS Easy ARC216Pulse, 200A<\/h3>\n<p>EasyARC 216P \u2013 Impulsskeevitusfunktsiooniga elektroodkeevitusmasin<br \/>\nSPARTUS\u00ae EasyARC 216P on kompaktne keevitusseade, mis on ehitatud t\u00e4iustatud invertertehnoloogia ja IGBT j\u00f5utransistorite abil.<br \/>\nSee v\u00f5imaldab keevitamist kaetud elektroodidega MMA ja TIG Lift DC kaars\u00fc\u00fctega puute kaudu.<br \/>\nT\u00e4nu 230 V \u00fchefaasilisele toitele on EasyARC 216P seade, mida saab praktiliselt kasutada k\u00f5ikjal \u2013 nii t\u00f6\u00f6kojas kui ka v\u00e4litingimustes.<br \/>\nVoolu reguleerimisvahemik ulatub 10 kuni 200 A, v\u00f5imaldades paindlikku kohandamist erinevate keevitus\u00fclesannetega.<br \/>\nSeade on varustatud ka piisava v\u00f5imsusega kuni 5,0 mm l\u00e4bim\u00f5\u00f5duga elektroodide keevitamiseks.<br \/>\nKaasaegne seade EasyARC 216P on varustatud impulssvooluga keevitusfunktsiooniga.<br \/>\nImpulssfunktsioon v\u00f5imaldab keevitusprotsessi t\u00e4psemalt juhtida. Keevitaja saab reguleerida impulsi parameetreid, nagu sagedust ja amplituudi, v\u00f5imaldades keevitust t\u00e4pselt kohandada konkreetsete tingimuste ja materjalidega.<br \/>\nImpulsskeevitus v\u00f5ib aidata piirata termilisi moonutusi, mis on eriti oluline \u00f5rnade materjalide keevitamisel v\u00f5i piirkondades, kus deformatsiooni minimeerimine on \u00fclioluline.<br \/>\nImpulssfunktsiooni abil saab v\u00e4hendada liigse metalli pritsimise (pritsmete) ohtu, mille tulemuseks on puhtamad ja t\u00e4psemad keevis\u00f5mblused.<br \/>\nEasyARC 216P paistab silma k\u00f5rge efektiivsuse ja madala energiatarbimisega, mis on tingitud VRD-funktsioonist.<br \/>\nLisaks on keevitajal keevitusprotsessi abistavad funktsioonid, n\u00e4iteks:<br \/>\nARC FORCE \u2013 keevitusprotsessi stabiilsuse tagamine voolu automaatse reguleerimise kaudu vastuseks kaare pikkuse muutustele.<br \/>\nKUUM K\u00c4IVITUS \u2013 keevituskaare k\u00e4ivitamise h\u00f5lbustamine, suurendades protsessi alguses korraks voolu.<br \/>\nKaasaegne ekraan v\u00f5imaldab t\u00e4pselt juhtida keevitusparameetreid ning sujuv vooluregulatsioon v\u00f5imaldab reguleerimist erinevate materjalide ja elektroodide paksustega.<br \/>\nSeadmega on kaasas elektroodihoidik, maanduskaabel, keevituskilp ja haamer. K\u00f5ik need esemed on paigutatud mugavasse kohvrisse, mis tagab h\u00f5lpsa transportimise.<br \/>\nSPARTUS\u00ae EasyARC 216P on usaldusv\u00e4\u00e4rne t\u00f6\u00f6riist, mis t\u00f5estab oma v\u00e4\u00e4rtust erinevates t\u00f6\u00f6stusharudes, sealhulgas kerget\u00f6\u00f6stus, p\u00f5llumajandus, p\u00f5lluremondit\u00f6\u00f6d ja t\u00f6\u00f6kojat\u00f6\u00f6d.\n<\/p>\n<p><strong>Komplektsus: <\/strong><br \/>\n&#8211; Kandekohver<br \/>\n&#8211; Elektroodihoidja 2m kaabliga<br \/>\n&#8211; Maandusklemm 1,5m kaabliga<br \/>\n&#8211; Kaitsekilp<br \/>\n&#8211; R\u00e4buhaamer\/traathari<\/p>\n\t<div id=\"gap-2084265743\" class=\"gap-element clearfix\" style=\"display:block; height:auto;\">\n\t\t\n<style>\n#gap-2084265743 {\n  padding-top: 30px;\n}\n<\/style>\n\t<\/div>\n\t\n\t\t<\/div>\n\t\t\t\t\t<\/div>\n\n\t\n\n\t<div id=\"col-1858574984\" class=\"col medium-3 small-12 large-3\"  >\n\t\t\t\t<div class=\"col-inner\"  >\n\t\t\t\n\t\t\t\n<div class=\"is-divider divider clearfix\" ><\/div>\n<p><strong>\u00dcksikasjalikuma n\u00f5u saamiseks v\u00f5tke \u00fchendust:<br \/><\/strong>Pureva O\u00dc<br \/>R\u00f6a k\u00fcla<br \/>79614<br \/>Rapla vald<br \/>+372 48 37 235<\/p>\n<div class=\"is-divider divider clearfix\" ><\/div>\n\t\t<\/div>\n\t\t\t\t\t<\/div>\n\n\t\n<\/div>\n","protected":false},"excerpt":{"rendered":"","protected":false},"featured_media":198603,"comment_status":"closed","ping_status":"closed","template":"","meta":[],"product_brand":[],"product_cat":[2680,3069,2681,2679],"product_tag":[],"class_list":{"0":"post-198291","1":"product","2":"type-product","3":"status-publish","4":"has-post-thumbnail","6":"product_cat-elektritooriistad","7":"product_cat-keevitusseadmed","8":"product_cat-masinad-ja-seadmed","9":"product_cat-tooriistad","10":"pa_kaubamark-spartus","12":"first","13":"instock","14":"sale","15":"taxable","16":"shipping-taxable","17":"purchasable","18":"product-type-simple"},"yoast_head":"<!-- This site is optimized with the Yoast SEO plugin v26.9 - https:\/\/yoast.com\/product\/yoast-seo-wordpress\/ -->\n<title>KEEVITUS INVERTER EASY ARC216 PULSE SPARTUS - Espak E-pood<\/title>\n<meta name=\"robots\" content=\"index, follow, max-snippet:-1, max-image-preview:large, max-video-preview:-1\" \/>\n<link rel=\"canonical\" href=\"https:\/\/espak.ee\/epood\/toode\/keevitus-inverter-easy-arc216-pulse-spartus\/\" \/>\n<meta property=\"og:locale\" content=\"et_EE\" \/>\n<meta property=\"og:type\" content=\"article\" \/>\n<meta property=\"og:title\" content=\"KEEVITUS INVERTER EASY ARC216 PULSE SPARTUS - Espak E-pood\" \/>\n<meta property=\"og:url\" content=\"https:\/\/espak.ee\/epood\/toode\/keevitus-inverter-easy-arc216-pulse-spartus\/\" \/>\n<meta property=\"og:site_name\" content=\"Espak E-pood\" \/>\n<meta property=\"article:modified_time\" content=\"2024-05-21T15:20:56+00:00\" \/>\n<meta property=\"og:image\" content=\"https:\/\/espak.ee\/epood\/wp-content\/uploads\/2024\/05\/20714.jpeg\" \/>\n\t<meta property=\"og:image:width\" content=\"1000\" \/>\n\t<meta property=\"og:image:height\" content=\"1000\" \/>\n\t<meta property=\"og:image:type\" content=\"image\/jpeg\" \/>\n<meta name=\"twitter:card\" content=\"summary_large_image\" \/>\n<meta name=\"twitter:label1\" content=\"Est. reading time\" \/>\n\t<meta name=\"twitter:data1\" content=\"2 minutit\" \/>\n<script type=\"application\/ld+json\" class=\"yoast-schema-graph\">{\"@context\":\"https:\/\/schema.org\",\"@graph\":[{\"@type\":\"WebPage\",\"@id\":\"https:\/\/espak.ee\/epood\/toode\/keevitus-inverter-easy-arc216-pulse-spartus\/\",\"url\":\"https:\/\/espak.ee\/epood\/toode\/keevitus-inverter-easy-arc216-pulse-spartus\/\",\"name\":\"KEEVITUS INVERTER EASY ARC216 PULSE SPARTUS - Espak E-pood\",\"isPartOf\":{\"@id\":\"https:\/\/espak.ee\/epood\/#website\"},\"primaryImageOfPage\":{\"@id\":\"https:\/\/espak.ee\/epood\/toode\/keevitus-inverter-easy-arc216-pulse-spartus\/#primaryimage\"},\"image\":{\"@id\":\"https:\/\/espak.ee\/epood\/toode\/keevitus-inverter-easy-arc216-pulse-spartus\/#primaryimage\"},\"thumbnailUrl\":\"https:\/\/espak.ee\/epood\/wp-content\/uploads\/2024\/05\/20714.jpeg\",\"datePublished\":\"2024-05-10T02:10:02+00:00\",\"dateModified\":\"2024-05-21T15:20:56+00:00\",\"breadcrumb\":{\"@id\":\"https:\/\/espak.ee\/epood\/toode\/keevitus-inverter-easy-arc216-pulse-spartus\/#breadcrumb\"},\"inLanguage\":\"et\",\"potentialAction\":[{\"@type\":\"ReadAction\",\"target\":[\"https:\/\/espak.ee\/epood\/toode\/keevitus-inverter-easy-arc216-pulse-spartus\/\"]}]},{\"@type\":\"ImageObject\",\"inLanguage\":\"et\",\"@id\":\"https:\/\/espak.ee\/epood\/toode\/keevitus-inverter-easy-arc216-pulse-spartus\/#primaryimage\",\"url\":\"https:\/\/espak.ee\/epood\/wp-content\/uploads\/2024\/05\/20714.jpeg\",\"contentUrl\":\"https:\/\/espak.ee\/epood\/wp-content\/uploads\/2024\/05\/20714.jpeg\",\"width\":1000,\"height\":1000},{\"@type\":\"BreadcrumbList\",\"@id\":\"https:\/\/espak.ee\/epood\/toode\/keevitus-inverter-easy-arc216-pulse-spartus\/#breadcrumb\",\"itemListElement\":[{\"@type\":\"ListItem\",\"position\":1,\"name\":\"Home\",\"item\":\"https:\/\/espak.ee\/epood\/\"},{\"@type\":\"ListItem\",\"position\":2,\"name\":\"Tootevalik\",\"item\":\"https:\/\/espak.ee\/epood\/tootevalik\/\"},{\"@type\":\"ListItem\",\"position\":3,\"name\":\"KEEVITUS INVERTER EASY ARC216 PULSE SPARTUS\"}]},{\"@type\":\"WebSite\",\"@id\":\"https:\/\/espak.ee\/epood\/#website\",\"url\":\"https:\/\/espak.ee\/epood\/\",\"name\":\"Espak E-pood\",\"description\":\"\",\"potentialAction\":[{\"@type\":\"SearchAction\",\"target\":{\"@type\":\"EntryPoint\",\"urlTemplate\":\"https:\/\/espak.ee\/epood\/?s={search_term_string}\"},\"query-input\":{\"@type\":\"PropertyValueSpecification\",\"valueRequired\":true,\"valueName\":\"search_term_string\"}}],\"inLanguage\":\"et\"}]}<\/script>\n<!-- \/ Yoast SEO plugin. -->","yoast_head_json":{"title":"KEEVITUS INVERTER EASY ARC216 PULSE SPARTUS - Espak E-pood","robots":{"index":"index","follow":"follow","max-snippet":"max-snippet:-1","max-image-preview":"max-image-preview:large","max-video-preview":"max-video-preview:-1"},"canonical":"https:\/\/espak.ee\/epood\/toode\/keevitus-inverter-easy-arc216-pulse-spartus\/","og_locale":"et_EE","og_type":"article","og_title":"KEEVITUS INVERTER EASY ARC216 PULSE SPARTUS - Espak E-pood","og_url":"https:\/\/espak.ee\/epood\/toode\/keevitus-inverter-easy-arc216-pulse-spartus\/","og_site_name":"Espak E-pood","article_modified_time":"2024-05-21T15:20:56+00:00","og_image":[{"width":1000,"height":1000,"url":"https:\/\/espak.ee\/epood\/wp-content\/uploads\/2024\/05\/20714.jpeg","type":"image\/jpeg"}],"twitter_card":"summary_large_image","twitter_misc":{"Est. reading time":"2 minutit"},"schema":{"@context":"https:\/\/schema.org","@graph":[{"@type":"WebPage","@id":"https:\/\/espak.ee\/epood\/toode\/keevitus-inverter-easy-arc216-pulse-spartus\/","url":"https:\/\/espak.ee\/epood\/toode\/keevitus-inverter-easy-arc216-pulse-spartus\/","name":"KEEVITUS INVERTER EASY ARC216 PULSE SPARTUS - Espak E-pood","isPartOf":{"@id":"https:\/\/espak.ee\/epood\/#website"},"primaryImageOfPage":{"@id":"https:\/\/espak.ee\/epood\/toode\/keevitus-inverter-easy-arc216-pulse-spartus\/#primaryimage"},"image":{"@id":"https:\/\/espak.ee\/epood\/toode\/keevitus-inverter-easy-arc216-pulse-spartus\/#primaryimage"},"thumbnailUrl":"https:\/\/espak.ee\/epood\/wp-content\/uploads\/2024\/05\/20714.jpeg","datePublished":"2024-05-10T02:10:02+00:00","dateModified":"2024-05-21T15:20:56+00:00","breadcrumb":{"@id":"https:\/\/espak.ee\/epood\/toode\/keevitus-inverter-easy-arc216-pulse-spartus\/#breadcrumb"},"inLanguage":"et","potentialAction":[{"@type":"ReadAction","target":["https:\/\/espak.ee\/epood\/toode\/keevitus-inverter-easy-arc216-pulse-spartus\/"]}]},{"@type":"ImageObject","inLanguage":"et","@id":"https:\/\/espak.ee\/epood\/toode\/keevitus-inverter-easy-arc216-pulse-spartus\/#primaryimage","url":"https:\/\/espak.ee\/epood\/wp-content\/uploads\/2024\/05\/20714.jpeg","contentUrl":"https:\/\/espak.ee\/epood\/wp-content\/uploads\/2024\/05\/20714.jpeg","width":1000,"height":1000},{"@type":"BreadcrumbList","@id":"https:\/\/espak.ee\/epood\/toode\/keevitus-inverter-easy-arc216-pulse-spartus\/#breadcrumb","itemListElement":[{"@type":"ListItem","position":1,"name":"Home","item":"https:\/\/espak.ee\/epood\/"},{"@type":"ListItem","position":2,"name":"Tootevalik","item":"https:\/\/espak.ee\/epood\/tootevalik\/"},{"@type":"ListItem","position":3,"name":"KEEVITUS INVERTER EASY ARC216 PULSE SPARTUS"}]},{"@type":"WebSite","@id":"https:\/\/espak.ee\/epood\/#website","url":"https:\/\/espak.ee\/epood\/","name":"Espak E-pood","description":"","potentialAction":[{"@type":"SearchAction","target":{"@type":"EntryPoint","urlTemplate":"https:\/\/espak.ee\/epood\/?s={search_term_string}"},"query-input":{"@type":"PropertyValueSpecification","valueRequired":true,"valueName":"search_term_string"}}],"inLanguage":"et"}]}},"_links":{"self":[{"href":"https:\/\/espak.ee\/epood\/wp-json\/wp\/v2\/product\/198291","targetHints":{"allow":["GET"]}}],"collection":[{"href":"https:\/\/espak.ee\/epood\/wp-json\/wp\/v2\/product"}],"about":[{"href":"https:\/\/espak.ee\/epood\/wp-json\/wp\/v2\/types\/product"}],"replies":[{"embeddable":true,"href":"https:\/\/espak.ee\/epood\/wp-json\/wp\/v2\/comments?post=198291"}],"wp:featuredmedia":[{"embeddable":true,"href":"https:\/\/espak.ee\/epood\/wp-json\/wp\/v2\/media\/198603"}],"wp:attachment":[{"href":"https:\/\/espak.ee\/epood\/wp-json\/wp\/v2\/media?parent=198291"}],"wp:term":[{"taxonomy":"product_brand","embeddable":true,"href":"https:\/\/espak.ee\/epood\/wp-json\/wp\/v2\/product_brand?post=198291"},{"taxonomy":"product_cat","embeddable":true,"href":"https:\/\/espak.ee\/epood\/wp-json\/wp\/v2\/product_cat?post=198291"},{"taxonomy":"product_tag","embeddable":true,"href":"https:\/\/espak.ee\/epood\/wp-json\/wp\/v2\/product_tag?post=198291"}],"curies":[{"name":"wp","href":"https:\/\/api.w.org\/{rel}","templated":true}]}}