{"id":198286,"date":"2024-05-10T05:10:02","date_gmt":"2024-05-10T02:10:02","guid":{"rendered":"https:\/\/espak.ee\/epood\/?post_type=product&#038;p=198286"},"modified":"2025-11-09T17:16:59","modified_gmt":"2025-11-09T15:16:59","slug":"tolmuimeja-vc4-cordless-myhome-eu-karcher","status":"publish","type":"product","link":"https:\/\/espak.ee\/epood\/toode\/tolmuimeja-vc4-cordless-myhome-eu-karcher\/","title":{"rendered":"TOLMUIMEJA VC4 CORDLESS MYHOME *EU K\u00c4RCHER"},"content":{"rendered":"<div class=\"row\"  id=\"row-264336519\">\n\n\t<div id=\"col-1583871411\" class=\"col medium-9 small-12 large-9\"  >\n\t\t\t\t<div class=\"col-inner\"  >\n\t\t\t\n\t\t\t\n<h3>Akuga tolmuimeja VC 4 Cordless MyHome EU* K\u00e4rcher<\/h3>\n<p>Pingutusteta tolmu imemine t\u00e4nu kergele disainile: VC 4 Cordless myHome v\u00f5tab v\u00e4ikestes majapidamistes tolmuimemisest vaeva \u00e4ra.<\/p>\n<div class=\"message-box relative\" style=\"padding-top:15px;padding-bottom:15px;\"><div class=\"message-box-bg-image bg-fill fill\" ><\/div><div class=\"message-box-bg-overlay bg-fill fill\" ><\/div><div class=\"container relative\"><div class=\"inner last-reset\">\n<div class=\"row align-middle align-center\"  id=\"row-210395740\">\n\n\t<div id=\"col-821145027\" class=\"col small-12 large-12\"  >\n\t\t\t\t<div class=\"col-inner text-left\"  >\n\t\t\t\n\t\t\t\n<h4>Omadused<\/h4>\n<div class=\"row\"  id=\"row-579799130\">\n\n\t<div id=\"col-224580435\" class=\"col medium-6 small-12 large-6\"  >\n\t\t\t\t<div class=\"col-inner\"  >\n\t\t\t\n\t\t\t\n<p><i class=\"fa fa-check fa-2x\"><\/i> <strong> 3-etapiline filtris\u00fcsteem<\/strong><\/p>\n<p><i class=\"fa fa-check fa-2x\"><\/i> <strong> Tolmukonteineri lihtne t\u00fchjendamine vaid \u00fche kl\u00f5psuga<\/strong><\/p>\n\t\t<\/div>\n\t\t\t\t\n<style>\n#col-224580435 > .col-inner {\n  margin: 0px 0px 15px 0px;\n}\n<\/style>\n\t<\/div>\n\n\t\n\n\t<div id=\"col-2129623027\" class=\"col medium-6 small-12 large-6\"  >\n\t\t\t\t<div class=\"col-inner\"  >\n\t\t\t\n\t\t\t\n<p><i class=\"fa fa-check fa-2x\"><\/i> <strong> Ruumis\u00e4\u00e4stlik disain<\/strong><\/p>\n<p><i class=\"fa fa-check fa-2x\"><\/i> <strong> \u00c4\u00e4rmiselt hea man\u00f6\u00f6verdusv\u00f5ime<\/strong><\/p>\n\t\t<\/div>\n\t\t\t\t\n<style>\n#col-2129623027 > .col-inner {\n  margin: 0px 0px 15px 0px;\n}\n<\/style>\n\t<\/div>\n\n\t\n<\/div>\n\t\t<\/div>\n\t\t\t\t\t<\/div>\n\n\t\n<\/div>\n<\/div><\/div><\/div>\n\t<div id=\"gap-968178979\" class=\"gap-element clearfix\" style=\"display:block; height:auto;\">\n\t\t\n<style>\n#gap-968178979 {\n  padding-top: 30px;\n}\n<\/style>\n\t<\/div>\n\t\n<p>Maksimaalne liikumisvabadus ja maksimaalne mugavus: VC 4 Cordless myHome tolmuimeja, mille t\u00f6\u00f6aeg on kuni 30 minutit, s\u00e4\u00e4stab kasutajat suure seadme j\u00e4rel vedamisest. Selle paljud intelligentsed funktsioonid muudavad tolmuimemise r\u00f5\u00f5muks: \u00fche kl\u00f5psuga tolmumahuti t\u00fchjendamine, v\u00f5imendusfunktsioon, vaikne t\u00f6\u00f6tamine, ergonoomiline disain ja aktiivne p\u00f5randaotsik, mis tagab usaldusv\u00e4\u00e4rse mustuse kogumise k\u00f5vadelt p\u00f5randatelt ja vaipadelt. Mugav Power Lock kaotab vajaduse toitenuppu pidevalt all hoida. Selle hoolikalt l\u00e4bim\u00f5eldud disain t\u00e4hendab ka seda, et see suudab puhastada raskesti ligip\u00e4\u00e4setavaid kohti, n\u00e4iteks diivanit tagant v\u00f5i m\u00f6\u00f6bli alt.<\/p>\n\t\t<\/div>\n\t\t\t\t\t<\/div>\n\n\t\n\n\t<div id=\"col-830559055\" class=\"col medium-3 small-12 large-3\"  >\n\t\t\t\t<div class=\"col-inner\"  >\n\t\t\t\n\t\t\t\n<h3>Toote informatsioon<\/h3>\n<p><a href=\"https:\/\/espak.ee\/epood\/wp-content\/uploads\/2024\/05\/1.198-630.0_PI_et_EE.pdf\"target=\"_blank\" rel=\"noopener noreferrer\"><i class=\"far fa-file-pdf\"><\/i> Tooteinfo (PDF)<\/a><\/p>\n<h3>Kasutusjuhend<\/h3>\n<p><a href=\"https:\/\/espak.ee\/epood\/wp-content\/uploads\/2024\/05\/BTA-5829717-000-01.pdf\"target=\"_blank\" rel=\"noopener noreferrer\"><i class=\"far fa-file-pdf\"><\/i> Kasutusjuhend (PDF)<\/a><\/p>\n<div class=\"is-divider divider clearfix\" ><\/div>\n<p><strong>\u00dcksikasjalikuma n\u00f5u saamiseks v\u00f5tke \u00fchendust:<br \/><\/strong>Espak AS<br \/>Viadukti 42<br \/>11313<br \/>Tallinn<br \/>+372 6 512333<\/p>\n\t\t<\/div>\n\t\t\t\t\t<\/div>\n\n\t\n<\/div>\n","protected":false},"excerpt":{"rendered":"","protected":false},"featured_media":198317,"comment_status":"closed","ping_status":"closed","template":"","meta":[],"product_brand":[],"product_cat":[2757,2733,2680,2679],"product_tag":[],"class_list":{"0":"post-198286","1":"product","2":"type-product","3":"status-publish","4":"has-post-thumbnail","6":"product_cat-akutolmuimejad","7":"product_cat-akutooriistad","8":"product_cat-elektritooriistad","9":"product_cat-tooriistad","10":"pa_kaubamark-karcher","12":"first","13":"instock","14":"sale","15":"taxable","16":"shipping-taxable","17":"purchasable","18":"product-type-simple"},"yoast_head":"<!-- This site is optimized with the Yoast SEO plugin v26.9 - https:\/\/yoast.com\/product\/yoast-seo-wordpress\/ -->\n<title>TOLMUIMEJA VC4 CORDLESS MYHOME *EU K\u00c4RCHER - Espak E-pood<\/title>\n<meta name=\"robots\" content=\"index, follow, max-snippet:-1, max-image-preview:large, max-video-preview:-1\" \/>\n<link rel=\"canonical\" href=\"https:\/\/espak.ee\/epood\/toode\/tolmuimeja-vc4-cordless-myhome-eu-karcher\/\" \/>\n<meta property=\"og:locale\" content=\"et_EE\" \/>\n<meta property=\"og:type\" content=\"article\" \/>\n<meta property=\"og:title\" content=\"TOLMUIMEJA VC4 CORDLESS MYHOME *EU K\u00c4RCHER - Espak E-pood\" \/>\n<meta property=\"og:url\" content=\"https:\/\/espak.ee\/epood\/toode\/tolmuimeja-vc4-cordless-myhome-eu-karcher\/\" \/>\n<meta property=\"og:site_name\" content=\"Espak E-pood\" \/>\n<meta property=\"article:modified_time\" content=\"2025-11-09T15:16:59+00:00\" \/>\n<meta property=\"og:image\" content=\"https:\/\/espak.ee\/epood\/wp-content\/uploads\/2024\/05\/d0-195.jpg\" \/>\n\t<meta property=\"og:image:width\" content=\"1000\" \/>\n\t<meta property=\"og:image:height\" content=\"1000\" \/>\n\t<meta property=\"og:image:type\" content=\"image\/jpeg\" \/>\n<meta name=\"twitter:card\" content=\"summary_large_image\" \/>\n<meta name=\"twitter:label1\" content=\"Est. reading time\" \/>\n\t<meta name=\"twitter:data1\" content=\"1 minut\" \/>\n<script type=\"application\/ld+json\" class=\"yoast-schema-graph\">{\"@context\":\"https:\/\/schema.org\",\"@graph\":[{\"@type\":\"WebPage\",\"@id\":\"https:\/\/espak.ee\/epood\/toode\/tolmuimeja-vc4-cordless-myhome-eu-karcher\/\",\"url\":\"https:\/\/espak.ee\/epood\/toode\/tolmuimeja-vc4-cordless-myhome-eu-karcher\/\",\"name\":\"TOLMUIMEJA VC4 CORDLESS MYHOME *EU K\u00c4RCHER - Espak E-pood\",\"isPartOf\":{\"@id\":\"https:\/\/espak.ee\/epood\/#website\"},\"primaryImageOfPage\":{\"@id\":\"https:\/\/espak.ee\/epood\/toode\/tolmuimeja-vc4-cordless-myhome-eu-karcher\/#primaryimage\"},\"image\":{\"@id\":\"https:\/\/espak.ee\/epood\/toode\/tolmuimeja-vc4-cordless-myhome-eu-karcher\/#primaryimage\"},\"thumbnailUrl\":\"https:\/\/espak.ee\/epood\/wp-content\/uploads\/2024\/05\/d0-195.jpg\",\"datePublished\":\"2024-05-10T02:10:02+00:00\",\"dateModified\":\"2025-11-09T15:16:59+00:00\",\"breadcrumb\":{\"@id\":\"https:\/\/espak.ee\/epood\/toode\/tolmuimeja-vc4-cordless-myhome-eu-karcher\/#breadcrumb\"},\"inLanguage\":\"et\",\"potentialAction\":[{\"@type\":\"ReadAction\",\"target\":[\"https:\/\/espak.ee\/epood\/toode\/tolmuimeja-vc4-cordless-myhome-eu-karcher\/\"]}]},{\"@type\":\"ImageObject\",\"inLanguage\":\"et\",\"@id\":\"https:\/\/espak.ee\/epood\/toode\/tolmuimeja-vc4-cordless-myhome-eu-karcher\/#primaryimage\",\"url\":\"https:\/\/espak.ee\/epood\/wp-content\/uploads\/2024\/05\/d0-195.jpg\",\"contentUrl\":\"https:\/\/espak.ee\/epood\/wp-content\/uploads\/2024\/05\/d0-195.jpg\",\"width\":1000,\"height\":1000},{\"@type\":\"BreadcrumbList\",\"@id\":\"https:\/\/espak.ee\/epood\/toode\/tolmuimeja-vc4-cordless-myhome-eu-karcher\/#breadcrumb\",\"itemListElement\":[{\"@type\":\"ListItem\",\"position\":1,\"name\":\"Home\",\"item\":\"https:\/\/espak.ee\/epood\/\"},{\"@type\":\"ListItem\",\"position\":2,\"name\":\"Tootevalik\",\"item\":\"https:\/\/espak.ee\/epood\/tootevalik\/\"},{\"@type\":\"ListItem\",\"position\":3,\"name\":\"TOLMUIMEJA VC4 CORDLESS MYHOME *EU K\u00c4RCHER\"}]},{\"@type\":\"WebSite\",\"@id\":\"https:\/\/espak.ee\/epood\/#website\",\"url\":\"https:\/\/espak.ee\/epood\/\",\"name\":\"Espak E-pood\",\"description\":\"\",\"potentialAction\":[{\"@type\":\"SearchAction\",\"target\":{\"@type\":\"EntryPoint\",\"urlTemplate\":\"https:\/\/espak.ee\/epood\/?s={search_term_string}\"},\"query-input\":{\"@type\":\"PropertyValueSpecification\",\"valueRequired\":true,\"valueName\":\"search_term_string\"}}],\"inLanguage\":\"et\"}]}<\/script>\n<!-- \/ Yoast SEO plugin. -->","yoast_head_json":{"title":"TOLMUIMEJA VC4 CORDLESS MYHOME *EU K\u00c4RCHER - Espak E-pood","robots":{"index":"index","follow":"follow","max-snippet":"max-snippet:-1","max-image-preview":"max-image-preview:large","max-video-preview":"max-video-preview:-1"},"canonical":"https:\/\/espak.ee\/epood\/toode\/tolmuimeja-vc4-cordless-myhome-eu-karcher\/","og_locale":"et_EE","og_type":"article","og_title":"TOLMUIMEJA VC4 CORDLESS MYHOME *EU K\u00c4RCHER - Espak E-pood","og_url":"https:\/\/espak.ee\/epood\/toode\/tolmuimeja-vc4-cordless-myhome-eu-karcher\/","og_site_name":"Espak E-pood","article_modified_time":"2025-11-09T15:16:59+00:00","og_image":[{"width":1000,"height":1000,"url":"https:\/\/espak.ee\/epood\/wp-content\/uploads\/2024\/05\/d0-195.jpg","type":"image\/jpeg"}],"twitter_card":"summary_large_image","twitter_misc":{"Est. reading time":"1 minut"},"schema":{"@context":"https:\/\/schema.org","@graph":[{"@type":"WebPage","@id":"https:\/\/espak.ee\/epood\/toode\/tolmuimeja-vc4-cordless-myhome-eu-karcher\/","url":"https:\/\/espak.ee\/epood\/toode\/tolmuimeja-vc4-cordless-myhome-eu-karcher\/","name":"TOLMUIMEJA VC4 CORDLESS MYHOME *EU K\u00c4RCHER - Espak E-pood","isPartOf":{"@id":"https:\/\/espak.ee\/epood\/#website"},"primaryImageOfPage":{"@id":"https:\/\/espak.ee\/epood\/toode\/tolmuimeja-vc4-cordless-myhome-eu-karcher\/#primaryimage"},"image":{"@id":"https:\/\/espak.ee\/epood\/toode\/tolmuimeja-vc4-cordless-myhome-eu-karcher\/#primaryimage"},"thumbnailUrl":"https:\/\/espak.ee\/epood\/wp-content\/uploads\/2024\/05\/d0-195.jpg","datePublished":"2024-05-10T02:10:02+00:00","dateModified":"2025-11-09T15:16:59+00:00","breadcrumb":{"@id":"https:\/\/espak.ee\/epood\/toode\/tolmuimeja-vc4-cordless-myhome-eu-karcher\/#breadcrumb"},"inLanguage":"et","potentialAction":[{"@type":"ReadAction","target":["https:\/\/espak.ee\/epood\/toode\/tolmuimeja-vc4-cordless-myhome-eu-karcher\/"]}]},{"@type":"ImageObject","inLanguage":"et","@id":"https:\/\/espak.ee\/epood\/toode\/tolmuimeja-vc4-cordless-myhome-eu-karcher\/#primaryimage","url":"https:\/\/espak.ee\/epood\/wp-content\/uploads\/2024\/05\/d0-195.jpg","contentUrl":"https:\/\/espak.ee\/epood\/wp-content\/uploads\/2024\/05\/d0-195.jpg","width":1000,"height":1000},{"@type":"BreadcrumbList","@id":"https:\/\/espak.ee\/epood\/toode\/tolmuimeja-vc4-cordless-myhome-eu-karcher\/#breadcrumb","itemListElement":[{"@type":"ListItem","position":1,"name":"Home","item":"https:\/\/espak.ee\/epood\/"},{"@type":"ListItem","position":2,"name":"Tootevalik","item":"https:\/\/espak.ee\/epood\/tootevalik\/"},{"@type":"ListItem","position":3,"name":"TOLMUIMEJA VC4 CORDLESS MYHOME *EU K\u00c4RCHER"}]},{"@type":"WebSite","@id":"https:\/\/espak.ee\/epood\/#website","url":"https:\/\/espak.ee\/epood\/","name":"Espak E-pood","description":"","potentialAction":[{"@type":"SearchAction","target":{"@type":"EntryPoint","urlTemplate":"https:\/\/espak.ee\/epood\/?s={search_term_string}"},"query-input":{"@type":"PropertyValueSpecification","valueRequired":true,"valueName":"search_term_string"}}],"inLanguage":"et"}]}},"_links":{"self":[{"href":"https:\/\/espak.ee\/epood\/wp-json\/wp\/v2\/product\/198286","targetHints":{"allow":["GET"]}}],"collection":[{"href":"https:\/\/espak.ee\/epood\/wp-json\/wp\/v2\/product"}],"about":[{"href":"https:\/\/espak.ee\/epood\/wp-json\/wp\/v2\/types\/product"}],"replies":[{"embeddable":true,"href":"https:\/\/espak.ee\/epood\/wp-json\/wp\/v2\/comments?post=198286"}],"wp:featuredmedia":[{"embeddable":true,"href":"https:\/\/espak.ee\/epood\/wp-json\/wp\/v2\/media\/198317"}],"wp:attachment":[{"href":"https:\/\/espak.ee\/epood\/wp-json\/wp\/v2\/media?parent=198286"}],"wp:term":[{"taxonomy":"product_brand","embeddable":true,"href":"https:\/\/espak.ee\/epood\/wp-json\/wp\/v2\/product_brand?post=198286"},{"taxonomy":"product_cat","embeddable":true,"href":"https:\/\/espak.ee\/epood\/wp-json\/wp\/v2\/product_cat?post=198286"},{"taxonomy":"product_tag","embeddable":true,"href":"https:\/\/espak.ee\/epood\/wp-json\/wp\/v2\/product_tag?post=198286"}],"curies":[{"name":"wp","href":"https:\/\/api.w.org\/{rel}","templated":true}]}}