{"id":198285,"date":"2024-05-10T05:10:02","date_gmt":"2024-05-10T02:10:02","guid":{"rendered":"https:\/\/espak.ee\/epood\/?post_type=product&#038;p=198285"},"modified":"2025-08-15T15:58:39","modified_gmt":"2025-08-15T12:58:39","slug":"porandapesumasin-fc-4-4-battery-set-karcher","status":"publish","type":"product","link":"https:\/\/espak.ee\/epood\/toode\/porandapesumasin-fc-4-4-battery-set-karcher\/","title":{"rendered":"P\u00d5RANDAPESUMASIN FC 4-4 BATTERY SET K\u00c4RCHER"},"content":{"rendered":"<div class=\"row\"  id=\"row-2068999560\">\n\n\t<div id=\"col-880102083\" class=\"col medium-9 small-12 large-9\"  >\n\t\t\t\t<div class=\"col-inner\"  >\n\t\t\t\n\t\t\t\n<h3>Akuga p\u00f5randapesumasin FC 4-4 Battery Set K\u00e4rcher<\/h3>\n<p>T\u00e4pne puhastus: FC 4-4 eemaldab oma kahe puhastusre\u017eiimi abil t\u00e4pselt ja kiiresti igap\u00e4evase kuiva ja m\u00e4rja mustuse. Kaasas vahetatavad akud ja Duo kiirlaadija.<\/p>\n<div class=\"message-box relative\" style=\"padding-top:15px;padding-bottom:15px;\"><div class=\"message-box-bg-image bg-fill fill\" ><\/div><div class=\"message-box-bg-overlay bg-fill fill\" ><\/div><div class=\"container relative\"><div class=\"inner last-reset\">\n<div class=\"row align-middle align-center\"  id=\"row-2062619276\">\n\n\t<div id=\"col-2113928697\" class=\"col small-12 large-12\"  >\n\t\t\t\t<div class=\"col-inner text-left\"  >\n\t\t\t\n\t\t\t\n<h4>Omadused<\/h4>\n<div class=\"row\"  id=\"row-2066890166\">\n\n\t<div id=\"col-874416679\" class=\"col medium-6 small-12 large-6\"  >\n\t\t\t\t<div class=\"col-inner\"  >\n\t\t\t\n\t\t\t\n<p><i class=\"fa fa-check fa-2x\"><\/i> <strong> H\u00f5lbus puhastamine m\u00f6\u00f6bli alt ja esemete \u00fcmber<\/strong><\/p>\n<p><i class=\"fa fa-check fa-2x\"><\/i> <strong> Tasakaalustatud: musta vee paak on t\u00e4is, kui puhta vee paak on t\u00fchi<\/strong><\/p>\n\t\t<\/div>\n\t\t\t\t\n<style>\n#col-874416679 > .col-inner {\n  margin: 0px 0px 15px 0px;\n}\n<\/style>\n\t<\/div>\n\n\t\n\n\t<div id=\"col-1779384139\" class=\"col medium-6 small-12 large-6\"  >\n\t\t\t\t<div class=\"col-inner\"  >\n\t\t\t\n\t\t\t\n<p><i class=\"fa fa-check fa-2x\"><\/i> <strong> Karvafiltrite lihtne puhastamine komplekti kuuluva puhastusharja abil<\/strong><\/p>\n<p><i class=\"fa fa-check fa-2x\"><\/i> <strong> Eemaldatav k\u00e4epide ja parkimisjaam koos rullihoiuga<\/strong><\/p>\n\t\t<\/div>\n\t\t\t\t\n<style>\n#col-1779384139 > .col-inner {\n  margin: 0px 0px 15px 0px;\n}\n<\/style>\n\t<\/div>\n\n\t\n<\/div>\n\t\t<\/div>\n\t\t\t\t\t<\/div>\n\n\t\n<\/div>\n<\/div><\/div><\/div>\n\t<div id=\"gap-1252509312\" class=\"gap-element clearfix\" style=\"display:block; height:auto;\">\n\t\t\n<style>\n#gap-1252509312 {\n  padding-top: 30px;\n}\n<\/style>\n\t<\/div>\n\t\n<p>P\u00f5randapesumasinaga FC 4-4 ei pea te enam enne pesemist tolmu imema ning saate \u00fche sammuga eemaldada kuiva ja m\u00e4rja igap\u00e4evase mustuse. Pika, maksimaalselt 30-minutilise aku t\u00f6\u00f6ajaga saab vaevata puhastada kuni 90 ruutmeetri suuruseid alasid. Kaasasolev Duo kiirlaadija v\u00f5imaldab laadida vaid 70 minutiga. Visuaalset signaali kasutatakse teabevahetuseks, kui puhtaveepaak tuleb uuesti t\u00e4ita ja mustaveepaak t\u00fchjendada. P\u00e4rast seadme aktiveerimist niisutatakse kaks rullikut automaatselt puhtaveepaagist rullikutele kantava veega. Veekogust saab p\u00f5randakatte j\u00e4rgi reguleerida, kasutades kahte puhastusre\u017eiimi. FC 4-4 puhastab isegi raskesti ligip\u00e4\u00e4setavad kohad ja korjab kergesti juukseid. Otsene kokkupuude mustusega on v\u00e4lditud t\u00e4nu integreeritud ja h\u00fcgieenilisele musta vee paagile, mida saab p\u00e4rast seadme kasutamist eemaldada ja puhastada. FC 4-4 seisab iseseisvalt ja seda saab t\u00e4nu eemaldatavale k\u00e4epidemele ruumis\u00e4\u00e4stlikult hoiustada. Seade sobib k\u00f5ikidele k\u00f5vadele p\u00f5randatele. 4 V K\u00e4rcher Battery Power vahetatavad akud \u00fchilduvad k\u00f5igi 4 V K\u00e4rcher Battery Power seadmetega.<\/p>\n\t\t<\/div>\n\t\t\t\t\t<\/div>\n\n\t\n\n\t<div id=\"col-542050077\" class=\"col medium-3 small-12 large-3\"  >\n\t\t\t\t<div class=\"col-inner\"  >\n\t\t\t\n\t\t\t\n<h3>Toote informatsioon<\/h3>\n<p><a href=\"https:\/\/espak.ee\/epood\/wp-content\/uploads\/2024\/05\/1.056-400.0_PI_et_EE.pdf\"target=\"_blank\" rel=\"noopener noreferrer\"><i class=\"far fa-file-pdf\"><\/i> Tooteinfo (PDF)<\/a><\/p>\n<h3>Kasutusjuhend<\/h3>\n<p><a href=\"https:\/\/espak.ee\/epood\/wp-content\/uploads\/2024\/05\/BTA-5763352-000-04.pdf\"target=\"_blank\" rel=\"noopener noreferrer\"><i class=\"far fa-file-pdf\"><\/i> Kasutusjuhend (PDF)<\/a><\/p>\n<h3>Kasutusjuhend<\/h3>\n<p><a href=\"https:\/\/espak.ee\/epood\/wp-content\/uploads\/2024\/05\/BTA-5715768-000-02.pdf\"target=\"_blank\" rel=\"noopener noreferrer\"><i class=\"far fa-file-pdf\"><\/i> Aku kasutusjuhend (PDF)<\/a><\/p>\n<div class=\"is-divider divider clearfix\" ><\/div>\n<p><strong>\u00dcksikasjalikuma n\u00f5u saamiseks v\u00f5tke \u00fchendust:<br \/><\/strong>Espak AS<br \/>Viadukti 42<br \/>11313<br \/>Tallinn<br \/>+372 6 512333<\/p>\n\t\t<\/div>\n\t\t\t\t\t<\/div>\n\n\t\n<\/div>\n","protected":false},"excerpt":{"rendered":"","protected":false},"featured_media":198346,"comment_status":"closed","ping_status":"closed","template":"","meta":[],"product_brand":[],"product_cat":[2680,2785,2679,2787],"product_tag":[],"class_list":{"0":"post-198285","1":"product","2":"type-product","3":"status-publish","4":"has-post-thumbnail","6":"product_cat-elektritooriistad","7":"product_cat-koristusseadmed","8":"product_cat-tooriistad","9":"product_cat-vee-ja-tolmuimejad","10":"pa_kaubamark-karcher","12":"first","13":"outofstock","14":"sale","15":"taxable","16":"shipping-taxable","17":"purchasable","18":"product-type-simple"},"yoast_head":"<!-- This site is optimized with the Yoast SEO plugin v26.9 - https:\/\/yoast.com\/product\/yoast-seo-wordpress\/ -->\n<title>P\u00d5RANDAPESUMASIN FC 4-4 BATTERY SET K\u00c4RCHER - Espak E-pood<\/title>\n<meta name=\"robots\" content=\"index, follow, max-snippet:-1, max-image-preview:large, max-video-preview:-1\" \/>\n<link rel=\"canonical\" href=\"https:\/\/espak.ee\/epood\/toode\/porandapesumasin-fc-4-4-battery-set-karcher\/\" \/>\n<meta property=\"og:locale\" content=\"et_EE\" \/>\n<meta property=\"og:type\" content=\"article\" \/>\n<meta property=\"og:title\" content=\"P\u00d5RANDAPESUMASIN FC 4-4 BATTERY SET K\u00c4RCHER - Espak E-pood\" \/>\n<meta property=\"og:url\" content=\"https:\/\/espak.ee\/epood\/toode\/porandapesumasin-fc-4-4-battery-set-karcher\/\" \/>\n<meta property=\"og:site_name\" content=\"Espak E-pood\" \/>\n<meta property=\"article:modified_time\" content=\"2025-08-15T12:58:39+00:00\" \/>\n<meta property=\"og:image\" content=\"https:\/\/espak.ee\/epood\/wp-content\/uploads\/2024\/05\/d0-213.jpg\" \/>\n\t<meta property=\"og:image:width\" content=\"1000\" \/>\n\t<meta property=\"og:image:height\" content=\"1000\" \/>\n\t<meta property=\"og:image:type\" content=\"image\/jpeg\" \/>\n<meta name=\"twitter:card\" content=\"summary_large_image\" \/>\n<meta name=\"twitter:label1\" content=\"Est. reading time\" \/>\n\t<meta name=\"twitter:data1\" content=\"2 minutit\" \/>\n<script type=\"application\/ld+json\" class=\"yoast-schema-graph\">{\"@context\":\"https:\/\/schema.org\",\"@graph\":[{\"@type\":\"WebPage\",\"@id\":\"https:\/\/espak.ee\/epood\/toode\/porandapesumasin-fc-4-4-battery-set-karcher\/\",\"url\":\"https:\/\/espak.ee\/epood\/toode\/porandapesumasin-fc-4-4-battery-set-karcher\/\",\"name\":\"P\u00d5RANDAPESUMASIN FC 4-4 BATTERY SET K\u00c4RCHER - Espak E-pood\",\"isPartOf\":{\"@id\":\"https:\/\/espak.ee\/epood\/#website\"},\"primaryImageOfPage\":{\"@id\":\"https:\/\/espak.ee\/epood\/toode\/porandapesumasin-fc-4-4-battery-set-karcher\/#primaryimage\"},\"image\":{\"@id\":\"https:\/\/espak.ee\/epood\/toode\/porandapesumasin-fc-4-4-battery-set-karcher\/#primaryimage\"},\"thumbnailUrl\":\"https:\/\/espak.ee\/epood\/wp-content\/uploads\/2024\/05\/d0-213.jpg\",\"datePublished\":\"2024-05-10T02:10:02+00:00\",\"dateModified\":\"2025-08-15T12:58:39+00:00\",\"breadcrumb\":{\"@id\":\"https:\/\/espak.ee\/epood\/toode\/porandapesumasin-fc-4-4-battery-set-karcher\/#breadcrumb\"},\"inLanguage\":\"et\",\"potentialAction\":[{\"@type\":\"ReadAction\",\"target\":[\"https:\/\/espak.ee\/epood\/toode\/porandapesumasin-fc-4-4-battery-set-karcher\/\"]}]},{\"@type\":\"ImageObject\",\"inLanguage\":\"et\",\"@id\":\"https:\/\/espak.ee\/epood\/toode\/porandapesumasin-fc-4-4-battery-set-karcher\/#primaryimage\",\"url\":\"https:\/\/espak.ee\/epood\/wp-content\/uploads\/2024\/05\/d0-213.jpg\",\"contentUrl\":\"https:\/\/espak.ee\/epood\/wp-content\/uploads\/2024\/05\/d0-213.jpg\",\"width\":1000,\"height\":1000},{\"@type\":\"BreadcrumbList\",\"@id\":\"https:\/\/espak.ee\/epood\/toode\/porandapesumasin-fc-4-4-battery-set-karcher\/#breadcrumb\",\"itemListElement\":[{\"@type\":\"ListItem\",\"position\":1,\"name\":\"Home\",\"item\":\"https:\/\/espak.ee\/epood\/\"},{\"@type\":\"ListItem\",\"position\":2,\"name\":\"Tootevalik\",\"item\":\"https:\/\/espak.ee\/epood\/tootevalik\/\"},{\"@type\":\"ListItem\",\"position\":3,\"name\":\"P\u00d5RANDAPESUMASIN FC 4-4 BATTERY SET K\u00c4RCHER\"}]},{\"@type\":\"WebSite\",\"@id\":\"https:\/\/espak.ee\/epood\/#website\",\"url\":\"https:\/\/espak.ee\/epood\/\",\"name\":\"Espak E-pood\",\"description\":\"\",\"potentialAction\":[{\"@type\":\"SearchAction\",\"target\":{\"@type\":\"EntryPoint\",\"urlTemplate\":\"https:\/\/espak.ee\/epood\/?s={search_term_string}\"},\"query-input\":{\"@type\":\"PropertyValueSpecification\",\"valueRequired\":true,\"valueName\":\"search_term_string\"}}],\"inLanguage\":\"et\"}]}<\/script>\n<!-- \/ Yoast SEO plugin. -->","yoast_head_json":{"title":"P\u00d5RANDAPESUMASIN FC 4-4 BATTERY SET K\u00c4RCHER - Espak E-pood","robots":{"index":"index","follow":"follow","max-snippet":"max-snippet:-1","max-image-preview":"max-image-preview:large","max-video-preview":"max-video-preview:-1"},"canonical":"https:\/\/espak.ee\/epood\/toode\/porandapesumasin-fc-4-4-battery-set-karcher\/","og_locale":"et_EE","og_type":"article","og_title":"P\u00d5RANDAPESUMASIN FC 4-4 BATTERY SET K\u00c4RCHER - Espak E-pood","og_url":"https:\/\/espak.ee\/epood\/toode\/porandapesumasin-fc-4-4-battery-set-karcher\/","og_site_name":"Espak E-pood","article_modified_time":"2025-08-15T12:58:39+00:00","og_image":[{"width":1000,"height":1000,"url":"https:\/\/espak.ee\/epood\/wp-content\/uploads\/2024\/05\/d0-213.jpg","type":"image\/jpeg"}],"twitter_card":"summary_large_image","twitter_misc":{"Est. reading time":"2 minutit"},"schema":{"@context":"https:\/\/schema.org","@graph":[{"@type":"WebPage","@id":"https:\/\/espak.ee\/epood\/toode\/porandapesumasin-fc-4-4-battery-set-karcher\/","url":"https:\/\/espak.ee\/epood\/toode\/porandapesumasin-fc-4-4-battery-set-karcher\/","name":"P\u00d5RANDAPESUMASIN FC 4-4 BATTERY SET K\u00c4RCHER - Espak E-pood","isPartOf":{"@id":"https:\/\/espak.ee\/epood\/#website"},"primaryImageOfPage":{"@id":"https:\/\/espak.ee\/epood\/toode\/porandapesumasin-fc-4-4-battery-set-karcher\/#primaryimage"},"image":{"@id":"https:\/\/espak.ee\/epood\/toode\/porandapesumasin-fc-4-4-battery-set-karcher\/#primaryimage"},"thumbnailUrl":"https:\/\/espak.ee\/epood\/wp-content\/uploads\/2024\/05\/d0-213.jpg","datePublished":"2024-05-10T02:10:02+00:00","dateModified":"2025-08-15T12:58:39+00:00","breadcrumb":{"@id":"https:\/\/espak.ee\/epood\/toode\/porandapesumasin-fc-4-4-battery-set-karcher\/#breadcrumb"},"inLanguage":"et","potentialAction":[{"@type":"ReadAction","target":["https:\/\/espak.ee\/epood\/toode\/porandapesumasin-fc-4-4-battery-set-karcher\/"]}]},{"@type":"ImageObject","inLanguage":"et","@id":"https:\/\/espak.ee\/epood\/toode\/porandapesumasin-fc-4-4-battery-set-karcher\/#primaryimage","url":"https:\/\/espak.ee\/epood\/wp-content\/uploads\/2024\/05\/d0-213.jpg","contentUrl":"https:\/\/espak.ee\/epood\/wp-content\/uploads\/2024\/05\/d0-213.jpg","width":1000,"height":1000},{"@type":"BreadcrumbList","@id":"https:\/\/espak.ee\/epood\/toode\/porandapesumasin-fc-4-4-battery-set-karcher\/#breadcrumb","itemListElement":[{"@type":"ListItem","position":1,"name":"Home","item":"https:\/\/espak.ee\/epood\/"},{"@type":"ListItem","position":2,"name":"Tootevalik","item":"https:\/\/espak.ee\/epood\/tootevalik\/"},{"@type":"ListItem","position":3,"name":"P\u00d5RANDAPESUMASIN FC 4-4 BATTERY SET K\u00c4RCHER"}]},{"@type":"WebSite","@id":"https:\/\/espak.ee\/epood\/#website","url":"https:\/\/espak.ee\/epood\/","name":"Espak E-pood","description":"","potentialAction":[{"@type":"SearchAction","target":{"@type":"EntryPoint","urlTemplate":"https:\/\/espak.ee\/epood\/?s={search_term_string}"},"query-input":{"@type":"PropertyValueSpecification","valueRequired":true,"valueName":"search_term_string"}}],"inLanguage":"et"}]}},"_links":{"self":[{"href":"https:\/\/espak.ee\/epood\/wp-json\/wp\/v2\/product\/198285","targetHints":{"allow":["GET"]}}],"collection":[{"href":"https:\/\/espak.ee\/epood\/wp-json\/wp\/v2\/product"}],"about":[{"href":"https:\/\/espak.ee\/epood\/wp-json\/wp\/v2\/types\/product"}],"replies":[{"embeddable":true,"href":"https:\/\/espak.ee\/epood\/wp-json\/wp\/v2\/comments?post=198285"}],"wp:featuredmedia":[{"embeddable":true,"href":"https:\/\/espak.ee\/epood\/wp-json\/wp\/v2\/media\/198346"}],"wp:attachment":[{"href":"https:\/\/espak.ee\/epood\/wp-json\/wp\/v2\/media?parent=198285"}],"wp:term":[{"taxonomy":"product_brand","embeddable":true,"href":"https:\/\/espak.ee\/epood\/wp-json\/wp\/v2\/product_brand?post=198285"},{"taxonomy":"product_cat","embeddable":true,"href":"https:\/\/espak.ee\/epood\/wp-json\/wp\/v2\/product_cat?post=198285"},{"taxonomy":"product_tag","embeddable":true,"href":"https:\/\/espak.ee\/epood\/wp-json\/wp\/v2\/product_tag?post=198285"}],"curies":[{"name":"wp","href":"https:\/\/api.w.org\/{rel}","templated":true}]}}