{"id":197251,"date":"2024-05-01T05:05:11","date_gmt":"2024-05-01T02:05:11","guid":{"rendered":"https:\/\/espak.ee\/epood\/?post_type=product&#038;p=197251"},"modified":"2024-11-18T14:34:53","modified_gmt":"2024-11-18T12:34:53","slug":"veepohine-epoksiidkate-sikafloor-2510w-ral7032-ab-5kg","status":"publish","type":"product","link":"https:\/\/espak.ee\/epood\/toode\/veepohine-epoksiidkate-sikafloor-2510w-ral7032-ab-5kg\/","title":{"rendered":"VEEP\u00d5HINE EPOKSIIDKATE SIKAFLOOR 2510W RAL7032 A+B 5KG"},"content":{"rendered":"<div class=\"row\"  id=\"row-790962890\">\n\n\t<div id=\"col-2126142696\" class=\"col medium-9 small-12 large-9\"  >\n\t\t\t\t<div class=\"col-inner\"  >\n\t\t\t\n\t\t\t\n<h2>Veep\u00f5hine epoksiidkate Sikafloor 2510 W A+B 5kg hall RAL7032<\/h2>\n<p>Sikafloor\u00ae-2510 W on 2-komponentne veep\u00f5hine v\u00e4rviline epoks\u00fcvaigust p\u00f5randakate, millel on madalad heitkogused ja madalad hooldusn\u00f5uded. <\/p>\n<div class=\"message-box relative\" style=\"padding-top:15px;padding-bottom:15px;\"><div class=\"message-box-bg-image bg-fill fill\" ><\/div><div class=\"message-box-bg-overlay bg-fill fill\" ><\/div><div class=\"container relative\"><div class=\"inner last-reset\">\n<div class=\"row align-middle align-center\"  id=\"row-1392271424\">\n\n\t<div id=\"col-1091958264\" class=\"col small-12 large-12\"  >\n\t\t\t\t<div class=\"col-inner text-left\"  >\n\t\t\t\n\t\t\t\n<h4>Omadused<\/h4>\n<div class=\"row\"  id=\"row-1315332362\">\n\n\t<div id=\"col-1275437819\" class=\"col medium-6 small-12 large-6\"  >\n\t\t\t\t<div class=\"col-inner\"  >\n\t\t\t\n\t\t\t\n<p><i class=\"fa fa-check fa-2x\"><\/i> <strong> Hea vastupidavus spetsiifilistele kemikaalidele<\/strong><\/p>\n<p><i class=\"fa fa-check fa-2x\"><\/i> <strong> Hea mehaaniline vastupidavus<\/strong><\/p>\n\t\t<\/div>\n\t\t\t\t\n<style>\n#col-1275437819 > .col-inner {\n  margin: 0px 0px 15px 0px;\n}\n<\/style>\n\t<\/div>\n\n\t\n\n\t<div id=\"col-522418155\" class=\"col medium-6 small-12 large-6\"  >\n\t\t\t\t<div class=\"col-inner\"  >\n\t\t\t\n\t\t\t\n<p><i class=\"fa fa-check fa-2x\"><\/i> <strong> Kergesti pealekantav<\/strong><\/p>\n<p><i class=\"fa fa-check fa-2x\"><\/i> <strong> Lihtne puhastada ja hooldada<\/strong><\/p>\n\t\t<\/div>\n\t\t\t\t\n<style>\n#col-522418155 > .col-inner {\n  margin: 0px 0px 15px 0px;\n}\n<\/style>\n\t<\/div>\n\n\t\n<\/div>\n\t\t<\/div>\n\t\t\t\t\t<\/div>\n\n\t\n<\/div>\n<\/div><\/div><\/div>\n\t<div id=\"gap-2097480530\" class=\"gap-element clearfix\" style=\"display:block; height:auto;\">\n\t\t\n<style>\n#gap-2097480530 {\n  padding-top: 30px;\n}\n<\/style>\n\t<\/div>\n\t\n<h3>Kasutamise \u00fcksikasjad<\/h3>\n<p><strong>Toodet kasutatakse:<\/strong><br \/>\n&#8211; Krundi v\u00f5i nakkepuistena<br \/>\n&#8211; Sileda v\u00f5i tekstuurse v\u00e4rvina<br \/>\n&#8211; Isetasanduva p\u00f5randakihina<br \/>\n&#8211; Pinnalakina<\/p>\n<p>Toodet kasutatakse j\u00e4rgmistel aluspindadel:<br \/>\n&#8211; Betoonil ja betoonibaasil aluspindadel<\/p>\n<p>Teadmiseks:<br \/>\n&#8211; Toodet v\u00f5ivad kasutada ainult kogenud spetsialistid.<br \/>\n&#8211; Toodet v\u00f5ib kasutada ainult siseruumides.<\/p>\n\t\t<\/div>\n\t\t\t\t\t<\/div>\n\n\t\n\n\t<div id=\"col-1189773246\" class=\"col medium-3 small-12 large-3\"  >\n\t\t\t\t<div class=\"col-inner\"  >\n\t\t\t\n\t\t\t\n\t<div id=\"gap-2128858494\" class=\"gap-element clearfix\" style=\"display:block; height:auto;\">\n\t\t\n<style>\n#gap-2128858494 {\n  padding-top: 30px;\n}\n<\/style>\n\t<\/div>\n\t\n<h3>Tehniline informatsioon<\/h3>\n<p><a href=\"https:\/\/espak.ee\/epood\/wp-content\/uploads\/2024\/05\/sikafloor-2510-w.pdf\"target=\"_blank\" rel=\"noopener noreferrer\"><i class=\"far fa-file-pdf\"><\/i> Tehniline info (PDF)<\/a><\/p>\n<h3>Ohutuskaart<\/h3>\n<p><a href=\"https:\/\/espak.ee\/epood\/wp-content\/uploads\/2024\/08\/Sikafloor-2510-W-Part-A-OK.pdf\"target=\"_blank\" rel=\"noopener noreferrer\"><i class=\"far fa-file-pdf\"><\/i> Ohutuskaart &#8211; A (PDF)<\/a><\/p>\n<p><a href=\"https:\/\/espak.ee\/epood\/wp-content\/uploads\/2024\/08\/Sikafloor-2510-W-Part-B-OK.pdf\"target=\"_blank\" rel=\"noopener noreferrer\"><i class=\"far fa-file-pdf\"><\/i> Ohutuskaart &#8211; B (PDF)<\/a><\/p>\n<div class=\"is-divider divider clearfix\" ><\/div>\n<p><strong>\u00dcksikasjalikuma n\u00f5u saamiseks v\u00f5tke \u00fchendust:<br \/><\/strong>SIKA ESTONIA O\u00dc<br \/>Tuleviku tee 2<br \/>75312<br \/>Peetri k\u00fcla, Rae vald<br \/>+372 605 4000<\/p>\n<div class=\"is-divider divider clearfix\" ><\/div>\n\t\t<\/div>\n\t\t\t\t\t<\/div>\n\n\t\n<\/div>\n","protected":false},"excerpt":{"rendered":"","protected":false},"featured_media":197474,"comment_status":"closed","ping_status":"closed","template":"","meta":[],"product_brand":[],"product_cat":[2703,2708,2709,2683],"product_tag":[],"class_list":{"0":"post-197251","1":"product","2":"type-product","3":"status-publish","4":"has-post-thumbnail","6":"product_cat-ehituskeemia","7":"product_cat-hermeetikud","8":"product_cat-tihendusmassid","9":"product_cat-viimistluskaubad","10":"pa_kaubamark-sika-estonia-ou","12":"first","13":"instock","14":"sale","15":"taxable","16":"shipping-taxable","17":"purchasable","18":"product-type-simple"},"yoast_head":"<!-- This site is optimized with the Yoast SEO plugin v26.9 - https:\/\/yoast.com\/product\/yoast-seo-wordpress\/ -->\n<title>VEEP\u00d5HINE EPOKSIIDKATE SIKAFLOOR 2510W RAL7032 A+B 5KG - Espak E-pood<\/title>\n<meta name=\"robots\" content=\"index, follow, max-snippet:-1, max-image-preview:large, max-video-preview:-1\" \/>\n<link rel=\"canonical\" href=\"https:\/\/espak.ee\/epood\/toode\/veepohine-epoksiidkate-sikafloor-2510w-ral7032-ab-5kg\/\" \/>\n<meta property=\"og:locale\" content=\"et_EE\" \/>\n<meta property=\"og:type\" content=\"article\" \/>\n<meta property=\"og:title\" content=\"VEEP\u00d5HINE EPOKSIIDKATE SIKAFLOOR 2510W RAL7032 A+B 5KG - Espak E-pood\" \/>\n<meta property=\"og:url\" content=\"https:\/\/espak.ee\/epood\/toode\/veepohine-epoksiidkate-sikafloor-2510w-ral7032-ab-5kg\/\" \/>\n<meta property=\"og:site_name\" content=\"Espak E-pood\" \/>\n<meta property=\"article:modified_time\" content=\"2024-11-18T12:34:53+00:00\" \/>\n<meta property=\"og:image\" content=\"https:\/\/espak.ee\/epood\/wp-content\/uploads\/2024\/05\/glo-Sikafloor-2510-W-5kg-01424176.jpg\" \/>\n\t<meta property=\"og:image:width\" content=\"1000\" \/>\n\t<meta property=\"og:image:height\" content=\"1000\" \/>\n\t<meta property=\"og:image:type\" content=\"image\/jpeg\" \/>\n<meta name=\"twitter:card\" content=\"summary_large_image\" \/>\n<meta name=\"twitter:label1\" content=\"Est. reading time\" \/>\n\t<meta name=\"twitter:data1\" content=\"1 minut\" \/>\n<script type=\"application\/ld+json\" class=\"yoast-schema-graph\">{\"@context\":\"https:\/\/schema.org\",\"@graph\":[{\"@type\":\"WebPage\",\"@id\":\"https:\/\/espak.ee\/epood\/toode\/veepohine-epoksiidkate-sikafloor-2510w-ral7032-ab-5kg\/\",\"url\":\"https:\/\/espak.ee\/epood\/toode\/veepohine-epoksiidkate-sikafloor-2510w-ral7032-ab-5kg\/\",\"name\":\"VEEP\u00d5HINE EPOKSIIDKATE SIKAFLOOR 2510W RAL7032 A+B 5KG - Espak E-pood\",\"isPartOf\":{\"@id\":\"https:\/\/espak.ee\/epood\/#website\"},\"primaryImageOfPage\":{\"@id\":\"https:\/\/espak.ee\/epood\/toode\/veepohine-epoksiidkate-sikafloor-2510w-ral7032-ab-5kg\/#primaryimage\"},\"image\":{\"@id\":\"https:\/\/espak.ee\/epood\/toode\/veepohine-epoksiidkate-sikafloor-2510w-ral7032-ab-5kg\/#primaryimage\"},\"thumbnailUrl\":\"https:\/\/espak.ee\/epood\/wp-content\/uploads\/2024\/05\/glo-Sikafloor-2510-W-5kg-01424176.jpg\",\"datePublished\":\"2024-05-01T02:05:11+00:00\",\"dateModified\":\"2024-11-18T12:34:53+00:00\",\"breadcrumb\":{\"@id\":\"https:\/\/espak.ee\/epood\/toode\/veepohine-epoksiidkate-sikafloor-2510w-ral7032-ab-5kg\/#breadcrumb\"},\"inLanguage\":\"et\",\"potentialAction\":[{\"@type\":\"ReadAction\",\"target\":[\"https:\/\/espak.ee\/epood\/toode\/veepohine-epoksiidkate-sikafloor-2510w-ral7032-ab-5kg\/\"]}]},{\"@type\":\"ImageObject\",\"inLanguage\":\"et\",\"@id\":\"https:\/\/espak.ee\/epood\/toode\/veepohine-epoksiidkate-sikafloor-2510w-ral7032-ab-5kg\/#primaryimage\",\"url\":\"https:\/\/espak.ee\/epood\/wp-content\/uploads\/2024\/05\/glo-Sikafloor-2510-W-5kg-01424176.jpg\",\"contentUrl\":\"https:\/\/espak.ee\/epood\/wp-content\/uploads\/2024\/05\/glo-Sikafloor-2510-W-5kg-01424176.jpg\",\"width\":1000,\"height\":1000},{\"@type\":\"BreadcrumbList\",\"@id\":\"https:\/\/espak.ee\/epood\/toode\/veepohine-epoksiidkate-sikafloor-2510w-ral7032-ab-5kg\/#breadcrumb\",\"itemListElement\":[{\"@type\":\"ListItem\",\"position\":1,\"name\":\"Home\",\"item\":\"https:\/\/espak.ee\/epood\/\"},{\"@type\":\"ListItem\",\"position\":2,\"name\":\"Tootevalik\",\"item\":\"https:\/\/espak.ee\/epood\/tootevalik\/\"},{\"@type\":\"ListItem\",\"position\":3,\"name\":\"VEEP\u00d5HINE EPOKSIIDKATE SIKAFLOOR 2510W RAL7032 A+B 5KG\"}]},{\"@type\":\"WebSite\",\"@id\":\"https:\/\/espak.ee\/epood\/#website\",\"url\":\"https:\/\/espak.ee\/epood\/\",\"name\":\"Espak E-pood\",\"description\":\"\",\"potentialAction\":[{\"@type\":\"SearchAction\",\"target\":{\"@type\":\"EntryPoint\",\"urlTemplate\":\"https:\/\/espak.ee\/epood\/?s={search_term_string}\"},\"query-input\":{\"@type\":\"PropertyValueSpecification\",\"valueRequired\":true,\"valueName\":\"search_term_string\"}}],\"inLanguage\":\"et\"}]}<\/script>\n<!-- \/ Yoast SEO plugin. -->","yoast_head_json":{"title":"VEEP\u00d5HINE EPOKSIIDKATE SIKAFLOOR 2510W RAL7032 A+B 5KG - Espak E-pood","robots":{"index":"index","follow":"follow","max-snippet":"max-snippet:-1","max-image-preview":"max-image-preview:large","max-video-preview":"max-video-preview:-1"},"canonical":"https:\/\/espak.ee\/epood\/toode\/veepohine-epoksiidkate-sikafloor-2510w-ral7032-ab-5kg\/","og_locale":"et_EE","og_type":"article","og_title":"VEEP\u00d5HINE EPOKSIIDKATE SIKAFLOOR 2510W RAL7032 A+B 5KG - Espak E-pood","og_url":"https:\/\/espak.ee\/epood\/toode\/veepohine-epoksiidkate-sikafloor-2510w-ral7032-ab-5kg\/","og_site_name":"Espak E-pood","article_modified_time":"2024-11-18T12:34:53+00:00","og_image":[{"width":1000,"height":1000,"url":"https:\/\/espak.ee\/epood\/wp-content\/uploads\/2024\/05\/glo-Sikafloor-2510-W-5kg-01424176.jpg","type":"image\/jpeg"}],"twitter_card":"summary_large_image","twitter_misc":{"Est. reading time":"1 minut"},"schema":{"@context":"https:\/\/schema.org","@graph":[{"@type":"WebPage","@id":"https:\/\/espak.ee\/epood\/toode\/veepohine-epoksiidkate-sikafloor-2510w-ral7032-ab-5kg\/","url":"https:\/\/espak.ee\/epood\/toode\/veepohine-epoksiidkate-sikafloor-2510w-ral7032-ab-5kg\/","name":"VEEP\u00d5HINE EPOKSIIDKATE SIKAFLOOR 2510W RAL7032 A+B 5KG - Espak E-pood","isPartOf":{"@id":"https:\/\/espak.ee\/epood\/#website"},"primaryImageOfPage":{"@id":"https:\/\/espak.ee\/epood\/toode\/veepohine-epoksiidkate-sikafloor-2510w-ral7032-ab-5kg\/#primaryimage"},"image":{"@id":"https:\/\/espak.ee\/epood\/toode\/veepohine-epoksiidkate-sikafloor-2510w-ral7032-ab-5kg\/#primaryimage"},"thumbnailUrl":"https:\/\/espak.ee\/epood\/wp-content\/uploads\/2024\/05\/glo-Sikafloor-2510-W-5kg-01424176.jpg","datePublished":"2024-05-01T02:05:11+00:00","dateModified":"2024-11-18T12:34:53+00:00","breadcrumb":{"@id":"https:\/\/espak.ee\/epood\/toode\/veepohine-epoksiidkate-sikafloor-2510w-ral7032-ab-5kg\/#breadcrumb"},"inLanguage":"et","potentialAction":[{"@type":"ReadAction","target":["https:\/\/espak.ee\/epood\/toode\/veepohine-epoksiidkate-sikafloor-2510w-ral7032-ab-5kg\/"]}]},{"@type":"ImageObject","inLanguage":"et","@id":"https:\/\/espak.ee\/epood\/toode\/veepohine-epoksiidkate-sikafloor-2510w-ral7032-ab-5kg\/#primaryimage","url":"https:\/\/espak.ee\/epood\/wp-content\/uploads\/2024\/05\/glo-Sikafloor-2510-W-5kg-01424176.jpg","contentUrl":"https:\/\/espak.ee\/epood\/wp-content\/uploads\/2024\/05\/glo-Sikafloor-2510-W-5kg-01424176.jpg","width":1000,"height":1000},{"@type":"BreadcrumbList","@id":"https:\/\/espak.ee\/epood\/toode\/veepohine-epoksiidkate-sikafloor-2510w-ral7032-ab-5kg\/#breadcrumb","itemListElement":[{"@type":"ListItem","position":1,"name":"Home","item":"https:\/\/espak.ee\/epood\/"},{"@type":"ListItem","position":2,"name":"Tootevalik","item":"https:\/\/espak.ee\/epood\/tootevalik\/"},{"@type":"ListItem","position":3,"name":"VEEP\u00d5HINE EPOKSIIDKATE SIKAFLOOR 2510W RAL7032 A+B 5KG"}]},{"@type":"WebSite","@id":"https:\/\/espak.ee\/epood\/#website","url":"https:\/\/espak.ee\/epood\/","name":"Espak E-pood","description":"","potentialAction":[{"@type":"SearchAction","target":{"@type":"EntryPoint","urlTemplate":"https:\/\/espak.ee\/epood\/?s={search_term_string}"},"query-input":{"@type":"PropertyValueSpecification","valueRequired":true,"valueName":"search_term_string"}}],"inLanguage":"et"}]}},"_links":{"self":[{"href":"https:\/\/espak.ee\/epood\/wp-json\/wp\/v2\/product\/197251","targetHints":{"allow":["GET"]}}],"collection":[{"href":"https:\/\/espak.ee\/epood\/wp-json\/wp\/v2\/product"}],"about":[{"href":"https:\/\/espak.ee\/epood\/wp-json\/wp\/v2\/types\/product"}],"replies":[{"embeddable":true,"href":"https:\/\/espak.ee\/epood\/wp-json\/wp\/v2\/comments?post=197251"}],"wp:featuredmedia":[{"embeddable":true,"href":"https:\/\/espak.ee\/epood\/wp-json\/wp\/v2\/media\/197474"}],"wp:attachment":[{"href":"https:\/\/espak.ee\/epood\/wp-json\/wp\/v2\/media?parent=197251"}],"wp:term":[{"taxonomy":"product_brand","embeddable":true,"href":"https:\/\/espak.ee\/epood\/wp-json\/wp\/v2\/product_brand?post=197251"},{"taxonomy":"product_cat","embeddable":true,"href":"https:\/\/espak.ee\/epood\/wp-json\/wp\/v2\/product_cat?post=197251"},{"taxonomy":"product_tag","embeddable":true,"href":"https:\/\/espak.ee\/epood\/wp-json\/wp\/v2\/product_tag?post=197251"}],"curies":[{"name":"wp","href":"https:\/\/api.w.org\/{rel}","templated":true}]}}