{"id":197042,"date":"2024-04-30T05:05:19","date_gmt":"2024-04-30T02:05:19","guid":{"rendered":"https:\/\/espak.ee\/epood\/?post_type=product&#038;p=197042"},"modified":"2024-05-02T15:29:41","modified_gmt":"2024-05-02T12:29:41","slug":"valisvalgusti-seina-ardas-gu10-210w-must-ip44","status":"publish","type":"product","link":"https:\/\/espak.ee\/epood\/toode\/valisvalgusti-seina-ardas-gu10-210w-must-ip44\/","title":{"rendered":"V\u00c4LISVALGUSTI SEINA ARDAS GU10 2*10W MUST IP44"},"content":{"rendered":"<div class=\"row\"  id=\"row-1333796398\">\n\n\t<div id=\"col-345496218\" class=\"col medium-9 small-12 large-9\"  >\n\t\t\t\t<div class=\"col-inner\"  >\n\t\t\t\n\t\t\t\n<h2>V\u00e4lisvalgusti seina Ardas GU10 <\/h2>\n<p>Dekoratiivse v\u00e4limusega \u00fcles ja alla valgustav v\u00e4lisvalgusti.<br \/>\nMaterjal: Alumiinium.<br \/>\nPinnat\u00f6\u00f6tlus: Matt must.<br \/>\nIP kaitseaste: IP44.<br \/>\nValgusallikas:  2 x GU10 max 10W (ei kuulu tarnekomplketi).<br \/>\nToide: 230V ~ 50Hz<br \/>\nM\u00f5\u00f5dud: 10 x 20 cm.  <\/p>\n\t<div id=\"gap-1180338220\" class=\"gap-element clearfix\" style=\"display:block; height:auto;\">\n\t\t\n<style>\n#gap-1180338220 {\n  padding-top: 30px;\n}\n<\/style>\n\t<\/div>\n\t\n\t\t<\/div>\n\t\t\t\t\t<\/div>\n\n\t\n\n\t<div id=\"col-975983360\" class=\"col medium-3 small-12 large-3\"  >\n\t\t\t\t<div class=\"col-inner\"  >\n\t\t\t\n\t\t\t\n\t<div id=\"gap-1650958309\" class=\"gap-element clearfix\" style=\"display:block; height:auto;\">\n\t\t\n<style>\n#gap-1650958309 {\n  padding-top: 30px;\n}\n<\/style>\n\t<\/div>\n\t\n<div class=\"is-divider divider clearfix\" ><\/div>\n<p><strong>\u00dcksikasjalikuma n\u00f5u saamiseks v\u00f5tke \u00fchendust:<br \/><\/strong>Espak AS<br \/>Viadukti 42<br \/>11313<br \/>Tallinn<br \/>+372 6 512333<\/p>\n<div class=\"is-divider divider clearfix\" ><\/div>\n\t\t<\/div>\n\t\t\t\t\t<\/div>\n\n\t\n<\/div>\n","protected":false},"excerpt":{"rendered":"","protected":false},"featured_media":197466,"comment_status":"closed","ping_status":"closed","template":"","meta":[],"product_brand":[],"product_cat":[2934,2959,2968,2970],"product_tag":[],"class_list":{"0":"post-197042","1":"product","2":"type-product","3":"status-publish","4":"has-post-thumbnail","6":"product_cat-elektrikaubad-ja-valgustid","7":"product_cat-valgustid","8":"product_cat-valisvalgustid","9":"product_cat-valisvalgustid-valisvalgustid","10":"pa_kaubamark-trio-lighting-scandinavia-oy","12":"first","13":"instock","14":"sale","15":"taxable","16":"shipping-taxable","17":"purchasable","18":"product-type-simple"},"yoast_head":"<!-- This site is optimized with the Yoast SEO plugin v26.9 - https:\/\/yoast.com\/product\/yoast-seo-wordpress\/ -->\n<title>V\u00c4LISVALGUSTI SEINA ARDAS GU10 2*10W MUST IP44 - Espak E-pood<\/title>\n<meta name=\"robots\" content=\"index, follow, max-snippet:-1, max-image-preview:large, max-video-preview:-1\" \/>\n<link rel=\"canonical\" href=\"https:\/\/espak.ee\/epood\/toode\/valisvalgusti-seina-ardas-gu10-210w-must-ip44\/\" \/>\n<meta property=\"og:locale\" content=\"et_EE\" \/>\n<meta property=\"og:type\" content=\"article\" \/>\n<meta property=\"og:title\" content=\"V\u00c4LISVALGUSTI SEINA ARDAS GU10 2*10W MUST IP44 - Espak E-pood\" \/>\n<meta property=\"og:url\" content=\"https:\/\/espak.ee\/epood\/toode\/valisvalgusti-seina-ardas-gu10-210w-must-ip44\/\" \/>\n<meta property=\"og:site_name\" content=\"Espak E-pood\" \/>\n<meta property=\"article:modified_time\" content=\"2024-05-02T12:29:41+00:00\" \/>\n<meta property=\"og:image\" content=\"https:\/\/espak.ee\/epood\/wp-content\/uploads\/2024\/04\/212560232_4.jpg\" \/>\n\t<meta property=\"og:image:width\" content=\"800\" \/>\n\t<meta property=\"og:image:height\" content=\"800\" \/>\n\t<meta property=\"og:image:type\" content=\"image\/jpeg\" \/>\n<meta name=\"twitter:card\" content=\"summary_large_image\" \/>\n<script type=\"application\/ld+json\" class=\"yoast-schema-graph\">{\"@context\":\"https:\/\/schema.org\",\"@graph\":[{\"@type\":\"WebPage\",\"@id\":\"https:\/\/espak.ee\/epood\/toode\/valisvalgusti-seina-ardas-gu10-210w-must-ip44\/\",\"url\":\"https:\/\/espak.ee\/epood\/toode\/valisvalgusti-seina-ardas-gu10-210w-must-ip44\/\",\"name\":\"V\u00c4LISVALGUSTI SEINA ARDAS GU10 2*10W MUST IP44 - Espak E-pood\",\"isPartOf\":{\"@id\":\"https:\/\/espak.ee\/epood\/#website\"},\"primaryImageOfPage\":{\"@id\":\"https:\/\/espak.ee\/epood\/toode\/valisvalgusti-seina-ardas-gu10-210w-must-ip44\/#primaryimage\"},\"image\":{\"@id\":\"https:\/\/espak.ee\/epood\/toode\/valisvalgusti-seina-ardas-gu10-210w-must-ip44\/#primaryimage\"},\"thumbnailUrl\":\"https:\/\/espak.ee\/epood\/wp-content\/uploads\/2024\/04\/212560232_4.jpg\",\"datePublished\":\"2024-04-30T02:05:19+00:00\",\"dateModified\":\"2024-05-02T12:29:41+00:00\",\"breadcrumb\":{\"@id\":\"https:\/\/espak.ee\/epood\/toode\/valisvalgusti-seina-ardas-gu10-210w-must-ip44\/#breadcrumb\"},\"inLanguage\":\"et\",\"potentialAction\":[{\"@type\":\"ReadAction\",\"target\":[\"https:\/\/espak.ee\/epood\/toode\/valisvalgusti-seina-ardas-gu10-210w-must-ip44\/\"]}]},{\"@type\":\"ImageObject\",\"inLanguage\":\"et\",\"@id\":\"https:\/\/espak.ee\/epood\/toode\/valisvalgusti-seina-ardas-gu10-210w-must-ip44\/#primaryimage\",\"url\":\"https:\/\/espak.ee\/epood\/wp-content\/uploads\/2024\/04\/212560232_4.jpg\",\"contentUrl\":\"https:\/\/espak.ee\/epood\/wp-content\/uploads\/2024\/04\/212560232_4.jpg\",\"width\":800,\"height\":800},{\"@type\":\"BreadcrumbList\",\"@id\":\"https:\/\/espak.ee\/epood\/toode\/valisvalgusti-seina-ardas-gu10-210w-must-ip44\/#breadcrumb\",\"itemListElement\":[{\"@type\":\"ListItem\",\"position\":1,\"name\":\"Home\",\"item\":\"https:\/\/espak.ee\/epood\/\"},{\"@type\":\"ListItem\",\"position\":2,\"name\":\"Tootevalik\",\"item\":\"https:\/\/espak.ee\/epood\/tootevalik\/\"},{\"@type\":\"ListItem\",\"position\":3,\"name\":\"V\u00c4LISVALGUSTI SEINA ARDAS GU10 2*10W MUST IP44\"}]},{\"@type\":\"WebSite\",\"@id\":\"https:\/\/espak.ee\/epood\/#website\",\"url\":\"https:\/\/espak.ee\/epood\/\",\"name\":\"Espak E-pood\",\"description\":\"\",\"potentialAction\":[{\"@type\":\"SearchAction\",\"target\":{\"@type\":\"EntryPoint\",\"urlTemplate\":\"https:\/\/espak.ee\/epood\/?s={search_term_string}\"},\"query-input\":{\"@type\":\"PropertyValueSpecification\",\"valueRequired\":true,\"valueName\":\"search_term_string\"}}],\"inLanguage\":\"et\"}]}<\/script>\n<!-- \/ Yoast SEO plugin. -->","yoast_head_json":{"title":"V\u00c4LISVALGUSTI SEINA ARDAS GU10 2*10W MUST IP44 - Espak E-pood","robots":{"index":"index","follow":"follow","max-snippet":"max-snippet:-1","max-image-preview":"max-image-preview:large","max-video-preview":"max-video-preview:-1"},"canonical":"https:\/\/espak.ee\/epood\/toode\/valisvalgusti-seina-ardas-gu10-210w-must-ip44\/","og_locale":"et_EE","og_type":"article","og_title":"V\u00c4LISVALGUSTI SEINA ARDAS GU10 2*10W MUST IP44 - Espak E-pood","og_url":"https:\/\/espak.ee\/epood\/toode\/valisvalgusti-seina-ardas-gu10-210w-must-ip44\/","og_site_name":"Espak E-pood","article_modified_time":"2024-05-02T12:29:41+00:00","og_image":[{"width":800,"height":800,"url":"https:\/\/espak.ee\/epood\/wp-content\/uploads\/2024\/04\/212560232_4.jpg","type":"image\/jpeg"}],"twitter_card":"summary_large_image","schema":{"@context":"https:\/\/schema.org","@graph":[{"@type":"WebPage","@id":"https:\/\/espak.ee\/epood\/toode\/valisvalgusti-seina-ardas-gu10-210w-must-ip44\/","url":"https:\/\/espak.ee\/epood\/toode\/valisvalgusti-seina-ardas-gu10-210w-must-ip44\/","name":"V\u00c4LISVALGUSTI SEINA ARDAS GU10 2*10W MUST IP44 - Espak E-pood","isPartOf":{"@id":"https:\/\/espak.ee\/epood\/#website"},"primaryImageOfPage":{"@id":"https:\/\/espak.ee\/epood\/toode\/valisvalgusti-seina-ardas-gu10-210w-must-ip44\/#primaryimage"},"image":{"@id":"https:\/\/espak.ee\/epood\/toode\/valisvalgusti-seina-ardas-gu10-210w-must-ip44\/#primaryimage"},"thumbnailUrl":"https:\/\/espak.ee\/epood\/wp-content\/uploads\/2024\/04\/212560232_4.jpg","datePublished":"2024-04-30T02:05:19+00:00","dateModified":"2024-05-02T12:29:41+00:00","breadcrumb":{"@id":"https:\/\/espak.ee\/epood\/toode\/valisvalgusti-seina-ardas-gu10-210w-must-ip44\/#breadcrumb"},"inLanguage":"et","potentialAction":[{"@type":"ReadAction","target":["https:\/\/espak.ee\/epood\/toode\/valisvalgusti-seina-ardas-gu10-210w-must-ip44\/"]}]},{"@type":"ImageObject","inLanguage":"et","@id":"https:\/\/espak.ee\/epood\/toode\/valisvalgusti-seina-ardas-gu10-210w-must-ip44\/#primaryimage","url":"https:\/\/espak.ee\/epood\/wp-content\/uploads\/2024\/04\/212560232_4.jpg","contentUrl":"https:\/\/espak.ee\/epood\/wp-content\/uploads\/2024\/04\/212560232_4.jpg","width":800,"height":800},{"@type":"BreadcrumbList","@id":"https:\/\/espak.ee\/epood\/toode\/valisvalgusti-seina-ardas-gu10-210w-must-ip44\/#breadcrumb","itemListElement":[{"@type":"ListItem","position":1,"name":"Home","item":"https:\/\/espak.ee\/epood\/"},{"@type":"ListItem","position":2,"name":"Tootevalik","item":"https:\/\/espak.ee\/epood\/tootevalik\/"},{"@type":"ListItem","position":3,"name":"V\u00c4LISVALGUSTI SEINA ARDAS GU10 2*10W MUST IP44"}]},{"@type":"WebSite","@id":"https:\/\/espak.ee\/epood\/#website","url":"https:\/\/espak.ee\/epood\/","name":"Espak E-pood","description":"","potentialAction":[{"@type":"SearchAction","target":{"@type":"EntryPoint","urlTemplate":"https:\/\/espak.ee\/epood\/?s={search_term_string}"},"query-input":{"@type":"PropertyValueSpecification","valueRequired":true,"valueName":"search_term_string"}}],"inLanguage":"et"}]}},"_links":{"self":[{"href":"https:\/\/espak.ee\/epood\/wp-json\/wp\/v2\/product\/197042","targetHints":{"allow":["GET"]}}],"collection":[{"href":"https:\/\/espak.ee\/epood\/wp-json\/wp\/v2\/product"}],"about":[{"href":"https:\/\/espak.ee\/epood\/wp-json\/wp\/v2\/types\/product"}],"replies":[{"embeddable":true,"href":"https:\/\/espak.ee\/epood\/wp-json\/wp\/v2\/comments?post=197042"}],"wp:featuredmedia":[{"embeddable":true,"href":"https:\/\/espak.ee\/epood\/wp-json\/wp\/v2\/media\/197466"}],"wp:attachment":[{"href":"https:\/\/espak.ee\/epood\/wp-json\/wp\/v2\/media?parent=197042"}],"wp:term":[{"taxonomy":"product_brand","embeddable":true,"href":"https:\/\/espak.ee\/epood\/wp-json\/wp\/v2\/product_brand?post=197042"},{"taxonomy":"product_cat","embeddable":true,"href":"https:\/\/espak.ee\/epood\/wp-json\/wp\/v2\/product_cat?post=197042"},{"taxonomy":"product_tag","embeddable":true,"href":"https:\/\/espak.ee\/epood\/wp-json\/wp\/v2\/product_tag?post=197042"}],"curies":[{"name":"wp","href":"https:\/\/api.w.org\/{rel}","templated":true}]}}