{"id":196555,"date":"2024-04-24T05:05:18","date_gmt":"2024-04-24T02:05:18","guid":{"rendered":"https:\/\/espak.ee\/epood\/?post_type=product&#038;p=196555"},"modified":"2024-08-06T14:55:51","modified_gmt":"2024-08-06T11:55:51","slug":"nutikas-led-pirn-philips-wiz-e27-60w-a60-rgb","status":"publish","type":"product","link":"https:\/\/espak.ee\/epood\/toode\/nutikas-led-pirn-philips-wiz-e27-60w-a60-rgb\/","title":{"rendered":"NUTIKAS LED PIRN PHILIPS WIZ E27 60W A60 RGB"},"content":{"rendered":"<div class=\"row\"  id=\"row-1285454270\">\n\n\t<div id=\"col-762704337\" class=\"col medium-9 small-12 large-9\"  >\n\t\t\t\t<div class=\"col-inner\"  >\n\t\t\t\n\t\t\t\n<h3>Nutikas LED Pirn 8,5W (ekv. 60 W) A60 WIZ RGB<\/h3>\n<p>Nautige mugavamat igap\u00e4evaelu selle nutika WiZ LED A60 pirniga. See pirn annab pehmet valget valgust, mille saab h\u00e4mardada soovitud eredusele rakenduse kaudu v\u00f5i h\u00e4\u00e4ljuhtimisega. Saate seadistada ajagraafiku, et l\u00fclitada valgustid sisse ja v\u00e4lja vastavalt oma p\u00e4eva- v\u00f5i n\u00e4dalakavale, ja omada kaugjuurdep\u00e4\u00e4su valgustitele isegi siis, kui olete eemal. WiZ-i valgustid saate \u00fchendada olemasoleva Wi-Fi-ga, t\u00e4iendavat riistvara pole vaja.\n<\/p>\n<div class=\"message-box relative\" style=\"padding-top:15px;padding-bottom:15px;\"><div class=\"message-box-bg-image bg-fill fill\" ><\/div><div class=\"message-box-bg-overlay bg-fill fill\" ><\/div><div class=\"container relative\"><div class=\"inner last-reset\">\n<div class=\"row align-middle align-center\"  id=\"row-1998978515\">\n\n\t<div id=\"col-290080411\" class=\"col small-12 large-12\"  >\n\t\t\t\t<div class=\"col-inner text-left\"  >\n\t\t\t\n\t\t\t\n<div class=\"row\"  id=\"row-648820849\">\n\n\t<div id=\"col-822383492\" class=\"col medium-6 small-12 large-6\"  >\n\t\t\t\t<div class=\"col-inner\"  >\n\t\t\t\n\t\t\t\n<p><i class=\"fa fa-check fa-2x\"><\/i> <strong>V\u00e4rviline<\/strong><\/p>\n<p><i class=\"fa fa-check fa-2x\"><\/i> <strong>Plast<\/strong><\/p>\n\t\t<\/div>\n\t\t\t\t\n<style>\n#col-822383492 > .col-inner {\n  margin: 0px 0px 15px 0px;\n}\n<\/style>\n\t<\/div>\n\n\t\n\n\t<div id=\"col-1226305311\" class=\"col medium-6 small-12 large-6\"  >\n\t\t\t\t<div class=\"col-inner\"  >\n\t\t\t\n\t\t\t\n<p><i class=\"fa fa-check fa-2x\"><\/i> <strong>Lihtsasti iseh\u00e4\u00e4lestuv<\/strong><\/p>\n<p><i class=\"fa fa-check fa-2x\"><\/i> <strong>Juhtige WiZ-i rakenduse v\u00f5i h\u00e4\u00e4lega<\/strong><\/p>\n\t\t<\/div>\n\t\t\t\t\n<style>\n#col-1226305311 > .col-inner {\n  margin: 0px 0px 15px 0px;\n}\n<\/style>\n\t<\/div>\n\n\t\n<\/div>\n\t\t<\/div>\n\t\t\t\t\t<\/div>\n\n\t\n<\/div>\n<\/div><\/div><\/div>\n\t<div id=\"gap-1924391056\" class=\"gap-element clearfix\" style=\"display:block; height:auto;\">\n\t\t\n<style>\n#gap-1924391056 {\n  padding-top: 30px;\n}\n<\/style>\n\t<\/div>\n\t\n<p>Nominaalne t\u00f6\u00f6aeg: 15 000  tund(i)<br \/>\nH\u00e4mardatav: Juhtmevaba h\u00e4mardus<br \/>\nNominaalne valgustugevus: 806 lm<br \/>\nV\u00e4rvitemperatuur: 2200K-6500K<br \/>\nAktiivv\u00f5imsus: 8,5 W<br \/>\nSokkel: E27<br \/>\nLambi kuju: A60<\/p>\n\t\t<\/div>\n\t\t\t\t\t<\/div>\n\n\t\n\n\t<div id=\"col-417909318\" class=\"col medium-3 small-12 large-3\"  >\n\t\t\t\t<div class=\"col-inner\"  >\n\t\t\t\n\t\t\t\n\t<div id=\"gap-211415509\" class=\"gap-element clearfix\" style=\"display:block; height:auto;\">\n\t\t\n<style>\n#gap-211415509 {\n  padding-top: 30px;\n}\n<\/style>\n\t<\/div>\n\t\n<p><strong>\u00dcksikasjalikuma n\u00f5u saamiseks v\u00f5tke \u00fchendust:<br \/><\/strong>Espak AS<br \/>Viadukti 42<br \/>11313<br \/>Tallinn<br \/>+372 651 2336<\/p>\n\t\t<\/div>\n\t\t\t\t\t<\/div>\n\n\t\n<\/div>\n","protected":false},"excerpt":{"rendered":"","protected":false},"featured_media":196665,"comment_status":"closed","ping_status":"closed","template":"","meta":[],"product_brand":[],"product_cat":[2934,3315,3314,2959],"product_tag":[],"class_list":{"0":"post-196555","1":"product","2":"type-product","3":"status-publish","4":"has-post-thumbnail","6":"product_cat-elektrikaubad-ja-valgustid","7":"product_cat-led-pirnid","8":"product_cat-valgusallikad","9":"product_cat-valgustid","10":"pa_kaubamark-signify-poland-sp-z-o-o","12":"first","13":"instock","14":"sale","15":"taxable","16":"shipping-taxable","17":"purchasable","18":"product-type-simple"},"yoast_head":"<!-- This site is optimized with the Yoast SEO plugin v26.9 - https:\/\/yoast.com\/product\/yoast-seo-wordpress\/ -->\n<title>NUTIKAS LED PIRN PHILIPS WIZ E27 60W A60 RGB - Espak E-pood<\/title>\n<meta name=\"robots\" content=\"index, follow, max-snippet:-1, max-image-preview:large, max-video-preview:-1\" \/>\n<link rel=\"canonical\" href=\"https:\/\/espak.ee\/epood\/toode\/nutikas-led-pirn-philips-wiz-e27-60w-a60-rgb\/\" \/>\n<meta property=\"og:locale\" content=\"et_EE\" \/>\n<meta property=\"og:type\" content=\"article\" \/>\n<meta property=\"og:title\" content=\"NUTIKAS LED PIRN PHILIPS WIZ E27 60W A60 RGB - Espak E-pood\" \/>\n<meta property=\"og:url\" content=\"https:\/\/espak.ee\/epood\/toode\/nutikas-led-pirn-philips-wiz-e27-60w-a60-rgb\/\" \/>\n<meta property=\"og:site_name\" content=\"Espak E-pood\" \/>\n<meta property=\"article:modified_time\" content=\"2024-08-06T11:55:51+00:00\" \/>\n<meta property=\"og:image\" content=\"https:\/\/espak.ee\/epood\/wp-content\/uploads\/2024\/04\/c6bb98becadf4c1aa4b9afd60126f82b-2.jpg\" \/>\n\t<meta property=\"og:image:width\" content=\"1000\" \/>\n\t<meta property=\"og:image:height\" content=\"1000\" \/>\n\t<meta property=\"og:image:type\" content=\"image\/jpeg\" \/>\n<meta name=\"twitter:card\" content=\"summary_large_image\" \/>\n<meta name=\"twitter:label1\" content=\"Est. reading time\" \/>\n\t<meta name=\"twitter:data1\" content=\"1 minut\" \/>\n<script type=\"application\/ld+json\" class=\"yoast-schema-graph\">{\"@context\":\"https:\/\/schema.org\",\"@graph\":[{\"@type\":\"WebPage\",\"@id\":\"https:\/\/espak.ee\/epood\/toode\/nutikas-led-pirn-philips-wiz-e27-60w-a60-rgb\/\",\"url\":\"https:\/\/espak.ee\/epood\/toode\/nutikas-led-pirn-philips-wiz-e27-60w-a60-rgb\/\",\"name\":\"NUTIKAS LED PIRN PHILIPS WIZ E27 60W A60 RGB - Espak E-pood\",\"isPartOf\":{\"@id\":\"https:\/\/espak.ee\/epood\/#website\"},\"primaryImageOfPage\":{\"@id\":\"https:\/\/espak.ee\/epood\/toode\/nutikas-led-pirn-philips-wiz-e27-60w-a60-rgb\/#primaryimage\"},\"image\":{\"@id\":\"https:\/\/espak.ee\/epood\/toode\/nutikas-led-pirn-philips-wiz-e27-60w-a60-rgb\/#primaryimage\"},\"thumbnailUrl\":\"https:\/\/espak.ee\/epood\/wp-content\/uploads\/2024\/04\/c6bb98becadf4c1aa4b9afd60126f82b-2.jpg\",\"datePublished\":\"2024-04-24T02:05:18+00:00\",\"dateModified\":\"2024-08-06T11:55:51+00:00\",\"breadcrumb\":{\"@id\":\"https:\/\/espak.ee\/epood\/toode\/nutikas-led-pirn-philips-wiz-e27-60w-a60-rgb\/#breadcrumb\"},\"inLanguage\":\"et\",\"potentialAction\":[{\"@type\":\"ReadAction\",\"target\":[\"https:\/\/espak.ee\/epood\/toode\/nutikas-led-pirn-philips-wiz-e27-60w-a60-rgb\/\"]}]},{\"@type\":\"ImageObject\",\"inLanguage\":\"et\",\"@id\":\"https:\/\/espak.ee\/epood\/toode\/nutikas-led-pirn-philips-wiz-e27-60w-a60-rgb\/#primaryimage\",\"url\":\"https:\/\/espak.ee\/epood\/wp-content\/uploads\/2024\/04\/c6bb98becadf4c1aa4b9afd60126f82b-2.jpg\",\"contentUrl\":\"https:\/\/espak.ee\/epood\/wp-content\/uploads\/2024\/04\/c6bb98becadf4c1aa4b9afd60126f82b-2.jpg\",\"width\":1000,\"height\":1000},{\"@type\":\"BreadcrumbList\",\"@id\":\"https:\/\/espak.ee\/epood\/toode\/nutikas-led-pirn-philips-wiz-e27-60w-a60-rgb\/#breadcrumb\",\"itemListElement\":[{\"@type\":\"ListItem\",\"position\":1,\"name\":\"Home\",\"item\":\"https:\/\/espak.ee\/epood\/\"},{\"@type\":\"ListItem\",\"position\":2,\"name\":\"Tootevalik\",\"item\":\"https:\/\/espak.ee\/epood\/tootevalik\/\"},{\"@type\":\"ListItem\",\"position\":3,\"name\":\"NUTIKAS LED PIRN PHILIPS WIZ E27 60W A60 RGB\"}]},{\"@type\":\"WebSite\",\"@id\":\"https:\/\/espak.ee\/epood\/#website\",\"url\":\"https:\/\/espak.ee\/epood\/\",\"name\":\"Espak E-pood\",\"description\":\"\",\"potentialAction\":[{\"@type\":\"SearchAction\",\"target\":{\"@type\":\"EntryPoint\",\"urlTemplate\":\"https:\/\/espak.ee\/epood\/?s={search_term_string}\"},\"query-input\":{\"@type\":\"PropertyValueSpecification\",\"valueRequired\":true,\"valueName\":\"search_term_string\"}}],\"inLanguage\":\"et\"}]}<\/script>\n<!-- \/ Yoast SEO plugin. -->","yoast_head_json":{"title":"NUTIKAS LED PIRN PHILIPS WIZ E27 60W A60 RGB - Espak E-pood","robots":{"index":"index","follow":"follow","max-snippet":"max-snippet:-1","max-image-preview":"max-image-preview:large","max-video-preview":"max-video-preview:-1"},"canonical":"https:\/\/espak.ee\/epood\/toode\/nutikas-led-pirn-philips-wiz-e27-60w-a60-rgb\/","og_locale":"et_EE","og_type":"article","og_title":"NUTIKAS LED PIRN PHILIPS WIZ E27 60W A60 RGB - Espak E-pood","og_url":"https:\/\/espak.ee\/epood\/toode\/nutikas-led-pirn-philips-wiz-e27-60w-a60-rgb\/","og_site_name":"Espak E-pood","article_modified_time":"2024-08-06T11:55:51+00:00","og_image":[{"width":1000,"height":1000,"url":"https:\/\/espak.ee\/epood\/wp-content\/uploads\/2024\/04\/c6bb98becadf4c1aa4b9afd60126f82b-2.jpg","type":"image\/jpeg"}],"twitter_card":"summary_large_image","twitter_misc":{"Est. reading time":"1 minut"},"schema":{"@context":"https:\/\/schema.org","@graph":[{"@type":"WebPage","@id":"https:\/\/espak.ee\/epood\/toode\/nutikas-led-pirn-philips-wiz-e27-60w-a60-rgb\/","url":"https:\/\/espak.ee\/epood\/toode\/nutikas-led-pirn-philips-wiz-e27-60w-a60-rgb\/","name":"NUTIKAS LED PIRN PHILIPS WIZ E27 60W A60 RGB - Espak E-pood","isPartOf":{"@id":"https:\/\/espak.ee\/epood\/#website"},"primaryImageOfPage":{"@id":"https:\/\/espak.ee\/epood\/toode\/nutikas-led-pirn-philips-wiz-e27-60w-a60-rgb\/#primaryimage"},"image":{"@id":"https:\/\/espak.ee\/epood\/toode\/nutikas-led-pirn-philips-wiz-e27-60w-a60-rgb\/#primaryimage"},"thumbnailUrl":"https:\/\/espak.ee\/epood\/wp-content\/uploads\/2024\/04\/c6bb98becadf4c1aa4b9afd60126f82b-2.jpg","datePublished":"2024-04-24T02:05:18+00:00","dateModified":"2024-08-06T11:55:51+00:00","breadcrumb":{"@id":"https:\/\/espak.ee\/epood\/toode\/nutikas-led-pirn-philips-wiz-e27-60w-a60-rgb\/#breadcrumb"},"inLanguage":"et","potentialAction":[{"@type":"ReadAction","target":["https:\/\/espak.ee\/epood\/toode\/nutikas-led-pirn-philips-wiz-e27-60w-a60-rgb\/"]}]},{"@type":"ImageObject","inLanguage":"et","@id":"https:\/\/espak.ee\/epood\/toode\/nutikas-led-pirn-philips-wiz-e27-60w-a60-rgb\/#primaryimage","url":"https:\/\/espak.ee\/epood\/wp-content\/uploads\/2024\/04\/c6bb98becadf4c1aa4b9afd60126f82b-2.jpg","contentUrl":"https:\/\/espak.ee\/epood\/wp-content\/uploads\/2024\/04\/c6bb98becadf4c1aa4b9afd60126f82b-2.jpg","width":1000,"height":1000},{"@type":"BreadcrumbList","@id":"https:\/\/espak.ee\/epood\/toode\/nutikas-led-pirn-philips-wiz-e27-60w-a60-rgb\/#breadcrumb","itemListElement":[{"@type":"ListItem","position":1,"name":"Home","item":"https:\/\/espak.ee\/epood\/"},{"@type":"ListItem","position":2,"name":"Tootevalik","item":"https:\/\/espak.ee\/epood\/tootevalik\/"},{"@type":"ListItem","position":3,"name":"NUTIKAS LED PIRN PHILIPS WIZ E27 60W A60 RGB"}]},{"@type":"WebSite","@id":"https:\/\/espak.ee\/epood\/#website","url":"https:\/\/espak.ee\/epood\/","name":"Espak E-pood","description":"","potentialAction":[{"@type":"SearchAction","target":{"@type":"EntryPoint","urlTemplate":"https:\/\/espak.ee\/epood\/?s={search_term_string}"},"query-input":{"@type":"PropertyValueSpecification","valueRequired":true,"valueName":"search_term_string"}}],"inLanguage":"et"}]}},"_links":{"self":[{"href":"https:\/\/espak.ee\/epood\/wp-json\/wp\/v2\/product\/196555","targetHints":{"allow":["GET"]}}],"collection":[{"href":"https:\/\/espak.ee\/epood\/wp-json\/wp\/v2\/product"}],"about":[{"href":"https:\/\/espak.ee\/epood\/wp-json\/wp\/v2\/types\/product"}],"replies":[{"embeddable":true,"href":"https:\/\/espak.ee\/epood\/wp-json\/wp\/v2\/comments?post=196555"}],"wp:featuredmedia":[{"embeddable":true,"href":"https:\/\/espak.ee\/epood\/wp-json\/wp\/v2\/media\/196665"}],"wp:attachment":[{"href":"https:\/\/espak.ee\/epood\/wp-json\/wp\/v2\/media?parent=196555"}],"wp:term":[{"taxonomy":"product_brand","embeddable":true,"href":"https:\/\/espak.ee\/epood\/wp-json\/wp\/v2\/product_brand?post=196555"},{"taxonomy":"product_cat","embeddable":true,"href":"https:\/\/espak.ee\/epood\/wp-json\/wp\/v2\/product_cat?post=196555"},{"taxonomy":"product_tag","embeddable":true,"href":"https:\/\/espak.ee\/epood\/wp-json\/wp\/v2\/product_tag?post=196555"}],"curies":[{"name":"wp","href":"https:\/\/api.w.org\/{rel}","templated":true}]}}