{"id":196068,"date":"2024-04-19T05:05:21","date_gmt":"2024-04-19T02:05:21","guid":{"rendered":"https:\/\/espak.ee\/epood\/?post_type=product&#038;p=196068"},"modified":"2024-04-22T13:40:56","modified_gmt":"2024-04-22T10:40:56","slug":"akuga-graveerseade-einhell-te-mt-18-34-li-solo","status":"publish","type":"product","link":"https:\/\/espak.ee\/epood\/toode\/akuga-graveerseade-einhell-te-mt-18-34-li-solo\/","title":{"rendered":"AKUGA GRAVEERSEADE EINHELL TE-MT 18\/34 LI SOLO"},"content":{"rendered":"<div class=\"row\"  id=\"row-2049984117\">\n\n\t<div id=\"col-293370905\" class=\"col medium-9 small-12 large-9\"  >\n\t\t\t\t<div class=\"col-inner\"  >\n\t\t\t\n\t\t\t\n<h3>Graveerseade akuga TE-MT 18\/34 Li SOLO EINHELL <\/h3>\n<p>Graveerseade akuga TE-MT 18\/34 Li SOLO EINHELL on Power X-Change tootepere liige, kus saab paindlikult kombineerida k\u00f5iki akusid, seadmeid ja laadijaid.<br \/>\nMitmek\u00fclgne akuga graveerseade TE-MT 18\/34 Li-Solo sobib graveerimiseks, poleerimiseks, freesimiseks, lihvimiseks, l\u00f5ikamiseks ja harjamiseks.<br \/>\nSeadme kiirus on sujuvalt reguleeritav vastavalt materjalile.<br \/>\nLukustusnupp muudab tarvikute vahetamise lihtsaks ja mugavaks.<br \/>\nT\u00e4psed tulemused isegi keerukates kohtades t\u00e4nu 92cm pikale painduvale v\u00f5llile.<br \/>\nOlenevalt t\u00f6\u00f6 olemusest, saab seadme kanderihmaga enda k\u00fclge riputada, et oleks veelgi mugavam toimetada.<br \/>\nRuumi s\u00e4\u00e4stmiseks on seadet v\u00f5imalik tarnekomplektis sisalduva seinaklambri abil seinal hoiustada.<br \/>\nTarnekomplektis 55 erinevat tarvikut, et saaksite kohe t\u00f6\u00f6le hakata.<br \/>\nTarnitakse ilma aku ja laadijata. Need on saadaval eraldi, nt. praktilise stardikomplektina.<br \/>\n <strong> Toode tarnitakse akuta ja akulaadurita.<\/strong><\/p>\n<div class=\"message-box relative\" style=\"padding-top:15px;padding-bottom:15px;\"><div class=\"message-box-bg-image bg-fill fill\" ><\/div><div class=\"message-box-bg-overlay bg-fill fill\" ><\/div><div class=\"container relative\"><div class=\"inner last-reset\">\n<div class=\"row align-middle align-center\"  id=\"row-404993223\">\n\n\t<div id=\"col-1822079157\" class=\"col small-12 large-12\"  >\n\t\t\t\t<div class=\"col-inner text-left\"  >\n\t\t\t\n\t\t\t\n<h4>Omadused<\/h4>\n<div class=\"row\"  id=\"row-1482351204\">\n\n\t<div id=\"col-536985511\" class=\"col medium-6 small-12 large-6\"  >\n\t\t\t\t<div class=\"col-inner\"  >\n\t\t\t\n\t\t\t\n<p><i class=\"fa fa-check fa-2x\"><\/i><strong>\u00a0Vastavalt materjalile sujuv kiiruse reguleerimine <\/strong><\/p>\n<p><i class=\"fa fa-check fa-2x\"><\/i><strong> Integreeritud tarvikutehoidik tugijaamal \u00a0<\/strong><\/p>\n<p><i class=\"fa fa-check fa-2x\"><\/i><strong>\u00a0Power X-Change&#8217;i tootepere liige <\/strong><\/p>\n<p><i class=\"fa fa-check fa-2x\"><\/i><strong> Vajalik 1x18V Power X-aku\u00a0<\/strong><\/p>\n\t\t<\/div>\n\t\t\t\t\n<style>\n#col-536985511 > .col-inner {\n  margin: 0px 0px 15px 0px;\n}\n<\/style>\n\t<\/div>\n\n\t\n\n\t<div id=\"col-532470300\" class=\"col medium-6 small-12 large-6\"  >\n\t\t\t\t<div class=\"col-inner\"  >\n\t\t\t\n\t\t\t\n<p><i class=\"fa fa-check fa-2x\"><\/i><strong> Komplektis 55 tarvikut koheseks t\u00f6\u00f6ks<\/strong><\/p>\n<p><i class=\"fa fa-check fa-2x\"><\/i><strong> Kanderihm mugavamaks kasutamiseks<\/strong><\/p>\n<p><i class=\"fa fa-check fa-2x\"><\/i><strong> Lihtne tarvikute vahetus<\/strong><\/p>\n<p><i class=\"fa fa-check fa-2x\"><\/i><strong> Komplekt aku ja laadijata<\/strong><\/p>\n\t\t<\/div>\n\t\t\t\t\n<style>\n#col-532470300 > .col-inner {\n  margin: 0px 0px 15px 0px;\n}\n<\/style>\n\t<\/div>\n\n\t\n<\/div>\n\t\t<\/div>\n\t\t\t\t\t<\/div>\n\n\t\n<\/div>\n<\/div><\/div><\/div>\n\t<div id=\"gap-1299664176\" class=\"gap-element clearfix\" style=\"display:block; height:auto;\">\n\t\t\n<style>\n#gap-1299664176 {\n  padding-top: 30px;\n}\n<\/style>\n\t<\/div>\n\t\n\t\t<\/div>\n\t\t\t\t\t<\/div>\n\n\t\n\n\t<div id=\"col-240812384\" class=\"col medium-3 small-12 large-3\"  >\n\t\t\t\t<div class=\"col-inner\"  >\n\t\t\t\n\t\t\t\n\t<div id=\"gap-861698704\" class=\"gap-element clearfix\" style=\"display:block; height:auto;\">\n\t\t\n<style>\n#gap-861698704 {\n  padding-top: 30px;\n}\n<\/style>\n\t<\/div>\n\t\n<img decoding=\"async\" src=\"https:\/\/espak.ee\/epood\/wp-content\/uploads\/2020\/04\/Power-x-change-logo.jpg\" alt=\"\" width=\"1772\" height=\"343\" class=\"alignnone size-full wp-image-97311\" srcset=\"https:\/\/espak.ee\/epood\/wp-content\/uploads\/2020\/04\/Power-x-change-logo.jpg 1772w, https:\/\/espak.ee\/epood\/wp-content\/uploads\/2020\/04\/Power-x-change-logo-500x97.jpg 500w, https:\/\/espak.ee\/epood\/wp-content\/uploads\/2020\/04\/Power-x-change-logo-769x149.jpg 769w, https:\/\/espak.ee\/epood\/wp-content\/uploads\/2020\/04\/Power-x-change-logo-300x58.jpg 300w, https:\/\/espak.ee\/epood\/wp-content\/uploads\/2020\/04\/Power-x-change-logo-1024x198.jpg 1024w, https:\/\/espak.ee\/epood\/wp-content\/uploads\/2020\/04\/Power-x-change-logo-150x29.jpg 150w, https:\/\/espak.ee\/epood\/wp-content\/uploads\/2020\/04\/Power-x-change-logo-768x149.jpg 768w, https:\/\/espak.ee\/epood\/wp-content\/uploads\/2020\/04\/Power-x-change-logo-1536x297.jpg 1536w\" sizes=\"(max-width: 1772px) 100vw, 1772px\" \/><\/p>\n<h3>Kasutusjuhend<\/h3>\n<p><a href=\"https:\/\/espak.ee\/epood\/wp-content\/uploads\/2024\/04\/Akuga-graveerimisseade-Einhell-TE-MT-18-34-LI-4419360.pdf\"target=\"_blank\" rel=\"noopener noreferrer\"><i class=\"far fa-file-pdf\"><\/i> Kasutusjuhend (PDF)<\/a><\/p>\n<div class=\"is-divider divider clearfix\" ><\/div>\n<p><strong>\u00dcksikasjalikuma n\u00f5u saamiseks v\u00f5tke \u00fchendust:<br \/><\/strong>Espak AS<br \/>Viadukti 42<br \/>11313<br \/>Tallinn<br \/>+372 6 512333<\/p>\n\t\t<\/div>\n\t\t\t\t\t<\/div>\n\n\t\n<\/div>\n","protected":false},"excerpt":{"rendered":"","protected":false},"featured_media":196343,"comment_status":"closed","ping_status":"closed","template":"","meta":[],"product_brand":[],"product_cat":[2741,2733,2680,2679],"product_tag":[],"class_list":{"0":"post-196068","1":"product","2":"type-product","3":"status-publish","4":"has-post-thumbnail","6":"product_cat-akuga-eritooriistad","7":"product_cat-akutooriistad","8":"product_cat-elektritooriistad","9":"product_cat-tooriistad","10":"pa_kaubamark-einhell","12":"first","13":"instock","14":"sale","15":"taxable","16":"shipping-taxable","17":"purchasable","18":"product-type-simple"},"yoast_head":"<!-- This site is optimized with the Yoast SEO plugin v26.9 - https:\/\/yoast.com\/product\/yoast-seo-wordpress\/ -->\n<title>AKUGA GRAVEERSEADE EINHELL TE-MT 18\/34 LI SOLO - Espak E-pood<\/title>\n<meta name=\"robots\" content=\"index, follow, max-snippet:-1, max-image-preview:large, max-video-preview:-1\" \/>\n<link rel=\"canonical\" href=\"https:\/\/espak.ee\/epood\/toode\/akuga-graveerseade-einhell-te-mt-18-34-li-solo\/\" \/>\n<meta property=\"og:locale\" content=\"et_EE\" \/>\n<meta property=\"og:type\" content=\"article\" \/>\n<meta property=\"og:title\" content=\"AKUGA GRAVEERSEADE EINHELL TE-MT 18\/34 LI SOLO - Espak E-pood\" \/>\n<meta property=\"og:url\" content=\"https:\/\/espak.ee\/epood\/toode\/akuga-graveerseade-einhell-te-mt-18-34-li-solo\/\" \/>\n<meta property=\"og:site_name\" content=\"Espak E-pood\" \/>\n<meta property=\"article:modified_time\" content=\"2024-04-22T10:40:56+00:00\" \/>\n<meta property=\"og:image\" content=\"https:\/\/espak.ee\/epood\/wp-content\/uploads\/2024\/04\/4419360_21012_002_TE_MT_18_34_Li_Solo_Pic.jpg\" \/>\n\t<meta property=\"og:image:width\" content=\"1000\" \/>\n\t<meta property=\"og:image:height\" content=\"1000\" \/>\n\t<meta property=\"og:image:type\" content=\"image\/jpeg\" \/>\n<meta name=\"twitter:card\" content=\"summary_large_image\" \/>\n<meta name=\"twitter:label1\" content=\"Est. reading time\" \/>\n\t<meta name=\"twitter:data1\" content=\"1 minut\" \/>\n<script type=\"application\/ld+json\" class=\"yoast-schema-graph\">{\"@context\":\"https:\/\/schema.org\",\"@graph\":[{\"@type\":\"WebPage\",\"@id\":\"https:\/\/espak.ee\/epood\/toode\/akuga-graveerseade-einhell-te-mt-18-34-li-solo\/\",\"url\":\"https:\/\/espak.ee\/epood\/toode\/akuga-graveerseade-einhell-te-mt-18-34-li-solo\/\",\"name\":\"AKUGA GRAVEERSEADE EINHELL TE-MT 18\/34 LI SOLO - Espak E-pood\",\"isPartOf\":{\"@id\":\"https:\/\/espak.ee\/epood\/#website\"},\"primaryImageOfPage\":{\"@id\":\"https:\/\/espak.ee\/epood\/toode\/akuga-graveerseade-einhell-te-mt-18-34-li-solo\/#primaryimage\"},\"image\":{\"@id\":\"https:\/\/espak.ee\/epood\/toode\/akuga-graveerseade-einhell-te-mt-18-34-li-solo\/#primaryimage\"},\"thumbnailUrl\":\"https:\/\/espak.ee\/epood\/wp-content\/uploads\/2024\/04\/4419360_21012_002_TE_MT_18_34_Li_Solo_Pic.jpg\",\"datePublished\":\"2024-04-19T02:05:21+00:00\",\"dateModified\":\"2024-04-22T10:40:56+00:00\",\"breadcrumb\":{\"@id\":\"https:\/\/espak.ee\/epood\/toode\/akuga-graveerseade-einhell-te-mt-18-34-li-solo\/#breadcrumb\"},\"inLanguage\":\"et\",\"potentialAction\":[{\"@type\":\"ReadAction\",\"target\":[\"https:\/\/espak.ee\/epood\/toode\/akuga-graveerseade-einhell-te-mt-18-34-li-solo\/\"]}]},{\"@type\":\"ImageObject\",\"inLanguage\":\"et\",\"@id\":\"https:\/\/espak.ee\/epood\/toode\/akuga-graveerseade-einhell-te-mt-18-34-li-solo\/#primaryimage\",\"url\":\"https:\/\/espak.ee\/epood\/wp-content\/uploads\/2024\/04\/4419360_21012_002_TE_MT_18_34_Li_Solo_Pic.jpg\",\"contentUrl\":\"https:\/\/espak.ee\/epood\/wp-content\/uploads\/2024\/04\/4419360_21012_002_TE_MT_18_34_Li_Solo_Pic.jpg\",\"width\":1000,\"height\":1000},{\"@type\":\"BreadcrumbList\",\"@id\":\"https:\/\/espak.ee\/epood\/toode\/akuga-graveerseade-einhell-te-mt-18-34-li-solo\/#breadcrumb\",\"itemListElement\":[{\"@type\":\"ListItem\",\"position\":1,\"name\":\"Home\",\"item\":\"https:\/\/espak.ee\/epood\/\"},{\"@type\":\"ListItem\",\"position\":2,\"name\":\"Tootevalik\",\"item\":\"https:\/\/espak.ee\/epood\/tootevalik\/\"},{\"@type\":\"ListItem\",\"position\":3,\"name\":\"AKUGA GRAVEERSEADE EINHELL TE-MT 18\/34 LI SOLO\"}]},{\"@type\":\"WebSite\",\"@id\":\"https:\/\/espak.ee\/epood\/#website\",\"url\":\"https:\/\/espak.ee\/epood\/\",\"name\":\"Espak E-pood\",\"description\":\"\",\"potentialAction\":[{\"@type\":\"SearchAction\",\"target\":{\"@type\":\"EntryPoint\",\"urlTemplate\":\"https:\/\/espak.ee\/epood\/?s={search_term_string}\"},\"query-input\":{\"@type\":\"PropertyValueSpecification\",\"valueRequired\":true,\"valueName\":\"search_term_string\"}}],\"inLanguage\":\"et\"}]}<\/script>\n<!-- \/ Yoast SEO plugin. -->","yoast_head_json":{"title":"AKUGA GRAVEERSEADE EINHELL TE-MT 18\/34 LI SOLO - Espak E-pood","robots":{"index":"index","follow":"follow","max-snippet":"max-snippet:-1","max-image-preview":"max-image-preview:large","max-video-preview":"max-video-preview:-1"},"canonical":"https:\/\/espak.ee\/epood\/toode\/akuga-graveerseade-einhell-te-mt-18-34-li-solo\/","og_locale":"et_EE","og_type":"article","og_title":"AKUGA GRAVEERSEADE EINHELL TE-MT 18\/34 LI SOLO - Espak E-pood","og_url":"https:\/\/espak.ee\/epood\/toode\/akuga-graveerseade-einhell-te-mt-18-34-li-solo\/","og_site_name":"Espak E-pood","article_modified_time":"2024-04-22T10:40:56+00:00","og_image":[{"width":1000,"height":1000,"url":"https:\/\/espak.ee\/epood\/wp-content\/uploads\/2024\/04\/4419360_21012_002_TE_MT_18_34_Li_Solo_Pic.jpg","type":"image\/jpeg"}],"twitter_card":"summary_large_image","twitter_misc":{"Est. reading time":"1 minut"},"schema":{"@context":"https:\/\/schema.org","@graph":[{"@type":"WebPage","@id":"https:\/\/espak.ee\/epood\/toode\/akuga-graveerseade-einhell-te-mt-18-34-li-solo\/","url":"https:\/\/espak.ee\/epood\/toode\/akuga-graveerseade-einhell-te-mt-18-34-li-solo\/","name":"AKUGA GRAVEERSEADE EINHELL TE-MT 18\/34 LI SOLO - Espak E-pood","isPartOf":{"@id":"https:\/\/espak.ee\/epood\/#website"},"primaryImageOfPage":{"@id":"https:\/\/espak.ee\/epood\/toode\/akuga-graveerseade-einhell-te-mt-18-34-li-solo\/#primaryimage"},"image":{"@id":"https:\/\/espak.ee\/epood\/toode\/akuga-graveerseade-einhell-te-mt-18-34-li-solo\/#primaryimage"},"thumbnailUrl":"https:\/\/espak.ee\/epood\/wp-content\/uploads\/2024\/04\/4419360_21012_002_TE_MT_18_34_Li_Solo_Pic.jpg","datePublished":"2024-04-19T02:05:21+00:00","dateModified":"2024-04-22T10:40:56+00:00","breadcrumb":{"@id":"https:\/\/espak.ee\/epood\/toode\/akuga-graveerseade-einhell-te-mt-18-34-li-solo\/#breadcrumb"},"inLanguage":"et","potentialAction":[{"@type":"ReadAction","target":["https:\/\/espak.ee\/epood\/toode\/akuga-graveerseade-einhell-te-mt-18-34-li-solo\/"]}]},{"@type":"ImageObject","inLanguage":"et","@id":"https:\/\/espak.ee\/epood\/toode\/akuga-graveerseade-einhell-te-mt-18-34-li-solo\/#primaryimage","url":"https:\/\/espak.ee\/epood\/wp-content\/uploads\/2024\/04\/4419360_21012_002_TE_MT_18_34_Li_Solo_Pic.jpg","contentUrl":"https:\/\/espak.ee\/epood\/wp-content\/uploads\/2024\/04\/4419360_21012_002_TE_MT_18_34_Li_Solo_Pic.jpg","width":1000,"height":1000},{"@type":"BreadcrumbList","@id":"https:\/\/espak.ee\/epood\/toode\/akuga-graveerseade-einhell-te-mt-18-34-li-solo\/#breadcrumb","itemListElement":[{"@type":"ListItem","position":1,"name":"Home","item":"https:\/\/espak.ee\/epood\/"},{"@type":"ListItem","position":2,"name":"Tootevalik","item":"https:\/\/espak.ee\/epood\/tootevalik\/"},{"@type":"ListItem","position":3,"name":"AKUGA GRAVEERSEADE EINHELL TE-MT 18\/34 LI SOLO"}]},{"@type":"WebSite","@id":"https:\/\/espak.ee\/epood\/#website","url":"https:\/\/espak.ee\/epood\/","name":"Espak E-pood","description":"","potentialAction":[{"@type":"SearchAction","target":{"@type":"EntryPoint","urlTemplate":"https:\/\/espak.ee\/epood\/?s={search_term_string}"},"query-input":{"@type":"PropertyValueSpecification","valueRequired":true,"valueName":"search_term_string"}}],"inLanguage":"et"}]}},"_links":{"self":[{"href":"https:\/\/espak.ee\/epood\/wp-json\/wp\/v2\/product\/196068","targetHints":{"allow":["GET"]}}],"collection":[{"href":"https:\/\/espak.ee\/epood\/wp-json\/wp\/v2\/product"}],"about":[{"href":"https:\/\/espak.ee\/epood\/wp-json\/wp\/v2\/types\/product"}],"replies":[{"embeddable":true,"href":"https:\/\/espak.ee\/epood\/wp-json\/wp\/v2\/comments?post=196068"}],"wp:featuredmedia":[{"embeddable":true,"href":"https:\/\/espak.ee\/epood\/wp-json\/wp\/v2\/media\/196343"}],"wp:attachment":[{"href":"https:\/\/espak.ee\/epood\/wp-json\/wp\/v2\/media?parent=196068"}],"wp:term":[{"taxonomy":"product_brand","embeddable":true,"href":"https:\/\/espak.ee\/epood\/wp-json\/wp\/v2\/product_brand?post=196068"},{"taxonomy":"product_cat","embeddable":true,"href":"https:\/\/espak.ee\/epood\/wp-json\/wp\/v2\/product_cat?post=196068"},{"taxonomy":"product_tag","embeddable":true,"href":"https:\/\/espak.ee\/epood\/wp-json\/wp\/v2\/product_tag?post=196068"}],"curies":[{"name":"wp","href":"https:\/\/api.w.org\/{rel}","templated":true}]}}