{"id":196051,"date":"2024-04-19T05:05:03","date_gmt":"2024-04-19T02:05:03","guid":{"rendered":"https:\/\/espak.ee\/epood\/?post_type=product&#038;p=196051"},"modified":"2026-03-01T13:43:15","modified_gmt":"2026-03-01T11:43:15","slug":"korvitorn-roller-5xl-7505001040-hobe","status":"publish","type":"product","link":"https:\/\/espak.ee\/epood\/toode\/korvitorn-roller-5xl-7505001040-hobe\/","title":{"rendered":"KORVITORN ROLLER 5XL 750*500*1040 H\u00d5BE"},"content":{"rendered":"<div class=\"row\"  id=\"row-465921634\">\n\n\t<div id=\"col-1974972764\" class=\"col medium-9 small-12 large-9\"  >\n\t\t\t\t<div class=\"col-inner\"  >\n\t\t\t\n\t\t\t\n<h3>Korvitorn Roller 5XL 750x500x1040mm h\u00f5be<\/h3>\n<p><strong>Norscan\u00ae Roller &#8211; pole p\u00f5hjust muretseda kvaliteedi p\u00e4rast<\/strong><br \/>\nT\u00f5en\u00e4oliselt on Norscan\u00ae Roller \u00fcks parimaid uuendusi viimase 30 aasta jooksul. Norscan\u00ae Roller on vabalt p\u00f5randal seisev, tugev ja vastupidav modulaarne traatkorvide s\u00fcsteem.<\/p>\n<p>NORSCAN\u00ae ROLLER on moderne, igasse ruumi sobiv korvs\u00fcsteem esemete s\u00e4ilitamiseks ja ladustamiseks, lihtne ja h\u00f5lpsasti muudetav. S\u00fcsteem koosneb erinevatest moodulitest, mida on v\u00f5imalik monteerida, virnastada ja sobitada vastavalt iga ruumi erip\u00e4rale, olgu see siis riidekapp, garaa\u017e, sahver v\u00f5i k\u00f5ik korraga. NORSCAN\u00ae ROLLER s\u00fcsteem moodustub erinevatest k\u00fclgseintest, risttugedest ja rolleritega korvidest. S\u00fcsteemil on 3 p\u00f5hik\u00f5rgust: 64 cm, 84 cm ja 104 cm ning 3 laiust: M (keskmine) = 45 cm, L (suur) = 55 cm ja XL (ekstra suur) = 75 cm. S\u00fcsteemi v\u00f5ib kasutada standard k\u00f5rgete korvitornidena v\u00f5i kombineerituna \u00fcksteise peale paigaldades. V\u00f5imalikud k\u00f5rgusevariandid koos risttugedega on j\u00e4rgmised: 64, 84, 104, 125, 145, 165, 185 ja 205 cm. Korvitornide s\u00fcgavus \u00fcldjuhul on: 50 cm kuid teatud m\u00f5\u00f5te on olemas s\u00fcgavusega 40 cm.\n<\/p>\n<div class=\"message-box relative\" style=\"padding-top:15px;padding-bottom:15px;\"><div class=\"message-box-bg-image bg-fill fill\" ><\/div><div class=\"message-box-bg-overlay bg-fill fill\" ><\/div><div class=\"container relative\"><div class=\"inner last-reset\">\n<div class=\"row align-middle align-center\"  id=\"row-1094860194\">\n\n\t<div id=\"col-1094481020\" class=\"col small-12 large-12\"  >\n\t\t\t\t<div class=\"col-inner text-left\"  >\n\t\t\t\n\t\t\t\n<h4>Omadused<\/h4>\n<div class=\"row\"  id=\"row-1075230640\">\n\n\t<div id=\"col-1511471410\" class=\"col medium-6 small-12 large-6\"  >\n\t\t\t\t<div class=\"col-inner\"  >\n\t\t\t\n\t\t\t\n<p><i class=\"fa fa-check fa-2x\"><\/i> <strong> Uue disainiga korvs\u00fcsteem<\/strong><\/p>\n<p><i class=\"fa fa-check fa-2x\"><\/i> <strong> Unikaalne rollers\u00fcsteem, mis tagab korvi liuglemise kuni 15kg raskusega koormaga<\/strong><\/p>\n\t\t<\/div>\n\t\t\t\t\n<style>\n#col-1511471410 > .col-inner {\n  margin: 0px 0px 15px 0px;\n}\n<\/style>\n\t<\/div>\n\n\t\n\n\t<div id=\"col-935072136\" class=\"col medium-6 small-12 large-6\"  >\n\t\t\t\t<div class=\"col-inner\"  >\n\t\t\t\n\t\t\t\n<p><i class=\"fa fa-check fa-2x\"><\/i> <strong> Roller korvidele on disainitud integreeritud stopperid, mis v\u00e4ldivad korvi v\u00e4lja kukkumise<\/strong><\/p>\n<p><i class=\"fa fa-check fa-2x\"><\/i> <strong> Rollerid tagavad korvi h\u00e4\u00e4letu liikumise 4 rullikul<\/strong><\/p>\n\t\t<\/div>\n\t\t\t\t\n<style>\n#col-935072136 > .col-inner {\n  margin: 0px 0px 15px 0px;\n}\n<\/style>\n\t<\/div>\n\n\t\n<\/div>\n\t\t<\/div>\n\t\t\t\t\t<\/div>\n\n\t\n<\/div>\n<\/div><\/div><\/div>\n\t<div id=\"gap-696898820\" class=\"gap-element clearfix\" style=\"display:block; height:auto;\">\n\t\t\n<style>\n#gap-696898820 {\n  padding-top: 30px;\n}\n<\/style>\n\t<\/div>\n\t\n\t\t<\/div>\n\t\t\t\t\t<\/div>\n\n\t\n\n\t<div id=\"col-816589628\" class=\"col medium-3 small-12 large-3\"  >\n\t\t\t\t<div class=\"col-inner\"  >\n\t\t\t\n\t\t\t\n<div class=\"is-divider divider clearfix\" ><\/div>\n<p><strong>\u00dcksikasjalikuma n\u00f5u saamiseks v\u00f5tke \u00fchendust:<br \/><\/strong>NORDIC FURNITURE O\u00dc<br \/>Juhkentali 8<br \/>10132<br \/>Tallinn<br \/>+372 645 9955<\/p>\n\t\t<\/div>\n\t\t\t\t\t<\/div>\n\n\t\n<\/div>\n","protected":false},"excerpt":{"rendered":"","protected":false},"featured_media":196120,"comment_status":"closed","ping_status":"closed","template":"","meta":[],"product_brand":[],"product_cat":[2788,4829,4830,4080],"product_tag":[],"class_list":{"0":"post-196051","1":"product","2":"type-product","3":"status-publish","4":"has-post-thumbnail","6":"product_cat-aiatarbed-ja-kodukaubad","7":"product_cat-garderoobisusteemid","8":"product_cat-korvriiulid","9":"product_cat-sisustuskaubad","10":"pa_kaubamark-nordic-furniture-ou","12":"first","13":"instock","14":"sale","15":"taxable","16":"shipping-taxable","17":"purchasable","18":"product-type-simple"},"yoast_head":"<!-- This site is optimized with the Yoast SEO plugin v26.9 - https:\/\/yoast.com\/product\/yoast-seo-wordpress\/ -->\n<title>KORVITORN ROLLER 5XL 750*500*1040 H\u00d5BE - Espak E-pood<\/title>\n<meta name=\"robots\" content=\"index, follow, max-snippet:-1, max-image-preview:large, max-video-preview:-1\" \/>\n<link rel=\"canonical\" href=\"https:\/\/espak.ee\/epood\/toode\/korvitorn-roller-5xl-7505001040-hobe\/\" \/>\n<meta property=\"og:locale\" content=\"et_EE\" \/>\n<meta property=\"og:type\" content=\"article\" \/>\n<meta property=\"og:title\" content=\"KORVITORN ROLLER 5XL 750*500*1040 H\u00d5BE - Espak E-pood\" \/>\n<meta property=\"og:url\" content=\"https:\/\/espak.ee\/epood\/toode\/korvitorn-roller-5xl-7505001040-hobe\/\" \/>\n<meta property=\"og:site_name\" content=\"Espak E-pood\" \/>\n<meta property=\"article:modified_time\" content=\"2026-03-01T11:43:15+00:00\" \/>\n<meta property=\"og:image\" content=\"https:\/\/espak.ee\/epood\/wp-content\/uploads\/2024\/04\/roller-kit-ho-1040-750-500mm.jpg\" \/>\n\t<meta property=\"og:image:width\" content=\"900\" \/>\n\t<meta property=\"og:image:height\" content=\"900\" \/>\n\t<meta property=\"og:image:type\" content=\"image\/jpeg\" \/>\n<meta name=\"twitter:card\" content=\"summary_large_image\" \/>\n<meta name=\"twitter:label1\" content=\"Est. reading time\" \/>\n\t<meta name=\"twitter:data1\" content=\"1 minut\" \/>\n<script type=\"application\/ld+json\" class=\"yoast-schema-graph\">{\"@context\":\"https:\/\/schema.org\",\"@graph\":[{\"@type\":\"WebPage\",\"@id\":\"https:\/\/espak.ee\/epood\/toode\/korvitorn-roller-5xl-7505001040-hobe\/\",\"url\":\"https:\/\/espak.ee\/epood\/toode\/korvitorn-roller-5xl-7505001040-hobe\/\",\"name\":\"KORVITORN ROLLER 5XL 750*500*1040 H\u00d5BE - Espak E-pood\",\"isPartOf\":{\"@id\":\"https:\/\/espak.ee\/epood\/#website\"},\"primaryImageOfPage\":{\"@id\":\"https:\/\/espak.ee\/epood\/toode\/korvitorn-roller-5xl-7505001040-hobe\/#primaryimage\"},\"image\":{\"@id\":\"https:\/\/espak.ee\/epood\/toode\/korvitorn-roller-5xl-7505001040-hobe\/#primaryimage\"},\"thumbnailUrl\":\"https:\/\/espak.ee\/epood\/wp-content\/uploads\/2024\/04\/roller-kit-ho-1040-750-500mm.jpg\",\"datePublished\":\"2024-04-19T02:05:03+00:00\",\"dateModified\":\"2026-03-01T11:43:15+00:00\",\"breadcrumb\":{\"@id\":\"https:\/\/espak.ee\/epood\/toode\/korvitorn-roller-5xl-7505001040-hobe\/#breadcrumb\"},\"inLanguage\":\"et\",\"potentialAction\":[{\"@type\":\"ReadAction\",\"target\":[\"https:\/\/espak.ee\/epood\/toode\/korvitorn-roller-5xl-7505001040-hobe\/\"]}]},{\"@type\":\"ImageObject\",\"inLanguage\":\"et\",\"@id\":\"https:\/\/espak.ee\/epood\/toode\/korvitorn-roller-5xl-7505001040-hobe\/#primaryimage\",\"url\":\"https:\/\/espak.ee\/epood\/wp-content\/uploads\/2024\/04\/roller-kit-ho-1040-750-500mm.jpg\",\"contentUrl\":\"https:\/\/espak.ee\/epood\/wp-content\/uploads\/2024\/04\/roller-kit-ho-1040-750-500mm.jpg\",\"width\":900,\"height\":900},{\"@type\":\"BreadcrumbList\",\"@id\":\"https:\/\/espak.ee\/epood\/toode\/korvitorn-roller-5xl-7505001040-hobe\/#breadcrumb\",\"itemListElement\":[{\"@type\":\"ListItem\",\"position\":1,\"name\":\"Home\",\"item\":\"https:\/\/espak.ee\/epood\/\"},{\"@type\":\"ListItem\",\"position\":2,\"name\":\"Tootevalik\",\"item\":\"https:\/\/espak.ee\/epood\/tootevalik\/\"},{\"@type\":\"ListItem\",\"position\":3,\"name\":\"KORVITORN ROLLER 5XL 750*500*1040 H\u00d5BE\"}]},{\"@type\":\"WebSite\",\"@id\":\"https:\/\/espak.ee\/epood\/#website\",\"url\":\"https:\/\/espak.ee\/epood\/\",\"name\":\"Espak E-pood\",\"description\":\"\",\"potentialAction\":[{\"@type\":\"SearchAction\",\"target\":{\"@type\":\"EntryPoint\",\"urlTemplate\":\"https:\/\/espak.ee\/epood\/?s={search_term_string}\"},\"query-input\":{\"@type\":\"PropertyValueSpecification\",\"valueRequired\":true,\"valueName\":\"search_term_string\"}}],\"inLanguage\":\"et\"}]}<\/script>\n<!-- \/ Yoast SEO plugin. -->","yoast_head_json":{"title":"KORVITORN ROLLER 5XL 750*500*1040 H\u00d5BE - Espak E-pood","robots":{"index":"index","follow":"follow","max-snippet":"max-snippet:-1","max-image-preview":"max-image-preview:large","max-video-preview":"max-video-preview:-1"},"canonical":"https:\/\/espak.ee\/epood\/toode\/korvitorn-roller-5xl-7505001040-hobe\/","og_locale":"et_EE","og_type":"article","og_title":"KORVITORN ROLLER 5XL 750*500*1040 H\u00d5BE - Espak E-pood","og_url":"https:\/\/espak.ee\/epood\/toode\/korvitorn-roller-5xl-7505001040-hobe\/","og_site_name":"Espak E-pood","article_modified_time":"2026-03-01T11:43:15+00:00","og_image":[{"width":900,"height":900,"url":"https:\/\/espak.ee\/epood\/wp-content\/uploads\/2024\/04\/roller-kit-ho-1040-750-500mm.jpg","type":"image\/jpeg"}],"twitter_card":"summary_large_image","twitter_misc":{"Est. reading time":"1 minut"},"schema":{"@context":"https:\/\/schema.org","@graph":[{"@type":"WebPage","@id":"https:\/\/espak.ee\/epood\/toode\/korvitorn-roller-5xl-7505001040-hobe\/","url":"https:\/\/espak.ee\/epood\/toode\/korvitorn-roller-5xl-7505001040-hobe\/","name":"KORVITORN ROLLER 5XL 750*500*1040 H\u00d5BE - Espak E-pood","isPartOf":{"@id":"https:\/\/espak.ee\/epood\/#website"},"primaryImageOfPage":{"@id":"https:\/\/espak.ee\/epood\/toode\/korvitorn-roller-5xl-7505001040-hobe\/#primaryimage"},"image":{"@id":"https:\/\/espak.ee\/epood\/toode\/korvitorn-roller-5xl-7505001040-hobe\/#primaryimage"},"thumbnailUrl":"https:\/\/espak.ee\/epood\/wp-content\/uploads\/2024\/04\/roller-kit-ho-1040-750-500mm.jpg","datePublished":"2024-04-19T02:05:03+00:00","dateModified":"2026-03-01T11:43:15+00:00","breadcrumb":{"@id":"https:\/\/espak.ee\/epood\/toode\/korvitorn-roller-5xl-7505001040-hobe\/#breadcrumb"},"inLanguage":"et","potentialAction":[{"@type":"ReadAction","target":["https:\/\/espak.ee\/epood\/toode\/korvitorn-roller-5xl-7505001040-hobe\/"]}]},{"@type":"ImageObject","inLanguage":"et","@id":"https:\/\/espak.ee\/epood\/toode\/korvitorn-roller-5xl-7505001040-hobe\/#primaryimage","url":"https:\/\/espak.ee\/epood\/wp-content\/uploads\/2024\/04\/roller-kit-ho-1040-750-500mm.jpg","contentUrl":"https:\/\/espak.ee\/epood\/wp-content\/uploads\/2024\/04\/roller-kit-ho-1040-750-500mm.jpg","width":900,"height":900},{"@type":"BreadcrumbList","@id":"https:\/\/espak.ee\/epood\/toode\/korvitorn-roller-5xl-7505001040-hobe\/#breadcrumb","itemListElement":[{"@type":"ListItem","position":1,"name":"Home","item":"https:\/\/espak.ee\/epood\/"},{"@type":"ListItem","position":2,"name":"Tootevalik","item":"https:\/\/espak.ee\/epood\/tootevalik\/"},{"@type":"ListItem","position":3,"name":"KORVITORN ROLLER 5XL 750*500*1040 H\u00d5BE"}]},{"@type":"WebSite","@id":"https:\/\/espak.ee\/epood\/#website","url":"https:\/\/espak.ee\/epood\/","name":"Espak E-pood","description":"","potentialAction":[{"@type":"SearchAction","target":{"@type":"EntryPoint","urlTemplate":"https:\/\/espak.ee\/epood\/?s={search_term_string}"},"query-input":{"@type":"PropertyValueSpecification","valueRequired":true,"valueName":"search_term_string"}}],"inLanguage":"et"}]}},"_links":{"self":[{"href":"https:\/\/espak.ee\/epood\/wp-json\/wp\/v2\/product\/196051","targetHints":{"allow":["GET"]}}],"collection":[{"href":"https:\/\/espak.ee\/epood\/wp-json\/wp\/v2\/product"}],"about":[{"href":"https:\/\/espak.ee\/epood\/wp-json\/wp\/v2\/types\/product"}],"replies":[{"embeddable":true,"href":"https:\/\/espak.ee\/epood\/wp-json\/wp\/v2\/comments?post=196051"}],"wp:featuredmedia":[{"embeddable":true,"href":"https:\/\/espak.ee\/epood\/wp-json\/wp\/v2\/media\/196120"}],"wp:attachment":[{"href":"https:\/\/espak.ee\/epood\/wp-json\/wp\/v2\/media?parent=196051"}],"wp:term":[{"taxonomy":"product_brand","embeddable":true,"href":"https:\/\/espak.ee\/epood\/wp-json\/wp\/v2\/product_brand?post=196051"},{"taxonomy":"product_cat","embeddable":true,"href":"https:\/\/espak.ee\/epood\/wp-json\/wp\/v2\/product_cat?post=196051"},{"taxonomy":"product_tag","embeddable":true,"href":"https:\/\/espak.ee\/epood\/wp-json\/wp\/v2\/product_tag?post=196051"}],"curies":[{"name":"wp","href":"https:\/\/api.w.org\/{rel}","templated":true}]}}