{"id":195649,"date":"2024-04-17T05:05:11","date_gmt":"2024-04-17T02:05:11","guid":{"rendered":"https:\/\/espak.ee\/epood\/?post_type=product&#038;p=195649"},"modified":"2026-04-07T00:56:48","modified_gmt":"2026-04-06T21:56:48","slug":"pistikupesa-renova-2-ne-must","status":"publish","type":"product","link":"https:\/\/espak.ee\/epood\/toode\/pistikupesa-renova-2-ne-must\/","title":{"rendered":"PISTIKUPESA RENOVA 2-NE MUST"},"content":{"rendered":"<div class=\"row\"  id=\"row-687170271\">\n\n\t<div id=\"col-1892800286\" class=\"col medium-9 small-12 large-9\"  >\n\t\t\t\t<div class=\"col-inner\"  >\n\t\t\t\n\t\t\t\n<h3>Pistikupesa 2-ne Renova must<\/h3>\n<p>Schneider Electric Renova pistikupesa WDE015996 on musta v\u00e4rvi terviklik toode. V\u00e4ljalaskeava pooluste konfiguratsioon on 2P + E. Seda toodet m\u00fc\u00fcakse 10 tk. Lisaks on selle seadme nimit\u00f6\u00f6pinge 250V. Ja selle nimivool on 16A. muud v\u00e4\u00e4rtused, mida pinnale ei rakendata Selle \u00fchendusklemmid on kruvideta klemmid. Selle laius on 70 mm, k\u00f5rgus 111 mm. See ulatub ka IP20, IP21 kaitseastmeni. Kuna see on valmistatud PC-st (pol\u00fckarbonaat), PC 10% GF materjalist, on see pistikupesa \u00fcsna t\u00f6\u00f6kindel ja vastupidav. Ja see on elavh\u00f5beda- ja raskemetallivaba, mis hoolitseb keskkonna ja teie tervise eest nagu alati. Veelgi enam, see seade on kvalifitseeritud rohelise esmaklassilise tootena, mis sisaldab minimaalselt ohtlikke aineid. Renova \u00fchendab elegantse vanema disaini ainulaadsete tarvikutega, mis k\u00f5ik vastavad t\u00e4nap\u00e4eva n\u00f5uetele ohutuse ja mugavuse osas. Nutikad valikud, nagu tapeedikaitse v\u00f5i lihtne kl\u00f5psatav tehnoloogia s\u00fcvistamiseks v\u00f5i pinnale paigaldamiseks, lihtsustavad paigaldamist veelgi.<\/p>\n\t\t<\/div>\n\t\t\t\t\t<\/div>\n\n\t\n\n\t<div id=\"col-1816175510\" class=\"col medium-3 small-12 large-3\"  >\n\t\t\t\t<div class=\"col-inner\"  >\n\t\t\t\n\t\t\t\n<h3>Andmeleht<\/h3>\n<p><a href=\"https:\/\/espak.ee\/epood\/wp-content\/uploads\/2024\/04\/Schneider-Electric_Renova-Surface_WDE015996.pdf\"target=\"_blank\" rel=\"noopener noreferrer\"><i class=\"far fa-file-pdf\"><\/i> Andmeleht (PDF)<\/a><\/p>\n<div class=\"is-divider divider clearfix\" ><\/div>\n<p><strong>\u00dcksikasjalikuma n\u00f5u saamiseks v\u00f5tke \u00fchendust:<br \/><\/strong>Schneider Electric Eesti AS<br \/>P\u00e4rnu mnt 139e-2<br \/>11317<br \/>Tallinn<br \/>+372 66 82 589<\/p>\n\t\t<\/div>\n\t\t\t\t\t<\/div>\n\n\t\n<\/div>\n","protected":false},"excerpt":{"rendered":"","protected":false},"featured_media":195801,"comment_status":"closed","ping_status":"closed","template":"","meta":[],"product_brand":[],"product_cat":[2935,2934,3224,3226],"product_tag":[],"class_list":{"0":"post-195649","1":"product","2":"type-product","3":"status-publish","4":"has-post-thumbnail","6":"product_cat-elektrikaubad","7":"product_cat-elektrikaubad-ja-valgustid","8":"product_cat-lulitid-ja-pistikupesad","9":"product_cat-pistikupesad","10":"pa_kaubamark-schneider-electric-eesti-as","12":"first","13":"instock","14":"sale","15":"taxable","16":"shipping-taxable","17":"purchasable","18":"product-type-simple"},"yoast_head":"<!-- This site is optimized with the Yoast SEO plugin v26.9 - https:\/\/yoast.com\/product\/yoast-seo-wordpress\/ -->\n<title>PISTIKUPESA RENOVA 2-NE MUST - Espak E-pood<\/title>\n<meta name=\"robots\" content=\"index, follow, max-snippet:-1, max-image-preview:large, max-video-preview:-1\" \/>\n<link rel=\"canonical\" href=\"https:\/\/espak.ee\/epood\/toode\/pistikupesa-renova-2-ne-must\/\" \/>\n<meta property=\"og:locale\" content=\"et_EE\" \/>\n<meta property=\"og:type\" content=\"article\" \/>\n<meta property=\"og:title\" content=\"PISTIKUPESA RENOVA 2-NE MUST - Espak E-pood\" \/>\n<meta property=\"og:url\" content=\"https:\/\/espak.ee\/epood\/toode\/pistikupesa-renova-2-ne-must\/\" \/>\n<meta property=\"og:site_name\" content=\"Espak E-pood\" \/>\n<meta property=\"article:modified_time\" content=\"2026-04-06T21:56:48+00:00\" \/>\n<meta property=\"og:image\" content=\"https:\/\/espak.ee\/epood\/wp-content\/uploads\/2024\/04\/WDE015996_IoPdef_PMP19_1500x1500.jpg\" \/>\n\t<meta property=\"og:image:width\" content=\"1500\" \/>\n\t<meta property=\"og:image:height\" content=\"1500\" \/>\n\t<meta property=\"og:image:type\" content=\"image\/jpeg\" \/>\n<meta name=\"twitter:card\" content=\"summary_large_image\" \/>\n<meta name=\"twitter:label1\" content=\"Est. reading time\" \/>\n\t<meta name=\"twitter:data1\" content=\"1 minut\" \/>\n<script type=\"application\/ld+json\" class=\"yoast-schema-graph\">{\"@context\":\"https:\/\/schema.org\",\"@graph\":[{\"@type\":\"WebPage\",\"@id\":\"https:\/\/espak.ee\/epood\/toode\/pistikupesa-renova-2-ne-must\/\",\"url\":\"https:\/\/espak.ee\/epood\/toode\/pistikupesa-renova-2-ne-must\/\",\"name\":\"PISTIKUPESA RENOVA 2-NE MUST - Espak E-pood\",\"isPartOf\":{\"@id\":\"https:\/\/espak.ee\/epood\/#website\"},\"primaryImageOfPage\":{\"@id\":\"https:\/\/espak.ee\/epood\/toode\/pistikupesa-renova-2-ne-must\/#primaryimage\"},\"image\":{\"@id\":\"https:\/\/espak.ee\/epood\/toode\/pistikupesa-renova-2-ne-must\/#primaryimage\"},\"thumbnailUrl\":\"https:\/\/espak.ee\/epood\/wp-content\/uploads\/2024\/04\/WDE015996_IoPdef_PMP19_1500x1500.jpg\",\"datePublished\":\"2024-04-17T02:05:11+00:00\",\"dateModified\":\"2026-04-06T21:56:48+00:00\",\"breadcrumb\":{\"@id\":\"https:\/\/espak.ee\/epood\/toode\/pistikupesa-renova-2-ne-must\/#breadcrumb\"},\"inLanguage\":\"et\",\"potentialAction\":[{\"@type\":\"ReadAction\",\"target\":[\"https:\/\/espak.ee\/epood\/toode\/pistikupesa-renova-2-ne-must\/\"]}]},{\"@type\":\"ImageObject\",\"inLanguage\":\"et\",\"@id\":\"https:\/\/espak.ee\/epood\/toode\/pistikupesa-renova-2-ne-must\/#primaryimage\",\"url\":\"https:\/\/espak.ee\/epood\/wp-content\/uploads\/2024\/04\/WDE015996_IoPdef_PMP19_1500x1500.jpg\",\"contentUrl\":\"https:\/\/espak.ee\/epood\/wp-content\/uploads\/2024\/04\/WDE015996_IoPdef_PMP19_1500x1500.jpg\",\"width\":1500,\"height\":1500},{\"@type\":\"BreadcrumbList\",\"@id\":\"https:\/\/espak.ee\/epood\/toode\/pistikupesa-renova-2-ne-must\/#breadcrumb\",\"itemListElement\":[{\"@type\":\"ListItem\",\"position\":1,\"name\":\"Home\",\"item\":\"https:\/\/espak.ee\/epood\/\"},{\"@type\":\"ListItem\",\"position\":2,\"name\":\"Tootevalik\",\"item\":\"https:\/\/espak.ee\/epood\/tootevalik\/\"},{\"@type\":\"ListItem\",\"position\":3,\"name\":\"PISTIKUPESA RENOVA 2-NE MUST\"}]},{\"@type\":\"WebSite\",\"@id\":\"https:\/\/espak.ee\/epood\/#website\",\"url\":\"https:\/\/espak.ee\/epood\/\",\"name\":\"Espak E-pood\",\"description\":\"\",\"potentialAction\":[{\"@type\":\"SearchAction\",\"target\":{\"@type\":\"EntryPoint\",\"urlTemplate\":\"https:\/\/espak.ee\/epood\/?s={search_term_string}\"},\"query-input\":{\"@type\":\"PropertyValueSpecification\",\"valueRequired\":true,\"valueName\":\"search_term_string\"}}],\"inLanguage\":\"et\"}]}<\/script>\n<!-- \/ Yoast SEO plugin. -->","yoast_head_json":{"title":"PISTIKUPESA RENOVA 2-NE MUST - Espak E-pood","robots":{"index":"index","follow":"follow","max-snippet":"max-snippet:-1","max-image-preview":"max-image-preview:large","max-video-preview":"max-video-preview:-1"},"canonical":"https:\/\/espak.ee\/epood\/toode\/pistikupesa-renova-2-ne-must\/","og_locale":"et_EE","og_type":"article","og_title":"PISTIKUPESA RENOVA 2-NE MUST - Espak E-pood","og_url":"https:\/\/espak.ee\/epood\/toode\/pistikupesa-renova-2-ne-must\/","og_site_name":"Espak E-pood","article_modified_time":"2026-04-06T21:56:48+00:00","og_image":[{"width":1500,"height":1500,"url":"https:\/\/espak.ee\/epood\/wp-content\/uploads\/2024\/04\/WDE015996_IoPdef_PMP19_1500x1500.jpg","type":"image\/jpeg"}],"twitter_card":"summary_large_image","twitter_misc":{"Est. reading time":"1 minut"},"schema":{"@context":"https:\/\/schema.org","@graph":[{"@type":"WebPage","@id":"https:\/\/espak.ee\/epood\/toode\/pistikupesa-renova-2-ne-must\/","url":"https:\/\/espak.ee\/epood\/toode\/pistikupesa-renova-2-ne-must\/","name":"PISTIKUPESA RENOVA 2-NE MUST - Espak E-pood","isPartOf":{"@id":"https:\/\/espak.ee\/epood\/#website"},"primaryImageOfPage":{"@id":"https:\/\/espak.ee\/epood\/toode\/pistikupesa-renova-2-ne-must\/#primaryimage"},"image":{"@id":"https:\/\/espak.ee\/epood\/toode\/pistikupesa-renova-2-ne-must\/#primaryimage"},"thumbnailUrl":"https:\/\/espak.ee\/epood\/wp-content\/uploads\/2024\/04\/WDE015996_IoPdef_PMP19_1500x1500.jpg","datePublished":"2024-04-17T02:05:11+00:00","dateModified":"2026-04-06T21:56:48+00:00","breadcrumb":{"@id":"https:\/\/espak.ee\/epood\/toode\/pistikupesa-renova-2-ne-must\/#breadcrumb"},"inLanguage":"et","potentialAction":[{"@type":"ReadAction","target":["https:\/\/espak.ee\/epood\/toode\/pistikupesa-renova-2-ne-must\/"]}]},{"@type":"ImageObject","inLanguage":"et","@id":"https:\/\/espak.ee\/epood\/toode\/pistikupesa-renova-2-ne-must\/#primaryimage","url":"https:\/\/espak.ee\/epood\/wp-content\/uploads\/2024\/04\/WDE015996_IoPdef_PMP19_1500x1500.jpg","contentUrl":"https:\/\/espak.ee\/epood\/wp-content\/uploads\/2024\/04\/WDE015996_IoPdef_PMP19_1500x1500.jpg","width":1500,"height":1500},{"@type":"BreadcrumbList","@id":"https:\/\/espak.ee\/epood\/toode\/pistikupesa-renova-2-ne-must\/#breadcrumb","itemListElement":[{"@type":"ListItem","position":1,"name":"Home","item":"https:\/\/espak.ee\/epood\/"},{"@type":"ListItem","position":2,"name":"Tootevalik","item":"https:\/\/espak.ee\/epood\/tootevalik\/"},{"@type":"ListItem","position":3,"name":"PISTIKUPESA RENOVA 2-NE MUST"}]},{"@type":"WebSite","@id":"https:\/\/espak.ee\/epood\/#website","url":"https:\/\/espak.ee\/epood\/","name":"Espak E-pood","description":"","potentialAction":[{"@type":"SearchAction","target":{"@type":"EntryPoint","urlTemplate":"https:\/\/espak.ee\/epood\/?s={search_term_string}"},"query-input":{"@type":"PropertyValueSpecification","valueRequired":true,"valueName":"search_term_string"}}],"inLanguage":"et"}]}},"_links":{"self":[{"href":"https:\/\/espak.ee\/epood\/wp-json\/wp\/v2\/product\/195649","targetHints":{"allow":["GET"]}}],"collection":[{"href":"https:\/\/espak.ee\/epood\/wp-json\/wp\/v2\/product"}],"about":[{"href":"https:\/\/espak.ee\/epood\/wp-json\/wp\/v2\/types\/product"}],"replies":[{"embeddable":true,"href":"https:\/\/espak.ee\/epood\/wp-json\/wp\/v2\/comments?post=195649"}],"wp:featuredmedia":[{"embeddable":true,"href":"https:\/\/espak.ee\/epood\/wp-json\/wp\/v2\/media\/195801"}],"wp:attachment":[{"href":"https:\/\/espak.ee\/epood\/wp-json\/wp\/v2\/media?parent=195649"}],"wp:term":[{"taxonomy":"product_brand","embeddable":true,"href":"https:\/\/espak.ee\/epood\/wp-json\/wp\/v2\/product_brand?post=195649"},{"taxonomy":"product_cat","embeddable":true,"href":"https:\/\/espak.ee\/epood\/wp-json\/wp\/v2\/product_cat?post=195649"},{"taxonomy":"product_tag","embeddable":true,"href":"https:\/\/espak.ee\/epood\/wp-json\/wp\/v2\/product_tag?post=195649"}],"curies":[{"name":"wp","href":"https:\/\/api.w.org\/{rel}","templated":true}]}}