{"id":195640,"date":"2024-04-17T05:05:03","date_gmt":"2024-04-17T02:05:03","guid":{"rendered":"https:\/\/espak.ee\/epood\/?post_type=product&#038;p=195640"},"modified":"2024-10-04T11:16:04","modified_gmt":"2024-10-04T08:16:04","slug":"dimmer-sedna-designelements-5-200w-alumiinium","status":"publish","type":"product","link":"https:\/\/espak.ee\/epood\/toode\/dimmer-sedna-designelements-5-200w-alumiinium\/","title":{"rendered":"DIMMER SEDNA DESIGN&#038;ELEMENTS 5-200W ALUMIINIUM"},"content":{"rendered":"<div class=\"row\"  id=\"row-1990846226\">\n\n\t<div id=\"col-432695885\" class=\"col medium-9 small-12 large-9\"  >\n\t\t\t\t<div class=\"col-inner\"  >\n\t\t\t\n\t\t\t\n<h3>Dimmer s\u00fcvistatav Sedna Design&#038;Elements p\u00f6\u00f6rlev, RC\/RL 5-200W, LED, alumiinium<\/h3>\n<p>&#8211; Elektrooniline \u00fclekoormuskaitse, \u00fclekuumenemiskaitse, l\u00fchisekaitse<br \/>\n&#8211; Automaatne koormuse tuvastamine<br \/>\n&#8211; Paigaldamise ja kasutamise lihtsus, t\u00f6\u00f6kindlus ja kvaliteetne viimistlus<br \/>\n&#8211; Kaasaegsete joontega, mis peegeldavad t\u00e4nap\u00e4eva trende ja rafineeritud esteetikat<\/p>\n\t\t<\/div>\n\t\t\t\t\t<\/div>\n\n\t\n\n\t<div id=\"col-1554926206\" class=\"col medium-3 small-12 large-3\"  >\n\t\t\t\t<div class=\"col-inner\"  >\n\t\t\t\n\t\t\t\n<h3>Andmeleht<\/h3>\n<p><a href=\"https:\/\/espak.ee\/epood\/wp-content\/uploads\/2024\/04\/Schneider-Electric_Sedna-Design-Elements_SDD113502.pdf\"target=\"_blank\" rel=\"noopener noreferrer\"><i class=\"far fa-file-pdf\"><\/i> Andmeleht (PDF)<\/a><\/p>\n<h3>Paigaldusjuhend<\/h3>\n<p><a href=\"https:\/\/espak.ee\/epood\/wp-content\/uploads\/2024\/04\/SDD1xx502_SDD5xx502_HW.pdf\"target=\"_blank\" rel=\"noopener noreferrer\"><i class=\"far fa-file-pdf\"><\/i> Paigaldusjuhend (PDF)<\/a><\/p>\n<div class=\"is-divider divider clearfix\" ><\/div>\n<p><strong>\u00dcksikasjalikuma n\u00f5u saamiseks v\u00f5tke \u00fchendust:<br \/><\/strong>Schneider Electric Eesti AS<br \/>P\u00e4rnu mnt 139e-2<br \/>11317<br \/>Tallinn<br \/>+372 66 82 589<\/p>\n\t\t<\/div>\n\t\t\t\t\t<\/div>\n\n\t\n<\/div>\n","protected":false},"excerpt":{"rendered":"","protected":false},"featured_media":195765,"comment_status":"closed","ping_status":"closed","template":"","meta":[],"product_brand":[],"product_cat":[3227,2935,2934,3224],"product_tag":[],"class_list":{"0":"post-195640","1":"product","2":"type-product","3":"status-publish","4":"has-post-thumbnail","6":"product_cat-dimmerid","7":"product_cat-elektrikaubad","8":"product_cat-elektrikaubad-ja-valgustid","9":"product_cat-lulitid-ja-pistikupesad","10":"pa_kaubamark-schneider-electric-eesti-as","12":"first","13":"instock","14":"sale","15":"taxable","16":"shipping-taxable","17":"purchasable","18":"product-type-simple"},"yoast_head":"<!-- This site is optimized with the Yoast SEO plugin v26.9 - https:\/\/yoast.com\/product\/yoast-seo-wordpress\/ -->\n<title>DIMMER SEDNA DESIGN&amp;ELEMENTS 5-200W ALUMIINIUM - Espak E-pood<\/title>\n<meta name=\"robots\" content=\"index, follow, max-snippet:-1, max-image-preview:large, max-video-preview:-1\" \/>\n<link rel=\"canonical\" href=\"https:\/\/espak.ee\/epood\/toode\/dimmer-sedna-designelements-5-200w-alumiinium\/\" \/>\n<meta property=\"og:locale\" content=\"et_EE\" \/>\n<meta property=\"og:type\" content=\"article\" \/>\n<meta property=\"og:title\" content=\"DIMMER SEDNA DESIGN&amp;ELEMENTS 5-200W ALUMIINIUM - Espak E-pood\" \/>\n<meta property=\"og:url\" content=\"https:\/\/espak.ee\/epood\/toode\/dimmer-sedna-designelements-5-200w-alumiinium\/\" \/>\n<meta property=\"og:site_name\" content=\"Espak E-pood\" \/>\n<meta property=\"article:modified_time\" content=\"2024-10-04T08:16:04+00:00\" \/>\n<meta property=\"og:image\" content=\"https:\/\/espak.ee\/epood\/wp-content\/uploads\/2024\/04\/SDD113502_IOP-def_WD_1500x1500.jpg\" \/>\n\t<meta property=\"og:image:width\" content=\"1500\" \/>\n\t<meta property=\"og:image:height\" content=\"1500\" \/>\n\t<meta property=\"og:image:type\" content=\"image\/jpeg\" \/>\n<meta name=\"twitter:card\" content=\"summary_large_image\" \/>\n<script type=\"application\/ld+json\" class=\"yoast-schema-graph\">{\"@context\":\"https:\/\/schema.org\",\"@graph\":[{\"@type\":\"WebPage\",\"@id\":\"https:\/\/espak.ee\/epood\/toode\/dimmer-sedna-designelements-5-200w-alumiinium\/\",\"url\":\"https:\/\/espak.ee\/epood\/toode\/dimmer-sedna-designelements-5-200w-alumiinium\/\",\"name\":\"DIMMER SEDNA DESIGN&ELEMENTS 5-200W ALUMIINIUM - Espak E-pood\",\"isPartOf\":{\"@id\":\"https:\/\/espak.ee\/epood\/#website\"},\"primaryImageOfPage\":{\"@id\":\"https:\/\/espak.ee\/epood\/toode\/dimmer-sedna-designelements-5-200w-alumiinium\/#primaryimage\"},\"image\":{\"@id\":\"https:\/\/espak.ee\/epood\/toode\/dimmer-sedna-designelements-5-200w-alumiinium\/#primaryimage\"},\"thumbnailUrl\":\"https:\/\/espak.ee\/epood\/wp-content\/uploads\/2024\/04\/SDD113502_IOP-def_WD_1500x1500.jpg\",\"datePublished\":\"2024-04-17T02:05:03+00:00\",\"dateModified\":\"2024-10-04T08:16:04+00:00\",\"breadcrumb\":{\"@id\":\"https:\/\/espak.ee\/epood\/toode\/dimmer-sedna-designelements-5-200w-alumiinium\/#breadcrumb\"},\"inLanguage\":\"et\",\"potentialAction\":[{\"@type\":\"ReadAction\",\"target\":[\"https:\/\/espak.ee\/epood\/toode\/dimmer-sedna-designelements-5-200w-alumiinium\/\"]}]},{\"@type\":\"ImageObject\",\"inLanguage\":\"et\",\"@id\":\"https:\/\/espak.ee\/epood\/toode\/dimmer-sedna-designelements-5-200w-alumiinium\/#primaryimage\",\"url\":\"https:\/\/espak.ee\/epood\/wp-content\/uploads\/2024\/04\/SDD113502_IOP-def_WD_1500x1500.jpg\",\"contentUrl\":\"https:\/\/espak.ee\/epood\/wp-content\/uploads\/2024\/04\/SDD113502_IOP-def_WD_1500x1500.jpg\",\"width\":1500,\"height\":1500},{\"@type\":\"BreadcrumbList\",\"@id\":\"https:\/\/espak.ee\/epood\/toode\/dimmer-sedna-designelements-5-200w-alumiinium\/#breadcrumb\",\"itemListElement\":[{\"@type\":\"ListItem\",\"position\":1,\"name\":\"Home\",\"item\":\"https:\/\/espak.ee\/epood\/\"},{\"@type\":\"ListItem\",\"position\":2,\"name\":\"Tootevalik\",\"item\":\"https:\/\/espak.ee\/epood\/tootevalik\/\"},{\"@type\":\"ListItem\",\"position\":3,\"name\":\"DIMMER SEDNA DESIGN&#038;ELEMENTS 5-200W ALUMIINIUM\"}]},{\"@type\":\"WebSite\",\"@id\":\"https:\/\/espak.ee\/epood\/#website\",\"url\":\"https:\/\/espak.ee\/epood\/\",\"name\":\"Espak E-pood\",\"description\":\"\",\"potentialAction\":[{\"@type\":\"SearchAction\",\"target\":{\"@type\":\"EntryPoint\",\"urlTemplate\":\"https:\/\/espak.ee\/epood\/?s={search_term_string}\"},\"query-input\":{\"@type\":\"PropertyValueSpecification\",\"valueRequired\":true,\"valueName\":\"search_term_string\"}}],\"inLanguage\":\"et\"}]}<\/script>\n<!-- \/ Yoast SEO plugin. -->","yoast_head_json":{"title":"DIMMER SEDNA DESIGN&ELEMENTS 5-200W ALUMIINIUM - Espak E-pood","robots":{"index":"index","follow":"follow","max-snippet":"max-snippet:-1","max-image-preview":"max-image-preview:large","max-video-preview":"max-video-preview:-1"},"canonical":"https:\/\/espak.ee\/epood\/toode\/dimmer-sedna-designelements-5-200w-alumiinium\/","og_locale":"et_EE","og_type":"article","og_title":"DIMMER SEDNA DESIGN&ELEMENTS 5-200W ALUMIINIUM - Espak E-pood","og_url":"https:\/\/espak.ee\/epood\/toode\/dimmer-sedna-designelements-5-200w-alumiinium\/","og_site_name":"Espak E-pood","article_modified_time":"2024-10-04T08:16:04+00:00","og_image":[{"width":1500,"height":1500,"url":"https:\/\/espak.ee\/epood\/wp-content\/uploads\/2024\/04\/SDD113502_IOP-def_WD_1500x1500.jpg","type":"image\/jpeg"}],"twitter_card":"summary_large_image","schema":{"@context":"https:\/\/schema.org","@graph":[{"@type":"WebPage","@id":"https:\/\/espak.ee\/epood\/toode\/dimmer-sedna-designelements-5-200w-alumiinium\/","url":"https:\/\/espak.ee\/epood\/toode\/dimmer-sedna-designelements-5-200w-alumiinium\/","name":"DIMMER SEDNA DESIGN&ELEMENTS 5-200W ALUMIINIUM - Espak E-pood","isPartOf":{"@id":"https:\/\/espak.ee\/epood\/#website"},"primaryImageOfPage":{"@id":"https:\/\/espak.ee\/epood\/toode\/dimmer-sedna-designelements-5-200w-alumiinium\/#primaryimage"},"image":{"@id":"https:\/\/espak.ee\/epood\/toode\/dimmer-sedna-designelements-5-200w-alumiinium\/#primaryimage"},"thumbnailUrl":"https:\/\/espak.ee\/epood\/wp-content\/uploads\/2024\/04\/SDD113502_IOP-def_WD_1500x1500.jpg","datePublished":"2024-04-17T02:05:03+00:00","dateModified":"2024-10-04T08:16:04+00:00","breadcrumb":{"@id":"https:\/\/espak.ee\/epood\/toode\/dimmer-sedna-designelements-5-200w-alumiinium\/#breadcrumb"},"inLanguage":"et","potentialAction":[{"@type":"ReadAction","target":["https:\/\/espak.ee\/epood\/toode\/dimmer-sedna-designelements-5-200w-alumiinium\/"]}]},{"@type":"ImageObject","inLanguage":"et","@id":"https:\/\/espak.ee\/epood\/toode\/dimmer-sedna-designelements-5-200w-alumiinium\/#primaryimage","url":"https:\/\/espak.ee\/epood\/wp-content\/uploads\/2024\/04\/SDD113502_IOP-def_WD_1500x1500.jpg","contentUrl":"https:\/\/espak.ee\/epood\/wp-content\/uploads\/2024\/04\/SDD113502_IOP-def_WD_1500x1500.jpg","width":1500,"height":1500},{"@type":"BreadcrumbList","@id":"https:\/\/espak.ee\/epood\/toode\/dimmer-sedna-designelements-5-200w-alumiinium\/#breadcrumb","itemListElement":[{"@type":"ListItem","position":1,"name":"Home","item":"https:\/\/espak.ee\/epood\/"},{"@type":"ListItem","position":2,"name":"Tootevalik","item":"https:\/\/espak.ee\/epood\/tootevalik\/"},{"@type":"ListItem","position":3,"name":"DIMMER SEDNA DESIGN&#038;ELEMENTS 5-200W ALUMIINIUM"}]},{"@type":"WebSite","@id":"https:\/\/espak.ee\/epood\/#website","url":"https:\/\/espak.ee\/epood\/","name":"Espak E-pood","description":"","potentialAction":[{"@type":"SearchAction","target":{"@type":"EntryPoint","urlTemplate":"https:\/\/espak.ee\/epood\/?s={search_term_string}"},"query-input":{"@type":"PropertyValueSpecification","valueRequired":true,"valueName":"search_term_string"}}],"inLanguage":"et"}]}},"_links":{"self":[{"href":"https:\/\/espak.ee\/epood\/wp-json\/wp\/v2\/product\/195640","targetHints":{"allow":["GET"]}}],"collection":[{"href":"https:\/\/espak.ee\/epood\/wp-json\/wp\/v2\/product"}],"about":[{"href":"https:\/\/espak.ee\/epood\/wp-json\/wp\/v2\/types\/product"}],"replies":[{"embeddable":true,"href":"https:\/\/espak.ee\/epood\/wp-json\/wp\/v2\/comments?post=195640"}],"wp:featuredmedia":[{"embeddable":true,"href":"https:\/\/espak.ee\/epood\/wp-json\/wp\/v2\/media\/195765"}],"wp:attachment":[{"href":"https:\/\/espak.ee\/epood\/wp-json\/wp\/v2\/media?parent=195640"}],"wp:term":[{"taxonomy":"product_brand","embeddable":true,"href":"https:\/\/espak.ee\/epood\/wp-json\/wp\/v2\/product_brand?post=195640"},{"taxonomy":"product_cat","embeddable":true,"href":"https:\/\/espak.ee\/epood\/wp-json\/wp\/v2\/product_cat?post=195640"},{"taxonomy":"product_tag","embeddable":true,"href":"https:\/\/espak.ee\/epood\/wp-json\/wp\/v2\/product_tag?post=195640"}],"curies":[{"name":"wp","href":"https:\/\/api.w.org\/{rel}","templated":true}]}}