{"id":194876,"date":"2024-04-11T05:05:02","date_gmt":"2024-04-11T02:05:02","guid":{"rendered":"https:\/\/espak.ee\/epood\/?post_type=product&#038;p=194876"},"modified":"2024-04-11T10:33:05","modified_gmt":"2024-04-11T07:33:05","slug":"valamusegisti-damixa-tradition-poleeritud-vask","status":"publish","type":"product","link":"https:\/\/espak.ee\/epood\/toode\/valamusegisti-damixa-tradition-poleeritud-vask\/","title":{"rendered":"VALAMUSEGISTI DAMIXA TRADITION POLEERITUD VASK"},"content":{"rendered":"<div class=\"row\"  id=\"row-384136808\">\n\n\t<div id=\"col-135939290\" class=\"col medium-9 small-12 large-9\"  >\n\t\t\t\t<div class=\"col-inner\"  >\n\t\t\t\n\t\t\t\n<h3>Valamusegisti Damixa Tradition poleeritud vask<\/h3>\n<p>Minnes ajas tagasi n\u00e4gid segistid k\u00fcmneid aastaid samamoodi v\u00e4lja nagu Tradition. See oli sinnamaani kuni me astusime sammu edasi ja laiendasime oma tootevalikut uut t\u00fc\u00fcpi segistitega- s\u00fcndis \u00fche k\u00e4epidemega kangsegisti Tradition, millel on sees moderne Damixa tehnoloogia. N\u00fc\u00fcd saab valida klassika ja \u201cmodernse klassika\u201d vahel. Peale kroomitud viimistluse on seda seeriat saadaval ka poleeritud messing ja poleeritud vase viimistluses.<\/p>\n<div class=\"message-box relative\" style=\"padding-top:15px;padding-bottom:15px;\"><div class=\"message-box-bg-image bg-fill fill\" ><\/div><div class=\"message-box-bg-overlay bg-fill fill\" ><\/div><div class=\"container relative\"><div class=\"inner last-reset\">\n<div class=\"row align-middle align-center\"  id=\"row-97980862\">\n\n\t<div id=\"col-113852472\" class=\"col small-12 large-12\"  >\n\t\t\t\t<div class=\"col-inner text-left\"  >\n\t\t\t\n\t\t\t\n<h4>Omadused<\/h4>\n<div class=\"row\"  id=\"row-124561862\">\n\n\t<div id=\"col-2022023229\" class=\"col medium-6 small-12 large-6\"  >\n\t\t\t\t<div class=\"col-inner\"  >\n\t\t\t\n\t\t\t\n<p><i class=\"fa fa-check fa-2x\"><\/i> <strong> 1 k\u00e4epide<\/strong><\/p>\n<p><i class=\"fa fa-check fa-2x\"><\/i> <strong> Keraamiline t\u00f6\u00f6organ<\/strong><\/p>\n<p><i class=\"fa fa-check fa-2x\"><\/i> <strong> Kummiaeraator &#8211; lihtne puhastada<\/strong><\/p>\n\t\t<\/div>\n\t\t\t\t\n<style>\n#col-2022023229 > .col-inner {\n  margin: 0px 0px 15px 0px;\n}\n<\/style>\n\t<\/div>\n\n\t\n\n\t<div id=\"col-1009662124\" class=\"col medium-6 small-12 large-6\"  >\n\t\t\t\t<div class=\"col-inner\"  >\n\t\t\t\n\t\t\t\n<p><i class=\"fa fa-check fa-2x\"><\/i> <strong> P\u00f5letuskaitsega (38\u00baC)<\/strong><\/p>\n<p><i class=\"fa fa-check fa-2x\"><\/i> <strong> Veekulu max.12 l\/min<\/strong><\/p>\n<p><i class=\"fa fa-check fa-2x\"><\/i> <strong> Vees\u00e4\u00e4stu funktsioon Eco-Save<\/strong><\/p>\n\t\t<\/div>\n\t\t\t\t\n<style>\n#col-1009662124 > .col-inner {\n  margin: 0px 0px 15px 0px;\n}\n<\/style>\n\t<\/div>\n\n\t\n<\/div>\n\t\t<\/div>\n\t\t\t\t\t<\/div>\n\n\t\n<\/div>\n<\/div><\/div><\/div>\n\t\t<\/div>\n\t\t\t\t\t<\/div>\n\n\t\n\n\t<div id=\"col-765491770\" class=\"col medium-3 small-12 large-3\"  >\n\t\t\t\t<div class=\"col-inner\"  >\n\t\t\t\n\t\t\t\n<h3>Paigaldusjuhend<\/h3>\n<p><a href=\"https:\/\/espak.ee\/epood\/wp-content\/uploads\/2024\/04\/20142.00.pdf\"target=\"_blank\" rel=\"noopener noreferrer\"><i class=\"far fa-file-pdf\"><\/i> Paigaldusjuhend (PDF)<\/a><\/p>\n<h3>Hooldusjuhend<\/h3>\n<p><a href=\"https:\/\/espak.ee\/epood\/wp-content\/uploads\/2024\/04\/12676.00.pdf\"target=\"_blank\" rel=\"noopener noreferrer\"><i class=\"far fa-file-pdf\"><\/i> Hooldusjuhend (PDF)<\/a><\/p>\n\t<div id=\"gap-1078962643\" class=\"gap-element clearfix\" style=\"display:block; height:auto;\">\n\t\t\n<style>\n#gap-1078962643 {\n  padding-top: 30px;\n}\n<\/style>\n\t<\/div>\n\t\n<p><strong>\u00dcksikasjalikuma n\u00f5u saamiseks v\u00f5tke \u00fchendust:<br \/><\/strong>Hals Interiors <br \/>Kivik\u00fclvi 8<br \/>12919<br \/>Tallinn<br \/>+372 71 51 400<\/p>\n\t\t<\/div>\n\t\t\t\t\t<\/div>\n\n\t\n<\/div>\n","protected":false},"excerpt":{"rendered":"","protected":false},"featured_media":194922,"comment_status":"closed","ping_status":"closed","template":"","meta":[],"product_brand":[],"product_cat":[2819,2820,2821,2827],"product_tag":[],"class_list":{"0":"post-194876","1":"product","2":"type-product","3":"status-publish","4":"has-post-thumbnail","6":"product_cat-sanitaartehnika","7":"product_cat-sanitaartehnika-sanitaartehnika","8":"product_cat-segistid","9":"product_cat-valamusegistid","10":"pa_kaubamark-hals-interiors-ou","12":"first","13":"instock","14":"sale","15":"taxable","16":"shipping-taxable","17":"purchasable","18":"product-type-simple"},"yoast_head":"<!-- This site is optimized with the Yoast SEO plugin v26.9 - https:\/\/yoast.com\/product\/yoast-seo-wordpress\/ -->\n<title>VALAMUSEGISTI DAMIXA TRADITION POLEERITUD VASK - Espak E-pood<\/title>\n<meta name=\"robots\" content=\"index, follow, max-snippet:-1, max-image-preview:large, max-video-preview:-1\" \/>\n<link rel=\"canonical\" href=\"https:\/\/espak.ee\/epood\/toode\/valamusegisti-damixa-tradition-poleeritud-vask\/\" \/>\n<meta property=\"og:locale\" content=\"et_EE\" \/>\n<meta property=\"og:type\" content=\"article\" \/>\n<meta property=\"og:title\" content=\"VALAMUSEGISTI DAMIXA TRADITION POLEERITUD VASK - Espak E-pood\" \/>\n<meta property=\"og:url\" content=\"https:\/\/espak.ee\/epood\/toode\/valamusegisti-damixa-tradition-poleeritud-vask\/\" \/>\n<meta property=\"og:site_name\" content=\"Espak E-pood\" \/>\n<meta property=\"article:modified_time\" content=\"2024-04-11T07:33:05+00:00\" \/>\n<meta property=\"og:image\" content=\"https:\/\/espak.ee\/epood\/wp-content\/uploads\/2024\/04\/37034.80_tradition_1-grip_basin_Copper.jpg\" \/>\n\t<meta property=\"og:image:width\" content=\"1000\" \/>\n\t<meta property=\"og:image:height\" content=\"1000\" \/>\n\t<meta property=\"og:image:type\" content=\"image\/jpeg\" \/>\n<meta name=\"twitter:card\" content=\"summary_large_image\" \/>\n<meta name=\"twitter:label1\" content=\"Est. reading time\" \/>\n\t<meta name=\"twitter:data1\" content=\"1 minut\" \/>\n<script type=\"application\/ld+json\" class=\"yoast-schema-graph\">{\"@context\":\"https:\/\/schema.org\",\"@graph\":[{\"@type\":\"WebPage\",\"@id\":\"https:\/\/espak.ee\/epood\/toode\/valamusegisti-damixa-tradition-poleeritud-vask\/\",\"url\":\"https:\/\/espak.ee\/epood\/toode\/valamusegisti-damixa-tradition-poleeritud-vask\/\",\"name\":\"VALAMUSEGISTI DAMIXA TRADITION POLEERITUD VASK - Espak E-pood\",\"isPartOf\":{\"@id\":\"https:\/\/espak.ee\/epood\/#website\"},\"primaryImageOfPage\":{\"@id\":\"https:\/\/espak.ee\/epood\/toode\/valamusegisti-damixa-tradition-poleeritud-vask\/#primaryimage\"},\"image\":{\"@id\":\"https:\/\/espak.ee\/epood\/toode\/valamusegisti-damixa-tradition-poleeritud-vask\/#primaryimage\"},\"thumbnailUrl\":\"https:\/\/espak.ee\/epood\/wp-content\/uploads\/2024\/04\/37034.80_tradition_1-grip_basin_Copper.jpg\",\"datePublished\":\"2024-04-11T02:05:02+00:00\",\"dateModified\":\"2024-04-11T07:33:05+00:00\",\"breadcrumb\":{\"@id\":\"https:\/\/espak.ee\/epood\/toode\/valamusegisti-damixa-tradition-poleeritud-vask\/#breadcrumb\"},\"inLanguage\":\"et\",\"potentialAction\":[{\"@type\":\"ReadAction\",\"target\":[\"https:\/\/espak.ee\/epood\/toode\/valamusegisti-damixa-tradition-poleeritud-vask\/\"]}]},{\"@type\":\"ImageObject\",\"inLanguage\":\"et\",\"@id\":\"https:\/\/espak.ee\/epood\/toode\/valamusegisti-damixa-tradition-poleeritud-vask\/#primaryimage\",\"url\":\"https:\/\/espak.ee\/epood\/wp-content\/uploads\/2024\/04\/37034.80_tradition_1-grip_basin_Copper.jpg\",\"contentUrl\":\"https:\/\/espak.ee\/epood\/wp-content\/uploads\/2024\/04\/37034.80_tradition_1-grip_basin_Copper.jpg\",\"width\":1000,\"height\":1000},{\"@type\":\"BreadcrumbList\",\"@id\":\"https:\/\/espak.ee\/epood\/toode\/valamusegisti-damixa-tradition-poleeritud-vask\/#breadcrumb\",\"itemListElement\":[{\"@type\":\"ListItem\",\"position\":1,\"name\":\"Home\",\"item\":\"https:\/\/espak.ee\/epood\/\"},{\"@type\":\"ListItem\",\"position\":2,\"name\":\"Tootevalik\",\"item\":\"https:\/\/espak.ee\/epood\/tootevalik\/\"},{\"@type\":\"ListItem\",\"position\":3,\"name\":\"VALAMUSEGISTI DAMIXA TRADITION POLEERITUD VASK\"}]},{\"@type\":\"WebSite\",\"@id\":\"https:\/\/espak.ee\/epood\/#website\",\"url\":\"https:\/\/espak.ee\/epood\/\",\"name\":\"Espak E-pood\",\"description\":\"\",\"potentialAction\":[{\"@type\":\"SearchAction\",\"target\":{\"@type\":\"EntryPoint\",\"urlTemplate\":\"https:\/\/espak.ee\/epood\/?s={search_term_string}\"},\"query-input\":{\"@type\":\"PropertyValueSpecification\",\"valueRequired\":true,\"valueName\":\"search_term_string\"}}],\"inLanguage\":\"et\"}]}<\/script>\n<!-- \/ Yoast SEO plugin. -->","yoast_head_json":{"title":"VALAMUSEGISTI DAMIXA TRADITION POLEERITUD VASK - Espak E-pood","robots":{"index":"index","follow":"follow","max-snippet":"max-snippet:-1","max-image-preview":"max-image-preview:large","max-video-preview":"max-video-preview:-1"},"canonical":"https:\/\/espak.ee\/epood\/toode\/valamusegisti-damixa-tradition-poleeritud-vask\/","og_locale":"et_EE","og_type":"article","og_title":"VALAMUSEGISTI DAMIXA TRADITION POLEERITUD VASK - Espak E-pood","og_url":"https:\/\/espak.ee\/epood\/toode\/valamusegisti-damixa-tradition-poleeritud-vask\/","og_site_name":"Espak E-pood","article_modified_time":"2024-04-11T07:33:05+00:00","og_image":[{"width":1000,"height":1000,"url":"https:\/\/espak.ee\/epood\/wp-content\/uploads\/2024\/04\/37034.80_tradition_1-grip_basin_Copper.jpg","type":"image\/jpeg"}],"twitter_card":"summary_large_image","twitter_misc":{"Est. reading time":"1 minut"},"schema":{"@context":"https:\/\/schema.org","@graph":[{"@type":"WebPage","@id":"https:\/\/espak.ee\/epood\/toode\/valamusegisti-damixa-tradition-poleeritud-vask\/","url":"https:\/\/espak.ee\/epood\/toode\/valamusegisti-damixa-tradition-poleeritud-vask\/","name":"VALAMUSEGISTI DAMIXA TRADITION POLEERITUD VASK - Espak E-pood","isPartOf":{"@id":"https:\/\/espak.ee\/epood\/#website"},"primaryImageOfPage":{"@id":"https:\/\/espak.ee\/epood\/toode\/valamusegisti-damixa-tradition-poleeritud-vask\/#primaryimage"},"image":{"@id":"https:\/\/espak.ee\/epood\/toode\/valamusegisti-damixa-tradition-poleeritud-vask\/#primaryimage"},"thumbnailUrl":"https:\/\/espak.ee\/epood\/wp-content\/uploads\/2024\/04\/37034.80_tradition_1-grip_basin_Copper.jpg","datePublished":"2024-04-11T02:05:02+00:00","dateModified":"2024-04-11T07:33:05+00:00","breadcrumb":{"@id":"https:\/\/espak.ee\/epood\/toode\/valamusegisti-damixa-tradition-poleeritud-vask\/#breadcrumb"},"inLanguage":"et","potentialAction":[{"@type":"ReadAction","target":["https:\/\/espak.ee\/epood\/toode\/valamusegisti-damixa-tradition-poleeritud-vask\/"]}]},{"@type":"ImageObject","inLanguage":"et","@id":"https:\/\/espak.ee\/epood\/toode\/valamusegisti-damixa-tradition-poleeritud-vask\/#primaryimage","url":"https:\/\/espak.ee\/epood\/wp-content\/uploads\/2024\/04\/37034.80_tradition_1-grip_basin_Copper.jpg","contentUrl":"https:\/\/espak.ee\/epood\/wp-content\/uploads\/2024\/04\/37034.80_tradition_1-grip_basin_Copper.jpg","width":1000,"height":1000},{"@type":"BreadcrumbList","@id":"https:\/\/espak.ee\/epood\/toode\/valamusegisti-damixa-tradition-poleeritud-vask\/#breadcrumb","itemListElement":[{"@type":"ListItem","position":1,"name":"Home","item":"https:\/\/espak.ee\/epood\/"},{"@type":"ListItem","position":2,"name":"Tootevalik","item":"https:\/\/espak.ee\/epood\/tootevalik\/"},{"@type":"ListItem","position":3,"name":"VALAMUSEGISTI DAMIXA TRADITION POLEERITUD VASK"}]},{"@type":"WebSite","@id":"https:\/\/espak.ee\/epood\/#website","url":"https:\/\/espak.ee\/epood\/","name":"Espak E-pood","description":"","potentialAction":[{"@type":"SearchAction","target":{"@type":"EntryPoint","urlTemplate":"https:\/\/espak.ee\/epood\/?s={search_term_string}"},"query-input":{"@type":"PropertyValueSpecification","valueRequired":true,"valueName":"search_term_string"}}],"inLanguage":"et"}]}},"_links":{"self":[{"href":"https:\/\/espak.ee\/epood\/wp-json\/wp\/v2\/product\/194876","targetHints":{"allow":["GET"]}}],"collection":[{"href":"https:\/\/espak.ee\/epood\/wp-json\/wp\/v2\/product"}],"about":[{"href":"https:\/\/espak.ee\/epood\/wp-json\/wp\/v2\/types\/product"}],"replies":[{"embeddable":true,"href":"https:\/\/espak.ee\/epood\/wp-json\/wp\/v2\/comments?post=194876"}],"wp:featuredmedia":[{"embeddable":true,"href":"https:\/\/espak.ee\/epood\/wp-json\/wp\/v2\/media\/194922"}],"wp:attachment":[{"href":"https:\/\/espak.ee\/epood\/wp-json\/wp\/v2\/media?parent=194876"}],"wp:term":[{"taxonomy":"product_brand","embeddable":true,"href":"https:\/\/espak.ee\/epood\/wp-json\/wp\/v2\/product_brand?post=194876"},{"taxonomy":"product_cat","embeddable":true,"href":"https:\/\/espak.ee\/epood\/wp-json\/wp\/v2\/product_cat?post=194876"},{"taxonomy":"product_tag","embeddable":true,"href":"https:\/\/espak.ee\/epood\/wp-json\/wp\/v2\/product_tag?post=194876"}],"curies":[{"name":"wp","href":"https:\/\/api.w.org\/{rel}","templated":true}]}}