{"id":194685,"date":"2024-04-10T05:05:03","date_gmt":"2024-04-10T02:05:03","guid":{"rendered":"https:\/\/espak.ee\/epood\/?post_type=product&#038;p=194685"},"modified":"2024-04-10T10:51:09","modified_gmt":"2024-04-10T07:51:09","slug":"dusikomplekt-damixa-pine-plus-must","status":"publish","type":"product","link":"https:\/\/espak.ee\/epood\/toode\/dusikomplekt-damixa-pine-plus-must\/","title":{"rendered":"DU\u0160IKOMPLEKT DAMIXA PINE PLUS MUST"},"content":{"rendered":"<div class=\"row\"  id=\"row-1106044227\">\n\n\t<div id=\"col-367331099\" class=\"col medium-9 small-12 large-9\"  >\n\t\t\t\t<div class=\"col-inner\"  >\n\t\t\t\n\t\t\t\n<h3>Du\u0161ikomplekt Damixa Pine Plus matt must<\/h3>\n<p>Segisti ei pea alati olema \u00fcmarate joontega. Pine paistab v\u00e4lja just oma erilise v\u00e4limusega. Pine juures saab kandiline ja terav kokku pehme ja \u00fcmaraga mis v\u00f5ib \u00fchel p\u00e4eval muutuda disaini klassikuks. Stiilsed ja s\u00e4\u00e4stvad omadused on selle segisti puhul kokku p\u00f5imunud.<\/p>\n<div class=\"message-box relative\" style=\"padding-top:15px;padding-bottom:15px;\"><div class=\"message-box-bg-image bg-fill fill\" ><\/div><div class=\"message-box-bg-overlay bg-fill fill\" ><\/div><div class=\"container relative\"><div class=\"inner last-reset\">\n<div class=\"row align-middle align-center\"  id=\"row-1118112051\">\n\n\t<div id=\"col-1773969935\" class=\"col small-12 large-12\"  >\n\t\t\t\t<div class=\"col-inner text-left\"  >\n\t\t\t\n\t\t\t\n<h4>Omadused<\/h4>\n<div class=\"row\"  id=\"row-1800072556\">\n\n\t<div id=\"col-885527955\" class=\"col medium-6 small-12 large-6\"  >\n\t\t\t\t<div class=\"col-inner\"  >\n\t\t\t\n\t\t\t\n<p><i class=\"fa fa-check fa-2x\"><\/i> <strong> Integreeritud diverter<\/strong><\/p>\n<p><i class=\"fa fa-check fa-2x\"><\/i> <strong> P\u00f5letuskaitse<\/strong><\/p>\n<p><i class=\"fa fa-check fa-2x\"><\/i> <strong> Rub Clean -pihustite puhastamine<\/strong><\/p>\n\t\t<\/div>\n\t\t\t\t\n<style>\n#col-885527955 > .col-inner {\n  margin: 0px 0px 15px 0px;\n}\n<\/style>\n\t<\/div>\n\n\t\n\n\t<div id=\"col-186154323\" class=\"col medium-6 small-12 large-6\"  >\n\t\t\t\t<div class=\"col-inner\"  >\n\t\t\t\n\t\t\t\n<p><i class=\"fa fa-check fa-2x\"><\/i> <strong> 3 pihustusre\u017eiimi<\/strong><\/p>\n<p><i class=\"fa fa-check fa-2x\"><\/i> <strong> Eco-Save<\/strong><\/p>\n\t\t<\/div>\n\t\t\t\t\n<style>\n#col-186154323 > .col-inner {\n  margin: 0px 0px 15px 0px;\n}\n<\/style>\n\t<\/div>\n\n\t\n<\/div>\n\t\t<\/div>\n\t\t\t\t\t<\/div>\n\n\t\n<\/div>\n<\/div><\/div><\/div>\n\t<div id=\"gap-1340208771\" class=\"gap-element clearfix\" style=\"display:block; height:auto;\">\n\t\t\n<style>\n#gap-1340208771 {\n  padding-top: 30px;\n}\n<\/style>\n\t<\/div>\n\t\n<p>&#8211; Keraamiline t\u00f6\u00f6organ<br \/>\n&#8211; Vihmadu\u0161\u0161 max. 9 l\/m \/ K\u00e4sidu\u0161\u0161 max. 6 l\/m<br \/>\n&#8211; \u00dcmberl\u00fcliti<br \/>\n&#8211; Standardne tsentrite vahe 150 mm<br \/>\n&#8211; Varustatud 3\/4&#8243; ilukatete ja ekstsentrikutega<br \/>\n&#8211; 3 pihustusviisi<br \/>\n&#8211; 1500 mm du\u0161ivoolik metallkattega.<br \/>\n&#8211; Sisaldab 200 mm peadu\u0161\u0161i, k\u00e4sidu\u0161\u0161i ja voolikut<\/p>\n\t\t<\/div>\n\t\t\t\t\t<\/div>\n\n\t\n\n\t<div id=\"col-1327833793\" class=\"col medium-3 small-12 large-3\"  >\n\t\t\t\t<div class=\"col-inner\"  >\n\t\t\t\n\t\t\t\n<h3>Paigaldusjuhend<\/h3>\n<p><a href=\"https:\/\/espak.ee\/epood\/wp-content\/uploads\/2024\/04\/20145.00.pdf\"target=\"_blank\" rel=\"noopener noreferrer\"><i class=\"far fa-file-pdf\"><\/i> Paigaldusjuhend (PDF)<\/a><\/p>\n<h3>Hooldusjuhend<\/h3>\n<p><a href=\"https:\/\/espak.ee\/epood\/wp-content\/uploads\/2024\/04\/12676.00.pdf\"target=\"_blank\" rel=\"noopener noreferrer\"><i class=\"far fa-file-pdf\"><\/i> Hooldusjuhend (PDF)<\/a><\/p>\n\t<div id=\"gap-269109892\" class=\"gap-element clearfix\" style=\"display:block; height:auto;\">\n\t\t\n<style>\n#gap-269109892 {\n  padding-top: 30px;\n}\n<\/style>\n\t<\/div>\n\t\n<p><strong>\u00dcksikasjalikuma n\u00f5u saamiseks v\u00f5tke \u00fchendust:<br \/><\/strong>Hals Interiors <br \/>Kivik\u00fclvi 8<br \/>12919<br \/>Tallinn<br \/>+372 71 51 400<\/p>\n\t\t<\/div>\n\t\t\t\t\t<\/div>\n\n\t\n<\/div>\n","protected":false},"excerpt":{"rendered":"","protected":false},"featured_media":194727,"comment_status":"closed","ping_status":"closed","template":"","meta":[],"product_brand":[],"product_cat":[2823,2819,2820,2821],"product_tag":[],"class_list":{"0":"post-194685","1":"product","2":"type-product","3":"status-publish","4":"has-post-thumbnail","6":"product_cat-dusisegistite-komplektid","7":"product_cat-sanitaartehnika","8":"product_cat-sanitaartehnika-sanitaartehnika","9":"product_cat-segistid","10":"pa_kaubamark-hals-interiors-ou","12":"first","13":"outofstock","14":"sale","15":"taxable","16":"shipping-taxable","17":"purchasable","18":"product-type-simple"},"yoast_head":"<!-- This site is optimized with the Yoast SEO plugin v26.9 - https:\/\/yoast.com\/product\/yoast-seo-wordpress\/ -->\n<title>DU\u0160IKOMPLEKT DAMIXA PINE PLUS MUST - Espak E-pood<\/title>\n<meta name=\"robots\" content=\"index, follow, max-snippet:-1, max-image-preview:large, max-video-preview:-1\" \/>\n<link rel=\"canonical\" href=\"https:\/\/espak.ee\/epood\/toode\/dusikomplekt-damixa-pine-plus-must\/\" \/>\n<meta property=\"og:locale\" content=\"et_EE\" \/>\n<meta property=\"og:type\" content=\"article\" \/>\n<meta property=\"og:title\" content=\"DU\u0160IKOMPLEKT DAMIXA PINE PLUS MUST - Espak E-pood\" \/>\n<meta property=\"og:url\" content=\"https:\/\/espak.ee\/epood\/toode\/dusikomplekt-damixa-pine-plus-must\/\" \/>\n<meta property=\"og:site_name\" content=\"Espak E-pood\" \/>\n<meta property=\"article:modified_time\" content=\"2024-04-10T07:51:09+00:00\" \/>\n<meta property=\"og:image\" content=\"https:\/\/espak.ee\/epood\/wp-content\/uploads\/2024\/04\/5797061_Pine_Shower_System_Matt_Black.jpg\" \/>\n\t<meta property=\"og:image:width\" content=\"1000\" \/>\n\t<meta property=\"og:image:height\" content=\"1000\" \/>\n\t<meta property=\"og:image:type\" content=\"image\/jpeg\" \/>\n<meta name=\"twitter:card\" content=\"summary_large_image\" \/>\n<meta name=\"twitter:label1\" content=\"Est. reading time\" \/>\n\t<meta name=\"twitter:data1\" content=\"1 minut\" \/>\n<script type=\"application\/ld+json\" class=\"yoast-schema-graph\">{\"@context\":\"https:\/\/schema.org\",\"@graph\":[{\"@type\":\"WebPage\",\"@id\":\"https:\/\/espak.ee\/epood\/toode\/dusikomplekt-damixa-pine-plus-must\/\",\"url\":\"https:\/\/espak.ee\/epood\/toode\/dusikomplekt-damixa-pine-plus-must\/\",\"name\":\"DU\u0160IKOMPLEKT DAMIXA PINE PLUS MUST - Espak E-pood\",\"isPartOf\":{\"@id\":\"https:\/\/espak.ee\/epood\/#website\"},\"primaryImageOfPage\":{\"@id\":\"https:\/\/espak.ee\/epood\/toode\/dusikomplekt-damixa-pine-plus-must\/#primaryimage\"},\"image\":{\"@id\":\"https:\/\/espak.ee\/epood\/toode\/dusikomplekt-damixa-pine-plus-must\/#primaryimage\"},\"thumbnailUrl\":\"https:\/\/espak.ee\/epood\/wp-content\/uploads\/2024\/04\/5797061_Pine_Shower_System_Matt_Black.jpg\",\"datePublished\":\"2024-04-10T02:05:03+00:00\",\"dateModified\":\"2024-04-10T07:51:09+00:00\",\"breadcrumb\":{\"@id\":\"https:\/\/espak.ee\/epood\/toode\/dusikomplekt-damixa-pine-plus-must\/#breadcrumb\"},\"inLanguage\":\"et\",\"potentialAction\":[{\"@type\":\"ReadAction\",\"target\":[\"https:\/\/espak.ee\/epood\/toode\/dusikomplekt-damixa-pine-plus-must\/\"]}]},{\"@type\":\"ImageObject\",\"inLanguage\":\"et\",\"@id\":\"https:\/\/espak.ee\/epood\/toode\/dusikomplekt-damixa-pine-plus-must\/#primaryimage\",\"url\":\"https:\/\/espak.ee\/epood\/wp-content\/uploads\/2024\/04\/5797061_Pine_Shower_System_Matt_Black.jpg\",\"contentUrl\":\"https:\/\/espak.ee\/epood\/wp-content\/uploads\/2024\/04\/5797061_Pine_Shower_System_Matt_Black.jpg\",\"width\":1000,\"height\":1000},{\"@type\":\"BreadcrumbList\",\"@id\":\"https:\/\/espak.ee\/epood\/toode\/dusikomplekt-damixa-pine-plus-must\/#breadcrumb\",\"itemListElement\":[{\"@type\":\"ListItem\",\"position\":1,\"name\":\"Home\",\"item\":\"https:\/\/espak.ee\/epood\/\"},{\"@type\":\"ListItem\",\"position\":2,\"name\":\"Tootevalik\",\"item\":\"https:\/\/espak.ee\/epood\/tootevalik\/\"},{\"@type\":\"ListItem\",\"position\":3,\"name\":\"DU\u0160IKOMPLEKT DAMIXA PINE PLUS MUST\"}]},{\"@type\":\"WebSite\",\"@id\":\"https:\/\/espak.ee\/epood\/#website\",\"url\":\"https:\/\/espak.ee\/epood\/\",\"name\":\"Espak E-pood\",\"description\":\"\",\"potentialAction\":[{\"@type\":\"SearchAction\",\"target\":{\"@type\":\"EntryPoint\",\"urlTemplate\":\"https:\/\/espak.ee\/epood\/?s={search_term_string}\"},\"query-input\":{\"@type\":\"PropertyValueSpecification\",\"valueRequired\":true,\"valueName\":\"search_term_string\"}}],\"inLanguage\":\"et\"}]}<\/script>\n<!-- \/ Yoast SEO plugin. -->","yoast_head_json":{"title":"DU\u0160IKOMPLEKT DAMIXA PINE PLUS MUST - Espak E-pood","robots":{"index":"index","follow":"follow","max-snippet":"max-snippet:-1","max-image-preview":"max-image-preview:large","max-video-preview":"max-video-preview:-1"},"canonical":"https:\/\/espak.ee\/epood\/toode\/dusikomplekt-damixa-pine-plus-must\/","og_locale":"et_EE","og_type":"article","og_title":"DU\u0160IKOMPLEKT DAMIXA PINE PLUS MUST - Espak E-pood","og_url":"https:\/\/espak.ee\/epood\/toode\/dusikomplekt-damixa-pine-plus-must\/","og_site_name":"Espak E-pood","article_modified_time":"2024-04-10T07:51:09+00:00","og_image":[{"width":1000,"height":1000,"url":"https:\/\/espak.ee\/epood\/wp-content\/uploads\/2024\/04\/5797061_Pine_Shower_System_Matt_Black.jpg","type":"image\/jpeg"}],"twitter_card":"summary_large_image","twitter_misc":{"Est. reading time":"1 minut"},"schema":{"@context":"https:\/\/schema.org","@graph":[{"@type":"WebPage","@id":"https:\/\/espak.ee\/epood\/toode\/dusikomplekt-damixa-pine-plus-must\/","url":"https:\/\/espak.ee\/epood\/toode\/dusikomplekt-damixa-pine-plus-must\/","name":"DU\u0160IKOMPLEKT DAMIXA PINE PLUS MUST - Espak E-pood","isPartOf":{"@id":"https:\/\/espak.ee\/epood\/#website"},"primaryImageOfPage":{"@id":"https:\/\/espak.ee\/epood\/toode\/dusikomplekt-damixa-pine-plus-must\/#primaryimage"},"image":{"@id":"https:\/\/espak.ee\/epood\/toode\/dusikomplekt-damixa-pine-plus-must\/#primaryimage"},"thumbnailUrl":"https:\/\/espak.ee\/epood\/wp-content\/uploads\/2024\/04\/5797061_Pine_Shower_System_Matt_Black.jpg","datePublished":"2024-04-10T02:05:03+00:00","dateModified":"2024-04-10T07:51:09+00:00","breadcrumb":{"@id":"https:\/\/espak.ee\/epood\/toode\/dusikomplekt-damixa-pine-plus-must\/#breadcrumb"},"inLanguage":"et","potentialAction":[{"@type":"ReadAction","target":["https:\/\/espak.ee\/epood\/toode\/dusikomplekt-damixa-pine-plus-must\/"]}]},{"@type":"ImageObject","inLanguage":"et","@id":"https:\/\/espak.ee\/epood\/toode\/dusikomplekt-damixa-pine-plus-must\/#primaryimage","url":"https:\/\/espak.ee\/epood\/wp-content\/uploads\/2024\/04\/5797061_Pine_Shower_System_Matt_Black.jpg","contentUrl":"https:\/\/espak.ee\/epood\/wp-content\/uploads\/2024\/04\/5797061_Pine_Shower_System_Matt_Black.jpg","width":1000,"height":1000},{"@type":"BreadcrumbList","@id":"https:\/\/espak.ee\/epood\/toode\/dusikomplekt-damixa-pine-plus-must\/#breadcrumb","itemListElement":[{"@type":"ListItem","position":1,"name":"Home","item":"https:\/\/espak.ee\/epood\/"},{"@type":"ListItem","position":2,"name":"Tootevalik","item":"https:\/\/espak.ee\/epood\/tootevalik\/"},{"@type":"ListItem","position":3,"name":"DU\u0160IKOMPLEKT DAMIXA PINE PLUS MUST"}]},{"@type":"WebSite","@id":"https:\/\/espak.ee\/epood\/#website","url":"https:\/\/espak.ee\/epood\/","name":"Espak E-pood","description":"","potentialAction":[{"@type":"SearchAction","target":{"@type":"EntryPoint","urlTemplate":"https:\/\/espak.ee\/epood\/?s={search_term_string}"},"query-input":{"@type":"PropertyValueSpecification","valueRequired":true,"valueName":"search_term_string"}}],"inLanguage":"et"}]}},"_links":{"self":[{"href":"https:\/\/espak.ee\/epood\/wp-json\/wp\/v2\/product\/194685","targetHints":{"allow":["GET"]}}],"collection":[{"href":"https:\/\/espak.ee\/epood\/wp-json\/wp\/v2\/product"}],"about":[{"href":"https:\/\/espak.ee\/epood\/wp-json\/wp\/v2\/types\/product"}],"replies":[{"embeddable":true,"href":"https:\/\/espak.ee\/epood\/wp-json\/wp\/v2\/comments?post=194685"}],"wp:featuredmedia":[{"embeddable":true,"href":"https:\/\/espak.ee\/epood\/wp-json\/wp\/v2\/media\/194727"}],"wp:attachment":[{"href":"https:\/\/espak.ee\/epood\/wp-json\/wp\/v2\/media?parent=194685"}],"wp:term":[{"taxonomy":"product_brand","embeddable":true,"href":"https:\/\/espak.ee\/epood\/wp-json\/wp\/v2\/product_brand?post=194685"},{"taxonomy":"product_cat","embeddable":true,"href":"https:\/\/espak.ee\/epood\/wp-json\/wp\/v2\/product_cat?post=194685"},{"taxonomy":"product_tag","embeddable":true,"href":"https:\/\/espak.ee\/epood\/wp-json\/wp\/v2\/product_tag?post=194685"}],"curies":[{"name":"wp","href":"https:\/\/api.w.org\/{rel}","templated":true}]}}