{"id":193128,"date":"2024-03-28T05:10:08","date_gmt":"2024-03-28T03:10:08","guid":{"rendered":"https:\/\/espak.ee\/epood\/?post_type=product&#038;p=193128"},"modified":"2024-10-18T11:37:32","modified_gmt":"2024-10-18T08:37:32","slug":"ujuk-tagasivooluklapi-ja-filtriga-gardena","status":"publish","type":"product","link":"https:\/\/espak.ee\/epood\/toode\/ujuk-tagasivooluklapi-ja-filtriga-gardena\/","title":{"rendered":"UJUK TAGASIVOOLUKLAPI JA FILTRIGA GARDENA"},"content":{"rendered":"<div class=\"row\"  id=\"row-2043986146\">\n\n\t<div id=\"col-1728707925\" class=\"col medium-9 small-12 large-9\"  >\n\t\t\t\t<div class=\"col-inner\"  >\n\t\t\t\n\t\t\t\n<h3>Ujuk tagasivooluklapi ja filtriga Gardena<\/h3>\n<p>Kas kulutate palju aega kaevus v\u00f5i mahutis oleva pumba imifiltri puhastamiseks? Selle p\u00f5hjus on t\u00f5en\u00e4oliselt p\u00f5hjasetted. GARDENA pakub teile olukorra parandamiseks ideaalset lahendust \u2013 GARDENA ujuki ja tagasivooluklapiga varustatud filtrit. See on kohandatav lisaseade, mis takistab mustuse kogunemist pumpa.<br \/>\n Kuidas see toimib? Erinevalt teistest turul pakutavatest sarnastest filtreerimistoodetest on GARDENA lahendus loodud sellisena, et see p\u00fcsiks veepinnal. Vett ei v\u00f5eta p\u00f5hjast, vaid otse veepinnalt, mis ei sisalda aineosakesi. Selle nutika l\u00e4henemisviisiga t\u00f5mmatakse pumpa k\u00f5ige puhtamat vett ja ennetatakse pumba ummistumist mustuse v\u00f5i muude osakestega. Kas soovite asendada oma klassikalise imivooliku selle komplektiga? T\u00e4nu sisseehitatud tagasil\u00f6\u00f6giklapile saab komplekti vajadusel kiiresti ja h\u00f5lpsasti lisada. See sobib pea k\u00f5igi iseimavate pumpadega.<br \/>\n Komplekt on ideaalselt sobiv kodu- ja aiamasinate, samuti maja vees\u00fcsteemi jaoks, kuna vesi on alati kohe saadaval, ilma et peaksite s\u00fcsteemi uuesti t\u00e4itma. Kas teil on juba GARDENA uputatav survepump v\u00f5i kaalute selle ostmist? Igal juhul selline ujukiga filter on hea lahendus sinna juurde. T\u00e4nu tugevale messingist \u00fchendusele, mille juurde kuulub vastav voolikuklamber, saab selle komplekti h\u00f5lpsasti \u00fchendada k\u00f5igi m\u00fc\u00fcgil olevate 25 mm (1\u201c) imivoolikutega. M\u00f5elge suuremale turvalisusele ja v\u00f5tke rahulikult. Uuenduslik GARDENA ujuki ja tagasivooluklapiga filter on t\u00f6\u00f6kindel ja muudab teie igap\u00e4evaelu lihtsamaks. <\/p>\n<\/p>\n\t\t<\/div>\n\t\t\t\t\t<\/div>\n\n\t\n\n\t<div id=\"col-838185652\" class=\"col medium-3 small-12 large-3\"  >\n\t\t\t\t<div class=\"col-inner\"  >\n\t\t\t\n\t\t\t\n\t<div id=\"gap-793916743\" class=\"gap-element clearfix\" style=\"display:block; height:auto;\">\n\t\t\n<style>\n#gap-793916743 {\n  padding-top: 30px;\n}\n<\/style>\n\t<\/div>\n\t\n<p><strong>\u00dcksikasjalikuma n\u00f5u saamiseks v\u00f5tke \u00fchendust:<br \/><\/strong>Espak AS<br \/>Viadukti 42<br \/>11313<br \/>Tallinn<br \/>+372 651 2333<\/p>\n\t\t<\/div>\n\t\t\t\t\t<\/div>\n\n\t\n<\/div>\n","protected":false},"excerpt":{"rendered":"","protected":false},"featured_media":193926,"comment_status":"closed","ping_status":"closed","template":"","meta":[],"product_brand":[],"product_cat":[2789,2788,3115,3371],"product_tag":[],"class_list":{"0":"post-193128","1":"product","2":"type-product","3":"status-publish","4":"has-post-thumbnail","6":"product_cat-aiatarbed","7":"product_cat-aiatarbed-ja-kodukaubad","8":"product_cat-pumbad","9":"product_cat-sukelpumbad","10":"pa_kaubamark-husqvarna-eesti-ou","12":"first","13":"outofstock","14":"sale","15":"taxable","16":"shipping-taxable","17":"purchasable","18":"product-type-simple"},"yoast_head":"<!-- This site is optimized with the Yoast SEO plugin v26.9 - https:\/\/yoast.com\/product\/yoast-seo-wordpress\/ -->\n<title>UJUK TAGASIVOOLUKLAPI JA FILTRIGA GARDENA - Espak E-pood<\/title>\n<meta name=\"robots\" content=\"index, follow, max-snippet:-1, max-image-preview:large, max-video-preview:-1\" \/>\n<link rel=\"canonical\" href=\"https:\/\/espak.ee\/epood\/toode\/ujuk-tagasivooluklapi-ja-filtriga-gardena\/\" \/>\n<meta property=\"og:locale\" content=\"et_EE\" \/>\n<meta property=\"og:type\" content=\"article\" \/>\n<meta property=\"og:title\" content=\"UJUK TAGASIVOOLUKLAPI JA FILTRIGA GARDENA - Espak E-pood\" \/>\n<meta property=\"og:url\" content=\"https:\/\/espak.ee\/epood\/toode\/ujuk-tagasivooluklapi-ja-filtriga-gardena\/\" \/>\n<meta property=\"og:site_name\" content=\"Espak E-pood\" \/>\n<meta property=\"article:modified_time\" content=\"2024-10-18T08:37:32+00:00\" \/>\n<meta property=\"og:image\" content=\"https:\/\/espak.ee\/epood\/wp-content\/uploads\/2024\/03\/GA510-0496.jpg\" \/>\n\t<meta property=\"og:image:width\" content=\"1000\" \/>\n\t<meta property=\"og:image:height\" content=\"1000\" \/>\n\t<meta property=\"og:image:type\" content=\"image\/jpeg\" \/>\n<meta name=\"twitter:card\" content=\"summary_large_image\" \/>\n<meta name=\"twitter:label1\" content=\"Est. reading time\" \/>\n\t<meta name=\"twitter:data1\" content=\"1 minut\" \/>\n<script type=\"application\/ld+json\" class=\"yoast-schema-graph\">{\"@context\":\"https:\/\/schema.org\",\"@graph\":[{\"@type\":\"WebPage\",\"@id\":\"https:\/\/espak.ee\/epood\/toode\/ujuk-tagasivooluklapi-ja-filtriga-gardena\/\",\"url\":\"https:\/\/espak.ee\/epood\/toode\/ujuk-tagasivooluklapi-ja-filtriga-gardena\/\",\"name\":\"UJUK TAGASIVOOLUKLAPI JA FILTRIGA GARDENA - Espak E-pood\",\"isPartOf\":{\"@id\":\"https:\/\/espak.ee\/epood\/#website\"},\"primaryImageOfPage\":{\"@id\":\"https:\/\/espak.ee\/epood\/toode\/ujuk-tagasivooluklapi-ja-filtriga-gardena\/#primaryimage\"},\"image\":{\"@id\":\"https:\/\/espak.ee\/epood\/toode\/ujuk-tagasivooluklapi-ja-filtriga-gardena\/#primaryimage\"},\"thumbnailUrl\":\"https:\/\/espak.ee\/epood\/wp-content\/uploads\/2024\/03\/GA510-0496.jpg\",\"datePublished\":\"2024-03-28T03:10:08+00:00\",\"dateModified\":\"2024-10-18T08:37:32+00:00\",\"breadcrumb\":{\"@id\":\"https:\/\/espak.ee\/epood\/toode\/ujuk-tagasivooluklapi-ja-filtriga-gardena\/#breadcrumb\"},\"inLanguage\":\"et\",\"potentialAction\":[{\"@type\":\"ReadAction\",\"target\":[\"https:\/\/espak.ee\/epood\/toode\/ujuk-tagasivooluklapi-ja-filtriga-gardena\/\"]}]},{\"@type\":\"ImageObject\",\"inLanguage\":\"et\",\"@id\":\"https:\/\/espak.ee\/epood\/toode\/ujuk-tagasivooluklapi-ja-filtriga-gardena\/#primaryimage\",\"url\":\"https:\/\/espak.ee\/epood\/wp-content\/uploads\/2024\/03\/GA510-0496.jpg\",\"contentUrl\":\"https:\/\/espak.ee\/epood\/wp-content\/uploads\/2024\/03\/GA510-0496.jpg\",\"width\":1000,\"height\":1000},{\"@type\":\"BreadcrumbList\",\"@id\":\"https:\/\/espak.ee\/epood\/toode\/ujuk-tagasivooluklapi-ja-filtriga-gardena\/#breadcrumb\",\"itemListElement\":[{\"@type\":\"ListItem\",\"position\":1,\"name\":\"Home\",\"item\":\"https:\/\/espak.ee\/epood\/\"},{\"@type\":\"ListItem\",\"position\":2,\"name\":\"Tootevalik\",\"item\":\"https:\/\/espak.ee\/epood\/tootevalik\/\"},{\"@type\":\"ListItem\",\"position\":3,\"name\":\"UJUK TAGASIVOOLUKLAPI JA FILTRIGA GARDENA\"}]},{\"@type\":\"WebSite\",\"@id\":\"https:\/\/espak.ee\/epood\/#website\",\"url\":\"https:\/\/espak.ee\/epood\/\",\"name\":\"Espak E-pood\",\"description\":\"\",\"potentialAction\":[{\"@type\":\"SearchAction\",\"target\":{\"@type\":\"EntryPoint\",\"urlTemplate\":\"https:\/\/espak.ee\/epood\/?s={search_term_string}\"},\"query-input\":{\"@type\":\"PropertyValueSpecification\",\"valueRequired\":true,\"valueName\":\"search_term_string\"}}],\"inLanguage\":\"et\"}]}<\/script>\n<!-- \/ Yoast SEO plugin. -->","yoast_head_json":{"title":"UJUK TAGASIVOOLUKLAPI JA FILTRIGA GARDENA - Espak E-pood","robots":{"index":"index","follow":"follow","max-snippet":"max-snippet:-1","max-image-preview":"max-image-preview:large","max-video-preview":"max-video-preview:-1"},"canonical":"https:\/\/espak.ee\/epood\/toode\/ujuk-tagasivooluklapi-ja-filtriga-gardena\/","og_locale":"et_EE","og_type":"article","og_title":"UJUK TAGASIVOOLUKLAPI JA FILTRIGA GARDENA - Espak E-pood","og_url":"https:\/\/espak.ee\/epood\/toode\/ujuk-tagasivooluklapi-ja-filtriga-gardena\/","og_site_name":"Espak E-pood","article_modified_time":"2024-10-18T08:37:32+00:00","og_image":[{"width":1000,"height":1000,"url":"https:\/\/espak.ee\/epood\/wp-content\/uploads\/2024\/03\/GA510-0496.jpg","type":"image\/jpeg"}],"twitter_card":"summary_large_image","twitter_misc":{"Est. reading time":"1 minut"},"schema":{"@context":"https:\/\/schema.org","@graph":[{"@type":"WebPage","@id":"https:\/\/espak.ee\/epood\/toode\/ujuk-tagasivooluklapi-ja-filtriga-gardena\/","url":"https:\/\/espak.ee\/epood\/toode\/ujuk-tagasivooluklapi-ja-filtriga-gardena\/","name":"UJUK TAGASIVOOLUKLAPI JA FILTRIGA GARDENA - Espak E-pood","isPartOf":{"@id":"https:\/\/espak.ee\/epood\/#website"},"primaryImageOfPage":{"@id":"https:\/\/espak.ee\/epood\/toode\/ujuk-tagasivooluklapi-ja-filtriga-gardena\/#primaryimage"},"image":{"@id":"https:\/\/espak.ee\/epood\/toode\/ujuk-tagasivooluklapi-ja-filtriga-gardena\/#primaryimage"},"thumbnailUrl":"https:\/\/espak.ee\/epood\/wp-content\/uploads\/2024\/03\/GA510-0496.jpg","datePublished":"2024-03-28T03:10:08+00:00","dateModified":"2024-10-18T08:37:32+00:00","breadcrumb":{"@id":"https:\/\/espak.ee\/epood\/toode\/ujuk-tagasivooluklapi-ja-filtriga-gardena\/#breadcrumb"},"inLanguage":"et","potentialAction":[{"@type":"ReadAction","target":["https:\/\/espak.ee\/epood\/toode\/ujuk-tagasivooluklapi-ja-filtriga-gardena\/"]}]},{"@type":"ImageObject","inLanguage":"et","@id":"https:\/\/espak.ee\/epood\/toode\/ujuk-tagasivooluklapi-ja-filtriga-gardena\/#primaryimage","url":"https:\/\/espak.ee\/epood\/wp-content\/uploads\/2024\/03\/GA510-0496.jpg","contentUrl":"https:\/\/espak.ee\/epood\/wp-content\/uploads\/2024\/03\/GA510-0496.jpg","width":1000,"height":1000},{"@type":"BreadcrumbList","@id":"https:\/\/espak.ee\/epood\/toode\/ujuk-tagasivooluklapi-ja-filtriga-gardena\/#breadcrumb","itemListElement":[{"@type":"ListItem","position":1,"name":"Home","item":"https:\/\/espak.ee\/epood\/"},{"@type":"ListItem","position":2,"name":"Tootevalik","item":"https:\/\/espak.ee\/epood\/tootevalik\/"},{"@type":"ListItem","position":3,"name":"UJUK TAGASIVOOLUKLAPI JA FILTRIGA GARDENA"}]},{"@type":"WebSite","@id":"https:\/\/espak.ee\/epood\/#website","url":"https:\/\/espak.ee\/epood\/","name":"Espak E-pood","description":"","potentialAction":[{"@type":"SearchAction","target":{"@type":"EntryPoint","urlTemplate":"https:\/\/espak.ee\/epood\/?s={search_term_string}"},"query-input":{"@type":"PropertyValueSpecification","valueRequired":true,"valueName":"search_term_string"}}],"inLanguage":"et"}]}},"_links":{"self":[{"href":"https:\/\/espak.ee\/epood\/wp-json\/wp\/v2\/product\/193128","targetHints":{"allow":["GET"]}}],"collection":[{"href":"https:\/\/espak.ee\/epood\/wp-json\/wp\/v2\/product"}],"about":[{"href":"https:\/\/espak.ee\/epood\/wp-json\/wp\/v2\/types\/product"}],"replies":[{"embeddable":true,"href":"https:\/\/espak.ee\/epood\/wp-json\/wp\/v2\/comments?post=193128"}],"wp:featuredmedia":[{"embeddable":true,"href":"https:\/\/espak.ee\/epood\/wp-json\/wp\/v2\/media\/193926"}],"wp:attachment":[{"href":"https:\/\/espak.ee\/epood\/wp-json\/wp\/v2\/media?parent=193128"}],"wp:term":[{"taxonomy":"product_brand","embeddable":true,"href":"https:\/\/espak.ee\/epood\/wp-json\/wp\/v2\/product_brand?post=193128"},{"taxonomy":"product_cat","embeddable":true,"href":"https:\/\/espak.ee\/epood\/wp-json\/wp\/v2\/product_cat?post=193128"},{"taxonomy":"product_tag","embeddable":true,"href":"https:\/\/espak.ee\/epood\/wp-json\/wp\/v2\/product_tag?post=193128"}],"curies":[{"name":"wp","href":"https:\/\/api.w.org\/{rel}","templated":true}]}}