{"id":192902,"date":"2024-03-27T05:10:15","date_gmt":"2024-03-27T03:10:15","guid":{"rendered":"https:\/\/espak.ee\/epood\/?post_type=product&#038;p=192902"},"modified":"2026-04-11T10:15:54","modified_gmt":"2026-04-11T07:15:54","slug":"umbrohutorje-roundup-ultra-baltic-agro-1l","status":"publish","type":"product","link":"https:\/\/espak.ee\/epood\/toode\/umbrohutorje-roundup-ultra-baltic-agro-1l\/","title":{"rendered":"UMBROHUT\u00d5RJE ULTRA BALTIC AGRO 1L"},"content":{"rendered":"<div class=\"row\"  id=\"row-1858603130\">\n\n\t<div id=\"col-397379905\" class=\"col medium-9 small-12 large-9\"  >\n\t\t\t\t<div class=\"col-inner\"  >\n\t\t\t\n\t\t\t\n<h3>Umbrohut\u00f5rje Ultra Baltic Agro 1L<\/h3>\n<p>Herbitsiid \u00fcheaastaste kaheiduleheliste umbrohtude t\u00f5rjumiseks teedel, radadel ja aladel, mis on vett l\u00e4bilaskva pinnaga ning dekoratiivpuude ja -p\u00f5\u00f5saste ridade vahel ning sammalde t\u00f5rjumiseks dekoratiivpuude ja -p\u00f5\u00f5saste ridade vahel.\n<\/p>\n<p><strong>Kasutusjuhend:<\/strong><br \/>\nT\u00f5rjutav taimestik t\u00f6\u00f6delda hoolikalt. Kasuta vahendit ajal, mis on v\u00e4lja toodud etiketil ja lubatud kulunormiga. Maksimaalne kasutamine kasvuperioodil: 4 korda 7 &#8211; 21 p\u00e4evase intervalliga. Kulunorm \u00fchekordseks kasutamiseks on 23 ml ainet 300-500 ml vees 10 m2. V\u00e4ltige t\u00f6\u00f6lahuse triivimist\/ sattumist pritsimis ala k\u00f5rval olevatele aladele ja taimedele. P\u00e4rast taimede pruunistumist ja kuivamist v\u00f5ib alustada k\u00fclvamist ja istutamist. Surnud v\u00f5i n\u00e4rbuvad taimed saab kompostida v\u00f5i maasse kaevata ilma, et see m\u00f5jutaks hiljem kasvavaid taimi.<\/p>\n<p><strong>Kasutage taimekaitsevahendeid ohutult. Enne kasutamist lugege alati l\u00e4bi m\u00e4rgistus ja tootekirjeldus.<\/strong><\/p>\n\t\t<\/div>\n\t\t\t\t\t<\/div>\n\n\t\n\n\t<div id=\"col-519160510\" class=\"col medium-3 small-12 large-3\"  >\n\t\t\t\t<div class=\"col-inner\"  >\n\t\t\t\n\t\t\t\n<h3>Ohutuskaart<\/h3>\n<p><a href=\"https:\/\/espak.ee\/epood\/wp-content\/uploads\/2024\/03\/umbrohutorje_ultra_5907487105806.pdf\"target=\"_blank\" rel=\"noopener noreferrer\"><i class=\"far fa-file-pdf\"><\/i> Ohutuskaart (PDF)<\/a><\/p>\n<h3>Infoleht<\/h3>\n<p><a href=\"https:\/\/espak.ee\/epood\/wp-content\/uploads\/2024\/03\/infoleht_umbrohut\u2030rje-ultra5907487105806.pdf\"target=\"_blank\" rel=\"noopener noreferrer\"><i class=\"far fa-file-pdf\"><\/i> Infoleht (PDF)<\/a><\/p>\n<p><strong>\u00dcksikasjalikuma n\u00f5u saamiseks v\u00f5tke \u00fchendust:<br \/><\/strong>Baltic Agro AS<br \/> Rukki tee 8<br \/> Lehmja k\u00fcla<br \/> Rae vald<br \/> Telefon +372 606 2260<\/p>\n\t\t<\/div>\n\t\t\t\t\t<\/div>\n\n\t\n<\/div>\n","protected":false},"excerpt":{"rendered":"","protected":false},"featured_media":192916,"comment_status":"closed","ping_status":"closed","template":"","meta":[],"product_brand":[],"product_cat":[2789,2788,2882,2886],"product_tag":[],"class_list":{"0":"post-192902","1":"product","2":"type-product","3":"status-publish","4":"has-post-thumbnail","6":"product_cat-aiatarbed","7":"product_cat-aiatarbed-ja-kodukaubad","8":"product_cat-taimekaitsevahendid","9":"product_cat-umbrohutorjevahendid","10":"pa_kaubamark-baltic-agro-as","12":"first","13":"instock","14":"sale","15":"taxable","16":"shipping-taxable","17":"purchasable","18":"product-type-simple"},"yoast_head":"<!-- This site is optimized with the Yoast SEO plugin v26.9 - https:\/\/yoast.com\/product\/yoast-seo-wordpress\/ -->\n<title>UMBROHUT\u00d5RJE ULTRA BALTIC AGRO 1L - Espak E-pood<\/title>\n<meta name=\"robots\" content=\"index, follow, max-snippet:-1, max-image-preview:large, max-video-preview:-1\" \/>\n<link rel=\"canonical\" href=\"https:\/\/espak.ee\/epood\/toode\/umbrohutorje-roundup-ultra-baltic-agro-1l\/\" \/>\n<meta property=\"og:locale\" content=\"et_EE\" \/>\n<meta property=\"og:type\" content=\"article\" \/>\n<meta property=\"og:title\" content=\"UMBROHUT\u00d5RJE ULTRA BALTIC AGRO 1L - Espak E-pood\" \/>\n<meta property=\"og:url\" content=\"https:\/\/espak.ee\/epood\/toode\/umbrohutorje-roundup-ultra-baltic-agro-1l\/\" \/>\n<meta property=\"og:site_name\" content=\"Espak E-pood\" \/>\n<meta property=\"article:modified_time\" content=\"2026-04-11T07:15:54+00:00\" \/>\n<meta property=\"og:image\" content=\"https:\/\/espak.ee\/epood\/wp-content\/uploads\/2024\/03\/5907487105806-1.jpg\" \/>\n\t<meta property=\"og:image:width\" content=\"800\" \/>\n\t<meta property=\"og:image:height\" content=\"800\" \/>\n\t<meta property=\"og:image:type\" content=\"image\/jpeg\" \/>\n<meta name=\"twitter:card\" content=\"summary_large_image\" \/>\n<meta name=\"twitter:label1\" content=\"Est. reading time\" \/>\n\t<meta name=\"twitter:data1\" content=\"1 minut\" \/>\n<script type=\"application\/ld+json\" class=\"yoast-schema-graph\">{\"@context\":\"https:\/\/schema.org\",\"@graph\":[{\"@type\":\"WebPage\",\"@id\":\"https:\/\/espak.ee\/epood\/toode\/umbrohutorje-roundup-ultra-baltic-agro-1l\/\",\"url\":\"https:\/\/espak.ee\/epood\/toode\/umbrohutorje-roundup-ultra-baltic-agro-1l\/\",\"name\":\"UMBROHUT\u00d5RJE ULTRA BALTIC AGRO 1L - Espak E-pood\",\"isPartOf\":{\"@id\":\"https:\/\/espak.ee\/epood\/#website\"},\"primaryImageOfPage\":{\"@id\":\"https:\/\/espak.ee\/epood\/toode\/umbrohutorje-roundup-ultra-baltic-agro-1l\/#primaryimage\"},\"image\":{\"@id\":\"https:\/\/espak.ee\/epood\/toode\/umbrohutorje-roundup-ultra-baltic-agro-1l\/#primaryimage\"},\"thumbnailUrl\":\"https:\/\/espak.ee\/epood\/wp-content\/uploads\/2024\/03\/5907487105806-1.jpg\",\"datePublished\":\"2024-03-27T03:10:15+00:00\",\"dateModified\":\"2026-04-11T07:15:54+00:00\",\"breadcrumb\":{\"@id\":\"https:\/\/espak.ee\/epood\/toode\/umbrohutorje-roundup-ultra-baltic-agro-1l\/#breadcrumb\"},\"inLanguage\":\"et\",\"potentialAction\":[{\"@type\":\"ReadAction\",\"target\":[\"https:\/\/espak.ee\/epood\/toode\/umbrohutorje-roundup-ultra-baltic-agro-1l\/\"]}]},{\"@type\":\"ImageObject\",\"inLanguage\":\"et\",\"@id\":\"https:\/\/espak.ee\/epood\/toode\/umbrohutorje-roundup-ultra-baltic-agro-1l\/#primaryimage\",\"url\":\"https:\/\/espak.ee\/epood\/wp-content\/uploads\/2024\/03\/5907487105806-1.jpg\",\"contentUrl\":\"https:\/\/espak.ee\/epood\/wp-content\/uploads\/2024\/03\/5907487105806-1.jpg\",\"width\":800,\"height\":800},{\"@type\":\"BreadcrumbList\",\"@id\":\"https:\/\/espak.ee\/epood\/toode\/umbrohutorje-roundup-ultra-baltic-agro-1l\/#breadcrumb\",\"itemListElement\":[{\"@type\":\"ListItem\",\"position\":1,\"name\":\"Home\",\"item\":\"https:\/\/espak.ee\/epood\/\"},{\"@type\":\"ListItem\",\"position\":2,\"name\":\"Tootevalik\",\"item\":\"https:\/\/espak.ee\/epood\/tootevalik\/\"},{\"@type\":\"ListItem\",\"position\":3,\"name\":\"UMBROHUT\u00d5RJE ULTRA BALTIC AGRO 1L\"}]},{\"@type\":\"WebSite\",\"@id\":\"https:\/\/espak.ee\/epood\/#website\",\"url\":\"https:\/\/espak.ee\/epood\/\",\"name\":\"Espak E-pood\",\"description\":\"\",\"potentialAction\":[{\"@type\":\"SearchAction\",\"target\":{\"@type\":\"EntryPoint\",\"urlTemplate\":\"https:\/\/espak.ee\/epood\/?s={search_term_string}\"},\"query-input\":{\"@type\":\"PropertyValueSpecification\",\"valueRequired\":true,\"valueName\":\"search_term_string\"}}],\"inLanguage\":\"et\"}]}<\/script>\n<!-- \/ Yoast SEO plugin. -->","yoast_head_json":{"title":"UMBROHUT\u00d5RJE ULTRA BALTIC AGRO 1L - Espak E-pood","robots":{"index":"index","follow":"follow","max-snippet":"max-snippet:-1","max-image-preview":"max-image-preview:large","max-video-preview":"max-video-preview:-1"},"canonical":"https:\/\/espak.ee\/epood\/toode\/umbrohutorje-roundup-ultra-baltic-agro-1l\/","og_locale":"et_EE","og_type":"article","og_title":"UMBROHUT\u00d5RJE ULTRA BALTIC AGRO 1L - Espak E-pood","og_url":"https:\/\/espak.ee\/epood\/toode\/umbrohutorje-roundup-ultra-baltic-agro-1l\/","og_site_name":"Espak E-pood","article_modified_time":"2026-04-11T07:15:54+00:00","og_image":[{"width":800,"height":800,"url":"https:\/\/espak.ee\/epood\/wp-content\/uploads\/2024\/03\/5907487105806-1.jpg","type":"image\/jpeg"}],"twitter_card":"summary_large_image","twitter_misc":{"Est. reading time":"1 minut"},"schema":{"@context":"https:\/\/schema.org","@graph":[{"@type":"WebPage","@id":"https:\/\/espak.ee\/epood\/toode\/umbrohutorje-roundup-ultra-baltic-agro-1l\/","url":"https:\/\/espak.ee\/epood\/toode\/umbrohutorje-roundup-ultra-baltic-agro-1l\/","name":"UMBROHUT\u00d5RJE ULTRA BALTIC AGRO 1L - Espak E-pood","isPartOf":{"@id":"https:\/\/espak.ee\/epood\/#website"},"primaryImageOfPage":{"@id":"https:\/\/espak.ee\/epood\/toode\/umbrohutorje-roundup-ultra-baltic-agro-1l\/#primaryimage"},"image":{"@id":"https:\/\/espak.ee\/epood\/toode\/umbrohutorje-roundup-ultra-baltic-agro-1l\/#primaryimage"},"thumbnailUrl":"https:\/\/espak.ee\/epood\/wp-content\/uploads\/2024\/03\/5907487105806-1.jpg","datePublished":"2024-03-27T03:10:15+00:00","dateModified":"2026-04-11T07:15:54+00:00","breadcrumb":{"@id":"https:\/\/espak.ee\/epood\/toode\/umbrohutorje-roundup-ultra-baltic-agro-1l\/#breadcrumb"},"inLanguage":"et","potentialAction":[{"@type":"ReadAction","target":["https:\/\/espak.ee\/epood\/toode\/umbrohutorje-roundup-ultra-baltic-agro-1l\/"]}]},{"@type":"ImageObject","inLanguage":"et","@id":"https:\/\/espak.ee\/epood\/toode\/umbrohutorje-roundup-ultra-baltic-agro-1l\/#primaryimage","url":"https:\/\/espak.ee\/epood\/wp-content\/uploads\/2024\/03\/5907487105806-1.jpg","contentUrl":"https:\/\/espak.ee\/epood\/wp-content\/uploads\/2024\/03\/5907487105806-1.jpg","width":800,"height":800},{"@type":"BreadcrumbList","@id":"https:\/\/espak.ee\/epood\/toode\/umbrohutorje-roundup-ultra-baltic-agro-1l\/#breadcrumb","itemListElement":[{"@type":"ListItem","position":1,"name":"Home","item":"https:\/\/espak.ee\/epood\/"},{"@type":"ListItem","position":2,"name":"Tootevalik","item":"https:\/\/espak.ee\/epood\/tootevalik\/"},{"@type":"ListItem","position":3,"name":"UMBROHUT\u00d5RJE ULTRA BALTIC AGRO 1L"}]},{"@type":"WebSite","@id":"https:\/\/espak.ee\/epood\/#website","url":"https:\/\/espak.ee\/epood\/","name":"Espak E-pood","description":"","potentialAction":[{"@type":"SearchAction","target":{"@type":"EntryPoint","urlTemplate":"https:\/\/espak.ee\/epood\/?s={search_term_string}"},"query-input":{"@type":"PropertyValueSpecification","valueRequired":true,"valueName":"search_term_string"}}],"inLanguage":"et"}]}},"_links":{"self":[{"href":"https:\/\/espak.ee\/epood\/wp-json\/wp\/v2\/product\/192902","targetHints":{"allow":["GET"]}}],"collection":[{"href":"https:\/\/espak.ee\/epood\/wp-json\/wp\/v2\/product"}],"about":[{"href":"https:\/\/espak.ee\/epood\/wp-json\/wp\/v2\/types\/product"}],"replies":[{"embeddable":true,"href":"https:\/\/espak.ee\/epood\/wp-json\/wp\/v2\/comments?post=192902"}],"wp:featuredmedia":[{"embeddable":true,"href":"https:\/\/espak.ee\/epood\/wp-json\/wp\/v2\/media\/192916"}],"wp:attachment":[{"href":"https:\/\/espak.ee\/epood\/wp-json\/wp\/v2\/media?parent=192902"}],"wp:term":[{"taxonomy":"product_brand","embeddable":true,"href":"https:\/\/espak.ee\/epood\/wp-json\/wp\/v2\/product_brand?post=192902"},{"taxonomy":"product_cat","embeddable":true,"href":"https:\/\/espak.ee\/epood\/wp-json\/wp\/v2\/product_cat?post=192902"},{"taxonomy":"product_tag","embeddable":true,"href":"https:\/\/espak.ee\/epood\/wp-json\/wp\/v2\/product_tag?post=192902"}],"curies":[{"name":"wp","href":"https:\/\/api.w.org\/{rel}","templated":true}]}}