{"id":19195,"date":"2020-04-09T13:25:04","date_gmt":"2020-04-09T10:25:04","guid":{"rendered":"https:\/\/espak.ee\/hinnakiri\/?post_type=product&#038;p=19195"},"modified":"2026-03-21T10:15:52","modified_gmt":"2026-03-21T08:15:52","slug":"kiiresti-kuivav-krunt-email-neosprint-30-valge-9-9l","status":"publish","type":"product","link":"https:\/\/espak.ee\/epood\/toode\/kiiresti-kuivav-krunt-email-neosprint-30-valge-9-9l\/","title":{"rendered":"KIIRESTI KUIVAV KRUNT-EMAIL NEOSPRINT 30 VALGE 9.9L"},"content":{"rendered":"<div class=\"row\"  id=\"row-2083904246\">\n\n\t<div id=\"col-132967939\" class=\"col medium-9 small-12 large-9\"  >\n\t\t\t\t<div class=\"col-inner\"  >\n\t\t\t\n\t\t\t\n<h2>NEOSPRINT 30<\/h2>\n<p>Kiiresti kuivav uretaanalk\u00fc\u00fcdemail kruntimiseks. Moodustab tugeva kulumiskindla poolmati pinna. V\u00f5rreldes t\u00fc\u00fcpiliste alk\u00fc\u00fcdtoodetega tagab NEOSPRINT 30 kiirema kuivamisaja, samuti pinna suurema tugevuse ja kulumiskindluse. Soovitatakse eelneva krundita metallkonstruktsioonide, tootmistehnoloogiliste seadmete ja teiste nii siseruumides kui ka v\u00e4ljas paiknevate pindade v\u00e4rvimiseks, mille puhul on oluline v\u00e4rvitud pinna kiire kuivamine.<\/p>\n<div class=\"message-box relative\" style=\"padding-top:15px;padding-bottom:15px;\"><div class=\"message-box-bg-image bg-fill fill\" ><\/div><div class=\"message-box-bg-overlay bg-fill fill\" ><\/div><div class=\"container relative\"><div class=\"inner last-reset\">\n<div class=\"row align-middle align-center\"  id=\"row-1542971371\">\n\n\t<div id=\"col-582298171\" class=\"col small-12 large-12\"  >\n\t\t\t\t<div class=\"col-inner text-left\"  >\n\t\t\t\n\t\t\t\n<h4>Omadused<\/h4>\n<div class=\"row\"  id=\"row-2024318346\">\n\n\t<div id=\"col-1295317464\" class=\"col medium-6 small-12 large-6\"  >\n\t\t\t\t<div class=\"col-inner\"  >\n\t\t\t\n\t\t\t\n<p><i class=\"fa fa-check fa-2x\"><\/i> <strong>Toodet v\u00f5ib toonida<\/strong><\/p>\n<p><i class=\"fa fa-check fa-2x\"><\/i> <strong>Toode on kasutatav sise- ja v\u00e4list\u00f6\u00f6deks<\/strong><\/p>\n\t\t<\/div>\n\t\t\t\t\n<style>\n#col-1295317464 > .col-inner {\n  margin: 0px 0px 15px 0px;\n}\n<\/style>\n\t<\/div>\n\n\t\n<\/div>\n\t\t<\/div>\n\t\t\t\t\t<\/div>\n\n\t\n<\/div>\n<\/div><\/div><\/div>\n\t<div id=\"gap-1406670728\" class=\"gap-element clearfix\" style=\"display:block; height:auto;\">\n\t\t\n<style>\n#gap-1406670728 {\n  padding-top: 30px;\n}\n<\/style>\n\t<\/div>\n\t\n<h3>Kasutamise \u00fcksikasjad<\/h3>\n<p><strong>Kasutamine:<\/strong> Lubatakse kanda vahetult metallpinnale v\u00f5i pinnale, mis on krunditud kruntv\u00e4rvidega GF-021, RIATOP PRIMER, NOVAKOR, NEOSPRINT PRIMER. Alumiiniumpindu krunditakse v\u00e4rviga VL-02 v\u00f5i NEOSPRINT PRIMER (vt vastavate v\u00e4rvide kasutusjuhendit). Enne kasutamist segatakse emailv\u00e4rv hoolikalt l\u00e4bi. Vajaduse korral lahjendatakse lahustiga t\u00f6\u00f6ks vajaliku viskoossuseni. \u00d5hu ja v\u00e4rvitava pinna temperatuur peab olema vahemikus +5 \u00b0\u0421 kuni +35 \u00b0\u0421. Suhteline \u00f5huniiskus ei v\u00f5i olla k\u00f5rgem kui 85%. Emailv\u00e4rv kantakse ettevalmistatud pinnale 2 kihina pintsli, rulli v\u00f5i pneumaatilise v\u00f5i \u00f5huta pihustamise seadmega (otsiku diameeter 0,011\u201d 0,017\u201d)<\/p>\n<p><strong>T\u00f6\u00f6 &#8211; ja keskkonnakaitse:<\/strong> Sisaldab lakibensiini. Vedelik ja aurud s\u00fcttivad. V\u00f5ib tekitada unisust v\u00f5i peap\u00f6\u00f6ritust. Veeorganismide jaoks toksiline pikaajaliste tagaj\u00e4rgedega. Hoida lastele k\u00e4ttesaamatus kohas. Hoida soojuse \/ s\u00e4demete \/ lahtise tule \/ kuumade pindade eest. \u2013 Mitte suitsetada. V\u00e4ltida keskkonda sattumist. Kasutada kaitsekindaid \/ kaitser\u00f5ivastust \/ silmade \/ n\u00e4o kaitsevahendeid. NAHALE (V\u00d5I JUUSTELE) SATTUMISEL: v\u00f5tta viivitamatult seljast kogu m\u00e4\u00e4rdunud riietus, pesta nahka veega\/du\u0161i all. SISSEHINGAMISEL: Viia kannatanu v\u00e4rskesse \u00f5hku ja tagada talle t\u00e4ielik rahu hingamiseks mugavas asendis. Hoida h\u00e4sti ventileeritud kohas. Hoida konteinerit tihedalt suletuna.<\/p>\n\t\t<\/div>\n\t\t\t\t\t<\/div>\n\n\t\n\n\t<div id=\"col-182007000\" class=\"col medium-3 small-12 large-3\"  >\n\t\t\t\t<div class=\"col-inner\"  >\n\t\t\t\n\t\t\t\n\t<div id=\"gap-107022231\" class=\"gap-element clearfix\" style=\"display:block; height:auto;\">\n\t\t\n<style>\n#gap-107022231 {\n  padding-top: 30px;\n}\n<\/style>\n\t<\/div>\n\t\n<h3>Tehniline informatsioon<\/h3>\n<p><a href=\"https:\/\/espak.ee\/epood\/wp-content\/uploads\/neosprint30-tooteleht.pdf\" target=\"_blank\" rel=\"noopener noreferrer\"><i class=\"far fa-file-pdf\"><\/i> Tehniline info (PDF)<\/a><\/p>\n<div class=\"is-divider divider clearfix\" ><\/div>\n<p><strong>\u00dcksikasjalikuma n\u00f5u saamiseks v\u00f5tke \u00fchendust:<br \/><\/strong>RIIA LAKID O\u00dc<br \/>Kantsi 3<br \/>11415<br \/>Tallinn<br \/>+372 6335439<\/p>\n<div class=\"is-divider divider clearfix\" ><\/div>\n\t\t<\/div>\n\t\t\t\t\t<\/div>\n\n\t\n<\/div>\n","protected":false},"excerpt":{"rendered":"","protected":false},"featured_media":21278,"comment_status":"closed","ping_status":"open","template":"","meta":[],"product_brand":[],"product_cat":[3442,2685,2684,2683],"product_tag":[],"class_list":{"0":"post-19195","1":"product","2":"type-product","3":"status-publish","4":"has-post-thumbnail","6":"product_cat-metallivarvid","7":"product_cat-varvid","8":"product_cat-varvid-lakid-lahustid-puidukaitsed-olid","9":"product_cat-viimistluskaubad","10":"product_shipping_class-dpd-cold","11":"pa_kaubamark-riia-lakid-ou","13":"first","14":"instock","15":"sale","16":"taxable","17":"shipping-taxable","18":"purchasable","19":"product-type-simple"},"yoast_head":"<!-- This site is optimized with the Yoast SEO plugin v26.9 - https:\/\/yoast.com\/product\/yoast-seo-wordpress\/ -->\n<title>KIIRESTI KUIVAV KRUNT-EMAIL NEOSPRINT 30 VALGE 9.9L - Espak E-pood<\/title>\n<meta name=\"robots\" content=\"index, follow, max-snippet:-1, max-image-preview:large, max-video-preview:-1\" \/>\n<link rel=\"canonical\" href=\"https:\/\/espak.ee\/epood\/toode\/kiiresti-kuivav-krunt-email-neosprint-30-valge-9-9l\/\" \/>\n<meta property=\"og:locale\" content=\"et_EE\" \/>\n<meta property=\"og:type\" content=\"article\" \/>\n<meta property=\"og:title\" content=\"KIIRESTI KUIVAV KRUNT-EMAIL NEOSPRINT 30 VALGE 9.9L - Espak E-pood\" \/>\n<meta property=\"og:url\" content=\"https:\/\/espak.ee\/epood\/toode\/kiiresti-kuivav-krunt-email-neosprint-30-valge-9-9l\/\" \/>\n<meta property=\"og:site_name\" content=\"Espak E-pood\" \/>\n<meta property=\"article:modified_time\" content=\"2026-03-21T08:15:52+00:00\" \/>\n<meta property=\"og:image\" content=\"https:\/\/espak.ee\/epood\/wp-content\/uploads\/neosprint30s.jpg\" \/>\n\t<meta property=\"og:image:width\" content=\"545\" \/>\n\t<meta property=\"og:image:height\" content=\"545\" \/>\n\t<meta property=\"og:image:type\" content=\"image\/jpeg\" \/>\n<meta name=\"twitter:card\" content=\"summary_large_image\" \/>\n<meta name=\"twitter:label1\" content=\"Est. reading time\" \/>\n\t<meta name=\"twitter:data1\" content=\"2 minutit\" \/>\n<script type=\"application\/ld+json\" class=\"yoast-schema-graph\">{\"@context\":\"https:\/\/schema.org\",\"@graph\":[{\"@type\":\"WebPage\",\"@id\":\"https:\/\/espak.ee\/epood\/toode\/kiiresti-kuivav-krunt-email-neosprint-30-valge-9-9l\/\",\"url\":\"https:\/\/espak.ee\/epood\/toode\/kiiresti-kuivav-krunt-email-neosprint-30-valge-9-9l\/\",\"name\":\"KIIRESTI KUIVAV KRUNT-EMAIL NEOSPRINT 30 VALGE 9.9L - Espak E-pood\",\"isPartOf\":{\"@id\":\"https:\/\/espak.ee\/epood\/#website\"},\"primaryImageOfPage\":{\"@id\":\"https:\/\/espak.ee\/epood\/toode\/kiiresti-kuivav-krunt-email-neosprint-30-valge-9-9l\/#primaryimage\"},\"image\":{\"@id\":\"https:\/\/espak.ee\/epood\/toode\/kiiresti-kuivav-krunt-email-neosprint-30-valge-9-9l\/#primaryimage\"},\"thumbnailUrl\":\"https:\/\/espak.ee\/epood\/wp-content\/uploads\/neosprint30s.jpg\",\"datePublished\":\"2020-04-09T10:25:04+00:00\",\"dateModified\":\"2026-03-21T08:15:52+00:00\",\"breadcrumb\":{\"@id\":\"https:\/\/espak.ee\/epood\/toode\/kiiresti-kuivav-krunt-email-neosprint-30-valge-9-9l\/#breadcrumb\"},\"inLanguage\":\"et\",\"potentialAction\":[{\"@type\":\"ReadAction\",\"target\":[\"https:\/\/espak.ee\/epood\/toode\/kiiresti-kuivav-krunt-email-neosprint-30-valge-9-9l\/\"]}]},{\"@type\":\"ImageObject\",\"inLanguage\":\"et\",\"@id\":\"https:\/\/espak.ee\/epood\/toode\/kiiresti-kuivav-krunt-email-neosprint-30-valge-9-9l\/#primaryimage\",\"url\":\"https:\/\/espak.ee\/epood\/wp-content\/uploads\/neosprint30s.jpg\",\"contentUrl\":\"https:\/\/espak.ee\/epood\/wp-content\/uploads\/neosprint30s.jpg\",\"width\":545,\"height\":545},{\"@type\":\"BreadcrumbList\",\"@id\":\"https:\/\/espak.ee\/epood\/toode\/kiiresti-kuivav-krunt-email-neosprint-30-valge-9-9l\/#breadcrumb\",\"itemListElement\":[{\"@type\":\"ListItem\",\"position\":1,\"name\":\"Home\",\"item\":\"https:\/\/espak.ee\/epood\/\"},{\"@type\":\"ListItem\",\"position\":2,\"name\":\"Tootevalik\",\"item\":\"https:\/\/espak.ee\/epood\/tootevalik\/\"},{\"@type\":\"ListItem\",\"position\":3,\"name\":\"KIIRESTI KUIVAV KRUNT-EMAIL NEOSPRINT 30 VALGE 9.9L\"}]},{\"@type\":\"WebSite\",\"@id\":\"https:\/\/espak.ee\/epood\/#website\",\"url\":\"https:\/\/espak.ee\/epood\/\",\"name\":\"Espak E-pood\",\"description\":\"\",\"potentialAction\":[{\"@type\":\"SearchAction\",\"target\":{\"@type\":\"EntryPoint\",\"urlTemplate\":\"https:\/\/espak.ee\/epood\/?s={search_term_string}\"},\"query-input\":{\"@type\":\"PropertyValueSpecification\",\"valueRequired\":true,\"valueName\":\"search_term_string\"}}],\"inLanguage\":\"et\"}]}<\/script>\n<!-- \/ Yoast SEO plugin. -->","yoast_head_json":{"title":"KIIRESTI KUIVAV KRUNT-EMAIL NEOSPRINT 30 VALGE 9.9L - Espak E-pood","robots":{"index":"index","follow":"follow","max-snippet":"max-snippet:-1","max-image-preview":"max-image-preview:large","max-video-preview":"max-video-preview:-1"},"canonical":"https:\/\/espak.ee\/epood\/toode\/kiiresti-kuivav-krunt-email-neosprint-30-valge-9-9l\/","og_locale":"et_EE","og_type":"article","og_title":"KIIRESTI KUIVAV KRUNT-EMAIL NEOSPRINT 30 VALGE 9.9L - Espak E-pood","og_url":"https:\/\/espak.ee\/epood\/toode\/kiiresti-kuivav-krunt-email-neosprint-30-valge-9-9l\/","og_site_name":"Espak E-pood","article_modified_time":"2026-03-21T08:15:52+00:00","og_image":[{"width":545,"height":545,"url":"https:\/\/espak.ee\/epood\/wp-content\/uploads\/neosprint30s.jpg","type":"image\/jpeg"}],"twitter_card":"summary_large_image","twitter_misc":{"Est. reading time":"2 minutit"},"schema":{"@context":"https:\/\/schema.org","@graph":[{"@type":"WebPage","@id":"https:\/\/espak.ee\/epood\/toode\/kiiresti-kuivav-krunt-email-neosprint-30-valge-9-9l\/","url":"https:\/\/espak.ee\/epood\/toode\/kiiresti-kuivav-krunt-email-neosprint-30-valge-9-9l\/","name":"KIIRESTI KUIVAV KRUNT-EMAIL NEOSPRINT 30 VALGE 9.9L - Espak E-pood","isPartOf":{"@id":"https:\/\/espak.ee\/epood\/#website"},"primaryImageOfPage":{"@id":"https:\/\/espak.ee\/epood\/toode\/kiiresti-kuivav-krunt-email-neosprint-30-valge-9-9l\/#primaryimage"},"image":{"@id":"https:\/\/espak.ee\/epood\/toode\/kiiresti-kuivav-krunt-email-neosprint-30-valge-9-9l\/#primaryimage"},"thumbnailUrl":"https:\/\/espak.ee\/epood\/wp-content\/uploads\/neosprint30s.jpg","datePublished":"2020-04-09T10:25:04+00:00","dateModified":"2026-03-21T08:15:52+00:00","breadcrumb":{"@id":"https:\/\/espak.ee\/epood\/toode\/kiiresti-kuivav-krunt-email-neosprint-30-valge-9-9l\/#breadcrumb"},"inLanguage":"et","potentialAction":[{"@type":"ReadAction","target":["https:\/\/espak.ee\/epood\/toode\/kiiresti-kuivav-krunt-email-neosprint-30-valge-9-9l\/"]}]},{"@type":"ImageObject","inLanguage":"et","@id":"https:\/\/espak.ee\/epood\/toode\/kiiresti-kuivav-krunt-email-neosprint-30-valge-9-9l\/#primaryimage","url":"https:\/\/espak.ee\/epood\/wp-content\/uploads\/neosprint30s.jpg","contentUrl":"https:\/\/espak.ee\/epood\/wp-content\/uploads\/neosprint30s.jpg","width":545,"height":545},{"@type":"BreadcrumbList","@id":"https:\/\/espak.ee\/epood\/toode\/kiiresti-kuivav-krunt-email-neosprint-30-valge-9-9l\/#breadcrumb","itemListElement":[{"@type":"ListItem","position":1,"name":"Home","item":"https:\/\/espak.ee\/epood\/"},{"@type":"ListItem","position":2,"name":"Tootevalik","item":"https:\/\/espak.ee\/epood\/tootevalik\/"},{"@type":"ListItem","position":3,"name":"KIIRESTI KUIVAV KRUNT-EMAIL NEOSPRINT 30 VALGE 9.9L"}]},{"@type":"WebSite","@id":"https:\/\/espak.ee\/epood\/#website","url":"https:\/\/espak.ee\/epood\/","name":"Espak E-pood","description":"","potentialAction":[{"@type":"SearchAction","target":{"@type":"EntryPoint","urlTemplate":"https:\/\/espak.ee\/epood\/?s={search_term_string}"},"query-input":{"@type":"PropertyValueSpecification","valueRequired":true,"valueName":"search_term_string"}}],"inLanguage":"et"}]}},"_links":{"self":[{"href":"https:\/\/espak.ee\/epood\/wp-json\/wp\/v2\/product\/19195","targetHints":{"allow":["GET"]}}],"collection":[{"href":"https:\/\/espak.ee\/epood\/wp-json\/wp\/v2\/product"}],"about":[{"href":"https:\/\/espak.ee\/epood\/wp-json\/wp\/v2\/types\/product"}],"replies":[{"embeddable":true,"href":"https:\/\/espak.ee\/epood\/wp-json\/wp\/v2\/comments?post=19195"}],"wp:featuredmedia":[{"embeddable":true,"href":"https:\/\/espak.ee\/epood\/wp-json\/wp\/v2\/media\/21278"}],"wp:attachment":[{"href":"https:\/\/espak.ee\/epood\/wp-json\/wp\/v2\/media?parent=19195"}],"wp:term":[{"taxonomy":"product_brand","embeddable":true,"href":"https:\/\/espak.ee\/epood\/wp-json\/wp\/v2\/product_brand?post=19195"},{"taxonomy":"product_cat","embeddable":true,"href":"https:\/\/espak.ee\/epood\/wp-json\/wp\/v2\/product_cat?post=19195"},{"taxonomy":"product_tag","embeddable":true,"href":"https:\/\/espak.ee\/epood\/wp-json\/wp\/v2\/product_tag?post=19195"}],"curies":[{"name":"wp","href":"https:\/\/api.w.org\/{rel}","templated":true}]}}