{"id":190962,"date":"2024-03-14T05:05:23","date_gmt":"2024-03-14T03:05:23","guid":{"rendered":"https:\/\/espak.ee\/epood\/?post_type=product&#038;p=190962"},"modified":"2026-03-21T09:24:40","modified_gmt":"2026-03-21T07:24:40","slug":"taismatt-spetsiaallakk-helo-aqua-5-09l","status":"publish","type":"product","link":"https:\/\/espak.ee\/epood\/toode\/taismatt-spetsiaallakk-helo-aqua-5-09l\/","title":{"rendered":"T\u00c4ISMATT SPETSIAALLAKK HELO AQUA 5 0,9L"},"content":{"rendered":"<div class=\"row\"  id=\"row-907123920\">\n\n\t<div id=\"col-483063279\" class=\"col medium-9 small-12 large-9\"  >\n\t\t\t\t<div class=\"col-inner\"  >\n\t\t\t\n\t\t\t\n<h3>T\u00e4ismatt spetsiaallakk Helo Aqua 5 0,9L Teknos<\/h3>\n<p>HELO AQUA 5 on vesialuseline t\u00e4ismatt puidu naturaalsust r\u00f5hutav puidulakk. Sisaldab UV-kaitset. Puitpindadele sise- ja v\u00e4lit\u00f6\u00f6deks.<\/p>\n<p>Kasutamine: Puidust uksed, aknad ja m\u00f6\u00f6bel sise- ja v\u00e4listingimustes. Laudp\u00f5randad, puittrepid, -seinad ja -laed sisetingimustes. Toode t\u00e4idab m\u00e4nguasjade ohutuse standardi EN 71-3:2019 keemiliste elementide eraldumise piirm\u00e4\u00e4rade n\u00f5udmisi.\n<\/p>\n<p><strong>Pinna eelt\u00f6\u00f6tlus: <\/strong>Puitpind peab olema kuiv, hoolikalt lihvitud, lihvimistolm ja muud osakesed eemaldatud.<\/p>\n<p><strong>Pealekandmine: <\/strong>Sega korralikult enne kasutamist ja kasutamise ajal, kuid ettevaatlikult, et \u00f5hk ei satuks laki sisse. Kanna pintsliga pinnale \u00f5huke kiht HELO AQUA 5 lakki ja lase kuivada v\u00e4hemalt 1 tund. Tee vahelihv ja eemalda hoolikalt lihvimistolm. Vajadusel kanna pinnale teine kiht ja lase kuivada v\u00e4hemalt 3 tundi enne j\u00e4rgmist kihti. T\u00f6\u00f6tlemata laudp\u00f5randad: krundi 15% lahjendatud HELO AQUA 80-ga, kasutades pintslit v\u00f5i lakilabidat, vajadusel vahelihvi. Laki 2-3 kihti 10% lahjendatud HELO AQUA 5-ga pintsli v\u00f5i lakilabidaga. Levita lakki mustri- v\u00f5i puus\u00fc\u00fcsuunaliselt. Eelnevalt lakitud laudp\u00f5randad: vana lakk soovitatakse kuni puhta puiduni maha lihvida ning sellele j\u00e4rgnevalt lakkida vastavalt t\u00f6\u00f6tlemata laudp\u00f5randa lakkimisjuhistele. Kui vana lakk on heas seisukorras, v\u00f5ib sellele peale kanda HELO AQUA 5 vastavalt viimistlusjuhisele: vana pind peab olema vahelihvitud (liivapaber nr 100-150). Sellisel juhul testitakse eelnevalt naket v\u00e4ikesel pinnal.<\/p>\n<p>V\u00e4rvimise ja kuivamise ajal peab \u00f5hu, v\u00e4rvitava pinna ja v\u00e4rvi temp. olema \u00fcle +10 \u00b0C, ja \u00f5hu suhteline niiskus alla 80%.<\/p>\n<p><strong>Ladustamine: <\/strong> Ei tohi j\u00e4\u00e4tuda.<br \/>\n<strong>Kandmismeetod: <\/strong>Sobiv k\u00f5rgsurvepihusti d\u00fc\u00fcs: 0,009 &#8211; 0,015&#8243;.<\/p>\n\t\t<\/div>\n\t\t\t\t\t<\/div>\n\n\t\n\n\t<div id=\"col-1571780499\" class=\"col medium-3 small-12 large-3\"  >\n\t\t\t\t<div class=\"col-inner\"  >\n\t\t\t\n\t\t\t\n\t<div id=\"gap-853526970\" class=\"gap-element clearfix\" style=\"display:block; height:auto;\">\n\t\t\n<style>\n#gap-853526970 {\n  padding-top: 30px;\n}\n<\/style>\n\t<\/div>\n\t\n<h3>Ohutuskaart<\/h3>\n<p><a href=\"https:\/\/espak.ee\/epood\/wp-content\/uploads\/2024\/03\/HELO-AQUA-5_2022-08-22_EE_et.pdf\"target=\"_blank\" rel=\"noopener noreferrer\"><i class=\"far fa-file-pdf\"><\/i> Ohutuskaart (PDF)<\/a><\/p>\n<div class=\"is-divider divider clearfix\" ><\/div>\n<p><strong>\u00dcksikasjalikuma n\u00f5u saamiseks v\u00f5tke \u00fchendust:<br \/><\/strong>Teknos O\u00dc<br \/>Kesk tee 29, Aaviku k\u00fcla<br \/>Rae vald, Harjumaa<br \/>75 305<br \/>+372 656 34 91<\/p>\n\t\t<\/div>\n\t\t\t\t\t<\/div>\n\n\t\n<\/div>\n","protected":false},"excerpt":{"rendered":"","protected":false},"featured_media":191088,"comment_status":"closed","ping_status":"closed","template":"","meta":[],"product_brand":[],"product_cat":[2693,2694,2684,2683],"product_tag":[],"class_list":{"0":"post-190962","1":"product","2":"type-product","3":"status-publish","4":"has-post-thumbnail","6":"product_cat-lakid-peitsid-olid-puidukaitse","7":"product_cat-siselakid-ja-peitsid","8":"product_cat-varvid-lakid-lahustid-puidukaitsed-olid","9":"product_cat-viimistluskaubad","10":"product_shipping_class-dpd-cold","11":"pa_kaubamark-teknos-ou","13":"first","14":"instock","15":"sale","16":"taxable","17":"shipping-taxable","18":"purchasable","19":"product-type-simple"},"yoast_head":"<!-- This site is optimized with the Yoast SEO plugin v26.9 - https:\/\/yoast.com\/product\/yoast-seo-wordpress\/ -->\n<title>T\u00c4ISMATT SPETSIAALLAKK HELO AQUA 5 0,9L - Espak E-pood<\/title>\n<meta name=\"robots\" content=\"index, follow, max-snippet:-1, max-image-preview:large, max-video-preview:-1\" \/>\n<link rel=\"canonical\" href=\"https:\/\/espak.ee\/epood\/toode\/taismatt-spetsiaallakk-helo-aqua-5-09l\/\" \/>\n<meta property=\"og:locale\" content=\"et_EE\" \/>\n<meta property=\"og:type\" content=\"article\" \/>\n<meta property=\"og:title\" content=\"T\u00c4ISMATT SPETSIAALLAKK HELO AQUA 5 0,9L - Espak E-pood\" \/>\n<meta property=\"og:url\" content=\"https:\/\/espak.ee\/epood\/toode\/taismatt-spetsiaallakk-helo-aqua-5-09l\/\" \/>\n<meta property=\"og:site_name\" content=\"Espak E-pood\" \/>\n<meta property=\"article:modified_time\" content=\"2026-03-21T07:24:40+00:00\" \/>\n<meta property=\"og:image\" content=\"https:\/\/espak.ee\/epood\/wp-content\/uploads\/2024\/03\/teknos_3l_helo-aqua-5.jpg\" \/>\n\t<meta property=\"og:image:width\" content=\"1000\" \/>\n\t<meta property=\"og:image:height\" content=\"1000\" \/>\n\t<meta property=\"og:image:type\" content=\"image\/jpeg\" \/>\n<meta name=\"twitter:card\" content=\"summary_large_image\" \/>\n<meta name=\"twitter:label1\" content=\"Est. reading time\" \/>\n\t<meta name=\"twitter:data1\" content=\"1 minut\" \/>\n<script type=\"application\/ld+json\" class=\"yoast-schema-graph\">{\"@context\":\"https:\/\/schema.org\",\"@graph\":[{\"@type\":\"WebPage\",\"@id\":\"https:\/\/espak.ee\/epood\/toode\/taismatt-spetsiaallakk-helo-aqua-5-09l\/\",\"url\":\"https:\/\/espak.ee\/epood\/toode\/taismatt-spetsiaallakk-helo-aqua-5-09l\/\",\"name\":\"T\u00c4ISMATT SPETSIAALLAKK HELO AQUA 5 0,9L - Espak E-pood\",\"isPartOf\":{\"@id\":\"https:\/\/espak.ee\/epood\/#website\"},\"primaryImageOfPage\":{\"@id\":\"https:\/\/espak.ee\/epood\/toode\/taismatt-spetsiaallakk-helo-aqua-5-09l\/#primaryimage\"},\"image\":{\"@id\":\"https:\/\/espak.ee\/epood\/toode\/taismatt-spetsiaallakk-helo-aqua-5-09l\/#primaryimage\"},\"thumbnailUrl\":\"https:\/\/espak.ee\/epood\/wp-content\/uploads\/2024\/03\/teknos_3l_helo-aqua-5.jpg\",\"datePublished\":\"2024-03-14T03:05:23+00:00\",\"dateModified\":\"2026-03-21T07:24:40+00:00\",\"breadcrumb\":{\"@id\":\"https:\/\/espak.ee\/epood\/toode\/taismatt-spetsiaallakk-helo-aqua-5-09l\/#breadcrumb\"},\"inLanguage\":\"et\",\"potentialAction\":[{\"@type\":\"ReadAction\",\"target\":[\"https:\/\/espak.ee\/epood\/toode\/taismatt-spetsiaallakk-helo-aqua-5-09l\/\"]}]},{\"@type\":\"ImageObject\",\"inLanguage\":\"et\",\"@id\":\"https:\/\/espak.ee\/epood\/toode\/taismatt-spetsiaallakk-helo-aqua-5-09l\/#primaryimage\",\"url\":\"https:\/\/espak.ee\/epood\/wp-content\/uploads\/2024\/03\/teknos_3l_helo-aqua-5.jpg\",\"contentUrl\":\"https:\/\/espak.ee\/epood\/wp-content\/uploads\/2024\/03\/teknos_3l_helo-aqua-5.jpg\",\"width\":1000,\"height\":1000},{\"@type\":\"BreadcrumbList\",\"@id\":\"https:\/\/espak.ee\/epood\/toode\/taismatt-spetsiaallakk-helo-aqua-5-09l\/#breadcrumb\",\"itemListElement\":[{\"@type\":\"ListItem\",\"position\":1,\"name\":\"Home\",\"item\":\"https:\/\/espak.ee\/epood\/\"},{\"@type\":\"ListItem\",\"position\":2,\"name\":\"Tootevalik\",\"item\":\"https:\/\/espak.ee\/epood\/tootevalik\/\"},{\"@type\":\"ListItem\",\"position\":3,\"name\":\"T\u00c4ISMATT SPETSIAALLAKK HELO AQUA 5 0,9L\"}]},{\"@type\":\"WebSite\",\"@id\":\"https:\/\/espak.ee\/epood\/#website\",\"url\":\"https:\/\/espak.ee\/epood\/\",\"name\":\"Espak E-pood\",\"description\":\"\",\"potentialAction\":[{\"@type\":\"SearchAction\",\"target\":{\"@type\":\"EntryPoint\",\"urlTemplate\":\"https:\/\/espak.ee\/epood\/?s={search_term_string}\"},\"query-input\":{\"@type\":\"PropertyValueSpecification\",\"valueRequired\":true,\"valueName\":\"search_term_string\"}}],\"inLanguage\":\"et\"}]}<\/script>\n<!-- \/ Yoast SEO plugin. -->","yoast_head_json":{"title":"T\u00c4ISMATT SPETSIAALLAKK HELO AQUA 5 0,9L - Espak E-pood","robots":{"index":"index","follow":"follow","max-snippet":"max-snippet:-1","max-image-preview":"max-image-preview:large","max-video-preview":"max-video-preview:-1"},"canonical":"https:\/\/espak.ee\/epood\/toode\/taismatt-spetsiaallakk-helo-aqua-5-09l\/","og_locale":"et_EE","og_type":"article","og_title":"T\u00c4ISMATT SPETSIAALLAKK HELO AQUA 5 0,9L - Espak E-pood","og_url":"https:\/\/espak.ee\/epood\/toode\/taismatt-spetsiaallakk-helo-aqua-5-09l\/","og_site_name":"Espak E-pood","article_modified_time":"2026-03-21T07:24:40+00:00","og_image":[{"width":1000,"height":1000,"url":"https:\/\/espak.ee\/epood\/wp-content\/uploads\/2024\/03\/teknos_3l_helo-aqua-5.jpg","type":"image\/jpeg"}],"twitter_card":"summary_large_image","twitter_misc":{"Est. reading time":"1 minut"},"schema":{"@context":"https:\/\/schema.org","@graph":[{"@type":"WebPage","@id":"https:\/\/espak.ee\/epood\/toode\/taismatt-spetsiaallakk-helo-aqua-5-09l\/","url":"https:\/\/espak.ee\/epood\/toode\/taismatt-spetsiaallakk-helo-aqua-5-09l\/","name":"T\u00c4ISMATT SPETSIAALLAKK HELO AQUA 5 0,9L - Espak E-pood","isPartOf":{"@id":"https:\/\/espak.ee\/epood\/#website"},"primaryImageOfPage":{"@id":"https:\/\/espak.ee\/epood\/toode\/taismatt-spetsiaallakk-helo-aqua-5-09l\/#primaryimage"},"image":{"@id":"https:\/\/espak.ee\/epood\/toode\/taismatt-spetsiaallakk-helo-aqua-5-09l\/#primaryimage"},"thumbnailUrl":"https:\/\/espak.ee\/epood\/wp-content\/uploads\/2024\/03\/teknos_3l_helo-aqua-5.jpg","datePublished":"2024-03-14T03:05:23+00:00","dateModified":"2026-03-21T07:24:40+00:00","breadcrumb":{"@id":"https:\/\/espak.ee\/epood\/toode\/taismatt-spetsiaallakk-helo-aqua-5-09l\/#breadcrumb"},"inLanguage":"et","potentialAction":[{"@type":"ReadAction","target":["https:\/\/espak.ee\/epood\/toode\/taismatt-spetsiaallakk-helo-aqua-5-09l\/"]}]},{"@type":"ImageObject","inLanguage":"et","@id":"https:\/\/espak.ee\/epood\/toode\/taismatt-spetsiaallakk-helo-aqua-5-09l\/#primaryimage","url":"https:\/\/espak.ee\/epood\/wp-content\/uploads\/2024\/03\/teknos_3l_helo-aqua-5.jpg","contentUrl":"https:\/\/espak.ee\/epood\/wp-content\/uploads\/2024\/03\/teknos_3l_helo-aqua-5.jpg","width":1000,"height":1000},{"@type":"BreadcrumbList","@id":"https:\/\/espak.ee\/epood\/toode\/taismatt-spetsiaallakk-helo-aqua-5-09l\/#breadcrumb","itemListElement":[{"@type":"ListItem","position":1,"name":"Home","item":"https:\/\/espak.ee\/epood\/"},{"@type":"ListItem","position":2,"name":"Tootevalik","item":"https:\/\/espak.ee\/epood\/tootevalik\/"},{"@type":"ListItem","position":3,"name":"T\u00c4ISMATT SPETSIAALLAKK HELO AQUA 5 0,9L"}]},{"@type":"WebSite","@id":"https:\/\/espak.ee\/epood\/#website","url":"https:\/\/espak.ee\/epood\/","name":"Espak E-pood","description":"","potentialAction":[{"@type":"SearchAction","target":{"@type":"EntryPoint","urlTemplate":"https:\/\/espak.ee\/epood\/?s={search_term_string}"},"query-input":{"@type":"PropertyValueSpecification","valueRequired":true,"valueName":"search_term_string"}}],"inLanguage":"et"}]}},"_links":{"self":[{"href":"https:\/\/espak.ee\/epood\/wp-json\/wp\/v2\/product\/190962","targetHints":{"allow":["GET"]}}],"collection":[{"href":"https:\/\/espak.ee\/epood\/wp-json\/wp\/v2\/product"}],"about":[{"href":"https:\/\/espak.ee\/epood\/wp-json\/wp\/v2\/types\/product"}],"replies":[{"embeddable":true,"href":"https:\/\/espak.ee\/epood\/wp-json\/wp\/v2\/comments?post=190962"}],"wp:featuredmedia":[{"embeddable":true,"href":"https:\/\/espak.ee\/epood\/wp-json\/wp\/v2\/media\/191088"}],"wp:attachment":[{"href":"https:\/\/espak.ee\/epood\/wp-json\/wp\/v2\/media?parent=190962"}],"wp:term":[{"taxonomy":"product_brand","embeddable":true,"href":"https:\/\/espak.ee\/epood\/wp-json\/wp\/v2\/product_brand?post=190962"},{"taxonomy":"product_cat","embeddable":true,"href":"https:\/\/espak.ee\/epood\/wp-json\/wp\/v2\/product_cat?post=190962"},{"taxonomy":"product_tag","embeddable":true,"href":"https:\/\/espak.ee\/epood\/wp-json\/wp\/v2\/product_tag?post=190962"}],"curies":[{"name":"wp","href":"https:\/\/api.w.org\/{rel}","templated":true}]}}