{"id":18979,"date":"2020-04-08T03:45:42","date_gmt":"2020-04-08T00:45:42","guid":{"rendered":"https:\/\/espak.ee\/hinnakiri\/?post_type=product&#038;p=18979"},"modified":"2026-03-21T10:08:07","modified_gmt":"2026-03-21T08:08:07","slug":"dekoratiivkrohv-valle-5kg","status":"publish","type":"product","link":"https:\/\/espak.ee\/epood\/toode\/dekoratiivkrohv-valle-5kg\/","title":{"rendered":"DEKORATIIVKROHV VALLE 5KG"},"content":{"rendered":"<div class=\"row\"  id=\"row-2958281\">\n\n\t<div id=\"col-1798110195\" class=\"col medium-9 small-12 large-9\"  >\n\t\t\t\t<div class=\"col-inner\"  >\n\t\t\t\n\t\t\t\n<h2>VALLE<\/h2>\n<p>Dekoratiivkrohv annab v\u00f5imaluse luua dekoreeritavale pinnale loodusest inspireeritud efekte (aja jooksul tuulest kulutatud liivakivi, m\u00e4estikuorg linnulennu k\u00f5rguselt jne). Pilkup\u00fc\u00fcdvad mitmek\u00fclgsed faktuurid koos laialdase v\u00e4rvigammaga annavad palju v\u00f5imalusi julgete loominguliste ideede elluviimiseks nii eluruumide kui \u00fchiskasutatavate ruumide interj\u00f6\u00f6ride kujundamisel. V\u00f5imalik on luua mitmesuguseid erinevaid stiile nagu kantri jms. Moodustab elastse m\u00f5ranemiskindla katte, mis varjab pinna ebatasasusi ega n\u00f5ua seet\u00f5ttu eriti ulatuslikke t\u00f6id seina ettevalmistamisel.<\/p>\n<div class=\"message-box relative\" style=\"padding-top:15px;padding-bottom:15px;\"><div class=\"message-box-bg-image bg-fill fill\" ><\/div><div class=\"message-box-bg-overlay bg-fill fill\" ><\/div><div class=\"container relative\"><div class=\"inner last-reset\">\n<div class=\"row align-middle align-center\"  id=\"row-1902590270\">\n\n\t<div id=\"col-1364118642\" class=\"col small-12 large-12\"  >\n\t\t\t\t<div class=\"col-inner text-left\"  >\n\t\t\t\n\t\t\t\n<h4>Omadused<\/h4>\n<div class=\"row\"  id=\"row-1088799857\">\n\n\t<div id=\"col-86500051\" class=\"col medium-6 small-12 large-6\"  >\n\t\t\t\t<div class=\"col-inner\"  >\n\t\t\t\n\t\t\t\n<p><i class=\"fa fa-check fa-2x\"><\/i> <strong>Toode on kasutatav siset\u00f6\u00f6deks<\/strong><\/p>\n<p><i class=\"fa fa-check fa-2x\"><\/i> <strong>Toodet v\u00f5ib hoida ainult temperatuuril \u00fcle +5\u00baC<\/strong><\/p>\n\t\t<\/div>\n\t\t\t\t\n<style>\n#col-86500051 > .col-inner {\n  margin: 0px 0px 15px 0px;\n}\n<\/style>\n\t<\/div>\n\n\t\n\n\t<div id=\"col-1436861708\" class=\"col medium-6 small-12 large-6\"  >\n\t\t\t\t<div class=\"col-inner\"  >\n\t\t\t\n\t\t\t\n<p><i class=\"fa fa-check fa-2x\"><\/i> <strong>Dekoratiivpinnakattevahendite<\/strong><\/p>\n\t\t<\/div>\n\t\t\t\t\n<style>\n#col-1436861708 > .col-inner {\n  margin: 0px 0px 15px 0px;\n}\n<\/style>\n\t<\/div>\n\n\t\n<\/div>\n\t\t<\/div>\n\t\t\t\t\t<\/div>\n\n\t\n<\/div>\n<\/div><\/div><\/div>\n\t<div id=\"gap-1648853242\" class=\"gap-element clearfix\" style=\"display:block; height:auto;\">\n\t\t\n<style>\n#gap-1648853242 {\n  padding-top: 30px;\n}\n<\/style>\n\t<\/div>\n\t\n\t\t<\/div>\n\t\t\t\t\t<\/div>\n\n\t\n\n\t<div id=\"col-234969092\" class=\"col medium-3 small-12 large-3\"  >\n\t\t\t\t<div class=\"col-inner\"  >\n\t\t\t\n\t\t\t\n\t<div id=\"gap-381430137\" class=\"gap-element clearfix\" style=\"display:block; height:auto;\">\n\t\t\n<style>\n#gap-381430137 {\n  padding-top: 30px;\n}\n<\/style>\n\t<\/div>\n\t\n<div class=\"is-divider divider clearfix\" ><\/div>\n<p><strong>\u00dcksikasjalikuma n\u00f5u saamiseks v\u00f5tke \u00fchendust:<br \/><\/strong>RIIA LAKID O\u00dc<br \/>Kantsi 3<br \/>11415<br \/>Tallinn<br \/>+372 6335439<\/p>\n<div class=\"is-divider divider clearfix\" ><\/div>\n\t\t<\/div>\n\t\t\t\t\t<\/div>\n\n\t\n<\/div>\n","protected":false},"excerpt":{"rendered":"","protected":false},"featured_media":22463,"comment_status":"closed","ping_status":"open","template":"","meta":[],"product_brand":[],"product_cat":[2828,2685,2684,2683],"product_tag":[],"class_list":{"0":"post-18979","1":"product","2":"type-product","3":"status-publish","4":"has-post-thumbnail","6":"product_cat-efektvarvid","7":"product_cat-varvid","8":"product_cat-varvid-lakid-lahustid-puidukaitsed-olid","9":"product_cat-viimistluskaubad","10":"product_shipping_class-dpd-cold","11":"pa_kaubamark-riia-lakid-ou","13":"first","14":"instock","15":"sale","16":"taxable","17":"shipping-taxable","18":"purchasable","19":"product-type-simple"},"yoast_head":"<!-- This site is optimized with the Yoast SEO plugin v26.9 - https:\/\/yoast.com\/product\/yoast-seo-wordpress\/ -->\n<title>DEKORATIIVKROHV VALLE 5KG - Espak E-pood<\/title>\n<meta name=\"robots\" content=\"index, follow, max-snippet:-1, max-image-preview:large, max-video-preview:-1\" \/>\n<link rel=\"canonical\" href=\"https:\/\/espak.ee\/epood\/toode\/dekoratiivkrohv-valle-5kg\/\" \/>\n<meta property=\"og:locale\" content=\"et_EE\" \/>\n<meta property=\"og:type\" content=\"article\" \/>\n<meta property=\"og:title\" content=\"DEKORATIIVKROHV VALLE 5KG - Espak E-pood\" \/>\n<meta property=\"og:url\" content=\"https:\/\/espak.ee\/epood\/toode\/dekoratiivkrohv-valle-5kg\/\" \/>\n<meta property=\"og:site_name\" content=\"Espak E-pood\" \/>\n<meta property=\"article:modified_time\" content=\"2026-03-21T08:08:07+00:00\" \/>\n<meta property=\"og:image\" content=\"https:\/\/espak.ee\/epood\/wp-content\/uploads\/valle.jpg\" \/>\n\t<meta property=\"og:image:width\" content=\"875\" \/>\n\t<meta property=\"og:image:height\" content=\"875\" \/>\n\t<meta property=\"og:image:type\" content=\"image\/jpeg\" \/>\n<meta name=\"twitter:card\" content=\"summary_large_image\" \/>\n<meta name=\"twitter:label1\" content=\"Est. reading time\" \/>\n\t<meta name=\"twitter:data1\" content=\"1 minut\" \/>\n<script type=\"application\/ld+json\" class=\"yoast-schema-graph\">{\"@context\":\"https:\/\/schema.org\",\"@graph\":[{\"@type\":\"WebPage\",\"@id\":\"https:\/\/espak.ee\/epood\/toode\/dekoratiivkrohv-valle-5kg\/\",\"url\":\"https:\/\/espak.ee\/epood\/toode\/dekoratiivkrohv-valle-5kg\/\",\"name\":\"DEKORATIIVKROHV VALLE 5KG - Espak E-pood\",\"isPartOf\":{\"@id\":\"https:\/\/espak.ee\/epood\/#website\"},\"primaryImageOfPage\":{\"@id\":\"https:\/\/espak.ee\/epood\/toode\/dekoratiivkrohv-valle-5kg\/#primaryimage\"},\"image\":{\"@id\":\"https:\/\/espak.ee\/epood\/toode\/dekoratiivkrohv-valle-5kg\/#primaryimage\"},\"thumbnailUrl\":\"https:\/\/espak.ee\/epood\/wp-content\/uploads\/valle.jpg\",\"datePublished\":\"2020-04-08T00:45:42+00:00\",\"dateModified\":\"2026-03-21T08:08:07+00:00\",\"breadcrumb\":{\"@id\":\"https:\/\/espak.ee\/epood\/toode\/dekoratiivkrohv-valle-5kg\/#breadcrumb\"},\"inLanguage\":\"et\",\"potentialAction\":[{\"@type\":\"ReadAction\",\"target\":[\"https:\/\/espak.ee\/epood\/toode\/dekoratiivkrohv-valle-5kg\/\"]}]},{\"@type\":\"ImageObject\",\"inLanguage\":\"et\",\"@id\":\"https:\/\/espak.ee\/epood\/toode\/dekoratiivkrohv-valle-5kg\/#primaryimage\",\"url\":\"https:\/\/espak.ee\/epood\/wp-content\/uploads\/valle.jpg\",\"contentUrl\":\"https:\/\/espak.ee\/epood\/wp-content\/uploads\/valle.jpg\",\"width\":875,\"height\":875},{\"@type\":\"BreadcrumbList\",\"@id\":\"https:\/\/espak.ee\/epood\/toode\/dekoratiivkrohv-valle-5kg\/#breadcrumb\",\"itemListElement\":[{\"@type\":\"ListItem\",\"position\":1,\"name\":\"Home\",\"item\":\"https:\/\/espak.ee\/epood\/\"},{\"@type\":\"ListItem\",\"position\":2,\"name\":\"Tootevalik\",\"item\":\"https:\/\/espak.ee\/epood\/tootevalik\/\"},{\"@type\":\"ListItem\",\"position\":3,\"name\":\"DEKORATIIVKROHV VALLE 5KG\"}]},{\"@type\":\"WebSite\",\"@id\":\"https:\/\/espak.ee\/epood\/#website\",\"url\":\"https:\/\/espak.ee\/epood\/\",\"name\":\"Espak E-pood\",\"description\":\"\",\"potentialAction\":[{\"@type\":\"SearchAction\",\"target\":{\"@type\":\"EntryPoint\",\"urlTemplate\":\"https:\/\/espak.ee\/epood\/?s={search_term_string}\"},\"query-input\":{\"@type\":\"PropertyValueSpecification\",\"valueRequired\":true,\"valueName\":\"search_term_string\"}}],\"inLanguage\":\"et\"}]}<\/script>\n<!-- \/ Yoast SEO plugin. -->","yoast_head_json":{"title":"DEKORATIIVKROHV VALLE 5KG - Espak E-pood","robots":{"index":"index","follow":"follow","max-snippet":"max-snippet:-1","max-image-preview":"max-image-preview:large","max-video-preview":"max-video-preview:-1"},"canonical":"https:\/\/espak.ee\/epood\/toode\/dekoratiivkrohv-valle-5kg\/","og_locale":"et_EE","og_type":"article","og_title":"DEKORATIIVKROHV VALLE 5KG - Espak E-pood","og_url":"https:\/\/espak.ee\/epood\/toode\/dekoratiivkrohv-valle-5kg\/","og_site_name":"Espak E-pood","article_modified_time":"2026-03-21T08:08:07+00:00","og_image":[{"width":875,"height":875,"url":"https:\/\/espak.ee\/epood\/wp-content\/uploads\/valle.jpg","type":"image\/jpeg"}],"twitter_card":"summary_large_image","twitter_misc":{"Est. reading time":"1 minut"},"schema":{"@context":"https:\/\/schema.org","@graph":[{"@type":"WebPage","@id":"https:\/\/espak.ee\/epood\/toode\/dekoratiivkrohv-valle-5kg\/","url":"https:\/\/espak.ee\/epood\/toode\/dekoratiivkrohv-valle-5kg\/","name":"DEKORATIIVKROHV VALLE 5KG - Espak E-pood","isPartOf":{"@id":"https:\/\/espak.ee\/epood\/#website"},"primaryImageOfPage":{"@id":"https:\/\/espak.ee\/epood\/toode\/dekoratiivkrohv-valle-5kg\/#primaryimage"},"image":{"@id":"https:\/\/espak.ee\/epood\/toode\/dekoratiivkrohv-valle-5kg\/#primaryimage"},"thumbnailUrl":"https:\/\/espak.ee\/epood\/wp-content\/uploads\/valle.jpg","datePublished":"2020-04-08T00:45:42+00:00","dateModified":"2026-03-21T08:08:07+00:00","breadcrumb":{"@id":"https:\/\/espak.ee\/epood\/toode\/dekoratiivkrohv-valle-5kg\/#breadcrumb"},"inLanguage":"et","potentialAction":[{"@type":"ReadAction","target":["https:\/\/espak.ee\/epood\/toode\/dekoratiivkrohv-valle-5kg\/"]}]},{"@type":"ImageObject","inLanguage":"et","@id":"https:\/\/espak.ee\/epood\/toode\/dekoratiivkrohv-valle-5kg\/#primaryimage","url":"https:\/\/espak.ee\/epood\/wp-content\/uploads\/valle.jpg","contentUrl":"https:\/\/espak.ee\/epood\/wp-content\/uploads\/valle.jpg","width":875,"height":875},{"@type":"BreadcrumbList","@id":"https:\/\/espak.ee\/epood\/toode\/dekoratiivkrohv-valle-5kg\/#breadcrumb","itemListElement":[{"@type":"ListItem","position":1,"name":"Home","item":"https:\/\/espak.ee\/epood\/"},{"@type":"ListItem","position":2,"name":"Tootevalik","item":"https:\/\/espak.ee\/epood\/tootevalik\/"},{"@type":"ListItem","position":3,"name":"DEKORATIIVKROHV VALLE 5KG"}]},{"@type":"WebSite","@id":"https:\/\/espak.ee\/epood\/#website","url":"https:\/\/espak.ee\/epood\/","name":"Espak E-pood","description":"","potentialAction":[{"@type":"SearchAction","target":{"@type":"EntryPoint","urlTemplate":"https:\/\/espak.ee\/epood\/?s={search_term_string}"},"query-input":{"@type":"PropertyValueSpecification","valueRequired":true,"valueName":"search_term_string"}}],"inLanguage":"et"}]}},"_links":{"self":[{"href":"https:\/\/espak.ee\/epood\/wp-json\/wp\/v2\/product\/18979","targetHints":{"allow":["GET"]}}],"collection":[{"href":"https:\/\/espak.ee\/epood\/wp-json\/wp\/v2\/product"}],"about":[{"href":"https:\/\/espak.ee\/epood\/wp-json\/wp\/v2\/types\/product"}],"replies":[{"embeddable":true,"href":"https:\/\/espak.ee\/epood\/wp-json\/wp\/v2\/comments?post=18979"}],"wp:featuredmedia":[{"embeddable":true,"href":"https:\/\/espak.ee\/epood\/wp-json\/wp\/v2\/media\/22463"}],"wp:attachment":[{"href":"https:\/\/espak.ee\/epood\/wp-json\/wp\/v2\/media?parent=18979"}],"wp:term":[{"taxonomy":"product_brand","embeddable":true,"href":"https:\/\/espak.ee\/epood\/wp-json\/wp\/v2\/product_brand?post=18979"},{"taxonomy":"product_cat","embeddable":true,"href":"https:\/\/espak.ee\/epood\/wp-json\/wp\/v2\/product_cat?post=18979"},{"taxonomy":"product_tag","embeddable":true,"href":"https:\/\/espak.ee\/epood\/wp-json\/wp\/v2\/product_tag?post=18979"}],"curies":[{"name":"wp","href":"https:\/\/api.w.org\/{rel}","templated":true}]}}