{"id":189750,"date":"2024-03-05T05:05:03","date_gmt":"2024-03-05T03:05:03","guid":{"rendered":"https:\/\/espak.ee\/epood\/?post_type=product&#038;p=189750"},"modified":"2024-03-23T00:45:28","modified_gmt":"2024-03-22T22:45:28","slug":"kott-tool-diana-250l-erk-laim","status":"publish","type":"product","link":"https:\/\/espak.ee\/epood\/toode\/kott-tool-diana-250l-erk-laim\/","title":{"rendered":"KOTT-TOOL DIANA 250L ERK LAIM"},"content":{"rendered":"<div class=\"row\"  id=\"row-1807806370\">\n\n\t<div id=\"col-114792165\" class=\"col medium-9 small-12 large-9\"  >\n\t\t\t\t<div class=\"col-inner\"  >\n\t\t\t\n\t\t\t\n<h3>Kott-tool Diana 250L erk laim<\/h3>\n<p>Original kangas on pehme spetsiaalselt m\u00f6\u00f6bli jaoks loodud kunstnahk, mis on vastupidav ja tagades niiviisi kott-toolile pikaealisuse ning samas on sellest valmistatud kott-tooli v\u00e4ga kerge k\u00f5igest m\u00e4rja lapiga puhastada.<\/p>\n<p>Diana on klassikaline pirnikujuline kott-tool, mis triumfeerib enimostetud mudelite pingereas k\u00f5rgel kohal, kuna pakub v\u00e4ga laia kasutusvaldkonda \u2013 v\u00e4iksemad suurused on popid lastetubades v\u00f5i lasteaedades ning suuremad mudelid pakuvad stiilset ja mugavat istumist elutubades v\u00f5i \u00fcldkasutatavatel aladel (kontorid, koolid, jne.)<\/p>\n<p>2-kordsed \u00f5mblused annavad kott-toolile vastupidavuse ja tagavad tema pikaealisuse.<\/p>\n<p>Kott-tool on t\u00e4idetud mittes\u00fcttivate ja sertifitseeritud vahtpol\u00fcst\u00fcreengraanulitega.<br \/>\nP\u00f5hja all oleva topeltluku taga on t\u00e4itmise koht, mille abil saab vajadusel lisada graanuleid. <\/p>\n<p>Kott-tooli m\u00f5\u00f5dud on ligikaudu:<br \/>\n250L mudel: Laius 85 cm, S\u00fcgavus 85 cm, K\u00f5rgus 110 cm.<\/p>\n<p><strong>Disainitud ja toodetud Eestis!<\/strong><\/p>\n\t\t<\/div>\n\t\t\t\t\t<\/div>\n\n\t\n\n\t<div id=\"col-1262006631\" class=\"col medium-3 small-12 large-3\"  >\n\t\t\t\t<div class=\"col-inner\"  >\n\t\t\t\n\t\t\t\n<p><strong>\u00dcksikasjalikuma n\u00f5u saamiseks v\u00f5tke \u00fchendust:<br \/><\/strong>Handymaster O\u00dc<br \/>P\u00f5llu 1, Kose<br \/>75101<br \/>Harjumaa<br \/> Telefon +372 50 91 271<\/p>\n\t\t<\/div>\n\t\t\t\t\t<\/div>\n\n\t\n<\/div>\n","protected":false},"excerpt":{"rendered":"","protected":false},"featured_media":190163,"comment_status":"closed","ping_status":"closed","template":"","meta":[],"product_brand":[],"product_cat":[2788,4807,4808,4080],"product_tag":[],"class_list":{"0":"post-189750","1":"product","2":"type-product","3":"status-publish","4":"has-post-thumbnail","6":"product_cat-aiatarbed-ja-kodukaubad","7":"product_cat-moobel","8":"product_cat-pehme-moobel","9":"product_cat-sisustuskaubad","10":"pa_kaubamark-handymaster-ou","12":"first","13":"instock","14":"sale","15":"taxable","16":"shipping-taxable","17":"purchasable","18":"product-type-simple"},"yoast_head":"<!-- This site is optimized with the Yoast SEO plugin v26.9 - https:\/\/yoast.com\/product\/yoast-seo-wordpress\/ -->\n<title>KOTT-TOOL DIANA 250L ERK LAIM - Espak E-pood<\/title>\n<meta name=\"robots\" content=\"index, follow, max-snippet:-1, max-image-preview:large, max-video-preview:-1\" \/>\n<link rel=\"canonical\" href=\"https:\/\/espak.ee\/epood\/toode\/kott-tool-diana-250l-erk-laim\/\" \/>\n<meta property=\"og:locale\" content=\"et_EE\" \/>\n<meta property=\"og:type\" content=\"article\" \/>\n<meta property=\"og:title\" content=\"KOTT-TOOL DIANA 250L ERK LAIM - Espak E-pood\" \/>\n<meta property=\"og:url\" content=\"https:\/\/espak.ee\/epood\/toode\/kott-tool-diana-250l-erk-laim\/\" \/>\n<meta property=\"og:site_name\" content=\"Espak E-pood\" \/>\n<meta property=\"article:modified_time\" content=\"2024-03-22T22:45:28+00:00\" \/>\n<meta property=\"og:image\" content=\"https:\/\/espak.ee\/epood\/wp-content\/uploads\/2024\/03\/Kott-tool-Diana-Original-150L-erklaim-D6005-1010-1-2.jpg\" \/>\n\t<meta property=\"og:image:width\" content=\"800\" \/>\n\t<meta property=\"og:image:height\" content=\"800\" \/>\n\t<meta property=\"og:image:type\" content=\"image\/jpeg\" \/>\n<meta name=\"twitter:card\" content=\"summary_large_image\" \/>\n<meta name=\"twitter:label1\" content=\"Est. reading time\" \/>\n\t<meta name=\"twitter:data1\" content=\"1 minut\" \/>\n<script type=\"application\/ld+json\" class=\"yoast-schema-graph\">{\"@context\":\"https:\/\/schema.org\",\"@graph\":[{\"@type\":\"WebPage\",\"@id\":\"https:\/\/espak.ee\/epood\/toode\/kott-tool-diana-250l-erk-laim\/\",\"url\":\"https:\/\/espak.ee\/epood\/toode\/kott-tool-diana-250l-erk-laim\/\",\"name\":\"KOTT-TOOL DIANA 250L ERK LAIM - Espak E-pood\",\"isPartOf\":{\"@id\":\"https:\/\/espak.ee\/epood\/#website\"},\"primaryImageOfPage\":{\"@id\":\"https:\/\/espak.ee\/epood\/toode\/kott-tool-diana-250l-erk-laim\/#primaryimage\"},\"image\":{\"@id\":\"https:\/\/espak.ee\/epood\/toode\/kott-tool-diana-250l-erk-laim\/#primaryimage\"},\"thumbnailUrl\":\"https:\/\/espak.ee\/epood\/wp-content\/uploads\/2024\/03\/Kott-tool-Diana-Original-150L-erklaim-D6005-1010-1-2.jpg\",\"datePublished\":\"2024-03-05T03:05:03+00:00\",\"dateModified\":\"2024-03-22T22:45:28+00:00\",\"breadcrumb\":{\"@id\":\"https:\/\/espak.ee\/epood\/toode\/kott-tool-diana-250l-erk-laim\/#breadcrumb\"},\"inLanguage\":\"et\",\"potentialAction\":[{\"@type\":\"ReadAction\",\"target\":[\"https:\/\/espak.ee\/epood\/toode\/kott-tool-diana-250l-erk-laim\/\"]}]},{\"@type\":\"ImageObject\",\"inLanguage\":\"et\",\"@id\":\"https:\/\/espak.ee\/epood\/toode\/kott-tool-diana-250l-erk-laim\/#primaryimage\",\"url\":\"https:\/\/espak.ee\/epood\/wp-content\/uploads\/2024\/03\/Kott-tool-Diana-Original-150L-erklaim-D6005-1010-1-2.jpg\",\"contentUrl\":\"https:\/\/espak.ee\/epood\/wp-content\/uploads\/2024\/03\/Kott-tool-Diana-Original-150L-erklaim-D6005-1010-1-2.jpg\",\"width\":800,\"height\":800},{\"@type\":\"BreadcrumbList\",\"@id\":\"https:\/\/espak.ee\/epood\/toode\/kott-tool-diana-250l-erk-laim\/#breadcrumb\",\"itemListElement\":[{\"@type\":\"ListItem\",\"position\":1,\"name\":\"Home\",\"item\":\"https:\/\/espak.ee\/epood\/\"},{\"@type\":\"ListItem\",\"position\":2,\"name\":\"Tootevalik\",\"item\":\"https:\/\/espak.ee\/epood\/tootevalik\/\"},{\"@type\":\"ListItem\",\"position\":3,\"name\":\"KOTT-TOOL DIANA 250L ERK LAIM\"}]},{\"@type\":\"WebSite\",\"@id\":\"https:\/\/espak.ee\/epood\/#website\",\"url\":\"https:\/\/espak.ee\/epood\/\",\"name\":\"Espak E-pood\",\"description\":\"\",\"potentialAction\":[{\"@type\":\"SearchAction\",\"target\":{\"@type\":\"EntryPoint\",\"urlTemplate\":\"https:\/\/espak.ee\/epood\/?s={search_term_string}\"},\"query-input\":{\"@type\":\"PropertyValueSpecification\",\"valueRequired\":true,\"valueName\":\"search_term_string\"}}],\"inLanguage\":\"et\"}]}<\/script>\n<!-- \/ Yoast SEO plugin. -->","yoast_head_json":{"title":"KOTT-TOOL DIANA 250L ERK LAIM - Espak E-pood","robots":{"index":"index","follow":"follow","max-snippet":"max-snippet:-1","max-image-preview":"max-image-preview:large","max-video-preview":"max-video-preview:-1"},"canonical":"https:\/\/espak.ee\/epood\/toode\/kott-tool-diana-250l-erk-laim\/","og_locale":"et_EE","og_type":"article","og_title":"KOTT-TOOL DIANA 250L ERK LAIM - Espak E-pood","og_url":"https:\/\/espak.ee\/epood\/toode\/kott-tool-diana-250l-erk-laim\/","og_site_name":"Espak E-pood","article_modified_time":"2024-03-22T22:45:28+00:00","og_image":[{"width":800,"height":800,"url":"https:\/\/espak.ee\/epood\/wp-content\/uploads\/2024\/03\/Kott-tool-Diana-Original-150L-erklaim-D6005-1010-1-2.jpg","type":"image\/jpeg"}],"twitter_card":"summary_large_image","twitter_misc":{"Est. reading time":"1 minut"},"schema":{"@context":"https:\/\/schema.org","@graph":[{"@type":"WebPage","@id":"https:\/\/espak.ee\/epood\/toode\/kott-tool-diana-250l-erk-laim\/","url":"https:\/\/espak.ee\/epood\/toode\/kott-tool-diana-250l-erk-laim\/","name":"KOTT-TOOL DIANA 250L ERK LAIM - Espak E-pood","isPartOf":{"@id":"https:\/\/espak.ee\/epood\/#website"},"primaryImageOfPage":{"@id":"https:\/\/espak.ee\/epood\/toode\/kott-tool-diana-250l-erk-laim\/#primaryimage"},"image":{"@id":"https:\/\/espak.ee\/epood\/toode\/kott-tool-diana-250l-erk-laim\/#primaryimage"},"thumbnailUrl":"https:\/\/espak.ee\/epood\/wp-content\/uploads\/2024\/03\/Kott-tool-Diana-Original-150L-erklaim-D6005-1010-1-2.jpg","datePublished":"2024-03-05T03:05:03+00:00","dateModified":"2024-03-22T22:45:28+00:00","breadcrumb":{"@id":"https:\/\/espak.ee\/epood\/toode\/kott-tool-diana-250l-erk-laim\/#breadcrumb"},"inLanguage":"et","potentialAction":[{"@type":"ReadAction","target":["https:\/\/espak.ee\/epood\/toode\/kott-tool-diana-250l-erk-laim\/"]}]},{"@type":"ImageObject","inLanguage":"et","@id":"https:\/\/espak.ee\/epood\/toode\/kott-tool-diana-250l-erk-laim\/#primaryimage","url":"https:\/\/espak.ee\/epood\/wp-content\/uploads\/2024\/03\/Kott-tool-Diana-Original-150L-erklaim-D6005-1010-1-2.jpg","contentUrl":"https:\/\/espak.ee\/epood\/wp-content\/uploads\/2024\/03\/Kott-tool-Diana-Original-150L-erklaim-D6005-1010-1-2.jpg","width":800,"height":800},{"@type":"BreadcrumbList","@id":"https:\/\/espak.ee\/epood\/toode\/kott-tool-diana-250l-erk-laim\/#breadcrumb","itemListElement":[{"@type":"ListItem","position":1,"name":"Home","item":"https:\/\/espak.ee\/epood\/"},{"@type":"ListItem","position":2,"name":"Tootevalik","item":"https:\/\/espak.ee\/epood\/tootevalik\/"},{"@type":"ListItem","position":3,"name":"KOTT-TOOL DIANA 250L ERK LAIM"}]},{"@type":"WebSite","@id":"https:\/\/espak.ee\/epood\/#website","url":"https:\/\/espak.ee\/epood\/","name":"Espak E-pood","description":"","potentialAction":[{"@type":"SearchAction","target":{"@type":"EntryPoint","urlTemplate":"https:\/\/espak.ee\/epood\/?s={search_term_string}"},"query-input":{"@type":"PropertyValueSpecification","valueRequired":true,"valueName":"search_term_string"}}],"inLanguage":"et"}]}},"_links":{"self":[{"href":"https:\/\/espak.ee\/epood\/wp-json\/wp\/v2\/product\/189750","targetHints":{"allow":["GET"]}}],"collection":[{"href":"https:\/\/espak.ee\/epood\/wp-json\/wp\/v2\/product"}],"about":[{"href":"https:\/\/espak.ee\/epood\/wp-json\/wp\/v2\/types\/product"}],"replies":[{"embeddable":true,"href":"https:\/\/espak.ee\/epood\/wp-json\/wp\/v2\/comments?post=189750"}],"wp:featuredmedia":[{"embeddable":true,"href":"https:\/\/espak.ee\/epood\/wp-json\/wp\/v2\/media\/190163"}],"wp:attachment":[{"href":"https:\/\/espak.ee\/epood\/wp-json\/wp\/v2\/media?parent=189750"}],"wp:term":[{"taxonomy":"product_brand","embeddable":true,"href":"https:\/\/espak.ee\/epood\/wp-json\/wp\/v2\/product_brand?post=189750"},{"taxonomy":"product_cat","embeddable":true,"href":"https:\/\/espak.ee\/epood\/wp-json\/wp\/v2\/product_cat?post=189750"},{"taxonomy":"product_tag","embeddable":true,"href":"https:\/\/espak.ee\/epood\/wp-json\/wp\/v2\/product_tag?post=189750"}],"curies":[{"name":"wp","href":"https:\/\/api.w.org\/{rel}","templated":true}]}}