{"id":188259,"date":"2024-02-08T05:05:02","date_gmt":"2024-02-08T03:05:02","guid":{"rendered":"https:\/\/espak.ee\/epood\/?post_type=product&#038;p=188259"},"modified":"2026-03-21T10:19:43","modified_gmt":"2026-03-21T08:19:43","slug":"terrassioli-tumepruun-9l","status":"publish","type":"product","link":"https:\/\/espak.ee\/epood\/toode\/terrassioli-tumepruun-9l\/","title":{"rendered":"TERRASSI\u00d5LI TUMEPRUUN 9L"},"content":{"rendered":"<div class=\"row\"  id=\"row-1874311576\">\n\n\t<div id=\"col-635528249\" class=\"col medium-9 small-12 large-9\"  >\n\t\t\t\t<div class=\"col-inner\"  >\n\t\t\t\n\t\t\t\n<h2>Terrassi\u00f5li TERRACE tumepruun<\/h2>\n<p>Looduslikku tunga- ja lina\u00f5li sisaldav terrassi\u00f5li puidust v\u00e4lispinda kaitseks ja dekoratiivt\u00f6\u00f6tluseks.<\/p>\n<div class=\"message-box relative\" style=\"padding-top:15px;padding-bottom:15px;\"><div class=\"message-box-bg-image bg-fill fill\" ><\/div><div class=\"message-box-bg-overlay bg-fill fill\" ><\/div><div class=\"container relative\"><div class=\"inner last-reset\">\n<div class=\"row align-middle align-center\"  id=\"row-1408195058\">\n\n\t<div id=\"col-1632070607\" class=\"col small-12 large-12\"  >\n\t\t\t\t<div class=\"col-inner text-left\"  >\n\t\t\t\n\t\t\t\n<h4>Omadused<\/h4>\n<div class=\"row\"  id=\"row-434224198\">\n\n\t<div id=\"col-2110084021\" class=\"col medium-6 small-12 large-6\"  >\n\t\t\t\t<div class=\"col-inner\"  >\n\t\t\t\n\t\t\t\n<p><i class=\"fa fa-check fa-2x\"><\/i> <strong>Kaitseb ilmastikum\u00f5jude eest<\/strong><\/p>\n<p><i class=\"fa fa-check fa-2x\"><\/i> <strong>Annab puidule kena v\u00e4lisilme <\/strong><\/p>\n\t\t<\/div>\n\t\t\t\t\n<style>\n#col-2110084021 > .col-inner {\n  margin: 0px 0px 15px 0px;\n}\n<\/style>\n\t<\/div>\n\n\t\n\n\t<div id=\"col-1623281195\" class=\"col medium-6 small-12 large-6\"  >\n\t\t\t\t<div class=\"col-inner\"  >\n\t\t\t\n\t\t\t\n<p><i class=\"fa fa-check fa-2x\"><\/i> <strong>Imbub h\u00e4sti puitu<\/strong><\/p>\n<p><i class=\"fa fa-check fa-2x\"><\/i> <strong>Ennetab puidusine ja hallituse levikut<\/strong><\/p>\n\t\t<\/div>\n\t\t\t\t\n<style>\n#col-1623281195 > .col-inner {\n  margin: 0px 0px 15px 0px;\n}\n<\/style>\n\t<\/div>\n\n\t\n<\/div>\n\t\t<\/div>\n\t\t\t\t\t<\/div>\n\n\t\n<\/div>\n<\/div><\/div><\/div>\n\t<div id=\"gap-217446804\" class=\"gap-element clearfix\" style=\"display:block; height:auto;\">\n\t\t\n<style>\n#gap-217446804 {\n  padding-top: 30px;\n}\n<\/style>\n\t<\/div>\n\t\n<h3>Kasutamise \u00fcksikasjad<\/h3>\n<p><strong>Kasutusalad:<\/strong> Puittoodete ja -konstruktsioonide t\u00f6\u00f6tlemiseks: terrassid, laudised, purded, k\u00e4sipuud, trepid, aiam\u00f6\u00f6bel, piirded jne. V\u00e4list\u00f6\u00f6deks.<br \/>\nMitte kasutada lakitud ja v\u00e4rvitud pindadel. Mitte kasutada biokahjustustega pindadel. <\/p>\n<p><strong>\u00d5litatavad pinnad:<\/strong> Kasutatakse varem \u00f5litatud v\u00f5i surveimmutatud ning igat liiki t\u00f6\u00f6tlemata puitpinna kaitseks. Sobib h\u00e4sti h\u00f6\u00f6veldatud puidu t\u00f6\u00f6tlemiseks. V\u00e4list\u00f6\u00f6deks.<\/p>\n<p><strong>Aluspinna ettevalmistus:<\/strong> T\u00f6\u00f6deldav puitpind peab olema kuiv, puidu niiskus ei tohi \u00fcletada 20%.<br \/>\nSobiv t\u00f6\u00f6temperatuur on \u00fcle +5\u00b0C, lubatud suhteline \u00f5huniiskus kuni 80%. T\u00f6\u00f6deldav pind hoolikalt puhastada mustusest, rasvast ja tolmust. Puidu puhastamiseks ja pleegitamiseks kasutada vahendit Wood Cleaner (j\u00e4rgida toodete kasutusjuhendit). Pehkinud ja m\u00e4danenud lauad asendada uutega. Mitte kasutada biokahjustustega pindadel. Puitelementide kinnitamiseks on soovitav kasutada tsingitud kinnitusdetaile. Uue v\u00f5i puhastatud puitpinna kruntimiseks kasutada vahendit Biostop. T\u00f6\u00f6d ei ole soovitav teostada kuuma ilmaga, otseses p\u00e4ikesepaistes, tugeva tuulega vihma ega udu ajal. Arvestada, et t\u00f6\u00f6deldud pind j\u00f5uaks kuivada enne \u00f5htuse kaste teket.<br \/>\nP\u00f6\u00f6rake t\u00e4helepanu konstruktiivsetele puidukaitse meetoditele \u2013 hea drenaa\u017e, ventilatsioon, seinte ja katuse h\u00fcdroisolatsioon. Puidukaitsevahendite kasutamise tulemus s\u00f5ltub t\u00e4isv\u00e4\u00e4rtuslike konstruktiivsete puidukaitse meetodite kasutamisest.<\/p>\n<p><strong>\u00d5litamine:<\/strong> Enne kasutamist segada, samuti segada aeg ajalt t\u00f6\u00f6tamise k\u00e4igus. Kanda pinnale 1\u20262 kihti \u00fchtlaste kihtidena servast servani piki puidukiudu. J\u00e4lgida et ei j\u00e4\u00e4ks t\u00f6\u00f6tlemata kohti. Eriti hoolikalt viimistleda puidu otsapinnad.<br \/>\nLiigne \u00f5li eemaldada pinnalt lapiga. Enne j\u00e4rgmise kihi pealekandmist on vajalik eelnava kihi imbumine puitu, \u00fcleliigne \u00f5li pinnalt \u00e4ra p\u00fchkida. Terrassilauad on soovitav enne paigaldamist t\u00f6\u00f6delda ka alumiselt k\u00fcljelt. Pindasid, mida m\u00f5jutavad ilmastikuolud aastaringselt on soovitatav t\u00f6\u00f6delda iga aasta.<br \/>\nToonitud \u00f5li kasutamisel on soovitav \u00fchtlase v\u00e4rvitooni tagamiseks tooted kokku segada \u00fchte anumasse.<\/p>\n<p><strong>Hooldamine:<\/strong> Normaaltingimustes saavutab t\u00f6\u00f6deldud pind kulumiskindluse 1 n\u00e4dala p\u00e4rast. Pinna pesemiseks kasutatada vett ja vajadusel neutraalseid pesemisvahendeid (pH 6 kuni 8).<\/p>\n<p><strong>Ohutus:<\/strong> ETTEVAATUST. Sisaldab 4,5-dikloro-2-okt\u00fc\u00fcl-2H- isotiasool-3-ooni. V\u00f5ib esile kutsuda allergilise reaktsiooni. Sisaldab: s\u00fcsivesinikud, C10-C13, n-alkaanid, isoalkaanid, ts\u00fcklilised, <2% aromaatsed; ks\u00fcleen (isomeeride segu) et\u00fc\u00fclbenseen, tunga\u00f5li, lina\u00f5li. Nahale sattumisel v\u00f5i sissehingamisel kahjulik. Korduv kokkupuude v\u00f5ib p\u00f5hjustada naha kuivust v\u00f5i l\u00f5henemist. M\u00fcrgine veeorganismidele, pikaajaline toime. Allaneelamisel v\u00f5i hingamisteedesse sattumisel v\u00f5ib olla surmav. Hoida lastele k\u00e4ttesaamatus kohas. K\u00e4idelda \u00fcksnes v\u00e4litingimustes v\u00f5i h\u00e4sti ventileeritavas kohas. Kanda kaitsekindaid\/kaitser\u00f5ivastust\/kaitseprille\/kaitsemaski. ALLANEELAMISE KORRAL:v\u00f5tta viivitamata \u00fchendust M\u00dcRGISTUSTEABEKESKUSE v\u00f5i arstiga. MITTE kutsuda esile oksendamist. Arsti poole p\u00f6\u00f6rdudes v\u00f5tta kaasa toote pakend v\u00f5i etikett. Hoida lukustatult. Tulekahju korral kasutada pol\u00fcvalentseid pulberkustuteid (ABC-pulber). Kustutamisel POLE SOOVITATAV kasutada kraanivett.<\/p>\n\t\t<\/div>\n\t\t\t\t\t<\/div>\n\n\t\n\n\t<div id=\"col-999331091\" class=\"col medium-3 small-12 large-3\"  >\n\t\t\t\t<div class=\"col-inner\"  >\n\t\t\t\n\t\t\t\n\t<div id=\"gap-684627878\" class=\"gap-element clearfix\" style=\"display:block; height:auto;\">\n\t\t\n<style>\n#gap-684627878 {\n  padding-top: 30px;\n}\n<\/style>\n\t<\/div>\n\t\n<h3>Tehniline informatsioon<\/h3>\n<p><a href=\"https:\/\/espak.ee\/epood\/wp-content\/uploads\/2019\/12\/WEB_Passport_Eskaro_Wood_Terrace_Estonia_eesti_09.pdf\"target=\"_blank\" rel=\"noopener noreferrer\"><i class=\"far fa-file-pdf\"><\/i> Tehniline info (PDF)<\/a><\/p>\n<div class=\"is-divider divider clearfix\" ><\/div>\n<p><strong>\u00dcksikasjalikuma n\u00f5u saamiseks v\u00f5tke \u00fchendust:<br \/><\/strong>Eskaro AS<br \/>Fosforiidi 20<br \/>Maardu<br \/>+372 6217969<\/p>\n<div class=\"is-divider divider clearfix\" ><\/div>\n\t\t<\/div>\n\t\t\t\t\t<\/div>\n\n\t\n<\/div>\n","protected":false},"excerpt":{"rendered":"","protected":false},"featured_media":169858,"comment_status":"closed","ping_status":"closed","template":"","meta":[],"product_brand":[],"product_cat":[2693,2696,2684,2683],"product_tag":[],"class_list":{"0":"post-188259","1":"product","2":"type-product","3":"status-publish","4":"has-post-thumbnail","6":"product_cat-lakid-peitsid-olid-puidukaitse","7":"product_cat-olid-ja-lakid-valispindadele","8":"product_cat-varvid-lakid-lahustid-puidukaitsed-olid","9":"product_cat-viimistluskaubad","10":"product_shipping_class-dpd-cold","11":"pa_kaubamark-eskaro-as","13":"first","14":"instock","15":"sale","16":"taxable","17":"shipping-taxable","18":"purchasable","19":"product-type-simple"},"yoast_head":"<!-- This site is optimized with the Yoast SEO plugin v26.9 - https:\/\/yoast.com\/product\/yoast-seo-wordpress\/ -->\n<title>TERRASSI\u00d5LI TUMEPRUUN 9L - Espak E-pood<\/title>\n<meta name=\"robots\" content=\"index, follow, max-snippet:-1, max-image-preview:large, max-video-preview:-1\" \/>\n<link rel=\"canonical\" href=\"https:\/\/espak.ee\/epood\/toode\/terrassioli-tumepruun-9l\/\" \/>\n<meta property=\"og:locale\" content=\"et_EE\" \/>\n<meta property=\"og:type\" content=\"article\" \/>\n<meta property=\"og:title\" content=\"TERRASSI\u00d5LI TUMEPRUUN 9L - Espak E-pood\" \/>\n<meta property=\"og:url\" content=\"https:\/\/espak.ee\/epood\/toode\/terrassioli-tumepruun-9l\/\" \/>\n<meta property=\"og:site_name\" content=\"Espak E-pood\" \/>\n<meta property=\"article:modified_time\" content=\"2026-03-21T08:19:43+00:00\" \/>\n<meta property=\"og:image\" content=\"https:\/\/espak.ee\/epood\/wp-content\/uploads\/2023\/08\/Terrace_45L_varvitu.jpg\" \/>\n\t<meta property=\"og:image:width\" content=\"1000\" \/>\n\t<meta property=\"og:image:height\" content=\"1000\" \/>\n\t<meta property=\"og:image:type\" content=\"image\/jpeg\" \/>\n<meta name=\"twitter:card\" content=\"summary_large_image\" \/>\n<meta name=\"twitter:label1\" content=\"Est. reading time\" \/>\n\t<meta name=\"twitter:data1\" content=\"2 minutit\" \/>\n<script type=\"application\/ld+json\" class=\"yoast-schema-graph\">{\"@context\":\"https:\/\/schema.org\",\"@graph\":[{\"@type\":\"WebPage\",\"@id\":\"https:\/\/espak.ee\/epood\/toode\/terrassioli-tumepruun-9l\/\",\"url\":\"https:\/\/espak.ee\/epood\/toode\/terrassioli-tumepruun-9l\/\",\"name\":\"TERRASSI\u00d5LI TUMEPRUUN 9L - Espak E-pood\",\"isPartOf\":{\"@id\":\"https:\/\/espak.ee\/epood\/#website\"},\"primaryImageOfPage\":{\"@id\":\"https:\/\/espak.ee\/epood\/toode\/terrassioli-tumepruun-9l\/#primaryimage\"},\"image\":{\"@id\":\"https:\/\/espak.ee\/epood\/toode\/terrassioli-tumepruun-9l\/#primaryimage\"},\"thumbnailUrl\":\"https:\/\/espak.ee\/epood\/wp-content\/uploads\/2023\/08\/Terrace_45L_varvitu.jpg\",\"datePublished\":\"2024-02-08T03:05:02+00:00\",\"dateModified\":\"2026-03-21T08:19:43+00:00\",\"breadcrumb\":{\"@id\":\"https:\/\/espak.ee\/epood\/toode\/terrassioli-tumepruun-9l\/#breadcrumb\"},\"inLanguage\":\"et\",\"potentialAction\":[{\"@type\":\"ReadAction\",\"target\":[\"https:\/\/espak.ee\/epood\/toode\/terrassioli-tumepruun-9l\/\"]}]},{\"@type\":\"ImageObject\",\"inLanguage\":\"et\",\"@id\":\"https:\/\/espak.ee\/epood\/toode\/terrassioli-tumepruun-9l\/#primaryimage\",\"url\":\"https:\/\/espak.ee\/epood\/wp-content\/uploads\/2023\/08\/Terrace_45L_varvitu.jpg\",\"contentUrl\":\"https:\/\/espak.ee\/epood\/wp-content\/uploads\/2023\/08\/Terrace_45L_varvitu.jpg\",\"width\":1000,\"height\":1000},{\"@type\":\"BreadcrumbList\",\"@id\":\"https:\/\/espak.ee\/epood\/toode\/terrassioli-tumepruun-9l\/#breadcrumb\",\"itemListElement\":[{\"@type\":\"ListItem\",\"position\":1,\"name\":\"Home\",\"item\":\"https:\/\/espak.ee\/epood\/\"},{\"@type\":\"ListItem\",\"position\":2,\"name\":\"Tootevalik\",\"item\":\"https:\/\/espak.ee\/epood\/tootevalik\/\"},{\"@type\":\"ListItem\",\"position\":3,\"name\":\"TERRASSI\u00d5LI TUMEPRUUN 9L\"}]},{\"@type\":\"WebSite\",\"@id\":\"https:\/\/espak.ee\/epood\/#website\",\"url\":\"https:\/\/espak.ee\/epood\/\",\"name\":\"Espak E-pood\",\"description\":\"\",\"potentialAction\":[{\"@type\":\"SearchAction\",\"target\":{\"@type\":\"EntryPoint\",\"urlTemplate\":\"https:\/\/espak.ee\/epood\/?s={search_term_string}\"},\"query-input\":{\"@type\":\"PropertyValueSpecification\",\"valueRequired\":true,\"valueName\":\"search_term_string\"}}],\"inLanguage\":\"et\"}]}<\/script>\n<!-- \/ Yoast SEO plugin. -->","yoast_head_json":{"title":"TERRASSI\u00d5LI TUMEPRUUN 9L - Espak E-pood","robots":{"index":"index","follow":"follow","max-snippet":"max-snippet:-1","max-image-preview":"max-image-preview:large","max-video-preview":"max-video-preview:-1"},"canonical":"https:\/\/espak.ee\/epood\/toode\/terrassioli-tumepruun-9l\/","og_locale":"et_EE","og_type":"article","og_title":"TERRASSI\u00d5LI TUMEPRUUN 9L - Espak E-pood","og_url":"https:\/\/espak.ee\/epood\/toode\/terrassioli-tumepruun-9l\/","og_site_name":"Espak E-pood","article_modified_time":"2026-03-21T08:19:43+00:00","og_image":[{"width":1000,"height":1000,"url":"https:\/\/espak.ee\/epood\/wp-content\/uploads\/2023\/08\/Terrace_45L_varvitu.jpg","type":"image\/jpeg"}],"twitter_card":"summary_large_image","twitter_misc":{"Est. reading time":"2 minutit"},"schema":{"@context":"https:\/\/schema.org","@graph":[{"@type":"WebPage","@id":"https:\/\/espak.ee\/epood\/toode\/terrassioli-tumepruun-9l\/","url":"https:\/\/espak.ee\/epood\/toode\/terrassioli-tumepruun-9l\/","name":"TERRASSI\u00d5LI TUMEPRUUN 9L - Espak E-pood","isPartOf":{"@id":"https:\/\/espak.ee\/epood\/#website"},"primaryImageOfPage":{"@id":"https:\/\/espak.ee\/epood\/toode\/terrassioli-tumepruun-9l\/#primaryimage"},"image":{"@id":"https:\/\/espak.ee\/epood\/toode\/terrassioli-tumepruun-9l\/#primaryimage"},"thumbnailUrl":"https:\/\/espak.ee\/epood\/wp-content\/uploads\/2023\/08\/Terrace_45L_varvitu.jpg","datePublished":"2024-02-08T03:05:02+00:00","dateModified":"2026-03-21T08:19:43+00:00","breadcrumb":{"@id":"https:\/\/espak.ee\/epood\/toode\/terrassioli-tumepruun-9l\/#breadcrumb"},"inLanguage":"et","potentialAction":[{"@type":"ReadAction","target":["https:\/\/espak.ee\/epood\/toode\/terrassioli-tumepruun-9l\/"]}]},{"@type":"ImageObject","inLanguage":"et","@id":"https:\/\/espak.ee\/epood\/toode\/terrassioli-tumepruun-9l\/#primaryimage","url":"https:\/\/espak.ee\/epood\/wp-content\/uploads\/2023\/08\/Terrace_45L_varvitu.jpg","contentUrl":"https:\/\/espak.ee\/epood\/wp-content\/uploads\/2023\/08\/Terrace_45L_varvitu.jpg","width":1000,"height":1000},{"@type":"BreadcrumbList","@id":"https:\/\/espak.ee\/epood\/toode\/terrassioli-tumepruun-9l\/#breadcrumb","itemListElement":[{"@type":"ListItem","position":1,"name":"Home","item":"https:\/\/espak.ee\/epood\/"},{"@type":"ListItem","position":2,"name":"Tootevalik","item":"https:\/\/espak.ee\/epood\/tootevalik\/"},{"@type":"ListItem","position":3,"name":"TERRASSI\u00d5LI TUMEPRUUN 9L"}]},{"@type":"WebSite","@id":"https:\/\/espak.ee\/epood\/#website","url":"https:\/\/espak.ee\/epood\/","name":"Espak E-pood","description":"","potentialAction":[{"@type":"SearchAction","target":{"@type":"EntryPoint","urlTemplate":"https:\/\/espak.ee\/epood\/?s={search_term_string}"},"query-input":{"@type":"PropertyValueSpecification","valueRequired":true,"valueName":"search_term_string"}}],"inLanguage":"et"}]}},"_links":{"self":[{"href":"https:\/\/espak.ee\/epood\/wp-json\/wp\/v2\/product\/188259","targetHints":{"allow":["GET"]}}],"collection":[{"href":"https:\/\/espak.ee\/epood\/wp-json\/wp\/v2\/product"}],"about":[{"href":"https:\/\/espak.ee\/epood\/wp-json\/wp\/v2\/types\/product"}],"replies":[{"embeddable":true,"href":"https:\/\/espak.ee\/epood\/wp-json\/wp\/v2\/comments?post=188259"}],"wp:featuredmedia":[{"embeddable":true,"href":"https:\/\/espak.ee\/epood\/wp-json\/wp\/v2\/media\/169858"}],"wp:attachment":[{"href":"https:\/\/espak.ee\/epood\/wp-json\/wp\/v2\/media?parent=188259"}],"wp:term":[{"taxonomy":"product_brand","embeddable":true,"href":"https:\/\/espak.ee\/epood\/wp-json\/wp\/v2\/product_brand?post=188259"},{"taxonomy":"product_cat","embeddable":true,"href":"https:\/\/espak.ee\/epood\/wp-json\/wp\/v2\/product_cat?post=188259"},{"taxonomy":"product_tag","embeddable":true,"href":"https:\/\/espak.ee\/epood\/wp-json\/wp\/v2\/product_tag?post=188259"}],"curies":[{"name":"wp","href":"https:\/\/api.w.org\/{rel}","templated":true}]}}