{"id":187616,"date":"2024-01-30T05:10:03","date_gmt":"2024-01-30T03:10:03","guid":{"rendered":"https:\/\/espak.ee\/epood\/?post_type=product&#038;p=187616"},"modified":"2025-10-27T12:16:21","modified_gmt":"2025-10-27T10:16:21","slug":"kergkruus-leca-safe-libeduse-torjeks-50l-15-17-kg","status":"publish","type":"product","link":"https:\/\/espak.ee\/epood\/toode\/kergkruus-leca-safe-libeduse-torjeks-50l-15-17-kg\/","title":{"rendered":"KERGKRUUS LECA SAFE LIBEDUSE T\u00d5RJEKS 50L \/ 15-17 KG"},"content":{"rendered":"<div class=\"row\"  id=\"row-2038927936\">\n\n\t<div id=\"col-1129417500\" class=\"col medium-9 small-12 large-9\"  >\n\t\t\t\t<div class=\"col-inner\"  >\n\t\t\t\n\t\t\t\n<h3>Kergkruus Leca Safe libeduse t\u00f5rjeks 50L 15-17kg<\/h3>\n<p>Leca \u00ae Safe on puhas looduslik toode, mis on toodetud kuivatatud ja p\u00f5letusprotsessi l\u00e4binud savist. Leca\u00ae Safe koosneb purustatud kergkruusa graanulitest, mis on sorteeritud tera suuruse j\u00e4rgi vahemikus 1,5 mm kuni 5 mm.<\/p>\n<p>Leca \u00ae Safe ei koorma keskkonda j\u00e4\u00e4kainetega ja mida saab taaskasutada peaaegu l\u00f5putult. Muude materjalidega segatuna saab need v\u00e4lja sorteerida ja uuesti kasutada.<\/p>\n<div class=\"message-box relative\" style=\"padding-top:15px;padding-bottom:15px;\"><div class=\"message-box-bg-image bg-fill fill\" ><\/div><div class=\"message-box-bg-overlay bg-fill fill\" ><\/div><div class=\"container relative\"><div class=\"inner last-reset\">\n<div class=\"row align-middle align-center\"  id=\"row-468865162\">\n\n\t<div id=\"col-646115926\" class=\"col small-12 large-12\"  >\n\t\t\t\t<div class=\"col-inner text-left\"  >\n\t\t\t\n\t\t\t\n<h4>Omadused<\/h4>\n<div class=\"row\"  id=\"row-993395664\">\n\n\t<div id=\"col-1433605400\" class=\"col medium-6 small-12 large-6\"  >\n\t\t\t\t<div class=\"col-inner\"  >\n\t\t\t\n\t\t\t\n<p><i class=\"fa fa-check fa-2x\"><\/i> <strong> Taaskasutatav<\/strong><\/p>\n<p><i class=\"fa fa-check fa-2x\"><\/i> <strong> 100% looduslik toode<\/strong><\/p>\n\t\t<\/div>\n\t\t\t\t\n<style>\n#col-1433605400 > .col-inner {\n  margin: 0px 0px 15px 0px;\n}\n<\/style>\n\t<\/div>\n\n\t\n\n\t<div id=\"col-510319559\" class=\"col medium-6 small-12 large-6\"  >\n\t\t\t\t<div class=\"col-inner\"  >\n\t\t\t\n\t\t\t\n<p><i class=\"fa fa-check fa-2x\"><\/i> <strong> Kauakestev ja efektiivne<\/strong><\/p>\n<p><i class=\"fa fa-check fa-2x\"><\/i> <strong> Aiatehnika- ja lemmikloomas\u00f5bralik<\/strong><\/p>\n\t\t<\/div>\n\t\t\t\t\n<style>\n#col-510319559 > .col-inner {\n  margin: 0px 0px 15px 0px;\n}\n<\/style>\n\t<\/div>\n\n\t\n<\/div>\n\t\t<\/div>\n\t\t\t\t\t<\/div>\n\n\t\n<\/div>\n<\/div><\/div><\/div>\n\t<div id=\"gap-1985388888\" class=\"gap-element clearfix\" style=\"display:block; height:auto;\">\n\t\t\n<style>\n#gap-1985388888 {\n  padding-top: 30px;\n}\n<\/style>\n\t<\/div>\n\t\n<p><strong>Kasutamine<\/strong><br \/>\nJLeca\u00ae Safe&#8217;i kasutatakse libisemisvastasena ning puistatakse soola ja kruusa alternatiivina k\u00f5nniteedele, s\u00f5iduteedele ja muule sarnasele. Leca\u00ae Safe settib pinnale, kus tagab libisemisvastase pinna. T\u00e4nu oma v\u00e4ikesele kaalule h\u00f5ljub materjal vees, nii et kui lumi uuesti kuivab ja k\u00fclmub, j\u00e4\u00e4vad kerged graanulid siiski pinnale ja tagavad libisemisvastase pinna.<\/p>\n<p>Lume sulades uhutakse suur osa Leca\u00ae Safe\u2019ist koos sulaveega minema ning see ei setti liivap\u00fc\u00fcduritesse ja kanalisatsioonitorudesse, vaid suunatakse t\u00e4ielikult eemale, kus seda saab tsentraalsetes puhastusjaamades &#8220;\u00e4ra koorida&#8221; ja taaskasutada mulla parandamiseks.<\/p>\n<p>Leca\u00ae Safe ei sisalda kahjulikke aineid ja ei ole liigselt terav ning ei ole seet\u00f5ttu looma k\u00e4ppadele kahjulik. Ei kahjusta puid ja p\u00f5\u00f5said ning ei kahjusta ka betoon- ja asfaltkatet.<\/p>\n<p>10 liitrit toodet katab u. 100 m\u00b2 jalutusala ja kaalub vaid ca. 3 kg.<\/p>\n\t\t<\/div>\n\t\t\t\t\t<\/div>\n\n\t\n\n\t<div id=\"col-159440056\" class=\"col medium-3 small-12 large-3\"  >\n\t\t\t\t<div class=\"col-inner\"  >\n\t\t\t\n\t\t\t\n\t<div id=\"gap-1020696237\" class=\"gap-element clearfix\" style=\"display:block; height:auto;\">\n\t\t\n<style>\n#gap-1020696237 {\n  padding-top: 30px;\n}\n<\/style>\n\t<\/div>\n\t\n<div class=\"is-divider divider clearfix\" ><\/div>\n<p><strong>\u00dcksikasjalikuma n\u00f5u saamiseks v\u00f5tke \u00fchendust:<br \/><\/strong>SAINT-GOBAIN EESTI AS<br \/>Peterburi tee 75<br \/>Tallinn, 11415<br \/>Telefon: +372 6209 510<\/p>\n<div class=\"is-divider divider clearfix\" ><\/div>\n\t\t<\/div>\n\t\t\t\t\t<\/div>\n\n\t\n<\/div>\n","protected":false},"excerpt":{"rendered":"","protected":false},"featured_media":187621,"comment_status":"closed","ping_status":"closed","template":"","meta":[],"product_brand":[],"product_cat":[2718,3207,3208,2697],"product_tag":[],"class_list":{"0":"post-187616","1":"product","2":"type-product","3":"status-publish","4":"has-post-thumbnail","6":"product_cat-isolatsioonimaterjalid","7":"product_cat-kergkruus","8":"product_cat-kergkruus-kergkruus","9":"product_cat-uldehitus","10":"pa_kaubamark-saint-gobain-ehitustooted-as","12":"first","13":"instock","14":"sale","15":"taxable","16":"shipping-taxable","17":"purchasable","18":"product-type-simple"},"yoast_head":"<!-- This site is optimized with the Yoast SEO plugin v26.9 - https:\/\/yoast.com\/product\/yoast-seo-wordpress\/ -->\n<title>KERGKRUUS LECA SAFE LIBEDUSE T\u00d5RJEKS 50L \/ 15-17 KG - Espak E-pood<\/title>\n<meta name=\"robots\" content=\"index, follow, max-snippet:-1, max-image-preview:large, max-video-preview:-1\" \/>\n<link rel=\"canonical\" href=\"https:\/\/espak.ee\/epood\/toode\/kergkruus-leca-safe-libeduse-torjeks-50l-15-17-kg\/\" \/>\n<meta property=\"og:locale\" content=\"et_EE\" \/>\n<meta property=\"og:type\" content=\"article\" \/>\n<meta property=\"og:title\" content=\"KERGKRUUS LECA SAFE LIBEDUSE T\u00d5RJEKS 50L \/ 15-17 KG - Espak E-pood\" \/>\n<meta property=\"og:url\" content=\"https:\/\/espak.ee\/epood\/toode\/kergkruus-leca-safe-libeduse-torjeks-50l-15-17-kg\/\" \/>\n<meta property=\"og:site_name\" content=\"Espak E-pood\" \/>\n<meta property=\"article:modified_time\" content=\"2025-10-27T10:16:21+00:00\" \/>\n<meta property=\"og:image\" content=\"https:\/\/espak.ee\/epood\/wp-content\/uploads\/2024\/01\/Leca_Safe_50L_1000px-2.jpg\" \/>\n\t<meta property=\"og:image:width\" content=\"800\" \/>\n\t<meta property=\"og:image:height\" content=\"800\" \/>\n\t<meta property=\"og:image:type\" content=\"image\/jpeg\" \/>\n<meta name=\"twitter:card\" content=\"summary_large_image\" \/>\n<meta name=\"twitter:label1\" content=\"Est. reading time\" \/>\n\t<meta name=\"twitter:data1\" content=\"1 minut\" \/>\n<script type=\"application\/ld+json\" class=\"yoast-schema-graph\">{\"@context\":\"https:\/\/schema.org\",\"@graph\":[{\"@type\":\"WebPage\",\"@id\":\"https:\/\/espak.ee\/epood\/toode\/kergkruus-leca-safe-libeduse-torjeks-50l-15-17-kg\/\",\"url\":\"https:\/\/espak.ee\/epood\/toode\/kergkruus-leca-safe-libeduse-torjeks-50l-15-17-kg\/\",\"name\":\"KERGKRUUS LECA SAFE LIBEDUSE T\u00d5RJEKS 50L \/ 15-17 KG - Espak E-pood\",\"isPartOf\":{\"@id\":\"https:\/\/espak.ee\/epood\/#website\"},\"primaryImageOfPage\":{\"@id\":\"https:\/\/espak.ee\/epood\/toode\/kergkruus-leca-safe-libeduse-torjeks-50l-15-17-kg\/#primaryimage\"},\"image\":{\"@id\":\"https:\/\/espak.ee\/epood\/toode\/kergkruus-leca-safe-libeduse-torjeks-50l-15-17-kg\/#primaryimage\"},\"thumbnailUrl\":\"https:\/\/espak.ee\/epood\/wp-content\/uploads\/2024\/01\/Leca_Safe_50L_1000px-2.jpg\",\"datePublished\":\"2024-01-30T03:10:03+00:00\",\"dateModified\":\"2025-10-27T10:16:21+00:00\",\"breadcrumb\":{\"@id\":\"https:\/\/espak.ee\/epood\/toode\/kergkruus-leca-safe-libeduse-torjeks-50l-15-17-kg\/#breadcrumb\"},\"inLanguage\":\"et\",\"potentialAction\":[{\"@type\":\"ReadAction\",\"target\":[\"https:\/\/espak.ee\/epood\/toode\/kergkruus-leca-safe-libeduse-torjeks-50l-15-17-kg\/\"]}]},{\"@type\":\"ImageObject\",\"inLanguage\":\"et\",\"@id\":\"https:\/\/espak.ee\/epood\/toode\/kergkruus-leca-safe-libeduse-torjeks-50l-15-17-kg\/#primaryimage\",\"url\":\"https:\/\/espak.ee\/epood\/wp-content\/uploads\/2024\/01\/Leca_Safe_50L_1000px-2.jpg\",\"contentUrl\":\"https:\/\/espak.ee\/epood\/wp-content\/uploads\/2024\/01\/Leca_Safe_50L_1000px-2.jpg\",\"width\":800,\"height\":800},{\"@type\":\"BreadcrumbList\",\"@id\":\"https:\/\/espak.ee\/epood\/toode\/kergkruus-leca-safe-libeduse-torjeks-50l-15-17-kg\/#breadcrumb\",\"itemListElement\":[{\"@type\":\"ListItem\",\"position\":1,\"name\":\"Home\",\"item\":\"https:\/\/espak.ee\/epood\/\"},{\"@type\":\"ListItem\",\"position\":2,\"name\":\"Tootevalik\",\"item\":\"https:\/\/espak.ee\/epood\/tootevalik\/\"},{\"@type\":\"ListItem\",\"position\":3,\"name\":\"KERGKRUUS LECA SAFE LIBEDUSE T\u00d5RJEKS 50L \/ 15-17 KG\"}]},{\"@type\":\"WebSite\",\"@id\":\"https:\/\/espak.ee\/epood\/#website\",\"url\":\"https:\/\/espak.ee\/epood\/\",\"name\":\"Espak E-pood\",\"description\":\"\",\"potentialAction\":[{\"@type\":\"SearchAction\",\"target\":{\"@type\":\"EntryPoint\",\"urlTemplate\":\"https:\/\/espak.ee\/epood\/?s={search_term_string}\"},\"query-input\":{\"@type\":\"PropertyValueSpecification\",\"valueRequired\":true,\"valueName\":\"search_term_string\"}}],\"inLanguage\":\"et\"}]}<\/script>\n<!-- \/ Yoast SEO plugin. -->","yoast_head_json":{"title":"KERGKRUUS LECA SAFE LIBEDUSE T\u00d5RJEKS 50L \/ 15-17 KG - Espak E-pood","robots":{"index":"index","follow":"follow","max-snippet":"max-snippet:-1","max-image-preview":"max-image-preview:large","max-video-preview":"max-video-preview:-1"},"canonical":"https:\/\/espak.ee\/epood\/toode\/kergkruus-leca-safe-libeduse-torjeks-50l-15-17-kg\/","og_locale":"et_EE","og_type":"article","og_title":"KERGKRUUS LECA SAFE LIBEDUSE T\u00d5RJEKS 50L \/ 15-17 KG - Espak E-pood","og_url":"https:\/\/espak.ee\/epood\/toode\/kergkruus-leca-safe-libeduse-torjeks-50l-15-17-kg\/","og_site_name":"Espak E-pood","article_modified_time":"2025-10-27T10:16:21+00:00","og_image":[{"width":800,"height":800,"url":"https:\/\/espak.ee\/epood\/wp-content\/uploads\/2024\/01\/Leca_Safe_50L_1000px-2.jpg","type":"image\/jpeg"}],"twitter_card":"summary_large_image","twitter_misc":{"Est. reading time":"1 minut"},"schema":{"@context":"https:\/\/schema.org","@graph":[{"@type":"WebPage","@id":"https:\/\/espak.ee\/epood\/toode\/kergkruus-leca-safe-libeduse-torjeks-50l-15-17-kg\/","url":"https:\/\/espak.ee\/epood\/toode\/kergkruus-leca-safe-libeduse-torjeks-50l-15-17-kg\/","name":"KERGKRUUS LECA SAFE LIBEDUSE T\u00d5RJEKS 50L \/ 15-17 KG - Espak E-pood","isPartOf":{"@id":"https:\/\/espak.ee\/epood\/#website"},"primaryImageOfPage":{"@id":"https:\/\/espak.ee\/epood\/toode\/kergkruus-leca-safe-libeduse-torjeks-50l-15-17-kg\/#primaryimage"},"image":{"@id":"https:\/\/espak.ee\/epood\/toode\/kergkruus-leca-safe-libeduse-torjeks-50l-15-17-kg\/#primaryimage"},"thumbnailUrl":"https:\/\/espak.ee\/epood\/wp-content\/uploads\/2024\/01\/Leca_Safe_50L_1000px-2.jpg","datePublished":"2024-01-30T03:10:03+00:00","dateModified":"2025-10-27T10:16:21+00:00","breadcrumb":{"@id":"https:\/\/espak.ee\/epood\/toode\/kergkruus-leca-safe-libeduse-torjeks-50l-15-17-kg\/#breadcrumb"},"inLanguage":"et","potentialAction":[{"@type":"ReadAction","target":["https:\/\/espak.ee\/epood\/toode\/kergkruus-leca-safe-libeduse-torjeks-50l-15-17-kg\/"]}]},{"@type":"ImageObject","inLanguage":"et","@id":"https:\/\/espak.ee\/epood\/toode\/kergkruus-leca-safe-libeduse-torjeks-50l-15-17-kg\/#primaryimage","url":"https:\/\/espak.ee\/epood\/wp-content\/uploads\/2024\/01\/Leca_Safe_50L_1000px-2.jpg","contentUrl":"https:\/\/espak.ee\/epood\/wp-content\/uploads\/2024\/01\/Leca_Safe_50L_1000px-2.jpg","width":800,"height":800},{"@type":"BreadcrumbList","@id":"https:\/\/espak.ee\/epood\/toode\/kergkruus-leca-safe-libeduse-torjeks-50l-15-17-kg\/#breadcrumb","itemListElement":[{"@type":"ListItem","position":1,"name":"Home","item":"https:\/\/espak.ee\/epood\/"},{"@type":"ListItem","position":2,"name":"Tootevalik","item":"https:\/\/espak.ee\/epood\/tootevalik\/"},{"@type":"ListItem","position":3,"name":"KERGKRUUS LECA SAFE LIBEDUSE T\u00d5RJEKS 50L \/ 15-17 KG"}]},{"@type":"WebSite","@id":"https:\/\/espak.ee\/epood\/#website","url":"https:\/\/espak.ee\/epood\/","name":"Espak E-pood","description":"","potentialAction":[{"@type":"SearchAction","target":{"@type":"EntryPoint","urlTemplate":"https:\/\/espak.ee\/epood\/?s={search_term_string}"},"query-input":{"@type":"PropertyValueSpecification","valueRequired":true,"valueName":"search_term_string"}}],"inLanguage":"et"}]}},"_links":{"self":[{"href":"https:\/\/espak.ee\/epood\/wp-json\/wp\/v2\/product\/187616","targetHints":{"allow":["GET"]}}],"collection":[{"href":"https:\/\/espak.ee\/epood\/wp-json\/wp\/v2\/product"}],"about":[{"href":"https:\/\/espak.ee\/epood\/wp-json\/wp\/v2\/types\/product"}],"replies":[{"embeddable":true,"href":"https:\/\/espak.ee\/epood\/wp-json\/wp\/v2\/comments?post=187616"}],"wp:featuredmedia":[{"embeddable":true,"href":"https:\/\/espak.ee\/epood\/wp-json\/wp\/v2\/media\/187621"}],"wp:attachment":[{"href":"https:\/\/espak.ee\/epood\/wp-json\/wp\/v2\/media?parent=187616"}],"wp:term":[{"taxonomy":"product_brand","embeddable":true,"href":"https:\/\/espak.ee\/epood\/wp-json\/wp\/v2\/product_brand?post=187616"},{"taxonomy":"product_cat","embeddable":true,"href":"https:\/\/espak.ee\/epood\/wp-json\/wp\/v2\/product_cat?post=187616"},{"taxonomy":"product_tag","embeddable":true,"href":"https:\/\/espak.ee\/epood\/wp-json\/wp\/v2\/product_tag?post=187616"}],"curies":[{"name":"wp","href":"https:\/\/api.w.org\/{rel}","templated":true}]}}