{"id":187276,"date":"2024-01-24T05:05:03","date_gmt":"2024-01-24T03:05:03","guid":{"rendered":"https:\/\/espak.ee\/epood\/?post_type=product&#038;p=187276"},"modified":"2026-04-13T13:18:47","modified_gmt":"2026-04-13T10:18:47","slug":"akuoksasaag-makita-duc150z-18v","status":"publish","type":"product","link":"https:\/\/espak.ee\/epood\/toode\/akuoksasaag-makita-duc150z-18v\/","title":{"rendered":"AKUOKSASAAG MAKITA DUC150Z 18V"},"content":{"rendered":"<div class=\"row\"  id=\"row-1090818656\">\n\n\t<div id=\"col-2105484264\" class=\"col medium-9 small-12 large-9\"  >\n\t\t\t\t<div class=\"col-inner\"  >\n\t\t\t\n\t\t\t\n<h3>Akuoksasaag LXT Makita <\/h3>\n<p>Lihtsasti kasutatav, kerge ja kompaktne oksasaag.<br \/>\nAutomaatne keti\u00f5litus. <\/p>\n<p>Kompaktne oksasaag erinevateks l\u00f5iket\u00f6\u00f6deks aias. Uus t\u00f6\u00f6riistavaba ketivahetus v\u00f5imaldab ketti kiiresti ja lihtsalt vahetada, seda lihtsalt hooba lahti keerates ja uuesti kinni keerates, samaaegselt reguleeritakse automaatselt ka saeketi pinget. Juhtplaadi kaitsekaite avaneb j\u00e4rk-j\u00e4rgult vastavalt l\u00f5ike s\u00fcgavusele.<\/p>\n<div class=\"message-box relative\" style=\"padding-top:15px;padding-bottom:15px;\"><div class=\"message-box-bg-image bg-fill fill\" ><\/div><div class=\"message-box-bg-overlay bg-fill fill\" ><\/div><div class=\"container relative\"><div class=\"inner last-reset\">\n<div class=\"row\"  id=\"row-603486978\">\n\n\t<div id=\"col-1719346791\" class=\"col medium-6 small-12 large-6\"  >\n\t\t\t\t<div class=\"col-inner\"  >\n\t\t\t\n\t\t\t\n<p><i class=\"fa fa-check fa-2x\"><\/i><strong> V\u00e4ga kerge ja kompaktne konstruktsioon<\/strong><\/p>\n<p><i class=\"fa fa-check fa-2x\"><\/i><strong> Kauakestev ja hooldusvaba harjavaba mootor<\/strong><\/p>\n\t\t<\/div>\n\t\t\t\t\n<style>\n#col-1719346791 > .col-inner {\n  margin: 0px 0px 15px 0px;\n}\n<\/style>\n\t<\/div>\n\n\t\n\n\t<div id=\"col-1641927351\" class=\"col medium-6 small-12 large-6\"  >\n\t\t\t\t<div class=\"col-inner\"  >\n\t\t\t\n\t\t\t\n<p><i class=\"fa fa-check fa-2x\"><\/i><strong> Automaatne keti\u00f5litus<\/strong><\/p>\n<p><i class=\"fa fa-check fa-2x\"><\/i><strong> XPT (Extreme Protection Technology) on loodud parandama tolmu- ja veekindlust kasutamiseks karmides t\u00f6\u00f6kohatingimustes<\/strong><\/p>\n\t\t<\/div>\n\t\t\t\t\n<style>\n#col-1641927351 > .col-inner {\n  margin: 0px 0px 15px 0px;\n}\n<\/style>\n\t<\/div>\n\n\t\n<\/div>\n<\/div><\/div><\/div>\n\t<div id=\"gap-618647280\" class=\"gap-element clearfix\" style=\"display:block; height:auto;\">\n\t\t\n<style>\n#gap-618647280 {\n  padding-top: 30px;\n}\n<\/style>\n\t<\/div>\n\t\n<p><strong>Aku ja laadijata mudel &#8211; toode tarnitakse ila aku ja laadimisseadmeta.<\/strong><\/p>\n<p>Harjavaba mootoriga ja automaatse keti\u00f5litusega oksasaag. T\u00e4nu oma kergusele ja v\u00e4iksusele ning suurele keti kiirusele, sobib saag laiale kasutajaskonnale paljude erinevate t\u00f6\u00f6de teostamiseks. Keti\u00f5li taseme j\u00e4lgimine ja lisamine on lihtne ja mugav, sest \u00f5lipaak on l\u00e4bikumav ning t\u00e4iteava kork avaneb ja sulgub t\u00f6\u00f6riistavabalt. Uus t\u00f6\u00f6riistavaba ketivahetus v\u00f5imaldab ketti kiiresti ja lihtsalt vahetada, seda lihtsalt hooba lahti keerates ja uuesti kinni keerates, samaaegselt reguleeritakse automaatselt ka saeketi pinget. Vedruga pingutusmehhanism tagab, et kett on alati \u00f5ige pingestatusega. Saagi saab kasutada m\u00f5lema k\u00e4ega, sest turvap\u00e4\u00e4stik asub tagumise k\u00e4epideme m\u00f5lemal k\u00fcljel.<\/p>\n\t\t<\/div>\n\t\t\t\t\t<\/div>\n\n\t\n\n\t<div id=\"col-223866264\" class=\"col medium-3 small-12 large-3\"  >\n\t\t\t\t<div class=\"col-inner\"  >\n\t\t\t\n\t\t\t\n\t<div id=\"gap-1362134457\" class=\"gap-element clearfix\" style=\"display:block; height:auto;\">\n\t\t\n<style>\n#gap-1362134457 {\n  padding-top: 30px;\n}\n<\/style>\n\t<\/div>\n\t\n<h3>Kasutusjuhend<\/h3>\n<p><a href=\"https:\/\/espak.ee\/epood\/wp-content\/uploads\/2024\/01\/DUC150.pdf\"target=\"_blank\" rel=\"noopener noreferrer\"><i class=\"far fa-file-pdf\"><\/i> Kasutusjuhend (PDF)<\/a><\/p>\n<div class=\"is-divider divider clearfix\" ><\/div>\n<p><strong>\u00dcksikasjalikuma n\u00f5u saamiseks v\u00f5tke \u00fchendust:<br \/><\/strong>Espak AS<br \/>Viadukti 42<br \/>11313<br \/>Tallinn<br \/> T\u00f6\u00f6riista osakond +372 6512 335<br \/><a href=\"mailto:tooriist@espak.ee\">tooriist@espak.ee<\/a><\/p>\n\t\t<\/div>\n\t\t\t\t\t<\/div>\n\n\t\n<\/div>\n","protected":false},"excerpt":{"rendered":"","protected":false},"featured_media":187419,"comment_status":"closed","ping_status":"closed","template":"","meta":[],"product_brand":[],"product_cat":[2789,2788,2790,2791],"product_tag":[],"class_list":{"0":"post-187276","1":"product","2":"type-product","3":"status-publish","4":"has-post-thumbnail","6":"product_cat-aiatarbed","7":"product_cat-aiatarbed-ja-kodukaubad","8":"product_cat-aiatehnika","9":"product_cat-akutooriistad-aiaosakonnas","10":"pa_kaubamark-makita","12":"first","13":"instock","14":"sale","15":"taxable","16":"shipping-taxable","17":"purchasable","18":"product-type-simple"},"yoast_head":"<!-- This site is optimized with the Yoast SEO plugin v26.9 - https:\/\/yoast.com\/product\/yoast-seo-wordpress\/ -->\n<title>AKUOKSASAAG MAKITA DUC150Z 18V - Espak E-pood<\/title>\n<meta name=\"robots\" content=\"index, follow, max-snippet:-1, max-image-preview:large, max-video-preview:-1\" \/>\n<link rel=\"canonical\" href=\"https:\/\/espak.ee\/epood\/toode\/akuoksasaag-makita-duc150z-18v\/\" \/>\n<meta property=\"og:locale\" content=\"et_EE\" \/>\n<meta property=\"og:type\" content=\"article\" \/>\n<meta property=\"og:title\" content=\"AKUOKSASAAG MAKITA DUC150Z 18V - Espak E-pood\" \/>\n<meta property=\"og:url\" content=\"https:\/\/espak.ee\/epood\/toode\/akuoksasaag-makita-duc150z-18v\/\" \/>\n<meta property=\"og:site_name\" content=\"Espak E-pood\" \/>\n<meta property=\"article:modified_time\" content=\"2026-04-13T10:18:47+00:00\" \/>\n<meta property=\"og:image\" content=\"https:\/\/espak.ee\/epood\/wp-content\/uploads\/2024\/01\/DUC150Z_C2L0.jpg\" \/>\n\t<meta property=\"og:image:width\" content=\"800\" \/>\n\t<meta property=\"og:image:height\" content=\"800\" \/>\n\t<meta property=\"og:image:type\" content=\"image\/jpeg\" \/>\n<meta name=\"twitter:card\" content=\"summary_large_image\" \/>\n<meta name=\"twitter:label1\" content=\"Est. reading time\" \/>\n\t<meta name=\"twitter:data1\" content=\"1 minut\" \/>\n<script type=\"application\/ld+json\" class=\"yoast-schema-graph\">{\"@context\":\"https:\/\/schema.org\",\"@graph\":[{\"@type\":\"WebPage\",\"@id\":\"https:\/\/espak.ee\/epood\/toode\/akuoksasaag-makita-duc150z-18v\/\",\"url\":\"https:\/\/espak.ee\/epood\/toode\/akuoksasaag-makita-duc150z-18v\/\",\"name\":\"AKUOKSASAAG MAKITA DUC150Z 18V - Espak E-pood\",\"isPartOf\":{\"@id\":\"https:\/\/espak.ee\/epood\/#website\"},\"primaryImageOfPage\":{\"@id\":\"https:\/\/espak.ee\/epood\/toode\/akuoksasaag-makita-duc150z-18v\/#primaryimage\"},\"image\":{\"@id\":\"https:\/\/espak.ee\/epood\/toode\/akuoksasaag-makita-duc150z-18v\/#primaryimage\"},\"thumbnailUrl\":\"https:\/\/espak.ee\/epood\/wp-content\/uploads\/2024\/01\/DUC150Z_C2L0.jpg\",\"datePublished\":\"2024-01-24T03:05:03+00:00\",\"dateModified\":\"2026-04-13T10:18:47+00:00\",\"breadcrumb\":{\"@id\":\"https:\/\/espak.ee\/epood\/toode\/akuoksasaag-makita-duc150z-18v\/#breadcrumb\"},\"inLanguage\":\"et\",\"potentialAction\":[{\"@type\":\"ReadAction\",\"target\":[\"https:\/\/espak.ee\/epood\/toode\/akuoksasaag-makita-duc150z-18v\/\"]}]},{\"@type\":\"ImageObject\",\"inLanguage\":\"et\",\"@id\":\"https:\/\/espak.ee\/epood\/toode\/akuoksasaag-makita-duc150z-18v\/#primaryimage\",\"url\":\"https:\/\/espak.ee\/epood\/wp-content\/uploads\/2024\/01\/DUC150Z_C2L0.jpg\",\"contentUrl\":\"https:\/\/espak.ee\/epood\/wp-content\/uploads\/2024\/01\/DUC150Z_C2L0.jpg\",\"width\":800,\"height\":800},{\"@type\":\"BreadcrumbList\",\"@id\":\"https:\/\/espak.ee\/epood\/toode\/akuoksasaag-makita-duc150z-18v\/#breadcrumb\",\"itemListElement\":[{\"@type\":\"ListItem\",\"position\":1,\"name\":\"Home\",\"item\":\"https:\/\/espak.ee\/epood\/\"},{\"@type\":\"ListItem\",\"position\":2,\"name\":\"Tootevalik\",\"item\":\"https:\/\/espak.ee\/epood\/tootevalik\/\"},{\"@type\":\"ListItem\",\"position\":3,\"name\":\"AKUOKSASAAG MAKITA DUC150Z 18V\"}]},{\"@type\":\"WebSite\",\"@id\":\"https:\/\/espak.ee\/epood\/#website\",\"url\":\"https:\/\/espak.ee\/epood\/\",\"name\":\"Espak E-pood\",\"description\":\"\",\"potentialAction\":[{\"@type\":\"SearchAction\",\"target\":{\"@type\":\"EntryPoint\",\"urlTemplate\":\"https:\/\/espak.ee\/epood\/?s={search_term_string}\"},\"query-input\":{\"@type\":\"PropertyValueSpecification\",\"valueRequired\":true,\"valueName\":\"search_term_string\"}}],\"inLanguage\":\"et\"}]}<\/script>\n<!-- \/ Yoast SEO plugin. -->","yoast_head_json":{"title":"AKUOKSASAAG MAKITA DUC150Z 18V - Espak E-pood","robots":{"index":"index","follow":"follow","max-snippet":"max-snippet:-1","max-image-preview":"max-image-preview:large","max-video-preview":"max-video-preview:-1"},"canonical":"https:\/\/espak.ee\/epood\/toode\/akuoksasaag-makita-duc150z-18v\/","og_locale":"et_EE","og_type":"article","og_title":"AKUOKSASAAG MAKITA DUC150Z 18V - Espak E-pood","og_url":"https:\/\/espak.ee\/epood\/toode\/akuoksasaag-makita-duc150z-18v\/","og_site_name":"Espak E-pood","article_modified_time":"2026-04-13T10:18:47+00:00","og_image":[{"width":800,"height":800,"url":"https:\/\/espak.ee\/epood\/wp-content\/uploads\/2024\/01\/DUC150Z_C2L0.jpg","type":"image\/jpeg"}],"twitter_card":"summary_large_image","twitter_misc":{"Est. reading time":"1 minut"},"schema":{"@context":"https:\/\/schema.org","@graph":[{"@type":"WebPage","@id":"https:\/\/espak.ee\/epood\/toode\/akuoksasaag-makita-duc150z-18v\/","url":"https:\/\/espak.ee\/epood\/toode\/akuoksasaag-makita-duc150z-18v\/","name":"AKUOKSASAAG MAKITA DUC150Z 18V - Espak E-pood","isPartOf":{"@id":"https:\/\/espak.ee\/epood\/#website"},"primaryImageOfPage":{"@id":"https:\/\/espak.ee\/epood\/toode\/akuoksasaag-makita-duc150z-18v\/#primaryimage"},"image":{"@id":"https:\/\/espak.ee\/epood\/toode\/akuoksasaag-makita-duc150z-18v\/#primaryimage"},"thumbnailUrl":"https:\/\/espak.ee\/epood\/wp-content\/uploads\/2024\/01\/DUC150Z_C2L0.jpg","datePublished":"2024-01-24T03:05:03+00:00","dateModified":"2026-04-13T10:18:47+00:00","breadcrumb":{"@id":"https:\/\/espak.ee\/epood\/toode\/akuoksasaag-makita-duc150z-18v\/#breadcrumb"},"inLanguage":"et","potentialAction":[{"@type":"ReadAction","target":["https:\/\/espak.ee\/epood\/toode\/akuoksasaag-makita-duc150z-18v\/"]}]},{"@type":"ImageObject","inLanguage":"et","@id":"https:\/\/espak.ee\/epood\/toode\/akuoksasaag-makita-duc150z-18v\/#primaryimage","url":"https:\/\/espak.ee\/epood\/wp-content\/uploads\/2024\/01\/DUC150Z_C2L0.jpg","contentUrl":"https:\/\/espak.ee\/epood\/wp-content\/uploads\/2024\/01\/DUC150Z_C2L0.jpg","width":800,"height":800},{"@type":"BreadcrumbList","@id":"https:\/\/espak.ee\/epood\/toode\/akuoksasaag-makita-duc150z-18v\/#breadcrumb","itemListElement":[{"@type":"ListItem","position":1,"name":"Home","item":"https:\/\/espak.ee\/epood\/"},{"@type":"ListItem","position":2,"name":"Tootevalik","item":"https:\/\/espak.ee\/epood\/tootevalik\/"},{"@type":"ListItem","position":3,"name":"AKUOKSASAAG MAKITA DUC150Z 18V"}]},{"@type":"WebSite","@id":"https:\/\/espak.ee\/epood\/#website","url":"https:\/\/espak.ee\/epood\/","name":"Espak E-pood","description":"","potentialAction":[{"@type":"SearchAction","target":{"@type":"EntryPoint","urlTemplate":"https:\/\/espak.ee\/epood\/?s={search_term_string}"},"query-input":{"@type":"PropertyValueSpecification","valueRequired":true,"valueName":"search_term_string"}}],"inLanguage":"et"}]}},"_links":{"self":[{"href":"https:\/\/espak.ee\/epood\/wp-json\/wp\/v2\/product\/187276","targetHints":{"allow":["GET"]}}],"collection":[{"href":"https:\/\/espak.ee\/epood\/wp-json\/wp\/v2\/product"}],"about":[{"href":"https:\/\/espak.ee\/epood\/wp-json\/wp\/v2\/types\/product"}],"replies":[{"embeddable":true,"href":"https:\/\/espak.ee\/epood\/wp-json\/wp\/v2\/comments?post=187276"}],"wp:featuredmedia":[{"embeddable":true,"href":"https:\/\/espak.ee\/epood\/wp-json\/wp\/v2\/media\/187419"}],"wp:attachment":[{"href":"https:\/\/espak.ee\/epood\/wp-json\/wp\/v2\/media?parent=187276"}],"wp:term":[{"taxonomy":"product_brand","embeddable":true,"href":"https:\/\/espak.ee\/epood\/wp-json\/wp\/v2\/product_brand?post=187276"},{"taxonomy":"product_cat","embeddable":true,"href":"https:\/\/espak.ee\/epood\/wp-json\/wp\/v2\/product_cat?post=187276"},{"taxonomy":"product_tag","embeddable":true,"href":"https:\/\/espak.ee\/epood\/wp-json\/wp\/v2\/product_tag?post=187276"}],"curies":[{"name":"wp","href":"https:\/\/api.w.org\/{rel}","templated":true}]}}