{"id":18718,"date":"2020-04-07T03:37:04","date_gmt":"2020-04-07T00:37:04","guid":{"rendered":"https:\/\/espak.ee\/hinnakiri\/?post_type=product&#038;p=18718"},"modified":"2025-07-13T00:21:42","modified_gmt":"2025-07-12T21:21:42","slug":"camo-terrassikruvi-c4-42x60-350tk-pk-ruspert","status":"publish","type":"product","link":"https:\/\/espak.ee\/epood\/toode\/camo-terrassikruvi-c4-42x60-350tk-pk-ruspert\/","title":{"rendered":"CAMO TERRASSIKRUVI C4 4,2&#215;60 350TK\/PK PROTECH"},"content":{"rendered":"<div class=\"row\"  id=\"row-343408325\">\n\n\t<div id=\"col-1529428752\" class=\"col medium-9 small-12 large-9\"  >\n\t\t\t\t<div class=\"col-inner\"  >\n\t\t\t\n\t\t\t\n<h2> CAMO TERRASSIKRUVI C4 4,2&#215;60 PROTECH <\/h2>\n<p>Terrassikruvid 4,2&#215;60 mm Camo Protech on m\u00f5eldud kasutamiseks Camo Marksman Pro terrassilaua paigaldamise rakisega.<br \/>\nPakis 350 kruvi ja \u00fcks spetsiaalne Torx 15 kruviotsak.<br \/>\nKorrosiooniklass: C4<br \/>\nPinnat\u00f6\u00f6tlus: Protech ruspert<br \/>\nKruvi kulu:<br \/>\n350 kruvi = ca 11 m2 pinda\n<\/p>\n<div class=\"message-box relative\" style=\"padding-top:15px;padding-bottom:15px;\"><div class=\"message-box-bg-image bg-fill fill\" ><\/div><div class=\"message-box-bg-overlay bg-fill fill\" ><\/div><div class=\"container relative\"><div class=\"inner last-reset\">\n<div class=\"row align-middle align-center\"  id=\"row-1763648728\">\n\n\t<div id=\"col-1513800421\" class=\"col small-12 large-12\"  >\n\t\t\t\t<div class=\"col-inner text-left\"  >\n\t\t\t\n\t\t\t\n<h4>Omadused<\/h4>\n<div class=\"row\"  id=\"row-856222031\">\n\n\t<div id=\"col-633321119\" class=\"col medium-6 small-12 large-6\"  >\n\t\t\t\t<div class=\"col-inner\"  >\n\t\t\t\n\t\t\t\n<p><i class=\"fa fa-check fa-2x\"><\/i> <strong> lihtne ja mugav kinnitamine <\/strong><\/p>\n<p><i class=\"fa fa-check fa-2x\"><\/i> <strong>tulemuseks kruvij\u00e4lgedeta laudis <\/strong><\/p>\n\t\t<\/div>\n\t\t\t\t\n<style>\n#col-633321119 > .col-inner {\n  margin: 10px 0px 15px 0px;\n}\n<\/style>\n\t<\/div>\n\n\t\n\n\t<div id=\"col-178190933\" class=\"col medium-6 small-12 large-6\"  >\n\t\t\t\t<div class=\"col-inner\"  >\n\t\t\t\n\t\t\t\n<p><i class=\"fa fa-check fa-2x\"><\/i><strong> sobib ka k\u00f5vast puidust terrassi tegemiseks <\/strong><\/p>\n\t\t<\/div>\n\t\t\t\t\n<style>\n#col-178190933 > .col-inner {\n  margin: 10px 0px 15px 0px;\n}\n<\/style>\n\t<\/div>\n\n\t\n<\/div>\n\t\t<\/div>\n\t\t\t\t\t<\/div>\n\n\t\n<\/div>\n<\/div><\/div><\/div>\n\t<div id=\"gap-1968799340\" class=\"gap-element clearfix\" style=\"display:block; height:auto;\">\n\t\t\n<style>\n#gap-1968799340 {\n  padding-top: 30px;\n}\n<\/style>\n\t<\/div>\n\t\n<p> Uus Camo Pro-NB lahendus peidab kruvid ning lahendus on suurep\u00e4rane. Alles j\u00e4\u00e4b ilus laudis ilma \u00fchegi kruvi j\u00e4ljeta.<br \/>\nCamo Hidden Deck Fastening System on esimene terrassilaua nurga kinnituss\u00fcsteem, millega saab lihtsalt ja mugavalt kinnitada k\u00f5ike t\u00fc\u00fcpe laudiseid.<\/p>\n\t\t<\/div>\n\t\t\t\t\t<\/div>\n\n\t\n\n\t<div id=\"col-1723651008\" class=\"col medium-3 small-12 large-3\"  >\n\t\t\t\t<div class=\"col-inner\"  >\n\t\t\t\n\t\t\t\n\t<div id=\"gap-524101562\" class=\"gap-element clearfix\" style=\"display:block; height:auto;\">\n\t\t\n<style>\n#gap-524101562 {\n  padding-top: 30px;\n}\n<\/style>\n\t<\/div>\n\t\n<p><strong>\u00dcksikasjalikuma n\u00f5u saamiseks v\u00f5tke \u00fchendust:<br \/><\/strong>KYOCERA SENCO Estonia O\u00dc<br \/>Laki 15<br \/>12915, Tallinn<br \/>+372 6563875<br \/>E-mail: info@kyocera-senco.ee<\/p>\n\t\t<\/div>\n\t\t\t\t\t<\/div>\n\n\t\n<\/div>\n","protected":false},"excerpt":{"rendered":"","protected":false},"featured_media":18792,"comment_status":"closed","ping_status":"closed","template":"","meta":[],"product_brand":[],"product_cat":[2917,2938,2893,3048],"product_tag":[],"class_list":{"0":"post-18718","1":"product","2":"type-product","3":"status-publish","4":"has-post-thumbnail","6":"product_cat-kinnitustarvikud","7":"product_cat-kruvid","8":"product_cat-rauakaubad","9":"product_cat-terrassikruvid","10":"pa_kaubamark-camo","12":"first","13":"outofstock","14":"sale","15":"taxable","16":"shipping-taxable","17":"purchasable","18":"product-type-simple"},"yoast_head":"<!-- This site is optimized with the Yoast SEO plugin v26.9 - https:\/\/yoast.com\/product\/yoast-seo-wordpress\/ -->\n<title>CAMO TERRASSIKRUVI C4 4,2x60 350TK\/PK PROTECH - Espak E-pood<\/title>\n<meta name=\"robots\" content=\"index, follow, max-snippet:-1, max-image-preview:large, max-video-preview:-1\" \/>\n<link rel=\"canonical\" href=\"https:\/\/espak.ee\/epood\/toode\/camo-terrassikruvi-c4-42x60-350tk-pk-ruspert\/\" \/>\n<meta property=\"og:locale\" content=\"et_EE\" \/>\n<meta property=\"og:type\" content=\"article\" \/>\n<meta property=\"og:title\" content=\"CAMO TERRASSIKRUVI C4 4,2x60 350TK\/PK PROTECH - Espak E-pood\" \/>\n<meta property=\"og:url\" content=\"https:\/\/espak.ee\/epood\/toode\/camo-terrassikruvi-c4-42x60-350tk-pk-ruspert\/\" \/>\n<meta property=\"og:site_name\" content=\"Espak E-pood\" \/>\n<meta property=\"article:modified_time\" content=\"2025-07-12T21:21:42+00:00\" \/>\n<meta property=\"og:image\" content=\"https:\/\/espak.ee\/epood\/wp-content\/uploads\/Camo-Edge-decking-screw-42x48_60mm-350-pcs_1000x1000px_345148.jpg\" \/>\n\t<meta property=\"og:image:width\" content=\"1000\" \/>\n\t<meta property=\"og:image:height\" content=\"1000\" \/>\n\t<meta property=\"og:image:type\" content=\"image\/jpeg\" \/>\n<meta name=\"twitter:card\" content=\"summary_large_image\" \/>\n<meta name=\"twitter:label1\" content=\"Est. reading time\" \/>\n\t<meta name=\"twitter:data1\" content=\"1 minut\" \/>\n<script type=\"application\/ld+json\" class=\"yoast-schema-graph\">{\"@context\":\"https:\/\/schema.org\",\"@graph\":[{\"@type\":\"WebPage\",\"@id\":\"https:\/\/espak.ee\/epood\/toode\/camo-terrassikruvi-c4-42x60-350tk-pk-ruspert\/\",\"url\":\"https:\/\/espak.ee\/epood\/toode\/camo-terrassikruvi-c4-42x60-350tk-pk-ruspert\/\",\"name\":\"CAMO TERRASSIKRUVI C4 4,2x60 350TK\/PK PROTECH - Espak E-pood\",\"isPartOf\":{\"@id\":\"https:\/\/espak.ee\/epood\/#website\"},\"primaryImageOfPage\":{\"@id\":\"https:\/\/espak.ee\/epood\/toode\/camo-terrassikruvi-c4-42x60-350tk-pk-ruspert\/#primaryimage\"},\"image\":{\"@id\":\"https:\/\/espak.ee\/epood\/toode\/camo-terrassikruvi-c4-42x60-350tk-pk-ruspert\/#primaryimage\"},\"thumbnailUrl\":\"https:\/\/espak.ee\/epood\/wp-content\/uploads\/Camo-Edge-decking-screw-42x48_60mm-350-pcs_1000x1000px_345148.jpg\",\"datePublished\":\"2020-04-07T00:37:04+00:00\",\"dateModified\":\"2025-07-12T21:21:42+00:00\",\"breadcrumb\":{\"@id\":\"https:\/\/espak.ee\/epood\/toode\/camo-terrassikruvi-c4-42x60-350tk-pk-ruspert\/#breadcrumb\"},\"inLanguage\":\"et\",\"potentialAction\":[{\"@type\":\"ReadAction\",\"target\":[\"https:\/\/espak.ee\/epood\/toode\/camo-terrassikruvi-c4-42x60-350tk-pk-ruspert\/\"]}]},{\"@type\":\"ImageObject\",\"inLanguage\":\"et\",\"@id\":\"https:\/\/espak.ee\/epood\/toode\/camo-terrassikruvi-c4-42x60-350tk-pk-ruspert\/#primaryimage\",\"url\":\"https:\/\/espak.ee\/epood\/wp-content\/uploads\/Camo-Edge-decking-screw-42x48_60mm-350-pcs_1000x1000px_345148.jpg\",\"contentUrl\":\"https:\/\/espak.ee\/epood\/wp-content\/uploads\/Camo-Edge-decking-screw-42x48_60mm-350-pcs_1000x1000px_345148.jpg\",\"width\":1000,\"height\":1000},{\"@type\":\"BreadcrumbList\",\"@id\":\"https:\/\/espak.ee\/epood\/toode\/camo-terrassikruvi-c4-42x60-350tk-pk-ruspert\/#breadcrumb\",\"itemListElement\":[{\"@type\":\"ListItem\",\"position\":1,\"name\":\"Home\",\"item\":\"https:\/\/espak.ee\/epood\/\"},{\"@type\":\"ListItem\",\"position\":2,\"name\":\"Tootevalik\",\"item\":\"https:\/\/espak.ee\/epood\/tootevalik\/\"},{\"@type\":\"ListItem\",\"position\":3,\"name\":\"CAMO TERRASSIKRUVI C4 4,2&#215;60 350TK\/PK PROTECH\"}]},{\"@type\":\"WebSite\",\"@id\":\"https:\/\/espak.ee\/epood\/#website\",\"url\":\"https:\/\/espak.ee\/epood\/\",\"name\":\"Espak E-pood\",\"description\":\"\",\"potentialAction\":[{\"@type\":\"SearchAction\",\"target\":{\"@type\":\"EntryPoint\",\"urlTemplate\":\"https:\/\/espak.ee\/epood\/?s={search_term_string}\"},\"query-input\":{\"@type\":\"PropertyValueSpecification\",\"valueRequired\":true,\"valueName\":\"search_term_string\"}}],\"inLanguage\":\"et\"}]}<\/script>\n<!-- \/ Yoast SEO plugin. -->","yoast_head_json":{"title":"CAMO TERRASSIKRUVI C4 4,2x60 350TK\/PK PROTECH - Espak E-pood","robots":{"index":"index","follow":"follow","max-snippet":"max-snippet:-1","max-image-preview":"max-image-preview:large","max-video-preview":"max-video-preview:-1"},"canonical":"https:\/\/espak.ee\/epood\/toode\/camo-terrassikruvi-c4-42x60-350tk-pk-ruspert\/","og_locale":"et_EE","og_type":"article","og_title":"CAMO TERRASSIKRUVI C4 4,2x60 350TK\/PK PROTECH - Espak E-pood","og_url":"https:\/\/espak.ee\/epood\/toode\/camo-terrassikruvi-c4-42x60-350tk-pk-ruspert\/","og_site_name":"Espak E-pood","article_modified_time":"2025-07-12T21:21:42+00:00","og_image":[{"width":1000,"height":1000,"url":"https:\/\/espak.ee\/epood\/wp-content\/uploads\/Camo-Edge-decking-screw-42x48_60mm-350-pcs_1000x1000px_345148.jpg","type":"image\/jpeg"}],"twitter_card":"summary_large_image","twitter_misc":{"Est. reading time":"1 minut"},"schema":{"@context":"https:\/\/schema.org","@graph":[{"@type":"WebPage","@id":"https:\/\/espak.ee\/epood\/toode\/camo-terrassikruvi-c4-42x60-350tk-pk-ruspert\/","url":"https:\/\/espak.ee\/epood\/toode\/camo-terrassikruvi-c4-42x60-350tk-pk-ruspert\/","name":"CAMO TERRASSIKRUVI C4 4,2x60 350TK\/PK PROTECH - Espak E-pood","isPartOf":{"@id":"https:\/\/espak.ee\/epood\/#website"},"primaryImageOfPage":{"@id":"https:\/\/espak.ee\/epood\/toode\/camo-terrassikruvi-c4-42x60-350tk-pk-ruspert\/#primaryimage"},"image":{"@id":"https:\/\/espak.ee\/epood\/toode\/camo-terrassikruvi-c4-42x60-350tk-pk-ruspert\/#primaryimage"},"thumbnailUrl":"https:\/\/espak.ee\/epood\/wp-content\/uploads\/Camo-Edge-decking-screw-42x48_60mm-350-pcs_1000x1000px_345148.jpg","datePublished":"2020-04-07T00:37:04+00:00","dateModified":"2025-07-12T21:21:42+00:00","breadcrumb":{"@id":"https:\/\/espak.ee\/epood\/toode\/camo-terrassikruvi-c4-42x60-350tk-pk-ruspert\/#breadcrumb"},"inLanguage":"et","potentialAction":[{"@type":"ReadAction","target":["https:\/\/espak.ee\/epood\/toode\/camo-terrassikruvi-c4-42x60-350tk-pk-ruspert\/"]}]},{"@type":"ImageObject","inLanguage":"et","@id":"https:\/\/espak.ee\/epood\/toode\/camo-terrassikruvi-c4-42x60-350tk-pk-ruspert\/#primaryimage","url":"https:\/\/espak.ee\/epood\/wp-content\/uploads\/Camo-Edge-decking-screw-42x48_60mm-350-pcs_1000x1000px_345148.jpg","contentUrl":"https:\/\/espak.ee\/epood\/wp-content\/uploads\/Camo-Edge-decking-screw-42x48_60mm-350-pcs_1000x1000px_345148.jpg","width":1000,"height":1000},{"@type":"BreadcrumbList","@id":"https:\/\/espak.ee\/epood\/toode\/camo-terrassikruvi-c4-42x60-350tk-pk-ruspert\/#breadcrumb","itemListElement":[{"@type":"ListItem","position":1,"name":"Home","item":"https:\/\/espak.ee\/epood\/"},{"@type":"ListItem","position":2,"name":"Tootevalik","item":"https:\/\/espak.ee\/epood\/tootevalik\/"},{"@type":"ListItem","position":3,"name":"CAMO TERRASSIKRUVI C4 4,2&#215;60 350TK\/PK PROTECH"}]},{"@type":"WebSite","@id":"https:\/\/espak.ee\/epood\/#website","url":"https:\/\/espak.ee\/epood\/","name":"Espak E-pood","description":"","potentialAction":[{"@type":"SearchAction","target":{"@type":"EntryPoint","urlTemplate":"https:\/\/espak.ee\/epood\/?s={search_term_string}"},"query-input":{"@type":"PropertyValueSpecification","valueRequired":true,"valueName":"search_term_string"}}],"inLanguage":"et"}]}},"_links":{"self":[{"href":"https:\/\/espak.ee\/epood\/wp-json\/wp\/v2\/product\/18718","targetHints":{"allow":["GET"]}}],"collection":[{"href":"https:\/\/espak.ee\/epood\/wp-json\/wp\/v2\/product"}],"about":[{"href":"https:\/\/espak.ee\/epood\/wp-json\/wp\/v2\/types\/product"}],"replies":[{"embeddable":true,"href":"https:\/\/espak.ee\/epood\/wp-json\/wp\/v2\/comments?post=18718"}],"wp:featuredmedia":[{"embeddable":true,"href":"https:\/\/espak.ee\/epood\/wp-json\/wp\/v2\/media\/18792"}],"wp:attachment":[{"href":"https:\/\/espak.ee\/epood\/wp-json\/wp\/v2\/media?parent=18718"}],"wp:term":[{"taxonomy":"product_brand","embeddable":true,"href":"https:\/\/espak.ee\/epood\/wp-json\/wp\/v2\/product_brand?post=18718"},{"taxonomy":"product_cat","embeddable":true,"href":"https:\/\/espak.ee\/epood\/wp-json\/wp\/v2\/product_cat?post=18718"},{"taxonomy":"product_tag","embeddable":true,"href":"https:\/\/espak.ee\/epood\/wp-json\/wp\/v2\/product_tag?post=18718"}],"curies":[{"name":"wp","href":"https:\/\/api.w.org\/{rel}","templated":true}]}}