{"id":18629,"date":"2020-04-07T03:36:20","date_gmt":"2020-04-07T00:36:20","guid":{"rendered":"https:\/\/espak.ee\/hinnakiri\/?post_type=product&#038;p=18629"},"modified":"2025-05-05T22:22:16","modified_gmt":"2025-05-05T19:22:16","slug":"minitrelli-komplekt-proxxon-micromot-50-e-28515","status":"publish","type":"product","link":"https:\/\/espak.ee\/epood\/toode\/minitrelli-komplekt-proxxon-micromot-50-e-28515\/","title":{"rendered":"MINITRELL PROXXON MICROMOT 60\/E 28515"},"content":{"rendered":"<div class=\"row\"  id=\"row-1912264512\">\n\n\t<div id=\"col-306356561\" class=\"col medium-9 small-12 large-9\"  >\n\t\t\t\t<div class=\"col-inner\"  >\n\t\t\t\n\t\t\t\n<h3>Minitrelli komplekt PROXXON Micromot 50\/E <\/h3>\n<p>Mudeliehitus- ja graveerimiskomplekt.<br \/>\nKomplektis MICROMOTi trell\/lihvmasin 60\/E, toiteadapter (12 V, 1 A) ja 34 stomatoloogilise kvaliteediga otsakut ning l\u00f5ikenuga.<\/p>\n<p><strong> Trell\/lihvmasin 60\/E:<\/strong> Sujuv elektrooniline p\u00f6\u00f6rlemiskiiruse reguleerimine ja mootori suur v\u00f5imsus ka v\u00e4ikestel p\u00f6\u00f6rlemiskiirustel.T\u00e4nu 35 mm l\u00e4bim\u00f5\u00f5dule ja kergusele (230 g) pakub see omas klassis \u00fcletamatut k\u00e4sitsemismugavust. Tasakaalustatud mootor k\u00e4itab kergelt kuullaagritega spindlit, tulemus on t\u00f6\u00f6tamisel sujuv p\u00f6\u00f6rlemine ja meeldiv heli.<\/p>\n<p><strong>Komplekti kuulub 34 t\u00f6\u00f6stusliku kvaliteediga otsakut ja l\u00f5ikenuga:<\/strong><br \/> -VOLT 1 teemantlihvotsak<br \/>&#8211; 1 peenfrees<br \/>&#8211; 0,5 ja 1 mm mikropuurid<br \/>&#8211; 1 messinghari<br \/>&#8211; 4 kvaliteetset korundlihvotsakut (silindri-, kera-, ketta- ja koonusekujuline)<br \/>&#8211; 1 saetera<br \/>&#8211; 4 lihvketast (2 x korund, 2 x r\u00e4nikarbiid)<br \/>&#8211; 20 l\u00f5ikeketast <br \/>&#8211; 1 kettatelg<br \/>&#8211; 6 MICROMOTi padrunit l\u00e4bim\u00f5\u00f5duga 1 \u2013 3,2 mm <\/p>\n\t\t<\/div>\n\t\t\t\t\t<\/div>\n\n\t\n\n\t<div id=\"col-202000843\" class=\"col medium-3 small-12 large-3\"  >\n\t\t\t\t<div class=\"col-inner\"  >\n\t\t\t\n\t\t\t\n\t<div id=\"gap-718176392\" class=\"gap-element clearfix\" style=\"display:block; height:auto;\">\n\t\t\n<style>\n#gap-718176392 {\n  padding-top: 30px;\n}\n<\/style>\n\t<\/div>\n\t\n<p><a href=\"https:\/\/espak.ee\/epood\/wp-content\/uploads\/28510-28515-minitrell-Micromot-50E.pdf\" target=\"_blank\" rel=\"noopener noreferrer\"><i class=\"far fa-file-pdf\"><\/i> Kasutusjuhend (PDF)<\/a><\/p>\n<p><img decoding=\"async\" src=\"https:\/\/espak.ee\/epood\/wp-content\/uploads\/PROXXON_logo-150x28.jpg\" alt=\"\" width=\"150\" height=\"28\" class=\"alignnone size-thumbnail wp-image-50061\" srcset=\"https:\/\/espak.ee\/epood\/wp-content\/uploads\/PROXXON_logo-150x28.jpg 150w, https:\/\/espak.ee\/epood\/wp-content\/uploads\/PROXXON_logo-500x94.jpg 500w, https:\/\/espak.ee\/epood\/wp-content\/uploads\/PROXXON_logo-769x145.jpg 769w, https:\/\/espak.ee\/epood\/wp-content\/uploads\/PROXXON_logo-300x56.jpg 300w, https:\/\/espak.ee\/epood\/wp-content\/uploads\/PROXXON_logo-1024x193.jpg 1024w, https:\/\/espak.ee\/epood\/wp-content\/uploads\/PROXXON_logo-768x144.jpg 768w, https:\/\/espak.ee\/epood\/wp-content\/uploads\/PROXXON_logo.jpg 1383w\" sizes=\"(max-width: 150px) 100vw, 150px\" \/><br \/>\n<div class=\"is-divider divider clearfix\" ><\/div>\n<p><strong>\u00dcksikasjalikuma n\u00f5u saamiseks v\u00f5tke \u00fchendust:<br \/><\/strong>Espak AS<br \/>Viadukti 42<br \/>11313<br \/>Tallinn<br \/> T\u00f6\u00f6riista osakond +372 6512 335<br \/><a href=\"mailto:tooriist@espak.ee\">tooriist@espak.ee<\/a><\/p>\n\t\t<\/div>\n\t\t\t\t\t<\/div>\n\n\t\n<\/div>\n","protected":false},"excerpt":{"rendered":"","protected":false},"featured_media":19965,"comment_status":"closed","ping_status":"closed","template":"","meta":[],"product_brand":[],"product_cat":[2739,2680,3044,2679],"product_tag":[],"class_list":{"0":"post-18629","1":"product","2":"type-product","3":"status-publish","4":"has-post-thumbnail","6":"product_cat-elektrikasitooriistad","7":"product_cat-elektritooriistad","8":"product_cat-minitrellid","9":"product_cat-tooriistad","10":"pa_kaubamark-proxxon","12":"first","13":"instock","14":"sale","15":"taxable","16":"shipping-taxable","17":"purchasable","18":"product-type-simple"},"yoast_head":"<!-- This site is optimized with the Yoast SEO plugin v26.9 - https:\/\/yoast.com\/product\/yoast-seo-wordpress\/ -->\n<title>MINITRELL PROXXON MICROMOT 60\/E 28515 - Espak E-pood<\/title>\n<meta name=\"robots\" content=\"index, follow, max-snippet:-1, max-image-preview:large, max-video-preview:-1\" \/>\n<link rel=\"canonical\" href=\"https:\/\/espak.ee\/epood\/toode\/minitrelli-komplekt-proxxon-micromot-50-e-28515\/\" \/>\n<meta property=\"og:locale\" content=\"et_EE\" \/>\n<meta property=\"og:type\" content=\"article\" \/>\n<meta property=\"og:title\" content=\"MINITRELL PROXXON MICROMOT 60\/E 28515 - Espak E-pood\" \/>\n<meta property=\"og:url\" content=\"https:\/\/espak.ee\/epood\/toode\/minitrelli-komplekt-proxxon-micromot-50-e-28515\/\" \/>\n<meta property=\"og:site_name\" content=\"Espak E-pood\" \/>\n<meta property=\"article:modified_time\" content=\"2025-05-05T19:22:16+00:00\" \/>\n<meta property=\"og:image\" content=\"https:\/\/espak.ee\/epood\/wp-content\/uploads\/28515_Set_CMYC-1.jpg\" \/>\n\t<meta property=\"og:image:width\" content=\"2048\" \/>\n\t<meta property=\"og:image:height\" content=\"970\" \/>\n\t<meta property=\"og:image:type\" content=\"image\/jpeg\" \/>\n<meta name=\"twitter:card\" content=\"summary_large_image\" \/>\n<meta name=\"twitter:label1\" content=\"Est. reading time\" \/>\n\t<meta name=\"twitter:data1\" content=\"1 minut\" \/>\n<script type=\"application\/ld+json\" class=\"yoast-schema-graph\">{\"@context\":\"https:\/\/schema.org\",\"@graph\":[{\"@type\":\"WebPage\",\"@id\":\"https:\/\/espak.ee\/epood\/toode\/minitrelli-komplekt-proxxon-micromot-50-e-28515\/\",\"url\":\"https:\/\/espak.ee\/epood\/toode\/minitrelli-komplekt-proxxon-micromot-50-e-28515\/\",\"name\":\"MINITRELL PROXXON MICROMOT 60\/E 28515 - Espak E-pood\",\"isPartOf\":{\"@id\":\"https:\/\/espak.ee\/epood\/#website\"},\"primaryImageOfPage\":{\"@id\":\"https:\/\/espak.ee\/epood\/toode\/minitrelli-komplekt-proxxon-micromot-50-e-28515\/#primaryimage\"},\"image\":{\"@id\":\"https:\/\/espak.ee\/epood\/toode\/minitrelli-komplekt-proxxon-micromot-50-e-28515\/#primaryimage\"},\"thumbnailUrl\":\"https:\/\/espak.ee\/epood\/wp-content\/uploads\/28515_Set_CMYC-1.jpg\",\"datePublished\":\"2020-04-07T00:36:20+00:00\",\"dateModified\":\"2025-05-05T19:22:16+00:00\",\"breadcrumb\":{\"@id\":\"https:\/\/espak.ee\/epood\/toode\/minitrelli-komplekt-proxxon-micromot-50-e-28515\/#breadcrumb\"},\"inLanguage\":\"et\",\"potentialAction\":[{\"@type\":\"ReadAction\",\"target\":[\"https:\/\/espak.ee\/epood\/toode\/minitrelli-komplekt-proxxon-micromot-50-e-28515\/\"]}]},{\"@type\":\"ImageObject\",\"inLanguage\":\"et\",\"@id\":\"https:\/\/espak.ee\/epood\/toode\/minitrelli-komplekt-proxxon-micromot-50-e-28515\/#primaryimage\",\"url\":\"https:\/\/espak.ee\/epood\/wp-content\/uploads\/28515_Set_CMYC-1.jpg\",\"contentUrl\":\"https:\/\/espak.ee\/epood\/wp-content\/uploads\/28515_Set_CMYC-1.jpg\",\"width\":2048,\"height\":970},{\"@type\":\"BreadcrumbList\",\"@id\":\"https:\/\/espak.ee\/epood\/toode\/minitrelli-komplekt-proxxon-micromot-50-e-28515\/#breadcrumb\",\"itemListElement\":[{\"@type\":\"ListItem\",\"position\":1,\"name\":\"Home\",\"item\":\"https:\/\/espak.ee\/epood\/\"},{\"@type\":\"ListItem\",\"position\":2,\"name\":\"Tootevalik\",\"item\":\"https:\/\/espak.ee\/epood\/tootevalik\/\"},{\"@type\":\"ListItem\",\"position\":3,\"name\":\"MINITRELL PROXXON MICROMOT 60\/E 28515\"}]},{\"@type\":\"WebSite\",\"@id\":\"https:\/\/espak.ee\/epood\/#website\",\"url\":\"https:\/\/espak.ee\/epood\/\",\"name\":\"Espak E-pood\",\"description\":\"\",\"potentialAction\":[{\"@type\":\"SearchAction\",\"target\":{\"@type\":\"EntryPoint\",\"urlTemplate\":\"https:\/\/espak.ee\/epood\/?s={search_term_string}\"},\"query-input\":{\"@type\":\"PropertyValueSpecification\",\"valueRequired\":true,\"valueName\":\"search_term_string\"}}],\"inLanguage\":\"et\"}]}<\/script>\n<!-- \/ Yoast SEO plugin. -->","yoast_head_json":{"title":"MINITRELL PROXXON MICROMOT 60\/E 28515 - Espak E-pood","robots":{"index":"index","follow":"follow","max-snippet":"max-snippet:-1","max-image-preview":"max-image-preview:large","max-video-preview":"max-video-preview:-1"},"canonical":"https:\/\/espak.ee\/epood\/toode\/minitrelli-komplekt-proxxon-micromot-50-e-28515\/","og_locale":"et_EE","og_type":"article","og_title":"MINITRELL PROXXON MICROMOT 60\/E 28515 - Espak E-pood","og_url":"https:\/\/espak.ee\/epood\/toode\/minitrelli-komplekt-proxxon-micromot-50-e-28515\/","og_site_name":"Espak E-pood","article_modified_time":"2025-05-05T19:22:16+00:00","og_image":[{"width":2048,"height":970,"url":"https:\/\/espak.ee\/epood\/wp-content\/uploads\/28515_Set_CMYC-1.jpg","type":"image\/jpeg"}],"twitter_card":"summary_large_image","twitter_misc":{"Est. reading time":"1 minut"},"schema":{"@context":"https:\/\/schema.org","@graph":[{"@type":"WebPage","@id":"https:\/\/espak.ee\/epood\/toode\/minitrelli-komplekt-proxxon-micromot-50-e-28515\/","url":"https:\/\/espak.ee\/epood\/toode\/minitrelli-komplekt-proxxon-micromot-50-e-28515\/","name":"MINITRELL PROXXON MICROMOT 60\/E 28515 - Espak E-pood","isPartOf":{"@id":"https:\/\/espak.ee\/epood\/#website"},"primaryImageOfPage":{"@id":"https:\/\/espak.ee\/epood\/toode\/minitrelli-komplekt-proxxon-micromot-50-e-28515\/#primaryimage"},"image":{"@id":"https:\/\/espak.ee\/epood\/toode\/minitrelli-komplekt-proxxon-micromot-50-e-28515\/#primaryimage"},"thumbnailUrl":"https:\/\/espak.ee\/epood\/wp-content\/uploads\/28515_Set_CMYC-1.jpg","datePublished":"2020-04-07T00:36:20+00:00","dateModified":"2025-05-05T19:22:16+00:00","breadcrumb":{"@id":"https:\/\/espak.ee\/epood\/toode\/minitrelli-komplekt-proxxon-micromot-50-e-28515\/#breadcrumb"},"inLanguage":"et","potentialAction":[{"@type":"ReadAction","target":["https:\/\/espak.ee\/epood\/toode\/minitrelli-komplekt-proxxon-micromot-50-e-28515\/"]}]},{"@type":"ImageObject","inLanguage":"et","@id":"https:\/\/espak.ee\/epood\/toode\/minitrelli-komplekt-proxxon-micromot-50-e-28515\/#primaryimage","url":"https:\/\/espak.ee\/epood\/wp-content\/uploads\/28515_Set_CMYC-1.jpg","contentUrl":"https:\/\/espak.ee\/epood\/wp-content\/uploads\/28515_Set_CMYC-1.jpg","width":2048,"height":970},{"@type":"BreadcrumbList","@id":"https:\/\/espak.ee\/epood\/toode\/minitrelli-komplekt-proxxon-micromot-50-e-28515\/#breadcrumb","itemListElement":[{"@type":"ListItem","position":1,"name":"Home","item":"https:\/\/espak.ee\/epood\/"},{"@type":"ListItem","position":2,"name":"Tootevalik","item":"https:\/\/espak.ee\/epood\/tootevalik\/"},{"@type":"ListItem","position":3,"name":"MINITRELL PROXXON MICROMOT 60\/E 28515"}]},{"@type":"WebSite","@id":"https:\/\/espak.ee\/epood\/#website","url":"https:\/\/espak.ee\/epood\/","name":"Espak E-pood","description":"","potentialAction":[{"@type":"SearchAction","target":{"@type":"EntryPoint","urlTemplate":"https:\/\/espak.ee\/epood\/?s={search_term_string}"},"query-input":{"@type":"PropertyValueSpecification","valueRequired":true,"valueName":"search_term_string"}}],"inLanguage":"et"}]}},"_links":{"self":[{"href":"https:\/\/espak.ee\/epood\/wp-json\/wp\/v2\/product\/18629","targetHints":{"allow":["GET"]}}],"collection":[{"href":"https:\/\/espak.ee\/epood\/wp-json\/wp\/v2\/product"}],"about":[{"href":"https:\/\/espak.ee\/epood\/wp-json\/wp\/v2\/types\/product"}],"replies":[{"embeddable":true,"href":"https:\/\/espak.ee\/epood\/wp-json\/wp\/v2\/comments?post=18629"}],"wp:featuredmedia":[{"embeddable":true,"href":"https:\/\/espak.ee\/epood\/wp-json\/wp\/v2\/media\/19965"}],"wp:attachment":[{"href":"https:\/\/espak.ee\/epood\/wp-json\/wp\/v2\/media?parent=18629"}],"wp:term":[{"taxonomy":"product_brand","embeddable":true,"href":"https:\/\/espak.ee\/epood\/wp-json\/wp\/v2\/product_brand?post=18629"},{"taxonomy":"product_cat","embeddable":true,"href":"https:\/\/espak.ee\/epood\/wp-json\/wp\/v2\/product_cat?post=18629"},{"taxonomy":"product_tag","embeddable":true,"href":"https:\/\/espak.ee\/epood\/wp-json\/wp\/v2\/product_tag?post=18629"}],"curies":[{"name":"wp","href":"https:\/\/api.w.org\/{rel}","templated":true}]}}