{"id":18621,"date":"2020-04-07T03:36:15","date_gmt":"2020-04-07T00:36:15","guid":{"rendered":"https:\/\/espak.ee\/hinnakiri\/?post_type=product&#038;p=18621"},"modified":"2024-10-05T20:58:13","modified_gmt":"2024-10-05T17:58:13","slug":"poleermasin-proxxon-wp-e-28660","status":"publish","type":"product","link":"https:\/\/espak.ee\/epood\/toode\/poleermasin-proxxon-wp-e-28660\/","title":{"rendered":"POLEERIJA PROXXON WP\/E 28660"},"content":{"rendered":"<div class=\"row\"  id=\"row-1329636750\">\n\n\t<div id=\"col-1706305430\" class=\"col medium-9 small-12 large-9\"  >\n\t\t\t\t<div class=\"col-inner\"  >\n\t\t\t\n\t\t\t\n<h3>Poleermasin PROXXON WP\/E <\/h3>\n<p>T\u00e4iusliku pinna saamiseks isegi kitsastes kohtades: t\u00fchjade pindade viimistlemiseks, puhastamiseks, rooste eemaldamiseks, lakkimisj\u00e4rgseks viimistluseks.<br \/>\nSpetsiaalne balansseeritud mootor, v\u00f5imas, vaikne ja pika kasutusajaga. Vaikne planetaar\u00fclekanne valualumiiniumist korpuses ning kiiruse sujuv juhtimine (t\u00e4iselektrooniline) v\u00e4ikese ja p\u00fcsiva kiiruse saavutamiseks isegi tugeva kokkupuutesurve korral.<br \/>\nP\u00f5hikorpus klaaskiuga tugevdatud pol\u00fcamiidist, pehmete detailidega.<br \/>\n Hoitakse kaitstult stiilses kvaliteetsest pol\u00fcprop\u00fcleenist kohvris koos originaalvarustusega koheseks kasutamiseks.<br \/>\n<strong>Komplektis sisaldub:<\/strong><br \/>&#8211; kummist takjakinnitusega alusketas<br \/>&#8211; poleerimisk\u00e4sn (keskmiselt k\u00f5va)<br \/>&#8211; lambavillast poleerimisketas<br \/>&#8211; poleerimisvilt metallide ja v\u00e4rviliste metallide jaoks (keskmiselt k\u00f5va)<br \/>&#8211; 12 lihvketast K 2000<br \/>&#8211; poleerimisemulsioon NIGRIN (75 ml)<br \/>&#8211; mikrokiudlapp. <\/p>\n\t\t<\/div>\n\t\t\t\t\t<\/div>\n\n\t\n\n\t<div id=\"col-713854786\" class=\"col medium-3 small-12 large-3\"  >\n\t\t\t\t<div class=\"col-inner\"  >\n\t\t\t\n\t\t\t\n\t<div id=\"gap-730818864\" class=\"gap-element clearfix\" style=\"display:block; height:auto;\">\n\t\t\n<style>\n#gap-730818864 {\n  padding-top: 30px;\n}\n<\/style>\n\t<\/div>\n\t\n<p><a href=\"https:\/\/espak.ee\/epood\/wp-content\/uploads\/28660-Poleermasin-WP_E.pdf\" target=\"_blank\" rel=\"noopener noreferrer\"><i class=\"far fa-file-pdf\"><\/i> Kasutusjuhend (PDF)<\/a><\/p>\n<p><img decoding=\"async\" src=\"https:\/\/espak.ee\/epood\/wp-content\/uploads\/PROXXON_logo-150x28.jpg\" alt=\"\" width=\"150\" height=\"28\" class=\"alignnone size-thumbnail wp-image-50061\" srcset=\"https:\/\/espak.ee\/epood\/wp-content\/uploads\/PROXXON_logo-150x28.jpg 150w, https:\/\/espak.ee\/epood\/wp-content\/uploads\/PROXXON_logo-500x94.jpg 500w, https:\/\/espak.ee\/epood\/wp-content\/uploads\/PROXXON_logo-769x145.jpg 769w, https:\/\/espak.ee\/epood\/wp-content\/uploads\/PROXXON_logo-300x56.jpg 300w, https:\/\/espak.ee\/epood\/wp-content\/uploads\/PROXXON_logo-1024x193.jpg 1024w, https:\/\/espak.ee\/epood\/wp-content\/uploads\/PROXXON_logo-768x144.jpg 768w, https:\/\/espak.ee\/epood\/wp-content\/uploads\/PROXXON_logo.jpg 1383w\" sizes=\"(max-width: 150px) 100vw, 150px\" \/><br \/>\n<div class=\"is-divider divider clearfix\" ><\/div>\n<p><strong>\u00dcksikasjalikuma n\u00f5u saamiseks v\u00f5tke \u00fchendust:<br \/><\/strong>Espak AS<br \/>Viadukti 42<br \/>11313<br \/>Tallinn<br \/> T\u00f6\u00f6riista osakond +372 6512 335<br \/><a href=\"mailto:tooriist@espak.ee\">tooriist@espak.ee<\/a><\/p>\n<div style=\"width: 1020px;\" class=\"wp-video\"><video class=\"wp-video-shortcode\" id=\"video-18621-1\" width=\"1020\" height=\"574\" preload=\"metadata\" controls=\"controls\"><source type=\"video\/mp4\" src=\"https:\/\/espak.ee\/epood\/wp-content\/uploads\/28660-Winkelbohrschleifer_US-1920x1080_h264.mp4?_=1\" \/><a href=\"https:\/\/espak.ee\/epood\/wp-content\/uploads\/28660-Winkelbohrschleifer_US-1920x1080_h264.mp4\">https:\/\/espak.ee\/epood\/wp-content\/uploads\/28660-Winkelbohrschleifer_US-1920x1080_h264.mp4<\/a><\/video><\/div>\n\t\t<\/div>\n\t\t\t\t\t<\/div>\n\n\t\n<\/div>\n","protected":false},"excerpt":{"rendered":"","protected":false},"featured_media":20006,"comment_status":"closed","ping_status":"closed","template":"","meta":[],"product_brand":[],"product_cat":[2739,2680,2765,2679],"product_tag":[],"class_list":{"0":"post-18621","1":"product","2":"type-product","3":"status-publish","4":"has-post-thumbnail","6":"product_cat-elektrikasitooriistad","7":"product_cat-elektritooriistad","8":"product_cat-ketasloikurid","9":"product_cat-tooriistad","10":"pa_kaubamark-proxxon","12":"first","13":"instock","14":"sale","15":"taxable","16":"shipping-taxable","17":"purchasable","18":"product-type-simple"},"yoast_head":"<!-- This site is optimized with the Yoast SEO plugin v26.9 - https:\/\/yoast.com\/product\/yoast-seo-wordpress\/ -->\n<title>POLEERIJA PROXXON WP\/E 28660 - Espak E-pood<\/title>\n<meta name=\"robots\" content=\"index, follow, max-snippet:-1, max-image-preview:large, max-video-preview:-1\" \/>\n<link rel=\"canonical\" href=\"https:\/\/espak.ee\/epood\/toode\/poleermasin-proxxon-wp-e-28660\/\" \/>\n<meta property=\"og:locale\" content=\"et_EE\" \/>\n<meta property=\"og:type\" content=\"article\" \/>\n<meta property=\"og:title\" content=\"POLEERIJA PROXXON WP\/E 28660 - Espak E-pood\" \/>\n<meta property=\"og:url\" content=\"https:\/\/espak.ee\/epood\/toode\/poleermasin-proxxon-wp-e-28660\/\" \/>\n<meta property=\"og:site_name\" content=\"Espak E-pood\" \/>\n<meta property=\"article:modified_time\" content=\"2024-10-05T17:58:13+00:00\" \/>\n<meta property=\"og:image\" content=\"https:\/\/espak.ee\/epood\/wp-content\/uploads\/28660_CMYC-1.jpg\" \/>\n\t<meta property=\"og:image:width\" content=\"2048\" \/>\n\t<meta property=\"og:image:height\" content=\"1665\" \/>\n\t<meta property=\"og:image:type\" content=\"image\/jpeg\" \/>\n<meta name=\"twitter:card\" content=\"summary_large_image\" \/>\n<meta name=\"twitter:label1\" content=\"Est. reading time\" \/>\n\t<meta name=\"twitter:data1\" content=\"1 minut\" \/>\n<script type=\"application\/ld+json\" class=\"yoast-schema-graph\">{\"@context\":\"https:\/\/schema.org\",\"@graph\":[{\"@type\":\"WebPage\",\"@id\":\"https:\/\/espak.ee\/epood\/toode\/poleermasin-proxxon-wp-e-28660\/\",\"url\":\"https:\/\/espak.ee\/epood\/toode\/poleermasin-proxxon-wp-e-28660\/\",\"name\":\"POLEERIJA PROXXON WP\/E 28660 - Espak E-pood\",\"isPartOf\":{\"@id\":\"https:\/\/espak.ee\/epood\/#website\"},\"primaryImageOfPage\":{\"@id\":\"https:\/\/espak.ee\/epood\/toode\/poleermasin-proxxon-wp-e-28660\/#primaryimage\"},\"image\":{\"@id\":\"https:\/\/espak.ee\/epood\/toode\/poleermasin-proxxon-wp-e-28660\/#primaryimage\"},\"thumbnailUrl\":\"https:\/\/espak.ee\/epood\/wp-content\/uploads\/28660_CMYC-1.jpg\",\"datePublished\":\"2020-04-07T00:36:15+00:00\",\"dateModified\":\"2024-10-05T17:58:13+00:00\",\"breadcrumb\":{\"@id\":\"https:\/\/espak.ee\/epood\/toode\/poleermasin-proxxon-wp-e-28660\/#breadcrumb\"},\"inLanguage\":\"et\",\"potentialAction\":[{\"@type\":\"ReadAction\",\"target\":[\"https:\/\/espak.ee\/epood\/toode\/poleermasin-proxxon-wp-e-28660\/\"]}]},{\"@type\":\"ImageObject\",\"inLanguage\":\"et\",\"@id\":\"https:\/\/espak.ee\/epood\/toode\/poleermasin-proxxon-wp-e-28660\/#primaryimage\",\"url\":\"https:\/\/espak.ee\/epood\/wp-content\/uploads\/28660_CMYC-1.jpg\",\"contentUrl\":\"https:\/\/espak.ee\/epood\/wp-content\/uploads\/28660_CMYC-1.jpg\",\"width\":2048,\"height\":1665},{\"@type\":\"BreadcrumbList\",\"@id\":\"https:\/\/espak.ee\/epood\/toode\/poleermasin-proxxon-wp-e-28660\/#breadcrumb\",\"itemListElement\":[{\"@type\":\"ListItem\",\"position\":1,\"name\":\"Home\",\"item\":\"https:\/\/espak.ee\/epood\/\"},{\"@type\":\"ListItem\",\"position\":2,\"name\":\"Tootevalik\",\"item\":\"https:\/\/espak.ee\/epood\/tootevalik\/\"},{\"@type\":\"ListItem\",\"position\":3,\"name\":\"POLEERIJA PROXXON WP\/E 28660\"}]},{\"@type\":\"WebSite\",\"@id\":\"https:\/\/espak.ee\/epood\/#website\",\"url\":\"https:\/\/espak.ee\/epood\/\",\"name\":\"Espak E-pood\",\"description\":\"\",\"potentialAction\":[{\"@type\":\"SearchAction\",\"target\":{\"@type\":\"EntryPoint\",\"urlTemplate\":\"https:\/\/espak.ee\/epood\/?s={search_term_string}\"},\"query-input\":{\"@type\":\"PropertyValueSpecification\",\"valueRequired\":true,\"valueName\":\"search_term_string\"}}],\"inLanguage\":\"et\"}]}<\/script>\n<!-- \/ Yoast SEO plugin. -->","yoast_head_json":{"title":"POLEERIJA PROXXON WP\/E 28660 - Espak E-pood","robots":{"index":"index","follow":"follow","max-snippet":"max-snippet:-1","max-image-preview":"max-image-preview:large","max-video-preview":"max-video-preview:-1"},"canonical":"https:\/\/espak.ee\/epood\/toode\/poleermasin-proxxon-wp-e-28660\/","og_locale":"et_EE","og_type":"article","og_title":"POLEERIJA PROXXON WP\/E 28660 - Espak E-pood","og_url":"https:\/\/espak.ee\/epood\/toode\/poleermasin-proxxon-wp-e-28660\/","og_site_name":"Espak E-pood","article_modified_time":"2024-10-05T17:58:13+00:00","og_image":[{"width":2048,"height":1665,"url":"https:\/\/espak.ee\/epood\/wp-content\/uploads\/28660_CMYC-1.jpg","type":"image\/jpeg"}],"twitter_card":"summary_large_image","twitter_misc":{"Est. reading time":"1 minut"},"schema":{"@context":"https:\/\/schema.org","@graph":[{"@type":"WebPage","@id":"https:\/\/espak.ee\/epood\/toode\/poleermasin-proxxon-wp-e-28660\/","url":"https:\/\/espak.ee\/epood\/toode\/poleermasin-proxxon-wp-e-28660\/","name":"POLEERIJA PROXXON WP\/E 28660 - Espak E-pood","isPartOf":{"@id":"https:\/\/espak.ee\/epood\/#website"},"primaryImageOfPage":{"@id":"https:\/\/espak.ee\/epood\/toode\/poleermasin-proxxon-wp-e-28660\/#primaryimage"},"image":{"@id":"https:\/\/espak.ee\/epood\/toode\/poleermasin-proxxon-wp-e-28660\/#primaryimage"},"thumbnailUrl":"https:\/\/espak.ee\/epood\/wp-content\/uploads\/28660_CMYC-1.jpg","datePublished":"2020-04-07T00:36:15+00:00","dateModified":"2024-10-05T17:58:13+00:00","breadcrumb":{"@id":"https:\/\/espak.ee\/epood\/toode\/poleermasin-proxxon-wp-e-28660\/#breadcrumb"},"inLanguage":"et","potentialAction":[{"@type":"ReadAction","target":["https:\/\/espak.ee\/epood\/toode\/poleermasin-proxxon-wp-e-28660\/"]}]},{"@type":"ImageObject","inLanguage":"et","@id":"https:\/\/espak.ee\/epood\/toode\/poleermasin-proxxon-wp-e-28660\/#primaryimage","url":"https:\/\/espak.ee\/epood\/wp-content\/uploads\/28660_CMYC-1.jpg","contentUrl":"https:\/\/espak.ee\/epood\/wp-content\/uploads\/28660_CMYC-1.jpg","width":2048,"height":1665},{"@type":"BreadcrumbList","@id":"https:\/\/espak.ee\/epood\/toode\/poleermasin-proxxon-wp-e-28660\/#breadcrumb","itemListElement":[{"@type":"ListItem","position":1,"name":"Home","item":"https:\/\/espak.ee\/epood\/"},{"@type":"ListItem","position":2,"name":"Tootevalik","item":"https:\/\/espak.ee\/epood\/tootevalik\/"},{"@type":"ListItem","position":3,"name":"POLEERIJA PROXXON WP\/E 28660"}]},{"@type":"WebSite","@id":"https:\/\/espak.ee\/epood\/#website","url":"https:\/\/espak.ee\/epood\/","name":"Espak E-pood","description":"","potentialAction":[{"@type":"SearchAction","target":{"@type":"EntryPoint","urlTemplate":"https:\/\/espak.ee\/epood\/?s={search_term_string}"},"query-input":{"@type":"PropertyValueSpecification","valueRequired":true,"valueName":"search_term_string"}}],"inLanguage":"et"}]}},"_links":{"self":[{"href":"https:\/\/espak.ee\/epood\/wp-json\/wp\/v2\/product\/18621","targetHints":{"allow":["GET"]}}],"collection":[{"href":"https:\/\/espak.ee\/epood\/wp-json\/wp\/v2\/product"}],"about":[{"href":"https:\/\/espak.ee\/epood\/wp-json\/wp\/v2\/types\/product"}],"replies":[{"embeddable":true,"href":"https:\/\/espak.ee\/epood\/wp-json\/wp\/v2\/comments?post=18621"}],"wp:featuredmedia":[{"embeddable":true,"href":"https:\/\/espak.ee\/epood\/wp-json\/wp\/v2\/media\/20006"}],"wp:attachment":[{"href":"https:\/\/espak.ee\/epood\/wp-json\/wp\/v2\/media?parent=18621"}],"wp:term":[{"taxonomy":"product_brand","embeddable":true,"href":"https:\/\/espak.ee\/epood\/wp-json\/wp\/v2\/product_brand?post=18621"},{"taxonomy":"product_cat","embeddable":true,"href":"https:\/\/espak.ee\/epood\/wp-json\/wp\/v2\/product_cat?post=18621"},{"taxonomy":"product_tag","embeddable":true,"href":"https:\/\/espak.ee\/epood\/wp-json\/wp\/v2\/product_tag?post=18621"}],"curies":[{"name":"wp","href":"https:\/\/api.w.org\/{rel}","templated":true}]}}