{"id":18603,"date":"2020-04-07T03:36:06","date_gmt":"2020-04-07T00:36:06","guid":{"rendered":"https:\/\/espak.ee\/hinnakiri\/?post_type=product&#038;p=18603"},"modified":"2024-03-22T23:51:47","modified_gmt":"2024-03-22T21:51:47","slug":"johvsaag-proxxon-ds230-e","status":"publish","type":"product","link":"https:\/\/espak.ee\/epood\/toode\/johvsaag-proxxon-ds230-e\/","title":{"rendered":"J\u00d5HVSAAG PROXXON DS230\/E 27088"},"content":{"rendered":"<div class=\"row\"  id=\"row-1932006398\">\n\n\t<div id=\"col-1098397733\" class=\"col medium-9 small-12 large-9\"  >\n\t\t\t\t<div class=\"col-inner\"  >\n\t\t\t\n\t\t\t\n<h3>J\u00f5hvsaag PROXXON DS230\/E <\/h3>\n<p>\u00d5ige t\u00f6\u00f6riist t\u00e4ppist\u00f6\u00f6deks- mudeliehituseks, m\u00e4nguasjade valmistamiseks ja peenmehaanikaks.<br \/>\nElektrooniline v\u00f5nkesageduse reguleerimine.<br \/>\nL\u00f5ikab okaspuitu kuni 40 mm, lehtpuitu kuni 10 mm, plaste (sh tr\u00fckkplaate) kuni umbes 4 mm ja mitteraudmetalle paksusega kuni 2 mm. Freesitud survevalu-alumiiniumist t\u00f6\u00f6laud (160 \u00d7 160 mm).<br \/>\nKuni 300 mm t\u00f6\u00f6kaugusega saeraam on tehtud v\u00e4ga j\u00e4igast ribilisest survevalu-alumiiniumist. Tera juhik koos sisseehitatud<br \/>\npuhuriga.<br \/>\n Muudetava k\u00f5rgusega pea (3 asendit) annab kaks eelist:<br \/>\n &#8211; t\u00f5husam saetera kasutamine, kuna \u00fclekandepead on v\u00f5imalik langetada kahes j\u00e4rgus, mis v\u00f5imaldab kasutada saetera uusi hambaid. See kolmekordistab saetera t\u00f6\u00f6iga.<br \/>\n&#8211; K\u00f5ige madalamas asendis on saeterasid, k\u00fcll 60 mm v\u00f5rra l\u00fchematena, v\u00f5imalik veel kasutada.<br \/>\nPikaealine, vaikne ja stabiilne vahelduvvoolumootor. V\u00e4hese m\u00fcraga ja kulumiskindel hammasrihmaga ajam. Skaalajaotusega pikisuunaline piirik ja nurgapiirik.<br \/>\nKaasas 5 saetera (3 h\u00f5redate hammastega, 2 tihedate hammastega). <\/p>\n\t\t<\/div>\n\t\t\t\t\t<\/div>\n\n\t\n\n\t<div id=\"col-1829665340\" class=\"col medium-3 small-12 large-3\"  >\n\t\t\t\t<div class=\"col-inner\"  >\n\t\t\t\n\t\t\t\n\t<div id=\"gap-916401164\" class=\"gap-element clearfix\" style=\"display:block; height:auto;\">\n\t\t\n<style>\n#gap-916401164 {\n  padding-top: 30px;\n}\n<\/style>\n\t<\/div>\n\t\n<p><a href=\"https:\/\/espak.ee\/epood\/wp-content\/uploads\/27088-Vineerisaag-mini-DS230E.pdf\" target=\"_blank\" rel=\"noopener noreferrer\"><i class=\"far fa-file-pdf\"><\/i> Kasutusjuhend (PDF)<\/a><\/p>\n<p><img decoding=\"async\" src=\"https:\/\/espak.ee\/epood\/wp-content\/uploads\/PROXXON_logo-150x28.jpg\" alt=\"\" width=\"150\" height=\"28\" class=\"alignnone size-thumbnail wp-image-50061\" srcset=\"https:\/\/espak.ee\/epood\/wp-content\/uploads\/PROXXON_logo-150x28.jpg 150w, https:\/\/espak.ee\/epood\/wp-content\/uploads\/PROXXON_logo-500x94.jpg 500w, https:\/\/espak.ee\/epood\/wp-content\/uploads\/PROXXON_logo-769x145.jpg 769w, https:\/\/espak.ee\/epood\/wp-content\/uploads\/PROXXON_logo-300x56.jpg 300w, https:\/\/espak.ee\/epood\/wp-content\/uploads\/PROXXON_logo-1024x193.jpg 1024w, https:\/\/espak.ee\/epood\/wp-content\/uploads\/PROXXON_logo-768x144.jpg 768w, https:\/\/espak.ee\/epood\/wp-content\/uploads\/PROXXON_logo.jpg 1383w\" sizes=\"(max-width: 150px) 100vw, 150px\" \/><br \/>\n<div class=\"is-divider divider clearfix\" ><\/div>\n<p><strong>\u00dcksikasjalikuma n\u00f5u saamiseks v\u00f5tke \u00fchendust:<br \/><\/strong>Espak AS<br \/>Viadukti 42<br \/>11313<br \/>Tallinn<br \/> T\u00f6\u00f6riista osakond +372 6512 335<br \/><a href=\"mailto:tooriist@espak.ee\">tooriist@espak.ee<\/a><\/p>\n<div style=\"width: 720px;\" class=\"wp-video\"><video class=\"wp-video-shortcode\" id=\"video-18603-1\" width=\"720\" height=\"576\" preload=\"metadata\" controls=\"controls\"><source type=\"video\/mp4\" src=\"https:\/\/espak.ee\/epood\/wp-content\/uploads\/27088-Scroll-saw-DS230E.mp4?_=1\" \/><a href=\"https:\/\/espak.ee\/epood\/wp-content\/uploads\/27088-Scroll-saw-DS230E.mp4\">https:\/\/espak.ee\/epood\/wp-content\/uploads\/27088-Scroll-saw-DS230E.mp4<\/a><\/video><\/div>\n\t\t<\/div>\n\t\t\t\t\t<\/div>\n\n\t\n<\/div>\n","protected":false},"excerpt":{"rendered":"","protected":false},"featured_media":19943,"comment_status":"closed","ping_status":"closed","template":"","meta":[],"product_brand":[],"product_cat":[2680,2681,2764,2679],"product_tag":[],"class_list":{"0":"post-18603","1":"product","2":"type-product","3":"status-publish","4":"has-post-thumbnail","6":"product_cat-elektritooriistad","7":"product_cat-masinad-ja-seadmed","8":"product_cat-puidutootlusmasinad","9":"product_cat-tooriistad","10":"pa_kaubamark-proxxon","12":"first","13":"instock","14":"sale","15":"taxable","16":"shipping-taxable","17":"purchasable","18":"product-type-simple"},"yoast_head":"<!-- This site is optimized with the Yoast SEO plugin v26.9 - https:\/\/yoast.com\/product\/yoast-seo-wordpress\/ -->\n<title>J\u00d5HVSAAG PROXXON DS230\/E 27088 - Espak E-pood<\/title>\n<meta name=\"robots\" content=\"index, follow, max-snippet:-1, max-image-preview:large, max-video-preview:-1\" \/>\n<link rel=\"canonical\" href=\"https:\/\/espak.ee\/epood\/toode\/johvsaag-proxxon-ds230-e\/\" \/>\n<meta property=\"og:locale\" content=\"et_EE\" \/>\n<meta property=\"og:type\" content=\"article\" \/>\n<meta property=\"og:title\" content=\"J\u00d5HVSAAG PROXXON DS230\/E 27088 - Espak E-pood\" \/>\n<meta property=\"og:url\" content=\"https:\/\/espak.ee\/epood\/toode\/johvsaag-proxxon-ds230-e\/\" \/>\n<meta property=\"og:site_name\" content=\"Espak E-pood\" \/>\n<meta property=\"article:modified_time\" content=\"2024-03-22T21:51:47+00:00\" \/>\n<meta property=\"og:image\" content=\"https:\/\/espak.ee\/epood\/wp-content\/uploads\/27088-PX.jpg\" \/>\n\t<meta property=\"og:image:width\" content=\"1000\" \/>\n\t<meta property=\"og:image:height\" content=\"1000\" \/>\n\t<meta property=\"og:image:type\" content=\"image\/jpeg\" \/>\n<meta name=\"twitter:card\" content=\"summary_large_image\" \/>\n<meta name=\"twitter:label1\" content=\"Est. reading time\" \/>\n\t<meta name=\"twitter:data1\" content=\"1 minut\" \/>\n<script type=\"application\/ld+json\" class=\"yoast-schema-graph\">{\"@context\":\"https:\/\/schema.org\",\"@graph\":[{\"@type\":\"WebPage\",\"@id\":\"https:\/\/espak.ee\/epood\/toode\/johvsaag-proxxon-ds230-e\/\",\"url\":\"https:\/\/espak.ee\/epood\/toode\/johvsaag-proxxon-ds230-e\/\",\"name\":\"J\u00d5HVSAAG PROXXON DS230\/E 27088 - Espak E-pood\",\"isPartOf\":{\"@id\":\"https:\/\/espak.ee\/epood\/#website\"},\"primaryImageOfPage\":{\"@id\":\"https:\/\/espak.ee\/epood\/toode\/johvsaag-proxxon-ds230-e\/#primaryimage\"},\"image\":{\"@id\":\"https:\/\/espak.ee\/epood\/toode\/johvsaag-proxxon-ds230-e\/#primaryimage\"},\"thumbnailUrl\":\"https:\/\/espak.ee\/epood\/wp-content\/uploads\/27088-PX.jpg\",\"datePublished\":\"2020-04-07T00:36:06+00:00\",\"dateModified\":\"2024-03-22T21:51:47+00:00\",\"breadcrumb\":{\"@id\":\"https:\/\/espak.ee\/epood\/toode\/johvsaag-proxxon-ds230-e\/#breadcrumb\"},\"inLanguage\":\"et\",\"potentialAction\":[{\"@type\":\"ReadAction\",\"target\":[\"https:\/\/espak.ee\/epood\/toode\/johvsaag-proxxon-ds230-e\/\"]}]},{\"@type\":\"ImageObject\",\"inLanguage\":\"et\",\"@id\":\"https:\/\/espak.ee\/epood\/toode\/johvsaag-proxxon-ds230-e\/#primaryimage\",\"url\":\"https:\/\/espak.ee\/epood\/wp-content\/uploads\/27088-PX.jpg\",\"contentUrl\":\"https:\/\/espak.ee\/epood\/wp-content\/uploads\/27088-PX.jpg\",\"width\":1000,\"height\":1000},{\"@type\":\"BreadcrumbList\",\"@id\":\"https:\/\/espak.ee\/epood\/toode\/johvsaag-proxxon-ds230-e\/#breadcrumb\",\"itemListElement\":[{\"@type\":\"ListItem\",\"position\":1,\"name\":\"Home\",\"item\":\"https:\/\/espak.ee\/epood\/\"},{\"@type\":\"ListItem\",\"position\":2,\"name\":\"Tootevalik\",\"item\":\"https:\/\/espak.ee\/epood\/tootevalik\/\"},{\"@type\":\"ListItem\",\"position\":3,\"name\":\"J\u00d5HVSAAG PROXXON DS230\/E 27088\"}]},{\"@type\":\"WebSite\",\"@id\":\"https:\/\/espak.ee\/epood\/#website\",\"url\":\"https:\/\/espak.ee\/epood\/\",\"name\":\"Espak E-pood\",\"description\":\"\",\"potentialAction\":[{\"@type\":\"SearchAction\",\"target\":{\"@type\":\"EntryPoint\",\"urlTemplate\":\"https:\/\/espak.ee\/epood\/?s={search_term_string}\"},\"query-input\":{\"@type\":\"PropertyValueSpecification\",\"valueRequired\":true,\"valueName\":\"search_term_string\"}}],\"inLanguage\":\"et\"}]}<\/script>\n<!-- \/ Yoast SEO plugin. -->","yoast_head_json":{"title":"J\u00d5HVSAAG PROXXON DS230\/E 27088 - Espak E-pood","robots":{"index":"index","follow":"follow","max-snippet":"max-snippet:-1","max-image-preview":"max-image-preview:large","max-video-preview":"max-video-preview:-1"},"canonical":"https:\/\/espak.ee\/epood\/toode\/johvsaag-proxxon-ds230-e\/","og_locale":"et_EE","og_type":"article","og_title":"J\u00d5HVSAAG PROXXON DS230\/E 27088 - Espak E-pood","og_url":"https:\/\/espak.ee\/epood\/toode\/johvsaag-proxxon-ds230-e\/","og_site_name":"Espak E-pood","article_modified_time":"2024-03-22T21:51:47+00:00","og_image":[{"width":1000,"height":1000,"url":"https:\/\/espak.ee\/epood\/wp-content\/uploads\/27088-PX.jpg","type":"image\/jpeg"}],"twitter_card":"summary_large_image","twitter_misc":{"Est. reading time":"1 minut"},"schema":{"@context":"https:\/\/schema.org","@graph":[{"@type":"WebPage","@id":"https:\/\/espak.ee\/epood\/toode\/johvsaag-proxxon-ds230-e\/","url":"https:\/\/espak.ee\/epood\/toode\/johvsaag-proxxon-ds230-e\/","name":"J\u00d5HVSAAG PROXXON DS230\/E 27088 - Espak E-pood","isPartOf":{"@id":"https:\/\/espak.ee\/epood\/#website"},"primaryImageOfPage":{"@id":"https:\/\/espak.ee\/epood\/toode\/johvsaag-proxxon-ds230-e\/#primaryimage"},"image":{"@id":"https:\/\/espak.ee\/epood\/toode\/johvsaag-proxxon-ds230-e\/#primaryimage"},"thumbnailUrl":"https:\/\/espak.ee\/epood\/wp-content\/uploads\/27088-PX.jpg","datePublished":"2020-04-07T00:36:06+00:00","dateModified":"2024-03-22T21:51:47+00:00","breadcrumb":{"@id":"https:\/\/espak.ee\/epood\/toode\/johvsaag-proxxon-ds230-e\/#breadcrumb"},"inLanguage":"et","potentialAction":[{"@type":"ReadAction","target":["https:\/\/espak.ee\/epood\/toode\/johvsaag-proxxon-ds230-e\/"]}]},{"@type":"ImageObject","inLanguage":"et","@id":"https:\/\/espak.ee\/epood\/toode\/johvsaag-proxxon-ds230-e\/#primaryimage","url":"https:\/\/espak.ee\/epood\/wp-content\/uploads\/27088-PX.jpg","contentUrl":"https:\/\/espak.ee\/epood\/wp-content\/uploads\/27088-PX.jpg","width":1000,"height":1000},{"@type":"BreadcrumbList","@id":"https:\/\/espak.ee\/epood\/toode\/johvsaag-proxxon-ds230-e\/#breadcrumb","itemListElement":[{"@type":"ListItem","position":1,"name":"Home","item":"https:\/\/espak.ee\/epood\/"},{"@type":"ListItem","position":2,"name":"Tootevalik","item":"https:\/\/espak.ee\/epood\/tootevalik\/"},{"@type":"ListItem","position":3,"name":"J\u00d5HVSAAG PROXXON DS230\/E 27088"}]},{"@type":"WebSite","@id":"https:\/\/espak.ee\/epood\/#website","url":"https:\/\/espak.ee\/epood\/","name":"Espak E-pood","description":"","potentialAction":[{"@type":"SearchAction","target":{"@type":"EntryPoint","urlTemplate":"https:\/\/espak.ee\/epood\/?s={search_term_string}"},"query-input":{"@type":"PropertyValueSpecification","valueRequired":true,"valueName":"search_term_string"}}],"inLanguage":"et"}]}},"_links":{"self":[{"href":"https:\/\/espak.ee\/epood\/wp-json\/wp\/v2\/product\/18603","targetHints":{"allow":["GET"]}}],"collection":[{"href":"https:\/\/espak.ee\/epood\/wp-json\/wp\/v2\/product"}],"about":[{"href":"https:\/\/espak.ee\/epood\/wp-json\/wp\/v2\/types\/product"}],"replies":[{"embeddable":true,"href":"https:\/\/espak.ee\/epood\/wp-json\/wp\/v2\/comments?post=18603"}],"wp:featuredmedia":[{"embeddable":true,"href":"https:\/\/espak.ee\/epood\/wp-json\/wp\/v2\/media\/19943"}],"wp:attachment":[{"href":"https:\/\/espak.ee\/epood\/wp-json\/wp\/v2\/media?parent=18603"}],"wp:term":[{"taxonomy":"product_brand","embeddable":true,"href":"https:\/\/espak.ee\/epood\/wp-json\/wp\/v2\/product_brand?post=18603"},{"taxonomy":"product_cat","embeddable":true,"href":"https:\/\/espak.ee\/epood\/wp-json\/wp\/v2\/product_cat?post=18603"},{"taxonomy":"product_tag","embeddable":true,"href":"https:\/\/espak.ee\/epood\/wp-json\/wp\/v2\/product_tag?post=18603"}],"curies":[{"name":"wp","href":"https:\/\/api.w.org\/{rel}","templated":true}]}}