{"id":185906,"date":"2024-01-12T05:05:03","date_gmt":"2024-01-12T03:05:03","guid":{"rendered":"https:\/\/espak.ee\/epood\/?post_type=product&#038;p=185906"},"modified":"2024-05-10T20:59:57","modified_gmt":"2024-05-10T17:59:57","slug":"auruti-sc2-easyfix-karcher-3","status":"publish","type":"product","link":"https:\/\/espak.ee\/epood\/toode\/auruti-sc2-easyfix-karcher-3\/","title":{"rendered":"AURUTI SC2 EASYFIX, K\u00c4RCHER"},"content":{"rendered":"<div class=\"row\"  id=\"row-468654032\">\n\n\t<div id=\"col-1660869522\" class=\"col medium-9 small-12 large-9\"  >\n\t\t\t\t<div class=\"col-inner\"  >\n\t\t\t\n\t\t\t\n<h3>Auruti SC 2 EasyFix K\u00e4rcher<\/h3>\n<p>Esmatasandi masin kemikaalideta aurupesuks: aurupesur SC 2 EasyFix K\u00e4rcherilt. Kodumajapidamises olevate k\u00f5vade pindade t\u00e4iuslikuks puhastamiseks. Komplekti kuulub p\u00f5randaotsak EasyFix.<\/p>\n<div class=\"message-box relative\" style=\"padding-top:15px;padding-bottom:15px;\"><div class=\"message-box-bg-image bg-fill fill\" ><\/div><div class=\"message-box-bg-overlay bg-fill fill\" ><\/div><div class=\"container relative\"><div class=\"inner last-reset\">\n<div class=\"row align-middle align-center\"  id=\"row-211009186\">\n\n\t<div id=\"col-1552315684\" class=\"col small-12 large-12\"  >\n\t\t\t\t<div class=\"col-inner text-left\"  >\n\t\t\t\n\t\t\t\n<h4>Omadused<\/h4>\n<div class=\"row\"  id=\"row-2108486889\">\n\n\t<div id=\"col-45629580\" class=\"col medium-6 small-12 large-6\"  >\n\t\t\t\t<div class=\"col-inner\"  >\n\t\t\t\n\t\t\t\n<p><i class=\"fa fa-check fa-2x\"><\/i> <strong> Lapselukk aurup\u00fcstolil<\/strong><\/p>\n<p><i class=\"fa fa-check fa-2x\"><\/i> <strong> P\u00f5randapuhastuskomplekt EasyFix, kuhu kuuluvad painduva \u00fchendusega p\u00f5randaotsak ning mugav takjapaelkinnitus p\u00f5randalapi jaoks<\/strong><\/p>\n\t\t<\/div>\n\t\t\t\t\n<style>\n#col-45629580 > .col-inner {\n  margin: 0px 0px 15px 0px;\n}\n<\/style>\n\t<\/div>\n\n\t\n\n\t<div id=\"col-1616537007\" class=\"col medium-6 small-12 large-6\"  >\n\t\t\t\t<div class=\"col-inner\"  >\n\t\t\t\n\t\t\t\n<p><i class=\"fa fa-check fa-2x\"><\/i> <strong> Aurujoa reguleerimisnupp k\u00e4epidemel<\/strong><\/p>\n\t\t<\/div>\n\t\t\t\t\n<style>\n#col-1616537007 > .col-inner {\n  margin: 0px 0px 15px 0px;\n}\n<\/style>\n\t<\/div>\n\n\t\n<\/div>\n\t\t<\/div>\n\t\t\t\t\t<\/div>\n\n\t\n<\/div>\n<\/div><\/div><\/div>\n\t<div id=\"gap-271641967\" class=\"gap-element clearfix\" style=\"display:block; height:auto;\">\n\t\t\n<style>\n#gap-271641967 {\n  padding-top: 30px;\n}\n<\/style>\n\t<\/div>\n\t\n<p>H\u00f5lpsasti ja intuitiivselt kasutataval esmatasandi aurupesuril SC 2 EasyFix on 2-astmeline aurujoa reguleerimisv\u00f5imalus, et kohandada aurujoa intensiivsust vastavalt pinnale ja puhastatavale mustusele.<br \/>\n Seadmel paiknev praktiline lisatarvikute hoidik ja p\u00f5randaotsaku parkimisasend muudavad aurupuhastuse veelgi mugavamaks. Painduva \u00fchendusega p\u00f5randaotsak EasyFix muudab seadme ergonoomiliseks ning tagab t\u00e4nu lamelltehnoloogiale t\u00e4iuslikud puhastustulemused. T\u00e4nu takjapaelkinnitusele saab mikrokiudlappi kiiresti ja lihtsasti p\u00f5randaotsaku k\u00fclge kinnitada ja sealt j\u00e4lle eemaldada, ilma et kasutaja mustusega kokku puutuks. K\u00e4rcheri aurupesur SC 2 EasyFix puhastab t\u00e4iesti kemikaalivabalt ja seda saab kasutada k\u00f5ikjal. P\u00f5hjalik puhastus eemaldab 99,999% koroonaviirustest* ja 99,99% k\u00f5igist tavap\u00e4rastest kodumajapidamiste k\u00f5vadel pindadel leiduvatest bakteritest**.<br \/>\n Erinevate lisatarvikute kasutamisel saavad h\u00fcgieeniliselt puhtaks k\u00f5ik keraamilised plaadid, pliidirauad, pliidikubud ning ka k\u00f5ige v\u00e4iksemad vahed. Eemaldab usaldusv\u00e4\u00e4rselt isegi t\u00f5rksa mustuse.<\/p>\n\t\t<\/div>\n\t\t\t\t\t<\/div>\n\n\t\n\n\t<div id=\"col-112742054\" class=\"col medium-3 small-12 large-3\"  >\n\t\t\t\t<div class=\"col-inner\"  >\n\t\t\t\n\t\t\t\n<h3>Toote informatsioon<\/h3>\n<p><a href=\"https:\/\/espak.ee\/epood\/wp-content\/uploads\/2024\/01\/1.512-600.0_PI_et_EE.pdf\"target=\"_blank\" rel=\"noopener noreferrer\"><i class=\"far fa-file-pdf\"><\/i> Tooteinfo (PDF)<\/a><\/p>\n<h3>Kasutusjuhend<\/h3>\n<p><a href=\"https:\/\/espak.ee\/epood\/wp-content\/uploads\/2023\/09\/BTA-5546018-000-11.pdf\"target=\"_blank\" rel=\"noopener noreferrer\"><i class=\"far fa-file-pdf\"><\/i> Kasutusjuhend (PDF)<\/a><\/p>\n<div class=\"is-divider divider clearfix\" ><\/div>\n<p><strong>\u00dcksikasjalikuma n\u00f5u saamiseks v\u00f5tke \u00fchendust:<br \/><\/strong>Espak AS<br \/>Viadukti 42<br \/>11313<br \/>Tallinn<br \/>+372 6 512333<\/p>\n\t\t<\/div>\n\t\t\t\t\t<\/div>\n\n\t\n<\/div>\n","protected":false},"excerpt":{"rendered":"","protected":false},"featured_media":186148,"comment_status":"closed","ping_status":"closed","template":"","meta":[],"product_brand":[],"product_cat":[4403,2680,2785,2679],"product_tag":[],"class_list":{"0":"post-185906","1":"product","2":"type-product","3":"status-publish","4":"has-post-thumbnail","6":"product_cat-aurupesurid","7":"product_cat-elektritooriistad","8":"product_cat-koristusseadmed","9":"product_cat-tooriistad","10":"pa_kaubamark-karcher","12":"first","13":"instock","14":"sale","15":"taxable","16":"shipping-taxable","17":"purchasable","18":"product-type-simple"},"yoast_head":"<!-- This site is optimized with the Yoast SEO plugin v26.9 - https:\/\/yoast.com\/product\/yoast-seo-wordpress\/ -->\n<title>AURUTI SC2 EASYFIX, K\u00c4RCHER - Espak E-pood<\/title>\n<meta name=\"robots\" content=\"index, follow, max-snippet:-1, max-image-preview:large, max-video-preview:-1\" \/>\n<link rel=\"canonical\" href=\"https:\/\/espak.ee\/epood\/toode\/auruti-sc2-easyfix-karcher-3\/\" \/>\n<meta property=\"og:locale\" content=\"et_EE\" \/>\n<meta property=\"og:type\" content=\"article\" \/>\n<meta property=\"og:title\" content=\"AURUTI SC2 EASYFIX, K\u00c4RCHER - Espak E-pood\" \/>\n<meta property=\"og:url\" content=\"https:\/\/espak.ee\/epood\/toode\/auruti-sc2-easyfix-karcher-3\/\" \/>\n<meta property=\"og:site_name\" content=\"Espak E-pood\" \/>\n<meta property=\"article:modified_time\" content=\"2024-05-10T17:59:57+00:00\" \/>\n<meta property=\"og:image\" content=\"https:\/\/espak.ee\/epood\/wp-content\/uploads\/2024\/01\/d0-88.jpg\" \/>\n\t<meta property=\"og:image:width\" content=\"1000\" \/>\n\t<meta property=\"og:image:height\" content=\"1000\" \/>\n\t<meta property=\"og:image:type\" content=\"image\/jpeg\" \/>\n<meta name=\"twitter:card\" content=\"summary_large_image\" \/>\n<meta name=\"twitter:label1\" content=\"Est. reading time\" \/>\n\t<meta name=\"twitter:data1\" content=\"1 minut\" \/>\n<script type=\"application\/ld+json\" class=\"yoast-schema-graph\">{\"@context\":\"https:\/\/schema.org\",\"@graph\":[{\"@type\":\"WebPage\",\"@id\":\"https:\/\/espak.ee\/epood\/toode\/auruti-sc2-easyfix-karcher-3\/\",\"url\":\"https:\/\/espak.ee\/epood\/toode\/auruti-sc2-easyfix-karcher-3\/\",\"name\":\"AURUTI SC2 EASYFIX, K\u00c4RCHER - Espak E-pood\",\"isPartOf\":{\"@id\":\"https:\/\/espak.ee\/epood\/#website\"},\"primaryImageOfPage\":{\"@id\":\"https:\/\/espak.ee\/epood\/toode\/auruti-sc2-easyfix-karcher-3\/#primaryimage\"},\"image\":{\"@id\":\"https:\/\/espak.ee\/epood\/toode\/auruti-sc2-easyfix-karcher-3\/#primaryimage\"},\"thumbnailUrl\":\"https:\/\/espak.ee\/epood\/wp-content\/uploads\/2024\/01\/d0-88.jpg\",\"datePublished\":\"2024-01-12T03:05:03+00:00\",\"dateModified\":\"2024-05-10T17:59:57+00:00\",\"breadcrumb\":{\"@id\":\"https:\/\/espak.ee\/epood\/toode\/auruti-sc2-easyfix-karcher-3\/#breadcrumb\"},\"inLanguage\":\"et\",\"potentialAction\":[{\"@type\":\"ReadAction\",\"target\":[\"https:\/\/espak.ee\/epood\/toode\/auruti-sc2-easyfix-karcher-3\/\"]}]},{\"@type\":\"ImageObject\",\"inLanguage\":\"et\",\"@id\":\"https:\/\/espak.ee\/epood\/toode\/auruti-sc2-easyfix-karcher-3\/#primaryimage\",\"url\":\"https:\/\/espak.ee\/epood\/wp-content\/uploads\/2024\/01\/d0-88.jpg\",\"contentUrl\":\"https:\/\/espak.ee\/epood\/wp-content\/uploads\/2024\/01\/d0-88.jpg\",\"width\":1000,\"height\":1000},{\"@type\":\"BreadcrumbList\",\"@id\":\"https:\/\/espak.ee\/epood\/toode\/auruti-sc2-easyfix-karcher-3\/#breadcrumb\",\"itemListElement\":[{\"@type\":\"ListItem\",\"position\":1,\"name\":\"Home\",\"item\":\"https:\/\/espak.ee\/epood\/\"},{\"@type\":\"ListItem\",\"position\":2,\"name\":\"Tootevalik\",\"item\":\"https:\/\/espak.ee\/epood\/tootevalik\/\"},{\"@type\":\"ListItem\",\"position\":3,\"name\":\"AURUTI SC2 EASYFIX, K\u00c4RCHER\"}]},{\"@type\":\"WebSite\",\"@id\":\"https:\/\/espak.ee\/epood\/#website\",\"url\":\"https:\/\/espak.ee\/epood\/\",\"name\":\"Espak E-pood\",\"description\":\"\",\"potentialAction\":[{\"@type\":\"SearchAction\",\"target\":{\"@type\":\"EntryPoint\",\"urlTemplate\":\"https:\/\/espak.ee\/epood\/?s={search_term_string}\"},\"query-input\":{\"@type\":\"PropertyValueSpecification\",\"valueRequired\":true,\"valueName\":\"search_term_string\"}}],\"inLanguage\":\"et\"}]}<\/script>\n<!-- \/ Yoast SEO plugin. -->","yoast_head_json":{"title":"AURUTI SC2 EASYFIX, K\u00c4RCHER - Espak E-pood","robots":{"index":"index","follow":"follow","max-snippet":"max-snippet:-1","max-image-preview":"max-image-preview:large","max-video-preview":"max-video-preview:-1"},"canonical":"https:\/\/espak.ee\/epood\/toode\/auruti-sc2-easyfix-karcher-3\/","og_locale":"et_EE","og_type":"article","og_title":"AURUTI SC2 EASYFIX, K\u00c4RCHER - Espak E-pood","og_url":"https:\/\/espak.ee\/epood\/toode\/auruti-sc2-easyfix-karcher-3\/","og_site_name":"Espak E-pood","article_modified_time":"2024-05-10T17:59:57+00:00","og_image":[{"width":1000,"height":1000,"url":"https:\/\/espak.ee\/epood\/wp-content\/uploads\/2024\/01\/d0-88.jpg","type":"image\/jpeg"}],"twitter_card":"summary_large_image","twitter_misc":{"Est. reading time":"1 minut"},"schema":{"@context":"https:\/\/schema.org","@graph":[{"@type":"WebPage","@id":"https:\/\/espak.ee\/epood\/toode\/auruti-sc2-easyfix-karcher-3\/","url":"https:\/\/espak.ee\/epood\/toode\/auruti-sc2-easyfix-karcher-3\/","name":"AURUTI SC2 EASYFIX, K\u00c4RCHER - Espak E-pood","isPartOf":{"@id":"https:\/\/espak.ee\/epood\/#website"},"primaryImageOfPage":{"@id":"https:\/\/espak.ee\/epood\/toode\/auruti-sc2-easyfix-karcher-3\/#primaryimage"},"image":{"@id":"https:\/\/espak.ee\/epood\/toode\/auruti-sc2-easyfix-karcher-3\/#primaryimage"},"thumbnailUrl":"https:\/\/espak.ee\/epood\/wp-content\/uploads\/2024\/01\/d0-88.jpg","datePublished":"2024-01-12T03:05:03+00:00","dateModified":"2024-05-10T17:59:57+00:00","breadcrumb":{"@id":"https:\/\/espak.ee\/epood\/toode\/auruti-sc2-easyfix-karcher-3\/#breadcrumb"},"inLanguage":"et","potentialAction":[{"@type":"ReadAction","target":["https:\/\/espak.ee\/epood\/toode\/auruti-sc2-easyfix-karcher-3\/"]}]},{"@type":"ImageObject","inLanguage":"et","@id":"https:\/\/espak.ee\/epood\/toode\/auruti-sc2-easyfix-karcher-3\/#primaryimage","url":"https:\/\/espak.ee\/epood\/wp-content\/uploads\/2024\/01\/d0-88.jpg","contentUrl":"https:\/\/espak.ee\/epood\/wp-content\/uploads\/2024\/01\/d0-88.jpg","width":1000,"height":1000},{"@type":"BreadcrumbList","@id":"https:\/\/espak.ee\/epood\/toode\/auruti-sc2-easyfix-karcher-3\/#breadcrumb","itemListElement":[{"@type":"ListItem","position":1,"name":"Home","item":"https:\/\/espak.ee\/epood\/"},{"@type":"ListItem","position":2,"name":"Tootevalik","item":"https:\/\/espak.ee\/epood\/tootevalik\/"},{"@type":"ListItem","position":3,"name":"AURUTI SC2 EASYFIX, K\u00c4RCHER"}]},{"@type":"WebSite","@id":"https:\/\/espak.ee\/epood\/#website","url":"https:\/\/espak.ee\/epood\/","name":"Espak E-pood","description":"","potentialAction":[{"@type":"SearchAction","target":{"@type":"EntryPoint","urlTemplate":"https:\/\/espak.ee\/epood\/?s={search_term_string}"},"query-input":{"@type":"PropertyValueSpecification","valueRequired":true,"valueName":"search_term_string"}}],"inLanguage":"et"}]}},"_links":{"self":[{"href":"https:\/\/espak.ee\/epood\/wp-json\/wp\/v2\/product\/185906","targetHints":{"allow":["GET"]}}],"collection":[{"href":"https:\/\/espak.ee\/epood\/wp-json\/wp\/v2\/product"}],"about":[{"href":"https:\/\/espak.ee\/epood\/wp-json\/wp\/v2\/types\/product"}],"replies":[{"embeddable":true,"href":"https:\/\/espak.ee\/epood\/wp-json\/wp\/v2\/comments?post=185906"}],"wp:featuredmedia":[{"embeddable":true,"href":"https:\/\/espak.ee\/epood\/wp-json\/wp\/v2\/media\/186148"}],"wp:attachment":[{"href":"https:\/\/espak.ee\/epood\/wp-json\/wp\/v2\/media?parent=185906"}],"wp:term":[{"taxonomy":"product_brand","embeddable":true,"href":"https:\/\/espak.ee\/epood\/wp-json\/wp\/v2\/product_brand?post=185906"},{"taxonomy":"product_cat","embeddable":true,"href":"https:\/\/espak.ee\/epood\/wp-json\/wp\/v2\/product_cat?post=185906"},{"taxonomy":"product_tag","embeddable":true,"href":"https:\/\/espak.ee\/epood\/wp-json\/wp\/v2\/product_tag?post=185906"}],"curies":[{"name":"wp","href":"https:\/\/api.w.org\/{rel}","templated":true}]}}