{"id":185724,"date":"2024-01-11T05:10:02","date_gmt":"2024-01-11T03:10:02","guid":{"rendered":"https:\/\/espak.ee\/epood\/?post_type=product&#038;p=185724"},"modified":"2024-03-23T00:49:27","modified_gmt":"2024-03-22T22:49:27","slug":"pealamp-varta-liikumisanduriga-3wcob-led-3aaa","status":"publish","type":"product","link":"https:\/\/espak.ee\/epood\/toode\/pealamp-varta-liikumisanduriga-3wcob-led-3aaa\/","title":{"rendered":"PEALAMP VARTA LIIKUMISANDURIGA 3W+COB LED 3*AAA"},"content":{"rendered":"<div class=\"row\"  id=\"row-341498382\">\n\n\t<div id=\"col-1420055461\" class=\"col medium-9 small-12 large-9\"  >\n\t\t\t\t<div class=\"col-inner\"  >\n\t\t\t\n\t\t\t\n<h3>Pealamp Varta 18648 liikumisanduriga 3W+COB LED 3AAA<\/h3>\n<p>Korpus: ABS plastik, PC, kumm, IP54<br \/>\nToote m\u00f5\u00f5dud: 63*37*50mm, 58g<br \/>\nValgusallikas: 3W+COB LED<br \/>\nValgustugevus: 150lm<br \/>\nValguskaugus: 78m<br \/>\nT\u00f6\u00f6iga: 20h<br \/>\nPatareid komplektis: 3xAAA Longlife Power<br \/>\nLiikumisandur (t\u00f6\u00f6tab ainult t\u00e4isv\u00f5imsusel).<br \/>\n8  valgusfunktsiooni: Terav valgusvihk (100%, 50\u20ac, vilkuv, SOS), Hajuv valgusvihk (100%, 50%)<\/p>\n\t\t<\/div>\n\t\t\t\t\t<\/div>\n\n\t\n\n\t<div id=\"col-1270924776\" class=\"col medium-3 small-12 large-3\"  >\n\t\t\t\t<div class=\"col-inner\"  >\n\t\t\t\n\t\t\t\n<div class=\"is-divider divider clearfix\" ><\/div>\n<p><strong>\u00dcksikasjalikuma n\u00f5u saamiseks v\u00f5tke \u00fchendust:<br \/><\/strong>Obender O\u00dc<br \/>Laki 16<br \/>10621<br \/>Tallinn<br \/>+372 6801 275<\/p>\n\t\t<\/div>\n\t\t\t\t\t<\/div>\n\n\t\n<\/div>\n","protected":false},"excerpt":{"rendered":"","protected":false},"featured_media":185752,"comment_status":"closed","ping_status":"closed","template":"","meta":[],"product_brand":[],"product_cat":[2934,4187,2959,2960],"product_tag":[],"class_list":{"0":"post-185724","1":"product","2":"type-product","3":"status-publish","4":"has-post-thumbnail","6":"product_cat-elektrikaubad-ja-valgustid","7":"product_cat-taskulambid-valgustid-valgustid","8":"product_cat-valgustid","9":"product_cat-valgustid-valgustid","10":"pa_kaubamark-obender-ou","12":"first","13":"outofstock","14":"sale","15":"taxable","16":"shipping-taxable","17":"purchasable","18":"product-type-simple"},"yoast_head":"<!-- This site is optimized with the Yoast SEO plugin v26.9 - https:\/\/yoast.com\/product\/yoast-seo-wordpress\/ -->\n<title>PEALAMP VARTA LIIKUMISANDURIGA 3W+COB LED 3*AAA - Espak E-pood<\/title>\n<meta name=\"robots\" content=\"index, follow, max-snippet:-1, max-image-preview:large, max-video-preview:-1\" \/>\n<link rel=\"canonical\" href=\"https:\/\/espak.ee\/epood\/toode\/pealamp-varta-liikumisanduriga-3wcob-led-3aaa\/\" \/>\n<meta property=\"og:locale\" content=\"et_EE\" \/>\n<meta property=\"og:type\" content=\"article\" \/>\n<meta property=\"og:title\" content=\"PEALAMP VARTA LIIKUMISANDURIGA 3W+COB LED 3*AAA - Espak E-pood\" \/>\n<meta property=\"og:url\" content=\"https:\/\/espak.ee\/epood\/toode\/pealamp-varta-liikumisanduriga-3wcob-led-3aaa\/\" \/>\n<meta property=\"og:site_name\" content=\"Espak E-pood\" \/>\n<meta property=\"article:modified_time\" content=\"2024-03-22T22:49:27+00:00\" \/>\n<meta property=\"og:image\" content=\"https:\/\/espak.ee\/epood\/wp-content\/uploads\/2024\/01\/4008496996070.jpg\" \/>\n\t<meta property=\"og:image:width\" content=\"800\" \/>\n\t<meta property=\"og:image:height\" content=\"800\" \/>\n\t<meta property=\"og:image:type\" content=\"image\/jpeg\" \/>\n<meta name=\"twitter:card\" content=\"summary_large_image\" \/>\n<script type=\"application\/ld+json\" class=\"yoast-schema-graph\">{\"@context\":\"https:\/\/schema.org\",\"@graph\":[{\"@type\":\"WebPage\",\"@id\":\"https:\/\/espak.ee\/epood\/toode\/pealamp-varta-liikumisanduriga-3wcob-led-3aaa\/\",\"url\":\"https:\/\/espak.ee\/epood\/toode\/pealamp-varta-liikumisanduriga-3wcob-led-3aaa\/\",\"name\":\"PEALAMP VARTA LIIKUMISANDURIGA 3W+COB LED 3*AAA - Espak E-pood\",\"isPartOf\":{\"@id\":\"https:\/\/espak.ee\/epood\/#website\"},\"primaryImageOfPage\":{\"@id\":\"https:\/\/espak.ee\/epood\/toode\/pealamp-varta-liikumisanduriga-3wcob-led-3aaa\/#primaryimage\"},\"image\":{\"@id\":\"https:\/\/espak.ee\/epood\/toode\/pealamp-varta-liikumisanduriga-3wcob-led-3aaa\/#primaryimage\"},\"thumbnailUrl\":\"https:\/\/espak.ee\/epood\/wp-content\/uploads\/2024\/01\/4008496996070.jpg\",\"datePublished\":\"2024-01-11T03:10:02+00:00\",\"dateModified\":\"2024-03-22T22:49:27+00:00\",\"breadcrumb\":{\"@id\":\"https:\/\/espak.ee\/epood\/toode\/pealamp-varta-liikumisanduriga-3wcob-led-3aaa\/#breadcrumb\"},\"inLanguage\":\"et\",\"potentialAction\":[{\"@type\":\"ReadAction\",\"target\":[\"https:\/\/espak.ee\/epood\/toode\/pealamp-varta-liikumisanduriga-3wcob-led-3aaa\/\"]}]},{\"@type\":\"ImageObject\",\"inLanguage\":\"et\",\"@id\":\"https:\/\/espak.ee\/epood\/toode\/pealamp-varta-liikumisanduriga-3wcob-led-3aaa\/#primaryimage\",\"url\":\"https:\/\/espak.ee\/epood\/wp-content\/uploads\/2024\/01\/4008496996070.jpg\",\"contentUrl\":\"https:\/\/espak.ee\/epood\/wp-content\/uploads\/2024\/01\/4008496996070.jpg\",\"width\":800,\"height\":800},{\"@type\":\"BreadcrumbList\",\"@id\":\"https:\/\/espak.ee\/epood\/toode\/pealamp-varta-liikumisanduriga-3wcob-led-3aaa\/#breadcrumb\",\"itemListElement\":[{\"@type\":\"ListItem\",\"position\":1,\"name\":\"Home\",\"item\":\"https:\/\/espak.ee\/epood\/\"},{\"@type\":\"ListItem\",\"position\":2,\"name\":\"Tootevalik\",\"item\":\"https:\/\/espak.ee\/epood\/tootevalik\/\"},{\"@type\":\"ListItem\",\"position\":3,\"name\":\"PEALAMP VARTA LIIKUMISANDURIGA 3W+COB LED 3*AAA\"}]},{\"@type\":\"WebSite\",\"@id\":\"https:\/\/espak.ee\/epood\/#website\",\"url\":\"https:\/\/espak.ee\/epood\/\",\"name\":\"Espak E-pood\",\"description\":\"\",\"potentialAction\":[{\"@type\":\"SearchAction\",\"target\":{\"@type\":\"EntryPoint\",\"urlTemplate\":\"https:\/\/espak.ee\/epood\/?s={search_term_string}\"},\"query-input\":{\"@type\":\"PropertyValueSpecification\",\"valueRequired\":true,\"valueName\":\"search_term_string\"}}],\"inLanguage\":\"et\"}]}<\/script>\n<!-- \/ Yoast SEO plugin. -->","yoast_head_json":{"title":"PEALAMP VARTA LIIKUMISANDURIGA 3W+COB LED 3*AAA - Espak E-pood","robots":{"index":"index","follow":"follow","max-snippet":"max-snippet:-1","max-image-preview":"max-image-preview:large","max-video-preview":"max-video-preview:-1"},"canonical":"https:\/\/espak.ee\/epood\/toode\/pealamp-varta-liikumisanduriga-3wcob-led-3aaa\/","og_locale":"et_EE","og_type":"article","og_title":"PEALAMP VARTA LIIKUMISANDURIGA 3W+COB LED 3*AAA - Espak E-pood","og_url":"https:\/\/espak.ee\/epood\/toode\/pealamp-varta-liikumisanduriga-3wcob-led-3aaa\/","og_site_name":"Espak E-pood","article_modified_time":"2024-03-22T22:49:27+00:00","og_image":[{"width":800,"height":800,"url":"https:\/\/espak.ee\/epood\/wp-content\/uploads\/2024\/01\/4008496996070.jpg","type":"image\/jpeg"}],"twitter_card":"summary_large_image","schema":{"@context":"https:\/\/schema.org","@graph":[{"@type":"WebPage","@id":"https:\/\/espak.ee\/epood\/toode\/pealamp-varta-liikumisanduriga-3wcob-led-3aaa\/","url":"https:\/\/espak.ee\/epood\/toode\/pealamp-varta-liikumisanduriga-3wcob-led-3aaa\/","name":"PEALAMP VARTA LIIKUMISANDURIGA 3W+COB LED 3*AAA - Espak E-pood","isPartOf":{"@id":"https:\/\/espak.ee\/epood\/#website"},"primaryImageOfPage":{"@id":"https:\/\/espak.ee\/epood\/toode\/pealamp-varta-liikumisanduriga-3wcob-led-3aaa\/#primaryimage"},"image":{"@id":"https:\/\/espak.ee\/epood\/toode\/pealamp-varta-liikumisanduriga-3wcob-led-3aaa\/#primaryimage"},"thumbnailUrl":"https:\/\/espak.ee\/epood\/wp-content\/uploads\/2024\/01\/4008496996070.jpg","datePublished":"2024-01-11T03:10:02+00:00","dateModified":"2024-03-22T22:49:27+00:00","breadcrumb":{"@id":"https:\/\/espak.ee\/epood\/toode\/pealamp-varta-liikumisanduriga-3wcob-led-3aaa\/#breadcrumb"},"inLanguage":"et","potentialAction":[{"@type":"ReadAction","target":["https:\/\/espak.ee\/epood\/toode\/pealamp-varta-liikumisanduriga-3wcob-led-3aaa\/"]}]},{"@type":"ImageObject","inLanguage":"et","@id":"https:\/\/espak.ee\/epood\/toode\/pealamp-varta-liikumisanduriga-3wcob-led-3aaa\/#primaryimage","url":"https:\/\/espak.ee\/epood\/wp-content\/uploads\/2024\/01\/4008496996070.jpg","contentUrl":"https:\/\/espak.ee\/epood\/wp-content\/uploads\/2024\/01\/4008496996070.jpg","width":800,"height":800},{"@type":"BreadcrumbList","@id":"https:\/\/espak.ee\/epood\/toode\/pealamp-varta-liikumisanduriga-3wcob-led-3aaa\/#breadcrumb","itemListElement":[{"@type":"ListItem","position":1,"name":"Home","item":"https:\/\/espak.ee\/epood\/"},{"@type":"ListItem","position":2,"name":"Tootevalik","item":"https:\/\/espak.ee\/epood\/tootevalik\/"},{"@type":"ListItem","position":3,"name":"PEALAMP VARTA LIIKUMISANDURIGA 3W+COB LED 3*AAA"}]},{"@type":"WebSite","@id":"https:\/\/espak.ee\/epood\/#website","url":"https:\/\/espak.ee\/epood\/","name":"Espak E-pood","description":"","potentialAction":[{"@type":"SearchAction","target":{"@type":"EntryPoint","urlTemplate":"https:\/\/espak.ee\/epood\/?s={search_term_string}"},"query-input":{"@type":"PropertyValueSpecification","valueRequired":true,"valueName":"search_term_string"}}],"inLanguage":"et"}]}},"_links":{"self":[{"href":"https:\/\/espak.ee\/epood\/wp-json\/wp\/v2\/product\/185724","targetHints":{"allow":["GET"]}}],"collection":[{"href":"https:\/\/espak.ee\/epood\/wp-json\/wp\/v2\/product"}],"about":[{"href":"https:\/\/espak.ee\/epood\/wp-json\/wp\/v2\/types\/product"}],"replies":[{"embeddable":true,"href":"https:\/\/espak.ee\/epood\/wp-json\/wp\/v2\/comments?post=185724"}],"wp:featuredmedia":[{"embeddable":true,"href":"https:\/\/espak.ee\/epood\/wp-json\/wp\/v2\/media\/185752"}],"wp:attachment":[{"href":"https:\/\/espak.ee\/epood\/wp-json\/wp\/v2\/media?parent=185724"}],"wp:term":[{"taxonomy":"product_brand","embeddable":true,"href":"https:\/\/espak.ee\/epood\/wp-json\/wp\/v2\/product_brand?post=185724"},{"taxonomy":"product_cat","embeddable":true,"href":"https:\/\/espak.ee\/epood\/wp-json\/wp\/v2\/product_cat?post=185724"},{"taxonomy":"product_tag","embeddable":true,"href":"https:\/\/espak.ee\/epood\/wp-json\/wp\/v2\/product_tag?post=185724"}],"curies":[{"name":"wp","href":"https:\/\/api.w.org\/{rel}","templated":true}]}}