{"id":185622,"date":"2024-01-10T05:05:03","date_gmt":"2024-01-10T03:05:03","guid":{"rendered":"https:\/\/espak.ee\/epood\/?post_type=product&#038;p=185622"},"modified":"2024-03-23T00:49:51","modified_gmt":"2024-03-22T22:49:51","slug":"pann-non-stick-am-cuore-di-pietra-26cm","status":"publish","type":"product","link":"https:\/\/espak.ee\/epood\/toode\/pann-non-stick-am-cuore-di-pietra-26cm\/","title":{"rendered":"PANN NON-STICK AM CUORE DI PIETRA 26CM"},"content":{"rendered":"<div class=\"row\"  id=\"row-1660754368\">\n\n\t<div id=\"col-1722544056\" class=\"col medium-9 small-12 large-9\"  >\n\t\t\t\t<div class=\"col-inner\"  >\n\t\t\t\n\t\t\t\n<h3>AM Cuore di Pietra non-stick pann 26cm<\/h3>\n<p>AM Cuore di Pietra non-stick pann. Mittenakkuv kate. Pann talub v\u00e4ga k\u00f5rgeid temperatuure ning on pika kasutuseaga. Ideaalne k\u00fcpsetamiseks ilma \u00f5lide ja rasvaineteta.<br \/>\n Kate on vastupidav metallist k\u00f6\u00f6giriistadele, kriimustustele ja l\u00f5igetele (kriimustuste korral saab panni ikkagi ohutult kasutada). Puhtast alumiiniumist (99,5%) k\u00f5rge paksusega p\u00f5hi tagab panni ideaalse tasapinna. Kuumus jaotub \u00fchtlaselt ning see v\u00f5imaldab toidu ideaalse k\u00fcpsemise.<br \/>\n Ergnoomiline k\u00e4epide on libisemis- ja kuumakindel.<br \/>\n Sobib pesemiseks n\u00f5udepesumasinas. Kerge puhastada, vajadusel ka kareda nuustikuga.<br \/>\n Ei sisalda PFOA, nikli, kaadiumi ja raskemetalli osakesi.<br \/>\n Toodete kvaliteet on tagatud: Accademia Mugnano teostab pidevalt nii sise- kui ka v\u00e4liskontrolli koost\u00f6\u00f6s tunnustatud rahvusvaheliste ettev\u00f5tetega, et tagada toodete t\u00e4ielik sobivus ja ohutus toidule. Toodetud sertifitseeritud materjalidest tagamaks maksimaalset usaldusv\u00e4\u00e4rsust. Ettev\u00f5te keskkonnajuhtimiss\u00fcsteem on sertifitseeritud UNI EN ISO 14001 standardile.<br \/>\n Toodetud Itaalias.<br \/>\n Sobib k\u00f5ikidele pliidit\u00fc\u00fcpidele v.a. induktsioon. <\/p>\n\t\t<\/div>\n\t\t\t\t\t<\/div>\n\n\t\n\n\t<div id=\"col-896258411\" class=\"col medium-3 small-12 large-3\"  >\n\t\t\t\t<div class=\"col-inner\"  >\n\t\t\t\n\t\t\t\n<div class=\"is-divider divider clearfix\" ><\/div>\n<p><strong>\u00dcksikasjalikuma n\u00f5u saamiseks v\u00f5tke \u00fchendust:<br \/><\/strong>CoomorLander O\u00dc<br \/>Kassi 14<br \/>12618<br \/>Tallinn<br \/>+372 6563 517<\/p>\n\t\t<\/div>\n\t\t\t\t\t<\/div>\n\n\t\n<\/div>\n","protected":false},"excerpt":{"rendered":"","protected":false},"featured_media":185676,"comment_status":"closed","ping_status":"closed","template":"","meta":[],"product_brand":[],"product_cat":[2788,2927,2928,2929],"product_tag":[],"class_list":{"0":"post-185622","1":"product","2":"type-product","3":"status-publish","4":"has-post-thumbnail","6":"product_cat-aiatarbed-ja-kodukaubad","7":"product_cat-kodukaubad","8":"product_cat-sisustus-ja-majapidamine","9":"product_cat-sisustus-ja-majapidamistarbed","10":"pa_kaubamark-coomorlander-ou","12":"first","13":"outofstock","14":"sale","15":"taxable","16":"shipping-taxable","17":"purchasable","18":"product-type-simple"},"yoast_head":"<!-- This site is optimized with the Yoast SEO plugin v26.9 - https:\/\/yoast.com\/product\/yoast-seo-wordpress\/ -->\n<title>PANN NON-STICK AM CUORE DI PIETRA 26CM - Espak E-pood<\/title>\n<meta name=\"robots\" content=\"index, follow, max-snippet:-1, max-image-preview:large, max-video-preview:-1\" \/>\n<link rel=\"canonical\" href=\"https:\/\/espak.ee\/epood\/toode\/pann-non-stick-am-cuore-di-pietra-26cm\/\" \/>\n<meta property=\"og:locale\" content=\"et_EE\" \/>\n<meta property=\"og:type\" content=\"article\" \/>\n<meta property=\"og:title\" content=\"PANN NON-STICK AM CUORE DI PIETRA 26CM - Espak E-pood\" \/>\n<meta property=\"og:url\" content=\"https:\/\/espak.ee\/epood\/toode\/pann-non-stick-am-cuore-di-pietra-26cm\/\" \/>\n<meta property=\"og:site_name\" content=\"Espak E-pood\" \/>\n<meta property=\"article:modified_time\" content=\"2024-03-22T22:49:51+00:00\" \/>\n<meta property=\"og:image\" content=\"https:\/\/espak.ee\/epood\/wp-content\/uploads\/2024\/01\/cppdl26.jpg\" \/>\n\t<meta property=\"og:image:width\" content=\"800\" \/>\n\t<meta property=\"og:image:height\" content=\"800\" \/>\n\t<meta property=\"og:image:type\" content=\"image\/jpeg\" \/>\n<meta name=\"twitter:card\" content=\"summary_large_image\" \/>\n<meta name=\"twitter:label1\" content=\"Est. reading time\" \/>\n\t<meta name=\"twitter:data1\" content=\"1 minut\" \/>\n<script type=\"application\/ld+json\" class=\"yoast-schema-graph\">{\"@context\":\"https:\/\/schema.org\",\"@graph\":[{\"@type\":\"WebPage\",\"@id\":\"https:\/\/espak.ee\/epood\/toode\/pann-non-stick-am-cuore-di-pietra-26cm\/\",\"url\":\"https:\/\/espak.ee\/epood\/toode\/pann-non-stick-am-cuore-di-pietra-26cm\/\",\"name\":\"PANN NON-STICK AM CUORE DI PIETRA 26CM - Espak E-pood\",\"isPartOf\":{\"@id\":\"https:\/\/espak.ee\/epood\/#website\"},\"primaryImageOfPage\":{\"@id\":\"https:\/\/espak.ee\/epood\/toode\/pann-non-stick-am-cuore-di-pietra-26cm\/#primaryimage\"},\"image\":{\"@id\":\"https:\/\/espak.ee\/epood\/toode\/pann-non-stick-am-cuore-di-pietra-26cm\/#primaryimage\"},\"thumbnailUrl\":\"https:\/\/espak.ee\/epood\/wp-content\/uploads\/2024\/01\/cppdl26.jpg\",\"datePublished\":\"2024-01-10T03:05:03+00:00\",\"dateModified\":\"2024-03-22T22:49:51+00:00\",\"breadcrumb\":{\"@id\":\"https:\/\/espak.ee\/epood\/toode\/pann-non-stick-am-cuore-di-pietra-26cm\/#breadcrumb\"},\"inLanguage\":\"et\",\"potentialAction\":[{\"@type\":\"ReadAction\",\"target\":[\"https:\/\/espak.ee\/epood\/toode\/pann-non-stick-am-cuore-di-pietra-26cm\/\"]}]},{\"@type\":\"ImageObject\",\"inLanguage\":\"et\",\"@id\":\"https:\/\/espak.ee\/epood\/toode\/pann-non-stick-am-cuore-di-pietra-26cm\/#primaryimage\",\"url\":\"https:\/\/espak.ee\/epood\/wp-content\/uploads\/2024\/01\/cppdl26.jpg\",\"contentUrl\":\"https:\/\/espak.ee\/epood\/wp-content\/uploads\/2024\/01\/cppdl26.jpg\",\"width\":800,\"height\":800},{\"@type\":\"BreadcrumbList\",\"@id\":\"https:\/\/espak.ee\/epood\/toode\/pann-non-stick-am-cuore-di-pietra-26cm\/#breadcrumb\",\"itemListElement\":[{\"@type\":\"ListItem\",\"position\":1,\"name\":\"Home\",\"item\":\"https:\/\/espak.ee\/epood\/\"},{\"@type\":\"ListItem\",\"position\":2,\"name\":\"Tootevalik\",\"item\":\"https:\/\/espak.ee\/epood\/tootevalik\/\"},{\"@type\":\"ListItem\",\"position\":3,\"name\":\"PANN NON-STICK AM CUORE DI PIETRA 26CM\"}]},{\"@type\":\"WebSite\",\"@id\":\"https:\/\/espak.ee\/epood\/#website\",\"url\":\"https:\/\/espak.ee\/epood\/\",\"name\":\"Espak E-pood\",\"description\":\"\",\"potentialAction\":[{\"@type\":\"SearchAction\",\"target\":{\"@type\":\"EntryPoint\",\"urlTemplate\":\"https:\/\/espak.ee\/epood\/?s={search_term_string}\"},\"query-input\":{\"@type\":\"PropertyValueSpecification\",\"valueRequired\":true,\"valueName\":\"search_term_string\"}}],\"inLanguage\":\"et\"}]}<\/script>\n<!-- \/ Yoast SEO plugin. -->","yoast_head_json":{"title":"PANN NON-STICK AM CUORE DI PIETRA 26CM - Espak E-pood","robots":{"index":"index","follow":"follow","max-snippet":"max-snippet:-1","max-image-preview":"max-image-preview:large","max-video-preview":"max-video-preview:-1"},"canonical":"https:\/\/espak.ee\/epood\/toode\/pann-non-stick-am-cuore-di-pietra-26cm\/","og_locale":"et_EE","og_type":"article","og_title":"PANN NON-STICK AM CUORE DI PIETRA 26CM - Espak E-pood","og_url":"https:\/\/espak.ee\/epood\/toode\/pann-non-stick-am-cuore-di-pietra-26cm\/","og_site_name":"Espak E-pood","article_modified_time":"2024-03-22T22:49:51+00:00","og_image":[{"width":800,"height":800,"url":"https:\/\/espak.ee\/epood\/wp-content\/uploads\/2024\/01\/cppdl26.jpg","type":"image\/jpeg"}],"twitter_card":"summary_large_image","twitter_misc":{"Est. reading time":"1 minut"},"schema":{"@context":"https:\/\/schema.org","@graph":[{"@type":"WebPage","@id":"https:\/\/espak.ee\/epood\/toode\/pann-non-stick-am-cuore-di-pietra-26cm\/","url":"https:\/\/espak.ee\/epood\/toode\/pann-non-stick-am-cuore-di-pietra-26cm\/","name":"PANN NON-STICK AM CUORE DI PIETRA 26CM - Espak E-pood","isPartOf":{"@id":"https:\/\/espak.ee\/epood\/#website"},"primaryImageOfPage":{"@id":"https:\/\/espak.ee\/epood\/toode\/pann-non-stick-am-cuore-di-pietra-26cm\/#primaryimage"},"image":{"@id":"https:\/\/espak.ee\/epood\/toode\/pann-non-stick-am-cuore-di-pietra-26cm\/#primaryimage"},"thumbnailUrl":"https:\/\/espak.ee\/epood\/wp-content\/uploads\/2024\/01\/cppdl26.jpg","datePublished":"2024-01-10T03:05:03+00:00","dateModified":"2024-03-22T22:49:51+00:00","breadcrumb":{"@id":"https:\/\/espak.ee\/epood\/toode\/pann-non-stick-am-cuore-di-pietra-26cm\/#breadcrumb"},"inLanguage":"et","potentialAction":[{"@type":"ReadAction","target":["https:\/\/espak.ee\/epood\/toode\/pann-non-stick-am-cuore-di-pietra-26cm\/"]}]},{"@type":"ImageObject","inLanguage":"et","@id":"https:\/\/espak.ee\/epood\/toode\/pann-non-stick-am-cuore-di-pietra-26cm\/#primaryimage","url":"https:\/\/espak.ee\/epood\/wp-content\/uploads\/2024\/01\/cppdl26.jpg","contentUrl":"https:\/\/espak.ee\/epood\/wp-content\/uploads\/2024\/01\/cppdl26.jpg","width":800,"height":800},{"@type":"BreadcrumbList","@id":"https:\/\/espak.ee\/epood\/toode\/pann-non-stick-am-cuore-di-pietra-26cm\/#breadcrumb","itemListElement":[{"@type":"ListItem","position":1,"name":"Home","item":"https:\/\/espak.ee\/epood\/"},{"@type":"ListItem","position":2,"name":"Tootevalik","item":"https:\/\/espak.ee\/epood\/tootevalik\/"},{"@type":"ListItem","position":3,"name":"PANN NON-STICK AM CUORE DI PIETRA 26CM"}]},{"@type":"WebSite","@id":"https:\/\/espak.ee\/epood\/#website","url":"https:\/\/espak.ee\/epood\/","name":"Espak E-pood","description":"","potentialAction":[{"@type":"SearchAction","target":{"@type":"EntryPoint","urlTemplate":"https:\/\/espak.ee\/epood\/?s={search_term_string}"},"query-input":{"@type":"PropertyValueSpecification","valueRequired":true,"valueName":"search_term_string"}}],"inLanguage":"et"}]}},"_links":{"self":[{"href":"https:\/\/espak.ee\/epood\/wp-json\/wp\/v2\/product\/185622","targetHints":{"allow":["GET"]}}],"collection":[{"href":"https:\/\/espak.ee\/epood\/wp-json\/wp\/v2\/product"}],"about":[{"href":"https:\/\/espak.ee\/epood\/wp-json\/wp\/v2\/types\/product"}],"replies":[{"embeddable":true,"href":"https:\/\/espak.ee\/epood\/wp-json\/wp\/v2\/comments?post=185622"}],"wp:featuredmedia":[{"embeddable":true,"href":"https:\/\/espak.ee\/epood\/wp-json\/wp\/v2\/media\/185676"}],"wp:attachment":[{"href":"https:\/\/espak.ee\/epood\/wp-json\/wp\/v2\/media?parent=185622"}],"wp:term":[{"taxonomy":"product_brand","embeddable":true,"href":"https:\/\/espak.ee\/epood\/wp-json\/wp\/v2\/product_brand?post=185622"},{"taxonomy":"product_cat","embeddable":true,"href":"https:\/\/espak.ee\/epood\/wp-json\/wp\/v2\/product_cat?post=185622"},{"taxonomy":"product_tag","embeddable":true,"href":"https:\/\/espak.ee\/epood\/wp-json\/wp\/v2\/product_tag?post=185622"}],"curies":[{"name":"wp","href":"https:\/\/api.w.org\/{rel}","templated":true}]}}