{"id":185142,"date":"2024-01-05T05:10:03","date_gmt":"2024-01-05T03:10:03","guid":{"rendered":"https:\/\/espak.ee\/epood\/?post_type=product&#038;p=185142"},"modified":"2024-03-23T00:51:19","modified_gmt":"2024-03-22T22:51:19","slug":"toosandaalid-memphis-s1-esd-42","status":"publish","type":"product","link":"https:\/\/espak.ee\/epood\/toode\/toosandaalid-memphis-s1-esd-42\/","title":{"rendered":"T\u00d6\u00d6SANDAALID MEMPHIS S1 ESD 42"},"content":{"rendered":"<div class=\"row\"  id=\"row-542466942\">\n\n\t<div id=\"col-62622235\" class=\"col medium-9 small-12 large-9\"  >\n\t\t\t\t<div class=\"col-inner\"  >\n\t\t\t\n\t\t\t\n<h3>T\u00f6\u00f6sandaalid Memphis S1 ESD nr.42<\/h3>\n<p>VM Memphis t\u00f6\u00f6sandaal on laiema liistuga ning \u00fclimalt kerge. Vastupidav ning mugav ka pikematel t\u00f6\u00f6p\u00e4evadel.<br \/>\nPealispinda katab naturaalne nahk, mis on hea kulumiskindlusega ning hingav.<br \/>\nT\u00e4nu komposiit varbakaitsmele on jalan\u00f5u \u00fclimalt kerge ning s\u00f5bralik jalale. Lisaks ESD m\u00e4rgistus jalan\u00f5ul t\u00e4hendab, et see sobib elektrit\u00f6\u00f6stustesse.<br \/>\nS1 ESD Turvat\u00e4his.<\/p>\n<p>&#8211; Pealispind naturaalsest nahast paksusega 1,8 \u2013 2,0 mm<br \/>\n&#8211; MESH v\u00f5rkvooder \u2013 vabalt hingav, kulumiskindel ja hea h\u00fcgieenile<br \/>\n&#8211; Anatoomiline ja antistaatiline sisetald<br \/>\n&#8211; \u00d5li- ja k\u00fctusekindel v\u00e4listald<br \/>\n&#8211; Libisemiskindel tald<br \/>\n&#8211; Komposiit varbakaitse<br \/>\n&#8211; Ideaalne kasutada elektroonikat\u00f6\u00f6stuses<br \/>\n&#8211; ESD m\u00e4rgisega jalan\u00f5u maandab j\u00e4rjepidevalt staatilist elektrit <\/p>\n\t\t<\/div>\n\t\t\t\t\t<\/div>\n\n\t\n\n\t<div id=\"col-1804088460\" class=\"col medium-3 small-12 large-3\"  >\n\t\t\t\t<div class=\"col-inner\"  >\n\t\t\t\n\t\t\t\n\t<div id=\"gap-1386561448\" class=\"gap-element clearfix\" style=\"display:block; height:auto;\">\n\t\t\n<style>\n#gap-1386561448 {\n  padding-top: 30px;\n}\n<\/style>\n\t<\/div>\n\t\n<div class=\"is-divider divider clearfix\" ><\/div>\n<p><strong>\u00dcksikasjalikuma n\u00f5u saamiseks v\u00f5tke \u00fchendust:<br \/><\/strong>Uuem Viis O\u00dc<br \/>Aardla 23B<br \/>50110<br \/>Tartu<br \/>+372 555 219 16<\/p>\n<div class=\"is-divider divider clearfix\" ><\/div>\n\t\t<\/div>\n\t\t\t\t\t<\/div>\n\n\t\n<\/div>\n","protected":false},"excerpt":{"rendered":"","protected":false},"featured_media":185206,"comment_status":"closed","ping_status":"closed","template":"","meta":[],"product_brand":[],"product_cat":[2788,3031,3033,2972],"product_tag":[],"class_list":{"0":"post-185142","1":"product","2":"type-product","3":"status-publish","4":"has-post-thumbnail","6":"product_cat-aiatarbed-ja-kodukaubad","7":"product_cat-jalanoud","8":"product_cat-sandaalid","9":"product_cat-tookaitsevahendid","10":"pa_kaubamark-uuem-viis-ou","12":"first","13":"outofstock","14":"sale","15":"taxable","16":"shipping-taxable","17":"purchasable","18":"product-type-simple"},"yoast_head":"<!-- This site is optimized with the Yoast SEO plugin v26.9 - https:\/\/yoast.com\/product\/yoast-seo-wordpress\/ -->\n<title>T\u00d6\u00d6SANDAALID MEMPHIS S1 ESD 42 - Espak E-pood<\/title>\n<meta name=\"robots\" content=\"index, follow, max-snippet:-1, max-image-preview:large, max-video-preview:-1\" \/>\n<link rel=\"canonical\" href=\"https:\/\/espak.ee\/epood\/toode\/toosandaalid-memphis-s1-esd-42\/\" \/>\n<meta property=\"og:locale\" content=\"et_EE\" \/>\n<meta property=\"og:type\" content=\"article\" \/>\n<meta property=\"og:title\" content=\"T\u00d6\u00d6SANDAALID MEMPHIS S1 ESD 42 - Espak E-pood\" \/>\n<meta property=\"og:url\" content=\"https:\/\/espak.ee\/epood\/toode\/toosandaalid-memphis-s1-esd-42\/\" \/>\n<meta property=\"og:site_name\" content=\"Espak E-pood\" \/>\n<meta property=\"article:modified_time\" content=\"2024-03-22T22:51:19+00:00\" \/>\n<meta property=\"og:image\" content=\"https:\/\/espak.ee\/epood\/wp-content\/uploads\/2024\/01\/2115-S1ESD-memphis-2115-s1esd-pracovni-obuv-bez.jpeg\" \/>\n\t<meta property=\"og:image:width\" content=\"1200\" \/>\n\t<meta property=\"og:image:height\" content=\"1098\" \/>\n\t<meta property=\"og:image:type\" content=\"image\/jpeg\" \/>\n<meta name=\"twitter:card\" content=\"summary_large_image\" \/>\n<meta name=\"twitter:label1\" content=\"Est. reading time\" \/>\n\t<meta name=\"twitter:data1\" content=\"1 minut\" \/>\n<script type=\"application\/ld+json\" class=\"yoast-schema-graph\">{\"@context\":\"https:\/\/schema.org\",\"@graph\":[{\"@type\":\"WebPage\",\"@id\":\"https:\/\/espak.ee\/epood\/toode\/toosandaalid-memphis-s1-esd-42\/\",\"url\":\"https:\/\/espak.ee\/epood\/toode\/toosandaalid-memphis-s1-esd-42\/\",\"name\":\"T\u00d6\u00d6SANDAALID MEMPHIS S1 ESD 42 - Espak E-pood\",\"isPartOf\":{\"@id\":\"https:\/\/espak.ee\/epood\/#website\"},\"primaryImageOfPage\":{\"@id\":\"https:\/\/espak.ee\/epood\/toode\/toosandaalid-memphis-s1-esd-42\/#primaryimage\"},\"image\":{\"@id\":\"https:\/\/espak.ee\/epood\/toode\/toosandaalid-memphis-s1-esd-42\/#primaryimage\"},\"thumbnailUrl\":\"https:\/\/espak.ee\/epood\/wp-content\/uploads\/2024\/01\/2115-S1ESD-memphis-2115-s1esd-pracovni-obuv-bez.jpeg\",\"datePublished\":\"2024-01-05T03:10:03+00:00\",\"dateModified\":\"2024-03-22T22:51:19+00:00\",\"breadcrumb\":{\"@id\":\"https:\/\/espak.ee\/epood\/toode\/toosandaalid-memphis-s1-esd-42\/#breadcrumb\"},\"inLanguage\":\"et\",\"potentialAction\":[{\"@type\":\"ReadAction\",\"target\":[\"https:\/\/espak.ee\/epood\/toode\/toosandaalid-memphis-s1-esd-42\/\"]}]},{\"@type\":\"ImageObject\",\"inLanguage\":\"et\",\"@id\":\"https:\/\/espak.ee\/epood\/toode\/toosandaalid-memphis-s1-esd-42\/#primaryimage\",\"url\":\"https:\/\/espak.ee\/epood\/wp-content\/uploads\/2024\/01\/2115-S1ESD-memphis-2115-s1esd-pracovni-obuv-bez.jpeg\",\"contentUrl\":\"https:\/\/espak.ee\/epood\/wp-content\/uploads\/2024\/01\/2115-S1ESD-memphis-2115-s1esd-pracovni-obuv-bez.jpeg\",\"width\":1200,\"height\":1098},{\"@type\":\"BreadcrumbList\",\"@id\":\"https:\/\/espak.ee\/epood\/toode\/toosandaalid-memphis-s1-esd-42\/#breadcrumb\",\"itemListElement\":[{\"@type\":\"ListItem\",\"position\":1,\"name\":\"Home\",\"item\":\"https:\/\/espak.ee\/epood\/\"},{\"@type\":\"ListItem\",\"position\":2,\"name\":\"Tootevalik\",\"item\":\"https:\/\/espak.ee\/epood\/tootevalik\/\"},{\"@type\":\"ListItem\",\"position\":3,\"name\":\"T\u00d6\u00d6SANDAALID MEMPHIS S1 ESD 42\"}]},{\"@type\":\"WebSite\",\"@id\":\"https:\/\/espak.ee\/epood\/#website\",\"url\":\"https:\/\/espak.ee\/epood\/\",\"name\":\"Espak E-pood\",\"description\":\"\",\"potentialAction\":[{\"@type\":\"SearchAction\",\"target\":{\"@type\":\"EntryPoint\",\"urlTemplate\":\"https:\/\/espak.ee\/epood\/?s={search_term_string}\"},\"query-input\":{\"@type\":\"PropertyValueSpecification\",\"valueRequired\":true,\"valueName\":\"search_term_string\"}}],\"inLanguage\":\"et\"}]}<\/script>\n<!-- \/ Yoast SEO plugin. -->","yoast_head_json":{"title":"T\u00d6\u00d6SANDAALID MEMPHIS S1 ESD 42 - Espak E-pood","robots":{"index":"index","follow":"follow","max-snippet":"max-snippet:-1","max-image-preview":"max-image-preview:large","max-video-preview":"max-video-preview:-1"},"canonical":"https:\/\/espak.ee\/epood\/toode\/toosandaalid-memphis-s1-esd-42\/","og_locale":"et_EE","og_type":"article","og_title":"T\u00d6\u00d6SANDAALID MEMPHIS S1 ESD 42 - Espak E-pood","og_url":"https:\/\/espak.ee\/epood\/toode\/toosandaalid-memphis-s1-esd-42\/","og_site_name":"Espak E-pood","article_modified_time":"2024-03-22T22:51:19+00:00","og_image":[{"width":1200,"height":1098,"url":"https:\/\/espak.ee\/epood\/wp-content\/uploads\/2024\/01\/2115-S1ESD-memphis-2115-s1esd-pracovni-obuv-bez.jpeg","type":"image\/jpeg"}],"twitter_card":"summary_large_image","twitter_misc":{"Est. reading time":"1 minut"},"schema":{"@context":"https:\/\/schema.org","@graph":[{"@type":"WebPage","@id":"https:\/\/espak.ee\/epood\/toode\/toosandaalid-memphis-s1-esd-42\/","url":"https:\/\/espak.ee\/epood\/toode\/toosandaalid-memphis-s1-esd-42\/","name":"T\u00d6\u00d6SANDAALID MEMPHIS S1 ESD 42 - Espak E-pood","isPartOf":{"@id":"https:\/\/espak.ee\/epood\/#website"},"primaryImageOfPage":{"@id":"https:\/\/espak.ee\/epood\/toode\/toosandaalid-memphis-s1-esd-42\/#primaryimage"},"image":{"@id":"https:\/\/espak.ee\/epood\/toode\/toosandaalid-memphis-s1-esd-42\/#primaryimage"},"thumbnailUrl":"https:\/\/espak.ee\/epood\/wp-content\/uploads\/2024\/01\/2115-S1ESD-memphis-2115-s1esd-pracovni-obuv-bez.jpeg","datePublished":"2024-01-05T03:10:03+00:00","dateModified":"2024-03-22T22:51:19+00:00","breadcrumb":{"@id":"https:\/\/espak.ee\/epood\/toode\/toosandaalid-memphis-s1-esd-42\/#breadcrumb"},"inLanguage":"et","potentialAction":[{"@type":"ReadAction","target":["https:\/\/espak.ee\/epood\/toode\/toosandaalid-memphis-s1-esd-42\/"]}]},{"@type":"ImageObject","inLanguage":"et","@id":"https:\/\/espak.ee\/epood\/toode\/toosandaalid-memphis-s1-esd-42\/#primaryimage","url":"https:\/\/espak.ee\/epood\/wp-content\/uploads\/2024\/01\/2115-S1ESD-memphis-2115-s1esd-pracovni-obuv-bez.jpeg","contentUrl":"https:\/\/espak.ee\/epood\/wp-content\/uploads\/2024\/01\/2115-S1ESD-memphis-2115-s1esd-pracovni-obuv-bez.jpeg","width":1200,"height":1098},{"@type":"BreadcrumbList","@id":"https:\/\/espak.ee\/epood\/toode\/toosandaalid-memphis-s1-esd-42\/#breadcrumb","itemListElement":[{"@type":"ListItem","position":1,"name":"Home","item":"https:\/\/espak.ee\/epood\/"},{"@type":"ListItem","position":2,"name":"Tootevalik","item":"https:\/\/espak.ee\/epood\/tootevalik\/"},{"@type":"ListItem","position":3,"name":"T\u00d6\u00d6SANDAALID MEMPHIS S1 ESD 42"}]},{"@type":"WebSite","@id":"https:\/\/espak.ee\/epood\/#website","url":"https:\/\/espak.ee\/epood\/","name":"Espak E-pood","description":"","potentialAction":[{"@type":"SearchAction","target":{"@type":"EntryPoint","urlTemplate":"https:\/\/espak.ee\/epood\/?s={search_term_string}"},"query-input":{"@type":"PropertyValueSpecification","valueRequired":true,"valueName":"search_term_string"}}],"inLanguage":"et"}]}},"_links":{"self":[{"href":"https:\/\/espak.ee\/epood\/wp-json\/wp\/v2\/product\/185142","targetHints":{"allow":["GET"]}}],"collection":[{"href":"https:\/\/espak.ee\/epood\/wp-json\/wp\/v2\/product"}],"about":[{"href":"https:\/\/espak.ee\/epood\/wp-json\/wp\/v2\/types\/product"}],"replies":[{"embeddable":true,"href":"https:\/\/espak.ee\/epood\/wp-json\/wp\/v2\/comments?post=185142"}],"wp:featuredmedia":[{"embeddable":true,"href":"https:\/\/espak.ee\/epood\/wp-json\/wp\/v2\/media\/185206"}],"wp:attachment":[{"href":"https:\/\/espak.ee\/epood\/wp-json\/wp\/v2\/media?parent=185142"}],"wp:term":[{"taxonomy":"product_brand","embeddable":true,"href":"https:\/\/espak.ee\/epood\/wp-json\/wp\/v2\/product_brand?post=185142"},{"taxonomy":"product_cat","embeddable":true,"href":"https:\/\/espak.ee\/epood\/wp-json\/wp\/v2\/product_cat?post=185142"},{"taxonomy":"product_tag","embeddable":true,"href":"https:\/\/espak.ee\/epood\/wp-json\/wp\/v2\/product_tag?post=185142"}],"curies":[{"name":"wp","href":"https:\/\/api.w.org\/{rel}","templated":true}]}}