{"id":184700,"date":"2023-12-29T05:10:04","date_gmt":"2023-12-29T03:10:04","guid":{"rendered":"https:\/\/espak.ee\/epood\/?post_type=product&#038;p=184700"},"modified":"2024-03-23T00:51:31","modified_gmt":"2024-03-22T22:51:31","slug":"wc-raami-paneel-schell-tower-matt-kroom","status":"publish","type":"product","link":"https:\/\/espak.ee\/epood\/toode\/wc-raami-paneel-schell-tower-matt-kroom\/","title":{"rendered":"WC RAAMI PANEEL SCHELL TOWER MATT\/KROOM"},"content":{"rendered":"<div class=\"row\"  id=\"row-144330472\">\n\n\t<div id=\"col-1933441409\" class=\"col medium-9 small-12 large-9\"  >\n\t\t\t\t<div class=\"col-inner\"  >\n\t\t\t\n\t\t\t\n<h3>WC raami paneel Schell Montus Tower kroom <\/h3>\n<p>Materjal: Plastik<br \/>\nPinnakate: Matt kroom<br \/>\nM\u00f5\u00f5dud: 230 x 150 x 6,5 mm\n<\/p>\n\t\t<\/div>\n\t\t\t\t\t<\/div>\n\n\t\n\n\t<div id=\"col-749532249\" class=\"col medium-3 small-12 large-3\"  >\n\t\t\t\t<div class=\"col-inner\"  >\n\t\t\t\n\t\t\t\n\t<div id=\"gap-1878835921\" class=\"gap-element clearfix\" style=\"display:block; height:auto;\">\n\t\t\n<style>\n#gap-1878835921 {\n  padding-top: 30px;\n}\n<\/style>\n\t<\/div>\n\t\n<p><strong>\u00dcksikasjalikuma n\u00f5u saamiseks v\u00f5tke \u00fchendust:<br \/><\/strong>Espak AS<br \/>Viadukti 42<br \/>11313<br \/>Tallinn<br \/>+372 651 2336<\/p>\n\t\t<\/div>\n\t\t\t\t\t<\/div>\n\n\t\n<\/div>\n","protected":false},"excerpt":{"rendered":"","protected":false},"featured_media":185112,"comment_status":"closed","ping_status":"closed","template":"","meta":[],"product_brand":[],"product_cat":[2819,2820,2839,2840],"product_tag":[],"class_list":{"0":"post-184700","1":"product","2":"type-product","3":"status-publish","4":"has-post-thumbnail","6":"product_cat-sanitaartehnika","7":"product_cat-sanitaartehnika-sanitaartehnika","8":"product_cat-wc-potid","9":"product_cat-wc-seinaraamid","10":"pa_kaubamark-schell-gmbh-co","12":"first","13":"instock","14":"sale","15":"taxable","16":"shipping-taxable","17":"purchasable","18":"product-type-simple"},"yoast_head":"<!-- This site is optimized with the Yoast SEO plugin v26.9 - https:\/\/yoast.com\/product\/yoast-seo-wordpress\/ -->\n<title>WC RAAMI PANEEL SCHELL TOWER MATT\/KROOM - Espak E-pood<\/title>\n<meta name=\"robots\" content=\"index, follow, max-snippet:-1, max-image-preview:large, max-video-preview:-1\" \/>\n<link rel=\"canonical\" href=\"https:\/\/espak.ee\/epood\/toode\/wc-raami-paneel-schell-tower-matt-kroom\/\" \/>\n<meta property=\"og:locale\" content=\"et_EE\" \/>\n<meta property=\"og:type\" content=\"article\" \/>\n<meta property=\"og:title\" content=\"WC RAAMI PANEEL SCHELL TOWER MATT\/KROOM - Espak E-pood\" \/>\n<meta property=\"og:url\" content=\"https:\/\/espak.ee\/epood\/toode\/wc-raami-paneel-schell-tower-matt-kroom\/\" \/>\n<meta property=\"og:site_name\" content=\"Espak E-pood\" \/>\n<meta property=\"article:modified_time\" content=\"2024-03-22T22:51:31+00:00\" \/>\n<meta property=\"og:image\" content=\"https:\/\/espak.ee\/epood\/wp-content\/uploads\/2023\/12\/csm_KSA_031210699_cd3f443ade.jpg\" \/>\n\t<meta property=\"og:image:width\" content=\"800\" \/>\n\t<meta property=\"og:image:height\" content=\"800\" \/>\n\t<meta property=\"og:image:type\" content=\"image\/jpeg\" \/>\n<meta name=\"twitter:card\" content=\"summary_large_image\" \/>\n<script type=\"application\/ld+json\" class=\"yoast-schema-graph\">{\"@context\":\"https:\/\/schema.org\",\"@graph\":[{\"@type\":\"WebPage\",\"@id\":\"https:\/\/espak.ee\/epood\/toode\/wc-raami-paneel-schell-tower-matt-kroom\/\",\"url\":\"https:\/\/espak.ee\/epood\/toode\/wc-raami-paneel-schell-tower-matt-kroom\/\",\"name\":\"WC RAAMI PANEEL SCHELL TOWER MATT\/KROOM - Espak E-pood\",\"isPartOf\":{\"@id\":\"https:\/\/espak.ee\/epood\/#website\"},\"primaryImageOfPage\":{\"@id\":\"https:\/\/espak.ee\/epood\/toode\/wc-raami-paneel-schell-tower-matt-kroom\/#primaryimage\"},\"image\":{\"@id\":\"https:\/\/espak.ee\/epood\/toode\/wc-raami-paneel-schell-tower-matt-kroom\/#primaryimage\"},\"thumbnailUrl\":\"https:\/\/espak.ee\/epood\/wp-content\/uploads\/2023\/12\/csm_KSA_031210699_cd3f443ade.jpg\",\"datePublished\":\"2023-12-29T03:10:04+00:00\",\"dateModified\":\"2024-03-22T22:51:31+00:00\",\"breadcrumb\":{\"@id\":\"https:\/\/espak.ee\/epood\/toode\/wc-raami-paneel-schell-tower-matt-kroom\/#breadcrumb\"},\"inLanguage\":\"et\",\"potentialAction\":[{\"@type\":\"ReadAction\",\"target\":[\"https:\/\/espak.ee\/epood\/toode\/wc-raami-paneel-schell-tower-matt-kroom\/\"]}]},{\"@type\":\"ImageObject\",\"inLanguage\":\"et\",\"@id\":\"https:\/\/espak.ee\/epood\/toode\/wc-raami-paneel-schell-tower-matt-kroom\/#primaryimage\",\"url\":\"https:\/\/espak.ee\/epood\/wp-content\/uploads\/2023\/12\/csm_KSA_031210699_cd3f443ade.jpg\",\"contentUrl\":\"https:\/\/espak.ee\/epood\/wp-content\/uploads\/2023\/12\/csm_KSA_031210699_cd3f443ade.jpg\",\"width\":800,\"height\":800},{\"@type\":\"BreadcrumbList\",\"@id\":\"https:\/\/espak.ee\/epood\/toode\/wc-raami-paneel-schell-tower-matt-kroom\/#breadcrumb\",\"itemListElement\":[{\"@type\":\"ListItem\",\"position\":1,\"name\":\"Home\",\"item\":\"https:\/\/espak.ee\/epood\/\"},{\"@type\":\"ListItem\",\"position\":2,\"name\":\"Tootevalik\",\"item\":\"https:\/\/espak.ee\/epood\/tootevalik\/\"},{\"@type\":\"ListItem\",\"position\":3,\"name\":\"WC RAAMI PANEEL SCHELL TOWER MATT\/KROOM\"}]},{\"@type\":\"WebSite\",\"@id\":\"https:\/\/espak.ee\/epood\/#website\",\"url\":\"https:\/\/espak.ee\/epood\/\",\"name\":\"Espak E-pood\",\"description\":\"\",\"potentialAction\":[{\"@type\":\"SearchAction\",\"target\":{\"@type\":\"EntryPoint\",\"urlTemplate\":\"https:\/\/espak.ee\/epood\/?s={search_term_string}\"},\"query-input\":{\"@type\":\"PropertyValueSpecification\",\"valueRequired\":true,\"valueName\":\"search_term_string\"}}],\"inLanguage\":\"et\"}]}<\/script>\n<!-- \/ Yoast SEO plugin. -->","yoast_head_json":{"title":"WC RAAMI PANEEL SCHELL TOWER MATT\/KROOM - Espak E-pood","robots":{"index":"index","follow":"follow","max-snippet":"max-snippet:-1","max-image-preview":"max-image-preview:large","max-video-preview":"max-video-preview:-1"},"canonical":"https:\/\/espak.ee\/epood\/toode\/wc-raami-paneel-schell-tower-matt-kroom\/","og_locale":"et_EE","og_type":"article","og_title":"WC RAAMI PANEEL SCHELL TOWER MATT\/KROOM - Espak E-pood","og_url":"https:\/\/espak.ee\/epood\/toode\/wc-raami-paneel-schell-tower-matt-kroom\/","og_site_name":"Espak E-pood","article_modified_time":"2024-03-22T22:51:31+00:00","og_image":[{"width":800,"height":800,"url":"https:\/\/espak.ee\/epood\/wp-content\/uploads\/2023\/12\/csm_KSA_031210699_cd3f443ade.jpg","type":"image\/jpeg"}],"twitter_card":"summary_large_image","schema":{"@context":"https:\/\/schema.org","@graph":[{"@type":"WebPage","@id":"https:\/\/espak.ee\/epood\/toode\/wc-raami-paneel-schell-tower-matt-kroom\/","url":"https:\/\/espak.ee\/epood\/toode\/wc-raami-paneel-schell-tower-matt-kroom\/","name":"WC RAAMI PANEEL SCHELL TOWER MATT\/KROOM - Espak E-pood","isPartOf":{"@id":"https:\/\/espak.ee\/epood\/#website"},"primaryImageOfPage":{"@id":"https:\/\/espak.ee\/epood\/toode\/wc-raami-paneel-schell-tower-matt-kroom\/#primaryimage"},"image":{"@id":"https:\/\/espak.ee\/epood\/toode\/wc-raami-paneel-schell-tower-matt-kroom\/#primaryimage"},"thumbnailUrl":"https:\/\/espak.ee\/epood\/wp-content\/uploads\/2023\/12\/csm_KSA_031210699_cd3f443ade.jpg","datePublished":"2023-12-29T03:10:04+00:00","dateModified":"2024-03-22T22:51:31+00:00","breadcrumb":{"@id":"https:\/\/espak.ee\/epood\/toode\/wc-raami-paneel-schell-tower-matt-kroom\/#breadcrumb"},"inLanguage":"et","potentialAction":[{"@type":"ReadAction","target":["https:\/\/espak.ee\/epood\/toode\/wc-raami-paneel-schell-tower-matt-kroom\/"]}]},{"@type":"ImageObject","inLanguage":"et","@id":"https:\/\/espak.ee\/epood\/toode\/wc-raami-paneel-schell-tower-matt-kroom\/#primaryimage","url":"https:\/\/espak.ee\/epood\/wp-content\/uploads\/2023\/12\/csm_KSA_031210699_cd3f443ade.jpg","contentUrl":"https:\/\/espak.ee\/epood\/wp-content\/uploads\/2023\/12\/csm_KSA_031210699_cd3f443ade.jpg","width":800,"height":800},{"@type":"BreadcrumbList","@id":"https:\/\/espak.ee\/epood\/toode\/wc-raami-paneel-schell-tower-matt-kroom\/#breadcrumb","itemListElement":[{"@type":"ListItem","position":1,"name":"Home","item":"https:\/\/espak.ee\/epood\/"},{"@type":"ListItem","position":2,"name":"Tootevalik","item":"https:\/\/espak.ee\/epood\/tootevalik\/"},{"@type":"ListItem","position":3,"name":"WC RAAMI PANEEL SCHELL TOWER MATT\/KROOM"}]},{"@type":"WebSite","@id":"https:\/\/espak.ee\/epood\/#website","url":"https:\/\/espak.ee\/epood\/","name":"Espak E-pood","description":"","potentialAction":[{"@type":"SearchAction","target":{"@type":"EntryPoint","urlTemplate":"https:\/\/espak.ee\/epood\/?s={search_term_string}"},"query-input":{"@type":"PropertyValueSpecification","valueRequired":true,"valueName":"search_term_string"}}],"inLanguage":"et"}]}},"_links":{"self":[{"href":"https:\/\/espak.ee\/epood\/wp-json\/wp\/v2\/product\/184700","targetHints":{"allow":["GET"]}}],"collection":[{"href":"https:\/\/espak.ee\/epood\/wp-json\/wp\/v2\/product"}],"about":[{"href":"https:\/\/espak.ee\/epood\/wp-json\/wp\/v2\/types\/product"}],"replies":[{"embeddable":true,"href":"https:\/\/espak.ee\/epood\/wp-json\/wp\/v2\/comments?post=184700"}],"wp:featuredmedia":[{"embeddable":true,"href":"https:\/\/espak.ee\/epood\/wp-json\/wp\/v2\/media\/185112"}],"wp:attachment":[{"href":"https:\/\/espak.ee\/epood\/wp-json\/wp\/v2\/media?parent=184700"}],"wp:term":[{"taxonomy":"product_brand","embeddable":true,"href":"https:\/\/espak.ee\/epood\/wp-json\/wp\/v2\/product_brand?post=184700"},{"taxonomy":"product_cat","embeddable":true,"href":"https:\/\/espak.ee\/epood\/wp-json\/wp\/v2\/product_cat?post=184700"},{"taxonomy":"product_tag","embeddable":true,"href":"https:\/\/espak.ee\/epood\/wp-json\/wp\/v2\/product_tag?post=184700"}],"curies":[{"name":"wp","href":"https:\/\/api.w.org\/{rel}","templated":true}]}}