{"id":18400,"date":"2020-04-04T03:40:26","date_gmt":"2020-04-04T00:40:26","guid":{"rendered":"https:\/\/espak.ee\/hinnakiri\/?post_type=product&#038;p=18400"},"modified":"2026-04-01T16:41:35","modified_gmt":"2026-04-01T13:41:35","slug":"keraamikkuttekehaga-veesoojendi-atlantic-vertigo-80-65l","status":"publish","type":"product","link":"https:\/\/espak.ee\/epood\/toode\/keraamikkuttekehaga-veesoojendi-atlantic-vertigo-80-65l\/","title":{"rendered":"KERAAMIKK\u00dcTTEKEHAGA VEESOOJENDI ATLANTIC VERTIGO WI-FI 80 65L VALGE"},"content":{"rendered":"<div class=\"row\"  id=\"row-2033056198\">\n\n\t<div id=\"col-406369267\" class=\"col medium-9 small-12 large-9\"  >\n\t\t\t\t<div class=\"col-inner\"  >\n\t\t\t\n\t\t\t\n<h2>Keraamikk\u00fcttekehaga veesoojendi Atlantic Vertigo 80 65L Wi-Fi valge<\/h2>\n<p>Lameda disainiga veesoojendid VERTIGO 40 \u2013 80 L on multipositsioneeritavad tarbeveeboilerid s.t. paigaldatavad seinale kas vertikaalselt v\u00f5i horisontaalselt. Boilerite horisontaalsel paigaldusel peavad veetorud j\u00e4\u00e4ma suunatuks vasakule. Veesoojendid VERTIGO on kergelt interj\u00f6\u00f6ri sobitatavad ja ruumikokkuhoidlikud.<\/p>\n<p>Keraamikk\u00fcttekehaga boilerid liigituvad hooldusvabade boilerite kategooriasse kuna omavad keraamilist k\u00fcttekeha h\u00fclsis. H\u00fclsi \u00fclisuur pind ei kuumene nii, et ilmneks intensiivne katlakivi tekke oht h\u00fclsi pinnale. Seega on esimese hoolduse k\u00e4igus peale garantiiaja l\u00f5ppu vaja kontrollida vaid magneesiumanoodi olukorda ja vajadusel see uue vastu vahetada.<\/p>\n<p>K\u00f5rgtihendatud PU-vahust soojusisolatsioon tagab t\u00e4iendava energias\u00e4\u00e4stu. Boilerid on komplekteeritud kaitseklapiga k\u00fclmale veele, dielektrilise vahemuhviga kuumale veele ja seinale kinnitamise raamiga.<\/p>\n<p>Tarbeveeboilerid VERTIGO on komplekteeritud innovatiivse juhtpaneeliga h\u00f5lpsaks re\u017eiimi valikuks ja veetemperatuuri etteandmiseks, et saada soovitud kogus sooja vett.<\/p>\n<p>Soojaveeboilerid VERTIGO on energias\u00e4\u00e4stlikud t\u00e4nu komplekteeritusele \u201cise\u00f5ppiva nutire\u017eiimiga\u201d, mis annab sooja vett l\u00e4htudes kasutaja varasemast harjumisest. Kiirelt maksimumkoguse sooja vett tagab kiirk\u00fcttefunktsioon BOOST.<\/p>\n<p>Wi-Fi \u00fchenduvus ja distantsjuhtimine COZYTOUCH-rakenduse abil v\u00f5imaldab monitoorida energiatarbimist, ette valmistada sooja vett koju saabumiseks, l\u00fclitada boilerit k\u00fclmumiskaitsere\u017eiimile.<\/p>\n<div class=\"message-box relative\" style=\"padding-top:15px;padding-bottom:15px;\"><div class=\"message-box-bg-image bg-fill fill\" ><\/div><div class=\"message-box-bg-overlay bg-fill fill\" ><\/div><div class=\"container relative\"><div class=\"inner last-reset\">\n<div class=\"row align-middle align-center\"  id=\"row-377118204\">\n\n\t<div id=\"col-1680503181\" class=\"col small-12 large-12\"  >\n\t\t\t\t<div class=\"col-inner text-left\"  >\n\t\t\t\n\t\t\t\n<h4>Omadused<\/h4>\n<div class=\"row\"  id=\"row-1399513360\">\n\n\t<div id=\"col-280826777\" class=\"col medium-6 small-12 large-6\"  >\n\t\t\t\t<div class=\"col-inner\"  >\n\t\t\t\n\t\t\t\n<p><i class=\"fa fa-check fa-2x\"><\/i> <strong>Veeboilerid on paigaldatavad seinale kas vertikaalselt v\u00f5i horisontaalselt<\/strong><\/p>\n<p><i class=\"fa fa-check fa-2x\"><\/i> <strong>Keraamilised, veega mitte kokku puutuvad k\u00fcttekehad h\u00fclssides<\/strong><\/p>\n\t\t<\/div>\n\t\t\t\t\n<style>\n#col-280826777 > .col-inner {\n  margin: 0px 0px 15px 0px;\n}\n<\/style>\n\t<\/div>\n\n\t\n\n\t<div id=\"col-81849831\" class=\"col medium-6 small-12 large-6\"  >\n\t\t\t\t<div class=\"col-inner\"  >\n\t\t\t\n\t\t\t\n<p><i class=\"fa fa-check fa-2x\"><\/i> <strong>Nutire\u017eiim \u2013 sooja vee ettevalmistamine senise tarbimisharjumuse p\u00f5hjal<\/strong><\/p>\n<p><i class=\"fa fa-check fa-2x\"><\/i> <strong>Korrosioonikaitseks magneesiumanoodid<\/strong><\/p>\n\t\t<\/div>\n\t\t\t\t\n<style>\n#col-81849831 > .col-inner {\n  margin: 0px 0px 15px 0px;\n}\n<\/style>\n\t<\/div>\n\n\t\n<\/div>\n\t\t<\/div>\n\t\t\t\t\t<\/div>\n\n\t\n<\/div>\n<\/div><\/div><\/div>\n\t<div id=\"gap-855022297\" class=\"gap-element clearfix\" style=\"display:block; height:auto;\">\n\t\t\n<style>\n#gap-855022297 {\n  padding-top: 30px;\n}\n<\/style>\n\t<\/div>\n\t\n\t\t<\/div>\n\t\t\t\t\t<\/div>\n\n\t\n\n\t<div id=\"col-1789461369\" class=\"col medium-3 small-12 large-3\"  >\n\t\t\t\t<div class=\"col-inner\"  >\n\t\t\t\n\t\t\t\n\t<div id=\"gap-549724512\" class=\"gap-element clearfix\" style=\"display:block; height:auto;\">\n\t\t\n<style>\n#gap-549724512 {\n  padding-top: 30px;\n}\n<\/style>\n\t<\/div>\n\t\n<h3>Paigaldus- ja kasutusjuhend<\/h3>\n<p><a href=\"https:\/\/espak.ee\/epood\/wp-content\/uploads\/2022\/02\/Paigaldus-ja-kasutusjuhend-VERTIGO-STEATITE-CUBE-WIFI.pdf\" target=\"_blank\" rel=\"noopener noreferrer\"><i class=\"far fa-file-pdf\"><\/i> Paigaldus-ja kasutusjuhend (PDF)<\/a><\/p>\n<h3>Tehniline informatsioon<\/h3>\n<p><a href=\"https:\/\/espak.ee\/epood\/wp-content\/uploads\/2022\/03\/VERTIGO-WI-FI.pdf\"target=\"_blank\" rel=\"noopener noreferrer\"><i class=\"far fa-file-pdf\"><\/i> Tehniline info (PDF)<\/a><\/p>\n<div class=\"is-divider divider clearfix\" ><\/div>\n<p><strong>\u00dcksikasjalikuma n\u00f5u saamiseks v\u00f5tke \u00fchendust:<br \/><\/strong>PLASTOR AS<br \/>Hoiu 7<br \/>76401<br \/>Laagri, Harju maakond<br \/>+372 6796756<\/p>\n<div class=\"is-divider divider clearfix\" ><\/div>\n\t\t<\/div>\n\t\t\t\t\t<\/div>\n\n\t\n<\/div>\n","protected":false},"excerpt":{"rendered":"","protected":false},"featured_media":113087,"comment_status":"closed","ping_status":"closed","template":"","meta":[],"product_brand":[],"product_cat":[3038,3037,2819,2820],"product_tag":[],"class_list":{"0":"post-18400","1":"product","2":"type-product","3":"status-publish","4":"has-post-thumbnail","6":"product_cat-boilerid","7":"product_cat-elektriboilerid","8":"product_cat-sanitaartehnika","9":"product_cat-sanitaartehnika-sanitaartehnika","10":"pa_kaubamark-plastor-as","12":"first","13":"instock","14":"sale","15":"taxable","16":"shipping-taxable","17":"purchasable","18":"product-type-simple"},"yoast_head":"<!-- This site is optimized with the Yoast SEO plugin v26.9 - https:\/\/yoast.com\/product\/yoast-seo-wordpress\/ -->\n<title>KERAAMIKK\u00dcTTEKEHAGA VEESOOJENDI ATLANTIC VERTIGO WI-FI 80 65L VALGE - Espak E-pood<\/title>\n<meta name=\"robots\" content=\"index, follow, max-snippet:-1, max-image-preview:large, max-video-preview:-1\" \/>\n<link rel=\"canonical\" href=\"https:\/\/espak.ee\/epood\/toode\/keraamikkuttekehaga-veesoojendi-atlantic-vertigo-80-65l\/\" \/>\n<meta property=\"og:locale\" content=\"et_EE\" \/>\n<meta property=\"og:type\" content=\"article\" \/>\n<meta property=\"og:title\" content=\"KERAAMIKK\u00dcTTEKEHAGA VEESOOJENDI ATLANTIC VERTIGO WI-FI 80 65L VALGE - Espak E-pood\" \/>\n<meta property=\"og:url\" content=\"https:\/\/espak.ee\/epood\/toode\/keraamikkuttekehaga-veesoojendi-atlantic-vertigo-80-65l\/\" \/>\n<meta property=\"og:site_name\" content=\"Espak E-pood\" \/>\n<meta property=\"article:modified_time\" content=\"2026-04-01T13:41:35+00:00\" \/>\n<meta property=\"og:image\" content=\"https:\/\/espak.ee\/epood\/wp-content\/uploads\/2022\/02\/Vertigo-WiFi-valge.jpg\" \/>\n\t<meta property=\"og:image:width\" content=\"1000\" \/>\n\t<meta property=\"og:image:height\" content=\"1000\" \/>\n\t<meta property=\"og:image:type\" content=\"image\/jpeg\" \/>\n<meta name=\"twitter:card\" content=\"summary_large_image\" \/>\n<meta name=\"twitter:label1\" content=\"Est. reading time\" \/>\n\t<meta name=\"twitter:data1\" content=\"2 minutit\" \/>\n<script type=\"application\/ld+json\" class=\"yoast-schema-graph\">{\"@context\":\"https:\/\/schema.org\",\"@graph\":[{\"@type\":\"WebPage\",\"@id\":\"https:\/\/espak.ee\/epood\/toode\/keraamikkuttekehaga-veesoojendi-atlantic-vertigo-80-65l\/\",\"url\":\"https:\/\/espak.ee\/epood\/toode\/keraamikkuttekehaga-veesoojendi-atlantic-vertigo-80-65l\/\",\"name\":\"KERAAMIKK\u00dcTTEKEHAGA VEESOOJENDI ATLANTIC VERTIGO WI-FI 80 65L VALGE - Espak E-pood\",\"isPartOf\":{\"@id\":\"https:\/\/espak.ee\/epood\/#website\"},\"primaryImageOfPage\":{\"@id\":\"https:\/\/espak.ee\/epood\/toode\/keraamikkuttekehaga-veesoojendi-atlantic-vertigo-80-65l\/#primaryimage\"},\"image\":{\"@id\":\"https:\/\/espak.ee\/epood\/toode\/keraamikkuttekehaga-veesoojendi-atlantic-vertigo-80-65l\/#primaryimage\"},\"thumbnailUrl\":\"https:\/\/espak.ee\/epood\/wp-content\/uploads\/2022\/02\/Vertigo-WiFi-valge.jpg\",\"datePublished\":\"2020-04-04T00:40:26+00:00\",\"dateModified\":\"2026-04-01T13:41:35+00:00\",\"breadcrumb\":{\"@id\":\"https:\/\/espak.ee\/epood\/toode\/keraamikkuttekehaga-veesoojendi-atlantic-vertigo-80-65l\/#breadcrumb\"},\"inLanguage\":\"et\",\"potentialAction\":[{\"@type\":\"ReadAction\",\"target\":[\"https:\/\/espak.ee\/epood\/toode\/keraamikkuttekehaga-veesoojendi-atlantic-vertigo-80-65l\/\"]}]},{\"@type\":\"ImageObject\",\"inLanguage\":\"et\",\"@id\":\"https:\/\/espak.ee\/epood\/toode\/keraamikkuttekehaga-veesoojendi-atlantic-vertigo-80-65l\/#primaryimage\",\"url\":\"https:\/\/espak.ee\/epood\/wp-content\/uploads\/2022\/02\/Vertigo-WiFi-valge.jpg\",\"contentUrl\":\"https:\/\/espak.ee\/epood\/wp-content\/uploads\/2022\/02\/Vertigo-WiFi-valge.jpg\",\"width\":1000,\"height\":1000},{\"@type\":\"BreadcrumbList\",\"@id\":\"https:\/\/espak.ee\/epood\/toode\/keraamikkuttekehaga-veesoojendi-atlantic-vertigo-80-65l\/#breadcrumb\",\"itemListElement\":[{\"@type\":\"ListItem\",\"position\":1,\"name\":\"Home\",\"item\":\"https:\/\/espak.ee\/epood\/\"},{\"@type\":\"ListItem\",\"position\":2,\"name\":\"Tootevalik\",\"item\":\"https:\/\/espak.ee\/epood\/tootevalik\/\"},{\"@type\":\"ListItem\",\"position\":3,\"name\":\"KERAAMIKK\u00dcTTEKEHAGA VEESOOJENDI ATLANTIC VERTIGO WI-FI 80 65L VALGE\"}]},{\"@type\":\"WebSite\",\"@id\":\"https:\/\/espak.ee\/epood\/#website\",\"url\":\"https:\/\/espak.ee\/epood\/\",\"name\":\"Espak E-pood\",\"description\":\"\",\"potentialAction\":[{\"@type\":\"SearchAction\",\"target\":{\"@type\":\"EntryPoint\",\"urlTemplate\":\"https:\/\/espak.ee\/epood\/?s={search_term_string}\"},\"query-input\":{\"@type\":\"PropertyValueSpecification\",\"valueRequired\":true,\"valueName\":\"search_term_string\"}}],\"inLanguage\":\"et\"}]}<\/script>\n<!-- \/ Yoast SEO plugin. -->","yoast_head_json":{"title":"KERAAMIKK\u00dcTTEKEHAGA VEESOOJENDI ATLANTIC VERTIGO WI-FI 80 65L VALGE - Espak E-pood","robots":{"index":"index","follow":"follow","max-snippet":"max-snippet:-1","max-image-preview":"max-image-preview:large","max-video-preview":"max-video-preview:-1"},"canonical":"https:\/\/espak.ee\/epood\/toode\/keraamikkuttekehaga-veesoojendi-atlantic-vertigo-80-65l\/","og_locale":"et_EE","og_type":"article","og_title":"KERAAMIKK\u00dcTTEKEHAGA VEESOOJENDI ATLANTIC VERTIGO WI-FI 80 65L VALGE - Espak E-pood","og_url":"https:\/\/espak.ee\/epood\/toode\/keraamikkuttekehaga-veesoojendi-atlantic-vertigo-80-65l\/","og_site_name":"Espak E-pood","article_modified_time":"2026-04-01T13:41:35+00:00","og_image":[{"width":1000,"height":1000,"url":"https:\/\/espak.ee\/epood\/wp-content\/uploads\/2022\/02\/Vertigo-WiFi-valge.jpg","type":"image\/jpeg"}],"twitter_card":"summary_large_image","twitter_misc":{"Est. reading time":"2 minutit"},"schema":{"@context":"https:\/\/schema.org","@graph":[{"@type":"WebPage","@id":"https:\/\/espak.ee\/epood\/toode\/keraamikkuttekehaga-veesoojendi-atlantic-vertigo-80-65l\/","url":"https:\/\/espak.ee\/epood\/toode\/keraamikkuttekehaga-veesoojendi-atlantic-vertigo-80-65l\/","name":"KERAAMIKK\u00dcTTEKEHAGA VEESOOJENDI ATLANTIC VERTIGO WI-FI 80 65L VALGE - Espak E-pood","isPartOf":{"@id":"https:\/\/espak.ee\/epood\/#website"},"primaryImageOfPage":{"@id":"https:\/\/espak.ee\/epood\/toode\/keraamikkuttekehaga-veesoojendi-atlantic-vertigo-80-65l\/#primaryimage"},"image":{"@id":"https:\/\/espak.ee\/epood\/toode\/keraamikkuttekehaga-veesoojendi-atlantic-vertigo-80-65l\/#primaryimage"},"thumbnailUrl":"https:\/\/espak.ee\/epood\/wp-content\/uploads\/2022\/02\/Vertigo-WiFi-valge.jpg","datePublished":"2020-04-04T00:40:26+00:00","dateModified":"2026-04-01T13:41:35+00:00","breadcrumb":{"@id":"https:\/\/espak.ee\/epood\/toode\/keraamikkuttekehaga-veesoojendi-atlantic-vertigo-80-65l\/#breadcrumb"},"inLanguage":"et","potentialAction":[{"@type":"ReadAction","target":["https:\/\/espak.ee\/epood\/toode\/keraamikkuttekehaga-veesoojendi-atlantic-vertigo-80-65l\/"]}]},{"@type":"ImageObject","inLanguage":"et","@id":"https:\/\/espak.ee\/epood\/toode\/keraamikkuttekehaga-veesoojendi-atlantic-vertigo-80-65l\/#primaryimage","url":"https:\/\/espak.ee\/epood\/wp-content\/uploads\/2022\/02\/Vertigo-WiFi-valge.jpg","contentUrl":"https:\/\/espak.ee\/epood\/wp-content\/uploads\/2022\/02\/Vertigo-WiFi-valge.jpg","width":1000,"height":1000},{"@type":"BreadcrumbList","@id":"https:\/\/espak.ee\/epood\/toode\/keraamikkuttekehaga-veesoojendi-atlantic-vertigo-80-65l\/#breadcrumb","itemListElement":[{"@type":"ListItem","position":1,"name":"Home","item":"https:\/\/espak.ee\/epood\/"},{"@type":"ListItem","position":2,"name":"Tootevalik","item":"https:\/\/espak.ee\/epood\/tootevalik\/"},{"@type":"ListItem","position":3,"name":"KERAAMIKK\u00dcTTEKEHAGA VEESOOJENDI ATLANTIC VERTIGO WI-FI 80 65L VALGE"}]},{"@type":"WebSite","@id":"https:\/\/espak.ee\/epood\/#website","url":"https:\/\/espak.ee\/epood\/","name":"Espak E-pood","description":"","potentialAction":[{"@type":"SearchAction","target":{"@type":"EntryPoint","urlTemplate":"https:\/\/espak.ee\/epood\/?s={search_term_string}"},"query-input":{"@type":"PropertyValueSpecification","valueRequired":true,"valueName":"search_term_string"}}],"inLanguage":"et"}]}},"_links":{"self":[{"href":"https:\/\/espak.ee\/epood\/wp-json\/wp\/v2\/product\/18400","targetHints":{"allow":["GET"]}}],"collection":[{"href":"https:\/\/espak.ee\/epood\/wp-json\/wp\/v2\/product"}],"about":[{"href":"https:\/\/espak.ee\/epood\/wp-json\/wp\/v2\/types\/product"}],"replies":[{"embeddable":true,"href":"https:\/\/espak.ee\/epood\/wp-json\/wp\/v2\/comments?post=18400"}],"wp:featuredmedia":[{"embeddable":true,"href":"https:\/\/espak.ee\/epood\/wp-json\/wp\/v2\/media\/113087"}],"wp:attachment":[{"href":"https:\/\/espak.ee\/epood\/wp-json\/wp\/v2\/media?parent=18400"}],"wp:term":[{"taxonomy":"product_brand","embeddable":true,"href":"https:\/\/espak.ee\/epood\/wp-json\/wp\/v2\/product_brand?post=18400"},{"taxonomy":"product_cat","embeddable":true,"href":"https:\/\/espak.ee\/epood\/wp-json\/wp\/v2\/product_cat?post=18400"},{"taxonomy":"product_tag","embeddable":true,"href":"https:\/\/espak.ee\/epood\/wp-json\/wp\/v2\/product_tag?post=18400"}],"curies":[{"name":"wp","href":"https:\/\/api.w.org\/{rel}","templated":true}]}}