{"id":18394,"date":"2020-04-04T03:40:26","date_gmt":"2020-04-04T00:40:26","guid":{"rendered":"https:\/\/espak.ee\/hinnakiri\/?post_type=product&#038;p=18394"},"modified":"2024-03-22T23:51:56","modified_gmt":"2024-03-22T21:51:56","slug":"keraamilise-kuttekehaga-boiler-atlantic-steatite-80l","status":"publish","type":"product","link":"https:\/\/espak.ee\/epood\/toode\/keraamilise-kuttekehaga-boiler-atlantic-steatite-80l\/","title":{"rendered":"KERAAMILISE K\u00dcTTEKEHAGA BOILER ATLANTIC STEATITE 1,5KW 80L"},"content":{"rendered":"<div class=\"row\"  id=\"row-1928107591\">\n\n\t<div id=\"col-887285715\" class=\"col medium-9 small-12 large-9\"  >\n\t\t\t\t<div class=\"col-inner\"  >\n\t\t\t\n\t\t\t\n<h2>Keraamikk\u00fcttekehaga Atlantic boiler<\/h2>\n<p>Kaasaegse disainiga soojaveeboilerid, termoreguleering on toodud esipaneelile. Keraamiline, veega mitte kokku puutuv k\u00fcttekeha asub h\u00fclsis \u2013 katlakivi teke h\u00fclsi pinnale on minimaalne.<\/p>\n<div class=\"message-box relative\" style=\"padding-top:15px;padding-bottom:15px;\"><div class=\"message-box-bg-image bg-fill fill\" ><\/div><div class=\"message-box-bg-overlay bg-fill fill\" ><\/div><div class=\"container relative\"><div class=\"inner last-reset\">\n<div class=\"row align-middle align-center\"  id=\"row-1111846943\">\n\n\t<div id=\"col-552711557\" class=\"col small-12 large-12\"  >\n\t\t\t\t<div class=\"col-inner text-left\"  >\n\t\t\t\n\t\t\t\n<h4>Omadused<\/h4>\n<div class=\"row\"  id=\"row-399849319\">\n\n\t<div id=\"col-1028377560\" class=\"col medium-6 small-12 large-6\"  >\n\t\t\t\t<div class=\"col-inner\"  >\n\t\t\t\n\t\t\t\n<p><i class=\"fa fa-check fa-2x\"><\/i> <strong>Paigaldatav seinale vertikaalselt<\/strong><\/p>\n<p><i class=\"fa fa-check fa-2x\"><\/i> <strong>Kapillaartermostaat<\/strong><\/p>\n\t\t<\/div>\n\t\t\t\t\n<style>\n#col-1028377560 > .col-inner {\n  margin: 0px 0px 15px 0px;\n}\n<\/style>\n\t<\/div>\n\n\t\n\n\t<div id=\"col-1858985778\" class=\"col medium-6 small-12 large-6\"  >\n\t\t\t\t<div class=\"col-inner\"  >\n\t\t\t\n\t\t\t\n<p><i class=\"fa fa-check fa-2x\"><\/i> <strong>Termoregulaatornupp esipaneelil<\/strong><\/p>\n<p><i class=\"fa fa-check fa-2x\"><\/i> <strong>Termose sisepind emailleeritud<\/strong><\/p>\n\t\t<\/div>\n\t\t\t\t\n<style>\n#col-1858985778 > .col-inner {\n  margin: 0px 0px 15px 0px;\n}\n<\/style>\n\t<\/div>\n\n\t\n<\/div>\n\t\t<\/div>\n\t\t\t\t\t<\/div>\n\n\t\n<\/div>\n<\/div><\/div><\/div>\n\t<div id=\"gap-1564981742\" class=\"gap-element clearfix\" style=\"display:block; height:auto;\">\n\t\t\n<style>\n#gap-1564981742 {\n  padding-top: 30px;\n}\n<\/style>\n\t<\/div>\n\t\n\t\t<\/div>\n\t\t\t\t\t<\/div>\n\n\t\n\n\t<div id=\"col-1883931286\" class=\"col medium-3 small-12 large-3\"  >\n\t\t\t\t<div class=\"col-inner\"  >\n\t\t\t\n\t\t\t\n\t<div id=\"gap-683438380\" class=\"gap-element clearfix\" style=\"display:block; height:auto;\">\n\t\t\n<style>\n#gap-683438380 {\n  padding-top: 30px;\n}\n<\/style>\n\t<\/div>\n\t\n<h3>Kasutusjuhend<\/h3>\n<p><a href=\"https:\/\/espak.ee\/epood\/wp-content\/uploads\/Paigaldus-ja-kasutusjuhend-OPRO-PC-SLIM-STEATITE.pdf\" target=\"_blank\" rel=\"noopener noreferrer\"><i class=\"far fa-file-pdf\"><\/i> Kasutusjuhend (PDF)<\/a><\/p>\n<h3>Tehniline informatsioon<\/h3>\n<p><a href=\"https:\/\/espak.ee\/epood\/wp-content\/uploads\/Kataloog-STEATITE.pdf\" target=\"_blank\" rel=\"noopener noreferrer\"><i class=\"far fa-file-pdf\"><\/i> Tehniline info (PDF)<\/a><\/p>\n<div class=\"is-divider divider clearfix\" ><\/div>\n<p><strong>\u00dcksikasjalikuma n\u00f5u saamiseks v\u00f5tke \u00fchendust:<br \/><\/strong>PLASTOR AS<br \/>Hoiu 7<br \/>76401<br \/>Laagri, Harju maakond<br \/>+372 6796756<\/p>\n<div class=\"is-divider divider clearfix\" ><\/div>\n\t\t<\/div>\n\t\t\t\t\t<\/div>\n\n\t\n<\/div>\n","protected":false},"excerpt":{"rendered":"","protected":false},"featured_media":19866,"comment_status":"closed","ping_status":"open","template":"","meta":[],"product_brand":[],"product_cat":[3038,3037,2819,2820],"product_tag":[],"class_list":{"0":"post-18394","1":"product","2":"type-product","3":"status-publish","4":"has-post-thumbnail","6":"product_cat-boilerid","7":"product_cat-elektriboilerid","8":"product_cat-sanitaartehnika","9":"product_cat-sanitaartehnika-sanitaartehnika","10":"pa_kaubamark-plastor-as","12":"first","13":"outofstock","14":"sale","15":"taxable","16":"shipping-taxable","17":"purchasable","18":"product-type-simple"},"yoast_head":"<!-- This site is optimized with the Yoast SEO plugin v26.9 - https:\/\/yoast.com\/product\/yoast-seo-wordpress\/ -->\n<title>KERAAMILISE K\u00dcTTEKEHAGA BOILER ATLANTIC STEATITE 1,5KW 80L - Espak E-pood<\/title>\n<meta name=\"robots\" content=\"index, follow, max-snippet:-1, max-image-preview:large, max-video-preview:-1\" \/>\n<link rel=\"canonical\" href=\"https:\/\/espak.ee\/epood\/toode\/keraamilise-kuttekehaga-boiler-atlantic-steatite-80l\/\" \/>\n<meta property=\"og:locale\" content=\"et_EE\" \/>\n<meta property=\"og:type\" content=\"article\" \/>\n<meta property=\"og:title\" content=\"KERAAMILISE K\u00dcTTEKEHAGA BOILER ATLANTIC STEATITE 1,5KW 80L - Espak E-pood\" \/>\n<meta property=\"og:url\" content=\"https:\/\/espak.ee\/epood\/toode\/keraamilise-kuttekehaga-boiler-atlantic-steatite-80l\/\" \/>\n<meta property=\"og:site_name\" content=\"Espak E-pood\" \/>\n<meta property=\"article:modified_time\" content=\"2024-03-22T21:51:56+00:00\" \/>\n<meta property=\"og:image\" content=\"https:\/\/espak.ee\/epood\/wp-content\/uploads\/KERAAMILISE-K\u00dcTTEKEHAGA-BOILER-ATLANTIC-STEATITE.jpg\" \/>\n\t<meta property=\"og:image:width\" content=\"2048\" \/>\n\t<meta property=\"og:image:height\" content=\"2048\" \/>\n\t<meta property=\"og:image:type\" content=\"image\/jpeg\" \/>\n<meta name=\"twitter:card\" content=\"summary_large_image\" \/>\n<meta name=\"twitter:label1\" content=\"Est. reading time\" \/>\n\t<meta name=\"twitter:data1\" content=\"1 minut\" \/>\n<script type=\"application\/ld+json\" class=\"yoast-schema-graph\">{\"@context\":\"https:\/\/schema.org\",\"@graph\":[{\"@type\":\"WebPage\",\"@id\":\"https:\/\/espak.ee\/epood\/toode\/keraamilise-kuttekehaga-boiler-atlantic-steatite-80l\/\",\"url\":\"https:\/\/espak.ee\/epood\/toode\/keraamilise-kuttekehaga-boiler-atlantic-steatite-80l\/\",\"name\":\"KERAAMILISE K\u00dcTTEKEHAGA BOILER ATLANTIC STEATITE 1,5KW 80L - Espak E-pood\",\"isPartOf\":{\"@id\":\"https:\/\/espak.ee\/epood\/#website\"},\"primaryImageOfPage\":{\"@id\":\"https:\/\/espak.ee\/epood\/toode\/keraamilise-kuttekehaga-boiler-atlantic-steatite-80l\/#primaryimage\"},\"image\":{\"@id\":\"https:\/\/espak.ee\/epood\/toode\/keraamilise-kuttekehaga-boiler-atlantic-steatite-80l\/#primaryimage\"},\"thumbnailUrl\":\"https:\/\/espak.ee\/epood\/wp-content\/uploads\/KERAAMILISE-K\u00dcTTEKEHAGA-BOILER-ATLANTIC-STEATITE.jpg\",\"datePublished\":\"2020-04-04T00:40:26+00:00\",\"dateModified\":\"2024-03-22T21:51:56+00:00\",\"breadcrumb\":{\"@id\":\"https:\/\/espak.ee\/epood\/toode\/keraamilise-kuttekehaga-boiler-atlantic-steatite-80l\/#breadcrumb\"},\"inLanguage\":\"et\",\"potentialAction\":[{\"@type\":\"ReadAction\",\"target\":[\"https:\/\/espak.ee\/epood\/toode\/keraamilise-kuttekehaga-boiler-atlantic-steatite-80l\/\"]}]},{\"@type\":\"ImageObject\",\"inLanguage\":\"et\",\"@id\":\"https:\/\/espak.ee\/epood\/toode\/keraamilise-kuttekehaga-boiler-atlantic-steatite-80l\/#primaryimage\",\"url\":\"https:\/\/espak.ee\/epood\/wp-content\/uploads\/KERAAMILISE-K\u00dcTTEKEHAGA-BOILER-ATLANTIC-STEATITE.jpg\",\"contentUrl\":\"https:\/\/espak.ee\/epood\/wp-content\/uploads\/KERAAMILISE-K\u00dcTTEKEHAGA-BOILER-ATLANTIC-STEATITE.jpg\",\"width\":2048,\"height\":2048},{\"@type\":\"BreadcrumbList\",\"@id\":\"https:\/\/espak.ee\/epood\/toode\/keraamilise-kuttekehaga-boiler-atlantic-steatite-80l\/#breadcrumb\",\"itemListElement\":[{\"@type\":\"ListItem\",\"position\":1,\"name\":\"Home\",\"item\":\"https:\/\/espak.ee\/epood\/\"},{\"@type\":\"ListItem\",\"position\":2,\"name\":\"Tootevalik\",\"item\":\"https:\/\/espak.ee\/epood\/tootevalik\/\"},{\"@type\":\"ListItem\",\"position\":3,\"name\":\"KERAAMILISE K\u00dcTTEKEHAGA BOILER ATLANTIC STEATITE 1,5KW 80L\"}]},{\"@type\":\"WebSite\",\"@id\":\"https:\/\/espak.ee\/epood\/#website\",\"url\":\"https:\/\/espak.ee\/epood\/\",\"name\":\"Espak E-pood\",\"description\":\"\",\"potentialAction\":[{\"@type\":\"SearchAction\",\"target\":{\"@type\":\"EntryPoint\",\"urlTemplate\":\"https:\/\/espak.ee\/epood\/?s={search_term_string}\"},\"query-input\":{\"@type\":\"PropertyValueSpecification\",\"valueRequired\":true,\"valueName\":\"search_term_string\"}}],\"inLanguage\":\"et\"}]}<\/script>\n<!-- \/ Yoast SEO plugin. -->","yoast_head_json":{"title":"KERAAMILISE K\u00dcTTEKEHAGA BOILER ATLANTIC STEATITE 1,5KW 80L - Espak E-pood","robots":{"index":"index","follow":"follow","max-snippet":"max-snippet:-1","max-image-preview":"max-image-preview:large","max-video-preview":"max-video-preview:-1"},"canonical":"https:\/\/espak.ee\/epood\/toode\/keraamilise-kuttekehaga-boiler-atlantic-steatite-80l\/","og_locale":"et_EE","og_type":"article","og_title":"KERAAMILISE K\u00dcTTEKEHAGA BOILER ATLANTIC STEATITE 1,5KW 80L - Espak E-pood","og_url":"https:\/\/espak.ee\/epood\/toode\/keraamilise-kuttekehaga-boiler-atlantic-steatite-80l\/","og_site_name":"Espak E-pood","article_modified_time":"2024-03-22T21:51:56+00:00","og_image":[{"width":2048,"height":2048,"url":"https:\/\/espak.ee\/epood\/wp-content\/uploads\/KERAAMILISE-K\u00dcTTEKEHAGA-BOILER-ATLANTIC-STEATITE.jpg","type":"image\/jpeg"}],"twitter_card":"summary_large_image","twitter_misc":{"Est. reading time":"1 minut"},"schema":{"@context":"https:\/\/schema.org","@graph":[{"@type":"WebPage","@id":"https:\/\/espak.ee\/epood\/toode\/keraamilise-kuttekehaga-boiler-atlantic-steatite-80l\/","url":"https:\/\/espak.ee\/epood\/toode\/keraamilise-kuttekehaga-boiler-atlantic-steatite-80l\/","name":"KERAAMILISE K\u00dcTTEKEHAGA BOILER ATLANTIC STEATITE 1,5KW 80L - Espak E-pood","isPartOf":{"@id":"https:\/\/espak.ee\/epood\/#website"},"primaryImageOfPage":{"@id":"https:\/\/espak.ee\/epood\/toode\/keraamilise-kuttekehaga-boiler-atlantic-steatite-80l\/#primaryimage"},"image":{"@id":"https:\/\/espak.ee\/epood\/toode\/keraamilise-kuttekehaga-boiler-atlantic-steatite-80l\/#primaryimage"},"thumbnailUrl":"https:\/\/espak.ee\/epood\/wp-content\/uploads\/KERAAMILISE-K\u00dcTTEKEHAGA-BOILER-ATLANTIC-STEATITE.jpg","datePublished":"2020-04-04T00:40:26+00:00","dateModified":"2024-03-22T21:51:56+00:00","breadcrumb":{"@id":"https:\/\/espak.ee\/epood\/toode\/keraamilise-kuttekehaga-boiler-atlantic-steatite-80l\/#breadcrumb"},"inLanguage":"et","potentialAction":[{"@type":"ReadAction","target":["https:\/\/espak.ee\/epood\/toode\/keraamilise-kuttekehaga-boiler-atlantic-steatite-80l\/"]}]},{"@type":"ImageObject","inLanguage":"et","@id":"https:\/\/espak.ee\/epood\/toode\/keraamilise-kuttekehaga-boiler-atlantic-steatite-80l\/#primaryimage","url":"https:\/\/espak.ee\/epood\/wp-content\/uploads\/KERAAMILISE-K\u00dcTTEKEHAGA-BOILER-ATLANTIC-STEATITE.jpg","contentUrl":"https:\/\/espak.ee\/epood\/wp-content\/uploads\/KERAAMILISE-K\u00dcTTEKEHAGA-BOILER-ATLANTIC-STEATITE.jpg","width":2048,"height":2048},{"@type":"BreadcrumbList","@id":"https:\/\/espak.ee\/epood\/toode\/keraamilise-kuttekehaga-boiler-atlantic-steatite-80l\/#breadcrumb","itemListElement":[{"@type":"ListItem","position":1,"name":"Home","item":"https:\/\/espak.ee\/epood\/"},{"@type":"ListItem","position":2,"name":"Tootevalik","item":"https:\/\/espak.ee\/epood\/tootevalik\/"},{"@type":"ListItem","position":3,"name":"KERAAMILISE K\u00dcTTEKEHAGA BOILER ATLANTIC STEATITE 1,5KW 80L"}]},{"@type":"WebSite","@id":"https:\/\/espak.ee\/epood\/#website","url":"https:\/\/espak.ee\/epood\/","name":"Espak E-pood","description":"","potentialAction":[{"@type":"SearchAction","target":{"@type":"EntryPoint","urlTemplate":"https:\/\/espak.ee\/epood\/?s={search_term_string}"},"query-input":{"@type":"PropertyValueSpecification","valueRequired":true,"valueName":"search_term_string"}}],"inLanguage":"et"}]}},"_links":{"self":[{"href":"https:\/\/espak.ee\/epood\/wp-json\/wp\/v2\/product\/18394","targetHints":{"allow":["GET"]}}],"collection":[{"href":"https:\/\/espak.ee\/epood\/wp-json\/wp\/v2\/product"}],"about":[{"href":"https:\/\/espak.ee\/epood\/wp-json\/wp\/v2\/types\/product"}],"replies":[{"embeddable":true,"href":"https:\/\/espak.ee\/epood\/wp-json\/wp\/v2\/comments?post=18394"}],"wp:featuredmedia":[{"embeddable":true,"href":"https:\/\/espak.ee\/epood\/wp-json\/wp\/v2\/media\/19866"}],"wp:attachment":[{"href":"https:\/\/espak.ee\/epood\/wp-json\/wp\/v2\/media?parent=18394"}],"wp:term":[{"taxonomy":"product_brand","embeddable":true,"href":"https:\/\/espak.ee\/epood\/wp-json\/wp\/v2\/product_brand?post=18394"},{"taxonomy":"product_cat","embeddable":true,"href":"https:\/\/espak.ee\/epood\/wp-json\/wp\/v2\/product_cat?post=18394"},{"taxonomy":"product_tag","embeddable":true,"href":"https:\/\/espak.ee\/epood\/wp-json\/wp\/v2\/product_tag?post=18394"}],"curies":[{"name":"wp","href":"https:\/\/api.w.org\/{rel}","templated":true}]}}