{"id":183581,"date":"2023-12-14T05:05:02","date_gmt":"2023-12-14T03:05:02","guid":{"rendered":"https:\/\/espak.ee\/epood\/?post_type=product&#038;p=183581"},"modified":"2026-02-24T11:33:13","modified_gmt":"2026-02-24T09:33:13","slug":"isolatsiooniplaat-1212002700-mm","status":"publish","type":"product","link":"https:\/\/espak.ee\/epood\/toode\/isolatsiooniplaat-1212002700-mm\/","title":{"rendered":"ISOLATSIOONIPLAAT 12*1200*2700 MM"},"content":{"rendered":"<div class=\"row\"  id=\"row-649049182\">\n\n\t<div id=\"col-1357865752\" class=\"col medium-9 small-12 large-9\"  >\n\t\t\t\t<div class=\"col-inner\"  >\n\t\t\t\n\t\t\t\n<h3>Isolatsiooniplaat 12*1200*2700mm<\/h3>\n<p>Isolatsiooniplaate kasutatakse siseruumides seina -, lae- ja p\u00f5randakonstruktsioonides lisasoojustamiseks, heli summutamiseks ja konstruktsiooni j\u00e4ikuse t\u00f5stmiseks.<\/p>\n<div class=\"message-box relative\" style=\"padding-top:15px;padding-bottom:15px;\"><div class=\"message-box-bg-image bg-fill fill\" ><\/div><div class=\"message-box-bg-overlay bg-fill fill\" ><\/div><div class=\"container relative\"><div class=\"inner last-reset\">\n<div class=\"row align-middle align-center\"  id=\"row-1307949099\">\n\n\t<div id=\"col-2008742866\" class=\"col small-12 large-12\"  >\n\t\t\t\t<div class=\"col-inner text-left\"  >\n\t\t\t\n\t\t\t\n<h4>Omadused<\/h4>\n<div class=\"row\"  id=\"row-1620303488\">\n\n\t<div id=\"col-821615564\" class=\"col medium-6 small-12 large-6\"  >\n\t\t\t\t<div class=\"col-inner\"  >\n\t\t\t\n\t\t\t\n<p><i class=\"fa fa-check fa-2x\"><\/i> <strong>Lihtne t\u00f6\u00f6delda ja paigaldada<\/strong><\/p>\n<p><i class=\"fa fa-check fa-2x\"><\/i> <strong>Looduslik ja hingav materjal, 100% puitkiud<\/strong><\/p>\n\t\t<\/div>\n\t\t\t\t\n<style>\n#col-821615564 > .col-inner {\n  margin: 0px 0px 15px 0px;\n}\n<\/style>\n\t<\/div>\n\n\t\n\n\t<div id=\"col-1130370404\" class=\"col medium-6 small-12 large-6\"  >\n\t\t\t\t<div class=\"col-inner\"  >\n\t\t\t\n\t\t\t\n<p><i class=\"fa fa-check fa-2x\"><\/i> <strong>Sobib ehitusvillade ja puistematerjalide toestuseks<\/strong><\/p>\n<p><i class=\"fa fa-check fa-2x\"><\/i> <strong>T\u00e4iendav soojusisolatsioon<\/strong><\/p>\n\t\t<\/div>\n\t\t\t\t\n<style>\n#col-1130370404 > .col-inner {\n  margin: 0px 0px 15px 0px;\n}\n<\/style>\n\t<\/div>\n\n\t\n<\/div>\n\t\t<\/div>\n\t\t\t\t\t<\/div>\n\n\t\n<\/div>\n<\/div><\/div><\/div>\n\t<div id=\"gap-1993630569\" class=\"gap-element clearfix\" style=\"display:block; height:auto;\">\n\t\t\n<style>\n#gap-1993630569 {\n  padding-top: 30px;\n}\n<\/style>\n\t<\/div>\n\t\n<p>Ehitusvaldkonnale lisaks kasutatakse isolatsiooniplaati veel:<br \/>\n&#8211; Pakkematerjaliks<br \/>\n&#8211; M\u00e4rkmetahvlite valmistamiseks<br \/>\n&#8211; S\u00fc\u00fctekuubikute valmistamiseks<br \/>\n&#8211; K\u00fc\u00fcnlatahtideks<br \/>\n&#8211; Vibu m\u00e4rklaudadeks<\/p>\n<p><strong>Paigaldus: <\/strong>Soojustusplaate on soovitav enne paigaldamist samas ruumis 2-3 \u00f6\u00f6p\u00e4eva \u00f5hutada, et plaatide niiskus tasakaalustuks \u00fcmbritseva \u00f5hu niiskusega. Selleks asetatakse plaadid serviti ning nende alla ja vahele pannakse latid, et oleks tagatud \u00f5hu ligip\u00e4\u00e4s plaatide pinnale.<\/p>\n<p>Puitalusele kinnitatakse soojustusplaadid naeltega v\u00f5i klambritega. Kasutada soovitavalt tsingitud laiapealisi naelu. Naelad v\u00f5i klambrid l\u00fc\u00fcakse puitkiudplaadi servadest 10-20 mm kaugusele 150 mm vahedega ning keskel 300 mm vahedega. 12 mm paksuse plaadi korral kasutatakse 40&#215;2,2 mm naelu v\u00f5i 1,7x25x32 klambreid. 25 mm paksuse plaadi korral 70&#215;2,5 mm naelu v\u00f5i 1,7x25x58 klambreid. Kui soojustusplaadid kaetakse tapeediga, on soovitatav keskmiste naelaridade vahekauguseks mitte \u00fcle 400 mm.<\/p>\n<p>Kiviseinale liimimiseks kasutatakse ehitusliimi (nt. Soudal vms.). Aluspind peab olema tasane ja tolmuvaba. Liimitriibud tuleb kanda plaadi tagak\u00fcljele 30 mm kaugusele plaadi servadest. Plaadi keskele umbes 200 mm vahedega kanda liimit\u00e4pid. Vajadusel tuleb plaadid toestada. Liimi kasutamisel j\u00e4lgida tootja juhiseid.<\/p>\n<p>Soojustusplaate v\u00f5ib katta tapeedi, v\u00e4rvi v\u00f5i krohviga. Naelapead ja plaatide \u00fchenduskohad eelnevalt pahteldada. Tapetseerimiseks tuleb nakkuvuse t\u00f5stmiseks soojustusplaadid kruntida eelnevalt nakkedispersiooni v\u00f5i tapeediliimiga. Tapeedi paigaldamisel j\u00e4lgida tapeedi ja tapeediliimi kasutusjuhiseid. Soovitatav kasutada tavalisest kangemat liimilahust (see muudab tapeedi aluskihi j\u00e4igemaks).<\/p>\n<p>Soojustusplaate v\u00f5ib transportida vaid kinnise autoga &#8211; ilmastikum\u00f5jude eest kaitstult. Tootja j\u00e4tab endale \u00f5iguse muuta pakendamisviisi ja kauba koguseid alustel.<\/p>\n\t\t<\/div>\n\t\t\t\t\t<\/div>\n\n\t\n\n\t<div id=\"col-1976348405\" class=\"col medium-3 small-12 large-3\"  >\n\t\t\t\t<div class=\"col-inner\"  >\n\t\t\t\n\t\t\t\n\t<div id=\"gap-267724802\" class=\"gap-element clearfix\" style=\"display:block; height:auto;\">\n\t\t\n<style>\n#gap-267724802 {\n  padding-top: 30px;\n}\n<\/style>\n\t<\/div>\n\t\n<h3>Infoleht<\/h3>\n<p><a href=\"https:\/\/espak.ee\/epood\/wp-content\/uploads\/2023\/12\/tooteleht_isolatsiooniplaat_a4_WEB_2021.pdf\"target=\"_blank\" rel=\"noopener noreferrer\"><i class=\"far fa-file-pdf\"><\/i> Tooteleht (PDF)<\/a><\/p>\n<div class=\"is-divider divider clearfix\" ><\/div>\n<p><strong>\u00dcksikasjalikuma n\u00f5u saamiseks v\u00f5tke \u00fchendust:<br \/><\/strong>NORDIC FIBREBOARD LTD O\u00dc<br \/>R\u00e4\u00e4ma 31<br \/>80044<br \/>P\u00e4rnu<br \/>+372 445 1800<\/p>\n\t\t<\/div>\n\t\t\t\t\t<\/div>\n\n\t\n<\/div>\n","protected":false},"excerpt":{"rendered":"","protected":false},"featured_media":183835,"comment_status":"closed","ping_status":"closed","template":"","meta":[],"product_brand":[],"product_cat":[2718,3677,4780,2697],"product_tag":[],"class_list":{"0":"post-183581","1":"product","2":"type-product","3":"status-publish","4":"has-post-thumbnail","6":"product_cat-isolatsioonimaterjalid","7":"product_cat-isolatsiooniplaat-ja-heliisolatsioon","8":"product_cat-standardplaadid","9":"product_cat-uldehitus","11":"first","12":"instock","13":"sale","14":"taxable","15":"shipping-taxable","16":"purchasable","17":"product-type-simple"},"yoast_head":"<!-- This site is optimized with the Yoast SEO plugin v26.9 - https:\/\/yoast.com\/product\/yoast-seo-wordpress\/ -->\n<title>ISOLATSIOONIPLAAT 12*1200*2700 MM - Espak E-pood<\/title>\n<meta name=\"robots\" content=\"index, follow, max-snippet:-1, max-image-preview:large, max-video-preview:-1\" \/>\n<link rel=\"canonical\" href=\"https:\/\/espak.ee\/epood\/toode\/isolatsiooniplaat-1212002700-mm\/\" \/>\n<meta property=\"og:locale\" content=\"et_EE\" \/>\n<meta property=\"og:type\" content=\"article\" \/>\n<meta property=\"og:title\" content=\"ISOLATSIOONIPLAAT 12*1200*2700 MM - Espak E-pood\" \/>\n<meta property=\"og:url\" content=\"https:\/\/espak.ee\/epood\/toode\/isolatsiooniplaat-1212002700-mm\/\" \/>\n<meta property=\"og:site_name\" content=\"Espak E-pood\" \/>\n<meta property=\"article:modified_time\" content=\"2026-02-24T09:33:13+00:00\" \/>\n<meta property=\"og:image\" content=\"https:\/\/espak.ee\/epood\/wp-content\/uploads\/2023\/12\/Isoplaat-scaled-e1702649438965.jpg\" \/>\n\t<meta property=\"og:image:width\" content=\"1365\" \/>\n\t<meta property=\"og:image:height\" content=\"1365\" \/>\n\t<meta property=\"og:image:type\" content=\"image\/jpeg\" \/>\n<meta name=\"twitter:card\" content=\"summary_large_image\" \/>\n<meta name=\"twitter:label1\" content=\"Est. reading time\" \/>\n\t<meta name=\"twitter:data1\" content=\"2 minutit\" \/>\n<script type=\"application\/ld+json\" class=\"yoast-schema-graph\">{\"@context\":\"https:\/\/schema.org\",\"@graph\":[{\"@type\":\"WebPage\",\"@id\":\"https:\/\/espak.ee\/epood\/toode\/isolatsiooniplaat-1212002700-mm\/\",\"url\":\"https:\/\/espak.ee\/epood\/toode\/isolatsiooniplaat-1212002700-mm\/\",\"name\":\"ISOLATSIOONIPLAAT 12*1200*2700 MM - Espak E-pood\",\"isPartOf\":{\"@id\":\"https:\/\/espak.ee\/epood\/#website\"},\"primaryImageOfPage\":{\"@id\":\"https:\/\/espak.ee\/epood\/toode\/isolatsiooniplaat-1212002700-mm\/#primaryimage\"},\"image\":{\"@id\":\"https:\/\/espak.ee\/epood\/toode\/isolatsiooniplaat-1212002700-mm\/#primaryimage\"},\"thumbnailUrl\":\"https:\/\/espak.ee\/epood\/wp-content\/uploads\/2023\/12\/Isoplaat-scaled-e1702649438965.jpg\",\"datePublished\":\"2023-12-14T03:05:02+00:00\",\"dateModified\":\"2026-02-24T09:33:13+00:00\",\"breadcrumb\":{\"@id\":\"https:\/\/espak.ee\/epood\/toode\/isolatsiooniplaat-1212002700-mm\/#breadcrumb\"},\"inLanguage\":\"et\",\"potentialAction\":[{\"@type\":\"ReadAction\",\"target\":[\"https:\/\/espak.ee\/epood\/toode\/isolatsiooniplaat-1212002700-mm\/\"]}]},{\"@type\":\"ImageObject\",\"inLanguage\":\"et\",\"@id\":\"https:\/\/espak.ee\/epood\/toode\/isolatsiooniplaat-1212002700-mm\/#primaryimage\",\"url\":\"https:\/\/espak.ee\/epood\/wp-content\/uploads\/2023\/12\/Isoplaat-scaled-e1702649438965.jpg\",\"contentUrl\":\"https:\/\/espak.ee\/epood\/wp-content\/uploads\/2023\/12\/Isoplaat-scaled-e1702649438965.jpg\",\"width\":1365,\"height\":1365},{\"@type\":\"BreadcrumbList\",\"@id\":\"https:\/\/espak.ee\/epood\/toode\/isolatsiooniplaat-1212002700-mm\/#breadcrumb\",\"itemListElement\":[{\"@type\":\"ListItem\",\"position\":1,\"name\":\"Home\",\"item\":\"https:\/\/espak.ee\/epood\/\"},{\"@type\":\"ListItem\",\"position\":2,\"name\":\"Tootevalik\",\"item\":\"https:\/\/espak.ee\/epood\/tootevalik\/\"},{\"@type\":\"ListItem\",\"position\":3,\"name\":\"ISOLATSIOONIPLAAT 12*1200*2700 MM\"}]},{\"@type\":\"WebSite\",\"@id\":\"https:\/\/espak.ee\/epood\/#website\",\"url\":\"https:\/\/espak.ee\/epood\/\",\"name\":\"Espak E-pood\",\"description\":\"\",\"potentialAction\":[{\"@type\":\"SearchAction\",\"target\":{\"@type\":\"EntryPoint\",\"urlTemplate\":\"https:\/\/espak.ee\/epood\/?s={search_term_string}\"},\"query-input\":{\"@type\":\"PropertyValueSpecification\",\"valueRequired\":true,\"valueName\":\"search_term_string\"}}],\"inLanguage\":\"et\"}]}<\/script>\n<!-- \/ Yoast SEO plugin. -->","yoast_head_json":{"title":"ISOLATSIOONIPLAAT 12*1200*2700 MM - Espak E-pood","robots":{"index":"index","follow":"follow","max-snippet":"max-snippet:-1","max-image-preview":"max-image-preview:large","max-video-preview":"max-video-preview:-1"},"canonical":"https:\/\/espak.ee\/epood\/toode\/isolatsiooniplaat-1212002700-mm\/","og_locale":"et_EE","og_type":"article","og_title":"ISOLATSIOONIPLAAT 12*1200*2700 MM - Espak E-pood","og_url":"https:\/\/espak.ee\/epood\/toode\/isolatsiooniplaat-1212002700-mm\/","og_site_name":"Espak E-pood","article_modified_time":"2026-02-24T09:33:13+00:00","og_image":[{"width":1365,"height":1365,"url":"https:\/\/espak.ee\/epood\/wp-content\/uploads\/2023\/12\/Isoplaat-scaled-e1702649438965.jpg","type":"image\/jpeg"}],"twitter_card":"summary_large_image","twitter_misc":{"Est. reading time":"2 minutit"},"schema":{"@context":"https:\/\/schema.org","@graph":[{"@type":"WebPage","@id":"https:\/\/espak.ee\/epood\/toode\/isolatsiooniplaat-1212002700-mm\/","url":"https:\/\/espak.ee\/epood\/toode\/isolatsiooniplaat-1212002700-mm\/","name":"ISOLATSIOONIPLAAT 12*1200*2700 MM - Espak E-pood","isPartOf":{"@id":"https:\/\/espak.ee\/epood\/#website"},"primaryImageOfPage":{"@id":"https:\/\/espak.ee\/epood\/toode\/isolatsiooniplaat-1212002700-mm\/#primaryimage"},"image":{"@id":"https:\/\/espak.ee\/epood\/toode\/isolatsiooniplaat-1212002700-mm\/#primaryimage"},"thumbnailUrl":"https:\/\/espak.ee\/epood\/wp-content\/uploads\/2023\/12\/Isoplaat-scaled-e1702649438965.jpg","datePublished":"2023-12-14T03:05:02+00:00","dateModified":"2026-02-24T09:33:13+00:00","breadcrumb":{"@id":"https:\/\/espak.ee\/epood\/toode\/isolatsiooniplaat-1212002700-mm\/#breadcrumb"},"inLanguage":"et","potentialAction":[{"@type":"ReadAction","target":["https:\/\/espak.ee\/epood\/toode\/isolatsiooniplaat-1212002700-mm\/"]}]},{"@type":"ImageObject","inLanguage":"et","@id":"https:\/\/espak.ee\/epood\/toode\/isolatsiooniplaat-1212002700-mm\/#primaryimage","url":"https:\/\/espak.ee\/epood\/wp-content\/uploads\/2023\/12\/Isoplaat-scaled-e1702649438965.jpg","contentUrl":"https:\/\/espak.ee\/epood\/wp-content\/uploads\/2023\/12\/Isoplaat-scaled-e1702649438965.jpg","width":1365,"height":1365},{"@type":"BreadcrumbList","@id":"https:\/\/espak.ee\/epood\/toode\/isolatsiooniplaat-1212002700-mm\/#breadcrumb","itemListElement":[{"@type":"ListItem","position":1,"name":"Home","item":"https:\/\/espak.ee\/epood\/"},{"@type":"ListItem","position":2,"name":"Tootevalik","item":"https:\/\/espak.ee\/epood\/tootevalik\/"},{"@type":"ListItem","position":3,"name":"ISOLATSIOONIPLAAT 12*1200*2700 MM"}]},{"@type":"WebSite","@id":"https:\/\/espak.ee\/epood\/#website","url":"https:\/\/espak.ee\/epood\/","name":"Espak E-pood","description":"","potentialAction":[{"@type":"SearchAction","target":{"@type":"EntryPoint","urlTemplate":"https:\/\/espak.ee\/epood\/?s={search_term_string}"},"query-input":{"@type":"PropertyValueSpecification","valueRequired":true,"valueName":"search_term_string"}}],"inLanguage":"et"}]}},"_links":{"self":[{"href":"https:\/\/espak.ee\/epood\/wp-json\/wp\/v2\/product\/183581","targetHints":{"allow":["GET"]}}],"collection":[{"href":"https:\/\/espak.ee\/epood\/wp-json\/wp\/v2\/product"}],"about":[{"href":"https:\/\/espak.ee\/epood\/wp-json\/wp\/v2\/types\/product"}],"replies":[{"embeddable":true,"href":"https:\/\/espak.ee\/epood\/wp-json\/wp\/v2\/comments?post=183581"}],"wp:featuredmedia":[{"embeddable":true,"href":"https:\/\/espak.ee\/epood\/wp-json\/wp\/v2\/media\/183835"}],"wp:attachment":[{"href":"https:\/\/espak.ee\/epood\/wp-json\/wp\/v2\/media?parent=183581"}],"wp:term":[{"taxonomy":"product_brand","embeddable":true,"href":"https:\/\/espak.ee\/epood\/wp-json\/wp\/v2\/product_brand?post=183581"},{"taxonomy":"product_cat","embeddable":true,"href":"https:\/\/espak.ee\/epood\/wp-json\/wp\/v2\/product_cat?post=183581"},{"taxonomy":"product_tag","embeddable":true,"href":"https:\/\/espak.ee\/epood\/wp-json\/wp\/v2\/product_tag?post=183581"}],"curies":[{"name":"wp","href":"https:\/\/api.w.org\/{rel}","templated":true}]}}