{"id":182977,"date":"2023-12-07T05:05:03","date_gmt":"2023-12-07T03:05:03","guid":{"rendered":"https:\/\/espak.ee\/epood\/?post_type=product&#038;p=182977"},"modified":"2026-03-21T09:17:27","modified_gmt":"2026-03-21T07:17:27","slug":"intensiivne-pinnapuhastusvahend-glutoclean-075l","status":"publish","type":"product","link":"https:\/\/espak.ee\/epood\/toode\/intensiivne-pinnapuhastusvahend-glutoclean-075l\/","title":{"rendered":"INTENSIIVNE PINNAPUHASTUSVAHEND GLUTOCLEAN 0,75L"},"content":{"rendered":"<div class=\"row\"  id=\"row-820575271\">\n\n\t<div id=\"col-1714669672\" class=\"col medium-9 small-12 large-9\"  >\n\t\t\t\t<div class=\"col-inner\"  >\n\t\t\t\n\t\t\t\n<h2>Mitmek\u00fclgne ja t\u00f5hus puhastusvahend Glutoclean 0,75l<\/h2>\n<p>Eemaldab j\u00e4\u00e4kideta ja p\u00f5hjalikult:<br \/>\n&#8211; Rasvad<br \/>\n&#8211; Nikotiinij\u00e4\u00e4gid<br \/>\n&#8211; Muud m\u00e4\u00e4rdunud kihid<br \/>\n&#8211; Puhastab ja ei j\u00e4ta j\u00e4\u00e4ke<br \/>\n&#8211; Saab kasutada sise- kui v\u00e4litingimustes<\/p>\n<p><strong>Kasutusvaldkond: <\/strong><br \/>\nK\u00f5ik majapidamises pestavad pinnad nagu:<br \/>\nplastikaknad, uksed, p\u00f5randaliistud, kaablikanalid, radiaatorid, paneelid, k\u00f6\u00f6gikapid ja muud m\u00f6\u00f6bliesemed, trepipiirded ja k\u00e4sipuud, rulood, klaaspinnad ning muud sarnased materjalid.<\/p>\n<p><strong>Kasutamise \u00fcksikasjad:<\/strong><br \/>\nPiserdage vahendit m\u00e4\u00e4rdunud pinnale. Peale m\u00f5neminutilist toimeaega p\u00fchkige lahtitulnud mustus \u00e4ra ja p\u00fchkige \u00fcle puhta<br \/>\nniiske lapiga. Eriti t\u00f5rksa mustuse korral piserdage vahendit uuesti pinnale ja kasutage lisaks harja v\u00f5i k\u00e4sna.<br \/>\nEnne kasutamist kontrollige tundlike pindade sobivust silmapaistmatus kohas.\n<\/p>\n<p><strong>Hoiatused: <\/strong><br \/>\nP\u00f5hjustab silmade tugevat \u00e4rritust.<br \/>\nSilma sattumisel loputada hoolikalt veega.<br \/>\n Kanda kaitsekindaid.<\/p>\n\t\t<\/div>\n\t\t\t\t\t<\/div>\n\n\t\n\n\t<div id=\"col-1173087082\" class=\"col medium-3 small-12 large-3\"  >\n\t\t\t\t<div class=\"col-inner\"  >\n\t\t\t\n\t\t\t\n\t<div id=\"gap-424488897\" class=\"gap-element clearfix\" style=\"display:block; height:auto;\">\n\t\t\n<style>\n#gap-424488897 {\n  padding-top: 30px;\n}\n<\/style>\n\t<\/div>\n\t\n<div class=\"is-divider divider clearfix\" ><\/div>\n<p><strong>\u00dcksikasjalikuma n\u00f5u saamiseks v\u00f5tke \u00fchendust:<br \/><\/strong>Bonavista Trade O\u00dc<br \/>Kopli tn 63-4<br \/>Tallinn<br \/>+372 6500 046<\/p>\n<div class=\"is-divider divider clearfix\" ><\/div>\n\t\t<\/div>\n\t\t\t\t\t<\/div>\n\n\t\n<\/div>\n","protected":false},"excerpt":{"rendered":"","protected":false},"featured_media":183066,"comment_status":"closed","ping_status":"closed","template":"","meta":[],"product_brand":[],"product_cat":[2691,3441,2684,2683],"product_tag":[],"class_list":{"0":"post-182977","1":"product","2":"type-product","3":"status-publish","4":"has-post-thumbnail","6":"product_cat-lahustid","7":"product_cat-lahustid-ja-pesuained","8":"product_cat-varvid-lakid-lahustid-puidukaitsed-olid","9":"product_cat-viimistluskaubad","11":"first","12":"instock","13":"sale","14":"taxable","15":"shipping-taxable","16":"purchasable","17":"product-type-simple"},"yoast_head":"<!-- This site is optimized with the Yoast SEO plugin v26.9 - https:\/\/yoast.com\/product\/yoast-seo-wordpress\/ -->\n<title>INTENSIIVNE PINNAPUHASTUSVAHEND GLUTOCLEAN 0,75L - Espak E-pood<\/title>\n<meta name=\"robots\" content=\"index, follow, max-snippet:-1, max-image-preview:large, max-video-preview:-1\" \/>\n<link rel=\"canonical\" href=\"https:\/\/espak.ee\/epood\/toode\/intensiivne-pinnapuhastusvahend-glutoclean-075l\/\" \/>\n<meta property=\"og:locale\" content=\"et_EE\" \/>\n<meta property=\"og:type\" content=\"article\" \/>\n<meta property=\"og:title\" content=\"INTENSIIVNE PINNAPUHASTUSVAHEND GLUTOCLEAN 0,75L - Espak E-pood\" \/>\n<meta property=\"og:url\" content=\"https:\/\/espak.ee\/epood\/toode\/intensiivne-pinnapuhastusvahend-glutoclean-075l\/\" \/>\n<meta property=\"og:site_name\" content=\"Espak E-pood\" \/>\n<meta property=\"article:modified_time\" content=\"2026-03-21T07:17:27+00:00\" \/>\n<meta property=\"og:image\" content=\"https:\/\/espak.ee\/epood\/wp-content\/uploads\/2023\/12\/4044899430025.600x0.jpg\" \/>\n\t<meta property=\"og:image:width\" content=\"800\" \/>\n\t<meta property=\"og:image:height\" content=\"800\" \/>\n\t<meta property=\"og:image:type\" content=\"image\/jpeg\" \/>\n<meta name=\"twitter:card\" content=\"summary_large_image\" \/>\n<meta name=\"twitter:label1\" content=\"Est. reading time\" \/>\n\t<meta name=\"twitter:data1\" content=\"1 minut\" \/>\n<script type=\"application\/ld+json\" class=\"yoast-schema-graph\">{\"@context\":\"https:\/\/schema.org\",\"@graph\":[{\"@type\":\"WebPage\",\"@id\":\"https:\/\/espak.ee\/epood\/toode\/intensiivne-pinnapuhastusvahend-glutoclean-075l\/\",\"url\":\"https:\/\/espak.ee\/epood\/toode\/intensiivne-pinnapuhastusvahend-glutoclean-075l\/\",\"name\":\"INTENSIIVNE PINNAPUHASTUSVAHEND GLUTOCLEAN 0,75L - Espak E-pood\",\"isPartOf\":{\"@id\":\"https:\/\/espak.ee\/epood\/#website\"},\"primaryImageOfPage\":{\"@id\":\"https:\/\/espak.ee\/epood\/toode\/intensiivne-pinnapuhastusvahend-glutoclean-075l\/#primaryimage\"},\"image\":{\"@id\":\"https:\/\/espak.ee\/epood\/toode\/intensiivne-pinnapuhastusvahend-glutoclean-075l\/#primaryimage\"},\"thumbnailUrl\":\"https:\/\/espak.ee\/epood\/wp-content\/uploads\/2023\/12\/4044899430025.600x0.jpg\",\"datePublished\":\"2023-12-07T03:05:03+00:00\",\"dateModified\":\"2026-03-21T07:17:27+00:00\",\"breadcrumb\":{\"@id\":\"https:\/\/espak.ee\/epood\/toode\/intensiivne-pinnapuhastusvahend-glutoclean-075l\/#breadcrumb\"},\"inLanguage\":\"et\",\"potentialAction\":[{\"@type\":\"ReadAction\",\"target\":[\"https:\/\/espak.ee\/epood\/toode\/intensiivne-pinnapuhastusvahend-glutoclean-075l\/\"]}]},{\"@type\":\"ImageObject\",\"inLanguage\":\"et\",\"@id\":\"https:\/\/espak.ee\/epood\/toode\/intensiivne-pinnapuhastusvahend-glutoclean-075l\/#primaryimage\",\"url\":\"https:\/\/espak.ee\/epood\/wp-content\/uploads\/2023\/12\/4044899430025.600x0.jpg\",\"contentUrl\":\"https:\/\/espak.ee\/epood\/wp-content\/uploads\/2023\/12\/4044899430025.600x0.jpg\",\"width\":800,\"height\":800},{\"@type\":\"BreadcrumbList\",\"@id\":\"https:\/\/espak.ee\/epood\/toode\/intensiivne-pinnapuhastusvahend-glutoclean-075l\/#breadcrumb\",\"itemListElement\":[{\"@type\":\"ListItem\",\"position\":1,\"name\":\"Home\",\"item\":\"https:\/\/espak.ee\/epood\/\"},{\"@type\":\"ListItem\",\"position\":2,\"name\":\"Tootevalik\",\"item\":\"https:\/\/espak.ee\/epood\/tootevalik\/\"},{\"@type\":\"ListItem\",\"position\":3,\"name\":\"INTENSIIVNE PINNAPUHASTUSVAHEND GLUTOCLEAN 0,75L\"}]},{\"@type\":\"WebSite\",\"@id\":\"https:\/\/espak.ee\/epood\/#website\",\"url\":\"https:\/\/espak.ee\/epood\/\",\"name\":\"Espak E-pood\",\"description\":\"\",\"potentialAction\":[{\"@type\":\"SearchAction\",\"target\":{\"@type\":\"EntryPoint\",\"urlTemplate\":\"https:\/\/espak.ee\/epood\/?s={search_term_string}\"},\"query-input\":{\"@type\":\"PropertyValueSpecification\",\"valueRequired\":true,\"valueName\":\"search_term_string\"}}],\"inLanguage\":\"et\"}]}<\/script>\n<!-- \/ Yoast SEO plugin. -->","yoast_head_json":{"title":"INTENSIIVNE PINNAPUHASTUSVAHEND GLUTOCLEAN 0,75L - Espak E-pood","robots":{"index":"index","follow":"follow","max-snippet":"max-snippet:-1","max-image-preview":"max-image-preview:large","max-video-preview":"max-video-preview:-1"},"canonical":"https:\/\/espak.ee\/epood\/toode\/intensiivne-pinnapuhastusvahend-glutoclean-075l\/","og_locale":"et_EE","og_type":"article","og_title":"INTENSIIVNE PINNAPUHASTUSVAHEND GLUTOCLEAN 0,75L - Espak E-pood","og_url":"https:\/\/espak.ee\/epood\/toode\/intensiivne-pinnapuhastusvahend-glutoclean-075l\/","og_site_name":"Espak E-pood","article_modified_time":"2026-03-21T07:17:27+00:00","og_image":[{"width":800,"height":800,"url":"https:\/\/espak.ee\/epood\/wp-content\/uploads\/2023\/12\/4044899430025.600x0.jpg","type":"image\/jpeg"}],"twitter_card":"summary_large_image","twitter_misc":{"Est. reading time":"1 minut"},"schema":{"@context":"https:\/\/schema.org","@graph":[{"@type":"WebPage","@id":"https:\/\/espak.ee\/epood\/toode\/intensiivne-pinnapuhastusvahend-glutoclean-075l\/","url":"https:\/\/espak.ee\/epood\/toode\/intensiivne-pinnapuhastusvahend-glutoclean-075l\/","name":"INTENSIIVNE PINNAPUHASTUSVAHEND GLUTOCLEAN 0,75L - Espak E-pood","isPartOf":{"@id":"https:\/\/espak.ee\/epood\/#website"},"primaryImageOfPage":{"@id":"https:\/\/espak.ee\/epood\/toode\/intensiivne-pinnapuhastusvahend-glutoclean-075l\/#primaryimage"},"image":{"@id":"https:\/\/espak.ee\/epood\/toode\/intensiivne-pinnapuhastusvahend-glutoclean-075l\/#primaryimage"},"thumbnailUrl":"https:\/\/espak.ee\/epood\/wp-content\/uploads\/2023\/12\/4044899430025.600x0.jpg","datePublished":"2023-12-07T03:05:03+00:00","dateModified":"2026-03-21T07:17:27+00:00","breadcrumb":{"@id":"https:\/\/espak.ee\/epood\/toode\/intensiivne-pinnapuhastusvahend-glutoclean-075l\/#breadcrumb"},"inLanguage":"et","potentialAction":[{"@type":"ReadAction","target":["https:\/\/espak.ee\/epood\/toode\/intensiivne-pinnapuhastusvahend-glutoclean-075l\/"]}]},{"@type":"ImageObject","inLanguage":"et","@id":"https:\/\/espak.ee\/epood\/toode\/intensiivne-pinnapuhastusvahend-glutoclean-075l\/#primaryimage","url":"https:\/\/espak.ee\/epood\/wp-content\/uploads\/2023\/12\/4044899430025.600x0.jpg","contentUrl":"https:\/\/espak.ee\/epood\/wp-content\/uploads\/2023\/12\/4044899430025.600x0.jpg","width":800,"height":800},{"@type":"BreadcrumbList","@id":"https:\/\/espak.ee\/epood\/toode\/intensiivne-pinnapuhastusvahend-glutoclean-075l\/#breadcrumb","itemListElement":[{"@type":"ListItem","position":1,"name":"Home","item":"https:\/\/espak.ee\/epood\/"},{"@type":"ListItem","position":2,"name":"Tootevalik","item":"https:\/\/espak.ee\/epood\/tootevalik\/"},{"@type":"ListItem","position":3,"name":"INTENSIIVNE PINNAPUHASTUSVAHEND GLUTOCLEAN 0,75L"}]},{"@type":"WebSite","@id":"https:\/\/espak.ee\/epood\/#website","url":"https:\/\/espak.ee\/epood\/","name":"Espak E-pood","description":"","potentialAction":[{"@type":"SearchAction","target":{"@type":"EntryPoint","urlTemplate":"https:\/\/espak.ee\/epood\/?s={search_term_string}"},"query-input":{"@type":"PropertyValueSpecification","valueRequired":true,"valueName":"search_term_string"}}],"inLanguage":"et"}]}},"_links":{"self":[{"href":"https:\/\/espak.ee\/epood\/wp-json\/wp\/v2\/product\/182977","targetHints":{"allow":["GET"]}}],"collection":[{"href":"https:\/\/espak.ee\/epood\/wp-json\/wp\/v2\/product"}],"about":[{"href":"https:\/\/espak.ee\/epood\/wp-json\/wp\/v2\/types\/product"}],"replies":[{"embeddable":true,"href":"https:\/\/espak.ee\/epood\/wp-json\/wp\/v2\/comments?post=182977"}],"wp:featuredmedia":[{"embeddable":true,"href":"https:\/\/espak.ee\/epood\/wp-json\/wp\/v2\/media\/183066"}],"wp:attachment":[{"href":"https:\/\/espak.ee\/epood\/wp-json\/wp\/v2\/media?parent=182977"}],"wp:term":[{"taxonomy":"product_brand","embeddable":true,"href":"https:\/\/espak.ee\/epood\/wp-json\/wp\/v2\/product_brand?post=182977"},{"taxonomy":"product_cat","embeddable":true,"href":"https:\/\/espak.ee\/epood\/wp-json\/wp\/v2\/product_cat?post=182977"},{"taxonomy":"product_tag","embeddable":true,"href":"https:\/\/espak.ee\/epood\/wp-json\/wp\/v2\/product_tag?post=182977"}],"curies":[{"name":"wp","href":"https:\/\/api.w.org\/{rel}","templated":true}]}}