{"id":182976,"date":"2023-12-07T05:05:03","date_gmt":"2023-12-07T03:05:03","guid":{"rendered":"https:\/\/espak.ee\/epood\/?post_type=product&#038;p=182976"},"modified":"2026-03-21T09:17:26","modified_gmt":"2026-03-21T07:17:26","slug":"ahju-ja-grillipuhastusvahend-glutoclean-075l","status":"publish","type":"product","link":"https:\/\/espak.ee\/epood\/toode\/ahju-ja-grillipuhastusvahend-glutoclean-075l\/","title":{"rendered":"AHJU- JA GRILLIPUHASTUSVAHEND GLUTOCLEAN 0,75L"},"content":{"rendered":"<div class=\"row\"  id=\"row-133224996\">\n\n\t<div id=\"col-1819696022\" class=\"col medium-9 small-12 large-9\"  >\n\t\t\t\t<div class=\"col-inner\"  >\n\t\t\t\n\t\t\t\n<h2>Ahju- ja grillipuhastusvahend Glutoclean 0,75l<\/h2>\n<p>Eemaldab kiiresti ja ohutult isegi k\u00f5ige k\u00f5rbenuimaid toiduj\u00e4\u00e4ke ja rasvase mustuse. Geelstruktuur t\u00f5husalt toimib ka vertikaalpindadel.<\/p>\n<p><strong>Kasutusvaldkond: <\/strong><br \/>\n&#8211; praeahjudele<br \/>\n&#8211; konvektsioonahjudele<br \/>\n&#8211; sisseehitatud elektriahjudele<br \/>\n&#8211; k\u00fcpsetuspannidele<br \/>\n&#8211; pannidele<br \/>\n&#8211; kastrulitele<br \/>\n&#8211; grillrestidele<br \/>\n&#8211; ahjuusteklaasidele<br \/>\n&#8211; k\u00fcpsetusn\u00f5udele<\/p>\n<p><strong>Kasutamise \u00fcksikasjad:<\/strong><br \/>\n\u00dchtlaselt t\u00f6\u00f6delda saastatud pinda ja j\u00e4tta 1 \u2013 2 minutiks seisma. Eemalda j\u00e4\u00e4gid lapi v\u00f5i majapidamispaberiga. Seej\u00e4rel loputada veega ja p\u00fchkida puhta kuiva lapiga.<br \/>\nVajadusel v\u00f5ib protseduuri korrata ja j\u00e4tta kauemaks toimima.\n<\/p>\n<p><stong>Olulised juhised: Kasutada ainult jahtunud pindadel!<\/strong><\/p>\n<p><strong>Hoiatused: <\/strong><br \/>\nP\u00f5hjustab naha ja silmakahjustusi. Nahale v\u00f5i silma sattumisel loputada veega. Kanda kaitsekindaid.<\/p>\n\t\t<\/div>\n\t\t\t\t\t<\/div>\n\n\t\n\n\t<div id=\"col-148439516\" class=\"col medium-3 small-12 large-3\"  >\n\t\t\t\t<div class=\"col-inner\"  >\n\t\t\t\n\t\t\t\n\t<div id=\"gap-882370530\" class=\"gap-element clearfix\" style=\"display:block; height:auto;\">\n\t\t\n<style>\n#gap-882370530 {\n  padding-top: 30px;\n}\n<\/style>\n\t<\/div>\n\t\n<div class=\"is-divider divider clearfix\" ><\/div>\n<p><strong>\u00dcksikasjalikuma n\u00f5u saamiseks v\u00f5tke \u00fchendust:<br \/><\/strong>Bonavista Trade O\u00dc<br \/>Kopli tn 63-4<br \/>Tallinn<br \/>+372 6500 046<\/p>\n<div class=\"is-divider divider clearfix\" ><\/div>\n\t\t<\/div>\n\t\t\t\t\t<\/div>\n\n\t\n<\/div>\n","protected":false},"excerpt":{"rendered":"","protected":false},"featured_media":183023,"comment_status":"closed","ping_status":"closed","template":"","meta":[],"product_brand":[],"product_cat":[2691,3441,2684,2683],"product_tag":[],"class_list":{"0":"post-182976","1":"product","2":"type-product","3":"status-publish","4":"has-post-thumbnail","6":"product_cat-lahustid","7":"product_cat-lahustid-ja-pesuained","8":"product_cat-varvid-lakid-lahustid-puidukaitsed-olid","9":"product_cat-viimistluskaubad","11":"first","12":"instock","13":"sale","14":"taxable","15":"shipping-taxable","16":"purchasable","17":"product-type-simple"},"yoast_head":"<!-- This site is optimized with the Yoast SEO plugin v26.9 - https:\/\/yoast.com\/product\/yoast-seo-wordpress\/ -->\n<title>AHJU- JA GRILLIPUHASTUSVAHEND GLUTOCLEAN 0,75L - Espak E-pood<\/title>\n<meta name=\"robots\" content=\"index, follow, max-snippet:-1, max-image-preview:large, max-video-preview:-1\" \/>\n<link rel=\"canonical\" href=\"https:\/\/espak.ee\/epood\/toode\/ahju-ja-grillipuhastusvahend-glutoclean-075l\/\" \/>\n<meta property=\"og:locale\" content=\"et_EE\" \/>\n<meta property=\"og:type\" content=\"article\" \/>\n<meta property=\"og:title\" content=\"AHJU- JA GRILLIPUHASTUSVAHEND GLUTOCLEAN 0,75L - Espak E-pood\" \/>\n<meta property=\"og:url\" content=\"https:\/\/espak.ee\/epood\/toode\/ahju-ja-grillipuhastusvahend-glutoclean-075l\/\" \/>\n<meta property=\"og:site_name\" content=\"Espak E-pood\" \/>\n<meta property=\"article:modified_time\" content=\"2026-03-21T07:17:26+00:00\" \/>\n<meta property=\"og:image\" content=\"https:\/\/espak.ee\/epood\/wp-content\/uploads\/2023\/12\/4044899390961.600x0-2.jpg\" \/>\n\t<meta property=\"og:image:width\" content=\"800\" \/>\n\t<meta property=\"og:image:height\" content=\"800\" \/>\n\t<meta property=\"og:image:type\" content=\"image\/jpeg\" \/>\n<meta name=\"twitter:card\" content=\"summary_large_image\" \/>\n<meta name=\"twitter:label1\" content=\"Est. reading time\" \/>\n\t<meta name=\"twitter:data1\" content=\"1 minut\" \/>\n<script type=\"application\/ld+json\" class=\"yoast-schema-graph\">{\"@context\":\"https:\/\/schema.org\",\"@graph\":[{\"@type\":\"WebPage\",\"@id\":\"https:\/\/espak.ee\/epood\/toode\/ahju-ja-grillipuhastusvahend-glutoclean-075l\/\",\"url\":\"https:\/\/espak.ee\/epood\/toode\/ahju-ja-grillipuhastusvahend-glutoclean-075l\/\",\"name\":\"AHJU- JA GRILLIPUHASTUSVAHEND GLUTOCLEAN 0,75L - Espak E-pood\",\"isPartOf\":{\"@id\":\"https:\/\/espak.ee\/epood\/#website\"},\"primaryImageOfPage\":{\"@id\":\"https:\/\/espak.ee\/epood\/toode\/ahju-ja-grillipuhastusvahend-glutoclean-075l\/#primaryimage\"},\"image\":{\"@id\":\"https:\/\/espak.ee\/epood\/toode\/ahju-ja-grillipuhastusvahend-glutoclean-075l\/#primaryimage\"},\"thumbnailUrl\":\"https:\/\/espak.ee\/epood\/wp-content\/uploads\/2023\/12\/4044899390961.600x0-2.jpg\",\"datePublished\":\"2023-12-07T03:05:03+00:00\",\"dateModified\":\"2026-03-21T07:17:26+00:00\",\"breadcrumb\":{\"@id\":\"https:\/\/espak.ee\/epood\/toode\/ahju-ja-grillipuhastusvahend-glutoclean-075l\/#breadcrumb\"},\"inLanguage\":\"et\",\"potentialAction\":[{\"@type\":\"ReadAction\",\"target\":[\"https:\/\/espak.ee\/epood\/toode\/ahju-ja-grillipuhastusvahend-glutoclean-075l\/\"]}]},{\"@type\":\"ImageObject\",\"inLanguage\":\"et\",\"@id\":\"https:\/\/espak.ee\/epood\/toode\/ahju-ja-grillipuhastusvahend-glutoclean-075l\/#primaryimage\",\"url\":\"https:\/\/espak.ee\/epood\/wp-content\/uploads\/2023\/12\/4044899390961.600x0-2.jpg\",\"contentUrl\":\"https:\/\/espak.ee\/epood\/wp-content\/uploads\/2023\/12\/4044899390961.600x0-2.jpg\",\"width\":800,\"height\":800},{\"@type\":\"BreadcrumbList\",\"@id\":\"https:\/\/espak.ee\/epood\/toode\/ahju-ja-grillipuhastusvahend-glutoclean-075l\/#breadcrumb\",\"itemListElement\":[{\"@type\":\"ListItem\",\"position\":1,\"name\":\"Home\",\"item\":\"https:\/\/espak.ee\/epood\/\"},{\"@type\":\"ListItem\",\"position\":2,\"name\":\"Tootevalik\",\"item\":\"https:\/\/espak.ee\/epood\/tootevalik\/\"},{\"@type\":\"ListItem\",\"position\":3,\"name\":\"AHJU- JA GRILLIPUHASTUSVAHEND GLUTOCLEAN 0,75L\"}]},{\"@type\":\"WebSite\",\"@id\":\"https:\/\/espak.ee\/epood\/#website\",\"url\":\"https:\/\/espak.ee\/epood\/\",\"name\":\"Espak E-pood\",\"description\":\"\",\"potentialAction\":[{\"@type\":\"SearchAction\",\"target\":{\"@type\":\"EntryPoint\",\"urlTemplate\":\"https:\/\/espak.ee\/epood\/?s={search_term_string}\"},\"query-input\":{\"@type\":\"PropertyValueSpecification\",\"valueRequired\":true,\"valueName\":\"search_term_string\"}}],\"inLanguage\":\"et\"}]}<\/script>\n<!-- \/ Yoast SEO plugin. -->","yoast_head_json":{"title":"AHJU- JA GRILLIPUHASTUSVAHEND GLUTOCLEAN 0,75L - Espak E-pood","robots":{"index":"index","follow":"follow","max-snippet":"max-snippet:-1","max-image-preview":"max-image-preview:large","max-video-preview":"max-video-preview:-1"},"canonical":"https:\/\/espak.ee\/epood\/toode\/ahju-ja-grillipuhastusvahend-glutoclean-075l\/","og_locale":"et_EE","og_type":"article","og_title":"AHJU- JA GRILLIPUHASTUSVAHEND GLUTOCLEAN 0,75L - Espak E-pood","og_url":"https:\/\/espak.ee\/epood\/toode\/ahju-ja-grillipuhastusvahend-glutoclean-075l\/","og_site_name":"Espak E-pood","article_modified_time":"2026-03-21T07:17:26+00:00","og_image":[{"width":800,"height":800,"url":"https:\/\/espak.ee\/epood\/wp-content\/uploads\/2023\/12\/4044899390961.600x0-2.jpg","type":"image\/jpeg"}],"twitter_card":"summary_large_image","twitter_misc":{"Est. reading time":"1 minut"},"schema":{"@context":"https:\/\/schema.org","@graph":[{"@type":"WebPage","@id":"https:\/\/espak.ee\/epood\/toode\/ahju-ja-grillipuhastusvahend-glutoclean-075l\/","url":"https:\/\/espak.ee\/epood\/toode\/ahju-ja-grillipuhastusvahend-glutoclean-075l\/","name":"AHJU- JA GRILLIPUHASTUSVAHEND GLUTOCLEAN 0,75L - Espak E-pood","isPartOf":{"@id":"https:\/\/espak.ee\/epood\/#website"},"primaryImageOfPage":{"@id":"https:\/\/espak.ee\/epood\/toode\/ahju-ja-grillipuhastusvahend-glutoclean-075l\/#primaryimage"},"image":{"@id":"https:\/\/espak.ee\/epood\/toode\/ahju-ja-grillipuhastusvahend-glutoclean-075l\/#primaryimage"},"thumbnailUrl":"https:\/\/espak.ee\/epood\/wp-content\/uploads\/2023\/12\/4044899390961.600x0-2.jpg","datePublished":"2023-12-07T03:05:03+00:00","dateModified":"2026-03-21T07:17:26+00:00","breadcrumb":{"@id":"https:\/\/espak.ee\/epood\/toode\/ahju-ja-grillipuhastusvahend-glutoclean-075l\/#breadcrumb"},"inLanguage":"et","potentialAction":[{"@type":"ReadAction","target":["https:\/\/espak.ee\/epood\/toode\/ahju-ja-grillipuhastusvahend-glutoclean-075l\/"]}]},{"@type":"ImageObject","inLanguage":"et","@id":"https:\/\/espak.ee\/epood\/toode\/ahju-ja-grillipuhastusvahend-glutoclean-075l\/#primaryimage","url":"https:\/\/espak.ee\/epood\/wp-content\/uploads\/2023\/12\/4044899390961.600x0-2.jpg","contentUrl":"https:\/\/espak.ee\/epood\/wp-content\/uploads\/2023\/12\/4044899390961.600x0-2.jpg","width":800,"height":800},{"@type":"BreadcrumbList","@id":"https:\/\/espak.ee\/epood\/toode\/ahju-ja-grillipuhastusvahend-glutoclean-075l\/#breadcrumb","itemListElement":[{"@type":"ListItem","position":1,"name":"Home","item":"https:\/\/espak.ee\/epood\/"},{"@type":"ListItem","position":2,"name":"Tootevalik","item":"https:\/\/espak.ee\/epood\/tootevalik\/"},{"@type":"ListItem","position":3,"name":"AHJU- JA GRILLIPUHASTUSVAHEND GLUTOCLEAN 0,75L"}]},{"@type":"WebSite","@id":"https:\/\/espak.ee\/epood\/#website","url":"https:\/\/espak.ee\/epood\/","name":"Espak E-pood","description":"","potentialAction":[{"@type":"SearchAction","target":{"@type":"EntryPoint","urlTemplate":"https:\/\/espak.ee\/epood\/?s={search_term_string}"},"query-input":{"@type":"PropertyValueSpecification","valueRequired":true,"valueName":"search_term_string"}}],"inLanguage":"et"}]}},"_links":{"self":[{"href":"https:\/\/espak.ee\/epood\/wp-json\/wp\/v2\/product\/182976","targetHints":{"allow":["GET"]}}],"collection":[{"href":"https:\/\/espak.ee\/epood\/wp-json\/wp\/v2\/product"}],"about":[{"href":"https:\/\/espak.ee\/epood\/wp-json\/wp\/v2\/types\/product"}],"replies":[{"embeddable":true,"href":"https:\/\/espak.ee\/epood\/wp-json\/wp\/v2\/comments?post=182976"}],"wp:featuredmedia":[{"embeddable":true,"href":"https:\/\/espak.ee\/epood\/wp-json\/wp\/v2\/media\/183023"}],"wp:attachment":[{"href":"https:\/\/espak.ee\/epood\/wp-json\/wp\/v2\/media?parent=182976"}],"wp:term":[{"taxonomy":"product_brand","embeddable":true,"href":"https:\/\/espak.ee\/epood\/wp-json\/wp\/v2\/product_brand?post=182976"},{"taxonomy":"product_cat","embeddable":true,"href":"https:\/\/espak.ee\/epood\/wp-json\/wp\/v2\/product_cat?post=182976"},{"taxonomy":"product_tag","embeddable":true,"href":"https:\/\/espak.ee\/epood\/wp-json\/wp\/v2\/product_tag?post=182976"}],"curies":[{"name":"wp","href":"https:\/\/api.w.org\/{rel}","templated":true}]}}