{"id":18254,"date":"2020-04-03T03:31:40","date_gmt":"2020-04-03T00:31:40","guid":{"rendered":"https:\/\/espak.ee\/hinnakiri\/?post_type=product&#038;p=18254"},"modified":"2026-03-12T14:12:01","modified_gmt":"2026-03-12T12:12:01","slug":"uhefaasiline-soojaveeboiler-atlantic-zeneo-hmaci-200l-2-2kw-horisontaalne","status":"publish","type":"product","link":"https:\/\/espak.ee\/epood\/toode\/uhefaasiline-soojaveeboiler-atlantic-zeneo-hmaci-200l-2-2kw-horisontaalne\/","title":{"rendered":"\u00dcHEFAASILINE SOOJAVEEBOILER ATLANTIC ZENEO HMACI 2.2KW 200L HORISONTAALNE"},"content":{"rendered":"<div class=\"row\"  id=\"row-2034246855\">\n\n\t<div id=\"col-808625299\" class=\"col medium-9 small-12 large-9\"  >\n\t\t\t\t<div class=\"col-inner\"  >\n\t\t\t\n\t\t\t\n<h2>Keraamilise k\u00fcttekehaga hooldusvaba boiler<\/h2>\n<p>Keraamiline k\u00fcttekeha kujutab endast 46mm l\u00e4bim\u00f5\u00f5duga keraamilisest materjalist silindrikujulist s\u00fcdamikku, millele on paigaldatud takistustraat. S\u00fcdamik asub emailleeritud metallh\u00fclsis, seega puudub k\u00fcttekeha vahetu kontakt veega. \u00dcleantava soojusenergia madal eriv\u00f5imsus pinna\u00fchiku kohta (4 W\/cm\u00b2) v\u00e4hendab oluliselt k\u00fcttekeha (h\u00fclsi) pinnatemperatuuri ja seega katlakivi tekke v\u00f5imalust sellele, suurendades seega k\u00fcttekeha eluiga, kuna puudub \u00fclekuumenemise v\u00f5imalus. K\u00fcttekeha kontrollimiseks v\u00f5i v\u00e4ljavahetamiseks pole vaja boilerit veest t\u00fchjendada.<\/p>\n<div class=\"message-box relative\" style=\"padding-top:15px;padding-bottom:15px;\"><div class=\"message-box-bg-image bg-fill fill\" ><\/div><div class=\"message-box-bg-overlay bg-fill fill\" ><\/div><div class=\"container relative\"><div class=\"inner last-reset\">\n<div class=\"row align-middle align-center\"  id=\"row-471417444\">\n\n\t<div id=\"col-1129199097\" class=\"col small-12 large-12\"  >\n\t\t\t\t<div class=\"col-inner text-left\"  >\n\t\t\t\n\t\t\t\n<h4>Omadused<\/h4>\n<div class=\"row\"  id=\"row-2025010989\">\n\n\t<div id=\"col-978561236\" class=\"col medium-6 small-12 large-6\"  >\n\t\t\t\t<div class=\"col-inner\"  >\n\t\t\t\n\t\t\t\n<p><i class=\"fa fa-check fa-2x\"><\/i> <strong>Vertikaalsed ja horisontaalsed veesoojendid seinale, jalgadel boilerid<\/strong><\/p>\n<p><i class=\"fa fa-check fa-2x\"><\/i> <strong>Keraamiline, veega mitte kokku puutuv k\u00fcttekeha h\u00fclsis<\/strong><\/p>\n\t\t<\/div>\n\t\t\t\t\n<style>\n#col-978561236 > .col-inner {\n  margin: 0px 0px 15px 0px;\n}\n<\/style>\n\t<\/div>\n\n\t\n\n\t<div id=\"col-637337644\" class=\"col medium-6 small-12 large-6\"  >\n\t\t\t\t<div class=\"col-inner\"  >\n\t\t\t\n\t\t\t\n<p><i class=\"fa fa-check fa-2x\"><\/i> <strong>Elektrooniline termostaat koos kuivk\u00e4ivituskaitsmega<\/strong><\/p>\n<p><i class=\"fa fa-check fa-2x\"><\/i> <strong>Korrosiooni eest kaitseb hooldusvaba h\u00fcbriid-titaananood<\/strong><\/p>\n\t\t<\/div>\n\t\t\t\t\n<style>\n#col-637337644 > .col-inner {\n  margin: 0px 0px 15px 0px;\n}\n<\/style>\n\t<\/div>\n\n\t\n<\/div>\n\t\t<\/div>\n\t\t\t\t\t<\/div>\n\n\t\n<\/div>\n<\/div><\/div><\/div>\n\t<div id=\"gap-98235584\" class=\"gap-element clearfix\" style=\"display:block; height:auto;\">\n\t\t\n<style>\n#gap-98235584 {\n  padding-top: 30px;\n}\n<\/style>\n\t<\/div>\n\t\n<h3>Kasutamise \u00fcksikasjad<\/h3>\n<p><strong>Elektrooniline digitaaltermostaat:<\/strong> Elektrooniline digitaaltermostaat on tarbijas\u00f5bralik intelligentne elektroonika, j\u00e4lgides, et boiler paigaldatakse ja seda ekspluateeritakse boilerit kahjustamata. Puuduvad liikuvad ja seega kuluvad kontaktid. K\u00fcttekeha pingestatakse alles peale boileri veega t\u00e4itumist \u2013 t\u00fchja v\u00f5i poolt\u00fchja boileri puhul ei v\u00f5imalda kuivk\u00e4ivituskaitse k\u00fcttekeha pingestada. Termostaat hoiab sooja vee etteantud temperatuuri vahemikus 50 kuni 65\u00b0C. Kui enne boileri paigaldust pole loetud eestikeelset paigaldusjuhendit ning horisontaalne boiler paigaldatakse eba\u00f5iges asendis, s.t. vee sisend-v\u00e4ljundtorud pole suunatud alla, v\u00e4listab termostaat boileri pingestamise, et mitte kahjustada k\u00fcttekeha. Sel juhul tuleb koolirahana vahetada vastav l\u00e4bip\u00f5lenud kaitse.<\/p>\n<p><strong>Korrosioonikaitse :<\/strong> Korrosioonikaitse ACI (Anti Corrosion Integrated) s\u00fcsteem on hooldusvaba. Boileri siseanumat kaitseb korrosiooni eest boileri \u00fcldtoitest toidetav madalpingelisel alalisvoolutoitel olev praktiliselt kulumatu 130mm-titaananood (aastane energiakulu alla 1 kWh). Titaananood on kaetud kiireltkuluva magneesiumikihiga esmase \u201caugulappimise\u201d tarvis. Kui boiler on vooluv\u00f5rgust l\u00fchiajaliselt (kuni 48h) lahutatud (n\u00e4iteks kahetariifse voolu kasutamisel vaid \u00f6iseks k\u00fctteks vms.) saab anood toite blokis asuvast akust, mis on vahetatav. Aku elueaks normaalre\u017eiimil prognoosib tehas 8 aastat. Kogu elektroonilise korrosioonikaitses\u00fcsteemi kontrolliks piisab pilgu heitmisest boileri teeninduspaneelil asuvale rohelisele signaallambile \u2013 selle pidev p\u00f5lemine n\u00e4itab s\u00fcsteemi korrasolekut. Oma boileri eluea huvides tuleks pilk tulukesele heita v\u00e4hemalt kord kuus ning selle mittep\u00f5lemisel teavitada koheselt garantiiandjat v\u00f5i paigaldajat.<\/p>\n<p><strong>Soojusisolatsioon:<\/strong> vertikaalsed hooldusvabad boilerid 30mm, horisontaalsed ja jalgadel hooldusvabad boilerid 40mm. Paksem isolatsioonikiht v\u00e4hendab elektrienergia tarbimist hoidere\u017eiimil,s.t. kui etteantud temperatuur on saavutatud ja vett ei tarbita.<\/p>\n\t\t<\/div>\n\t\t\t\t\t<\/div>\n\n\t\n\n\t<div id=\"col-750801611\" class=\"col medium-3 small-12 large-3\"  >\n\t\t\t\t<div class=\"col-inner\"  >\n\t\t\t\n\t\t\t\n\t<div id=\"gap-172779464\" class=\"gap-element clearfix\" style=\"display:block; height:auto;\">\n\t\t\n<style>\n#gap-172779464 {\n  padding-top: 30px;\n}\n<\/style>\n\t<\/div>\n\t\n<h3>Kasutusjuhend<\/h3>\n<p><a href=\"https:\/\/espak.ee\/epood\/wp-content\/uploads\/ZENEO-paigaldus-ja-kasutusjuhend-2018.pdf\" target=\"_blank\" rel=\"noopener noreferrer\"><i class=\"far fa-file-pdf\"><\/i> Kasutusjuhend (PDF)<\/a><\/p>\n<h3>Tehniline informatsioon<\/h3>\n<p><a href=\"https:\/\/espak.ee\/epood\/wp-content\/uploads\/Kataloog-ZENEO.pdf\" target=\"_blank\" rel=\"noopener noreferrer\"><i class=\"far fa-file-pdf\"><\/i> Tehniline info (PDF)<\/a><\/p>\n<div class=\"is-divider divider clearfix\" ><\/div>\n<p><strong>\u00dcksikasjalikuma n\u00f5u saamiseks v\u00f5tke \u00fchendust:<br \/><\/strong>PLASTOR AS<br \/>Hoiu 7<br \/>76401<br \/>Laagri, Harju maakond<br \/>+372 6796756<\/p>\n<div class=\"is-divider divider clearfix\" ><\/div>\n\t\t<\/div>\n\t\t\t\t\t<\/div>\n\n\t\n<\/div>\n","protected":false},"excerpt":{"rendered":"","protected":false},"featured_media":22083,"comment_status":"closed","ping_status":"closed","template":"","meta":[],"product_brand":[],"product_cat":[3038,3037,2819,2820],"product_tag":[],"class_list":{"0":"post-18254","1":"product","2":"type-product","3":"status-publish","4":"has-post-thumbnail","6":"product_cat-boilerid","7":"product_cat-elektriboilerid","8":"product_cat-sanitaartehnika","9":"product_cat-sanitaartehnika-sanitaartehnika","10":"pa_kaubamark-plastor-as","12":"first","13":"instock","14":"sale","15":"taxable","16":"shipping-taxable","17":"purchasable","18":"product-type-simple"},"yoast_head":"<!-- This site is optimized with the Yoast SEO plugin v26.9 - https:\/\/yoast.com\/product\/yoast-seo-wordpress\/ -->\n<title>\u00dcHEFAASILINE SOOJAVEEBOILER ATLANTIC ZENEO HMACI 2.2KW 200L HORISONTAALNE - Espak E-pood<\/title>\n<meta name=\"robots\" content=\"index, follow, max-snippet:-1, max-image-preview:large, max-video-preview:-1\" \/>\n<link rel=\"canonical\" href=\"https:\/\/espak.ee\/epood\/toode\/uhefaasiline-soojaveeboiler-atlantic-zeneo-hmaci-200l-2-2kw-horisontaalne\/\" \/>\n<meta property=\"og:locale\" content=\"et_EE\" \/>\n<meta property=\"og:type\" content=\"article\" \/>\n<meta property=\"og:title\" content=\"\u00dcHEFAASILINE SOOJAVEEBOILER ATLANTIC ZENEO HMACI 2.2KW 200L HORISONTAALNE - Espak E-pood\" \/>\n<meta property=\"og:url\" content=\"https:\/\/espak.ee\/epood\/toode\/uhefaasiline-soojaveeboiler-atlantic-zeneo-hmaci-200l-2-2kw-horisontaalne\/\" \/>\n<meta property=\"og:site_name\" content=\"Espak E-pood\" \/>\n<meta property=\"article:modified_time\" content=\"2026-03-12T12:12:01+00:00\" \/>\n<meta property=\"og:image\" content=\"https:\/\/espak.ee\/epood\/wp-content\/uploads\/ZENEO-HM-horisontaalne.jpg\" \/>\n\t<meta property=\"og:image:width\" content=\"1188\" \/>\n\t<meta property=\"og:image:height\" content=\"1188\" \/>\n\t<meta property=\"og:image:type\" content=\"image\/jpeg\" \/>\n<meta name=\"twitter:card\" content=\"summary_large_image\" \/>\n<meta name=\"twitter:label1\" content=\"Est. reading time\" \/>\n\t<meta name=\"twitter:data1\" content=\"2 minutit\" \/>\n<script type=\"application\/ld+json\" class=\"yoast-schema-graph\">{\"@context\":\"https:\/\/schema.org\",\"@graph\":[{\"@type\":\"WebPage\",\"@id\":\"https:\/\/espak.ee\/epood\/toode\/uhefaasiline-soojaveeboiler-atlantic-zeneo-hmaci-200l-2-2kw-horisontaalne\/\",\"url\":\"https:\/\/espak.ee\/epood\/toode\/uhefaasiline-soojaveeboiler-atlantic-zeneo-hmaci-200l-2-2kw-horisontaalne\/\",\"name\":\"\u00dcHEFAASILINE SOOJAVEEBOILER ATLANTIC ZENEO HMACI 2.2KW 200L HORISONTAALNE - Espak E-pood\",\"isPartOf\":{\"@id\":\"https:\/\/espak.ee\/epood\/#website\"},\"primaryImageOfPage\":{\"@id\":\"https:\/\/espak.ee\/epood\/toode\/uhefaasiline-soojaveeboiler-atlantic-zeneo-hmaci-200l-2-2kw-horisontaalne\/#primaryimage\"},\"image\":{\"@id\":\"https:\/\/espak.ee\/epood\/toode\/uhefaasiline-soojaveeboiler-atlantic-zeneo-hmaci-200l-2-2kw-horisontaalne\/#primaryimage\"},\"thumbnailUrl\":\"https:\/\/espak.ee\/epood\/wp-content\/uploads\/ZENEO-HM-horisontaalne.jpg\",\"datePublished\":\"2020-04-03T00:31:40+00:00\",\"dateModified\":\"2026-03-12T12:12:01+00:00\",\"breadcrumb\":{\"@id\":\"https:\/\/espak.ee\/epood\/toode\/uhefaasiline-soojaveeboiler-atlantic-zeneo-hmaci-200l-2-2kw-horisontaalne\/#breadcrumb\"},\"inLanguage\":\"et\",\"potentialAction\":[{\"@type\":\"ReadAction\",\"target\":[\"https:\/\/espak.ee\/epood\/toode\/uhefaasiline-soojaveeboiler-atlantic-zeneo-hmaci-200l-2-2kw-horisontaalne\/\"]}]},{\"@type\":\"ImageObject\",\"inLanguage\":\"et\",\"@id\":\"https:\/\/espak.ee\/epood\/toode\/uhefaasiline-soojaveeboiler-atlantic-zeneo-hmaci-200l-2-2kw-horisontaalne\/#primaryimage\",\"url\":\"https:\/\/espak.ee\/epood\/wp-content\/uploads\/ZENEO-HM-horisontaalne.jpg\",\"contentUrl\":\"https:\/\/espak.ee\/epood\/wp-content\/uploads\/ZENEO-HM-horisontaalne.jpg\",\"width\":1188,\"height\":1188},{\"@type\":\"BreadcrumbList\",\"@id\":\"https:\/\/espak.ee\/epood\/toode\/uhefaasiline-soojaveeboiler-atlantic-zeneo-hmaci-200l-2-2kw-horisontaalne\/#breadcrumb\",\"itemListElement\":[{\"@type\":\"ListItem\",\"position\":1,\"name\":\"Home\",\"item\":\"https:\/\/espak.ee\/epood\/\"},{\"@type\":\"ListItem\",\"position\":2,\"name\":\"Tootevalik\",\"item\":\"https:\/\/espak.ee\/epood\/tootevalik\/\"},{\"@type\":\"ListItem\",\"position\":3,\"name\":\"\u00dcHEFAASILINE SOOJAVEEBOILER ATLANTIC ZENEO HMACI 2.2KW 200L HORISONTAALNE\"}]},{\"@type\":\"WebSite\",\"@id\":\"https:\/\/espak.ee\/epood\/#website\",\"url\":\"https:\/\/espak.ee\/epood\/\",\"name\":\"Espak E-pood\",\"description\":\"\",\"potentialAction\":[{\"@type\":\"SearchAction\",\"target\":{\"@type\":\"EntryPoint\",\"urlTemplate\":\"https:\/\/espak.ee\/epood\/?s={search_term_string}\"},\"query-input\":{\"@type\":\"PropertyValueSpecification\",\"valueRequired\":true,\"valueName\":\"search_term_string\"}}],\"inLanguage\":\"et\"}]}<\/script>\n<!-- \/ Yoast SEO plugin. -->","yoast_head_json":{"title":"\u00dcHEFAASILINE SOOJAVEEBOILER ATLANTIC ZENEO HMACI 2.2KW 200L HORISONTAALNE - Espak E-pood","robots":{"index":"index","follow":"follow","max-snippet":"max-snippet:-1","max-image-preview":"max-image-preview:large","max-video-preview":"max-video-preview:-1"},"canonical":"https:\/\/espak.ee\/epood\/toode\/uhefaasiline-soojaveeboiler-atlantic-zeneo-hmaci-200l-2-2kw-horisontaalne\/","og_locale":"et_EE","og_type":"article","og_title":"\u00dcHEFAASILINE SOOJAVEEBOILER ATLANTIC ZENEO HMACI 2.2KW 200L HORISONTAALNE - Espak E-pood","og_url":"https:\/\/espak.ee\/epood\/toode\/uhefaasiline-soojaveeboiler-atlantic-zeneo-hmaci-200l-2-2kw-horisontaalne\/","og_site_name":"Espak E-pood","article_modified_time":"2026-03-12T12:12:01+00:00","og_image":[{"width":1188,"height":1188,"url":"https:\/\/espak.ee\/epood\/wp-content\/uploads\/ZENEO-HM-horisontaalne.jpg","type":"image\/jpeg"}],"twitter_card":"summary_large_image","twitter_misc":{"Est. reading time":"2 minutit"},"schema":{"@context":"https:\/\/schema.org","@graph":[{"@type":"WebPage","@id":"https:\/\/espak.ee\/epood\/toode\/uhefaasiline-soojaveeboiler-atlantic-zeneo-hmaci-200l-2-2kw-horisontaalne\/","url":"https:\/\/espak.ee\/epood\/toode\/uhefaasiline-soojaveeboiler-atlantic-zeneo-hmaci-200l-2-2kw-horisontaalne\/","name":"\u00dcHEFAASILINE SOOJAVEEBOILER ATLANTIC ZENEO HMACI 2.2KW 200L HORISONTAALNE - Espak E-pood","isPartOf":{"@id":"https:\/\/espak.ee\/epood\/#website"},"primaryImageOfPage":{"@id":"https:\/\/espak.ee\/epood\/toode\/uhefaasiline-soojaveeboiler-atlantic-zeneo-hmaci-200l-2-2kw-horisontaalne\/#primaryimage"},"image":{"@id":"https:\/\/espak.ee\/epood\/toode\/uhefaasiline-soojaveeboiler-atlantic-zeneo-hmaci-200l-2-2kw-horisontaalne\/#primaryimage"},"thumbnailUrl":"https:\/\/espak.ee\/epood\/wp-content\/uploads\/ZENEO-HM-horisontaalne.jpg","datePublished":"2020-04-03T00:31:40+00:00","dateModified":"2026-03-12T12:12:01+00:00","breadcrumb":{"@id":"https:\/\/espak.ee\/epood\/toode\/uhefaasiline-soojaveeboiler-atlantic-zeneo-hmaci-200l-2-2kw-horisontaalne\/#breadcrumb"},"inLanguage":"et","potentialAction":[{"@type":"ReadAction","target":["https:\/\/espak.ee\/epood\/toode\/uhefaasiline-soojaveeboiler-atlantic-zeneo-hmaci-200l-2-2kw-horisontaalne\/"]}]},{"@type":"ImageObject","inLanguage":"et","@id":"https:\/\/espak.ee\/epood\/toode\/uhefaasiline-soojaveeboiler-atlantic-zeneo-hmaci-200l-2-2kw-horisontaalne\/#primaryimage","url":"https:\/\/espak.ee\/epood\/wp-content\/uploads\/ZENEO-HM-horisontaalne.jpg","contentUrl":"https:\/\/espak.ee\/epood\/wp-content\/uploads\/ZENEO-HM-horisontaalne.jpg","width":1188,"height":1188},{"@type":"BreadcrumbList","@id":"https:\/\/espak.ee\/epood\/toode\/uhefaasiline-soojaveeboiler-atlantic-zeneo-hmaci-200l-2-2kw-horisontaalne\/#breadcrumb","itemListElement":[{"@type":"ListItem","position":1,"name":"Home","item":"https:\/\/espak.ee\/epood\/"},{"@type":"ListItem","position":2,"name":"Tootevalik","item":"https:\/\/espak.ee\/epood\/tootevalik\/"},{"@type":"ListItem","position":3,"name":"\u00dcHEFAASILINE SOOJAVEEBOILER ATLANTIC ZENEO HMACI 2.2KW 200L HORISONTAALNE"}]},{"@type":"WebSite","@id":"https:\/\/espak.ee\/epood\/#website","url":"https:\/\/espak.ee\/epood\/","name":"Espak E-pood","description":"","potentialAction":[{"@type":"SearchAction","target":{"@type":"EntryPoint","urlTemplate":"https:\/\/espak.ee\/epood\/?s={search_term_string}"},"query-input":{"@type":"PropertyValueSpecification","valueRequired":true,"valueName":"search_term_string"}}],"inLanguage":"et"}]}},"_links":{"self":[{"href":"https:\/\/espak.ee\/epood\/wp-json\/wp\/v2\/product\/18254","targetHints":{"allow":["GET"]}}],"collection":[{"href":"https:\/\/espak.ee\/epood\/wp-json\/wp\/v2\/product"}],"about":[{"href":"https:\/\/espak.ee\/epood\/wp-json\/wp\/v2\/types\/product"}],"replies":[{"embeddable":true,"href":"https:\/\/espak.ee\/epood\/wp-json\/wp\/v2\/comments?post=18254"}],"wp:featuredmedia":[{"embeddable":true,"href":"https:\/\/espak.ee\/epood\/wp-json\/wp\/v2\/media\/22083"}],"wp:attachment":[{"href":"https:\/\/espak.ee\/epood\/wp-json\/wp\/v2\/media?parent=18254"}],"wp:term":[{"taxonomy":"product_brand","embeddable":true,"href":"https:\/\/espak.ee\/epood\/wp-json\/wp\/v2\/product_brand?post=18254"},{"taxonomy":"product_cat","embeddable":true,"href":"https:\/\/espak.ee\/epood\/wp-json\/wp\/v2\/product_cat?post=18254"},{"taxonomy":"product_tag","embeddable":true,"href":"https:\/\/espak.ee\/epood\/wp-json\/wp\/v2\/product_tag?post=18254"}],"curies":[{"name":"wp","href":"https:\/\/api.w.org\/{rel}","templated":true}]}}