{"id":18252,"date":"2020-04-03T03:31:40","date_gmt":"2020-04-03T00:31:40","guid":{"rendered":"https:\/\/espak.ee\/hinnakiri\/?post_type=product&#038;p=18252"},"modified":"2026-03-12T14:07:51","modified_gmt":"2026-03-12T12:07:51","slug":"miniboiler-atlantic-16w-pc15-15l","status":"publish","type":"product","link":"https:\/\/espak.ee\/epood\/toode\/miniboiler-atlantic-16w-pc15-15l\/","title":{"rendered":"MINIBOILER ATLANTIC 1,6KW PC15 15L \u00dcLEMINE"},"content":{"rendered":"<div class=\"row\"  id=\"row-933399268\">\n\n\t<div id=\"col-1521585083\" class=\"col medium-9 small-12 large-9\"  >\n\t\t\t\t<div class=\"col-inner\"  >\n\t\t\t\n\t\t\t\n<h2>Miniboiler PC15<\/h2>\n<p>ATLANTIC boilerid PC vajavad esimest hooldust peale garantiiaja l\u00f5ppu, edasi s\u00f5ltuvalt vee kvaliteedist iga 1-2 aasta j\u00e4rel: magneesiumanoodi kontroll ja\/v\u00f5i vahetus; k\u00fcttekeha kontroll ja vajadusel katlakivist puhastamine.<br \/>\nMini soojaveeboilerid on m\u00f5eldud eelk\u00f5ige sooja vee toomiseks tarbimiskohale v\u00f5imalikult l\u00e4hedale (n\u00e4iteks kraanikauss k\u00f6\u00f6gis), v\u00e4ltimaks veekulu pikkades torustikes. Prantslased nimetavadki neid lisaboileriteks majapidamises \u2013 otstarbekam ja kokkuhoidlikum on paigaldada 100-150-200 liitrine tarbeveeboiler vannituppa ja 10-15-30 liitrine miniboiler k\u00f6\u00f6ki kraanikausi alla (v\u00f5i kohale) kui et igal n\u00f5udepesul lastakse k\u00f5igepealt pikk torustik vannitoast k\u00f6\u00f6gini k\u00fclmast veest t\u00fchjaks!<\/p>\n<div class=\"message-box relative\" style=\"padding-top:15px;padding-bottom:15px;\"><div class=\"message-box-bg-image bg-fill fill\" ><\/div><div class=\"message-box-bg-overlay bg-fill fill\" ><\/div><div class=\"container relative\"><div class=\"inner last-reset\">\n<div class=\"row align-middle align-center\"  id=\"row-107741920\">\n\n\t<div id=\"col-771489185\" class=\"col small-12 large-12\"  >\n\t\t\t\t<div class=\"col-inner text-left\"  >\n\t\t\t\n\t\t\t\n<h4>Omadused<\/h4>\n<div class=\"row\"  id=\"row-431694197\">\n\n\t<div id=\"col-136182148\" class=\"col medium-6 small-12 large-6\"  >\n\t\t\t\t<div class=\"col-inner\"  >\n\t\t\t\n\t\t\t\n<p><i class=\"fa fa-check fa-2x\"><\/i> <strong>Sukelk\u00fcttekeha<\/strong><\/p>\n<p><i class=\"fa fa-check fa-2x\"><\/i> <strong>Kapillaartermostaat<\/strong><\/p>\n\t\t<\/div>\n\t\t\t\t\n<style>\n#col-136182148 > .col-inner {\n  margin: 0px 0px 15px 0px;\n}\n<\/style>\n\t<\/div>\n\n\t\n\n\t<div id=\"col-401487021\" class=\"col medium-6 small-12 large-6\"  >\n\t\t\t\t<div class=\"col-inner\"  >\n\t\t\t\n\t\t\t\n<p><i class=\"fa fa-check fa-2x\"><\/i> <strong>Termoregulaatornupp v\u00e4lja toodud<\/strong><\/p>\n<p><i class=\"fa fa-check fa-2x\"><\/i> <strong>Korrosioonikaitseks magneesiumanood<\/strong><\/p>\n\t\t<\/div>\n\t\t\t\t\n<style>\n#col-401487021 > .col-inner {\n  margin: 0px 0px 15px 0px;\n}\n<\/style>\n\t<\/div>\n\n\t\n<\/div>\n\t\t<\/div>\n\t\t\t\t\t<\/div>\n\n\t\n<\/div>\n<\/div><\/div><\/div>\n\t<div id=\"gap-429918507\" class=\"gap-element clearfix\" style=\"display:block; height:auto;\">\n\t\t\n<style>\n#gap-429918507 {\n  padding-top: 30px;\n}\n<\/style>\n\t<\/div>\n\t\n\t\t<\/div>\n\t\t\t\t\t<\/div>\n\n\t\n\n\t<div id=\"col-2142185697\" class=\"col medium-3 small-12 large-3\"  >\n\t\t\t\t<div class=\"col-inner\"  >\n\t\t\t\n\t\t\t\n\t<div id=\"gap-824052111\" class=\"gap-element clearfix\" style=\"display:block; height:auto;\">\n\t\t\n<style>\n#gap-824052111 {\n  padding-top: 30px;\n}\n<\/style>\n\t<\/div>\n\t\n<h3>Kasutusjuhend<\/h3>\n<p><a href=\"https:\/\/espak.ee\/epood\/wp-content\/uploads\/Paigaldus-ja-kasutusjuhend-OPRO-PC-SLIM-STEATITE.pdf\" target=\"_blank\" rel=\"noopener noreferrer\"><i class=\"far fa-file-pdf\"><\/i> Kasutusjuhend (PDF)<\/a><\/p>\n<h3>Tehniline informatsioon<\/h3>\n<p><a href=\"https:\/\/espak.ee\/epood\/wp-content\/uploads\/Kataloog-PC.pdf\" target=\"_blank\" rel=\"noopener noreferrer\"><i class=\"far fa-file-pdf\"><\/i> Tehniline info (PDF)<\/a><\/p>\n<div class=\"is-divider divider clearfix\" ><\/div>\n<p><strong>\u00dcksikasjalikuma n\u00f5u saamiseks v\u00f5tke \u00fchendust:<br \/><\/strong>PLASTOR AS<br \/>Hoiu 7<br \/>76401<br \/>Laagri, Harju maakond<br \/>+372 6796756<\/p>\n<div class=\"is-divider divider clearfix\" ><\/div>\n\t\t<\/div>\n\t\t\t\t\t<\/div>\n\n\t\n<\/div>\n","protected":false},"excerpt":{"rendered":"","protected":false},"featured_media":22081,"comment_status":"closed","ping_status":"closed","template":"","meta":[],"product_brand":[],"product_cat":[3038,3037,2819,2820],"product_tag":[],"class_list":{"0":"post-18252","1":"product","2":"type-product","3":"status-publish","4":"has-post-thumbnail","6":"product_cat-boilerid","7":"product_cat-elektriboilerid","8":"product_cat-sanitaartehnika","9":"product_cat-sanitaartehnika-sanitaartehnika","10":"pa_kaubamark-plastor-as","12":"first","13":"instock","14":"sale","15":"taxable","16":"shipping-taxable","17":"purchasable","18":"product-type-simple"},"yoast_head":"<!-- This site is optimized with the Yoast SEO plugin v26.9 - https:\/\/yoast.com\/product\/yoast-seo-wordpress\/ -->\n<title>MINIBOILER ATLANTIC 1,6KW PC15 15L \u00dcLEMINE - Espak E-pood<\/title>\n<meta name=\"robots\" content=\"index, follow, max-snippet:-1, max-image-preview:large, max-video-preview:-1\" \/>\n<link rel=\"canonical\" href=\"https:\/\/espak.ee\/epood\/toode\/miniboiler-atlantic-16w-pc15-15l\/\" \/>\n<meta property=\"og:locale\" content=\"et_EE\" \/>\n<meta property=\"og:type\" content=\"article\" \/>\n<meta property=\"og:title\" content=\"MINIBOILER ATLANTIC 1,6KW PC15 15L \u00dcLEMINE - Espak E-pood\" \/>\n<meta property=\"og:url\" content=\"https:\/\/espak.ee\/epood\/toode\/miniboiler-atlantic-16w-pc15-15l\/\" \/>\n<meta property=\"og:site_name\" content=\"Espak E-pood\" \/>\n<meta property=\"article:modified_time\" content=\"2026-03-12T12:07:51+00:00\" \/>\n<meta property=\"og:image\" content=\"https:\/\/espak.ee\/epood\/wp-content\/uploads\/PC.jpg\" \/>\n\t<meta property=\"og:image:width\" content=\"1600\" \/>\n\t<meta property=\"og:image:height\" content=\"1600\" \/>\n\t<meta property=\"og:image:type\" content=\"image\/jpeg\" \/>\n<meta name=\"twitter:card\" content=\"summary_large_image\" \/>\n<meta name=\"twitter:label1\" content=\"Est. reading time\" \/>\n\t<meta name=\"twitter:data1\" content=\"1 minut\" \/>\n<script type=\"application\/ld+json\" class=\"yoast-schema-graph\">{\"@context\":\"https:\/\/schema.org\",\"@graph\":[{\"@type\":\"WebPage\",\"@id\":\"https:\/\/espak.ee\/epood\/toode\/miniboiler-atlantic-16w-pc15-15l\/\",\"url\":\"https:\/\/espak.ee\/epood\/toode\/miniboiler-atlantic-16w-pc15-15l\/\",\"name\":\"MINIBOILER ATLANTIC 1,6KW PC15 15L \u00dcLEMINE - Espak E-pood\",\"isPartOf\":{\"@id\":\"https:\/\/espak.ee\/epood\/#website\"},\"primaryImageOfPage\":{\"@id\":\"https:\/\/espak.ee\/epood\/toode\/miniboiler-atlantic-16w-pc15-15l\/#primaryimage\"},\"image\":{\"@id\":\"https:\/\/espak.ee\/epood\/toode\/miniboiler-atlantic-16w-pc15-15l\/#primaryimage\"},\"thumbnailUrl\":\"https:\/\/espak.ee\/epood\/wp-content\/uploads\/PC.jpg\",\"datePublished\":\"2020-04-03T00:31:40+00:00\",\"dateModified\":\"2026-03-12T12:07:51+00:00\",\"breadcrumb\":{\"@id\":\"https:\/\/espak.ee\/epood\/toode\/miniboiler-atlantic-16w-pc15-15l\/#breadcrumb\"},\"inLanguage\":\"et\",\"potentialAction\":[{\"@type\":\"ReadAction\",\"target\":[\"https:\/\/espak.ee\/epood\/toode\/miniboiler-atlantic-16w-pc15-15l\/\"]}]},{\"@type\":\"ImageObject\",\"inLanguage\":\"et\",\"@id\":\"https:\/\/espak.ee\/epood\/toode\/miniboiler-atlantic-16w-pc15-15l\/#primaryimage\",\"url\":\"https:\/\/espak.ee\/epood\/wp-content\/uploads\/PC.jpg\",\"contentUrl\":\"https:\/\/espak.ee\/epood\/wp-content\/uploads\/PC.jpg\",\"width\":1600,\"height\":1600},{\"@type\":\"BreadcrumbList\",\"@id\":\"https:\/\/espak.ee\/epood\/toode\/miniboiler-atlantic-16w-pc15-15l\/#breadcrumb\",\"itemListElement\":[{\"@type\":\"ListItem\",\"position\":1,\"name\":\"Home\",\"item\":\"https:\/\/espak.ee\/epood\/\"},{\"@type\":\"ListItem\",\"position\":2,\"name\":\"Tootevalik\",\"item\":\"https:\/\/espak.ee\/epood\/tootevalik\/\"},{\"@type\":\"ListItem\",\"position\":3,\"name\":\"MINIBOILER ATLANTIC 1,6KW PC15 15L \u00dcLEMINE\"}]},{\"@type\":\"WebSite\",\"@id\":\"https:\/\/espak.ee\/epood\/#website\",\"url\":\"https:\/\/espak.ee\/epood\/\",\"name\":\"Espak E-pood\",\"description\":\"\",\"potentialAction\":[{\"@type\":\"SearchAction\",\"target\":{\"@type\":\"EntryPoint\",\"urlTemplate\":\"https:\/\/espak.ee\/epood\/?s={search_term_string}\"},\"query-input\":{\"@type\":\"PropertyValueSpecification\",\"valueRequired\":true,\"valueName\":\"search_term_string\"}}],\"inLanguage\":\"et\"}]}<\/script>\n<!-- \/ Yoast SEO plugin. -->","yoast_head_json":{"title":"MINIBOILER ATLANTIC 1,6KW PC15 15L \u00dcLEMINE - Espak E-pood","robots":{"index":"index","follow":"follow","max-snippet":"max-snippet:-1","max-image-preview":"max-image-preview:large","max-video-preview":"max-video-preview:-1"},"canonical":"https:\/\/espak.ee\/epood\/toode\/miniboiler-atlantic-16w-pc15-15l\/","og_locale":"et_EE","og_type":"article","og_title":"MINIBOILER ATLANTIC 1,6KW PC15 15L \u00dcLEMINE - Espak E-pood","og_url":"https:\/\/espak.ee\/epood\/toode\/miniboiler-atlantic-16w-pc15-15l\/","og_site_name":"Espak E-pood","article_modified_time":"2026-03-12T12:07:51+00:00","og_image":[{"width":1600,"height":1600,"url":"https:\/\/espak.ee\/epood\/wp-content\/uploads\/PC.jpg","type":"image\/jpeg"}],"twitter_card":"summary_large_image","twitter_misc":{"Est. reading time":"1 minut"},"schema":{"@context":"https:\/\/schema.org","@graph":[{"@type":"WebPage","@id":"https:\/\/espak.ee\/epood\/toode\/miniboiler-atlantic-16w-pc15-15l\/","url":"https:\/\/espak.ee\/epood\/toode\/miniboiler-atlantic-16w-pc15-15l\/","name":"MINIBOILER ATLANTIC 1,6KW PC15 15L \u00dcLEMINE - Espak E-pood","isPartOf":{"@id":"https:\/\/espak.ee\/epood\/#website"},"primaryImageOfPage":{"@id":"https:\/\/espak.ee\/epood\/toode\/miniboiler-atlantic-16w-pc15-15l\/#primaryimage"},"image":{"@id":"https:\/\/espak.ee\/epood\/toode\/miniboiler-atlantic-16w-pc15-15l\/#primaryimage"},"thumbnailUrl":"https:\/\/espak.ee\/epood\/wp-content\/uploads\/PC.jpg","datePublished":"2020-04-03T00:31:40+00:00","dateModified":"2026-03-12T12:07:51+00:00","breadcrumb":{"@id":"https:\/\/espak.ee\/epood\/toode\/miniboiler-atlantic-16w-pc15-15l\/#breadcrumb"},"inLanguage":"et","potentialAction":[{"@type":"ReadAction","target":["https:\/\/espak.ee\/epood\/toode\/miniboiler-atlantic-16w-pc15-15l\/"]}]},{"@type":"ImageObject","inLanguage":"et","@id":"https:\/\/espak.ee\/epood\/toode\/miniboiler-atlantic-16w-pc15-15l\/#primaryimage","url":"https:\/\/espak.ee\/epood\/wp-content\/uploads\/PC.jpg","contentUrl":"https:\/\/espak.ee\/epood\/wp-content\/uploads\/PC.jpg","width":1600,"height":1600},{"@type":"BreadcrumbList","@id":"https:\/\/espak.ee\/epood\/toode\/miniboiler-atlantic-16w-pc15-15l\/#breadcrumb","itemListElement":[{"@type":"ListItem","position":1,"name":"Home","item":"https:\/\/espak.ee\/epood\/"},{"@type":"ListItem","position":2,"name":"Tootevalik","item":"https:\/\/espak.ee\/epood\/tootevalik\/"},{"@type":"ListItem","position":3,"name":"MINIBOILER ATLANTIC 1,6KW PC15 15L \u00dcLEMINE"}]},{"@type":"WebSite","@id":"https:\/\/espak.ee\/epood\/#website","url":"https:\/\/espak.ee\/epood\/","name":"Espak E-pood","description":"","potentialAction":[{"@type":"SearchAction","target":{"@type":"EntryPoint","urlTemplate":"https:\/\/espak.ee\/epood\/?s={search_term_string}"},"query-input":{"@type":"PropertyValueSpecification","valueRequired":true,"valueName":"search_term_string"}}],"inLanguage":"et"}]}},"_links":{"self":[{"href":"https:\/\/espak.ee\/epood\/wp-json\/wp\/v2\/product\/18252","targetHints":{"allow":["GET"]}}],"collection":[{"href":"https:\/\/espak.ee\/epood\/wp-json\/wp\/v2\/product"}],"about":[{"href":"https:\/\/espak.ee\/epood\/wp-json\/wp\/v2\/types\/product"}],"replies":[{"embeddable":true,"href":"https:\/\/espak.ee\/epood\/wp-json\/wp\/v2\/comments?post=18252"}],"wp:featuredmedia":[{"embeddable":true,"href":"https:\/\/espak.ee\/epood\/wp-json\/wp\/v2\/media\/22081"}],"wp:attachment":[{"href":"https:\/\/espak.ee\/epood\/wp-json\/wp\/v2\/media?parent=18252"}],"wp:term":[{"taxonomy":"product_brand","embeddable":true,"href":"https:\/\/espak.ee\/epood\/wp-json\/wp\/v2\/product_brand?post=18252"},{"taxonomy":"product_cat","embeddable":true,"href":"https:\/\/espak.ee\/epood\/wp-json\/wp\/v2\/product_cat?post=18252"},{"taxonomy":"product_tag","embeddable":true,"href":"https:\/\/espak.ee\/epood\/wp-json\/wp\/v2\/product_tag?post=18252"}],"curies":[{"name":"wp","href":"https:\/\/api.w.org\/{rel}","templated":true}]}}