{"id":18235,"date":"2020-04-03T03:31:31","date_gmt":"2020-04-03T00:31:31","guid":{"rendered":"https:\/\/espak.ee\/hinnakiri\/?post_type=product&#038;p=18235"},"modified":"2025-12-28T13:54:01","modified_gmt":"2025-12-28T11:54:01","slug":"kombinesoon-tyvek-classic-uhekordne-m","status":"publish","type":"product","link":"https:\/\/espak.ee\/epood\/toode\/kombinesoon-tyvek-classic-uhekordne-m\/","title":{"rendered":"KOMBINESOON TYVEK CLASSIC \u00dcHEKORDNE M"},"content":{"rendered":"<div class=\"row\"  id=\"row-1249303571\">\n\n\t<div id=\"col-564269502\" class=\"col medium-9 small-12 large-9\"  >\n\t\t\t\t<div class=\"col-inner\"  >\n\t\t\t\n\t\t\t\n<h2>Kaitse\u00fclikond Tyvek Classic Xpert M<\/h2>\n<p>DUPONT TYVEK CLASSIC XPERT kaitse\u00fclikond omab t\u00e4iustatud kaitse- ja mugavusomadusi: 6x suurem osakeste kaitse, patenteeritud \u00f5mbluse tehnoloogia, ergonoomilisem disain jm. K\u00f5rgekvaliteediline kaitse kombinesoon on antistaatiline ja veekindel. Kaitse\u00fclikonnal on k\u00f5rge kaelus, teibitud \u00f5mblused, tormiklapiga kaetud t\u00f5mblukk ja antistaatilised omadused. Liikumismugavust lisavad elastse kummiga kapuuts, k\u00e4ised, s\u00e4\u00e4reotsad ja keskkoht.<\/p>\n<p>Classic Xpert kaitse\u00fclikond vastab: kategooria III, t\u00fc\u00fcp 5\/6 ja 6-B: kaitse vedelate kemikaalide eest. EN 1073-2: kaitse radioaktiivsetest osakestest tingitud saastumise eest. EN 14126: kaitse nakkusohtlike ainetega kokkupuutel. EN 1149-5: elektrostaatilised omadused \u2013 pindtakistus. <\/p>\n<p>&#8211; Materjal: 100 % Tyvek<br \/>\n&#8211; Kategooria III, t\u00fc\u00fcp 5\/6 ja 6-B<br \/>\n&#8211; EN 1073-2<br \/>\n&#8211; EN 14126<br \/>\n&#8211; EN 1149-5<\/p>\n\t\t<\/div>\n\t\t\t\t\t<\/div>\n\n\t\n\n\t<div id=\"col-1414658815\" class=\"col medium-3 small-12 large-3\"  >\n\t\t\t\t<div class=\"col-inner\"  >\n\t\t\t\n\t\t\t\n\t<div id=\"gap-1995460854\" class=\"gap-element clearfix\" style=\"display:block; height:auto;\">\n\t\t\n<style>\n#gap-1995460854 {\n  padding-top: 30px;\n}\n<\/style>\n\t<\/div>\n\t\n<div class=\"is-divider divider clearfix\" ><\/div>\n<p><strong>\u00dcksikasjalikuma n\u00f5u saamiseks v\u00f5tke \u00fchendust:<br \/><\/strong>Becky AS<br \/>Laki 30A \/ Kadaka tee 129<br \/>12915<br \/>Tallinn<br \/>+372 670 6880<\/p>\n<div class=\"is-divider divider clearfix\" ><\/div>\n\t\t<\/div>\n\t\t\t\t\t<\/div>\n\n\t\n<\/div>\n","protected":false},"excerpt":{"rendered":"","protected":false},"featured_media":154214,"comment_status":"closed","ping_status":"closed","template":"","meta":[],"product_brand":[],"product_cat":[2788,2972,3023,4426],"product_tag":[],"class_list":{"0":"post-18235","1":"product","2":"type-product","3":"status-publish","4":"has-post-thumbnail","6":"product_cat-aiatarbed-ja-kodukaubad","7":"product_cat-tookaitsevahendid","8":"product_cat-tooroivad","9":"product_cat-uhekordsed-tooroivad","10":"pa_kaubamark-becky-as","12":"first","13":"instock","14":"sale","15":"taxable","16":"shipping-taxable","17":"purchasable","18":"product-type-simple"},"yoast_head":"<!-- This site is optimized with the Yoast SEO plugin v26.9 - https:\/\/yoast.com\/product\/yoast-seo-wordpress\/ -->\n<title>KOMBINESOON TYVEK CLASSIC \u00dcHEKORDNE M - Espak E-pood<\/title>\n<meta name=\"robots\" content=\"index, follow, max-snippet:-1, max-image-preview:large, max-video-preview:-1\" \/>\n<link rel=\"canonical\" href=\"https:\/\/espak.ee\/epood\/toode\/kombinesoon-tyvek-classic-uhekordne-m\/\" \/>\n<meta property=\"og:locale\" content=\"et_EE\" \/>\n<meta property=\"og:type\" content=\"article\" \/>\n<meta property=\"og:title\" content=\"KOMBINESOON TYVEK CLASSIC \u00dcHEKORDNE M - Espak E-pood\" \/>\n<meta property=\"og:url\" content=\"https:\/\/espak.ee\/epood\/toode\/kombinesoon-tyvek-classic-uhekordne-m\/\" \/>\n<meta property=\"og:site_name\" content=\"Espak E-pood\" \/>\n<meta property=\"article:modified_time\" content=\"2025-12-28T11:54:01+00:00\" \/>\n<meta property=\"og:image\" content=\"https:\/\/espak.ee\/epood\/wp-content\/uploads\/2023\/03\/tyvek-2.jpg\" \/>\n\t<meta property=\"og:image:width\" content=\"800\" \/>\n\t<meta property=\"og:image:height\" content=\"800\" \/>\n\t<meta property=\"og:image:type\" content=\"image\/jpeg\" \/>\n<meta name=\"twitter:card\" content=\"summary_large_image\" \/>\n<meta name=\"twitter:label1\" content=\"Est. reading time\" \/>\n\t<meta name=\"twitter:data1\" content=\"1 minut\" \/>\n<script type=\"application\/ld+json\" class=\"yoast-schema-graph\">{\"@context\":\"https:\/\/schema.org\",\"@graph\":[{\"@type\":\"WebPage\",\"@id\":\"https:\/\/espak.ee\/epood\/toode\/kombinesoon-tyvek-classic-uhekordne-m\/\",\"url\":\"https:\/\/espak.ee\/epood\/toode\/kombinesoon-tyvek-classic-uhekordne-m\/\",\"name\":\"KOMBINESOON TYVEK CLASSIC \u00dcHEKORDNE M - Espak E-pood\",\"isPartOf\":{\"@id\":\"https:\/\/espak.ee\/epood\/#website\"},\"primaryImageOfPage\":{\"@id\":\"https:\/\/espak.ee\/epood\/toode\/kombinesoon-tyvek-classic-uhekordne-m\/#primaryimage\"},\"image\":{\"@id\":\"https:\/\/espak.ee\/epood\/toode\/kombinesoon-tyvek-classic-uhekordne-m\/#primaryimage\"},\"thumbnailUrl\":\"https:\/\/espak.ee\/epood\/wp-content\/uploads\/2023\/03\/tyvek-2.jpg\",\"datePublished\":\"2020-04-03T00:31:31+00:00\",\"dateModified\":\"2025-12-28T11:54:01+00:00\",\"breadcrumb\":{\"@id\":\"https:\/\/espak.ee\/epood\/toode\/kombinesoon-tyvek-classic-uhekordne-m\/#breadcrumb\"},\"inLanguage\":\"et\",\"potentialAction\":[{\"@type\":\"ReadAction\",\"target\":[\"https:\/\/espak.ee\/epood\/toode\/kombinesoon-tyvek-classic-uhekordne-m\/\"]}]},{\"@type\":\"ImageObject\",\"inLanguage\":\"et\",\"@id\":\"https:\/\/espak.ee\/epood\/toode\/kombinesoon-tyvek-classic-uhekordne-m\/#primaryimage\",\"url\":\"https:\/\/espak.ee\/epood\/wp-content\/uploads\/2023\/03\/tyvek-2.jpg\",\"contentUrl\":\"https:\/\/espak.ee\/epood\/wp-content\/uploads\/2023\/03\/tyvek-2.jpg\",\"width\":800,\"height\":800},{\"@type\":\"BreadcrumbList\",\"@id\":\"https:\/\/espak.ee\/epood\/toode\/kombinesoon-tyvek-classic-uhekordne-m\/#breadcrumb\",\"itemListElement\":[{\"@type\":\"ListItem\",\"position\":1,\"name\":\"Home\",\"item\":\"https:\/\/espak.ee\/epood\/\"},{\"@type\":\"ListItem\",\"position\":2,\"name\":\"Tootevalik\",\"item\":\"https:\/\/espak.ee\/epood\/tootevalik\/\"},{\"@type\":\"ListItem\",\"position\":3,\"name\":\"KOMBINESOON TYVEK CLASSIC \u00dcHEKORDNE M\"}]},{\"@type\":\"WebSite\",\"@id\":\"https:\/\/espak.ee\/epood\/#website\",\"url\":\"https:\/\/espak.ee\/epood\/\",\"name\":\"Espak E-pood\",\"description\":\"\",\"potentialAction\":[{\"@type\":\"SearchAction\",\"target\":{\"@type\":\"EntryPoint\",\"urlTemplate\":\"https:\/\/espak.ee\/epood\/?s={search_term_string}\"},\"query-input\":{\"@type\":\"PropertyValueSpecification\",\"valueRequired\":true,\"valueName\":\"search_term_string\"}}],\"inLanguage\":\"et\"}]}<\/script>\n<!-- \/ Yoast SEO plugin. -->","yoast_head_json":{"title":"KOMBINESOON TYVEK CLASSIC \u00dcHEKORDNE M - Espak E-pood","robots":{"index":"index","follow":"follow","max-snippet":"max-snippet:-1","max-image-preview":"max-image-preview:large","max-video-preview":"max-video-preview:-1"},"canonical":"https:\/\/espak.ee\/epood\/toode\/kombinesoon-tyvek-classic-uhekordne-m\/","og_locale":"et_EE","og_type":"article","og_title":"KOMBINESOON TYVEK CLASSIC \u00dcHEKORDNE M - Espak E-pood","og_url":"https:\/\/espak.ee\/epood\/toode\/kombinesoon-tyvek-classic-uhekordne-m\/","og_site_name":"Espak E-pood","article_modified_time":"2025-12-28T11:54:01+00:00","og_image":[{"width":800,"height":800,"url":"https:\/\/espak.ee\/epood\/wp-content\/uploads\/2023\/03\/tyvek-2.jpg","type":"image\/jpeg"}],"twitter_card":"summary_large_image","twitter_misc":{"Est. reading time":"1 minut"},"schema":{"@context":"https:\/\/schema.org","@graph":[{"@type":"WebPage","@id":"https:\/\/espak.ee\/epood\/toode\/kombinesoon-tyvek-classic-uhekordne-m\/","url":"https:\/\/espak.ee\/epood\/toode\/kombinesoon-tyvek-classic-uhekordne-m\/","name":"KOMBINESOON TYVEK CLASSIC \u00dcHEKORDNE M - Espak E-pood","isPartOf":{"@id":"https:\/\/espak.ee\/epood\/#website"},"primaryImageOfPage":{"@id":"https:\/\/espak.ee\/epood\/toode\/kombinesoon-tyvek-classic-uhekordne-m\/#primaryimage"},"image":{"@id":"https:\/\/espak.ee\/epood\/toode\/kombinesoon-tyvek-classic-uhekordne-m\/#primaryimage"},"thumbnailUrl":"https:\/\/espak.ee\/epood\/wp-content\/uploads\/2023\/03\/tyvek-2.jpg","datePublished":"2020-04-03T00:31:31+00:00","dateModified":"2025-12-28T11:54:01+00:00","breadcrumb":{"@id":"https:\/\/espak.ee\/epood\/toode\/kombinesoon-tyvek-classic-uhekordne-m\/#breadcrumb"},"inLanguage":"et","potentialAction":[{"@type":"ReadAction","target":["https:\/\/espak.ee\/epood\/toode\/kombinesoon-tyvek-classic-uhekordne-m\/"]}]},{"@type":"ImageObject","inLanguage":"et","@id":"https:\/\/espak.ee\/epood\/toode\/kombinesoon-tyvek-classic-uhekordne-m\/#primaryimage","url":"https:\/\/espak.ee\/epood\/wp-content\/uploads\/2023\/03\/tyvek-2.jpg","contentUrl":"https:\/\/espak.ee\/epood\/wp-content\/uploads\/2023\/03\/tyvek-2.jpg","width":800,"height":800},{"@type":"BreadcrumbList","@id":"https:\/\/espak.ee\/epood\/toode\/kombinesoon-tyvek-classic-uhekordne-m\/#breadcrumb","itemListElement":[{"@type":"ListItem","position":1,"name":"Home","item":"https:\/\/espak.ee\/epood\/"},{"@type":"ListItem","position":2,"name":"Tootevalik","item":"https:\/\/espak.ee\/epood\/tootevalik\/"},{"@type":"ListItem","position":3,"name":"KOMBINESOON TYVEK CLASSIC \u00dcHEKORDNE M"}]},{"@type":"WebSite","@id":"https:\/\/espak.ee\/epood\/#website","url":"https:\/\/espak.ee\/epood\/","name":"Espak E-pood","description":"","potentialAction":[{"@type":"SearchAction","target":{"@type":"EntryPoint","urlTemplate":"https:\/\/espak.ee\/epood\/?s={search_term_string}"},"query-input":{"@type":"PropertyValueSpecification","valueRequired":true,"valueName":"search_term_string"}}],"inLanguage":"et"}]}},"_links":{"self":[{"href":"https:\/\/espak.ee\/epood\/wp-json\/wp\/v2\/product\/18235","targetHints":{"allow":["GET"]}}],"collection":[{"href":"https:\/\/espak.ee\/epood\/wp-json\/wp\/v2\/product"}],"about":[{"href":"https:\/\/espak.ee\/epood\/wp-json\/wp\/v2\/types\/product"}],"replies":[{"embeddable":true,"href":"https:\/\/espak.ee\/epood\/wp-json\/wp\/v2\/comments?post=18235"}],"wp:featuredmedia":[{"embeddable":true,"href":"https:\/\/espak.ee\/epood\/wp-json\/wp\/v2\/media\/154214"}],"wp:attachment":[{"href":"https:\/\/espak.ee\/epood\/wp-json\/wp\/v2\/media?parent=18235"}],"wp:term":[{"taxonomy":"product_brand","embeddable":true,"href":"https:\/\/espak.ee\/epood\/wp-json\/wp\/v2\/product_brand?post=18235"},{"taxonomy":"product_cat","embeddable":true,"href":"https:\/\/espak.ee\/epood\/wp-json\/wp\/v2\/product_cat?post=18235"},{"taxonomy":"product_tag","embeddable":true,"href":"https:\/\/espak.ee\/epood\/wp-json\/wp\/v2\/product_tag?post=18235"}],"curies":[{"name":"wp","href":"https:\/\/api.w.org\/{rel}","templated":true}]}}